{"id":2403,"date":"2021-07-10T15:44:21","date_gmt":"2021-07-10T07:44:21","guid":{"rendered":"https:\/\/www.bangzhiyou.com\/?post_type=product&#038;p=2403"},"modified":"2025-03-28T15:42:52","modified_gmt":"2025-03-28T07:42:52","slug":"bzy-aqx04","status":"publish","type":"product","link":"https:\/\/richarms.com\/de\/product\/bzy-aqx04","title":{"rendered":"Franz\u00f6sischer quadratischer magnetischer Druckknopf-Verschluss"},"content":{"rendered":"<h1>French Square Magnetic Snaps Fastener | Custom Design Available<\/h1>\n<h2 class=\"\" data-start=\"437\" data-end=\"482\">Franz\u00f6sischer quadratischer magnetischer Druckknopf-Verschluss<\/h2>\n<p class=\"\" data-start=\"483\" data-end=\"543\"><strong data-start=\"483\" data-end=\"543\">A Stylish Magnetic Closure for Modern Bags &amp; Accessories<\/strong><\/p>\n<p class=\"\" data-start=\"545\" data-end=\"965\">Looking for magnetic hardware that stands out from the ordinary? Our <strong data-start=\"614\" data-end=\"655\">Franz\u00f6sischer quadratischer magnetischer Druckknopf-Verschluss<\/strong> offers a chic, beveled-square exterior built on the durable core of our classic magnetic snap. Designed with functionality and aesthetics in mind, this snap fastener delivers the <strong data-start=\"835\" data-end=\"886\">pull strength of our basic round magnetic snaps<\/strong>, while offering an elevated, geometric look that enhances your product design.<\/p>\n<div id=\"attachment_7487\" style=\"width: 294px\" class=\"wp-caption alignnone\"><img decoding=\"async\" aria-describedby=\"caption-attachment-7487\" class=\"lazyload wp-image-7487\" src=\"https:\/\/richarms.com\/wp-content\/uploads\/2021\/07\/French-Square-Magnetic-Snaps.jpg\" data-orig-src=\"https:\/\/richarms.com\/wp-content\/uploads\/2021\/07\/French-Square-Magnetic-Snaps.jpg\" alt=\"French square magnetic snap fastener with beveled edge in nickel finish\" width=\"284\" height=\"277\" srcset=\"data:image\/svg+xml,%3Csvg%20xmlns%3D%27http%3A%2F%2Fwww.w3.org%2F2000%2Fsvg%27%20width%3D%27284%27%20height%3D%27277%27%20viewBox%3D%270%200%20284%20277%27%3E%3Crect%20width%3D%27284%27%20height%3D%27277%27%20fill-opacity%3D%220%22%2F%3E%3C%2Fsvg%3E\" data-srcset=\"https:\/\/richarms.com\/wp-content\/uploads\/2021\/07\/French-Square-Magnetic-Snaps-200x195.jpg 200w, https:\/\/richarms.com\/wp-content\/uploads\/2021\/07\/French-Square-Magnetic-Snaps-300x292.jpg 300w, https:\/\/richarms.com\/wp-content\/uploads\/2021\/07\/French-Square-Magnetic-Snaps-400x389.jpg 400w, https:\/\/richarms.com\/wp-content\/uploads\/2021\/07\/French-Square-Magnetic-Snaps-500x486.jpg 500w, https:\/\/richarms.com\/wp-content\/uploads\/2021\/07\/French-Square-Magnetic-Snaps-600x584.jpg 600w, https:\/\/richarms.com\/wp-content\/uploads\/2021\/07\/French-Square-Magnetic-Snaps-700x681.jpg 700w, https:\/\/richarms.com\/wp-content\/uploads\/2021\/07\/French-Square-Magnetic-Snaps.jpg 736w\" data-sizes=\"auto\" data-orig-sizes=\"(max-width: 284px) 100vw, 284px\" \/><p id=\"caption-attachment-7487\" class=\"wp-caption-text\">A sleek, beveled-edge French square magnetic snap in brushed nickel, ideal for modern leather accessories and bags.<\/p><\/div>\n<h3 class=\"\" data-start=\"972\" data-end=\"1000\"><strong data-start=\"978\" data-end=\"998\">Product Features<\/strong><\/h3>\n<ul>\n<li data-start=\"1052\" data-end=\"1101\"><strong>Code und Gr\u00f6\u00dfe:<\/strong><br \/>\n<table style=\"border-collapse: collapse; width: 491.43pt;\" border=\"0\" width=\"819\" cellspacing=\"0\" cellpadding=\"0\">\n<tbody>\n<tr style=\"height: 31.20pt;\">\n<td class=\"et2\" style=\"height: 31.20pt; width: 69.60pt;\" width=\"116\" height=\"52\">Code<\/td>\n<td class=\"et2\" style=\"width: 54.80pt;\" width=\"91\">Gr\u00f6\u00dfe<\/td>\n<td class=\"et2\" style=\"width: 78.60pt;\" width=\"131\">Weiblicher Schnapper TH<\/td>\n<td class=\"et2\" style=\"width: 78.60pt;\" width=\"131\">Magnet<br \/>\nDIA<\/td>\n<td class=\"et2\" style=\"width: 65.15pt;\" width=\"108\">Zinken<br \/>\nL<\/td>\n<td class=\"et2\" style=\"width: 144.85pt;\" width=\"241\">Bild<\/td>\n<\/tr>\n<tr style=\"height: 78.00pt;\">\n<td class=\"et2\" style=\"height: 78.00pt; width: 69.60pt;\" width=\"116\" height=\"130\">RC-SQ1845<\/td>\n<td class=\"et2\" style=\"width: 54.80pt;\" width=\"91\">18mm<\/td>\n<td class=\"et2\" style=\"width: 78.60pt;\" width=\"131\">4.5mm<\/td>\n<td class=\"et2\" style=\"width: 78.60pt;\" width=\"131\">17mm<\/td>\n<td class=\"et2\" style=\"width: 65.15pt;\" width=\"108\">9mm<\/td>\n<td class=\"et2\" style=\"width: 144.85pt;\" width=\"241\">\n<p><div id=\"attachment_7484\" style=\"width: 193px\" class=\"wp-caption alignnone\"><img decoding=\"async\" aria-describedby=\"caption-attachment-7484\" class=\"lazyload wp-image-7484\" src=\"https:\/\/richarms.com\/wp-content\/uploads\/2021\/07\/\u5927\u659c\u56db\u65b9-300x205.jpg\" data-orig-src=\"https:\/\/richarms.com\/wp-content\/uploads\/2021\/07\/\u5927\u659c\u56db\u65b9-300x205.jpg\" alt=\"Oversized beveled French square magnetic clasp with high gloss finish\" width=\"183\" height=\"125\" srcset=\"data:image\/svg+xml,%3Csvg%20xmlns%3D%27http%3A%2F%2Fwww.w3.org%2F2000%2Fsvg%27%20width%3D%27183%27%20height%3D%27125%27%20viewBox%3D%270%200%20183%20125%27%3E%3Crect%20width%3D%27183%27%20height%3D%27125%27%20fill-opacity%3D%220%22%2F%3E%3C%2Fsvg%3E\" data-srcset=\"https:\/\/richarms.com\/wp-content\/uploads\/2021\/07\/\u5927\u659c\u56db\u65b9-200x137.jpg 200w, https:\/\/richarms.com\/wp-content\/uploads\/2021\/07\/\u5927\u659c\u56db\u65b9-300x205.jpg 300w, https:\/\/richarms.com\/wp-content\/uploads\/2021\/07\/\u5927\u659c\u56db\u65b9-400x274.jpg 400w, https:\/\/richarms.com\/wp-content\/uploads\/2021\/07\/\u5927\u659c\u56db\u65b9.jpg 482w\" data-sizes=\"auto\" data-orig-sizes=\"(max-width: 183px) 100vw, 183px\" \/><p id=\"caption-attachment-7484\" class=\"wp-caption-text\">A close-up view of the large beveled square magnetic snap fastener, offering bold visual appeal and strong function.<\/p><\/div><\/td>\n<\/tr>\n<\/tbody>\n<\/table>\n<\/li>\n<li data-start=\"1052\" data-end=\"1101\">For thin option, shop here:\u00a0 <a href=\"https:\/\/richarms.com\/de\/produkt\/bzy-2018-m52\/\">Square Magnetic Snaps<\/a><\/li>\n<li data-start=\"1052\" data-end=\"1101\">Small order or sample order, <a href=\"https:\/\/www.richarmshardware.com\/products\/18x4mm-square-magnetic-snaps\">hier einkaufen<\/a><\/li>\n<\/ul>\n<p>&nbsp;<\/p>\n<ul>\n<li data-start=\"1104\" data-end=\"1156\"><strong data-start=\"1104\" data-end=\"1117\">Material:<\/strong>\n<p style=\"text-align: left;\">M\u00e4nnliche Kapsel: Stahl<br \/>\nWeibliche Kapsel:  Stahl, Messing, Edelstahl<\/p>\n<p><img decoding=\"async\" class=\"lazyload alignnone wp-image-7161\" src=\"https:\/\/richarms.com\/wp-content\/uploads\/2020\/03\/materials-e1626143269166.png\" data-orig-src=\"https:\/\/richarms.com\/wp-content\/uploads\/2020\/03\/materials-e1626143269166.png\" alt=\"\" width=\"446\" height=\"199\" srcset=\"data:image\/svg+xml,%3Csvg%20xmlns%3D%27http%3A%2F%2Fwww.w3.org%2F2000%2Fsvg%27%20width%3D%27446%27%20height%3D%27199%27%20viewBox%3D%270%200%20446%20199%27%3E%3Crect%20width%3D%27446%27%20height%3D%27199%27%20fill-opacity%3D%220%22%2F%3E%3C%2Fsvg%3E\" data-srcset=\"https:\/\/richarms.com\/wp-content\/uploads\/2020\/03\/materials-e1626143269166-200x89.png 200w, https:\/\/richarms.com\/wp-content\/uploads\/2020\/03\/materials-e1626143269166-300x134.png 300w, https:\/\/richarms.com\/wp-content\/uploads\/2020\/03\/materials-e1626143269166-400x178.png 400w, https:\/\/richarms.com\/wp-content\/uploads\/2020\/03\/materials-e1626143269166-500x223.png 500w, https:\/\/richarms.com\/wp-content\/uploads\/2020\/03\/materials-e1626143269166.png 511w\" data-sizes=\"auto\" data-orig-sizes=\"(max-width: 446px) 100vw, 446px\" \/><\/p>\n<p><strong><b>Strength Options :<br \/>\n<\/b><\/strong>Standard Magnet Power: Ferrite permanent magnet<br \/>\nStrong Magnet Power: Ferrite and Neodymium permanent magnet<\/p>\n<p><img decoding=\"async\" class=\"lazyload alignnone wp-image-7164\" src=\"https:\/\/richarms.com\/wp-content\/uploads\/2020\/03\/\u78c1\u529b\u5bf9\u6bd4\u56fe.png\" data-orig-src=\"https:\/\/richarms.com\/wp-content\/uploads\/2020\/03\/\u78c1\u529b\u5bf9\u6bd4\u56fe.png\" alt=\"\" width=\"454\" height=\"360\" srcset=\"data:image\/svg+xml,%3Csvg%20xmlns%3D%27http%3A%2F%2Fwww.w3.org%2F2000%2Fsvg%27%20width%3D%27454%27%20height%3D%27360%27%20viewBox%3D%270%200%20454%20360%27%3E%3Crect%20width%3D%27454%27%20height%3D%27360%27%20fill-opacity%3D%220%22%2F%3E%3C%2Fsvg%3E\" data-srcset=\"https:\/\/richarms.com\/wp-content\/uploads\/2020\/03\/\u78c1\u529b\u5bf9\u6bd4\u56fe-200x159.png 200w, https:\/\/richarms.com\/wp-content\/uploads\/2020\/03\/\u78c1\u529b\u5bf9\u6bd4\u56fe-300x238.png 300w, https:\/\/richarms.com\/wp-content\/uploads\/2020\/03\/\u78c1\u529b\u5bf9\u6bd4\u56fe-400x317.png 400w, https:\/\/richarms.com\/wp-content\/uploads\/2020\/03\/\u78c1\u529b\u5bf9\u6bd4\u56fe-500x397.png 500w, https:\/\/richarms.com\/wp-content\/uploads\/2020\/03\/\u78c1\u529b\u5bf9\u6bd4\u56fe-600x476.png 600w, https:\/\/richarms.com\/wp-content\/uploads\/2020\/03\/\u78c1\u529b\u5bf9\u6bd4\u56fe-700x555.png 700w, https:\/\/richarms.com\/wp-content\/uploads\/2020\/03\/\u78c1\u529b\u5bf9\u6bd4\u56fe-768x609.png 768w, https:\/\/richarms.com\/wp-content\/uploads\/2020\/03\/\u78c1\u529b\u5bf9\u6bd4\u56fe-800x635.png 800w, https:\/\/richarms.com\/wp-content\/uploads\/2020\/03\/\u78c1\u529b\u5bf9\u6bd4\u56fe-1024x813.png 1024w, https:\/\/richarms.com\/wp-content\/uploads\/2020\/03\/\u78c1\u529b\u5bf9\u6bd4\u56fe-1200x952.png 1200w, https:\/\/richarms.com\/wp-content\/uploads\/2020\/03\/\u78c1\u529b\u5bf9\u6bd4\u56fe-1536x1219.png 1536w, https:\/\/richarms.com\/wp-content\/uploads\/2020\/03\/\u78c1\u529b\u5bf9\u6bd4\u56fe.png 1661w\" data-sizes=\"auto\" data-orig-sizes=\"(max-width: 454px) 100vw, 454px\" \/><\/li>\n<li data-start=\"1159\" data-end=\"1236\"><strong data-start=\"1159\" data-end=\"1172\">Finishes:<\/strong> Nickel, antique brass, gold, black, rose gold, rainbow &amp; more<strong><b>Regul\u00e4re Farbe Aufgelistet <\/b><\/strong>\n<div id=\"attachment_5392\" style=\"width: 530px\" class=\"wp-caption alignnone\"><img decoding=\"async\" aria-describedby=\"caption-attachment-5392\" class=\"lazyload wp-image-5392\" src=\"https:\/\/richarms.com\/wp-content\/uploads\/2018\/07\/RICHARMS-COLOT-DIS.jpg\" data-orig-src=\"https:\/\/richarms.com\/wp-content\/uploads\/2018\/07\/RICHARMS-COLOT-DIS.jpg\" alt=\"Standard color palette for RICHARMS magnetic snaps, with customizable colors available beyond the listed options.\" width=\"520\" height=\"365\" srcset=\"data:image\/svg+xml,%3Csvg%20xmlns%3D%27http%3A%2F%2Fwww.w3.org%2F2000%2Fsvg%27%20width%3D%27520%27%20height%3D%27365%27%20viewBox%3D%270%200%20520%20365%27%3E%3Crect%20width%3D%27520%27%20height%3D%27365%27%20fill-opacity%3D%220%22%2F%3E%3C%2Fsvg%3E\" data-srcset=\"https:\/\/richarms.com\/wp-content\/uploads\/2018\/07\/RICHARMS-COLOT-DIS-200x140.jpg 200w, https:\/\/richarms.com\/wp-content\/uploads\/2018\/07\/RICHARMS-COLOT-DIS-300x211.jpg 300w, https:\/\/richarms.com\/wp-content\/uploads\/2018\/07\/RICHARMS-COLOT-DIS-400x281.jpg 400w, https:\/\/richarms.com\/wp-content\/uploads\/2018\/07\/RICHARMS-COLOT-DIS-500x351.jpg 500w, https:\/\/richarms.com\/wp-content\/uploads\/2018\/07\/RICHARMS-COLOT-DIS-600x421.jpg 600w, https:\/\/richarms.com\/wp-content\/uploads\/2018\/07\/RICHARMS-COLOT-DIS.jpg 651w\" data-sizes=\"auto\" data-orig-sizes=\"(max-width: 520px) 100vw, 520px\" \/><p id=\"caption-attachment-5392\" class=\"wp-caption-text\">Explore the standard color palette for RICHARMS magnetic snaps, with additional custom colors available upon request to suit your design needs.<\/p><\/div>\n<p><strong><b>Was ist der Unterschied zwischen h\u00e4ngender und rollender Qualit\u00e4t?<\/b><\/strong><\/p>\n<p><div id=\"attachment_7165\" style=\"width: 223px\" class=\"wp-caption alignnone\"><img decoding=\"async\" aria-describedby=\"caption-attachment-7165\" class=\"lazyload wp-image-7165 size-medium\" src=\"https:\/\/richarms.com\/wp-content\/uploads\/2020\/03\/\u56fe\u72471-213x300.jpg\" data-orig-src=\"https:\/\/richarms.com\/wp-content\/uploads\/2020\/03\/\u56fe\u72471-213x300.jpg\" alt=\"Comparison of hanging electroplating and rolling electroplating colors for RICHARMS magnetic snaps, with additional customizable colors available.\" width=\"213\" height=\"300\" srcset=\"data:image\/svg+xml,%3Csvg%20xmlns%3D%27http%3A%2F%2Fwww.w3.org%2F2000%2Fsvg%27%20width%3D%27213%27%20height%3D%27300%27%20viewBox%3D%270%200%20213%20300%27%3E%3Crect%20width%3D%27213%27%20height%3D%27300%27%20fill-opacity%3D%220%22%2F%3E%3C%2Fsvg%3E\" data-srcset=\"https:\/\/richarms.com\/wp-content\/uploads\/2020\/03\/\u56fe\u72471-200x281.jpg 200w, https:\/\/richarms.com\/wp-content\/uploads\/2020\/03\/\u56fe\u72471-213x300.jpg 213w, https:\/\/richarms.com\/wp-content\/uploads\/2020\/03\/\u56fe\u72471.jpg 349w\" data-sizes=\"auto\" data-orig-sizes=\"(max-width: 213px) 100vw, 213px\" \/><p id=\"caption-attachment-7165\" class=\"wp-caption-text\">Side-by-side comparison of hanging electroplating and rolling electroplating finishes for RICHARMS magnetic snaps, offering different color effects. Custom colors are available upon request.<\/p><\/div><\/li>\n<li data-start=\"1239\" data-end=\"1327\"><strong data-start=\"1239\" data-end=\"1256\">Installation:<\/strong><br data-start=\"1256\" data-end=\"1259\" \/>Cut two small holes in the fabric \u2192 insert prongs \u2192 bend to fix.\n<ul>\n<li data-start=\"1332\" data-end=\"1372\"><em data-start=\"1332\" data-end=\"1342\">DIY tip:<\/em> Use scissors or seam ripper<\/li>\n<li data-start=\"1332\" data-end=\"1372\"><em data-start=\"1377\" data-end=\"1391\">Factory tip:<\/em> Use our <a target=\"_new\" rel=\"noopener\" data-start=\"1400\" data-end=\"1459\">hole-punching &amp; prong tools<\/a> for fast production<\/li>\n<\/ul>\n<\/li>\n<li data-start=\"1484\" data-end=\"1512\"><strong data-start=\"1484\" data-end=\"1510\">Anpassungsoptionen:<\/strong>\n<ul>\n<li data-start=\"1517\" data-end=\"1539\">Laser logo engravingFemale snap: Plain, Pattern, Logo\n<p><img decoding=\"async\" class=\"lazyload alignnone wp-image-7166\" src=\"data:image\/svg+xml,%3Csvg%20xmlns%3D%27http%3A%2F%2Fwww.w3.org%2F2000%2Fsvg%27%20width%3D%27288%27%20height%3D%27135%27%20viewBox%3D%270%200%20288%20135%27%3E%3Crect%20width%3D%27288%27%20height%3D%27135%27%20fill-opacity%3D%220%22%2F%3E%3C%2Fsvg%3E\" data-orig-src=\"https:\/\/richarms.com\/wp-content\/uploads\/2020\/03\/\u56fe\u72473.jpg\" alt=\"\" width=\"288\" height=\"135\" \/><\/p>\n<p>M\u00e4nnlicher Schnapper: Einfarbig, Wortlaut, Logo<\/p>\n<p><img decoding=\"async\" class=\"lazyload alignnone wp-image-7180\" src=\"https:\/\/richarms.com\/wp-content\/uploads\/2020\/03\/\u56fe\u72474.jpg\" data-orig-src=\"https:\/\/richarms.com\/wp-content\/uploads\/2020\/03\/\u56fe\u72474.jpg\" alt=\"\" width=\"301\" height=\"121\" srcset=\"data:image\/svg+xml,%3Csvg%20xmlns%3D%27http%3A%2F%2Fwww.w3.org%2F2000%2Fsvg%27%20width%3D%27301%27%20height%3D%27121%27%20viewBox%3D%270%200%20301%20121%27%3E%3Crect%20width%3D%27301%27%20height%3D%27121%27%20fill-opacity%3D%220%22%2F%3E%3C%2Fsvg%3E\" data-srcset=\"https:\/\/richarms.com\/wp-content\/uploads\/2020\/03\/\u56fe\u72474-200x80.jpg 200w, https:\/\/richarms.com\/wp-content\/uploads\/2020\/03\/\u56fe\u72474-300x120.jpg 300w, https:\/\/richarms.com\/wp-content\/uploads\/2020\/03\/\u56fe\u72474-400x160.jpg 400w, https:\/\/richarms.com\/wp-content\/uploads\/2020\/03\/\u56fe\u72474-500x200.jpg 500w, https:\/\/richarms.com\/wp-content\/uploads\/2020\/03\/\u56fe\u72474-600x241.jpg 600w, https:\/\/richarms.com\/wp-content\/uploads\/2020\/03\/\u56fe\u72474.jpg 651w\" data-sizes=\"auto\" data-orig-sizes=\"(max-width: 301px) 100vw, 301px\" \/><\/li>\n<li data-start=\"1544\" data-end=\"1606\">Custom faceplate (leather-wrapped \/ resin \/ fabric \/ shaped)<\/li>\n<li data-start=\"1611\" data-end=\"1662\">Packaging (opp bag, gift box, or custom branding)<\/li>\n<li data-start=\"1667\" data-end=\"1695\">Einstellbare Magnetst\u00e4rke<\/li>\n<\/ul>\n<\/li>\n<\/ul>\n<p><strong>Packen Sie<\/strong><strong>\uff1a<br \/>\n<\/strong>All diese k\u00f6nnen mit Beinen, Stielen oder Nieten versehen werden.<br \/>\n1 Satz = 1 Stecker, 1 Buchse, 2 Unterlegscheiben<br \/>\n18 mm: 100 Sets\/Karton, 20 Kartons\/Karton<\/p>\n<p><strong><b>Anmeldung<\/b><\/strong><\/p>\n<div id=\"attachment_7160\" style=\"width: 498px\" class=\"wp-caption alignnone\"><img decoding=\"async\" aria-describedby=\"caption-attachment-7160\" class=\"lazyload wp-image-7160\" src=\"https:\/\/richarms.com\/wp-content\/uploads\/2020\/03\/application.png\" data-orig-src=\"https:\/\/richarms.com\/wp-content\/uploads\/2020\/03\/application.png\" alt=\"RICHARMS magnetic snaps used in various applications, including stationery, bags, and gift packaging, with other applications such as medical devices available upon request.\" width=\"488\" height=\"456\" srcset=\"data:image\/svg+xml,%3Csvg%20xmlns%3D%27http%3A%2F%2Fwww.w3.org%2F2000%2Fsvg%27%20width%3D%27488%27%20height%3D%27456%27%20viewBox%3D%270%200%20488%20456%27%3E%3Crect%20width%3D%27488%27%20height%3D%27456%27%20fill-opacity%3D%220%22%2F%3E%3C%2Fsvg%3E\" data-srcset=\"https:\/\/richarms.com\/wp-content\/uploads\/2020\/03\/application-200x187.png 200w, https:\/\/richarms.com\/wp-content\/uploads\/2020\/03\/application-300x280.png 300w, https:\/\/richarms.com\/wp-content\/uploads\/2020\/03\/application-400x374.png 400w, https:\/\/richarms.com\/wp-content\/uploads\/2020\/03\/application-500x467.png 500w, https:\/\/richarms.com\/wp-content\/uploads\/2020\/03\/application.png 598w\" data-sizes=\"auto\" data-orig-sizes=\"(max-width: 488px) 100vw, 488px\" \/><p id=\"caption-attachment-7160\" class=\"wp-caption-text\">Die magnetischen Druckkn\u00f6pfe von RICHARMS werden f\u00fcr Schreibwaren, Taschen und Geschenkverpackungen verwendet, wobei f\u00fcr Branchen wie die Medizintechnik weitere Anpassungsm\u00f6glichkeiten bestehen.<\/p><\/div>","protected":false},"excerpt":{"rendered":"<p>Type: French Square Magnetic Snaps Fastener<br \/>\nMaterial: Copper, Steel,\u00a0 magnet<br \/>\nModel Number: RC-SQ1845<br \/>\nKundenspezifisches Logo verf\u00fcgbar: Laser, ausgeh\u00f6hlt, Werkzeugbau<br \/>\nSize:\u00a0 18mm<br \/>\nFarbe: Gold \/ Nickel \/ Gun \/ Rose Gold \/ Brush Ant \/ Andere<br \/>\nPacking: 100 sets\/box<br \/>\nVersand: LCL \/ DHL \/ FedEx \/ TNT \/ Andere<\/p>","protected":false},"featured_media":6420,"template":"","meta":[],"product_brand":[],"product_cat":[15],"product_tag":[],"class_list":{"0":"post-2403","1":"product","2":"type-product","3":"status-publish","4":"has-post-thumbnail","6":"product_cat-magnetic-snaps","8":"first","9":"instock","10":"shipping-taxable","11":"product-type-simple"},"aioseo_notices":[],"_links":{"self":[{"href":"https:\/\/richarms.com\/de\/wp-json\/wp\/v2\/product\/2403","targetHints":{"allow":["GET"]}}],"collection":[{"href":"https:\/\/richarms.com\/de\/wp-json\/wp\/v2\/product"}],"about":[{"href":"https:\/\/richarms.com\/de\/wp-json\/wp\/v2\/types\/product"}],"wp:featuredmedia":[{"embeddable":true,"href":"https:\/\/richarms.com\/de\/wp-json\/wp\/v2\/media\/6420"}],"wp:attachment":[{"href":"https:\/\/richarms.com\/de\/wp-json\/wp\/v2\/media?parent=2403"}],"wp:term":[{"taxonomy":"product_brand","embeddable":true,"href":"https:\/\/richarms.com\/de\/wp-json\/wp\/v2\/product_brand?post=2403"},{"taxonomy":"product_cat","embeddable":true,"href":"https:\/\/richarms.com\/de\/wp-json\/wp\/v2\/product_cat?post=2403"},{"taxonomy":"product_tag","embeddable":true,"href":"https:\/\/richarms.com\/de\/wp-json\/wp\/v2\/product_tag?post=2403"}],"curies":[{"name":"wp","href":"https:\/\/api.w.org\/{rel}","templated":true}]}}