{"id":2427,"date":"2021-07-10T15:50:09","date_gmt":"2021-07-10T07:50:09","guid":{"rendered":"https:\/\/www.bangzhiyou.com\/?post_type=product&#038;p=2427"},"modified":"2025-03-28T14:40:30","modified_gmt":"2025-03-28T06:40:30","slug":"bzy-aqx01","status":"publish","type":"product","link":"https:\/\/richarms.com\/de\/product\/bzy-aqx01","title":{"rendered":"Abgeschr\u00e4gte magnetische Druckkn\u00f6pfe"},"content":{"rendered":"<h1>14mm 16mm 18mm 20mm Abgeschr\u00e4gte\/Scheibe Magnetische Druckkn\u00f6pfe f\u00fcr die Taschenherstellung<\/h1>\n<h2 data-pm-slice=\"1 1 []\">Innovatives, abgeschr\u00e4gtes Design mit schlankem Erscheinungsbild<\/h2>\n<p>Unsere abgeschr\u00e4gten magnetischen Druckkn\u00f6pfe bieten eine ausgekl\u00fcgelte Verschlussl\u00f6sung mit ihren einzigartig abgeschr\u00e4gten Kanten, die ein noch d\u00fcnneres Profil im Vergleich zu herk\u00f6mmlichen <a href=\"https:\/\/richarms.com\/de\/produkt\/bzy-2018-m49\/\">extrad\u00fcnne magnetische Druckkn\u00f6pfe<\/a>. Ihr abgewinkeltes Design reduziert zwar die sichtbare Dicke, begrenzt aber die Gr\u00f6\u00dfe des Innenmagneten, wodurch die Schnappkraft leichter und dennoch perfekt f\u00fcr empfindliche Anwendungen ist.<\/p>\n<p>Dieses Design ist besonders geeignet f\u00fcr:<\/p>\n<ul>\n<li>Kleine Modetaschen<\/li>\n<li>Brillenetuis<\/li>\n<li>Schmink- und Toilettenartikelbeutel<\/li>\n<li>Kompakte Business-Notizb\u00fccher<\/li>\n<li>Hochwertige Verpackung<\/li>\n<\/ul>\n<p>Diese abgeschr\u00e4gten Druckkn\u00f6pfe werten nicht nur den \u00e4sthetischen Wert Ihres Produkts auf, sondern bieten auch ein sicheres und bequemes \u00d6ffnungserlebnis. Ihr dezentes, aber stilvolles Aussehen erg\u00e4nzt hochwertige Lederwaren und Accessoires.<\/p>\n<div id=\"attachment_7431\" style=\"width: 310px\" class=\"wp-caption alignnone\"><img decoding=\"async\" aria-describedby=\"caption-attachment-7431\" class=\"lazyload wp-image-7431 size-medium\" src=\"https:\/\/richarms.com\/wp-content\/uploads\/2021\/07\/IMG_3153-300x231.jpg\" data-orig-src=\"https:\/\/richarms.com\/wp-content\/uploads\/2021\/07\/IMG_3153-300x231.jpg\" alt=\"Beveled Magnetic Snaps used in leather sunglasses case for secure closure\" width=\"300\" height=\"231\" srcset=\"data:image\/svg+xml,%3Csvg%20xmlns%3D%27http%3A%2F%2Fwww.w3.org%2F2000%2Fsvg%27%20width%3D%27300%27%20height%3D%27231%27%20viewBox%3D%270%200%20300%20231%27%3E%3Crect%20width%3D%27300%27%20height%3D%27231%27%20fill-opacity%3D%220%22%2F%3E%3C%2Fsvg%3E\" data-srcset=\"https:\/\/richarms.com\/wp-content\/uploads\/2021\/07\/IMG_3153-200x154.jpg 200w, https:\/\/richarms.com\/wp-content\/uploads\/2021\/07\/IMG_3153-300x231.jpg 300w, https:\/\/richarms.com\/wp-content\/uploads\/2021\/07\/IMG_3153-400x307.jpg 400w, https:\/\/richarms.com\/wp-content\/uploads\/2021\/07\/IMG_3153-500x384.jpg 500w, https:\/\/richarms.com\/wp-content\/uploads\/2021\/07\/IMG_3153-600x461.jpg 600w, https:\/\/richarms.com\/wp-content\/uploads\/2021\/07\/IMG_3153-700x538.jpg 700w, https:\/\/richarms.com\/wp-content\/uploads\/2021\/07\/IMG_3153.jpg 760w\" data-sizes=\"auto\" data-orig-sizes=\"(max-width: 300px) 100vw, 300px\" \/><p id=\"caption-attachment-7431\" class=\"wp-caption-text\">Schlanke, abgeschr\u00e4gte magnetische Druckkn\u00f6pfe, die nahtlos in ein handgefertigtes Sonnenbrillenetui integriert sind und f\u00fcr einen stilvollen und funktionellen Verschluss sorgen.<\/p><\/div>\n<h2 data-pm-slice=\"1 1 []\">Passen Sie Ihre abgeschr\u00e4gten magnetischen Druckkn\u00f6pfe an<\/h2>\n<p>Richarms bietet umfassende Anpassungsm\u00f6glichkeiten an Ihre spezifischen Anforderungen:<\/p>\n<ul>\n<li>Magnetische St\u00e4rke: Passen Sie die Magnetst\u00e4rke an die Anforderungen Ihres Verschlusses an.<\/li>\n<li>Farbausf\u00fchrungen: Erh\u00e4ltlich in verschiedenen Ausf\u00fchrungen, darunter Nickel, antikes Messing, mattes Schwarz, Gold und kundenspezifische Farbbeschichtungen.<img decoding=\"async\" class=\"lazyload alignnone size-full wp-image-5392\" src=\"https:\/\/richarms.com\/wp-content\/uploads\/2018\/07\/RICHARMS-COLOT-DIS.jpg\" data-orig-src=\"https:\/\/richarms.com\/wp-content\/uploads\/2018\/07\/RICHARMS-COLOT-DIS.jpg\" alt=\"\" width=\"651\" height=\"457\" srcset=\"data:image\/svg+xml,%3Csvg%20xmlns%3D%27http%3A%2F%2Fwww.w3.org%2F2000%2Fsvg%27%20width%3D%27651%27%20height%3D%27457%27%20viewBox%3D%270%200%20651%20457%27%3E%3Crect%20width%3D%27651%27%20height%3D%27457%27%20fill-opacity%3D%220%22%2F%3E%3C%2Fsvg%3E\" data-srcset=\"https:\/\/richarms.com\/wp-content\/uploads\/2018\/07\/RICHARMS-COLOT-DIS-200x140.jpg 200w, https:\/\/richarms.com\/wp-content\/uploads\/2018\/07\/RICHARMS-COLOT-DIS-300x211.jpg 300w, https:\/\/richarms.com\/wp-content\/uploads\/2018\/07\/RICHARMS-COLOT-DIS-400x281.jpg 400w, https:\/\/richarms.com\/wp-content\/uploads\/2018\/07\/RICHARMS-COLOT-DIS-500x351.jpg 500w, https:\/\/richarms.com\/wp-content\/uploads\/2018\/07\/RICHARMS-COLOT-DIS-600x421.jpg 600w, https:\/\/richarms.com\/wp-content\/uploads\/2018\/07\/RICHARMS-COLOT-DIS.jpg 651w\" data-sizes=\"auto\" data-orig-sizes=\"(max-width: 651px) 100vw, 651px\" \/>\n<p>E-Mail f\u00fcr weitere Farbbilder, wie Spray Black, Rainbow, Pearl Nkl, Pearl Gold, Brush Nkl, Brush Gold, .etc<\/p>\n<p><strong><b>Was ist der Unterschied zwischen h\u00e4ngender und rollender Qualit\u00e4t?<\/b><\/strong><\/p>\n<p><img decoding=\"async\" class=\"lazyload alignnone wp-image-7165\" src=\"https:\/\/richarms.com\/wp-content\/uploads\/2020\/03\/\u56fe\u72471.jpg\" data-orig-src=\"https:\/\/richarms.com\/wp-content\/uploads\/2020\/03\/\u56fe\u72471.jpg\" alt=\"\" width=\"176\" height=\"248\" srcset=\"data:image\/svg+xml,%3Csvg%20xmlns%3D%27http%3A%2F%2Fwww.w3.org%2F2000%2Fsvg%27%20width%3D%27176%27%20height%3D%27248%27%20viewBox%3D%270%200%20176%20248%27%3E%3Crect%20width%3D%27176%27%20height%3D%27248%27%20fill-opacity%3D%220%22%2F%3E%3C%2Fsvg%3E\" data-srcset=\"https:\/\/richarms.com\/wp-content\/uploads\/2020\/03\/\u56fe\u72471-200x281.jpg 200w, https:\/\/richarms.com\/wp-content\/uploads\/2020\/03\/\u56fe\u72471-213x300.jpg 213w, https:\/\/richarms.com\/wp-content\/uploads\/2020\/03\/\u56fe\u72471.jpg 349w\" data-sizes=\"auto\" data-orig-sizes=\"(max-width: 176px) 100vw, 176px\" \/><\/p>\n<p>Weiblicher Schnappverschluss: Einfarbig, gemustert, Logo<strong><b><br \/>\n<\/b><\/strong><img decoding=\"async\" class=\"lazyload alignnone wp-image-7166\" src=\"data:image\/svg+xml,%3Csvg%20xmlns%3D%27http%3A%2F%2Fwww.w3.org%2F2000%2Fsvg%27%20width%3D%27288%27%20height%3D%27135%27%20viewBox%3D%270%200%20288%20135%27%3E%3Crect%20width%3D%27288%27%20height%3D%27135%27%20fill-opacity%3D%220%22%2F%3E%3C%2Fsvg%3E\" data-orig-src=\"https:\/\/richarms.com\/wp-content\/uploads\/2020\/03\/\u56fe\u72473.jpg\" alt=\"\" width=\"288\" height=\"135\" \/><\/p>\n<p>M\u00e4nnlicher Schnapper: Einfarbig, Wortlaut, Logo<strong><b><br \/>\n<\/b><\/strong><img decoding=\"async\" class=\"lazyload alignnone wp-image-7180\" src=\"https:\/\/richarms.com\/wp-content\/uploads\/2020\/03\/\u56fe\u72474.jpg\" data-orig-src=\"https:\/\/richarms.com\/wp-content\/uploads\/2020\/03\/\u56fe\u72474.jpg\" alt=\"\" width=\"306\" height=\"123\" srcset=\"data:image\/svg+xml,%3Csvg%20xmlns%3D%27http%3A%2F%2Fwww.w3.org%2F2000%2Fsvg%27%20width%3D%27306%27%20height%3D%27123%27%20viewBox%3D%270%200%20306%20123%27%3E%3Crect%20width%3D%27306%27%20height%3D%27123%27%20fill-opacity%3D%220%22%2F%3E%3C%2Fsvg%3E\" data-srcset=\"https:\/\/richarms.com\/wp-content\/uploads\/2020\/03\/\u56fe\u72474-200x80.jpg 200w, https:\/\/richarms.com\/wp-content\/uploads\/2020\/03\/\u56fe\u72474-300x120.jpg 300w, https:\/\/richarms.com\/wp-content\/uploads\/2020\/03\/\u56fe\u72474-400x160.jpg 400w, https:\/\/richarms.com\/wp-content\/uploads\/2020\/03\/\u56fe\u72474-500x200.jpg 500w, https:\/\/richarms.com\/wp-content\/uploads\/2020\/03\/\u56fe\u72474-600x241.jpg 600w, https:\/\/richarms.com\/wp-content\/uploads\/2020\/03\/\u56fe\u72474.jpg 651w\" data-sizes=\"auto\" data-orig-sizes=\"(max-width: 306px) 100vw, 306px\" \/><\/li>\n<li>Verpackung: Passen Sie die Verpackungsoptionen f\u00fcr eine einzelhandelsgerechte Pr\u00e4sentation oder eine rationelle Produktion an.<\/li>\n<\/ul>\n<p>Ganz gleich, ob Ihre Marke eine unverwechselbare Logogravur oder einzigartige Oberfl\u00e4chenstrukturen ben\u00f6tigt, unsere Spezialisten arbeiten eng mit Ihnen zusammen, um ma\u00dfgeschneiderte Beschlagsl\u00f6sungen zu entwickeln.<\/p>\n<p><strong>Code und Gr\u00f6\u00dfe :<br \/>\n<\/strong><\/p>\n<table style=\"border-collapse: collapse; width: 753px; height: 219px;\" border=\"0\" width=\"943\" cellspacing=\"0\" cellpadding=\"0\">\n<tbody>\n<tr style=\"height: 35.00pt;\">\n<td class=\"et2\" style=\"height: 35.00pt; width: 69.60pt;\" width=\"116\" height=\"58\">Code<\/td>\n<td class=\"et2\" style=\"width: 69.60pt;\" width=\"116\">Gr\u00f6\u00dfe<\/td>\n<td class=\"et2\" style=\"width: 78.60pt;\" width=\"131\">Weiblicher Schnapper<br \/>\nTH<\/td>\n<td class=\"et2\" style=\"width: 90.00pt;\" width=\"150\">M\u00e4nnlicher Schnapper<br \/>\nDIA<\/td>\n<td class=\"et2\" style=\"width: 52.80pt;\" width=\"88\">Zinken<br \/>\nL<\/td>\n<td class=\"et2\" style=\"width: 205.20pt;\" width=\"342\">Beschreibung<\/td>\n<\/tr>\n<tr style=\"height: 62.40pt;\">\n<td class=\"et2\" style=\"height: 62.40pt; width: 69.60pt;\" width=\"116\" height=\"104\">RC-BV1420<\/td>\n<td class=\"et2\" style=\"width: 69.60pt;\" width=\"116\">14mm<\/td>\n<td class=\"et2\" style=\"width: 78.60pt;\" width=\"131\">2mm<\/td>\n<td class=\"et2\" style=\"width: 90.00pt;\" width=\"150\">12mm oder 14mm<\/td>\n<td class=\"et2\" style=\"width: 52.80pt;\" width=\"88\">7,6 mm<\/td>\n<td class=\"et2\" style=\"width: 205.20pt;\" width=\"342\">F\u00fcr leichte Verschl\u00fcsse wie Taschen und Klappen.<br \/>\nEs k\u00f6nnen Stecknadeln in jeder Gr\u00f6\u00dfe verwendet werden - die g\u00e4ngigste ist 12 mm.<\/td>\n<\/tr>\n<tr style=\"height: 15.60pt;\">\n<td class=\"et2\" style=\"height: 15.60pt; width: 69.60pt;\" width=\"116\" height=\"26\">RC-BV1620<\/td>\n<td class=\"et2\" style=\"width: 69.60pt;\" width=\"116\">16mm<\/td>\n<td class=\"et2\" style=\"width: 78.60pt;\" width=\"131\">2mm<\/td>\n<td class=\"et2\" style=\"width: 90.00pt;\" width=\"150\">14mm oder 18mm<\/td>\n<td class=\"et2\" style=\"width: 52.80pt;\" width=\"88\">9mm<\/td>\n<td class=\"et3\" style=\"width: 205.20pt;\" rowspan=\"3\" width=\"342\">Stark f\u00fcr jede Anwendung.<br \/>\nEs k\u00f6nnen Stecknadeln in jeder Gr\u00f6\u00dfe verwendet werden - die g\u00e4ngigste ist 14 mm.<\/td>\n<\/tr>\n<tr style=\"height: 15.60pt;\">\n<td class=\"et2\" style=\"height: 15.60pt; width: 69.60pt;\" width=\"116\" height=\"26\">RC-BV1820<\/td>\n<td class=\"et2\" style=\"width: 69.60pt;\" width=\"116\">18mm<\/td>\n<td class=\"et2\" style=\"width: 78.60pt;\" width=\"131\">2mm<\/td>\n<td class=\"et2\" style=\"width: 90.00pt;\" width=\"150\">14mm oder 18mm<\/td>\n<td class=\"et2\" style=\"width: 52.80pt;\" width=\"88\">9mm<\/td>\n<\/tr>\n<tr style=\"height: 15.60pt;\">\n<td class=\"et2\" style=\"height: 15.60pt; width: 69.60pt;\" width=\"116\" height=\"26\">RC-BV2020<\/td>\n<td class=\"et2\" style=\"width: 69.60pt;\" width=\"116\">20mm<\/td>\n<td class=\"et2\" style=\"width: 78.60pt;\" width=\"131\">2mm<\/td>\n<td class=\"et2\" style=\"width: 90.00pt;\" width=\"150\">14mm oder 18mm<\/td>\n<td class=\"et2\" style=\"width: 52.80pt;\" width=\"88\">9mm<\/td>\n<\/tr>\n<\/tbody>\n<\/table>\n<p><strong>Material<br \/>\n<\/strong>Weibliche Kapsel:  Stahl, Edelstahl, Messing<br \/>\nM\u00e4nnliche Kapsel: Stahl<strong><b><br \/>\n<\/b><\/strong><img decoding=\"async\" class=\"lazyload alignnone wp-image-7161\" src=\"https:\/\/richarms.com\/wp-content\/uploads\/2020\/03\/materials-e1626143269166.png\" data-orig-src=\"https:\/\/richarms.com\/wp-content\/uploads\/2020\/03\/materials-e1626143269166.png\" alt=\"\" width=\"446\" height=\"199\" srcset=\"data:image\/svg+xml,%3Csvg%20xmlns%3D%27http%3A%2F%2Fwww.w3.org%2F2000%2Fsvg%27%20width%3D%27446%27%20height%3D%27199%27%20viewBox%3D%270%200%20446%20199%27%3E%3Crect%20width%3D%27446%27%20height%3D%27199%27%20fill-opacity%3D%220%22%2F%3E%3C%2Fsvg%3E\" data-srcset=\"https:\/\/richarms.com\/wp-content\/uploads\/2020\/03\/materials-e1626143269166-200x89.png 200w, https:\/\/richarms.com\/wp-content\/uploads\/2020\/03\/materials-e1626143269166-300x134.png 300w, https:\/\/richarms.com\/wp-content\/uploads\/2020\/03\/materials-e1626143269166-400x178.png 400w, https:\/\/richarms.com\/wp-content\/uploads\/2020\/03\/materials-e1626143269166-500x223.png 500w, https:\/\/richarms.com\/wp-content\/uploads\/2020\/03\/materials-e1626143269166.png 511w\" data-sizes=\"auto\" data-orig-sizes=\"(max-width: 446px) 100vw, 446px\" \/><br \/>\nInnerer Magnet: Neodym-Dauermagnet<strong><br \/>\n<\/strong>Die Magnetleistung h\u00e4ngt von der Magnetgr\u00f6\u00dfe und der Magnetqualit\u00e4t ab<strong><b><br \/>\n<\/b><\/strong><img decoding=\"async\" class=\"lazyload alignnone wp-image-7163\" src=\"https:\/\/richarms.com\/wp-content\/uploads\/2020\/03\/\u8d85\u8584\u78c1\u529b-e1626186192975.png\" data-orig-src=\"https:\/\/richarms.com\/wp-content\/uploads\/2020\/03\/\u8d85\u8584\u78c1\u529b-e1626186192975.png\" alt=\"\" width=\"449\" height=\"131\" srcset=\"data:image\/svg+xml,%3Csvg%20xmlns%3D%27http%3A%2F%2Fwww.w3.org%2F2000%2Fsvg%27%20width%3D%27449%27%20height%3D%27131%27%20viewBox%3D%270%200%20449%20131%27%3E%3Crect%20width%3D%27449%27%20height%3D%27131%27%20fill-opacity%3D%220%22%2F%3E%3C%2Fsvg%3E\" data-srcset=\"https:\/\/richarms.com\/wp-content\/uploads\/2020\/03\/\u8d85\u8584\u78c1\u529b-e1626186192975-200x58.png 200w, https:\/\/richarms.com\/wp-content\/uploads\/2020\/03\/\u8d85\u8584\u78c1\u529b-e1626186192975-300x87.png 300w, https:\/\/richarms.com\/wp-content\/uploads\/2020\/03\/\u8d85\u8584\u78c1\u529b-e1626186192975-400x117.png 400w, https:\/\/richarms.com\/wp-content\/uploads\/2020\/03\/\u8d85\u8584\u78c1\u529b-e1626186192975-500x146.png 500w, https:\/\/richarms.com\/wp-content\/uploads\/2020\/03\/\u8d85\u8584\u78c1\u529b-e1626186192975-600x175.png 600w, https:\/\/richarms.com\/wp-content\/uploads\/2020\/03\/\u8d85\u8584\u78c1\u529b-e1626186192975-700x204.png 700w, https:\/\/richarms.com\/wp-content\/uploads\/2020\/03\/\u8d85\u8584\u78c1\u529b-e1626186192975-768x224.png 768w, https:\/\/richarms.com\/wp-content\/uploads\/2020\/03\/\u8d85\u8584\u78c1\u529b-e1626186192975-800x233.png 800w, https:\/\/richarms.com\/wp-content\/uploads\/2020\/03\/\u8d85\u8584\u78c1\u529b-e1626186192975.png 885w\" data-sizes=\"auto\" data-orig-sizes=\"(max-width: 449px) 100vw, 449px\" \/><b><\/b><\/p>\n<p><strong>Pack\uff1a<br \/>\n<\/strong>All diese k\u00f6nnen mit Beinen, Stielen oder Nieten versehen werden.<br \/>\n1 Satz = 1 Stecker, 1 Buchse, 2 Unterlegscheiben<br \/>\n14mm: 200 Sets\/Karton, 20 Kartons\/Karton<br \/>\n16mm\/18mm\/ 20mm: 100 S\u00e4tze\/Schachtel, 20 Schachteln\/Karton<\/p>\n<h2 data-pm-slice=\"1 1 []\">Schnelle und einfache Installation f\u00fcr Heimwerker und Hersteller<\/h2>\n<p>Die Anbringung unserer abgeschr\u00e4gten magnetischen Druckkn\u00f6pfe ist ganz einfach:<\/p>\n<ul>\n<li>Markieren und stanzen Sie zwei L\u00f6cher in den Stoff oder das Leder.<\/li>\n<li>Stecken Sie die Schnappz\u00e4hne in diese L\u00f6cher.<\/li>\n<li>Spreizen Sie die Zinken nach au\u00dfen, um sie sicher zu befestigen.<\/li>\n<\/ul>\n<p>Heimwerker k\u00f6nnen f\u00fcr die Installation einfach eine Schere oder einfache Werkzeuge verwenden. Hersteller profitieren von der Verwendung spezieller Stanz- und Setzwerkzeuge f\u00fcr eine schnelle und pr\u00e4zise Produktion.<\/p>\n<h2 data-pm-slice=\"1 1 []\">Warum Richarms f\u00fcr abgeschr\u00e4gte magnetische Druckkn\u00f6pfe w\u00e4hlen?<\/h2>\n<p>Richarms hat es sich zur Aufgabe gemacht, magnetische Hardware von h\u00f6chster Qualit\u00e4t zu wettbewerbsf\u00e4higen Preisen zu liefern. Unser Factory-Direct-Modell gew\u00e4hrleistet einen ausgezeichneten Wert und konsistente Produktstandards. Wir bieten einen au\u00dfergew\u00f6hnlichen Kundensupport, der Ihnen bei jedem Schritt mit Rat und Tat zur Seite steht.<\/p>\n<p>Sind Sie bereit, Ihre Produkte mit unseren abgeschr\u00e4gten magnetischen Druckkn\u00f6pfen aufzuwerten? Wenden Sie sich noch heute an unsere Experten, um ein individuelles Angebot zu erhalten, oder bestellen Sie bequem \u00fcber unser <a href=\"https:\/\/www.richarmshardware.com\/products\/16mm-beveled-magnetic-snaps\">Shopify-Shop<\/a>!<\/p>","protected":false},"excerpt":{"rendered":"<p>Typ: Abgeschr\u00e4gte magnetische Druckkn\u00f6pfe<br \/>\nMaterial: Kupfer, Stahl, NdFeB-Magnet<br \/>\nModellnummer: RC-BV1420\/1620\/1820\/2020<br \/>\nKundenspezifisches Logo verf\u00fcgbar: Laser, ausgeh\u00f6hlt, Werkzeugbau<br \/>\nGr\u00f6\u00dfe: 14mm, 16mm, 18mm, 20mm<br \/>\nFarbe: Gold \/ Nickel \/ Gun \/ Rose Gold \/ Brush Ant \/ Andere<br \/>\nVerpackung: 100-300 S\u00e4tze\/Karton<br \/>\nVersand: LCL \/ DHL \/ FedEx \/ TNT \/ Andere<\/p>","protected":false},"featured_media":6445,"template":"","meta":[],"product_brand":[],"product_cat":[15],"product_tag":[],"class_list":{"0":"post-2427","1":"product","2":"type-product","3":"status-publish","4":"has-post-thumbnail","6":"product_cat-magnetic-snaps","8":"first","9":"instock","10":"shipping-taxable","11":"product-type-simple"},"aioseo_notices":[],"_links":{"self":[{"href":"https:\/\/richarms.com\/de\/wp-json\/wp\/v2\/product\/2427","targetHints":{"allow":["GET"]}}],"collection":[{"href":"https:\/\/richarms.com\/de\/wp-json\/wp\/v2\/product"}],"about":[{"href":"https:\/\/richarms.com\/de\/wp-json\/wp\/v2\/types\/product"}],"wp:featuredmedia":[{"embeddable":true,"href":"https:\/\/richarms.com\/de\/wp-json\/wp\/v2\/media\/6445"}],"wp:attachment":[{"href":"https:\/\/richarms.com\/de\/wp-json\/wp\/v2\/media?parent=2427"}],"wp:term":[{"taxonomy":"product_brand","embeddable":true,"href":"https:\/\/richarms.com\/de\/wp-json\/wp\/v2\/product_brand?post=2427"},{"taxonomy":"product_cat","embeddable":true,"href":"https:\/\/richarms.com\/de\/wp-json\/wp\/v2\/product_cat?post=2427"},{"taxonomy":"product_tag","embeddable":true,"href":"https:\/\/richarms.com\/de\/wp-json\/wp\/v2\/product_tag?post=2427"}],"curies":[{"name":"wp","href":"https:\/\/api.w.org\/{rel}","templated":true}]}}