{"id":2434,"date":"2021-07-10T14:56:32","date_gmt":"2021-07-10T06:56:32","guid":{"rendered":"https:\/\/www.bangzhiyou.com\/?post_type=product&#038;p=2434"},"modified":"2025-04-01T16:56:14","modified_gmt":"2025-04-01T08:56:14","slug":"bzy-2018-m52","status":"publish","type":"product","link":"https:\/\/richarms.com\/de\/product\/bzy-2018-m52","title":{"rendered":"Quadratischer magnetischer Schnappverschluss"},"content":{"rendered":"<h1 data-pm-slice=\"1 1 []\">Ultrad\u00fcnner quadratischer magnetischer Druckknopf - elegante und praktische Verschlussl\u00f6sung<\/h1>\n<h2>Unverwechselbares Design mit au\u00dfergew\u00f6hnlicher Funktionalit\u00e4t<\/h2>\n<p>Der quadratische magnetische Schnappverschluss von Richarms bietet Eleganz und hervorragende Leistung in einem kompakten, schlanken Design. Sie entsprechen der Zuverl\u00e4ssigkeit und magnetischen St\u00e4rke unserer beliebten <a href=\"https:\/\/richarms.com\/de\/produkt\/bzy-2018-m49\/\">extrad\u00fcnne runde Druckkn\u00f6pfe<\/a>Mit diesen quadratischen Druckkn\u00f6pfen verleihen Sie Ihren hochwertigen Produkten einen unverwechselbaren Touch. Die sorgf\u00e4ltig gefertigten magnetischen Druckkn\u00f6pfe sorgen f\u00fcr m\u00fcheloses \u00d6ffnen und sicheres Schlie\u00dfen und verbessern so die Benutzerfreundlichkeit erheblich.<\/p>\n<h2>Vielseitige Anwendungen f\u00fcr den allt\u00e4glichen Gebrauch<\/h2>\n<p>Unsere quadratischen Magnetschnapper eignen sich perfekt f\u00fcr verschiedene Anwendungen, wie zum Beispiel:<\/p>\n<ul>\n<li>Handtaschen und Geldb\u00f6rsen<\/li>\n<li>Zeitschrifteneinb\u00e4nde aus Leder<\/li>\n<li>Hochwertige Verpackungskartons<\/li>\n<li>Brieftaschen und Clutches<\/li>\n<li>Kundenspezifische DIY-Projekte<\/li>\n<\/ul>\n<p>Ob Sie nun ein professioneller Hersteller oder ein Heimwerker sind, diese Druckkn\u00f6pfe gew\u00e4hrleisten eine stilvolle, sichere und benutzerfreundliche Befestigungsl\u00f6sung.<\/p>\n<h2>Umfassende Anpassung an Ihre Bed\u00fcrfnisse<\/h2>\n<p>Bei Richarms bieten wir umfangreiche Anpassungsm\u00f6glichkeiten, die genau auf Ihre Anforderungen zugeschnitten sind:<\/p>\n<ul>\n<li><strong>Code &amp; Gr\u00f6\u00dfe\uff1a<\/strong><\/li>\n<\/ul>\n<table style=\"height: 353px;\" width=\"858\">\n<tbody>\n<tr>\n<td width=\"129\">Code<\/td>\n<td width=\"76\">Gr\u00f6\u00dfe<\/td>\n<td width=\"137\">Weiblicher Schnapper TH<\/td>\n<td width=\"94\">Magnet<br \/>\nDIA<\/td>\n<td width=\"88\">Zinken<br \/>\nL<\/td>\n<td width=\"178\">Bild<\/td>\n<td width=\"301\">Beschreibung<\/td>\n<\/tr>\n<tr>\n<td width=\"129\"><\/td>\n<td width=\"76\"><\/td>\n<td width=\"137\"><\/td>\n<td width=\"94\"><\/td>\n<td width=\"88\"><\/td>\n<td width=\"178\"><\/td>\n<td width=\"301\"><\/td>\n<\/tr>\n<tr>\n<td width=\"129\">RC-ES1420<\/td>\n<td width=\"76\">14mm<\/td>\n<td width=\"137\">2mm<\/td>\n<td width=\"94\">11mm<\/td>\n<td width=\"88\">7,6 mm<\/td>\n<td width=\"178\"><img decoding=\"async\" class=\"lazyload wp-image-7273 aligncenter\" src=\"https:\/\/richarms.com\/wp-content\/uploads\/2021\/07\/\u56fe\u724719.png\" data-orig-src=\"https:\/\/richarms.com\/wp-content\/uploads\/2021\/07\/\u56fe\u724719.png\" alt=\"\" width=\"122\" height=\"88\" srcset=\"data:image\/svg+xml,%3Csvg%20xmlns%3D%27http%3A%2F%2Fwww.w3.org%2F2000%2Fsvg%27%20width%3D%27122%27%20height%3D%2788%27%20viewBox%3D%270%200%20122%2088%27%3E%3Crect%20width%3D%27122%27%20height%3D%2788%27%20fill-opacity%3D%220%22%2F%3E%3C%2Fsvg%3E\" data-srcset=\"https:\/\/richarms.com\/wp-content\/uploads\/2021\/07\/\u56fe\u724719-200x143.png 200w, https:\/\/richarms.com\/wp-content\/uploads\/2021\/07\/\u56fe\u724719-300x214.png 300w, https:\/\/richarms.com\/wp-content\/uploads\/2021\/07\/\u56fe\u724719-400x285.png 400w, https:\/\/richarms.com\/wp-content\/uploads\/2021\/07\/\u56fe\u724719-500x356.png 500w, https:\/\/richarms.com\/wp-content\/uploads\/2021\/07\/\u56fe\u724719.png 505w\" data-sizes=\"auto\" data-orig-sizes=\"(max-width: 122px) 100vw, 122px\" \/><\/td>\n<td width=\"301\">D\u00fcnner K\u00f6rper. Standardst\u00e4rke.<br \/>\nElegante, hochmoderne Druckkn\u00f6pfe f\u00fcr Handtaschen, Gep\u00e4ck und Koffer.<\/td>\n<\/tr>\n<tr>\n<td width=\"129\">RC-ES1820<\/td>\n<td width=\"76\">18mm<\/td>\n<td width=\"137\">2mm<\/td>\n<td width=\"94\">12mm<\/td>\n<td width=\"88\">9mm<\/td>\n<td width=\"178\"><img decoding=\"async\" class=\"lazyload alignnone size-full wp-image-7272\" src=\"https:\/\/richarms.com\/wp-content\/uploads\/2021\/07\/\u56fe\u724718.png\" data-orig-src=\"https:\/\/richarms.com\/wp-content\/uploads\/2021\/07\/\u56fe\u724718.png\" alt=\"\" width=\"505\" height=\"360\" srcset=\"data:image\/svg+xml,%3Csvg%20xmlns%3D%27http%3A%2F%2Fwww.w3.org%2F2000%2Fsvg%27%20width%3D%27505%27%20height%3D%27360%27%20viewBox%3D%270%200%20505%20360%27%3E%3Crect%20width%3D%27505%27%20height%3D%27360%27%20fill-opacity%3D%220%22%2F%3E%3C%2Fsvg%3E\" data-srcset=\"https:\/\/richarms.com\/wp-content\/uploads\/2021\/07\/\u56fe\u724718-200x143.png 200w, https:\/\/richarms.com\/wp-content\/uploads\/2021\/07\/\u56fe\u724718-300x214.png 300w, https:\/\/richarms.com\/wp-content\/uploads\/2021\/07\/\u56fe\u724718-400x285.png 400w, https:\/\/richarms.com\/wp-content\/uploads\/2021\/07\/\u56fe\u724718-500x356.png 500w, https:\/\/richarms.com\/wp-content\/uploads\/2021\/07\/\u56fe\u724718.png 505w\" data-sizes=\"auto\" data-orig-sizes=\"(max-width: 505px) 100vw, 505px\" \/><\/td>\n<td width=\"301\">D\u00fcnner K\u00f6rper mit gro\u00dfer Haltekraft.<br \/>\nF\u00fcr Handtaschen, Reisegep\u00e4ck, Rucks\u00e4cke, Automobil- und Luftfahrtindustrie.<\/td>\n<\/tr>\n<\/tbody>\n<\/table>\n<p>&nbsp;<\/p>\n<ul>\n<li>Material:<\/li>\n<\/ul>\n<p style=\"text-align: left;\">Weibliche Kapsel:  Stahl, Kupfer, Edelstahl<strong><br \/>\n<\/strong>M\u00e4nnliche Kapsel: Stahl<strong><br \/>\n<\/strong><img decoding=\"async\" class=\"lazyload alignnone wp-image-7161\" src=\"https:\/\/richarms.com\/wp-content\/uploads\/2020\/03\/materials-e1626143269166.png\" data-orig-src=\"https:\/\/richarms.com\/wp-content\/uploads\/2020\/03\/materials-e1626143269166.png\" alt=\"\" width=\"446\" height=\"199\" srcset=\"data:image\/svg+xml,%3Csvg%20xmlns%3D%27http%3A%2F%2Fwww.w3.org%2F2000%2Fsvg%27%20width%3D%27446%27%20height%3D%27199%27%20viewBox%3D%270%200%20446%20199%27%3E%3Crect%20width%3D%27446%27%20height%3D%27199%27%20fill-opacity%3D%220%22%2F%3E%3C%2Fsvg%3E\" data-srcset=\"https:\/\/richarms.com\/wp-content\/uploads\/2020\/03\/materials-e1626143269166-200x89.png 200w, https:\/\/richarms.com\/wp-content\/uploads\/2020\/03\/materials-e1626143269166-300x134.png 300w, https:\/\/richarms.com\/wp-content\/uploads\/2020\/03\/materials-e1626143269166-400x178.png 400w, https:\/\/richarms.com\/wp-content\/uploads\/2020\/03\/materials-e1626143269166-500x223.png 500w, https:\/\/richarms.com\/wp-content\/uploads\/2020\/03\/materials-e1626143269166.png 511w\" data-sizes=\"auto\" data-orig-sizes=\"(max-width: 446px) 100vw, 446px\" \/><\/p>\n<p>&nbsp;<\/p>\n<ul>\n<li>Magnetische St\u00e4rke: W\u00e4hlen Sie aus verschiedenen St\u00e4rken, um den spezifischen Anforderungen Ihres Projekts gerecht zu werden.<\/li>\n<\/ul>\n<p>Innerer Magnet : Neodym-Dauermagnet.<strong><br \/>\n<\/strong>Die Magnetleistung h\u00e4ngt von der Magnetgr\u00f6\u00dfe und der Magnetqualit\u00e4t ab<\/p>\n<p><img decoding=\"async\" class=\"lazyload alignnone wp-image-7163\" src=\"https:\/\/richarms.com\/wp-content\/uploads\/2020\/03\/\u8d85\u8584\u78c1\u529b-e1626186192975.png\" data-orig-src=\"https:\/\/richarms.com\/wp-content\/uploads\/2020\/03\/\u8d85\u8584\u78c1\u529b-e1626186192975.png\" alt=\"\" width=\"449\" height=\"131\" srcset=\"data:image\/svg+xml,%3Csvg%20xmlns%3D%27http%3A%2F%2Fwww.w3.org%2F2000%2Fsvg%27%20width%3D%27449%27%20height%3D%27131%27%20viewBox%3D%270%200%20449%20131%27%3E%3Crect%20width%3D%27449%27%20height%3D%27131%27%20fill-opacity%3D%220%22%2F%3E%3C%2Fsvg%3E\" data-srcset=\"https:\/\/richarms.com\/wp-content\/uploads\/2020\/03\/\u8d85\u8584\u78c1\u529b-e1626186192975-200x58.png 200w, https:\/\/richarms.com\/wp-content\/uploads\/2020\/03\/\u8d85\u8584\u78c1\u529b-e1626186192975-300x87.png 300w, https:\/\/richarms.com\/wp-content\/uploads\/2020\/03\/\u8d85\u8584\u78c1\u529b-e1626186192975-400x117.png 400w, https:\/\/richarms.com\/wp-content\/uploads\/2020\/03\/\u8d85\u8584\u78c1\u529b-e1626186192975-500x146.png 500w, https:\/\/richarms.com\/wp-content\/uploads\/2020\/03\/\u8d85\u8584\u78c1\u529b-e1626186192975-600x175.png 600w, https:\/\/richarms.com\/wp-content\/uploads\/2020\/03\/\u8d85\u8584\u78c1\u529b-e1626186192975-700x204.png 700w, https:\/\/richarms.com\/wp-content\/uploads\/2020\/03\/\u8d85\u8584\u78c1\u529b-e1626186192975-768x224.png 768w, https:\/\/richarms.com\/wp-content\/uploads\/2020\/03\/\u8d85\u8584\u78c1\u529b-e1626186192975-800x233.png 800w, https:\/\/richarms.com\/wp-content\/uploads\/2020\/03\/\u8d85\u8584\u78c1\u529b-e1626186192975.png 885w\" data-sizes=\"auto\" data-orig-sizes=\"(max-width: 449px) 100vw, 449px\" \/><\/p>\n<ul>\n<li>Farben und Veredelungen: Eine breite Palette von Beschichtungsoptionen wie Gold, Silber, Antikmessing und benutzerdefinierte Farben, die zu Ihrem Branding passen.<\/li>\n<\/ul>\n<p><strong><b>F<\/b><\/strong><strong><b>inish<\/b><\/strong><strong><b>:<br \/>\n<\/b><\/strong>Weiblicher Schnappverschluss: Einfarbig, gemustert, Logo<strong><br \/>\n<\/strong><img decoding=\"async\" class=\"lazyload alignnone wp-image-7166\" src=\"data:image\/svg+xml,%3Csvg%20xmlns%3D%27http%3A%2F%2Fwww.w3.org%2F2000%2Fsvg%27%20width%3D%27288%27%20height%3D%27135%27%20viewBox%3D%270%200%20288%20135%27%3E%3Crect%20width%3D%27288%27%20height%3D%27135%27%20fill-opacity%3D%220%22%2F%3E%3C%2Fsvg%3E\" data-orig-src=\"https:\/\/richarms.com\/wp-content\/uploads\/2020\/03\/\u56fe\u72473.jpg\" alt=\"\" width=\"288\" height=\"135\" \/><strong><br \/>\n<\/strong>M\u00e4nnlicher Schnapper: Einfarbig, Wortlaut, Logo<strong><br \/>\n<\/strong><img decoding=\"async\" class=\"lazyload alignnone wp-image-7180\" src=\"https:\/\/richarms.com\/wp-content\/uploads\/2020\/03\/\u56fe\u72474.jpg\" data-orig-src=\"https:\/\/richarms.com\/wp-content\/uploads\/2020\/03\/\u56fe\u72474.jpg\" alt=\"\" width=\"301\" height=\"121\" srcset=\"data:image\/svg+xml,%3Csvg%20xmlns%3D%27http%3A%2F%2Fwww.w3.org%2F2000%2Fsvg%27%20width%3D%27301%27%20height%3D%27121%27%20viewBox%3D%270%200%20301%20121%27%3E%3Crect%20width%3D%27301%27%20height%3D%27121%27%20fill-opacity%3D%220%22%2F%3E%3C%2Fsvg%3E\" data-srcset=\"https:\/\/richarms.com\/wp-content\/uploads\/2020\/03\/\u56fe\u72474-200x80.jpg 200w, https:\/\/richarms.com\/wp-content\/uploads\/2020\/03\/\u56fe\u72474-300x120.jpg 300w, https:\/\/richarms.com\/wp-content\/uploads\/2020\/03\/\u56fe\u72474-400x160.jpg 400w, https:\/\/richarms.com\/wp-content\/uploads\/2020\/03\/\u56fe\u72474-500x200.jpg 500w, https:\/\/richarms.com\/wp-content\/uploads\/2020\/03\/\u56fe\u72474-600x241.jpg 600w, https:\/\/richarms.com\/wp-content\/uploads\/2020\/03\/\u56fe\u72474.jpg 651w\" data-sizes=\"auto\" data-orig-sizes=\"(max-width: 301px) 100vw, 301px\" \/><\/p>\n<p><strong><b>Regul\u00e4re Farbe Aufgelistet <\/b><\/strong><\/p>\n<p><strong><img decoding=\"async\" class=\"lazyload alignnone size-full wp-image-5392\" src=\"https:\/\/richarms.com\/wp-content\/uploads\/2018\/07\/RICHARMS-COLOT-DIS.jpg\" data-orig-src=\"https:\/\/richarms.com\/wp-content\/uploads\/2018\/07\/RICHARMS-COLOT-DIS.jpg\" alt=\"\" width=\"651\" height=\"457\" srcset=\"data:image\/svg+xml,%3Csvg%20xmlns%3D%27http%3A%2F%2Fwww.w3.org%2F2000%2Fsvg%27%20width%3D%27651%27%20height%3D%27457%27%20viewBox%3D%270%200%20651%20457%27%3E%3Crect%20width%3D%27651%27%20height%3D%27457%27%20fill-opacity%3D%220%22%2F%3E%3C%2Fsvg%3E\" data-srcset=\"https:\/\/richarms.com\/wp-content\/uploads\/2018\/07\/RICHARMS-COLOT-DIS-200x140.jpg 200w, https:\/\/richarms.com\/wp-content\/uploads\/2018\/07\/RICHARMS-COLOT-DIS-300x211.jpg 300w, https:\/\/richarms.com\/wp-content\/uploads\/2018\/07\/RICHARMS-COLOT-DIS-400x281.jpg 400w, https:\/\/richarms.com\/wp-content\/uploads\/2018\/07\/RICHARMS-COLOT-DIS-500x351.jpg 500w, https:\/\/richarms.com\/wp-content\/uploads\/2018\/07\/RICHARMS-COLOT-DIS-600x421.jpg 600w, https:\/\/richarms.com\/wp-content\/uploads\/2018\/07\/RICHARMS-COLOT-DIS.jpg 651w\" data-sizes=\"auto\" data-orig-sizes=\"(max-width: 651px) 100vw, 651px\" \/><\/strong><\/p>\n<p><strong><b>Was ist der Unterschied zwischen h\u00e4ngender und rollender Qualit\u00e4t?<\/b><\/strong><\/p>\n<p><img decoding=\"async\" class=\"lazyload alignnone wp-image-7165\" src=\"https:\/\/richarms.com\/wp-content\/uploads\/2020\/03\/\u56fe\u72471.jpg\" data-orig-src=\"https:\/\/richarms.com\/wp-content\/uploads\/2020\/03\/\u56fe\u72471.jpg\" alt=\"\" width=\"176\" height=\"248\" srcset=\"data:image\/svg+xml,%3Csvg%20xmlns%3D%27http%3A%2F%2Fwww.w3.org%2F2000%2Fsvg%27%20width%3D%27176%27%20height%3D%27248%27%20viewBox%3D%270%200%20176%20248%27%3E%3Crect%20width%3D%27176%27%20height%3D%27248%27%20fill-opacity%3D%220%22%2F%3E%3C%2Fsvg%3E\" data-srcset=\"https:\/\/richarms.com\/wp-content\/uploads\/2020\/03\/\u56fe\u72471-200x281.jpg 200w, https:\/\/richarms.com\/wp-content\/uploads\/2020\/03\/\u56fe\u72471-213x300.jpg 213w, https:\/\/richarms.com\/wp-content\/uploads\/2020\/03\/\u56fe\u72471.jpg 349w\" data-sizes=\"auto\" data-orig-sizes=\"(max-width: 176px) 100vw, 176px\" \/><\/p>\n<ul>\n<li>Verpackungsl\u00f6sungen: Ma\u00dfgeschneiderte Verpackungsoptionen f\u00fcr Einzelh\u00e4ndler und Gro\u00dfabnehmer.<\/li>\n<\/ul>\n<p>All diese k\u00f6nnen mit Beinen, Stielen oder Nieten versehen werden.<br \/>\n1 Satz = 1 Stecker, 1 Buchse, 2 Unterlegscheiben<br \/>\n12 mm: 200 S\u00e4tze\/Karton, 20 Kartons\/Karton<br \/>\n14mm: 200 Sets\/Karton, 20 Kartons\/Karton<br \/>\n18 mm: 100 Sets\/Karton, 20 Kartons\/Karton<\/p>\n<p><img decoding=\"async\" class=\"lazyload alignnone size-full wp-image-7282\" src=\"https:\/\/richarms.com\/wp-content\/uploads\/2021\/07\/\u56db\u65b9\u6c34\u5370_\u526f\u672c.jpg\" data-orig-src=\"https:\/\/richarms.com\/wp-content\/uploads\/2021\/07\/\u56db\u65b9\u6c34\u5370_\u526f\u672c.jpg\" alt=\"\" width=\"300\" height=\"290\" srcset=\"data:image\/svg+xml,%3Csvg%20xmlns%3D%27http%3A%2F%2Fwww.w3.org%2F2000%2Fsvg%27%20width%3D%27300%27%20height%3D%27290%27%20viewBox%3D%270%200%20300%20290%27%3E%3Crect%20width%3D%27300%27%20height%3D%27290%27%20fill-opacity%3D%220%22%2F%3E%3C%2Fsvg%3E\" data-srcset=\"https:\/\/richarms.com\/wp-content\/uploads\/2021\/07\/\u56db\u65b9\u6c34\u5370_\u526f\u672c-200x193.jpg 200w, https:\/\/richarms.com\/wp-content\/uploads\/2021\/07\/\u56db\u65b9\u6c34\u5370_\u526f\u672c.jpg 300w\" data-sizes=\"auto\" data-orig-sizes=\"(max-width: 300px) 100vw, 300px\" \/><\/p>\n<p>Unser quadratischer Magnetverschluss kann auch mit Ihrem individuellen Logo versehen werden, was die Einzigartigkeit Ihres Produkts noch verst\u00e4rkt.<\/p>\n<h3>Einfache Installation - geeignet f\u00fcr DIY und Massenproduktion<\/h3>\n<p>Die Montage unseres quadratischen Magnetverschlusses ist ganz einfach:<\/p>\n<ul>\n<li>Markiere und schneide zwei kleine Schlitze in deinen Stoff oder dein Leder.<\/li>\n<li>F\u00fchren Sie die Zinken durch die \u00d6ffnungen.<\/li>\n<li>Biegen Sie die Zinken fest nach au\u00dfen, um die Druckkn\u00f6pfe zu befestigen.<\/li>\n<\/ul>\n<p>Heimwerker k\u00f6nnen diese Aufgabe bequem mit einer Haushaltsschere erledigen. F\u00fcr Gro\u00dfhersteller bietet Richarms spezielle Werkzeuge zum Schneiden von L\u00f6chern und zum Einrasten an, die den Produktionsprozess erheblich rationalisieren.<\/p>\n<p><img decoding=\"async\" class=\"lazyload alignnone wp-image-7160\" src=\"https:\/\/richarms.com\/wp-content\/uploads\/2020\/03\/application.png\" data-orig-src=\"https:\/\/richarms.com\/wp-content\/uploads\/2020\/03\/application.png\" alt=\"\" width=\"474\" height=\"443\" srcset=\"data:image\/svg+xml,%3Csvg%20xmlns%3D%27http%3A%2F%2Fwww.w3.org%2F2000%2Fsvg%27%20width%3D%27474%27%20height%3D%27443%27%20viewBox%3D%270%200%20474%20443%27%3E%3Crect%20width%3D%27474%27%20height%3D%27443%27%20fill-opacity%3D%220%22%2F%3E%3C%2Fsvg%3E\" data-srcset=\"https:\/\/richarms.com\/wp-content\/uploads\/2020\/03\/application-200x187.png 200w, https:\/\/richarms.com\/wp-content\/uploads\/2020\/03\/application-300x280.png 300w, https:\/\/richarms.com\/wp-content\/uploads\/2020\/03\/application-400x374.png 400w, https:\/\/richarms.com\/wp-content\/uploads\/2020\/03\/application-500x467.png 500w, https:\/\/richarms.com\/wp-content\/uploads\/2020\/03\/application.png 598w\" data-sizes=\"auto\" data-orig-sizes=\"(max-width: 474px) 100vw, 474px\" \/><\/p>\n<h3>Warum Richarms w\u00e4hlen?<\/h3>\n<p>Richarms bietet wettbewerbsf\u00e4hige Gro\u00dfhandelspreise und garantiert hochwertige Produkte zu attraktiven Preisen. Als Branchenexperten sorgen wir f\u00fcr einen reibungslosen Einkauf, einen schnellen Versand und einen au\u00dfergew\u00f6hnlichen Kundendienst.<\/p>\n<p>Entdecken Sie unsere ultrad\u00fcnnen Aktienoptionen:<\/p>\n<ul>\n<li><a href=\"https:\/\/www.richarmshardware.com\/products\/18x2mm-square-magnetic-snaps\">18x2mm Quadratischer magnetischer Schnappverschluss<\/a><\/li>\n<li><a href=\"https:\/\/www.richarmshardware.com\/products\/14x2mm-square-magnetic-snaps\">14x2mm Quadratischer magnetischer Schnappverschluss<\/a><\/li>\n<\/ul>\n<p>Wenden Sie sich noch heute an unsere Experten f\u00fcr individuelle Preise bei Gro\u00dfbestellungen. Veredeln Sie Ihre Produkte noch heute mit dem quadratischen Magnetverschluss von Richarms!<\/p>","protected":false},"excerpt":{"rendered":"<p>Typ: Extra d\u00fcnne quadratische magnetische Druckkn\u00f6pfe<br \/>\nMaterial: Kupfer, Stahl, Edelstahl<br \/>\nModellnummer: RC-ES1220\/1420\/1820<br \/>\nKundenspezifisches Logo verf\u00fcgbar: Laser, ausgeh\u00f6hlt, Werkzeugbau<br \/>\nGr\u00f6\u00dfe: 12mm, 14mm, 18mm<br \/>\nFarbe: Gold \/ Nickel \/ Gun \/ Rose Gold \/ Brush Ant \/ Andere<br \/>\nVerpackung: Kiste und Karton<br \/>\nVersand: LCL \/ DHL \/ FedEx \/ TNT \/ Andere<\/p>","protected":false},"featured_media":6446,"template":"","meta":[],"product_brand":[],"product_cat":[15],"product_tag":[],"class_list":{"0":"post-2434","1":"product","2":"type-product","3":"status-publish","4":"has-post-thumbnail","6":"product_cat-magnetic-snaps","8":"first","9":"instock","10":"shipping-taxable","11":"product-type-simple"},"aioseo_notices":[],"_links":{"self":[{"href":"https:\/\/richarms.com\/de\/wp-json\/wp\/v2\/product\/2434","targetHints":{"allow":["GET"]}}],"collection":[{"href":"https:\/\/richarms.com\/de\/wp-json\/wp\/v2\/product"}],"about":[{"href":"https:\/\/richarms.com\/de\/wp-json\/wp\/v2\/types\/product"}],"wp:featuredmedia":[{"embeddable":true,"href":"https:\/\/richarms.com\/de\/wp-json\/wp\/v2\/media\/6446"}],"wp:attachment":[{"href":"https:\/\/richarms.com\/de\/wp-json\/wp\/v2\/media?parent=2434"}],"wp:term":[{"taxonomy":"product_brand","embeddable":true,"href":"https:\/\/richarms.com\/de\/wp-json\/wp\/v2\/product_brand?post=2434"},{"taxonomy":"product_cat","embeddable":true,"href":"https:\/\/richarms.com\/de\/wp-json\/wp\/v2\/product_cat?post=2434"},{"taxonomy":"product_tag","embeddable":true,"href":"https:\/\/richarms.com\/de\/wp-json\/wp\/v2\/product_tag?post=2434"}],"curies":[{"name":"wp","href":"https:\/\/api.w.org\/{rel}","templated":true}]}}