{"id":2483,"date":"2021-07-12T16:14:21","date_gmt":"2021-07-12T08:14:21","guid":{"rendered":"https:\/\/www.bangzhiyou.com\/?post_type=product&#038;p=2483"},"modified":"2025-04-02T11:03:57","modified_gmt":"2025-04-02T03:03:57","slug":"bzy-2018-m49","status":"publish","type":"product","link":"https:\/\/richarms.com\/de\/product\/bzy-2018-m49","title":{"rendered":"Extra d\u00fcnne magnetische Druckkn\u00f6pfe"},"content":{"rendered":"<h2>10mm 12mm 14mm 18mm Extra d\u00fcnne runde magnetische Druckkn\u00f6pfe f\u00fcr Taschen, Geldb\u00f6rsen und Tageb\u00fccher<\/h2>\n<p>Diese magnetischen Druckkn\u00f6pfe aus Messing sind extra d\u00fcnn und stark, so dass sie b\u00fcndig mit dem Material sitzen. Dicke ist 2mm, Durchmesser kommt in 10mm 12mm 14mm 18mm, 8mm k\u00f6nnen angepasst werden, <a href=\"https:\/\/richarms.com\/de\/produkt\/bzy-aqx01\/\">20mm<\/a> in einer anderen Struktur.<br \/>\nSie sind die perfekte Wahl f\u00fcr Anwendungen, bei denen das Aussehen wichtig ist und ein fester Halt bevorzugt wird, wie z. B. Ledergeldb\u00f6rsen, Tragetaschen, Handtaschen, Zeitschriftenh\u00fcllen, Mini-Massagetaschen, Rucks\u00e4cke und Einkaufstaschen.<br \/>\nDer Magnetk\u00f6rper wird in die Dicke des Leders eingelassen, so dass ein d\u00fcnner Au\u00dfenflansch verbleibt, der b\u00fcndig mit der Oberfl\u00e4che einer Ledertasche abschlie\u00dft.<\/p>\n<p>Anfrage zum Preis f\u00fcr Gro\u00dfauftr\u00e4ge <a href=\"https:\/\/richarms.com\/de\/contact\/\">Kontakt &gt;&gt;&gt;&gt;<\/a><br \/>\nKleine Bestellungen bitte an unser <a href=\"https:\/\/www.richarmshardware.com\/\">Online Shop &gt;&gt;&gt;<\/a><\/p>\n<p><!--more--><\/p>\n<h4 style=\"text-align: left;\"><strong>Extra d\u00fcnne magnetische Druckkn\u00f6pfe Gr\u00f6\u00dfenliste<\/strong><\/h4>\n<table style=\"height: 571px;\" width=\"757\">\n<tbody>\n<tr>\n<td width=\"79\">Code<\/td>\n<td width=\"70\">Gr\u00f6\u00dfe<\/td>\n<td width=\"83\">Weiblicher Schnapper<br \/>\nTH<\/td>\n<td width=\"57\">Zinken<br \/>\nL<\/td>\n<td width=\"69\">Magnet<br \/>\nGr\u00f6\u00dfe<\/td>\n<td width=\"113\">Bild<\/td>\n<td width=\"243\">Beschreibung<\/td>\n<\/tr>\n<tr>\n<td width=\"79\">RC-E1020<\/td>\n<td width=\"70\">10mm Magnetverschluss<\/td>\n<td width=\"83\">2mm<\/td>\n<td width=\"57\">6,2 mm<\/td>\n<td width=\"69\">9,8 mm<\/td>\n<td width=\"113\">\n<p><div id=\"attachment_7188\" style=\"width: 91px\" class=\"wp-caption aligncenter\"><img decoding=\"async\" aria-describedby=\"caption-attachment-7188\" class=\"lazyload wp-image-7188\" title=\"10mm magnetische Druckkn\u00f6pfe\" src=\"https:\/\/richarms.com\/wp-content\/uploads\/2020\/03\/10X2.png\" data-orig-src=\"https:\/\/richarms.com\/wp-content\/uploads\/2020\/03\/10X2.png\" alt=\"\" width=\"81\" height=\"76\" srcset=\"data:image\/svg+xml,%3Csvg%20xmlns%3D%27http%3A%2F%2Fwww.w3.org%2F2000%2Fsvg%27%20width%3D%2781%27%20height%3D%2776%27%20viewBox%3D%270%200%2081%2076%27%3E%3Crect%20width%3D%2781%27%20height%3D%2776%27%20fill-opacity%3D%220%22%2F%3E%3C%2Fsvg%3E\" data-srcset=\"https:\/\/richarms.com\/wp-content\/uploads\/2020\/03\/10X2-200x188.png 200w, https:\/\/richarms.com\/wp-content\/uploads\/2020\/03\/10X2-300x283.png 300w, https:\/\/richarms.com\/wp-content\/uploads\/2020\/03\/10X2.png 330w\" data-sizes=\"auto\" data-orig-sizes=\"(max-width: 81px) 100vw, 81px\" \/><p id=\"caption-attachment-7188\" class=\"wp-caption-text\">10mm extra d\u00fcnne magnetische Druckkn\u00f6pfe<\/p><\/div><\/td>\n<td width=\"243\">Ein starker Magnet in einem sehr kleinen Format.<br \/>\nF\u00fcr kleine Ledergeldb\u00f6rsen, Mini-Geldb\u00f6rsen, Brillenetuis, Spielzeug und elektronische Anschl\u00fcsse f\u00fcr kleine Ger\u00e4te wie Augenmassageger\u00e4te<\/td>\n<\/tr>\n<tr>\n<td width=\"79\">RC-E1220<\/td>\n<td width=\"70\">12mm Magnetverschluss<\/td>\n<td width=\"83\">2mm<\/td>\n<td width=\"57\">7,6 mm<\/td>\n<td width=\"69\">11,5 mm<\/td>\n<td width=\"113\">\n<p><div id=\"attachment_7214\" style=\"width: 106px\" class=\"wp-caption aligncenter\"><img decoding=\"async\" aria-describedby=\"caption-attachment-7214\" class=\"lazyload wp-image-7214\" title=\"12mm magnetische Druckkn\u00f6pfe\" src=\"https:\/\/richarms.com\/wp-content\/uploads\/2018\/08\/12X2.png\" data-orig-src=\"https:\/\/richarms.com\/wp-content\/uploads\/2018\/08\/12X2.png\" alt=\"\" width=\"96\" height=\"94\" srcset=\"data:image\/svg+xml,%3Csvg%20xmlns%3D%27http%3A%2F%2Fwww.w3.org%2F2000%2Fsvg%27%20width%3D%2796%27%20height%3D%2794%27%20viewBox%3D%270%200%2096%2094%27%3E%3Crect%20width%3D%2796%27%20height%3D%2794%27%20fill-opacity%3D%220%22%2F%3E%3C%2Fsvg%3E\" data-srcset=\"https:\/\/richarms.com\/wp-content\/uploads\/2018\/08\/12X2-66x66.png 66w, https:\/\/richarms.com\/wp-content\/uploads\/2018\/08\/12X2-200x197.png 200w, https:\/\/richarms.com\/wp-content\/uploads\/2018\/08\/12X2-300x295.png 300w, https:\/\/richarms.com\/wp-content\/uploads\/2018\/08\/12X2.png 396w\" data-sizes=\"auto\" data-orig-sizes=\"(max-width: 96px) 100vw, 96px\" \/><p id=\"caption-attachment-7214\" class=\"wp-caption-text\">12mm extra d\u00fcnne magnetische Druckkn\u00f6pfe<\/p><\/div><\/td>\n<td width=\"243\">Ideal f\u00fcr kleine Geldb\u00f6rsen, Brieftaschen und Verpackungen.<br \/>\nFl\u00e4chenb\u00fcndig und kleiner Durchmesser.<\/td>\n<\/tr>\n<tr>\n<td width=\"79\">RC-E1420<\/td>\n<td width=\"70\">14mm Magnetverschluss<\/td>\n<td width=\"83\">2mm<\/td>\n<td width=\"57\">7,6 mm<\/td>\n<td width=\"69\">11mm<\/td>\n<td width=\"113\">\n<p><div id=\"attachment_7215\" style=\"width: 115px\" class=\"wp-caption aligncenter\"><img decoding=\"async\" aria-describedby=\"caption-attachment-7215\" class=\"lazyload wp-image-7215\" title=\"14mm magnetische Druckkn\u00f6pfe\" src=\"https:\/\/richarms.com\/wp-content\/uploads\/2018\/08\/14X2.png\" data-orig-src=\"https:\/\/richarms.com\/wp-content\/uploads\/2018\/08\/14X2.png\" alt=\"\" width=\"105\" height=\"102\" srcset=\"data:image\/svg+xml,%3Csvg%20xmlns%3D%27http%3A%2F%2Fwww.w3.org%2F2000%2Fsvg%27%20width%3D%27105%27%20height%3D%27102%27%20viewBox%3D%270%200%20105%20102%27%3E%3Crect%20width%3D%27105%27%20height%3D%27102%27%20fill-opacity%3D%220%22%2F%3E%3C%2Fsvg%3E\" data-srcset=\"https:\/\/richarms.com\/wp-content\/uploads\/2018\/08\/14X2-200x194.png 200w, https:\/\/richarms.com\/wp-content\/uploads\/2018\/08\/14X2-300x291.png 300w, https:\/\/richarms.com\/wp-content\/uploads\/2018\/08\/14X2-400x389.png 400w, https:\/\/richarms.com\/wp-content\/uploads\/2018\/08\/14X2-500x486.png 500w, https:\/\/richarms.com\/wp-content\/uploads\/2018\/08\/14X2.png 526w\" data-sizes=\"auto\" data-orig-sizes=\"(max-width: 105px) 100vw, 105px\" \/><p id=\"caption-attachment-7215\" class=\"wp-caption-text\">14mm extra d\u00fcnne magnetische Druckkn\u00f6pfe<\/p><\/div><\/td>\n<td width=\"243\">D\u00fcnner K\u00f6rper. Standardst\u00e4rke.<br \/>\nElegante, hochmoderne Druckkn\u00f6pfe f\u00fcr Geldb\u00f6rsen, Handtaschen, Gep\u00e4ckst\u00fccke, Koffer und Zeitschriftenh\u00fcllen.<\/td>\n<\/tr>\n<tr>\n<td width=\"79\">RC-E1820<\/td>\n<td width=\"70\">18mm Magnetverschluss<\/td>\n<td width=\"83\">2mm<\/td>\n<td width=\"57\">9mm<\/td>\n<td width=\"69\">12mm<\/td>\n<td width=\"113\">\n<p><div id=\"attachment_7192\" style=\"width: 131px\" class=\"wp-caption alignnone\"><img decoding=\"async\" aria-describedby=\"caption-attachment-7192\" class=\"lazyload wp-image-7192\" title=\"18mm magnetische Druckkn\u00f6pfe\" src=\"https:\/\/richarms.com\/wp-content\/uploads\/2020\/03\/18X2.png\" data-orig-src=\"https:\/\/richarms.com\/wp-content\/uploads\/2020\/03\/18X2.png\" alt=\"\" width=\"121\" height=\"118\" srcset=\"data:image\/svg+xml,%3Csvg%20xmlns%3D%27http%3A%2F%2Fwww.w3.org%2F2000%2Fsvg%27%20width%3D%27121%27%20height%3D%27118%27%20viewBox%3D%270%200%20121%20118%27%3E%3Crect%20width%3D%27121%27%20height%3D%27118%27%20fill-opacity%3D%220%22%2F%3E%3C%2Fsvg%3E\" data-srcset=\"https:\/\/richarms.com\/wp-content\/uploads\/2020\/03\/18X2-200x194.png 200w, https:\/\/richarms.com\/wp-content\/uploads\/2020\/03\/18X2-300x291.png 300w, https:\/\/richarms.com\/wp-content\/uploads\/2020\/03\/18X2-400x388.png 400w, https:\/\/richarms.com\/wp-content\/uploads\/2020\/03\/18X2-500x485.png 500w, https:\/\/richarms.com\/wp-content\/uploads\/2020\/03\/18X2-600x582.png 600w, https:\/\/richarms.com\/wp-content\/uploads\/2020\/03\/18X2.png 627w\" data-sizes=\"auto\" data-orig-sizes=\"(max-width: 121px) 100vw, 121px\" \/><p id=\"caption-attachment-7192\" class=\"wp-caption-text\">18mm extra d\u00fcnne magnetische Druckkn\u00f6pfe<\/p><\/div><\/td>\n<td width=\"243\">D\u00fcnner K\u00f6rper mit gro\u00dfer Haltekraft.<br \/>\nF\u00fcr Handtaschen, Tragetaschen, Reisegep\u00e4ck, Rucks\u00e4cke, Verpackungen, Automobil- und Luftfahrtindustrie.<\/td>\n<\/tr>\n<\/tbody>\n<\/table>\n<p><!--more--><\/p>\n<h4><strong><b>Richarms bietet verschiedene Magnetst\u00e4rken f\u00fcr alle Marktl\u00f6sungen<\/b><\/strong><\/h4>\n<p>Die St\u00e4rke eines Magnetverschlusses h\u00e4ngt von der Gr\u00f6\u00dfe und St\u00e4rke des verwendeten Magneten ab. Gr\u00f6\u00dfere Magnete mit einer h\u00f6heren Magnetst\u00e4rke sorgen f\u00fcr einen st\u00e4rkeren Verschluss, w\u00e4hrend kleinere Magnete f\u00fcr einen schw\u00e4cheren Verschluss sorgen. Einige Magnetschnapper sind auch verstellbar, so dass der Benutzer die St\u00e4rke des Verschlusses nach seinen W\u00fcnschen einstellen kann.<\/p>\n<p>Richarms bietet eine professionelle L\u00f6sung f\u00fcr Tragetaschen, Rucks\u00e4cke, Handtaschen, Zeitschriftenh\u00fcllen, Geschenkboxen und viele andere Zwecke.<\/p>\n<div id=\"attachment_7346\" style=\"width: 428px\" class=\"wp-caption alignnone\"><img decoding=\"async\" aria-describedby=\"caption-attachment-7346\" class=\"lazyload wp-image-7346 size-full\" src=\"https:\/\/richarms.com\/wp-content\/uploads\/2021\/07\/\u5fae\u4fe1\u622a\u56fe_20210824111345.png\" data-orig-src=\"https:\/\/richarms.com\/wp-content\/uploads\/2021\/07\/\u5fae\u4fe1\u622a\u56fe_20210824111345.png\" alt=\"Richarms, the Chinese Wholesale Professional Magnetic Snaps Factory has different strength option for thin or thick magnetic snaps, standard solution is from 0.5kg - 5kg, customized strength solution available.The image is showing our standard Strength: 18mm Thick (1.5kg \/ 3kg) 14mm Thick (0.5kg \/ 1.5kg) \" width=\"418\" height=\"682\" srcset=\"data:image\/svg+xml,%3Csvg%20xmlns%3D%27http%3A%2F%2Fwww.w3.org%2F2000%2Fsvg%27%20width%3D%27418%27%20height%3D%27682%27%20viewBox%3D%270%200%20418%20682%27%3E%3Crect%20width%3D%27418%27%20height%3D%27682%27%20fill-opacity%3D%220%22%2F%3E%3C%2Fsvg%3E\" data-srcset=\"https:\/\/richarms.com\/wp-content\/uploads\/2021\/07\/\u5fae\u4fe1\u622a\u56fe_20210824111345-184x300.png 184w, https:\/\/richarms.com\/wp-content\/uploads\/2021\/07\/\u5fae\u4fe1\u622a\u56fe_20210824111345-200x326.png 200w, https:\/\/richarms.com\/wp-content\/uploads\/2021\/07\/\u5fae\u4fe1\u622a\u56fe_20210824111345-400x653.png 400w, https:\/\/richarms.com\/wp-content\/uploads\/2021\/07\/\u5fae\u4fe1\u622a\u56fe_20210824111345.png 418w\" data-sizes=\"auto\" data-orig-sizes=\"(max-width: 418px) 100vw, 418px\" \/><p id=\"caption-attachment-7346\" class=\"wp-caption-text\">Richarms, die chinesische Gro\u00dfhandel Professional Magnetic Snaps Factory hat verschiedene St\u00e4rke Option f\u00fcr d\u00fcnne oder dicke magnetische Druckkn\u00f6pfe, Standard-L\u00f6sung ist von 0,5 kg - 5 kg, kundenspezifische St\u00e4rke L\u00f6sung zur Verf\u00fcgung.<br \/>Das Bild zeigt unsere Standardst\u00e4rke:<br \/>18mm dick (1,5kg \/ 3kg)<br \/>14mm dick (0,5kg \/ 1,5kg)<\/p><\/div>\n<p><!--more--><\/p>\n<h4>Wie entstehen magnetische Druckkn\u00f6pfe?<\/h4>\n<p>Der weibliche Teil eines magnetischen Schnappers enth\u00e4lt in der Regel den Magneten, w\u00e4hrend der m\u00e4nnliche Teil ein ferromagnetisches Material enth\u00e4lt, das vom Magneten angezogen wird, wie z. B. Eisen oder Stahl, und magnetisiert wird.<\/p>\n<p><img decoding=\"async\" class=\"lazyload wp-image-7163\" title=\"magnetisches Druckknopfteil\" src=\"https:\/\/richarms.com\/wp-content\/uploads\/2020\/03\/\u8d85\u8584\u78c1\u529b-e1626186192975.png\" data-orig-src=\"https:\/\/richarms.com\/wp-content\/uploads\/2020\/03\/\u8d85\u8584\u78c1\u529b-e1626186192975.png\" alt=\"\" width=\"449\" height=\"131\" srcset=\"data:image\/svg+xml,%3Csvg%20xmlns%3D%27http%3A%2F%2Fwww.w3.org%2F2000%2Fsvg%27%20width%3D%27449%27%20height%3D%27131%27%20viewBox%3D%270%200%20449%20131%27%3E%3Crect%20width%3D%27449%27%20height%3D%27131%27%20fill-opacity%3D%220%22%2F%3E%3C%2Fsvg%3E\" data-srcset=\"https:\/\/richarms.com\/wp-content\/uploads\/2020\/03\/\u8d85\u8584\u78c1\u529b-e1626186192975-200x58.png 200w, https:\/\/richarms.com\/wp-content\/uploads\/2020\/03\/\u8d85\u8584\u78c1\u529b-e1626186192975-300x87.png 300w, https:\/\/richarms.com\/wp-content\/uploads\/2020\/03\/\u8d85\u8584\u78c1\u529b-e1626186192975-400x117.png 400w, https:\/\/richarms.com\/wp-content\/uploads\/2020\/03\/\u8d85\u8584\u78c1\u529b-e1626186192975-500x146.png 500w, https:\/\/richarms.com\/wp-content\/uploads\/2020\/03\/\u8d85\u8584\u78c1\u529b-e1626186192975-600x175.png 600w, https:\/\/richarms.com\/wp-content\/uploads\/2020\/03\/\u8d85\u8584\u78c1\u529b-e1626186192975-700x204.png 700w, https:\/\/richarms.com\/wp-content\/uploads\/2020\/03\/\u8d85\u8584\u78c1\u529b-e1626186192975-768x224.png 768w, https:\/\/richarms.com\/wp-content\/uploads\/2020\/03\/\u8d85\u8584\u78c1\u529b-e1626186192975-800x233.png 800w, https:\/\/richarms.com\/wp-content\/uploads\/2020\/03\/\u8d85\u8584\u78c1\u529b-e1626186192975.png 885w\" data-sizes=\"auto\" data-orig-sizes=\"(max-width: 449px) 100vw, 449px\" \/><\/p>\n<p><img decoding=\"async\" class=\"lazyload wp-image-7161\" title=\"magnetisches Druckknopfmaterial\" src=\"https:\/\/richarms.com\/wp-content\/uploads\/2020\/03\/materials-e1626143269166.png\" data-orig-src=\"https:\/\/richarms.com\/wp-content\/uploads\/2020\/03\/materials-e1626143269166.png\" alt=\"\" width=\"446\" height=\"199\" srcset=\"data:image\/svg+xml,%3Csvg%20xmlns%3D%27http%3A%2F%2Fwww.w3.org%2F2000%2Fsvg%27%20width%3D%27446%27%20height%3D%27199%27%20viewBox%3D%270%200%20446%20199%27%3E%3Crect%20width%3D%27446%27%20height%3D%27199%27%20fill-opacity%3D%220%22%2F%3E%3C%2Fsvg%3E\" data-srcset=\"https:\/\/richarms.com\/wp-content\/uploads\/2020\/03\/materials-e1626143269166-200x89.png 200w, https:\/\/richarms.com\/wp-content\/uploads\/2020\/03\/materials-e1626143269166-300x134.png 300w, https:\/\/richarms.com\/wp-content\/uploads\/2020\/03\/materials-e1626143269166-400x178.png 400w, https:\/\/richarms.com\/wp-content\/uploads\/2020\/03\/materials-e1626143269166-500x223.png 500w, https:\/\/richarms.com\/wp-content\/uploads\/2020\/03\/materials-e1626143269166.png 511w\" data-sizes=\"auto\" data-orig-sizes=\"(max-width: 446px) 100vw, 446px\" \/><\/p>\n<p><!--more--><\/p>\n<h4>Welches Detail m\u00f6chten wir Ihnen best\u00e4tigen, wenn Sie eine perfekte L\u00f6sung f\u00fcr Ihre Tasche &amp; Geldb\u00f6rse, Ihre Kleidung oder Ihr Mini-Elektroger\u00e4t ben\u00f6tigen?<\/h4>\n<p style=\"text-align: left;\"><strong>Schritt 1: Material ausw\u00e4hlen<br \/>\n<\/strong>Weibliche Kapsel:  Eisen, gew\u00f6hnliches Messing oder Umweltmessing verf\u00fcgbar<strong><br \/>\n<\/strong>M\u00e4nnliche Kapsel: Eisen<\/p>\n<p><strong><b>Schritt 2: W\u00e4hlen Sie F<\/b><\/strong><strong><b>Farbtypen<\/b><\/strong><strong><b><br \/>\n<\/b><\/strong>Weiblicher Schnappverschluss: Einfarbig, gemustert, Logo<\/p>\n<p><img decoding=\"async\" class=\"lazyload wp-image-7166\" title=\"magnetische Druckkn\u00f6pfe weibliche Ausf\u00fchrung\" src=\"data:image\/svg+xml,%3Csvg%20xmlns%3D%27http%3A%2F%2Fwww.w3.org%2F2000%2Fsvg%27%20width%3D%27288%27%20height%3D%27135%27%20viewBox%3D%270%200%20288%20135%27%3E%3Crect%20width%3D%27288%27%20height%3D%27135%27%20fill-opacity%3D%220%22%2F%3E%3C%2Fsvg%3E\" data-orig-src=\"https:\/\/richarms.com\/wp-content\/uploads\/2020\/03\/\u56fe\u72473.jpg\" alt=\"\" width=\"288\" height=\"135\" \/><\/p>\n<p>M\u00e4nnlicher Schnapper: Einfarbig, Wortlaut, Logo<strong><br \/>\n<\/strong><\/p>\n<p><img decoding=\"async\" class=\"lazyload wp-image-7180\" title=\"magnetische Druckkn\u00f6pfe m\u00e4nnliche Ausf\u00fchrung\" src=\"https:\/\/richarms.com\/wp-content\/uploads\/2020\/03\/\u56fe\u72474.jpg\" data-orig-src=\"https:\/\/richarms.com\/wp-content\/uploads\/2020\/03\/\u56fe\u72474.jpg\" alt=\"\" width=\"301\" height=\"121\" srcset=\"data:image\/svg+xml,%3Csvg%20xmlns%3D%27http%3A%2F%2Fwww.w3.org%2F2000%2Fsvg%27%20width%3D%27301%27%20height%3D%27121%27%20viewBox%3D%270%200%20301%20121%27%3E%3Crect%20width%3D%27301%27%20height%3D%27121%27%20fill-opacity%3D%220%22%2F%3E%3C%2Fsvg%3E\" data-srcset=\"https:\/\/richarms.com\/wp-content\/uploads\/2020\/03\/\u56fe\u72474-200x80.jpg 200w, https:\/\/richarms.com\/wp-content\/uploads\/2020\/03\/\u56fe\u72474-300x120.jpg 300w, https:\/\/richarms.com\/wp-content\/uploads\/2020\/03\/\u56fe\u72474-400x160.jpg 400w, https:\/\/richarms.com\/wp-content\/uploads\/2020\/03\/\u56fe\u72474-500x200.jpg 500w, https:\/\/richarms.com\/wp-content\/uploads\/2020\/03\/\u56fe\u72474-600x241.jpg 600w, https:\/\/richarms.com\/wp-content\/uploads\/2020\/03\/\u56fe\u72474.jpg 651w\" data-sizes=\"auto\" data-orig-sizes=\"(max-width: 301px) 100vw, 301px\" \/><\/p>\n<p><strong><b>Schritt 3: Magnetische Druckkn\u00f6pfe Farbe w\u00e4hlen<\/b><\/strong><\/p>\n<div id=\"attachment_5392\" style=\"width: 661px\" class=\"wp-caption alignnone\"><img decoding=\"async\" aria-describedby=\"caption-attachment-5392\" class=\"lazyload wp-image-5392 size-full\" title=\"magnetische Druckkn\u00f6pfe Farbe\" src=\"https:\/\/richarms.com\/wp-content\/uploads\/2018\/07\/RICHARMS-COLOT-DIS.jpg\" data-orig-src=\"https:\/\/richarms.com\/wp-content\/uploads\/2018\/07\/RICHARMS-COLOT-DIS.jpg\" alt=\"\" width=\"651\" height=\"457\" srcset=\"data:image\/svg+xml,%3Csvg%20xmlns%3D%27http%3A%2F%2Fwww.w3.org%2F2000%2Fsvg%27%20width%3D%27651%27%20height%3D%27457%27%20viewBox%3D%270%200%20651%20457%27%3E%3Crect%20width%3D%27651%27%20height%3D%27457%27%20fill-opacity%3D%220%22%2F%3E%3C%2Fsvg%3E\" data-srcset=\"https:\/\/richarms.com\/wp-content\/uploads\/2018\/07\/RICHARMS-COLOT-DIS-200x140.jpg 200w, https:\/\/richarms.com\/wp-content\/uploads\/2018\/07\/RICHARMS-COLOT-DIS-300x211.jpg 300w, https:\/\/richarms.com\/wp-content\/uploads\/2018\/07\/RICHARMS-COLOT-DIS-400x281.jpg 400w, https:\/\/richarms.com\/wp-content\/uploads\/2018\/07\/RICHARMS-COLOT-DIS-500x351.jpg 500w, https:\/\/richarms.com\/wp-content\/uploads\/2018\/07\/RICHARMS-COLOT-DIS-600x421.jpg 600w, https:\/\/richarms.com\/wp-content\/uploads\/2018\/07\/RICHARMS-COLOT-DIS.jpg 651w\" data-sizes=\"auto\" data-orig-sizes=\"(max-width: 651px) 100vw, 651px\" \/><p id=\"caption-attachment-5392\" class=\"wp-caption-text\"><span style=\"font-size: 16px;\">E-Mail f\u00fcr weitere Farboptionen, wie Spray Black, Epoxy Black, Rainbow, Pearl Nickel (Matt Nickel), Pearl Gold, Brush Nickel, Brush Gold, Antique Silver, Antique Black.etc<\/span><\/p><\/div>\n<p><strong><b>Was ist der Unterschied zwischen h\u00e4ngenden und rollenden magnetischen Druckkn\u00f6pfen?<\/b><\/strong><\/p>\n<p>Die Galvanotechnik wird unterteilt in H\u00e4ngegalvanik, Walzengalvanik, Durchlaufgalvanik und B\u00fcrstengalvanik, haupts\u00e4chlich in Abh\u00e4ngigkeit von der Gr\u00f6\u00dfe und der Menge der zu beschichtenden Teile.<\/p>\n<p>H\u00e4ngegalvanik und Walzgalvanik sind zwei verschiedene Verfahren der Galvanik, bei denen eine d\u00fcnne Metallschicht auf die Oberfl\u00e4che eines leitenden Materials aufgebracht wird. Beim H\u00e4ngegalvanisieren wird der zu beschichtende Gegenstand mit Hilfe eines Drahtes oder eines anderen Aufh\u00e4ngungsmechanismus in eine L\u00f6sung der gew\u00fcnschten Metallionen geh\u00e4ngt. Dadurch wird die gesamte Oberfl\u00e4che des Objekts gleichm\u00e4\u00dfig mit dem Metall beschichtet. Bei der Walzenbeschichtung hingegen wird der zu beschichtende Gegenstand mit Hilfe einer Walze oder eines F\u00f6rderbandes durch eine L\u00f6sung der gew\u00fcnschten Metallionen gef\u00fchrt. Diese Methode ist effizienter f\u00fcr die Beschichtung gro\u00dfer oder komplexer Objekte, kann aber zu einer ungleichm\u00e4\u00dfigen Beschichtung oder fehlenden Bereichen f\u00fchren.<\/p>\n<p><img decoding=\"async\" class=\"lazyload wp-image-7165\" title=\"Ausf\u00fchrung mit Magnetdruckkn\u00f6pfen\" src=\"https:\/\/richarms.com\/wp-content\/uploads\/2020\/03\/\u56fe\u72471.jpg\" data-orig-src=\"https:\/\/richarms.com\/wp-content\/uploads\/2020\/03\/\u56fe\u72471.jpg\" alt=\"\" width=\"176\" height=\"248\" srcset=\"data:image\/svg+xml,%3Csvg%20xmlns%3D%27http%3A%2F%2Fwww.w3.org%2F2000%2Fsvg%27%20width%3D%27176%27%20height%3D%27248%27%20viewBox%3D%270%200%20176%20248%27%3E%3Crect%20width%3D%27176%27%20height%3D%27248%27%20fill-opacity%3D%220%22%2F%3E%3C%2Fsvg%3E\" data-srcset=\"https:\/\/richarms.com\/wp-content\/uploads\/2020\/03\/\u56fe\u72471-200x281.jpg 200w, https:\/\/richarms.com\/wp-content\/uploads\/2020\/03\/\u56fe\u72471-213x300.jpg 213w, https:\/\/richarms.com\/wp-content\/uploads\/2020\/03\/\u56fe\u72471.jpg 349w\" data-sizes=\"auto\" data-orig-sizes=\"(max-width: 176px) 100vw, 176px\" \/><\/p>\n<p><strong>Unsere Verpackungen f\u00fcr verschiedene Arten von Geldbeutelverschl\u00fcssen<br \/>\n<\/strong>Alle magnetischen Schnappergr\u00f6\u00dfen k\u00f6nnen mit Schenkeln, Stielen oder Nieten versehen werden.<strong><br \/>\n<\/strong>1 Satz = 1 Stecker, 1 Buchse, 2 Unterlegscheiben<strong><br \/>\n<\/strong>10mm Magnetverschl\u00fcsse: 400 Sets\/Schachtel, 20 oder 30 Schachteln\/Karton<strong><br \/>\n<\/strong>12mm Magnetverschl\u00fcsse: 200 Sets\/Schachtel, 20 oder 30 Schachteln\/Karton<strong><br \/>\n<\/strong>14mm Magnetverschl\u00fcsse: 200 Sets\/Schachtel, 20 oder 30 Schachteln\/Karton<strong><br \/>\n<\/strong>18mm Magnetverschl\u00fcsse: 100 Sets\/Schachtel, 20 oder 30 Schachteln\/Karton<\/p>\n<p><img decoding=\"async\" class=\"lazyload wp-image-5393 size-full\" title=\"magnetische Druckkn\u00f6pfe ganzes Set\" src=\"https:\/\/richarms.com\/wp-content\/uploads\/2018\/07\/20150702163646_50174.jpg\" data-orig-src=\"https:\/\/richarms.com\/wp-content\/uploads\/2018\/07\/20150702163646_50174.jpg\" alt=\"\" width=\"300\" height=\"290\" srcset=\"data:image\/svg+xml,%3Csvg%20xmlns%3D%27http%3A%2F%2Fwww.w3.org%2F2000%2Fsvg%27%20width%3D%27300%27%20height%3D%27290%27%20viewBox%3D%270%200%20300%20290%27%3E%3Crect%20width%3D%27300%27%20height%3D%27290%27%20fill-opacity%3D%220%22%2F%3E%3C%2Fsvg%3E\" data-srcset=\"https:\/\/richarms.com\/wp-content\/uploads\/2018\/07\/20150702163646_50174-200x193.jpg 200w, https:\/\/richarms.com\/wp-content\/uploads\/2018\/07\/20150702163646_50174.jpg 300w\" data-sizes=\"auto\" data-orig-sizes=\"(max-width: 300px) 100vw, 300px\" \/><\/p>\n<p>&nbsp;<\/p>\n<h4><!--more-->Was ist Magnetic Snaps?<\/h4>\n<p>Magnetische Druckkn\u00f6pfe sind kleine Magnete, die h\u00e4ufig in Kleidungsst\u00fccken und Accessoires wie Geldb\u00f6rsen und Taschen verwendet werden, um diese sicher zu verschlie\u00dfen. Wenn zwei magnetische Druckkn\u00f6pfe nahe beieinander platziert werden, ziehen sich die Magnete an und schnappen zusammen, wodurch der Gegenstand geschlossen bleibt. Sie sind eine praktische und einfach zu verwendende Alternative zu herk\u00f6mmlichen Verschl\u00fcssen wie Kn\u00f6pfen oder Rei\u00dfverschl\u00fcssen.<\/p>\n<h4><strong>Fallstudie<\/strong><\/h4>\n<p><img decoding=\"async\" class=\"lazyload wp-image-7160\" title=\"magnetische Druckkn\u00f6pfe Anwendung\" src=\"https:\/\/richarms.com\/wp-content\/uploads\/2020\/03\/application.png\" data-orig-src=\"https:\/\/richarms.com\/wp-content\/uploads\/2020\/03\/application.png\" alt=\"\" width=\"474\" height=\"443\" srcset=\"data:image\/svg+xml,%3Csvg%20xmlns%3D%27http%3A%2F%2Fwww.w3.org%2F2000%2Fsvg%27%20width%3D%27474%27%20height%3D%27443%27%20viewBox%3D%270%200%20474%20443%27%3E%3Crect%20width%3D%27474%27%20height%3D%27443%27%20fill-opacity%3D%220%22%2F%3E%3C%2Fsvg%3E\" data-srcset=\"https:\/\/richarms.com\/wp-content\/uploads\/2020\/03\/application-200x187.png 200w, https:\/\/richarms.com\/wp-content\/uploads\/2020\/03\/application-300x280.png 300w, https:\/\/richarms.com\/wp-content\/uploads\/2020\/03\/application-400x374.png 400w, https:\/\/richarms.com\/wp-content\/uploads\/2020\/03\/application-500x467.png 500w, https:\/\/richarms.com\/wp-content\/uploads\/2020\/03\/application.png 598w\" data-sizes=\"auto\" data-orig-sizes=\"(max-width: 474px) 100vw, 474px\" \/><\/p>","protected":false},"excerpt":{"rendered":"<div class=\"post-content woocommerce-product-details__short-description\">\n<p><strong>Extra d\u00fcnne runde magnetische Druckkn\u00f6pfe<\/strong><\/p>\n<p>Typ: Standard\/Basic\/Klassisch\/Rund\/Extra D\u00fcnn\/Schlank Magnetische Druckkn\u00f6pfe<br \/>\nMaterial: Messing, Eisen, Magnet<br \/>\nModellnummer: RC-E1020\/1220\/1420\/1820<br \/>\nKundenspezifisches Logo verf\u00fcgbar: Laser, ausgeh\u00f6hlt, Werkzeugbau<br \/>\nGr\u00f6\u00dfe: 10mm, 12mm, 14mm, 18mm<br \/>\nSt\u00e4rke: von 0,5 kg - 3 kg, und kundenspezifische St\u00e4rke verf\u00fcgbar<br \/>\nFarbe: Gold \/ Nickel \/ Gun \/ Rose Gold \/ Brush Ant \/ Andere<br \/>\nVerpackung: Kiste und Karton<br \/>\nVersand: LCL\/ LDP\/DHL \/ FedEx \/ TNT \/ Andere<\/p>\n<\/div>","protected":false},"featured_media":6443,"template":"","meta":[],"product_brand":[],"product_cat":[15],"product_tag":[81,82,83,84,85,86,87],"class_list":{"0":"post-2483","1":"product","2":"type-product","3":"status-publish","4":"has-post-thumbnail","6":"product_cat-magnetic-snaps","7":"product_tag-extra-thin","8":"product_tag-slim","9":"product_tag-strong","10":"product_tag-18mm","11":"product_tag-14mm","12":"product_tag-12mm","13":"product_tag-10mm","15":"first","16":"instock","17":"shipping-taxable","18":"product-type-simple"},"aioseo_notices":[],"_links":{"self":[{"href":"https:\/\/richarms.com\/de\/wp-json\/wp\/v2\/product\/2483","targetHints":{"allow":["GET"]}}],"collection":[{"href":"https:\/\/richarms.com\/de\/wp-json\/wp\/v2\/product"}],"about":[{"href":"https:\/\/richarms.com\/de\/wp-json\/wp\/v2\/types\/product"}],"wp:featuredmedia":[{"embeddable":true,"href":"https:\/\/richarms.com\/de\/wp-json\/wp\/v2\/media\/6443"}],"wp:attachment":[{"href":"https:\/\/richarms.com\/de\/wp-json\/wp\/v2\/media?parent=2483"}],"wp:term":[{"taxonomy":"product_brand","embeddable":true,"href":"https:\/\/richarms.com\/de\/wp-json\/wp\/v2\/product_brand?post=2483"},{"taxonomy":"product_cat","embeddable":true,"href":"https:\/\/richarms.com\/de\/wp-json\/wp\/v2\/product_cat?post=2483"},{"taxonomy":"product_tag","embeddable":true,"href":"https:\/\/richarms.com\/de\/wp-json\/wp\/v2\/product_tag?post=2483"}],"curies":[{"name":"wp","href":"https:\/\/api.w.org\/{rel}","templated":true}]}}