{"id":5639,"date":"2021-07-08T20:52:00","date_gmt":"2021-07-08T12:52:00","guid":{"rendered":"https:\/\/richarms.com\/?post_type=product&#038;p=5639"},"modified":"2021-07-14T09:54:59","modified_gmt":"2021-07-14T01:54:59","slug":"metal-lock-for-leather-notebook-6","status":"publish","type":"product","link":"https:\/\/richarms.com\/de\/produkt\/metal-lock-for-leather-notebook-6","title":{"rendered":"Leder-Notizbuchh\u00fclle mit Metallschlie\u00dfe"},"content":{"rendered":"<p><strong>Zn-Legierung dreifach gefaltet Baum Magnet Schlie\u00dfe<\/strong><\/p>\n<p><strong>Material:<br \/>\n<\/strong>Zn-Legierung, Eisen<\/p>\n<p><strong>Gr\u00f6\u00dfe:<br \/>\n<\/strong>B18.2mm x L80.8mm x H2.8mm, 12.6g<\/p>\n<p><strong>Packen Sie<\/strong><strong>\uff1a<br \/>\n<\/strong>Innere Verpackung: Rolling Papier verpackt oder opp Tasche verpackt<br \/>\n\u00c4u\u00dfere Verpackung: Kraft Ctn<\/p>\n<p><strong>Beendet<\/strong><strong>\uff1a<br \/>\n<\/strong>Standardausf\u00fchrung ist PLAIN, kundenspezifisches Logo erh\u00e4ltlich<br \/>\nVerschiedene Farben, poliert, lackiert sind verf\u00fcgbar, um Ihre Anforderungen zu erf\u00fcllen.<\/p>","protected":false},"excerpt":{"rendered":"<p>Zn-Legierung dreifach gefaltet Baum Magnet Schlie\u00dfe<br \/>\nMaterial: Zn-Legierung, Eisen<br \/>\nGr\u00f6\u00dfe: B18.2mm x L80.8mm x H2.8mm<br \/>\nGewicht: 12,6 g<\/p>","protected":false},"featured_media":5652,"template":"","meta":[],"product_brand":[],"product_cat":[73],"product_tag":[],"class_list":{"0":"post-5639","1":"product","2":"type-product","3":"status-publish","4":"has-post-thumbnail","6":"product_cat-leathernotebook-magnetic-closures","8":"first","9":"instock","10":"shipping-taxable","11":"product-type-simple"},"aioseo_notices":[],"_links":{"self":[{"href":"https:\/\/richarms.com\/de\/wp-json\/wp\/v2\/product\/5639","targetHints":{"allow":["GET"]}}],"collection":[{"href":"https:\/\/richarms.com\/de\/wp-json\/wp\/v2\/product"}],"about":[{"href":"https:\/\/richarms.com\/de\/wp-json\/wp\/v2\/types\/product"}],"wp:featuredmedia":[{"embeddable":true,"href":"https:\/\/richarms.com\/de\/wp-json\/wp\/v2\/media\/5652"}],"wp:attachment":[{"href":"https:\/\/richarms.com\/de\/wp-json\/wp\/v2\/media?parent=5639"}],"wp:term":[{"taxonomy":"product_brand","embeddable":true,"href":"https:\/\/richarms.com\/de\/wp-json\/wp\/v2\/product_brand?post=5639"},{"taxonomy":"product_cat","embeddable":true,"href":"https:\/\/richarms.com\/de\/wp-json\/wp\/v2\/product_cat?post=5639"},{"taxonomy":"product_tag","embeddable":true,"href":"https:\/\/richarms.com\/de\/wp-json\/wp\/v2\/product_tag?post=5639"}],"curies":[{"name":"wp","href":"https:\/\/api.w.org\/{rel}","templated":true}]}}