{"id":5692,"date":"2021-07-11T09:46:57","date_gmt":"2021-07-11T01:46:57","guid":{"rendered":"https:\/\/richarms.com\/?post_type=product&#038;p=5692"},"modified":"2025-03-11T22:57:05","modified_gmt":"2025-03-11T14:57:05","slug":"magnetic-grommet-snaps-2","status":"publish","type":"product","link":"https:\/\/richarms.com\/de\/product\/magnetic-grommet-snaps-2","title":{"rendered":"Magnetische \u00d6sendr\u00fccker in Blumenform aus Messing"},"content":{"rendered":"<h1>Brass Made Flower-Shaped Brass Magnetic Eyelet Snaps<\/h1>\n<p>The Magnetic Grommet Snap is the only magnetic grommet in the marketplace today that combines a very strong snap closure with the design aesthetic of a &#8220;pin and hole&#8221; closure.<br \/>\nDie Oberfl\u00e4che der T\u00fclle bietet Platz f\u00fcr ein Logo oder eine Grafik. Designer m\u00f6gen das Aussehen des mittleren Stifts, der das Loch in der T\u00fclle ausf\u00fcllt.<br \/>\nDer Mittelstift kann in einer zur T\u00fclle passenden oder einer kontrastierenden Farbe ausgef\u00fchrt werden.<br \/>\nEr ist in verschiedenen Gr\u00f6\u00dfen erh\u00e4ltlich und kann als Verschluss f\u00fcr Kleidungsst\u00fccke, Geldb\u00f6rsen, Aktenkoffer oder Handtaschen verwendet werden.<br \/>\n* Die \u00d6sen verst\u00e4rken die L\u00f6cher im Material, damit es nicht rei\u00dft oder bricht.<\/p>\n<p><strong>Code und Gr\u00f6\u00dfe:<\/strong><\/p>\n<table width=\"578\">\n<tbody>\n<tr>\n<td width=\"133\">Code<\/td>\n<td width=\"89\">M\u00e4nnlicher Schnapper<br \/>\nDIA<\/td>\n<td width=\"89\">M\u00e4nnlicher Schnapper<br \/>\nTH<\/td>\n<td width=\"89\">\u00d6se<br \/>\nOD<\/td>\n<td width=\"89\">\u00d6se<br \/>\nTH<\/td>\n<td width=\"89\">Zinken<br \/>\nL<\/td>\n<\/tr>\n<tr>\n<td width=\"133\">RC-GM1020 F<\/td>\n<td width=\"89\">10mm<\/td>\n<td width=\"89\">2mm<\/td>\n<td width=\"89\">12mm<\/td>\n<td width=\"89\">7mm<\/td>\n<td width=\"89\">8mm<\/td>\n<\/tr>\n<tr>\n<td width=\"133\">RC-GM1420 F<\/td>\n<td width=\"89\">14mm<\/td>\n<td width=\"89\">2mm<\/td>\n<td width=\"89\">17mm<\/td>\n<td width=\"89\">8mm<\/td>\n<td width=\"89\">8mm<\/td>\n<\/tr>\n<tr>\n<td width=\"133\">RC-GM2020 F<\/td>\n<td width=\"89\">20mm<\/td>\n<td width=\"89\">2mm<\/td>\n<td width=\"89\">20mm<\/td>\n<td width=\"89\">8mm<\/td>\n<td width=\"89\">8mm<\/td>\n<\/tr>\n<\/tbody>\n<\/table>\n<p style=\"text-align: left;\"><strong>Material:<br \/>\n<\/strong>\u00d6se\/Durchf\u00fchrung: Eisen, gew\u00f6hnliches Messing oder Umweltmessing verf\u00fcgbar<strong><br \/>\n<\/strong>M\u00e4nnliche Kapsel: Eisen, Common Brass oder Environmental Brass verf\u00fcgbar<\/p>\n<p style=\"text-align: left;\"><img decoding=\"async\" class=\"lazyload alignnone wp-image-7161\" src=\"https:\/\/richarms.com\/wp-content\/uploads\/2020\/03\/materials-e1626143269166.png\" data-orig-src=\"https:\/\/richarms.com\/wp-content\/uploads\/2020\/03\/materials-e1626143269166.png\" alt=\"\" width=\"446\" height=\"199\" srcset=\"data:image\/svg+xml,%3Csvg%20xmlns%3D%27http%3A%2F%2Fwww.w3.org%2F2000%2Fsvg%27%20width%3D%27446%27%20height%3D%27199%27%20viewBox%3D%270%200%20446%20199%27%3E%3Crect%20width%3D%27446%27%20height%3D%27199%27%20fill-opacity%3D%220%22%2F%3E%3C%2Fsvg%3E\" data-srcset=\"https:\/\/richarms.com\/wp-content\/uploads\/2020\/03\/materials-e1626143269166-200x89.png 200w, https:\/\/richarms.com\/wp-content\/uploads\/2020\/03\/materials-e1626143269166-300x134.png 300w, https:\/\/richarms.com\/wp-content\/uploads\/2020\/03\/materials-e1626143269166-400x178.png 400w, https:\/\/richarms.com\/wp-content\/uploads\/2020\/03\/materials-e1626143269166-500x223.png 500w, https:\/\/richarms.com\/wp-content\/uploads\/2020\/03\/materials-e1626143269166.png 511w\" data-sizes=\"auto\" data-orig-sizes=\"(max-width: 446px) 100vw, 446px\" \/><strong><br \/>\n<\/strong>Innerer Magnet : Neodym-Dauermagnet.<strong><br \/>\n<\/strong>Die Magnetleistung h\u00e4ngt von der Magnetgr\u00f6\u00dfe und der Magnetqualit\u00e4t ab<\/p>\n<p><strong>Packen Sie<\/strong><strong>\uff1a<br \/>\n<\/strong>All diese k\u00f6nnen mit Beinen, Stielen oder Nieten versehen werden.<br \/>\n1 Satz = 1 Stecker, 1 Buchse, 2 Unterlegscheiben<br \/>\n17 mm: 100 Sets\/Karton, 20 Kartons\/Karton<\/p>\n<p><img decoding=\"async\" class=\"lazyload alignnone size-medium wp-image-7488\" src=\"https:\/\/richarms.com\/wp-content\/uploads\/2021\/07\/Grommet-magnetic-snap-300x290.jpg\" data-orig-src=\"https:\/\/richarms.com\/wp-content\/uploads\/2021\/07\/Grommet-magnetic-snap-300x290.jpg\" alt=\"\" width=\"300\" height=\"290\" srcset=\"data:image\/svg+xml,%3Csvg%20xmlns%3D%27http%3A%2F%2Fwww.w3.org%2F2000%2Fsvg%27%20width%3D%27300%27%20height%3D%27290%27%20viewBox%3D%270%200%20300%20290%27%3E%3Crect%20width%3D%27300%27%20height%3D%27290%27%20fill-opacity%3D%220%22%2F%3E%3C%2Fsvg%3E\" data-srcset=\"https:\/\/richarms.com\/wp-content\/uploads\/2021\/07\/Grommet-magnetic-snap-200x194.jpg 200w, https:\/\/richarms.com\/wp-content\/uploads\/2021\/07\/Grommet-magnetic-snap-300x290.jpg 300w, https:\/\/richarms.com\/wp-content\/uploads\/2021\/07\/Grommet-magnetic-snap-400x387.jpg 400w, https:\/\/richarms.com\/wp-content\/uploads\/2021\/07\/Grommet-magnetic-snap-500x484.jpg 500w, https:\/\/richarms.com\/wp-content\/uploads\/2021\/07\/Grommet-magnetic-snap-600x581.jpg 600w, https:\/\/richarms.com\/wp-content\/uploads\/2021\/07\/Grommet-magnetic-snap-700x678.jpg 700w, https:\/\/richarms.com\/wp-content\/uploads\/2021\/07\/Grommet-magnetic-snap.jpg 722w\" data-sizes=\"auto\" data-orig-sizes=\"(max-width: 300px) 100vw, 300px\" \/><\/p>\n<p><strong><b>Unterschied zwischen H\u00e4ngen und Rollen<\/b><\/strong><\/p>\n<p><img decoding=\"async\" class=\"lazyload alignnone wp-image-7165\" src=\"https:\/\/richarms.com\/wp-content\/uploads\/2020\/03\/\u56fe\u72471.jpg\" data-orig-src=\"https:\/\/richarms.com\/wp-content\/uploads\/2020\/03\/\u56fe\u72471.jpg\" alt=\"\" width=\"176\" height=\"248\" srcset=\"data:image\/svg+xml,%3Csvg%20xmlns%3D%27http%3A%2F%2Fwww.w3.org%2F2000%2Fsvg%27%20width%3D%27176%27%20height%3D%27248%27%20viewBox%3D%270%200%20176%20248%27%3E%3Crect%20width%3D%27176%27%20height%3D%27248%27%20fill-opacity%3D%220%22%2F%3E%3C%2Fsvg%3E\" data-srcset=\"https:\/\/richarms.com\/wp-content\/uploads\/2020\/03\/\u56fe\u72471-200x281.jpg 200w, https:\/\/richarms.com\/wp-content\/uploads\/2020\/03\/\u56fe\u72471-213x300.jpg 213w, https:\/\/richarms.com\/wp-content\/uploads\/2020\/03\/\u56fe\u72471.jpg 349w\" data-sizes=\"auto\" data-orig-sizes=\"(max-width: 176px) 100vw, 176px\" \/><\/p>\n<p><strong><b>Regul\u00e4re Farbe Aufgelistet <\/b><\/strong><\/p>\n<p><strong><img decoding=\"async\" class=\"lazyload alignnone size-full wp-image-5392\" src=\"https:\/\/richarms.com\/wp-content\/uploads\/2018\/07\/RICHARMS-COLOT-DIS.jpg\" data-orig-src=\"https:\/\/richarms.com\/wp-content\/uploads\/2018\/07\/RICHARMS-COLOT-DIS.jpg\" alt=\"\" width=\"651\" height=\"457\" srcset=\"data:image\/svg+xml,%3Csvg%20xmlns%3D%27http%3A%2F%2Fwww.w3.org%2F2000%2Fsvg%27%20width%3D%27651%27%20height%3D%27457%27%20viewBox%3D%270%200%20651%20457%27%3E%3Crect%20width%3D%27651%27%20height%3D%27457%27%20fill-opacity%3D%220%22%2F%3E%3C%2Fsvg%3E\" data-srcset=\"https:\/\/richarms.com\/wp-content\/uploads\/2018\/07\/RICHARMS-COLOT-DIS-200x140.jpg 200w, https:\/\/richarms.com\/wp-content\/uploads\/2018\/07\/RICHARMS-COLOT-DIS-300x211.jpg 300w, https:\/\/richarms.com\/wp-content\/uploads\/2018\/07\/RICHARMS-COLOT-DIS-400x281.jpg 400w, https:\/\/richarms.com\/wp-content\/uploads\/2018\/07\/RICHARMS-COLOT-DIS-500x351.jpg 500w, https:\/\/richarms.com\/wp-content\/uploads\/2018\/07\/RICHARMS-COLOT-DIS-600x421.jpg 600w, https:\/\/richarms.com\/wp-content\/uploads\/2018\/07\/RICHARMS-COLOT-DIS.jpg 651w\" data-sizes=\"auto\" data-orig-sizes=\"(max-width: 651px) 100vw, 651px\" \/><\/strong><\/p>\n<p><strong>Anmeldung<\/strong><\/p>\n<h3><img decoding=\"async\" class=\"lazyload alignnone size-full wp-image-7300\" src=\"https:\/\/richarms.com\/wp-content\/uploads\/2021\/07\/\u5fae\u4fe1\u56fe\u7247_20210715111550.png\" data-orig-src=\"https:\/\/richarms.com\/wp-content\/uploads\/2021\/07\/\u5fae\u4fe1\u56fe\u7247_20210715111550.png\" alt=\"\" width=\"445\" height=\"431\" srcset=\"data:image\/svg+xml,%3Csvg%20xmlns%3D%27http%3A%2F%2Fwww.w3.org%2F2000%2Fsvg%27%20width%3D%27445%27%20height%3D%27431%27%20viewBox%3D%270%200%20445%20431%27%3E%3Crect%20width%3D%27445%27%20height%3D%27431%27%20fill-opacity%3D%220%22%2F%3E%3C%2Fsvg%3E\" data-srcset=\"https:\/\/richarms.com\/wp-content\/uploads\/2021\/07\/\u5fae\u4fe1\u56fe\u7247_20210715111550-200x194.png 200w, https:\/\/richarms.com\/wp-content\/uploads\/2021\/07\/\u5fae\u4fe1\u56fe\u7247_20210715111550-300x291.png 300w, https:\/\/richarms.com\/wp-content\/uploads\/2021\/07\/\u5fae\u4fe1\u56fe\u7247_20210715111550-400x387.png 400w, https:\/\/richarms.com\/wp-content\/uploads\/2021\/07\/\u5fae\u4fe1\u56fe\u7247_20210715111550.png 445w\" data-sizes=\"auto\" data-orig-sizes=\"(max-width: 445px) 100vw, 445px\" \/><\/h3>","protected":false},"excerpt":{"rendered":"<p>Type:Zn Alloy Flower Shape Grommet Magnetic Snaps Fastener<br \/>\nMaterial: Messing, Eisen, Magnet<br \/>\nModel Number: RC-GM1020 F,\u00a0RC-GM1420 F,\u00a0RC-GM2020 F<br \/>\nLogo: kann angepasst werden<br \/>\nGr\u00f6\u00dfe: 10mm, 12mm, 14mm, 18mm, 20mm<br \/>\nFarbe: Gold \/ Nickel \/ Gun \/ Rose Gold \/ Brush Ant \/ Andere<br \/>\nVerpackung: Kiste und Karton<br \/>\nVersand: LCL \/ DHL \/ FedEx \/ TNT \/ Andere<\/p>","protected":false},"featured_media":5703,"template":"","meta":[],"product_brand":[],"product_cat":[15],"product_tag":[],"class_list":{"0":"post-5692","1":"product","2":"type-product","3":"status-publish","4":"has-post-thumbnail","6":"product_cat-magnetic-snaps","8":"first","9":"instock","10":"shipping-taxable","11":"product-type-simple"},"aioseo_notices":[],"_links":{"self":[{"href":"https:\/\/richarms.com\/de\/wp-json\/wp\/v2\/product\/5692","targetHints":{"allow":["GET"]}}],"collection":[{"href":"https:\/\/richarms.com\/de\/wp-json\/wp\/v2\/product"}],"about":[{"href":"https:\/\/richarms.com\/de\/wp-json\/wp\/v2\/types\/product"}],"wp:featuredmedia":[{"embeddable":true,"href":"https:\/\/richarms.com\/de\/wp-json\/wp\/v2\/media\/5703"}],"wp:attachment":[{"href":"https:\/\/richarms.com\/de\/wp-json\/wp\/v2\/media?parent=5692"}],"wp:term":[{"taxonomy":"product_brand","embeddable":true,"href":"https:\/\/richarms.com\/de\/wp-json\/wp\/v2\/product_brand?post=5692"},{"taxonomy":"product_cat","embeddable":true,"href":"https:\/\/richarms.com\/de\/wp-json\/wp\/v2\/product_cat?post=5692"},{"taxonomy":"product_tag","embeddable":true,"href":"https:\/\/richarms.com\/de\/wp-json\/wp\/v2\/product_tag?post=5692"}],"curies":[{"name":"wp","href":"https:\/\/api.w.org\/{rel}","templated":true}]}}