{"id":5906,"date":"2021-07-09T10:45:56","date_gmt":"2021-07-09T02:45:56","guid":{"rendered":"https:\/\/richarms.com\/?post_type=product&#038;p=5906"},"modified":"2025-02-23T22:52:42","modified_gmt":"2025-02-23T14:52:42","slug":"magnetic-name-badge","status":"publish","type":"product","link":"https:\/\/richarms.com\/de\/product\/magnetic-name-badge","title":{"rendered":"Magnetisches Namensschild"},"content":{"rendered":"<h1 data-start=\"1686\" data-end=\"1968\">Magnetisches Namensschild<\/h1>\n<p data-start=\"1686\" data-end=\"1968\">Unser <strong data-start=\"1690\" data-end=\"1713\">Magnetisches Namensschild<\/strong> ist eine vielseitige und hochwertige Option f\u00fcr Privatpersonen und Unternehmen. Ausgestattet mit einem rechteckigen Kunststoffabzeichen mit <strong data-start=\"1828\" data-end=\"1851\">drei runde Magnete<\/strong> auf der R\u00fcckseite angebracht, diese <strong data-start=\"1879\" data-end=\"1900\">magnetisches Namensschild<\/strong> sorgt f\u00fcr einen festen Halt und verhindert, dass der Anh\u00e4nger w\u00e4hrend der Benutzung verrutscht.<\/p>\n<ul data-start=\"1970\" data-end=\"2198\">\n<li data-start=\"1970\" data-end=\"2043\"><strong data-start=\"1972\" data-end=\"1987\">Abmessungen:<\/strong> Rechteckige Form mit reichlich Platz f\u00fcr individuelle Gestaltung.<\/li>\n<li data-start=\"2044\" data-end=\"2139\"><strong data-start=\"2046\" data-end=\"2059\">St\u00e4rke:<\/strong> Enth\u00e4lt <strong data-start=\"2069\" data-end=\"2092\">drei runde Magnete<\/strong> und eine <strong data-start=\"2099\" data-end=\"2117\">Magnetfolie<\/strong> f\u00fcr zus\u00e4tzliche Sicherheit.<\/li>\n<li data-start=\"2140\" data-end=\"2198\"><strong data-start=\"2142\" data-end=\"2155\">Material:<\/strong> Langlebiger Kunststoff mit <strong data-start=\"2177\" data-end=\"2197\">magnetische Unterlage<\/strong>.<\/li>\n<\/ul>\n<p data-start=\"2200\" data-end=\"2427\">Perfekt f\u00fcr <strong data-start=\"2212\" data-end=\"2225\">Mitarbeiter<\/strong>, <strong data-start=\"2227\" data-end=\"2242\">Kongresse<\/strong>und <strong data-start=\"2248\" data-end=\"2267\">gesch\u00e4ftliche Anl\u00e4sse<\/strong>diese <strong data-start=\"2274\" data-end=\"2297\">Magnetische Namensschilder<\/strong> erm\u00f6glicht eine einfache Befestigung an der Kleidung ohne Stecknadeln oder Clips und ist damit eine komfortable und professionelle Option f\u00fcr Namensschilder.<\/p>\n<p data-start=\"1529\" data-end=\"1649\">Weitere Optionen finden Sie in unserem <a href=\"https:\/\/richarms.com\/de\/produkt-kategorie\/magnetic-name-tag\/\" target=\"_new\" rel=\"noopener\" data-start=\"1561\" data-end=\"1648\">Magnetische Namensschilder Kollektion<\/a>.<\/p>\n<p data-start=\"1529\" data-end=\"1649\">F\u00fcr Musterbestellungen, bitte<a href=\"http:\/\/richarmshardware.com\/\"> hier einkaufen<\/a><\/p>\n<p data-start=\"1529\" data-end=\"1649\">F\u00fcr innovative Anwendungen besuchen Sie bitte unsere <a href=\"https:\/\/www.pinterest.com\/richarmsaccessoriesgroups\/\">pinterest kanal.<\/a><\/p>\n<p data-start=\"784\" data-end=\"805\">","protected":false},"excerpt":{"rendered":"<div class=\"post-content woocommerce-product-details__short-description\">\n<div class=\"sr-txt-title\">\n<p class=\"sr-txt-h2\">Typ: Magnetisches Namensschild Namensschilder<br \/>\nMaterial: Kunststoff, NdFeB-Magnet, Metallteil &amp; 3M-Band<br \/>\nModell-Nummer: RC-MNT<br \/>\nLogo: kann kost\u00fcmiert werden<br \/>\nGr\u00f6\u00dfe und Form k\u00f6nnen angepasst werden<br \/>\nFarbe: Rohstahl (glatt oder geb\u00fcrstet), auch in anderen Farben erh\u00e4ltlich<br \/>\nVerpackung: Kiste und Karton<br \/>\nVersand: LCL \/ DHL \/ FedEx \/ TNT \/ Andere<\/p>\n<\/div>\n<\/div>","protected":false},"featured_media":5893,"template":"","meta":[],"product_brand":[],"product_cat":[64],"product_tag":[],"class_list":{"0":"post-5906","1":"product","2":"type-product","3":"status-publish","4":"has-post-thumbnail","6":"product_cat-magnetic-name-tag","8":"first","9":"instock","10":"shipping-taxable","11":"product-type-simple"},"aioseo_notices":[],"_links":{"self":[{"href":"https:\/\/richarms.com\/de\/wp-json\/wp\/v2\/product\/5906","targetHints":{"allow":["GET"]}}],"collection":[{"href":"https:\/\/richarms.com\/de\/wp-json\/wp\/v2\/product"}],"about":[{"href":"https:\/\/richarms.com\/de\/wp-json\/wp\/v2\/types\/product"}],"wp:featuredmedia":[{"embeddable":true,"href":"https:\/\/richarms.com\/de\/wp-json\/wp\/v2\/media\/5893"}],"wp:attachment":[{"href":"https:\/\/richarms.com\/de\/wp-json\/wp\/v2\/media?parent=5906"}],"wp:term":[{"taxonomy":"product_brand","embeddable":true,"href":"https:\/\/richarms.com\/de\/wp-json\/wp\/v2\/product_brand?post=5906"},{"taxonomy":"product_cat","embeddable":true,"href":"https:\/\/richarms.com\/de\/wp-json\/wp\/v2\/product_cat?post=5906"},{"taxonomy":"product_tag","embeddable":true,"href":"https:\/\/richarms.com\/de\/wp-json\/wp\/v2\/product_tag?post=5906"}],"curies":[{"name":"wp","href":"https:\/\/api.w.org\/{rel}","templated":true}]}}