{"id":6109,"date":"2021-07-10T14:27:25","date_gmt":"2021-07-10T06:27:25","guid":{"rendered":"https:\/\/richarms.com\/?post_type=product&#038;p=6109"},"modified":"2025-03-28T16:06:59","modified_gmt":"2025-03-28T08:06:59","slug":"zn-alloy-double-rivet-magnetic-snaps-fastener","status":"publish","type":"product","link":"https:\/\/richarms.com\/de\/product\/zn-alloy-double-rivet-magnetic-snaps-fastener","title":{"rendered":"Kundenspezifische magnetische Druckkn\u00f6pfe mit doppelter Niete"},"content":{"rendered":"<h1 data-pm-slice=\"1 1 []\">Zn Alloy Double Rivet Magnetic Snaps Fastener | Richarms<\/h1>\n<h2 data-pm-slice=\"1 1 []\">Zn Alloy Double Rivet Magnetic Snaps Fastener<\/h2>\n<p>Richarms offers the Zn Alloy Double Rivet Magnetic Snaps Fastener, an innovative upgrade from our classic double rivet snaps. This hardware integrates the convenience of magnetic snaps with customizable zinc alloy covers, providing both functionality and a stylish finish for various applications.<\/p>\n<h3 data-pm-slice=\"1 3 []\">Product Details &amp; Features<\/h3>\n<p>Our Zn Alloy Double Rivet Magnetic Snaps Fastener combines the robust fastening of rivets with the sleek appeal of customizable zinc alloy covers. The cover can be uniquely shaped, tailored with engraved or embossed logos, and finished in a wide variety of colors to match your design aesthetics.<\/p>\n<ul>\n<li><strong>Material:<\/strong> Premium Zinc Alloy cover, robust iron base, strong magnetic core.Female Capsule: Steel, Copper or Stainless Steel<br \/>\nM\u00e4nnliche Kapsel: Stahl<br \/>\nRivet Cap: Zn Alloy (copper and steel available)<\/p>\n<p><img decoding=\"async\" class=\"lazyload alignnone wp-image-7161\" src=\"https:\/\/richarms.com\/wp-content\/uploads\/2020\/03\/materials-e1626143269166.png\" data-orig-src=\"https:\/\/richarms.com\/wp-content\/uploads\/2020\/03\/materials-e1626143269166.png\" alt=\"\" width=\"446\" height=\"199\" srcset=\"data:image\/svg+xml,%3Csvg%20xmlns%3D%27http%3A%2F%2Fwww.w3.org%2F2000%2Fsvg%27%20width%3D%27446%27%20height%3D%27199%27%20viewBox%3D%270%200%20446%20199%27%3E%3Crect%20width%3D%27446%27%20height%3D%27199%27%20fill-opacity%3D%220%22%2F%3E%3C%2Fsvg%3E\" data-srcset=\"https:\/\/richarms.com\/wp-content\/uploads\/2020\/03\/materials-e1626143269166-200x89.png 200w, https:\/\/richarms.com\/wp-content\/uploads\/2020\/03\/materials-e1626143269166-300x134.png 300w, https:\/\/richarms.com\/wp-content\/uploads\/2020\/03\/materials-e1626143269166-400x178.png 400w, https:\/\/richarms.com\/wp-content\/uploads\/2020\/03\/materials-e1626143269166-500x223.png 500w, https:\/\/richarms.com\/wp-content\/uploads\/2020\/03\/materials-e1626143269166.png 511w\" data-sizes=\"auto\" data-orig-sizes=\"(max-width: 446px) 100vw, 446px\" \/><\/p>\n<p>Innerer Magnet : Neodym-Dauermagnet.<strong><br \/>\n<\/strong>Die Magnetleistung h\u00e4ngt von der Magnetgr\u00f6\u00dfe und der Magnetqualit\u00e4t ab<\/p>\n<p><img decoding=\"async\" class=\"lazyload alignnone wp-image-7163\" src=\"https:\/\/richarms.com\/wp-content\/uploads\/2020\/03\/\u8d85\u8584\u78c1\u529b-e1626186192975.png\" data-orig-src=\"https:\/\/richarms.com\/wp-content\/uploads\/2020\/03\/\u8d85\u8584\u78c1\u529b-e1626186192975.png\" alt=\"\" width=\"449\" height=\"131\" srcset=\"data:image\/svg+xml,%3Csvg%20xmlns%3D%27http%3A%2F%2Fwww.w3.org%2F2000%2Fsvg%27%20width%3D%27449%27%20height%3D%27131%27%20viewBox%3D%270%200%20449%20131%27%3E%3Crect%20width%3D%27449%27%20height%3D%27131%27%20fill-opacity%3D%220%22%2F%3E%3C%2Fsvg%3E\" data-srcset=\"https:\/\/richarms.com\/wp-content\/uploads\/2020\/03\/\u8d85\u8584\u78c1\u529b-e1626186192975-200x58.png 200w, https:\/\/richarms.com\/wp-content\/uploads\/2020\/03\/\u8d85\u8584\u78c1\u529b-e1626186192975-300x87.png 300w, https:\/\/richarms.com\/wp-content\/uploads\/2020\/03\/\u8d85\u8584\u78c1\u529b-e1626186192975-400x117.png 400w, https:\/\/richarms.com\/wp-content\/uploads\/2020\/03\/\u8d85\u8584\u78c1\u529b-e1626186192975-500x146.png 500w, https:\/\/richarms.com\/wp-content\/uploads\/2020\/03\/\u8d85\u8584\u78c1\u529b-e1626186192975-600x175.png 600w, https:\/\/richarms.com\/wp-content\/uploads\/2020\/03\/\u8d85\u8584\u78c1\u529b-e1626186192975-700x204.png 700w, https:\/\/richarms.com\/wp-content\/uploads\/2020\/03\/\u8d85\u8584\u78c1\u529b-e1626186192975-768x224.png 768w, https:\/\/richarms.com\/wp-content\/uploads\/2020\/03\/\u8d85\u8584\u78c1\u529b-e1626186192975-800x233.png 800w, https:\/\/richarms.com\/wp-content\/uploads\/2020\/03\/\u8d85\u8584\u78c1\u529b-e1626186192975.png 885w\" data-sizes=\"auto\" data-orig-sizes=\"(max-width: 449px) 100vw, 449px\" \/><\/li>\n<li><strong>Anpassungsoptionen:<\/strong> Shape, engraved logo, embossed logo, surface treatment (polishing, brushing, etc.), and color variations (gold, silver, antique brass, matte black, rainbow, and more).<\/li>\n<li><strong>Magnetische St\u00e4rke:<\/strong> Adjustable magnetic strength to cater to various product requirements.<img decoding=\"async\" class=\"lazyload alignnone wp-image-7168\" src=\"https:\/\/richarms.com\/wp-content\/uploads\/2020\/03\/\u5fae\u4fe1\u622a\u56fe_20210712175853.png\" data-orig-src=\"https:\/\/richarms.com\/wp-content\/uploads\/2020\/03\/\u5fae\u4fe1\u622a\u56fe_20210712175853.png\" alt=\"\" width=\"503\" height=\"745\" srcset=\"data:image\/svg+xml,%3Csvg%20xmlns%3D%27http%3A%2F%2Fwww.w3.org%2F2000%2Fsvg%27%20width%3D%27503%27%20height%3D%27745%27%20viewBox%3D%270%200%20503%20745%27%3E%3Crect%20width%3D%27503%27%20height%3D%27745%27%20fill-opacity%3D%220%22%2F%3E%3C%2Fsvg%3E\" data-srcset=\"https:\/\/richarms.com\/wp-content\/uploads\/2020\/03\/\u5fae\u4fe1\u622a\u56fe_20210712175853-200x296.png 200w, https:\/\/richarms.com\/wp-content\/uploads\/2020\/03\/\u5fae\u4fe1\u622a\u56fe_20210712175853-203x300.png 203w, https:\/\/richarms.com\/wp-content\/uploads\/2020\/03\/\u5fae\u4fe1\u622a\u56fe_20210712175853-400x592.png 400w, https:\/\/richarms.com\/wp-content\/uploads\/2020\/03\/\u5fae\u4fe1\u622a\u56fe_20210712175853-500x740.png 500w, https:\/\/richarms.com\/wp-content\/uploads\/2020\/03\/\u5fae\u4fe1\u622a\u56fe_20210712175853.png 531w\" data-sizes=\"auto\" data-orig-sizes=\"(max-width: 503px) 100vw, 503px\" \/><\/li>\n<li><strong>Installation Method:<\/strong> Requires a single round hole in fabric or leather; insert the rivet post and secure with a customized mold or hammer tool.<\/li>\n<\/ul>\n<p><strong>Code und Gr\u00f6\u00dfe:<\/strong><\/p>\n<table style=\"height: 278px;\" width=\"789\">\n<tbody>\n<tr>\n<td width=\"94\">Code<\/td>\n<td width=\"62\">Gr\u00f6\u00dfe<\/td>\n<td width=\"89\">Weiblicher Schnapper<br \/>\nTH<\/td>\n<td width=\"47\">Zinken<br \/>\nL<\/td>\n<td width=\"52\">Magnet<br \/>\nGr\u00f6\u00dfe<\/td>\n<td width=\"58\">Cap\u00a0 \u00a0 \u00a0 \u00a0 \u00a0 Size<\/td>\n<td width=\"140\">Bild<\/td>\n<td width=\"174\">Beschreibung<\/td>\n<\/tr>\n<tr>\n<td width=\"94\">RC-ZDR1420<\/td>\n<td width=\"62\">14mm<\/td>\n<td width=\"89\">2mm<\/td>\n<td width=\"47\">7,6 mm<\/td>\n<td width=\"52\">11mm<\/td>\n<td width=\"58\">12mm<\/td>\n<td width=\"140\"><img decoding=\"async\" class=\"lazyload wp-image-7270 aligncenter\" src=\"https:\/\/richarms.com\/wp-content\/uploads\/2021\/07\/\u56fe\u724716.png\" data-orig-src=\"https:\/\/richarms.com\/wp-content\/uploads\/2021\/07\/\u56fe\u724716.png\" alt=\"\" width=\"124\" height=\"94\" srcset=\"data:image\/svg+xml,%3Csvg%20xmlns%3D%27http%3A%2F%2Fwww.w3.org%2F2000%2Fsvg%27%20width%3D%27124%27%20height%3D%2794%27%20viewBox%3D%270%200%20124%2094%27%3E%3Crect%20width%3D%27124%27%20height%3D%2794%27%20fill-opacity%3D%220%22%2F%3E%3C%2Fsvg%3E\" data-srcset=\"https:\/\/richarms.com\/wp-content\/uploads\/2021\/07\/\u56fe\u724716-200x151.png 200w, https:\/\/richarms.com\/wp-content\/uploads\/2021\/07\/\u56fe\u724716-300x227.png 300w, https:\/\/richarms.com\/wp-content\/uploads\/2021\/07\/\u56fe\u724716-400x303.png 400w, https:\/\/richarms.com\/wp-content\/uploads\/2021\/07\/\u56fe\u724716.png 427w\" data-sizes=\"auto\" data-orig-sizes=\"(max-width: 124px) 100vw, 124px\" \/><\/td>\n<td width=\"174\">D\u00fcnner K\u00f6rper. Standardst\u00e4rke.<br \/>\nElegante, hochmoderne Druckkn\u00f6pfe f\u00fcr Handtaschen, Gep\u00e4ck und Koffer.<\/td>\n<\/tr>\n<tr>\n<td width=\"94\">RC-ZDR1820<\/td>\n<td width=\"62\">18mm<\/td>\n<td width=\"89\">2mm<\/td>\n<td width=\"47\">9mm<\/td>\n<td width=\"52\">12mm<\/td>\n<td width=\"58\">12mm<\/td>\n<td width=\"140\"><img decoding=\"async\" class=\"lazyload alignnone size-full wp-image-7271\" src=\"https:\/\/richarms.com\/wp-content\/uploads\/2021\/07\/\u56fe\u724717.png\" data-orig-src=\"https:\/\/richarms.com\/wp-content\/uploads\/2021\/07\/\u56fe\u724717.png\" alt=\"\" width=\"427\" height=\"323\" srcset=\"data:image\/svg+xml,%3Csvg%20xmlns%3D%27http%3A%2F%2Fwww.w3.org%2F2000%2Fsvg%27%20width%3D%27427%27%20height%3D%27323%27%20viewBox%3D%270%200%20427%20323%27%3E%3Crect%20width%3D%27427%27%20height%3D%27323%27%20fill-opacity%3D%220%22%2F%3E%3C%2Fsvg%3E\" data-srcset=\"https:\/\/richarms.com\/wp-content\/uploads\/2021\/07\/\u56fe\u724717-200x151.png 200w, https:\/\/richarms.com\/wp-content\/uploads\/2021\/07\/\u56fe\u724717-300x227.png 300w, https:\/\/richarms.com\/wp-content\/uploads\/2021\/07\/\u56fe\u724717-400x303.png 400w, https:\/\/richarms.com\/wp-content\/uploads\/2021\/07\/\u56fe\u724717.png 427w\" data-sizes=\"auto\" data-orig-sizes=\"(max-width: 427px) 100vw, 427px\" \/><\/td>\n<td width=\"174\">D\u00fcnner K\u00f6rper mit gro\u00dfer Haltekraft.<br \/>\nF\u00fcr Handtaschen, Reisegep\u00e4ck, Rucks\u00e4cke, Automobil- und Luftfahrtindustrie.<\/td>\n<\/tr>\n<\/tbody>\n<\/table>\n<p>Cap Size: Standard size is 8mm, 9mm, 12mm, 14mm, customized available<\/p>\n<p>&nbsp;<\/p>\n<p><strong><b>F<\/b><\/strong><strong><b>inish:<br \/>\n<\/b><\/strong>Weiblicher Schnappverschluss: Einfarbig, gemustert, Logo<strong><br \/>\n<\/strong><img decoding=\"async\" class=\"lazyload alignnone wp-image-7166\" src=\"data:image\/svg+xml,%3Csvg%20xmlns%3D%27http%3A%2F%2Fwww.w3.org%2F2000%2Fsvg%27%20width%3D%27288%27%20height%3D%27135%27%20viewBox%3D%270%200%20288%20135%27%3E%3Crect%20width%3D%27288%27%20height%3D%27135%27%20fill-opacity%3D%220%22%2F%3E%3C%2Fsvg%3E\" data-orig-src=\"https:\/\/richarms.com\/wp-content\/uploads\/2020\/03\/\u56fe\u72473.jpg\" alt=\"\" width=\"288\" height=\"135\" \/><strong><br \/>\n<\/strong>M\u00e4nnlicher Schnapper: Einfarbig, Wortlaut, Logo<strong><br \/>\n<\/strong><img decoding=\"async\" class=\"lazyload alignnone wp-image-7180\" src=\"https:\/\/richarms.com\/wp-content\/uploads\/2020\/03\/\u56fe\u72474.jpg\" data-orig-src=\"https:\/\/richarms.com\/wp-content\/uploads\/2020\/03\/\u56fe\u72474.jpg\" alt=\"\" width=\"306\" height=\"123\" srcset=\"data:image\/svg+xml,%3Csvg%20xmlns%3D%27http%3A%2F%2Fwww.w3.org%2F2000%2Fsvg%27%20width%3D%27306%27%20height%3D%27123%27%20viewBox%3D%270%200%20306%20123%27%3E%3Crect%20width%3D%27306%27%20height%3D%27123%27%20fill-opacity%3D%220%22%2F%3E%3C%2Fsvg%3E\" data-srcset=\"https:\/\/richarms.com\/wp-content\/uploads\/2020\/03\/\u56fe\u72474-200x80.jpg 200w, https:\/\/richarms.com\/wp-content\/uploads\/2020\/03\/\u56fe\u72474-300x120.jpg 300w, https:\/\/richarms.com\/wp-content\/uploads\/2020\/03\/\u56fe\u72474-400x160.jpg 400w, https:\/\/richarms.com\/wp-content\/uploads\/2020\/03\/\u56fe\u72474-500x200.jpg 500w, https:\/\/richarms.com\/wp-content\/uploads\/2020\/03\/\u56fe\u72474-600x241.jpg 600w, https:\/\/richarms.com\/wp-content\/uploads\/2020\/03\/\u56fe\u72474.jpg 651w\" data-sizes=\"auto\" data-orig-sizes=\"(max-width: 306px) 100vw, 306px\" \/><\/p>\n<p>Zn Alloy Rivet Cap: Plain, Logo<\/p>\n<p><img decoding=\"async\" class=\"lazyload alignnone wp-image-7256\" src=\"https:\/\/richarms.com\/wp-content\/uploads\/2021\/07\/\u56fe\u724721-\u526f\u672c.png\" data-orig-src=\"https:\/\/richarms.com\/wp-content\/uploads\/2021\/07\/\u56fe\u724721-\u526f\u672c.png\" alt=\"\" width=\"282\" height=\"153\" srcset=\"data:image\/svg+xml,%3Csvg%20xmlns%3D%27http%3A%2F%2Fwww.w3.org%2F2000%2Fsvg%27%20width%3D%27282%27%20height%3D%27153%27%20viewBox%3D%270%200%20282%20153%27%3E%3Crect%20width%3D%27282%27%20height%3D%27153%27%20fill-opacity%3D%220%22%2F%3E%3C%2Fsvg%3E\" data-srcset=\"https:\/\/richarms.com\/wp-content\/uploads\/2021\/07\/\u56fe\u724721-\u526f\u672c-200x108.png 200w, https:\/\/richarms.com\/wp-content\/uploads\/2021\/07\/\u56fe\u724721-\u526f\u672c-300x163.png 300w, https:\/\/richarms.com\/wp-content\/uploads\/2021\/07\/\u56fe\u724721-\u526f\u672c-400x217.png 400w, https:\/\/richarms.com\/wp-content\/uploads\/2021\/07\/\u56fe\u724721-\u526f\u672c-500x271.png 500w, https:\/\/richarms.com\/wp-content\/uploads\/2021\/07\/\u56fe\u724721-\u526f\u672c.png 528w\" data-sizes=\"auto\" data-orig-sizes=\"(max-width: 282px) 100vw, 282px\" \/><\/p>\n<p><strong>Pack\uff1a<\/strong><br \/>\nAll diese k\u00f6nnen mit Beinen, Stielen oder Nieten versehen werden.<br \/>\n1 set = 1 Male, 1 Female, 2 Rivet cap<br \/>\n14mm: 200 Sets\/Karton, 20 Kartons\/Karton<br \/>\n18 mm: 100 Sets\/Karton, 20 Kartons\/Karton<\/p>\n<p><img decoding=\"async\" class=\"lazyload alignnone size-full wp-image-7281\" src=\"https:\/\/richarms.com\/wp-content\/uploads\/2021\/07\/\u53cc\u649e\u4ecb\u7ecd\u542b\u6c34\u5370_\u526f\u672c.jpg\" data-orig-src=\"https:\/\/richarms.com\/wp-content\/uploads\/2021\/07\/\u53cc\u649e\u4ecb\u7ecd\u542b\u6c34\u5370_\u526f\u672c.jpg\" alt=\"\" width=\"300\" height=\"286\" srcset=\"data:image\/svg+xml,%3Csvg%20xmlns%3D%27http%3A%2F%2Fwww.w3.org%2F2000%2Fsvg%27%20width%3D%27300%27%20height%3D%27286%27%20viewBox%3D%270%200%20300%20286%27%3E%3Crect%20width%3D%27300%27%20height%3D%27286%27%20fill-opacity%3D%220%22%2F%3E%3C%2Fsvg%3E\" data-srcset=\"https:\/\/richarms.com\/wp-content\/uploads\/2021\/07\/\u53cc\u649e\u4ecb\u7ecd\u542b\u6c34\u5370_\u526f\u672c-200x191.jpg 200w, https:\/\/richarms.com\/wp-content\/uploads\/2021\/07\/\u53cc\u649e\u4ecb\u7ecd\u542b\u6c34\u5370_\u526f\u672c.jpg 300w\" data-sizes=\"auto\" data-orig-sizes=\"(max-width: 300px) 100vw, 300px\" \/><\/p>\n<p><strong><b>Regul\u00e4re Farbe Aufgelistet <\/b><\/strong><strong>:<br \/>\n<\/strong><strong><img decoding=\"async\" class=\"lazyload alignnone size-full wp-image-5392\" src=\"https:\/\/richarms.com\/wp-content\/uploads\/2018\/07\/RICHARMS-COLOT-DIS.jpg\" data-orig-src=\"https:\/\/richarms.com\/wp-content\/uploads\/2018\/07\/RICHARMS-COLOT-DIS.jpg\" alt=\"\" width=\"651\" height=\"457\" srcset=\"data:image\/svg+xml,%3Csvg%20xmlns%3D%27http%3A%2F%2Fwww.w3.org%2F2000%2Fsvg%27%20width%3D%27651%27%20height%3D%27457%27%20viewBox%3D%270%200%20651%20457%27%3E%3Crect%20width%3D%27651%27%20height%3D%27457%27%20fill-opacity%3D%220%22%2F%3E%3C%2Fsvg%3E\" data-srcset=\"https:\/\/richarms.com\/wp-content\/uploads\/2018\/07\/RICHARMS-COLOT-DIS-200x140.jpg 200w, https:\/\/richarms.com\/wp-content\/uploads\/2018\/07\/RICHARMS-COLOT-DIS-300x211.jpg 300w, https:\/\/richarms.com\/wp-content\/uploads\/2018\/07\/RICHARMS-COLOT-DIS-400x281.jpg 400w, https:\/\/richarms.com\/wp-content\/uploads\/2018\/07\/RICHARMS-COLOT-DIS-500x351.jpg 500w, https:\/\/richarms.com\/wp-content\/uploads\/2018\/07\/RICHARMS-COLOT-DIS-600x421.jpg 600w, https:\/\/richarms.com\/wp-content\/uploads\/2018\/07\/RICHARMS-COLOT-DIS.jpg 651w\" data-sizes=\"auto\" data-orig-sizes=\"(max-width: 651px) 100vw, 651px\" \/><\/strong><\/p>\n<p>E-Mail f\u00fcr weitere Farbbilder, wie Spray Black, Rainbow, Pearl Nkl, Pearl Gold, Brush Nkl, Brush Gold, .etc<\/p>\n<p><strong><b>Was ist der Unterschied zwischen h\u00e4ngender und rollender Qualit\u00e4t?<\/b><\/strong><\/p>\n<p><img decoding=\"async\" class=\"lazyload alignnone wp-image-7165\" src=\"https:\/\/richarms.com\/wp-content\/uploads\/2020\/03\/\u56fe\u72471.jpg\" data-orig-src=\"https:\/\/richarms.com\/wp-content\/uploads\/2020\/03\/\u56fe\u72471.jpg\" alt=\"\" width=\"176\" height=\"248\" srcset=\"data:image\/svg+xml,%3Csvg%20xmlns%3D%27http%3A%2F%2Fwww.w3.org%2F2000%2Fsvg%27%20width%3D%27176%27%20height%3D%27248%27%20viewBox%3D%270%200%20176%20248%27%3E%3Crect%20width%3D%27176%27%20height%3D%27248%27%20fill-opacity%3D%220%22%2F%3E%3C%2Fsvg%3E\" data-srcset=\"https:\/\/richarms.com\/wp-content\/uploads\/2020\/03\/\u56fe\u72471-200x281.jpg 200w, https:\/\/richarms.com\/wp-content\/uploads\/2020\/03\/\u56fe\u72471-213x300.jpg 213w, https:\/\/richarms.com\/wp-content\/uploads\/2020\/03\/\u56fe\u72471.jpg 349w\" data-sizes=\"auto\" data-orig-sizes=\"(max-width: 176px) 100vw, 176px\" \/><\/p>\n<h3 data-pm-slice=\"1 3 []\">Vielseitige Anwendungen<\/h3>\n<p>Zn Alloy Double Rivet Magnetic Snaps Fasteners are ideal for enhancing the elegance and functionality of various products:<\/p>\n<ul>\n<li>Leather handbags and purses<\/li>\n<li>Leather journal covers and notebooks<\/li>\n<li>High-end gift packaging<\/li>\n<li>Customized leather backpacks<\/li>\n<li>Leather sleeves for laptops or tablets<\/li>\n<li>Premium cosmetic bags<\/li>\n<\/ul>\n<p><strong><b><br \/>\n<\/b><\/strong><img decoding=\"async\" class=\"lazyload alignnone wp-image-7160\" src=\"https:\/\/richarms.com\/wp-content\/uploads\/2020\/03\/application.png\" data-orig-src=\"https:\/\/richarms.com\/wp-content\/uploads\/2020\/03\/application.png\" alt=\"\" width=\"474\" height=\"443\" srcset=\"data:image\/svg+xml,%3Csvg%20xmlns%3D%27http%3A%2F%2Fwww.w3.org%2F2000%2Fsvg%27%20width%3D%27474%27%20height%3D%27443%27%20viewBox%3D%270%200%20474%20443%27%3E%3Crect%20width%3D%27474%27%20height%3D%27443%27%20fill-opacity%3D%220%22%2F%3E%3C%2Fsvg%3E\" data-srcset=\"https:\/\/richarms.com\/wp-content\/uploads\/2020\/03\/application-200x187.png 200w, https:\/\/richarms.com\/wp-content\/uploads\/2020\/03\/application-300x280.png 300w, https:\/\/richarms.com\/wp-content\/uploads\/2020\/03\/application-400x374.png 400w, https:\/\/richarms.com\/wp-content\/uploads\/2020\/03\/application-500x467.png 500w, https:\/\/richarms.com\/wp-content\/uploads\/2020\/03\/application.png 598w\" data-sizes=\"auto\" data-orig-sizes=\"(max-width: 474px) 100vw, 474px\" \/><\/p>\n<h3 data-pm-slice=\"1 3 []\">Easy Installation Guide<\/h3>\n<ul>\n<li>DIY users: Simply punch a single round hole into the material, insert the rivet base, and secure the Zn Alloy snap using a hammer and mold.<\/li>\n<li>Production facilities: Efficiently streamline production by utilizing professional hole-punching machines and snap attachment molds available through Richarms.<\/li>\n<\/ul>\n<h3 data-pm-slice=\"1 3 []\">Warum Richarms w\u00e4hlen?<\/h3>\n<p>With extensive experience in magnetic hardware, Richarms provides:<\/p>\n<ul>\n<li>Factory-direct competitive pricing<\/li>\n<li>Exceptional customization capabilities<\/li>\n<li>Rigorous quality assurance<\/li>\n<li>Responsive customer support<\/li>\n<\/ul>\n<h3 data-pm-slice=\"1 1 []\">Ready to Customize?<\/h3>\n<p>Contact our experts for personalized advice, pricing, or order directly from our <a href=\"https:\/\/www.richarmshardware.com\">Shopify online store<\/a>. Enhance your products with our Zn Alloy Double Rivet Magnetic Snaps Fastener today!<\/p>\n<div><\/div>","protected":false},"excerpt":{"rendered":"<p>Type: Extra Thin Zn Alloy Double Rivet Magnetic Snaps Fastener<br \/>\nMaterial: Brass, iron, Magnet<br \/>\nModel Number: RC-ZDR1420\/1820<br \/>\nKundenspezifisches Logo verf\u00fcgbar: Laser, ausgeh\u00f6hlt, Werkzeugbau<br \/>\nSize: 14mm, 18mm<br \/>\nFarbe: Gold \/ Nickel \/ Gun \/ Rose Gold \/ Brush Ant \/ Andere<br \/>\nVerpackung: Kiste und Karton<br \/>\nVersand: LCL \/ DHL \/ FedEx \/ TNT \/ Andere<\/p>","protected":false},"featured_media":6135,"template":"","meta":[],"product_brand":[],"product_cat":[15],"product_tag":[],"class_list":{"0":"post-6109","1":"product","2":"type-product","3":"status-publish","4":"has-post-thumbnail","6":"product_cat-magnetic-snaps","8":"first","9":"instock","10":"shipping-taxable","11":"product-type-simple"},"aioseo_notices":[],"_links":{"self":[{"href":"https:\/\/richarms.com\/de\/wp-json\/wp\/v2\/product\/6109","targetHints":{"allow":["GET"]}}],"collection":[{"href":"https:\/\/richarms.com\/de\/wp-json\/wp\/v2\/product"}],"about":[{"href":"https:\/\/richarms.com\/de\/wp-json\/wp\/v2\/types\/product"}],"wp:featuredmedia":[{"embeddable":true,"href":"https:\/\/richarms.com\/de\/wp-json\/wp\/v2\/media\/6135"}],"wp:attachment":[{"href":"https:\/\/richarms.com\/de\/wp-json\/wp\/v2\/media?parent=6109"}],"wp:term":[{"taxonomy":"product_brand","embeddable":true,"href":"https:\/\/richarms.com\/de\/wp-json\/wp\/v2\/product_brand?post=6109"},{"taxonomy":"product_cat","embeddable":true,"href":"https:\/\/richarms.com\/de\/wp-json\/wp\/v2\/product_cat?post=6109"},{"taxonomy":"product_tag","embeddable":true,"href":"https:\/\/richarms.com\/de\/wp-json\/wp\/v2\/product_tag?post=6109"}],"curies":[{"name":"wp","href":"https:\/\/api.w.org\/{rel}","templated":true}]}}