{"id":6241,"date":"2021-07-07T15:28:38","date_gmt":"2021-07-07T07:28:38","guid":{"rendered":"https:\/\/richarms.com\/?post_type=product&#038;p=6241"},"modified":"2024-10-04T18:12:53","modified_gmt":"2024-10-04T10:12:53","slug":"magnetic-tube-clasp","status":"publish","type":"product","link":"https:\/\/richarms.com\/de\/produkt\/magnetic-tube-clasp","title":{"rendered":"Magnetische Rohrschlie\u00dfe"},"content":{"rendered":"<h2>Gro\u00dfhandel Qualit\u00e4t Magnetic Tube Clasp - Elegant und sicher<\/h2>\n<p>Magnetverschluss aus Edelstahl, Allergiefrei!<br \/>\nKundenspezifisch verf\u00fcgbar.<\/p>\n<p>Material: umweltfreundlicher rostfreier Stahl<br \/>\nFarbe: roher Stahl, Gold, Ros\u00e9gold, Champagner-Gold, und alle Farben verf\u00fcgbar<br \/>\nGr\u00f6\u00dfe: Innenloch 3mm<\/p>\n<div id=\"attachment_6252\" style=\"width: 810px\" class=\"wp-caption alignnone\"><img decoding=\"async\" aria-describedby=\"caption-attachment-6252\" class=\"lazyload wp-image-6252 size-full\" src=\"https:\/\/richarms.com\/wp-content\/uploads\/2019\/08\/richarm-magnetic-closures-for-bracelet.jpg\" data-orig-src=\"https:\/\/richarms.com\/wp-content\/uploads\/2019\/08\/richarm-magnetic-closures-for-bracelet.jpg\" alt=\"Wholesale Magnetic Tube Clasp in Bulk, quality, cost-effective and global delivery\" width=\"800\" height=\"2155\" srcset=\"data:image\/svg+xml,%3Csvg%20xmlns%3D%27http%3A%2F%2Fwww.w3.org%2F2000%2Fsvg%27%20width%3D%27800%27%20height%3D%272155%27%20viewBox%3D%270%200%20800%202155%27%3E%3Crect%20width%3D%27800%27%20height%3D%272155%27%20fill-opacity%3D%220%22%2F%3E%3C%2Fsvg%3E\" data-srcset=\"https:\/\/richarms.com\/wp-content\/uploads\/2019\/08\/richarm-magnetic-closures-for-bracelet-111x300.jpg 111w, https:\/\/richarms.com\/wp-content\/uploads\/2019\/08\/richarm-magnetic-closures-for-bracelet-200x539.jpg 200w, https:\/\/richarms.com\/wp-content\/uploads\/2019\/08\/richarm-magnetic-closures-for-bracelet-380x1024.jpg 380w, https:\/\/richarms.com\/wp-content\/uploads\/2019\/08\/richarm-magnetic-closures-for-bracelet-400x1078.jpg 400w, https:\/\/richarms.com\/wp-content\/uploads\/2019\/08\/richarm-magnetic-closures-for-bracelet-500x1347.jpg 500w, https:\/\/richarms.com\/wp-content\/uploads\/2019\/08\/richarm-magnetic-closures-for-bracelet-600x1616.jpg 600w, https:\/\/richarms.com\/wp-content\/uploads\/2019\/08\/richarm-magnetic-closures-for-bracelet-700x1886.jpg 700w, https:\/\/richarms.com\/wp-content\/uploads\/2019\/08\/richarm-magnetic-closures-for-bracelet-768x2069.jpg 768w, https:\/\/richarms.com\/wp-content\/uploads\/2019\/08\/richarm-magnetic-closures-for-bracelet.jpg 800w\" data-sizes=\"auto\" data-orig-sizes=\"(max-width: 800px) 100vw, 800px\" \/><p id=\"caption-attachment-6252\" class=\"wp-caption-text\">Gro\u00dfhandel Magnetic Tube Clasp in Bulk, Qualit\u00e4t, kosteng\u00fcnstige und globale Lieferung<\/p><\/div>\n<p>Entdecken Sie unser <strong>Magnetische Rohrschlie\u00dfe<\/strong>eine perfekte Mischung aus Einfachheit und Eleganz f\u00fcr Ihre Schmuckdesigns. Diese <strong>Armband Magnetverschlu\u00df<\/strong> verf\u00fcgt \u00fcber eine starke Magnetkraft, die f\u00fcr eine sichere Verbindung sorgt und verhindert, dass sie sich versehentlich l\u00f6st. Das zeitlose Design verleiht jedem Armband oder jeder Halskette einen raffinierten Touch und ist damit die ideale Wahl f\u00fcr K\u00fcnstler, die Wert auf <strong>Innovation<\/strong> in ihren Sch\u00f6pfungen.<\/p>\n<p>Erh\u00e4ltlich in klassischer <strong>Gold<\/strong> und <strong>Silber<\/strong> Unsere Magnetschlie\u00dfe kann auch in verschiedenen Farben gestaltet werden, damit sie zu Ihrem individuellen Stil passt. Hergestellt aus <strong>umweltfreundliche Materialien<\/strong>Unsere Verschl\u00fcsse sind hypoallergen und sicher f\u00fcr alle Tr\u00e4gerinnen und Tr\u00e4ger und verhindern Hautreizungen.<\/p>\n<p>Wir bieten umfassende <strong>Anpassungsdienstleistungen<\/strong>einschlie\u00dflich der Konstruktion von Formen, <strong>lasergravierte Logos<\/strong>, Farbvarianten und personalisierte Verpackungen. F\u00fcr kleine Bestellungen von bis zu 50 Sets k\u00f6nnen Sie bequem \u00fcber unser <a href=\"https:\/\/www.richarmshardware.com\/products\/30pcs-quality-bracelet-magnetic-closures\"><strong>Internetshop<\/strong><\/a>. F\u00fcr Sonderanfertigungen oder gr\u00f6\u00dfere Bestellungen, z\u00f6gern Sie nicht <a href=\"https:\/\/richarms.com\/de\/contact\/\">konsultieren Sie unseren Vertrieb<\/a> Team f\u00fcr ma\u00dfgeschneiderte L\u00f6sungen.<\/p>\n<p>Ob Sie nun auf der Suche sind nach <strong>Magnetverschl\u00fcsse f\u00fcr Lederarmb\u00e4nder<\/strong> oder <strong>Magnetverschl\u00fcsse f\u00fcr Halsketten<\/strong>unser <strong>Magnetische Rohrschlie\u00dfe<\/strong> ist die perfekte Wahl f\u00fcr die sichere und stilvolle Befestigung von Schmuckst\u00fccken.<\/p>\n<p><strong>Wesentliche Merkmale:<\/strong><\/p>\n<ul>\n<li>Starker Magnetverschluss f\u00fcr zuverl\u00e4ssige Befestigung<\/li>\n<li>Elegantes, schlichtes Design, das zu verschiedenen Stilen passt<\/li>\n<li>Erh\u00e4ltlich in Gold und Silber; individuelle Farben m\u00f6glich<\/li>\n<li><strong>Umweltfreundlich<\/strong> und hypoallergene Materialien<\/li>\n<li>Kundenspezifische Optionen: Formdesign, Laserlogo, Farbe und Verpackung<\/li>\n<li>Perfekt f\u00fcr <strong>Halsketten-Magnete<\/strong>, <strong>Magnetverschl\u00fcsse f\u00fcr Halsketten<\/strong>, und mehr<\/li>\n<\/ul>\n<p>Erh\u00f6hen Sie <a href=\"https:\/\/www.pinterest.com\/richarmsaccessoriesgroups\/magnetic-clasps-for-jewelry-designs\/\">Ihr Schmuckdesign<\/a> mit unserem <strong>Magnetverschl\u00fcsse f\u00fcr Halsketten<\/strong> und erleben Sie die perfekte Kombination aus Stil und Funktion.<\/p>\n<p><strong>Warum Richarms Magnetische Rohrschlie\u00dfe?<br \/>\n<\/strong><\/p>\n<p>Werksdirektpreis: \u00dcberspringen Sie die Zwischenstufe, so dass der Preis g\u00fcnstiger ist.<br \/>\nMa\u00dfanfertigung: kundenspezifischer Service, Fertigung nach Ihrer Zeichnung<br \/>\nStrenge Qualit\u00e4tskontrollsysteme: von der Materialauswahl \u00fcber die Produktion bis hin zur Verpackung, und nicht zuletzt vor der Auslieferung<\/p>\n<p><strong><img decoding=\"async\" class=\"lazyload alignnone size-full wp-image-6247\" src=\"https:\/\/richarms.com\/wp-content\/uploads\/2019\/08\/IMG_7549.jpg\" data-orig-src=\"https:\/\/richarms.com\/wp-content\/uploads\/2019\/08\/IMG_7549.jpg\" alt=\"\" width=\"750\" height=\"646\" srcset=\"data:image\/svg+xml,%3Csvg%20xmlns%3D%27http%3A%2F%2Fwww.w3.org%2F2000%2Fsvg%27%20width%3D%27750%27%20height%3D%27646%27%20viewBox%3D%270%200%20750%20646%27%3E%3Crect%20width%3D%27750%27%20height%3D%27646%27%20fill-opacity%3D%220%22%2F%3E%3C%2Fsvg%3E\" data-srcset=\"https:\/\/richarms.com\/wp-content\/uploads\/2019\/08\/IMG_7549-200x172.jpg 200w, https:\/\/richarms.com\/wp-content\/uploads\/2019\/08\/IMG_7549-300x258.jpg 300w, https:\/\/richarms.com\/wp-content\/uploads\/2019\/08\/IMG_7549-400x345.jpg 400w, https:\/\/richarms.com\/wp-content\/uploads\/2019\/08\/IMG_7549-500x431.jpg 500w, https:\/\/richarms.com\/wp-content\/uploads\/2019\/08\/IMG_7549-600x517.jpg 600w, https:\/\/richarms.com\/wp-content\/uploads\/2019\/08\/IMG_7549-700x603.jpg 700w, https:\/\/richarms.com\/wp-content\/uploads\/2019\/08\/IMG_7549.jpg 750w\" data-sizes=\"auto\" data-orig-sizes=\"(max-width: 750px) 100vw, 750px\" \/><br \/>\n<\/strong><\/p>\n<p><img decoding=\"async\" class=\"lazyload alignnone size-full wp-image-6250\" src=\"https:\/\/richarms.com\/wp-content\/uploads\/2019\/08\/richarms-magnetic-bracelet-production.jpg\" data-orig-src=\"https:\/\/richarms.com\/wp-content\/uploads\/2019\/08\/richarms-magnetic-bracelet-production.jpg\" alt=\"\" width=\"717\" height=\"1146\" srcset=\"data:image\/svg+xml,%3Csvg%20xmlns%3D%27http%3A%2F%2Fwww.w3.org%2F2000%2Fsvg%27%20width%3D%27717%27%20height%3D%271146%27%20viewBox%3D%270%200%20717%201146%27%3E%3Crect%20width%3D%27717%27%20height%3D%271146%27%20fill-opacity%3D%220%22%2F%3E%3C%2Fsvg%3E\" data-srcset=\"https:\/\/richarms.com\/wp-content\/uploads\/2019\/08\/richarms-magnetic-bracelet-production-188x300.jpg 188w, https:\/\/richarms.com\/wp-content\/uploads\/2019\/08\/richarms-magnetic-bracelet-production-200x320.jpg 200w, https:\/\/richarms.com\/wp-content\/uploads\/2019\/08\/richarms-magnetic-bracelet-production-400x639.jpg 400w, https:\/\/richarms.com\/wp-content\/uploads\/2019\/08\/richarms-magnetic-bracelet-production-500x799.jpg 500w, https:\/\/richarms.com\/wp-content\/uploads\/2019\/08\/richarms-magnetic-bracelet-production-600x959.jpg 600w, https:\/\/richarms.com\/wp-content\/uploads\/2019\/08\/richarms-magnetic-bracelet-production-641x1024.jpg 641w, https:\/\/richarms.com\/wp-content\/uploads\/2019\/08\/richarms-magnetic-bracelet-production-700x1119.jpg 700w, https:\/\/richarms.com\/wp-content\/uploads\/2019\/08\/richarms-magnetic-bracelet-production.jpg 717w\" data-sizes=\"auto\" data-orig-sizes=\"(max-width: 717px) 100vw, 717px\" \/><\/p>","protected":false},"excerpt":{"rendered":"<p>Qualit\u00e4tsarmband Magnetverschl\u00fcsse<\/p>\n<p>Material: umweltfreundlicher rostfreier Stahl<br \/>\nFarbe: roher Stahl, Gold, Ros\u00e9gold, Champagner Gold und alle Farben verf\u00fcgbar<br \/>\nGr\u00f6\u00dfe: Innenloch 3mm<br \/>\nMa\u00dfgeschneiderter Service verf\u00fcgbar<\/p>","protected":false},"featured_media":6260,"template":"","meta":[],"product_brand":[],"product_cat":[72],"product_tag":[],"class_list":{"0":"post-6241","1":"product","2":"type-product","3":"status-publish","4":"has-post-thumbnail","6":"product_cat-bracelet-magnetic-clasp","8":"first","9":"instock","10":"shipping-taxable","11":"product-type-simple"},"aioseo_notices":[],"_links":{"self":[{"href":"https:\/\/richarms.com\/de\/wp-json\/wp\/v2\/product\/6241","targetHints":{"allow":["GET"]}}],"collection":[{"href":"https:\/\/richarms.com\/de\/wp-json\/wp\/v2\/product"}],"about":[{"href":"https:\/\/richarms.com\/de\/wp-json\/wp\/v2\/types\/product"}],"wp:featuredmedia":[{"embeddable":true,"href":"https:\/\/richarms.com\/de\/wp-json\/wp\/v2\/media\/6260"}],"wp:attachment":[{"href":"https:\/\/richarms.com\/de\/wp-json\/wp\/v2\/media?parent=6241"}],"wp:term":[{"taxonomy":"product_brand","embeddable":true,"href":"https:\/\/richarms.com\/de\/wp-json\/wp\/v2\/product_brand?post=6241"},{"taxonomy":"product_cat","embeddable":true,"href":"https:\/\/richarms.com\/de\/wp-json\/wp\/v2\/product_cat?post=6241"},{"taxonomy":"product_tag","embeddable":true,"href":"https:\/\/richarms.com\/de\/wp-json\/wp\/v2\/product_tag?post=6241"}],"curies":[{"name":"wp","href":"https:\/\/api.w.org\/{rel}","templated":true}]}}