{"id":6427,"date":"2021-07-05T15:12:03","date_gmt":"2021-07-05T07:12:03","guid":{"rendered":"https:\/\/richarms.com\/?post_type=product&#038;p=6427"},"modified":"2025-02-28T11:53:01","modified_gmt":"2025-02-28T03:53:01","slug":"carbon-fiber-mini-wallet","status":"publish","type":"product","link":"https:\/\/richarms.com\/de\/product\/carbon-fiber-mini-wallet","title":{"rendered":"Bester Karbonfaser-Kartenhalter f\u00fcr Herren"},"content":{"rendered":"<h2>RFID-Blockierung Kohlefaser-Karteninhaber minimalistische Geldb\u00f6rse mit Edelstahl Bargeld Clip Front Pocket Mini Brieftasche f\u00fcr M\u00e4nner<\/h2>\n<p><img decoding=\"async\" class=\"lazyload alignnone size-full wp-image-6439\" src=\"https:\/\/richarms.com\/wp-content\/uploads\/2019\/09\/IMG_8419.jpg\" data-orig-src=\"https:\/\/richarms.com\/wp-content\/uploads\/2019\/09\/IMG_8419.jpg\" alt=\"\" width=\"800\" height=\"801\" srcset=\"data:image\/svg+xml,%3Csvg%20xmlns%3D%27http%3A%2F%2Fwww.w3.org%2F2000%2Fsvg%27%20width%3D%27800%27%20height%3D%27801%27%20viewBox%3D%270%200%20800%20801%27%3E%3Crect%20width%3D%27800%27%20height%3D%27801%27%20fill-opacity%3D%220%22%2F%3E%3C%2Fsvg%3E\" data-srcset=\"https:\/\/richarms.com\/wp-content\/uploads\/2019\/09\/IMG_8419-66x66.jpg 66w, https:\/\/richarms.com\/wp-content\/uploads\/2019\/09\/IMG_8419-100x100.jpg 100w, https:\/\/richarms.com\/wp-content\/uploads\/2019\/09\/IMG_8419-150x150.jpg 150w, https:\/\/richarms.com\/wp-content\/uploads\/2019\/09\/IMG_8419-200x200.jpg 200w, https:\/\/richarms.com\/wp-content\/uploads\/2019\/09\/IMG_8419-300x300.jpg 300w, https:\/\/richarms.com\/wp-content\/uploads\/2019\/09\/IMG_8419-400x401.jpg 400w, https:\/\/richarms.com\/wp-content\/uploads\/2019\/09\/IMG_8419-500x501.jpg 500w, https:\/\/richarms.com\/wp-content\/uploads\/2019\/09\/IMG_8419-600x601.jpg 600w, https:\/\/richarms.com\/wp-content\/uploads\/2019\/09\/IMG_8419-700x701.jpg 700w, https:\/\/richarms.com\/wp-content\/uploads\/2019\/09\/IMG_8419-768x769.jpg 768w, https:\/\/richarms.com\/wp-content\/uploads\/2019\/09\/IMG_8419.jpg 800w\" data-sizes=\"auto\" data-orig-sizes=\"(max-width: 800px) 100vw, 800px\" \/><br \/>\nNeue Variation Minimalist Geldb\u00f6rse ist aus Kohlefaser-Material, das weit besser als Aluminium alloy.A schlanke, leichte K\u00f6rper, stilvolle sowie praktische Aussehen, RFID-Blockierung Schutz Design.Let jeder frei von der heftigen Geldbeutel Strings und auch f\u00fcr jede Person.<\/p>\n<p><img decoding=\"async\" class=\"lazyload alignnone size-full wp-image-6438\" src=\"https:\/\/richarms.com\/wp-content\/uploads\/2019\/09\/IMG_8418.jpg\" data-orig-src=\"https:\/\/richarms.com\/wp-content\/uploads\/2019\/09\/IMG_8418.jpg\" alt=\"\" width=\"750\" height=\"730\" srcset=\"data:image\/svg+xml,%3Csvg%20xmlns%3D%27http%3A%2F%2Fwww.w3.org%2F2000%2Fsvg%27%20width%3D%27750%27%20height%3D%27730%27%20viewBox%3D%270%200%20750%20730%27%3E%3Crect%20width%3D%27750%27%20height%3D%27730%27%20fill-opacity%3D%220%22%2F%3E%3C%2Fsvg%3E\" data-srcset=\"https:\/\/richarms.com\/wp-content\/uploads\/2019\/09\/IMG_8418-200x195.jpg 200w, https:\/\/richarms.com\/wp-content\/uploads\/2019\/09\/IMG_8418-300x292.jpg 300w, https:\/\/richarms.com\/wp-content\/uploads\/2019\/09\/IMG_8418-400x389.jpg 400w, https:\/\/richarms.com\/wp-content\/uploads\/2019\/09\/IMG_8418-500x487.jpg 500w, https:\/\/richarms.com\/wp-content\/uploads\/2019\/09\/IMG_8418-600x584.jpg 600w, https:\/\/richarms.com\/wp-content\/uploads\/2019\/09\/IMG_8418-700x681.jpg 700w, https:\/\/richarms.com\/wp-content\/uploads\/2019\/09\/IMG_8418.jpg 750w\" data-sizes=\"auto\" data-orig-sizes=\"(max-width: 750px) 100vw, 750px\" \/><\/p>\n<p>Geldscheinklammer Gummiband<br \/>\nDie klassische Geldklammer ist aus rostfreiem Stahl gefertigt, es kann verwendet werden, um Geld handlich zu halten. Anpassungsf\u00e4hige flexible Gurtband deutlich erh\u00f6ht die Karte halten F\u00e4higkeit, seine einfach geeignet f\u00fcr Kartentr\u00e4ger, schwarzes geringes Gewicht Aluminium schlanke Geld Geld Ladung Kartenhalter f\u00fcr vordere R\u00fcckseite Hosentasche tragen.<\/p>\n<p>Schlank und Ultraleicht Brieftaschen f\u00fcr M\u00e4nner, d\u00fcnner als herk\u00f6mmliche Brieftaschen, wiegt nur 2,1 OZ und gr\u00f6\u00dfere F\u00e4higkeit Speicher-Design f\u00fcr bis zu 15 Karten 5 gefaltet Kosten dieser Karte Situation Haushalt mit Cash-Clip, kann es alle Ihre Karten, Clip Bargeld zur gleichen Zeit zu halten.<br \/>\n<img decoding=\"async\" class=\"lazyload alignnone size-full wp-image-6371\" src=\"https:\/\/richarms.com\/wp-content\/uploads\/2019\/07\/IMG_8228.jpg\" data-orig-src=\"https:\/\/richarms.com\/wp-content\/uploads\/2019\/07\/IMG_8228.jpg\" alt=\"\" width=\"750\" height=\"590\" srcset=\"data:image\/svg+xml,%3Csvg%20xmlns%3D%27http%3A%2F%2Fwww.w3.org%2F2000%2Fsvg%27%20width%3D%27750%27%20height%3D%27590%27%20viewBox%3D%270%200%20750%20590%27%3E%3Crect%20width%3D%27750%27%20height%3D%27590%27%20fill-opacity%3D%220%22%2F%3E%3C%2Fsvg%3E\" data-srcset=\"https:\/\/richarms.com\/wp-content\/uploads\/2019\/07\/IMG_8228-200x157.jpg 200w, https:\/\/richarms.com\/wp-content\/uploads\/2019\/07\/IMG_8228-300x236.jpg 300w, https:\/\/richarms.com\/wp-content\/uploads\/2019\/07\/IMG_8228-400x315.jpg 400w, https:\/\/richarms.com\/wp-content\/uploads\/2019\/07\/IMG_8228-500x393.jpg 500w, https:\/\/richarms.com\/wp-content\/uploads\/2019\/07\/IMG_8228-600x472.jpg 600w, https:\/\/richarms.com\/wp-content\/uploads\/2019\/07\/IMG_8228-700x551.jpg 700w, https:\/\/richarms.com\/wp-content\/uploads\/2019\/07\/IMG_8228.jpg 750w\" data-sizes=\"auto\" data-orig-sizes=\"(max-width: 750px) 100vw, 750px\" \/><\/p>\n<p><img decoding=\"async\" class=\"lazyload alignnone size-full wp-image-6435\" src=\"https:\/\/richarms.com\/wp-content\/uploads\/2019\/09\/IMG_8421.jpg\" data-orig-src=\"https:\/\/richarms.com\/wp-content\/uploads\/2019\/09\/IMG_8421.jpg\" alt=\"\" width=\"750\" height=\"511\" srcset=\"data:image\/svg+xml,%3Csvg%20xmlns%3D%27http%3A%2F%2Fwww.w3.org%2F2000%2Fsvg%27%20width%3D%27750%27%20height%3D%27511%27%20viewBox%3D%270%200%20750%20511%27%3E%3Crect%20width%3D%27750%27%20height%3D%27511%27%20fill-opacity%3D%220%22%2F%3E%3C%2Fsvg%3E\" data-srcset=\"https:\/\/richarms.com\/wp-content\/uploads\/2019\/09\/IMG_8421-200x136.jpg 200w, https:\/\/richarms.com\/wp-content\/uploads\/2019\/09\/IMG_8421-300x204.jpg 300w, https:\/\/richarms.com\/wp-content\/uploads\/2019\/09\/IMG_8421-400x273.jpg 400w, https:\/\/richarms.com\/wp-content\/uploads\/2019\/09\/IMG_8421-500x341.jpg 500w, https:\/\/richarms.com\/wp-content\/uploads\/2019\/09\/IMG_8421-600x409.jpg 600w, https:\/\/richarms.com\/wp-content\/uploads\/2019\/09\/IMG_8421-700x477.jpg 700w, https:\/\/richarms.com\/wp-content\/uploads\/2019\/09\/IMG_8421.jpg 750w\" data-sizes=\"auto\" data-orig-sizes=\"(max-width: 750px) 100vw, 750px\" \/><\/p>\n<p>RFID Obstructing Pflegen Sie Ihre pers\u00f6nlichen Daten sowie Bankkarte weit von Dieben Scanning-Tools, versichern Sie Ihr pers\u00f6nliches Eigentum Sicherheit. Folie Taschenbuch weitesten sch\u00fctzt Ihre Bankkarte, Debitkarten, P\u00e4sse sowie Autofahrer Lizenzen.<\/p>\n<p>Hervorragende Qualit\u00e4t Hergestellt aus hochwertiger Kohlefaserschale, korrosionsbest\u00e4ndig, robust und auch aufgesetzt, sorgt f\u00fcr lange Lebensdauer.Premium-Faserstruktur ist nicht nur eine Art Tastgef\u00fchl, sondern zus\u00e4tzlich eine Art Sehsinn.<\/p>\n<p>Material: Karbonfaser &amp; rostfreier Stahl<br \/>\nGr\u00f6\u00dfe:86x54mm<br \/>\nGewicht: 80g<br \/>\nVerpackungsmethode: 1 pc\/opp bag, 1bag\/box<br \/>\nKundenspezifischer Service: Kundenlogo, Werbebox und kundenspezifischer Kartenhalter verf\u00fcgbar<br \/>\nFarbe: schwarz<br \/>\nAnwendung: Werbeartikel, Werbegeschenk, Herrenmode<\/p>\n<p>&nbsp;<\/p>\n<p><img decoding=\"async\" class=\"lazyload alignnone size-full wp-image-6367\" src=\"https:\/\/richarms.com\/wp-content\/uploads\/2019\/07\/IMG_8220.jpg\" data-orig-src=\"https:\/\/richarms.com\/wp-content\/uploads\/2019\/07\/IMG_8220.jpg\" alt=\"\" width=\"750\" height=\"600\" srcset=\"data:image\/svg+xml,%3Csvg%20xmlns%3D%27http%3A%2F%2Fwww.w3.org%2F2000%2Fsvg%27%20width%3D%27750%27%20height%3D%27600%27%20viewBox%3D%270%200%20750%20600%27%3E%3Crect%20width%3D%27750%27%20height%3D%27600%27%20fill-opacity%3D%220%22%2F%3E%3C%2Fsvg%3E\" data-srcset=\"https:\/\/richarms.com\/wp-content\/uploads\/2019\/07\/IMG_8220-177x142.jpg 177w, https:\/\/richarms.com\/wp-content\/uploads\/2019\/07\/IMG_8220-200x160.jpg 200w, https:\/\/richarms.com\/wp-content\/uploads\/2019\/07\/IMG_8220-300x240.jpg 300w, https:\/\/richarms.com\/wp-content\/uploads\/2019\/07\/IMG_8220-400x320.jpg 400w, https:\/\/richarms.com\/wp-content\/uploads\/2019\/07\/IMG_8220-500x400.jpg 500w, https:\/\/richarms.com\/wp-content\/uploads\/2019\/07\/IMG_8220-600x480.jpg 600w, https:\/\/richarms.com\/wp-content\/uploads\/2019\/07\/IMG_8220-700x560.jpg 700w, https:\/\/richarms.com\/wp-content\/uploads\/2019\/07\/IMG_8220.jpg 750w\" data-sizes=\"auto\" data-orig-sizes=\"(max-width: 750px) 100vw, 750px\" \/><\/p>\n<p>Anderes Design der Metallgeldb\u00f6rse <a href=\"https:\/\/richarms.com\/de\/produkt-kategorie\/metal-wallet-card-holder\/\">hier einkaufen<\/a>, Kleine Bestellung bitte <a href=\"https:\/\/www.richarmshardware.com\/collections\/metal-wallet-card-holder\">hier einkaufen<\/a><\/p>","protected":false},"excerpt":{"rendered":"<p><strong>Material:<\/strong> Kohlefaser<br \/>\n<strong>Verwendung:<\/strong> Werbegeschenk, Kartenhalter<br \/>\n<strong>Gr\u00f6\u00dfe:<\/strong> 54x86x8mm<\/p>\n<h4><strong>Die Metallgeldb\u00f6rse wird die traditionelle Geldb\u00f6rse ersetzen:<\/strong><\/h4>\n<div><strong>- Kleine Gr\u00f6\u00dfe:<\/strong> leicht in der Tasche oder in der beliebten Minitasche zu verstauen<\/div>\n<div><strong>- Langlebig:<\/strong> Metall ist stark und hart, gut genug, um scharfen Gegenst\u00e4nden wie Schl\u00fcsseln in Ihrer Tasche standzuhalten.<\/div>\n<div><strong>- RFID-Block:<\/strong> die Kreditkarte sicher in der Brieftasche aufbewahrt werden kann<\/div>\n<div><strong>- POD verf\u00fcgbar:<\/strong> Sie k\u00f6nnen Ihr Logo f\u00fcr das Branding oder den Namen des Kunden auf die Brieftasche f\u00fcr Geschenk, nur einfach durch Laser oder Siebdruck setzen<\/div>\n<div><strong>- Innovativ:<\/strong> Sie k\u00f6nnen das Metallteil leicht anmalen oder anspr\u00fchen<\/div>","protected":false},"featured_media":6428,"template":"","meta":[],"product_brand":[],"product_cat":[67],"product_tag":[],"class_list":{"0":"post-6427","1":"product","2":"type-product","3":"status-publish","4":"has-post-thumbnail","6":"product_cat-metal-wallet-card-holder","8":"first","9":"instock","10":"shipping-taxable","11":"product-type-simple"},"aioseo_notices":[],"_links":{"self":[{"href":"https:\/\/richarms.com\/de\/wp-json\/wp\/v2\/product\/6427","targetHints":{"allow":["GET"]}}],"collection":[{"href":"https:\/\/richarms.com\/de\/wp-json\/wp\/v2\/product"}],"about":[{"href":"https:\/\/richarms.com\/de\/wp-json\/wp\/v2\/types\/product"}],"wp:featuredmedia":[{"embeddable":true,"href":"https:\/\/richarms.com\/de\/wp-json\/wp\/v2\/media\/6428"}],"wp:attachment":[{"href":"https:\/\/richarms.com\/de\/wp-json\/wp\/v2\/media?parent=6427"}],"wp:term":[{"taxonomy":"product_brand","embeddable":true,"href":"https:\/\/richarms.com\/de\/wp-json\/wp\/v2\/product_brand?post=6427"},{"taxonomy":"product_cat","embeddable":true,"href":"https:\/\/richarms.com\/de\/wp-json\/wp\/v2\/product_cat?post=6427"},{"taxonomy":"product_tag","embeddable":true,"href":"https:\/\/richarms.com\/de\/wp-json\/wp\/v2\/product_tag?post=6427"}],"curies":[{"name":"wp","href":"https:\/\/api.w.org\/{rel}","templated":true}]}}