{"id":6581,"date":"2021-07-02T16:09:12","date_gmt":"2021-07-02T08:09:12","guid":{"rendered":"https:\/\/richarms.com\/?post_type=product&#038;p=6581"},"modified":"2025-02-23T11:57:16","modified_gmt":"2025-02-23T03:57:16","slug":"spring-money-clip","status":"publish","type":"product","link":"https:\/\/richarms.com\/de\/product\/spring-money-clip","title":{"rendered":"Feder-Geldklammer"},"content":{"rendered":"<h1 class=\"ma-title\" title=\"Benutzerdefinierte Metall Fr\u00fchling Geldklammer Cash Clip f\u00fcr Brieftasche Zubeh\u00f6r Made in China\">Feder-Geldklammer - Metall Federbelastete Pumpengriff Feder Ersatz f\u00fcr Brieftasche Zubeh\u00f6r<\/h1>\n<p data-start=\"103\" data-end=\"251\"><strong data-start=\"103\" data-end=\"120\">Produktname:<\/strong><br data-start=\"120\" data-end=\"123\" \/><strong data-start=\"123\" data-end=\"144\">Feder-Geldklammer<\/strong> - Ein vielseitiges und funktionelles Accessoire, das die Speicherkapazit\u00e4t und Leistungsf\u00e4higkeit Ihrer Brieftasche erh\u00f6ht.<\/p>\n<div id=\"attachment_6601\" style=\"width: 1034px\" class=\"wp-caption alignnone\"><img decoding=\"async\" aria-describedby=\"caption-attachment-6601\" class=\"lazyload wp-image-6601 size-large\" src=\"https:\/\/richarms.com\/wp-content\/uploads\/2019\/11\/bill-holder-cash-clips-richarms-9-1024x1024.jpg\" data-orig-src=\"https:\/\/richarms.com\/wp-content\/uploads\/2019\/11\/bill-holder-cash-clips-richarms-9-1024x1024.jpg\" alt=\"Spring Money Clip Bar applied in wallet fold, enhancing storage\" width=\"1024\" height=\"1024\" srcset=\"data:image\/svg+xml,%3Csvg%20xmlns%3D%27http%3A%2F%2Fwww.w3.org%2F2000%2Fsvg%27%20width%3D%271024%27%20height%3D%271024%27%20viewBox%3D%270%200%201024%201024%27%3E%3Crect%20width%3D%271024%27%20height%3D%271024%27%20fill-opacity%3D%220%22%2F%3E%3C%2Fsvg%3E\" data-srcset=\"https:\/\/richarms.com\/wp-content\/uploads\/2019\/11\/bill-holder-cash-clips-richarms-9-66x66.jpg 66w, https:\/\/richarms.com\/wp-content\/uploads\/2019\/11\/bill-holder-cash-clips-richarms-9-100x100.jpg 100w, https:\/\/richarms.com\/wp-content\/uploads\/2019\/11\/bill-holder-cash-clips-richarms-9-150x150.jpg 150w, https:\/\/richarms.com\/wp-content\/uploads\/2019\/11\/bill-holder-cash-clips-richarms-9-200x200.jpg 200w, https:\/\/richarms.com\/wp-content\/uploads\/2019\/11\/bill-holder-cash-clips-richarms-9-300x300.jpg 300w, https:\/\/richarms.com\/wp-content\/uploads\/2019\/11\/bill-holder-cash-clips-richarms-9-400x400.jpg 400w, https:\/\/richarms.com\/wp-content\/uploads\/2019\/11\/bill-holder-cash-clips-richarms-9-500x500.jpg 500w, https:\/\/richarms.com\/wp-content\/uploads\/2019\/11\/bill-holder-cash-clips-richarms-9-600x600.jpg 600w, https:\/\/richarms.com\/wp-content\/uploads\/2019\/11\/bill-holder-cash-clips-richarms-9-700x700.jpg 700w, https:\/\/richarms.com\/wp-content\/uploads\/2019\/11\/bill-holder-cash-clips-richarms-9-768x768.jpg 768w, https:\/\/richarms.com\/wp-content\/uploads\/2019\/11\/bill-holder-cash-clips-richarms-9-800x800.jpg 800w, https:\/\/richarms.com\/wp-content\/uploads\/2019\/11\/bill-holder-cash-clips-richarms-9-1024x1024.jpg 1024w, https:\/\/richarms.com\/wp-content\/uploads\/2019\/11\/bill-holder-cash-clips-richarms-9-1200x1200.jpg 1200w\" data-sizes=\"auto\" data-orig-sizes=\"(max-width: 1024px) 100vw, 1024px\" \/><p id=\"caption-attachment-6601\" class=\"wp-caption-text\">Die Federklemme, die in der Brieftasche angebracht ist, sorgt f\u00fcr zus\u00e4tzliche Speicherkapazit\u00e4t und Flexibilit\u00e4t.<\/p><\/div>\n<div id=\"attachment_6594\" style=\"width: 1034px\" class=\"wp-caption alignnone\"><img decoding=\"async\" aria-describedby=\"caption-attachment-6594\" class=\"lazyload wp-image-6594 size-large\" src=\"https:\/\/richarms.com\/wp-content\/uploads\/2019\/11\/bill-holder-cash-clips-richarms-3-1024x1024.jpg\" data-orig-src=\"https:\/\/richarms.com\/wp-content\/uploads\/2019\/11\/bill-holder-cash-clips-richarms-3-1024x1024.jpg\" alt=\"Flexible Spring Money Clip Bar in wallet fold with adjustable opening\" width=\"1024\" height=\"1024\" srcset=\"data:image\/svg+xml,%3Csvg%20xmlns%3D%27http%3A%2F%2Fwww.w3.org%2F2000%2Fsvg%27%20width%3D%271024%27%20height%3D%271024%27%20viewBox%3D%270%200%201024%201024%27%3E%3Crect%20width%3D%271024%27%20height%3D%271024%27%20fill-opacity%3D%220%22%2F%3E%3C%2Fsvg%3E\" data-srcset=\"https:\/\/richarms.com\/wp-content\/uploads\/2019\/11\/bill-holder-cash-clips-richarms-3-66x66.jpg 66w, https:\/\/richarms.com\/wp-content\/uploads\/2019\/11\/bill-holder-cash-clips-richarms-3-100x100.jpg 100w, https:\/\/richarms.com\/wp-content\/uploads\/2019\/11\/bill-holder-cash-clips-richarms-3-150x150.jpg 150w, https:\/\/richarms.com\/wp-content\/uploads\/2019\/11\/bill-holder-cash-clips-richarms-3-200x200.jpg 200w, https:\/\/richarms.com\/wp-content\/uploads\/2019\/11\/bill-holder-cash-clips-richarms-3-300x300.jpg 300w, https:\/\/richarms.com\/wp-content\/uploads\/2019\/11\/bill-holder-cash-clips-richarms-3-400x400.jpg 400w, https:\/\/richarms.com\/wp-content\/uploads\/2019\/11\/bill-holder-cash-clips-richarms-3-500x500.jpg 500w, https:\/\/richarms.com\/wp-content\/uploads\/2019\/11\/bill-holder-cash-clips-richarms-3-600x600.jpg 600w, https:\/\/richarms.com\/wp-content\/uploads\/2019\/11\/bill-holder-cash-clips-richarms-3-700x700.jpg 700w, https:\/\/richarms.com\/wp-content\/uploads\/2019\/11\/bill-holder-cash-clips-richarms-3-768x768.jpg 768w, https:\/\/richarms.com\/wp-content\/uploads\/2019\/11\/bill-holder-cash-clips-richarms-3-800x800.jpg 800w, https:\/\/richarms.com\/wp-content\/uploads\/2019\/11\/bill-holder-cash-clips-richarms-3-1024x1024.jpg 1024w, https:\/\/richarms.com\/wp-content\/uploads\/2019\/11\/bill-holder-cash-clips-richarms-3-1200x1200.jpg 1200w\" data-sizes=\"auto\" data-orig-sizes=\"(max-width: 1024px) 100vw, 1024px\" \/><p id=\"caption-attachment-6594\" class=\"wp-caption-text\">Eine Nahaufnahme der Federklemme in der Brieftaschenfalte, die ihre verstellbare und flexible \u00d6ffnung verdeutlicht.<\/p><\/div>\n<p><a href=\"https:\/\/richarms.com\/de\/produkt\/spring-loaded-money-clip\/\">Nicht-Fr\u00fchjahrsoption hier ansehen<\/a><\/p>\n<p data-start=\"253\" data-end=\"405\"><strong data-start=\"253\" data-end=\"266\">Material:<\/strong><br data-start=\"266\" data-end=\"269\" \/>Hergestellt aus langlebigem <strong data-start=\"287\" data-end=\"295\">Eisen<\/strong>, <strong data-start=\"297\" data-end=\"306\">Messing<\/strong>und <strong data-start=\"312\" data-end=\"326\">Zinklegierung<\/strong>die <strong data-start=\"332\" data-end=\"353\">Geldklammer mit Feder<\/strong> ist f\u00fcr eine lange Nutzungsdauer und ein elegantes Finish konzipiert.<\/p>\n<p data-start=\"407\" data-end=\"517\"><strong data-start=\"407\" data-end=\"416\">Gr\u00f6\u00dfe:<\/strong><br data-start=\"416\" data-end=\"419\" \/>Erh\u00e4ltlich in einer Vielzahl von L\u00e4ngen:<br data-start=\"453\" data-end=\"456\" \/><strong data-start=\"456\" data-end=\"467\">L\u00e4nge:<\/strong> 65mm, 70mm, 75mm, 80mm, 85mm, 90mm, 100mm, 105mm.<\/p>\n<p data-start=\"519\" data-end=\"593\"><strong data-start=\"519\" data-end=\"534\">Nettogewicht:<\/strong><br data-start=\"534\" data-end=\"537\" \/><strong data-start=\"537\" data-end=\"547\">10-15g<\/strong>leicht und dennoch stabil f\u00fcr einfachen Transport.<\/p>\n<p data-start=\"595\" data-end=\"741\"><strong data-start=\"595\" data-end=\"613\">Farboptionen:<\/strong><br data-start=\"613\" data-end=\"616\" \/>W\u00e4hlen Sie aus <strong data-start=\"628\" data-end=\"636\">Gold<\/strong>, <strong data-start=\"638\" data-end=\"648\">Silber<\/strong>, <strong data-start=\"650\" data-end=\"662\">Gunmetal<\/strong>, <strong data-start=\"664\" data-end=\"681\">Antikes Messing<\/strong>und <strong data-start=\"687\" data-end=\"704\">Pinsel antik<\/strong> Oberfl\u00e4chen, die zum Stil Ihrer Brieftasche passen.<\/p>\n<p data-start=\"743\" data-end=\"809\"><strong data-start=\"743\" data-end=\"753\">Die Form:<\/strong><br data-start=\"753\" data-end=\"756\" \/>Klassisch <strong data-start=\"764\" data-end=\"777\">Rechteck<\/strong> Form f\u00fcr ein klares, modernes Aussehen.<\/p>\n<p data-start=\"811\" data-end=\"833\"><strong data-start=\"811\" data-end=\"831\">Optionen f\u00fcr die Verpackung:<\/strong><\/p>\n<ol data-start=\"834\" data-end=\"980\">\n<li data-start=\"834\" data-end=\"933\"><strong data-start=\"837\" data-end=\"855\">Bulk-Verpackung<\/strong> in Polybags, Opp Bags oder Gunny Bags oder nach Ihren spezifischen Anforderungen.<\/li>\n<li data-start=\"934\" data-end=\"980\"><strong data-start=\"937\" data-end=\"961\">Verpackung aus Karton<\/strong> f\u00fcr gr\u00f6\u00dfere Bestellungen.<\/li>\n<\/ol>\n<p data-start=\"982\" data-end=\"1030\"><strong data-start=\"982\" data-end=\"1015\">MOQ (Mindestbestellmenge):<\/strong><br data-start=\"1015\" data-end=\"1018\" \/><strong data-start=\"1018\" data-end=\"1029\">500 St\u00fcck<\/strong>.<\/p>\n<p data-start=\"1032\" data-end=\"1055\"><strong data-start=\"1032\" data-end=\"1053\">Vorlaufzeit f\u00fcr Muster:<\/strong><\/p>\n<ol data-start=\"1056\" data-end=\"1167\">\n<li data-start=\"1056\" data-end=\"1108\"><strong data-start=\"1059\" data-end=\"1079\">Vorhandene Proben<\/strong> sind jederzeit verf\u00fcgbar.<\/li>\n<li data-start=\"1109\" data-end=\"1167\"><strong data-start=\"1112\" data-end=\"1134\">Kundenspezifische Muster<\/strong> ben\u00f6tigen etwa 1-2 Wochen.<\/li>\n<\/ol>\n<p data-start=\"1169\" data-end=\"1256\"><strong data-start=\"1169\" data-end=\"1194\">Produktionsvorlaufzeit:<\/strong><br data-start=\"1194\" data-end=\"1197\" \/>Typischerweise, <strong data-start=\"1208\" data-end=\"1221\">1-2 Wochen<\/strong>je nach Bestellmenge.<\/p>\n<p data-start=\"1258\" data-end=\"1357\"><strong data-start=\"1258\" data-end=\"1279\">Versandmethoden:<\/strong><br data-start=\"1279\" data-end=\"1282\" \/>Wir versenden per <strong data-start=\"1293\" data-end=\"1300\">Meer<\/strong>, <strong data-start=\"1302\" data-end=\"1309\">Luft<\/strong>, oder <strong data-start=\"1314\" data-end=\"1325\">Express<\/strong> (FedEx, DHL, UPS oder E-packet).<\/p>\n<p data-start=\"1359\" data-end=\"1423\"><strong data-start=\"1359\" data-end=\"1375\">Zertifikat:<\/strong><br data-start=\"1375\" data-end=\"1378\" \/>Zertifiziert mit <strong data-start=\"1393\" data-end=\"1400\">SGS<\/strong> zur Qualit\u00e4tssicherung.<\/p>\n<p data-start=\"1425\" data-end=\"1498\"><strong data-start=\"1425\" data-end=\"1443\">Zahlungsbedingungen:<\/strong><br data-start=\"1443\" data-end=\"1446\" \/>Wir akzeptieren <strong data-start=\"1456\" data-end=\"1466\">PayPal<\/strong>, <strong data-start=\"1468\" data-end=\"1485\">Western Union<\/strong>, oder <strong data-start=\"1490\" data-end=\"1497\">T\/T<\/strong>.<\/p>\n<p data-start=\"1500\" data-end=\"1633\"><strong data-start=\"1500\" data-end=\"1512\">Bemerkung:<\/strong><br data-start=\"1512\" data-end=\"1515\" \/><strong data-start=\"1515\" data-end=\"1522\">OEM<\/strong> Dienstleistungen sind willkommen und erm\u00f6glichen es Ihnen, Ihre <strong data-start=\"1577\" data-end=\"1598\">Geldklammer mit Feder<\/strong> f\u00fcr pers\u00f6nliche Zwecke oder zur Markenbildung.<\/p>\n<div id=\"attachment_6589\" style=\"width: 310px\" class=\"wp-caption alignnone\"><img decoding=\"async\" aria-describedby=\"caption-attachment-6589\" class=\"lazyload wp-image-6589 size-medium\" src=\"https:\/\/richarms.com\/wp-content\/uploads\/2019\/11\/2019-11-26_155829-300x232.png\" data-orig-src=\"https:\/\/richarms.com\/wp-content\/uploads\/2019\/11\/2019-11-26_155829-300x232.png\" alt=\"Brass money clip bar used in wallet fold as wallet expansion accessory\" width=\"300\" height=\"232\" srcset=\"data:image\/svg+xml,%3Csvg%20xmlns%3D%27http%3A%2F%2Fwww.w3.org%2F2000%2Fsvg%27%20width%3D%27300%27%20height%3D%27232%27%20viewBox%3D%270%200%20300%20232%27%3E%3Crect%20width%3D%27300%27%20height%3D%27232%27%20fill-opacity%3D%220%22%2F%3E%3C%2Fsvg%3E\" data-srcset=\"https:\/\/richarms.com\/wp-content\/uploads\/2019\/11\/2019-11-26_155829-200x155.png 200w, https:\/\/richarms.com\/wp-content\/uploads\/2019\/11\/2019-11-26_155829-300x232.png 300w, https:\/\/richarms.com\/wp-content\/uploads\/2019\/11\/2019-11-26_155829-400x309.png 400w, https:\/\/richarms.com\/wp-content\/uploads\/2019\/11\/2019-11-26_155829-500x387.png 500w, https:\/\/richarms.com\/wp-content\/uploads\/2019\/11\/2019-11-26_155829.png 600w\" data-sizes=\"auto\" data-orig-sizes=\"(max-width: 300px) 100vw, 300px\" \/><p id=\"caption-attachment-6589\" class=\"wp-caption-text\">Die Geldklammerleiste ist an der Brieftaschenfalte angebracht und bietet zus\u00e4tzliche Funktionalit\u00e4t und Erweiterungsm\u00f6glichkeiten f\u00fcr Ihre Brieftasche.<\/p><\/div>\n<div id=\"attachment_6590\" style=\"width: 310px\" class=\"wp-caption alignnone\"><img decoding=\"async\" aria-describedby=\"caption-attachment-6590\" class=\"lazyload wp-image-6590 size-medium\" src=\"https:\/\/richarms.com\/wp-content\/uploads\/2019\/11\/2019-11-26_155755-300x170.png\" data-orig-src=\"https:\/\/richarms.com\/wp-content\/uploads\/2019\/11\/2019-11-26_155755-300x170.png\" alt=\"Brass money clip bar used in wallet fold, increasing wallet storage capacity\" width=\"300\" height=\"170\" srcset=\"data:image\/svg+xml,%3Csvg%20xmlns%3D%27http%3A%2F%2Fwww.w3.org%2F2000%2Fsvg%27%20width%3D%27300%27%20height%3D%27170%27%20viewBox%3D%270%200%20300%20170%27%3E%3Crect%20width%3D%27300%27%20height%3D%27170%27%20fill-opacity%3D%220%22%2F%3E%3C%2Fsvg%3E\" data-srcset=\"https:\/\/richarms.com\/wp-content\/uploads\/2019\/11\/2019-11-26_155755-200x113.png 200w, https:\/\/richarms.com\/wp-content\/uploads\/2019\/11\/2019-11-26_155755-300x170.png 300w, https:\/\/richarms.com\/wp-content\/uploads\/2019\/11\/2019-11-26_155755-400x226.png 400w, https:\/\/richarms.com\/wp-content\/uploads\/2019\/11\/2019-11-26_155755-500x283.png 500w, https:\/\/richarms.com\/wp-content\/uploads\/2019\/11\/2019-11-26_155755-600x339.png 600w, https:\/\/richarms.com\/wp-content\/uploads\/2019\/11\/2019-11-26_155755-700x396.png 700w, https:\/\/richarms.com\/wp-content\/uploads\/2019\/11\/2019-11-26_155755-768x434.png 768w, https:\/\/richarms.com\/wp-content\/uploads\/2019\/11\/2019-11-26_155755-800x453.png 800w, https:\/\/richarms.com\/wp-content\/uploads\/2019\/11\/2019-11-26_155755.png 838w\" data-sizes=\"auto\" data-orig-sizes=\"(max-width: 300px) 100vw, 300px\" \/><p id=\"caption-attachment-6590\" class=\"wp-caption-text\">Eine Nahaufnahme der Geldklammerleiste, die in der Brieftaschenfalte verwendet wird und zus\u00e4tzlichen Stauraum f\u00fcr Ihre Gegenst\u00e4nde bietet.<\/p><\/div>\n<h3 data-start=\"1640\" data-end=\"1677\"><strong data-start=\"1644\" data-end=\"1675\">SCH\u00dcTZEN SIE IHR BARGELD MIT LEICHTIGKEIT:<\/strong><\/h3>\n<p data-start=\"1678\" data-end=\"2075\">Die <strong data-start=\"1682\" data-end=\"1703\">Geldklammer mit Feder<\/strong> bietet eine bequeme und sichere M\u00f6glichkeit, Ihr Bargeld und Ihre Karten aufzubewahren. Sein <strong data-start=\"1782\" data-end=\"1806\">federbelastete Konstruktion<\/strong> sorgt daf\u00fcr, dass die Clipstange in jedem Winkel ge\u00f6ffnet werden kann und Ihre Gegenst\u00e4nde sicher h\u00e4lt, was eine einfache Handhabung und Zuverl\u00e4ssigkeit gew\u00e4hrleistet. Im Gegensatz zu herk\u00f6mmlichen Geldklammern ist die <strong data-start=\"1966\" data-end=\"1988\">federbelasteter Clip<\/strong> passt sich den verschiedenen Dicken von Scheinen und Karten an und bietet einen flexiblen und starken Halt.<\/p>\n<h3 data-start=\"2077\" data-end=\"2126\"><strong data-start=\"2081\" data-end=\"2124\">IDEAL F\u00dcR INDIVIDUELLE GESTALTUNG UND WERBEAKTIONEN:<\/strong><\/h3>\n<p data-start=\"2127\" data-end=\"2359\">Personalisieren Sie Ihr <strong data-start=\"2144\" data-end=\"2165\">Geldklammer mit Feder<\/strong> mit Ihrem <strong data-start=\"2176\" data-end=\"2184\">Logo<\/strong> f\u00fcr Werbezwecke, Geschenke oder Branding. Ob als Werbegeschenk f\u00fcr Unternehmen oder f\u00fcr den pers\u00f6nlichen Gebrauch, dieses stilvolle und zugleich praktische Accessoire ist eine ausgezeichnete Wahl f\u00fcr eine Reihe von Anwendungen. Wir haben so viele innovative Design f\u00fcr Sie Referenz in <a href=\"https:\/\/www.pinterest.com\/richarmsaccessoriesgroups\/innovative-product-applications-for-magnetic-snaps\/\">pinterest<\/a> Kanal.<\/p>\n<p data-start=\"2361\" data-end=\"2537\">Besuchen Sie <a href=\"https:\/\/richarmshardware.com\" target=\"_new\" rel=\"noopener\" data-start=\"2367\" data-end=\"2411\">Richarms Online Shop<\/a> oder <a href=\"https:\/\/richarms.com\/de\/contact\/\">Kontaktieren Sie uns<\/a> unter <strong data-start=\"2429\" data-end=\"2450\"><a rel=\"noopener\" data-start=\"2431\" data-end=\"2448\">info@richarms.com<\/a><\/strong> zu <a href=\"https:\/\/richarms.com\/de\/produkt\/stainless-steel-money-clip-dollar-shape\/\">Passen Sie Ihr <strong data-start=\"2469\" data-end=\"2490\">Geldklammer mit Feder<\/strong><\/a> und verbessern Sie noch heute die Funktionalit\u00e4t Ihrer Geldb\u00f6rse!<\/p>\n<table border=\"1\">\n<tbody>\n<tr>\n<td><span data-spm-anchor-id=\"a2700.details.pronpeci14.i0.490e74f7Lx6RzL\">Produktname:<\/span><\/td>\n<td>\u00a0Feder-Geldklammer<\/td>\n<\/tr>\n<tr>\n<td>Material:<\/td>\n<td>\u00a0Eisen, Messing, Zn-Legierung<\/td>\n<\/tr>\n<tr>\n<td>Gr\u00f6\u00dfe:<\/td>\n<td>\u00a0L\u00e4nge: 65\/70\/75\/80\/85\/90\/100\/105 mm<\/td>\n<\/tr>\n<tr>\n<td>Nettogewicht:<\/td>\n<td>\u00a010-15g<\/td>\n<\/tr>\n<tr>\n<td>Farbe:<\/td>\n<td>\u00a0Gold, Silber, Pistole, Messing antik, B\u00fcrste antik<\/td>\n<\/tr>\n<tr>\n<td>Die Form:<\/td>\n<td>\u00a0Rechteck<\/td>\n<\/tr>\n<tr>\n<td>Verpacken:<\/td>\n<td>\u00a01) Bulk in Polybag oder opp Tasche oder Gunny Bag oder als Ihre Anforderung<br \/>\n2) Angemessene Menge in Karton verpackt<\/td>\n<\/tr>\n<tr>\n<td>MOQ:<\/td>\n<td>\u00a0500St\u00fcck<\/td>\n<\/tr>\n<tr>\n<td>Vorlaufzeit f\u00fcr Muster:<\/td>\n<td>\u00a01) Vorhandene Muster sind jederzeit verf\u00fcgbar<\/p>\n<p>2) Kundenspezifische Muster ben\u00f6tigen etwa 1-2 Wochen<\/td>\n<\/tr>\n<tr>\n<td>Produktionsvorlaufzeit:<\/td>\n<td>\u00a0in der Regel 1-2 Wochen, je nach der von Ihnen gew\u00fcnschten Menge<\/td>\n<\/tr>\n<tr>\n<td>Versandart:<\/td>\n<td>\u00a0Auf dem Seeweg, auf dem Luftweg, per Express (FedEx, DHL, UPS oder E-packet)<\/td>\n<\/tr>\n<tr>\n<td>Zertifikat:<\/td>\n<td>\u00a0SGS<\/td>\n<\/tr>\n<tr>\n<td>Zahlungsfrist:<\/td>\n<td>\u00a0PayPal oder Western Union oder T\/T<\/td>\n<\/tr>\n<tr>\n<td>Bemerkung:<\/td>\n<td>\u00a0OEM willkommen<\/td>\n<\/tr>\n<\/tbody>\n<\/table>","protected":false},"excerpt":{"rendered":"<p>Produktname:  Feder-Geldklammer<br \/>\nMaterial:  Eisen, Messing, Zn-Legierung<br \/>\nGr\u00f6\u00dfe:  L\u00e4nge: 65\/70\/75\/80\/85\/90\/100\/105 mm<br \/>\nNettogewicht: 10-15g<br \/>\nFarbe: Gold, Silber, Pistole, Messing antik, B\u00fcrste antik<\/p>","protected":false},"featured_media":6595,"template":"","meta":[],"product_brand":[],"product_cat":[74],"product_tag":[],"class_list":{"0":"post-6581","1":"product","2":"type-product","3":"status-publish","4":"has-post-thumbnail","6":"product_cat-dollar-holder","8":"first","9":"instock","10":"shipping-taxable","11":"product-type-simple"},"aioseo_notices":[],"_links":{"self":[{"href":"https:\/\/richarms.com\/de\/wp-json\/wp\/v2\/product\/6581","targetHints":{"allow":["GET"]}}],"collection":[{"href":"https:\/\/richarms.com\/de\/wp-json\/wp\/v2\/product"}],"about":[{"href":"https:\/\/richarms.com\/de\/wp-json\/wp\/v2\/types\/product"}],"wp:featuredmedia":[{"embeddable":true,"href":"https:\/\/richarms.com\/de\/wp-json\/wp\/v2\/media\/6595"}],"wp:attachment":[{"href":"https:\/\/richarms.com\/de\/wp-json\/wp\/v2\/media?parent=6581"}],"wp:term":[{"taxonomy":"product_brand","embeddable":true,"href":"https:\/\/richarms.com\/de\/wp-json\/wp\/v2\/product_brand?post=6581"},{"taxonomy":"product_cat","embeddable":true,"href":"https:\/\/richarms.com\/de\/wp-json\/wp\/v2\/product_cat?post=6581"},{"taxonomy":"product_tag","embeddable":true,"href":"https:\/\/richarms.com\/de\/wp-json\/wp\/v2\/product_tag?post=6581"}],"curies":[{"name":"wp","href":"https:\/\/api.w.org\/{rel}","templated":true}]}}