{"id":6822,"date":"2021-07-05T17:19:38","date_gmt":"2021-07-05T09:19:38","guid":{"rendered":"https:\/\/richarms.com\/?post_type=product&#038;p=6822"},"modified":"2025-02-28T11:07:08","modified_gmt":"2025-02-28T03:07:08","slug":"alumin-slim-card-holder","status":"publish","type":"product","link":"https:\/\/richarms.com\/de\/product\/alumin-slim-card-holder","title":{"rendered":"Alumin Slim Kartenhalter"},"content":{"rendered":"<h1 data-start=\"303\" data-end=\"346\"><strong data-start=\"307\" data-end=\"344\">SEO-optimierte Produktbeschreibung<\/strong><\/h1>\n<p data-start=\"348\" data-end=\"408\"><strong data-start=\"348\" data-end=\"377\">Schlanker Kartenhalter aus Aluminium<\/strong> - <strong data-start=\"380\" data-end=\"408\">Mini-Geldb\u00f6rse mit Fronttasche<\/strong><\/p>\n<p data-start=\"410\" data-end=\"823\"><strong data-start=\"410\" data-end=\"423\">Material:<\/strong> Pr\u00e4mie <strong data-start=\"432\" data-end=\"450\">Aluminium-Legierung<\/strong><br data-start=\"450\" data-end=\"453\" \/><strong data-start=\"453\" data-end=\"462\">Gr\u00f6\u00dfe:<\/strong> 89mm x 60mm<br data-start=\"474\" data-end=\"477\" \/><strong data-start=\"477\" data-end=\"495\">Farboptionen:<\/strong> <strong data-start=\"496\" data-end=\"542\">Schwarz, Silber, Blau, Rosa, Grau, Rot, Gold<\/strong><br data-start=\"542\" data-end=\"545\" \/><strong data-start=\"545\" data-end=\"559\">Verpackung:<\/strong> 1 St\u00fcck pro <strong data-start=\"572\" data-end=\"583\">OPP-Tasche<\/strong>, 1 Beutel pro Karton<br data-start=\"598\" data-end=\"601\" \/><strong data-start=\"601\" data-end=\"627\">Anpassungsoptionen:<\/strong> <strong data-start=\"628\" data-end=\"645\">Kundenlogo<\/strong>, <strong data-start=\"647\" data-end=\"666\" data-is-only-node=\"\">Werbeartikel-Box<\/strong>, <strong data-start=\"668\" data-end=\"683\">Benutzerdefinierte Gr\u00f6\u00dfe<\/strong>, <strong data-start=\"685\" data-end=\"694\">Farbe<\/strong>und <strong data-start=\"700\" data-end=\"713\">Dicke<\/strong><br data-start=\"713\" data-end=\"716\" \/><strong data-start=\"716\" data-end=\"732\">Anwendung:<\/strong> Ideal f\u00fcr <strong data-start=\"743\" data-end=\"764\">Werbeartikel<\/strong>, <strong data-start=\"766\" data-end=\"785\">Werbegeschenke<\/strong>und t\u00e4glich <strong data-start=\"800\" data-end=\"823\">Mode-Accessoires<\/strong><\/p>\n<p data-start=\"410\" data-end=\"823\">Anderes Design der Metallgeldb\u00f6rse <a href=\"https:\/\/richarms.com\/de\/produkt-kategorie\/metal-wallet-card-holder\/\">hier einkaufen<\/a>, Kleine Bestellung bitte <a href=\"https:\/\/www.richarmshardware.com\/collections\/metal-wallet-card-holder\">hier einkaufen<\/a><\/p>\n<div id=\"attachment_6828\" style=\"width: 760px\" class=\"wp-caption alignnone\"><img decoding=\"async\" aria-describedby=\"caption-attachment-6828\" class=\"lazyload wp-image-6828 size-full\" src=\"https:\/\/richarms.com\/wp-content\/uploads\/2019\/12\/richarms-card-holderIMG_684120191226-170534.jpg\" data-orig-src=\"https:\/\/richarms.com\/wp-content\/uploads\/2019\/12\/richarms-card-holderIMG_684120191226-170534.jpg\" alt=\"6 color options for Aluminum Slim Card Holder with one featuring a card inserted, showcasing sleek design and functionality.\" width=\"750\" height=\"800\" srcset=\"data:image\/svg+xml,%3Csvg%20xmlns%3D%27http%3A%2F%2Fwww.w3.org%2F2000%2Fsvg%27%20width%3D%27750%27%20height%3D%27800%27%20viewBox%3D%270%200%20750%20800%27%3E%3Crect%20width%3D%27750%27%20height%3D%27800%27%20fill-opacity%3D%220%22%2F%3E%3C%2Fsvg%3E\" data-srcset=\"https:\/\/richarms.com\/wp-content\/uploads\/2019\/12\/richarms-card-holderIMG_684120191226-170534-200x213.jpg 200w, https:\/\/richarms.com\/wp-content\/uploads\/2019\/12\/richarms-card-holderIMG_684120191226-170534-281x300.jpg 281w, https:\/\/richarms.com\/wp-content\/uploads\/2019\/12\/richarms-card-holderIMG_684120191226-170534-400x427.jpg 400w, https:\/\/richarms.com\/wp-content\/uploads\/2019\/12\/richarms-card-holderIMG_684120191226-170534-500x533.jpg 500w, https:\/\/richarms.com\/wp-content\/uploads\/2019\/12\/richarms-card-holderIMG_684120191226-170534-600x640.jpg 600w, https:\/\/richarms.com\/wp-content\/uploads\/2019\/12\/richarms-card-holderIMG_684120191226-170534-700x747.jpg 700w, https:\/\/richarms.com\/wp-content\/uploads\/2019\/12\/richarms-card-holderIMG_684120191226-170534.jpg 750w\" data-sizes=\"auto\" data-orig-sizes=\"(max-width: 750px) 100vw, 750px\" \/><p id=\"caption-attachment-6828\" class=\"wp-caption-text\">Anzeige von 6 Farboptionen f\u00fcr das Slim Card Holder aus Aluminium, wobei ein Feld eine eingelegte Karte zeigt, um die Benutzerfreundlichkeit und das Design der Brieftasche zu unterstreichen.<\/p><\/div>\n<h3 data-start=\"830\" data-end=\"855\"><strong data-start=\"834\" data-end=\"855\">Produktmerkmale:<\/strong><\/h3>\n<ul>\n<li data-start=\"859\" data-end=\"1106\"><strong data-start=\"859\" data-end=\"888\">Schlankes und langlebiges Design:<\/strong> Die <strong data-start=\"893\" data-end=\"922\">Schlanker Kartenhalter aus Aluminium<\/strong> bietet eine <strong data-start=\"932\" data-end=\"947\">Leichtgewicht<\/strong>, <strong data-start=\"949\" data-end=\"960\">dauerhaft<\/strong>und <strong data-start=\"966\" data-end=\"986\">elegante L\u00f6sung<\/strong> zum Organisieren Ihrer Karten. Sein <strong data-start=\"1018\" data-end=\"1045\">geb\u00fcrstete Aluminiumoberfl\u00e4che<\/strong> gibt ihm ein modernes Aussehen, <strong data-start=\"1065\" data-end=\"1089\">Hightech-Anmutung<\/strong> das hervorsticht.<\/li>\n<li data-start=\"1112\" data-end=\"1313\"><strong data-start=\"1112\" data-end=\"1137\">Anpassbare Optionen:<\/strong> Perfekt f\u00fcr Unternehmen und den privaten Gebrauch ist die <strong data-start=\"1183\" data-end=\"1198\">Karteninhaber<\/strong> kann mit Ihrem pers\u00f6nlichen <strong data-start=\"1227\" data-end=\"1235\">Logo<\/strong>, <strong data-start=\"1237\" data-end=\"1246\">Farbe<\/strong> Pr\u00e4ferenzen, und <strong data-start=\"1264\" data-end=\"1278\">Abmessungen<\/strong> um Ihre individuellen Anforderungen zu erf\u00fcllen.<\/li>\n<li data-start=\"1317\" data-end=\"1527\"><strong data-start=\"1317\" data-end=\"1346\">Verstellbarer elastischer Riemen:<\/strong> Die <strong data-start=\"1351\" data-end=\"1368\">Elastikband<\/strong> erm\u00f6glicht eine flexible Kartenkapazit\u00e4t, so dass Sie problemlos mehrere Karten aufbewahren und an Ihre Bed\u00fcrfnisse anpassen k\u00f6nnen. Der Kartenhalter kann je nach Bedarf erweitert oder verkleinert werden.<\/li>\n<li data-start=\"1531\" data-end=\"1745\"><strong data-start=\"1531\" data-end=\"1558\">Kompakt und handlich:<\/strong> Seine <strong data-start=\"1563\" data-end=\"1579\">schmales Profil<\/strong> macht es leicht zu tragen in <strong data-start=\"1606\" data-end=\"1623\">Vordertaschen<\/strong>und sorgen f\u00fcr ein komfortables und <strong data-start=\"1652\" data-end=\"1676\">organisierte Erfahrung<\/strong>. Perfekt f\u00fcr diejenigen, die eine <strong data-start=\"1706\" data-end=\"1744\">minimalistisches und doch funktionelles Portemonnaie<\/strong>.<\/li>\n<\/ul>\n<div id=\"attachment_6836\" style=\"width: 760px\" class=\"wp-caption alignnone\"><img decoding=\"async\" aria-describedby=\"caption-attachment-6836\" class=\"lazyload wp-image-6836 size-full\" style=\"font-size: 16px;\" src=\"https:\/\/richarms.com\/wp-content\/uploads\/2019\/12\/richarms-card-holderricharms-alumin-alloy-card-holder2.jpg\" data-orig-src=\"https:\/\/richarms.com\/wp-content\/uploads\/2019\/12\/richarms-card-holderricharms-alumin-alloy-card-holder2.jpg\" alt=\"Product dimensions of Aluminum Slim Card Holder showing size 89mm x 60mm, ideal for slim and compact card storage.\" width=\"750\" height=\"569\" srcset=\"data:image\/svg+xml,%3Csvg%20xmlns%3D%27http%3A%2F%2Fwww.w3.org%2F2000%2Fsvg%27%20width%3D%27750%27%20height%3D%27569%27%20viewBox%3D%270%200%20750%20569%27%3E%3Crect%20width%3D%27750%27%20height%3D%27569%27%20fill-opacity%3D%220%22%2F%3E%3C%2Fsvg%3E\" data-srcset=\"https:\/\/richarms.com\/wp-content\/uploads\/2019\/12\/richarms-card-holderricharms-alumin-alloy-card-holder2-200x152.jpg 200w, https:\/\/richarms.com\/wp-content\/uploads\/2019\/12\/richarms-card-holderricharms-alumin-alloy-card-holder2-300x228.jpg 300w, https:\/\/richarms.com\/wp-content\/uploads\/2019\/12\/richarms-card-holderricharms-alumin-alloy-card-holder2-400x303.jpg 400w, https:\/\/richarms.com\/wp-content\/uploads\/2019\/12\/richarms-card-holderricharms-alumin-alloy-card-holder2-500x379.jpg 500w, https:\/\/richarms.com\/wp-content\/uploads\/2019\/12\/richarms-card-holderricharms-alumin-alloy-card-holder2-600x455.jpg 600w, https:\/\/richarms.com\/wp-content\/uploads\/2019\/12\/richarms-card-holderricharms-alumin-alloy-card-holder2-700x531.jpg 700w, https:\/\/richarms.com\/wp-content\/uploads\/2019\/12\/richarms-card-holderricharms-alumin-alloy-card-holder2.jpg 750w\" data-sizes=\"auto\" data-orig-sizes=\"(max-width: 750px) 100vw, 750px\" \/><p id=\"caption-attachment-6836\" class=\"wp-caption-text\">Der Aluminium Slim Card Holder misst 89 mm x 60 mm und ist damit perfekt f\u00fcr die Vordertasche geeignet.<\/p><\/div>\n<div id=\"attachment_6835\" style=\"width: 760px\" class=\"wp-caption alignnone\"><img decoding=\"async\" aria-describedby=\"caption-attachment-6835\" class=\"lazyload wp-image-6835 size-full\" src=\"https:\/\/richarms.com\/wp-content\/uploads\/2019\/12\/richarms-card-holderricharms-alumin-alloy-card-holder1.jpg\" data-orig-src=\"https:\/\/richarms.com\/wp-content\/uploads\/2019\/12\/richarms-card-holderricharms-alumin-alloy-card-holder1.jpg\" alt=\"Elastic strap feature of Aluminum Slim Card Holder, showcasing its flexibility and adjustability for card storage.\" width=\"750\" height=\"821\" srcset=\"data:image\/svg+xml,%3Csvg%20xmlns%3D%27http%3A%2F%2Fwww.w3.org%2F2000%2Fsvg%27%20width%3D%27750%27%20height%3D%27821%27%20viewBox%3D%270%200%20750%20821%27%3E%3Crect%20width%3D%27750%27%20height%3D%27821%27%20fill-opacity%3D%220%22%2F%3E%3C%2Fsvg%3E\" data-srcset=\"https:\/\/richarms.com\/wp-content\/uploads\/2019\/12\/richarms-card-holderricharms-alumin-alloy-card-holder1-200x219.jpg 200w, https:\/\/richarms.com\/wp-content\/uploads\/2019\/12\/richarms-card-holderricharms-alumin-alloy-card-holder1-274x300.jpg 274w, https:\/\/richarms.com\/wp-content\/uploads\/2019\/12\/richarms-card-holderricharms-alumin-alloy-card-holder1-400x438.jpg 400w, https:\/\/richarms.com\/wp-content\/uploads\/2019\/12\/richarms-card-holderricharms-alumin-alloy-card-holder1-500x547.jpg 500w, https:\/\/richarms.com\/wp-content\/uploads\/2019\/12\/richarms-card-holderricharms-alumin-alloy-card-holder1-600x657.jpg 600w, https:\/\/richarms.com\/wp-content\/uploads\/2019\/12\/richarms-card-holderricharms-alumin-alloy-card-holder1-700x766.jpg 700w, https:\/\/richarms.com\/wp-content\/uploads\/2019\/12\/richarms-card-holderricharms-alumin-alloy-card-holder1.jpg 750w\" data-sizes=\"auto\" data-orig-sizes=\"(max-width: 750px) 100vw, 750px\" \/><p id=\"caption-attachment-6835\" class=\"wp-caption-text\">Demonstration der elastischen Schlaufe des Aluminum Slim Card Holder, die eine individuelle Anpassung der Kartenkapazit\u00e4t erm\u00f6glicht.<\/p><\/div>\n<div id=\"attachment_6823\" style=\"width: 760px\" class=\"wp-caption alignnone\"><img decoding=\"async\" aria-describedby=\"caption-attachment-6823\" class=\"lazyload wp-image-6823 size-full\" src=\"https:\/\/richarms.com\/wp-content\/uploads\/2019\/12\/richarms-card-holderIMG_683620191226-170533.jpg\" data-orig-src=\"https:\/\/richarms.com\/wp-content\/uploads\/2019\/12\/richarms-card-holderIMG_683620191226-170533.jpg\" alt=\"Various color options of Aluminum Slim Card Holder boxes, without cards inserted, offering a range of stylish finishes.\" width=\"750\" height=\"998\" srcset=\"data:image\/svg+xml,%3Csvg%20xmlns%3D%27http%3A%2F%2Fwww.w3.org%2F2000%2Fsvg%27%20width%3D%27750%27%20height%3D%27998%27%20viewBox%3D%270%200%20750%20998%27%3E%3Crect%20width%3D%27750%27%20height%3D%27998%27%20fill-opacity%3D%220%22%2F%3E%3C%2Fsvg%3E\" data-srcset=\"https:\/\/richarms.com\/wp-content\/uploads\/2019\/12\/richarms-card-holderIMG_683620191226-170533-200x266.jpg 200w, https:\/\/richarms.com\/wp-content\/uploads\/2019\/12\/richarms-card-holderIMG_683620191226-170533-225x300.jpg 225w, https:\/\/richarms.com\/wp-content\/uploads\/2019\/12\/richarms-card-holderIMG_683620191226-170533-400x532.jpg 400w, https:\/\/richarms.com\/wp-content\/uploads\/2019\/12\/richarms-card-holderIMG_683620191226-170533-500x665.jpg 500w, https:\/\/richarms.com\/wp-content\/uploads\/2019\/12\/richarms-card-holderIMG_683620191226-170533-600x798.jpg 600w, https:\/\/richarms.com\/wp-content\/uploads\/2019\/12\/richarms-card-holderIMG_683620191226-170533-700x931.jpg 700w, https:\/\/richarms.com\/wp-content\/uploads\/2019\/12\/richarms-card-holderIMG_683620191226-170533.jpg 750w\" data-sizes=\"auto\" data-orig-sizes=\"(max-width: 750px) 100vw, 750px\" \/><p id=\"caption-attachment-6823\" class=\"wp-caption-text\">6 Farboptionen f\u00fcr das Slim Card Holder aus Aluminium, die das stilvolle Design der Brieftasche in einer Vielzahl von Farbt\u00f6nen pr\u00e4sentieren.<\/p><\/div>\n<div id=\"attachment_6826\" style=\"width: 760px\" class=\"wp-caption alignnone\"><img decoding=\"async\" aria-describedby=\"caption-attachment-6826\" class=\"lazyload wp-image-6826 size-full\" src=\"https:\/\/richarms.com\/wp-content\/uploads\/2019\/12\/richarms-card-holderIMG_683920191226-170534.jpg\" data-orig-src=\"https:\/\/richarms.com\/wp-content\/uploads\/2019\/12\/richarms-card-holderIMG_683920191226-170534.jpg\" alt=\"Red and blue color options of the Aluminum Slim Card Holder, featuring a sleek, modern design.\" width=\"750\" height=\"919\" srcset=\"data:image\/svg+xml,%3Csvg%20xmlns%3D%27http%3A%2F%2Fwww.w3.org%2F2000%2Fsvg%27%20width%3D%27750%27%20height%3D%27919%27%20viewBox%3D%270%200%20750%20919%27%3E%3Crect%20width%3D%27750%27%20height%3D%27919%27%20fill-opacity%3D%220%22%2F%3E%3C%2Fsvg%3E\" data-srcset=\"https:\/\/richarms.com\/wp-content\/uploads\/2019\/12\/richarms-card-holderIMG_683920191226-170534-200x245.jpg 200w, https:\/\/richarms.com\/wp-content\/uploads\/2019\/12\/richarms-card-holderIMG_683920191226-170534-245x300.jpg 245w, https:\/\/richarms.com\/wp-content\/uploads\/2019\/12\/richarms-card-holderIMG_683920191226-170534-400x490.jpg 400w, https:\/\/richarms.com\/wp-content\/uploads\/2019\/12\/richarms-card-holderIMG_683920191226-170534-500x613.jpg 500w, https:\/\/richarms.com\/wp-content\/uploads\/2019\/12\/richarms-card-holderIMG_683920191226-170534-600x735.jpg 600w, https:\/\/richarms.com\/wp-content\/uploads\/2019\/12\/richarms-card-holderIMG_683920191226-170534-700x858.jpg 700w, https:\/\/richarms.com\/wp-content\/uploads\/2019\/12\/richarms-card-holderIMG_683920191226-170534.jpg 750w\" data-sizes=\"auto\" data-orig-sizes=\"(max-width: 750px) 100vw, 750px\" \/><p id=\"caption-attachment-6826\" class=\"wp-caption-text\">Nahaufnahme der roten und blauen Farboptionen f\u00fcr das Slim Card Holder aus Aluminium, die eine mutige und stilvolle Auswahl f\u00fcr Ihr Portemonnaie bieten.<\/p><\/div>\n<div id=\"attachment_6825\" style=\"width: 760px\" class=\"wp-caption alignnone\"><img decoding=\"async\" aria-describedby=\"caption-attachment-6825\" class=\"lazyload wp-image-6825 size-full\" src=\"https:\/\/richarms.com\/wp-content\/uploads\/2019\/12\/richarms-card-holderIMG_683820191226-170534.jpg\" data-orig-src=\"https:\/\/richarms.com\/wp-content\/uploads\/2019\/12\/richarms-card-holderIMG_683820191226-170534.jpg\" alt=\"Black and grey color options of the Aluminum Slim Card Holder, offering a minimalist and professional look.\" width=\"750\" height=\"926\" srcset=\"data:image\/svg+xml,%3Csvg%20xmlns%3D%27http%3A%2F%2Fwww.w3.org%2F2000%2Fsvg%27%20width%3D%27750%27%20height%3D%27926%27%20viewBox%3D%270%200%20750%20926%27%3E%3Crect%20width%3D%27750%27%20height%3D%27926%27%20fill-opacity%3D%220%22%2F%3E%3C%2Fsvg%3E\" data-srcset=\"https:\/\/richarms.com\/wp-content\/uploads\/2019\/12\/richarms-card-holderIMG_683820191226-170534-200x247.jpg 200w, https:\/\/richarms.com\/wp-content\/uploads\/2019\/12\/richarms-card-holderIMG_683820191226-170534-243x300.jpg 243w, https:\/\/richarms.com\/wp-content\/uploads\/2019\/12\/richarms-card-holderIMG_683820191226-170534-400x494.jpg 400w, https:\/\/richarms.com\/wp-content\/uploads\/2019\/12\/richarms-card-holderIMG_683820191226-170534-500x617.jpg 500w, https:\/\/richarms.com\/wp-content\/uploads\/2019\/12\/richarms-card-holderIMG_683820191226-170534-600x741.jpg 600w, https:\/\/richarms.com\/wp-content\/uploads\/2019\/12\/richarms-card-holderIMG_683820191226-170534-700x864.jpg 700w, https:\/\/richarms.com\/wp-content\/uploads\/2019\/12\/richarms-card-holderIMG_683820191226-170534.jpg 750w\" data-sizes=\"auto\" data-orig-sizes=\"(max-width: 750px) 100vw, 750px\" \/><p id=\"caption-attachment-6825\" class=\"wp-caption-text\">Minimalistische schwarze und graue Farboptionen f\u00fcr den Slim Card Holder aus Aluminium, ideal f\u00fcr professionelle Umgebungen und den t\u00e4glichen Gebrauch.<\/p><\/div>\n<div id=\"attachment_6824\" style=\"width: 760px\" class=\"wp-caption alignnone\"><img decoding=\"async\" aria-describedby=\"caption-attachment-6824\" class=\"lazyload wp-image-6824 size-full\" src=\"https:\/\/richarms.com\/wp-content\/uploads\/2019\/12\/richarms-card-holderIMG_683720191226-170533.jpg\" data-orig-src=\"https:\/\/richarms.com\/wp-content\/uploads\/2019\/12\/richarms-card-holderIMG_683720191226-170533.jpg\" alt=\"Pink and silver color options of the Aluminum Slim Card Holder, showcasing elegant and trendy designs.\" width=\"750\" height=\"921\" srcset=\"data:image\/svg+xml,%3Csvg%20xmlns%3D%27http%3A%2F%2Fwww.w3.org%2F2000%2Fsvg%27%20width%3D%27750%27%20height%3D%27921%27%20viewBox%3D%270%200%20750%20921%27%3E%3Crect%20width%3D%27750%27%20height%3D%27921%27%20fill-opacity%3D%220%22%2F%3E%3C%2Fsvg%3E\" data-srcset=\"https:\/\/richarms.com\/wp-content\/uploads\/2019\/12\/richarms-card-holderIMG_683720191226-170533-200x246.jpg 200w, https:\/\/richarms.com\/wp-content\/uploads\/2019\/12\/richarms-card-holderIMG_683720191226-170533-244x300.jpg 244w, https:\/\/richarms.com\/wp-content\/uploads\/2019\/12\/richarms-card-holderIMG_683720191226-170533-400x491.jpg 400w, https:\/\/richarms.com\/wp-content\/uploads\/2019\/12\/richarms-card-holderIMG_683720191226-170533-500x614.jpg 500w, https:\/\/richarms.com\/wp-content\/uploads\/2019\/12\/richarms-card-holderIMG_683720191226-170533-600x737.jpg 600w, https:\/\/richarms.com\/wp-content\/uploads\/2019\/12\/richarms-card-holderIMG_683720191226-170533-700x860.jpg 700w, https:\/\/richarms.com\/wp-content\/uploads\/2019\/12\/richarms-card-holderIMG_683720191226-170533.jpg 750w\" data-sizes=\"auto\" data-orig-sizes=\"(max-width: 750px) 100vw, 750px\" \/><p id=\"caption-attachment-6824\" class=\"wp-caption-text\">Elegante pinke und silberne Farboptionen f\u00fcr das Slim Card Holder aus Aluminium, das Stil und Funktionalit\u00e4t f\u00fcr moderne Benutzer vereint<\/p><\/div>\n<p>&nbsp;<\/p>","protected":false},"excerpt":{"rendered":"<p><strong>Material:<\/strong> Aluminium-Legierung<br \/>\n<strong>Verwendung:<\/strong> Werbegeschenk, Kartenhalter<br \/>\n<strong>Gr\u00f6\u00dfe:<\/strong> 54x86x8mm<\/p>\n<h4><strong>Die Metallgeldb\u00f6rse wird die traditionelle Geldb\u00f6rse ersetzen:<\/strong><\/h4>\n<div><strong>- Kleine Gr\u00f6\u00dfe:<\/strong> leicht in der Tasche oder in der beliebten Minitasche zu verstauen<\/div>\n<div><strong>- Langlebig:<\/strong> Metall ist stark und hart, gut genug, um scharfen Gegenst\u00e4nden wie Schl\u00fcsseln in Ihrer Tasche standzuhalten.<\/div>\n<div><strong>- RFID-Block:<\/strong> Kreditkarte ist gleich halten in der Al-Legierung Brieftasche f\u00fcr Al-Legierung ist RFID-Blockierung<\/div>\n<div><strong>- POD verf\u00fcgbar:<\/strong> Sie k\u00f6nnen Ihr Logo f\u00fcr das Branding oder den Namen des Kunden auf die Brieftasche f\u00fcr Geschenk, nur einfach durch Laser oder Siebdruck setzen<\/div>\n<div><strong>- Innovativ:<\/strong> Sie k\u00f6nnen das Metallteil leicht anmalen oder anspr\u00fchen<\/div>","protected":false},"featured_media":6832,"template":"","meta":[],"product_brand":[],"product_cat":[67],"product_tag":[],"class_list":{"0":"post-6822","1":"product","2":"type-product","3":"status-publish","4":"has-post-thumbnail","6":"product_cat-metal-wallet-card-holder","8":"first","9":"instock","10":"shipping-taxable","11":"product-type-simple"},"aioseo_notices":[],"_links":{"self":[{"href":"https:\/\/richarms.com\/de\/wp-json\/wp\/v2\/product\/6822","targetHints":{"allow":["GET"]}}],"collection":[{"href":"https:\/\/richarms.com\/de\/wp-json\/wp\/v2\/product"}],"about":[{"href":"https:\/\/richarms.com\/de\/wp-json\/wp\/v2\/types\/product"}],"wp:featuredmedia":[{"embeddable":true,"href":"https:\/\/richarms.com\/de\/wp-json\/wp\/v2\/media\/6832"}],"wp:attachment":[{"href":"https:\/\/richarms.com\/de\/wp-json\/wp\/v2\/media?parent=6822"}],"wp:term":[{"taxonomy":"product_brand","embeddable":true,"href":"https:\/\/richarms.com\/de\/wp-json\/wp\/v2\/product_brand?post=6822"},{"taxonomy":"product_cat","embeddable":true,"href":"https:\/\/richarms.com\/de\/wp-json\/wp\/v2\/product_cat?post=6822"},{"taxonomy":"product_tag","embeddable":true,"href":"https:\/\/richarms.com\/de\/wp-json\/wp\/v2\/product_tag?post=6822"}],"curies":[{"name":"wp","href":"https:\/\/api.w.org\/{rel}","templated":true}]}}