{"id":7113,"date":"2021-06-11T16:41:33","date_gmt":"2021-06-11T08:41:33","guid":{"rendered":"https:\/\/richarms.com\/?post_type=product&#038;p=7113"},"modified":"2025-02-18T17:48:16","modified_gmt":"2025-02-18T09:48:16","slug":"machine-tooling-for-grommet","status":"publish","type":"product","link":"https:\/\/richarms.com\/de\/product\/machine-tooling-for-grommet","title":{"rendered":"Werkzeugmaschinen f\u00fcr T\u00fcllen"},"content":{"rendered":"<h1 style=\"text-align: left;\">Werkzeugmaschinen f\u00fcr magnetische Druckkn\u00f6pfe mit T\u00fclle<\/h1>\n<p><strong>Code und Gr\u00f6\u00dfe<\/strong><b><\/b><\/p>\n<table style=\"height: 196px;\" width=\"786\">\n<tbody>\n<tr>\n<td width=\"125\">Code<\/td>\n<td width=\"123\">Weiblicher Schnapper TH<\/td>\n<td width=\"126\">Weiblicher Schnappverschluss DIA<\/td>\n<td width=\"110\">M\u00e4nnlicher Schnapper DIA<\/td>\n<td width=\"87\">Zinken<\/td>\n<td width=\"138\">Bild<\/td>\n<\/tr>\n<tr>\n<td width=\"125\">RC-ME1720MT<\/td>\n<td width=\"123\">2mm<\/td>\n<td width=\"126\">17mm<\/td>\n<td width=\"110\">17mm<\/td>\n<td width=\"87\">\u00a08mm<\/td>\n<td width=\"138\"><img decoding=\"async\" class=\"lazyload alignnone wp-image-7136\" src=\"data:image\/svg+xml,%3Csvg%20xmlns%3D%27http%3A%2F%2Fwww.w3.org%2F2000%2Fsvg%27%20width%3D%27209%27%20height%3D%27178%27%20viewBox%3D%270%200%20209%20178%27%3E%3Crect%20width%3D%27209%27%20height%3D%27178%27%20fill-opacity%3D%220%22%2F%3E%3C%2Fsvg%3E\" data-orig-src=\"https:\/\/richarms.com\/wp-content\/uploads\/2021\/07\/10-e1626100728319.jpg\" alt=\"\" width=\"209\" height=\"178\" \/><\/td>\n<\/tr>\n<\/tbody>\n<\/table>\n<p><a href=\"https:\/\/richarms.com\/de\/produkt\/hand-tooling-for-grommet\/\">Handwerkzeuge f\u00fcr magnetische Druckkn\u00f6pfe mit T\u00fclle<\/a><\/p>\n<p><strong>Einrichtung<\/strong><\/p>\n<div id=\"attachment_7195\" style=\"width: 469px\" class=\"wp-caption alignnone\"><img decoding=\"async\" aria-describedby=\"caption-attachment-7195\" class=\"lazyload wp-image-7195\" src=\"https:\/\/richarms.com\/wp-content\/uploads\/2021\/07\/\u56fe\u72471-2.jpg\" data-orig-src=\"https:\/\/richarms.com\/wp-content\/uploads\/2021\/07\/\u56fe\u72471-2.jpg\" alt=\"Machine Tooling for Grommet Installation Guide\" width=\"459\" height=\"889\" srcset=\"data:image\/svg+xml,%3Csvg%20xmlns%3D%27http%3A%2F%2Fwww.w3.org%2F2000%2Fsvg%27%20width%3D%27459%27%20height%3D%27889%27%20viewBox%3D%270%200%20459%20889%27%3E%3Crect%20width%3D%27459%27%20height%3D%27889%27%20fill-opacity%3D%220%22%2F%3E%3C%2Fsvg%3E\" data-srcset=\"https:\/\/richarms.com\/wp-content\/uploads\/2021\/07\/\u56fe\u72471-2-155x300.jpg 155w, https:\/\/richarms.com\/wp-content\/uploads\/2021\/07\/\u56fe\u72471-2-200x387.jpg 200w, https:\/\/richarms.com\/wp-content\/uploads\/2021\/07\/\u56fe\u72471-2-400x774.jpg 400w, https:\/\/richarms.com\/wp-content\/uploads\/2021\/07\/\u56fe\u72471-2-500x968.jpg 500w, https:\/\/richarms.com\/wp-content\/uploads\/2021\/07\/\u56fe\u72471-2-529x1024.jpg 529w, https:\/\/richarms.com\/wp-content\/uploads\/2021\/07\/\u56fe\u72471-2-600x1162.jpg 600w, https:\/\/richarms.com\/wp-content\/uploads\/2021\/07\/\u56fe\u72471-2-700x1355.jpg 700w, https:\/\/richarms.com\/wp-content\/uploads\/2021\/07\/\u56fe\u72471-2-768x1487.jpg 768w, https:\/\/richarms.com\/wp-content\/uploads\/2021\/07\/\u56fe\u72471-2-793x1536.jpg 793w, https:\/\/richarms.com\/wp-content\/uploads\/2021\/07\/\u56fe\u72471-2-800x1549.jpg 800w, https:\/\/richarms.com\/wp-content\/uploads\/2021\/07\/\u56fe\u72471-2.jpg 951w\" data-sizes=\"auto\" data-orig-sizes=\"(max-width: 459px) 100vw, 459px\" \/><p id=\"caption-attachment-7195\" class=\"wp-caption-text\">Schritt-f\u00fcr-Schritt-Anleitung f\u00fcr den pr\u00e4zisen Einbau von Maschinenwerkzeugen f\u00fcr T\u00fcllen.<\/p><\/div>","protected":false},"excerpt":{"rendered":"<div class=\"sr-txt-title\">\n<p>Gr\u00f6\u00dfe: 17 mm<\/p>\n<p>Material: Eisen<\/p>\n<p>Modellnummer:RC-ME1720MT<\/p>\n<p>Verpackung: Kiste und Karton<\/p>\n<p>Versand: LCL \/ DHL \/ FedEx \/ TNT \/ Andere<\/p>\n<p>Kategorie: Werkzeugbau<\/p>\n<\/div>","protected":false},"featured_media":7153,"template":"","meta":[],"product_brand":[],"product_cat":[79],"product_tag":[],"class_list":{"0":"post-7113","1":"product","2":"type-product","3":"status-publish","4":"has-post-thumbnail","6":"product_cat-tooling","8":"first","9":"instock","10":"shipping-taxable","11":"product-type-simple"},"aioseo_notices":[],"_links":{"self":[{"href":"https:\/\/richarms.com\/de\/wp-json\/wp\/v2\/product\/7113","targetHints":{"allow":["GET"]}}],"collection":[{"href":"https:\/\/richarms.com\/de\/wp-json\/wp\/v2\/product"}],"about":[{"href":"https:\/\/richarms.com\/de\/wp-json\/wp\/v2\/types\/product"}],"wp:featuredmedia":[{"embeddable":true,"href":"https:\/\/richarms.com\/de\/wp-json\/wp\/v2\/media\/7153"}],"wp:attachment":[{"href":"https:\/\/richarms.com\/de\/wp-json\/wp\/v2\/media?parent=7113"}],"wp:term":[{"taxonomy":"product_brand","embeddable":true,"href":"https:\/\/richarms.com\/de\/wp-json\/wp\/v2\/product_brand?post=7113"},{"taxonomy":"product_cat","embeddable":true,"href":"https:\/\/richarms.com\/de\/wp-json\/wp\/v2\/product_cat?post=7113"},{"taxonomy":"product_tag","embeddable":true,"href":"https:\/\/richarms.com\/de\/wp-json\/wp\/v2\/product_tag?post=7113"}],"curies":[{"name":"wp","href":"https:\/\/api.w.org\/{rel}","templated":true}]}}