{"id":7904,"date":"2024-02-28T13:36:33","date_gmt":"2024-02-28T05:36:33","guid":{"rendered":"https:\/\/richarms.com\/?post_type=product&#038;p=7904"},"modified":"2024-10-07T01:08:11","modified_gmt":"2024-10-06T17:08:11","slug":"electric-magnetic-snap-10mm","status":"publish","type":"product","link":"https:\/\/richarms.com\/de\/produkt\/electric-magnetic-snap-10mm","title":{"rendered":"Elektrischer magnetischer Schnapper 10mm"},"content":{"rendered":"<h2>Elektrischer Magnetschnapper 10 mm mit 180-Grad-Zinken<\/h2>\n<table style=\"border-collapse: collapse; width: 523px; height: 165px;\" border=\"0\" width=\"848\" cellspacing=\"0\" cellpadding=\"0\">\n<tbody>\n<tr style=\"height: 36.00pt;\">\n<td class=\"et4\" style=\"height: 36.00pt; width: 99.25pt;\" width=\"198\" height=\"72\"><\/td>\n<td class=\"et5\" style=\"width: 84.25pt; text-align: center;\" width=\"168\">180\u00b0 Weiblich<\/td>\n<td class=\"et5\" style=\"width: 74.25pt; text-align: center;\" width=\"148\">180\u00b0 Stecker<\/td>\n<td class=\"et5\" style=\"width: 166.35pt; text-align: center;\" width=\"332\">BILD<\/td>\n<\/tr>\n<tr style=\"height: 30.00pt;\">\n<td class=\"et6\" style=\"height: 30.00pt; width: 99.25pt;\" width=\"198\" height=\"60\">Durchmesser (DIA)<\/td>\n<td class=\"et5\" style=\"width: 84.25pt; text-align: center;\" width=\"168\">10,5 mm<\/td>\n<td class=\"et5\" style=\"width: 74.25pt; text-align: center;\" width=\"148\">10mm<\/td>\n<td class=\"et5\" style=\"width: 166.35pt;\" rowspan=\"3\" width=\"332\">\n<p><div id=\"attachment_7889\" style=\"width: 310px\" class=\"wp-caption alignnone\"><img decoding=\"async\" aria-describedby=\"caption-attachment-7889\" class=\"lazyload wp-image-7889 size-medium\" src=\"https:\/\/richarms.com\/wp-content\/uploads\/2021\/07\/180\u5ea6-300x261.png\" data-orig-src=\"https:\/\/richarms.com\/wp-content\/uploads\/2021\/07\/180\u5ea6-300x261.png\" alt=\"10mm Electric Magnetic Snap with 180 Degree Prong\" width=\"300\" height=\"261\" srcset=\"data:image\/svg+xml,%3Csvg%20xmlns%3D%27http%3A%2F%2Fwww.w3.org%2F2000%2Fsvg%27%20width%3D%27300%27%20height%3D%27261%27%20viewBox%3D%270%200%20300%20261%27%3E%3Crect%20width%3D%27300%27%20height%3D%27261%27%20fill-opacity%3D%220%22%2F%3E%3C%2Fsvg%3E\" data-srcset=\"https:\/\/richarms.com\/wp-content\/uploads\/2021\/07\/180\u5ea6-200x174.png 200w, https:\/\/richarms.com\/wp-content\/uploads\/2021\/07\/180\u5ea6-300x261.png 300w, https:\/\/richarms.com\/wp-content\/uploads\/2021\/07\/180\u5ea6-400x348.png 400w, https:\/\/richarms.com\/wp-content\/uploads\/2021\/07\/180\u5ea6-500x436.png 500w, https:\/\/richarms.com\/wp-content\/uploads\/2021\/07\/180\u5ea6.png 535w\" data-sizes=\"auto\" data-orig-sizes=\"(max-width: 300px) 100vw, 300px\" \/><p id=\"caption-attachment-7889\" class=\"wp-caption-text\">10mm Elektro-Magnetschnapper mit 180 Grad Zinken in silber easy for tin<\/p><\/div><\/td>\n<\/tr>\n<tr style=\"height: 30.00pt;\">\n<td class=\"et6\" style=\"height: 30.00pt; width: 99.25pt;\" width=\"198\" height=\"60\">Dicke(T)<\/td>\n<td class=\"et5\" style=\"width: 84.25pt; text-align: center;\" width=\"168\">2mm<\/td>\n<td class=\"et5\" style=\"width: 74.25pt; text-align: center;\" width=\"148\">0,6 mm<\/td>\n<\/tr>\n<tr style=\"height: 30.00pt;\">\n<td class=\"et6\" style=\"height: 30.00pt; width: 99.25pt;\" width=\"198\" height=\"60\">L\u00e4nge(L)<\/td>\n<td class=\"et5\" style=\"width: 84.25pt; text-align: center;\" width=\"168\">17mm<\/td>\n<td class=\"et5\" style=\"width: 74.25pt; text-align: center;\" width=\"148\">17mm<\/td>\n<\/tr>\n<\/tbody>\n<\/table>\n<div>\n<p>Unser <strong>10mm elektrischer Magnetverschluss<\/strong> verf\u00fcgt \u00fcber einen 180-Grad-Zinken, der eine einfache flache Installation an Ihren Ger\u00e4ten erm\u00f6glicht. Diese <strong>magnetischer elektrischer Steckverbinder<\/strong> wurde f\u00fcr optimale Leistung in verschiedenen Anwendungen entwickelt und ist daher ideal f\u00fcr kleine Ger\u00e4te und Zubeh\u00f6r.<\/p>\n<ul>\n<li><strong>Leicht zu verzinnen<\/strong>: Die Kunden ben\u00f6tigen h\u00e4ufig eine Verzinnung f\u00fcr das Anl\u00f6ten von kompakten Ger\u00e4ten oder Anbauteilen, was den Installationsprozess erheblich vereinfacht.<\/li>\n<li><strong>Starke Leistung Magnetische St\u00e4rke<\/strong>: Ausgestattet mit Neodym-Magneten, jeder <strong>Magnet-Druckknopf<\/strong> sorgt f\u00fcr eine sichere Verbindung, die sich nicht so leicht l\u00f6sen l\u00e4sst.<\/li>\n<li><strong>Niedriger elektrischer Widerstand<\/strong>: Mit einem Widerstandswert unter 1\u03a9 ist unser <strong>elektrische Schnappverbinder<\/strong> garantieren eine effiziente elektrische Leitf\u00e4higkeit f\u00fcr eine zuverl\u00e4ssige Leistung.<\/li>\n<li><strong>Schnell l\u00f6sbare elektrische Steckverbinder<\/strong>: Diese Steckverbinder sind so konzipiert, dass sie sich bei Bedarf leicht l\u00f6sen lassen, was die Benutzerfreundlichkeit erh\u00f6ht.<\/li>\n<li><strong>Kundenspezifisch verf\u00fcgbar: <\/strong><a href=\"https:\/\/richarms.com\/de\/contact\/\">Kontakt<\/a> unsere Experten heute.<\/li>\n<li><strong>Kleine Bestellung akzeptabel:<\/strong> <a href=\"https:\/\/www.richarmshardware.com\/products\/10x2mm-180-electrical-magnetic-snap\">Richarms hardware online shop<\/a><\/li>\n<\/ul>\n<h3><strong>Wesentliche Merkmale<\/strong>:<\/h3>\n<ul>\n<li><a href=\"https:\/\/www.pinterest.com\/richarmsaccessoriesgroups\/innovative-electric-magnetic-snaps-for-all-purpose\/\">Vielseitiges Design<\/a> f\u00fcr verschiedene Anwendungen<\/li>\n<li>Ideal f\u00fcr kleine Ger\u00e4te und Zubeh\u00f6r<\/li>\n<li>Zuverl\u00e4ssige Leistung bei elektrischen Verbindungen<\/li>\n<\/ul>\n<h3><strong>Material:<\/strong><\/h3>\n<p>Weibliche Kapsel:  Eisen, gew\u00f6hnliches Messing oder Umweltmessing verf\u00fcgbar<br \/>\nM\u00e4nnliche Kapsel: Eisen<\/p>\n<p><img decoding=\"async\" class=\"alignnone wp-image-7161 lazyautosizes ls-is-cached lazyloaded\" src=\"https:\/\/richarms.com\/wp-content\/uploads\/2020\/03\/materials-e1626143269166.png\" sizes=\"446px\" srcset=\"https:\/\/richarms.com\/wp-content\/uploads\/2020\/03\/materials-e1626143269166-200x89.png 200w, https:\/\/richarms.com\/wp-content\/uploads\/2020\/03\/materials-e1626143269166-300x134.png 300w, https:\/\/richarms.com\/wp-content\/uploads\/2020\/03\/materials-e1626143269166-400x178.png 400w, https:\/\/richarms.com\/wp-content\/uploads\/2020\/03\/materials-e1626143269166-500x223.png 500w, https:\/\/richarms.com\/wp-content\/uploads\/2020\/03\/materials-e1626143269166.png 511w\" alt=\"\" width=\"446\" height=\"199\" data-orig-src=\"https:\/\/richarms.com\/wp-content\/uploads\/2020\/03\/materials-e1626143269166.png\" data-srcset=\"https:\/\/richarms.com\/wp-content\/uploads\/2020\/03\/materials-e1626143269166-200x89.png 200w, https:\/\/richarms.com\/wp-content\/uploads\/2020\/03\/materials-e1626143269166-300x134.png 300w, https:\/\/richarms.com\/wp-content\/uploads\/2020\/03\/materials-e1626143269166-400x178.png 400w, https:\/\/richarms.com\/wp-content\/uploads\/2020\/03\/materials-e1626143269166-500x223.png 500w, https:\/\/richarms.com\/wp-content\/uploads\/2020\/03\/materials-e1626143269166.png 511w\" data-sizes=\"auto\" data-orig-sizes=\"(max-width: 446px) 100vw, 446px\" \/><\/p>\n<p>Neodym-Dauermagnet. Die Magnetkraft h\u00e4ngt von der Magnetgr\u00f6\u00dfe und der Magnetqualit\u00e4t ab<\/p>\n<p><img decoding=\"async\" class=\"wp-image-7163 lazyautosizes lazyloaded\" title=\"magnetisches Druckknopfteil\" src=\"https:\/\/richarms.com\/wp-content\/uploads\/2020\/03\/%E8%B6%85%E8%96%84%E7%A3%81%E5%8A%9B-e1626186192975.png\" sizes=\"449px\" srcset=\"https:\/\/richarms.com\/wp-content\/uploads\/2020\/03\/\u8d85\u8584\u78c1\u529b-e1626186192975-200x58.png 200w, https:\/\/richarms.com\/wp-content\/uploads\/2020\/03\/\u8d85\u8584\u78c1\u529b-e1626186192975-300x87.png 300w, https:\/\/richarms.com\/wp-content\/uploads\/2020\/03\/\u8d85\u8584\u78c1\u529b-e1626186192975-400x117.png 400w, https:\/\/richarms.com\/wp-content\/uploads\/2020\/03\/\u8d85\u8584\u78c1\u529b-e1626186192975-500x146.png 500w, https:\/\/richarms.com\/wp-content\/uploads\/2020\/03\/\u8d85\u8584\u78c1\u529b-e1626186192975-600x175.png 600w, https:\/\/richarms.com\/wp-content\/uploads\/2020\/03\/\u8d85\u8584\u78c1\u529b-e1626186192975-700x204.png 700w, https:\/\/richarms.com\/wp-content\/uploads\/2020\/03\/\u8d85\u8584\u78c1\u529b-e1626186192975-768x224.png 768w, https:\/\/richarms.com\/wp-content\/uploads\/2020\/03\/\u8d85\u8584\u78c1\u529b-e1626186192975-800x233.png 800w, https:\/\/richarms.com\/wp-content\/uploads\/2020\/03\/\u8d85\u8584\u78c1\u529b-e1626186192975.png 885w\" alt=\"\" width=\"449\" height=\"131\" data-orig-src=\"https:\/\/richarms.com\/wp-content\/uploads\/2020\/03\/\u8d85\u8584\u78c1\u529b-e1626186192975.png\" data-srcset=\"https:\/\/richarms.com\/wp-content\/uploads\/2020\/03\/\u8d85\u8584\u78c1\u529b-e1626186192975-200x58.png 200w, https:\/\/richarms.com\/wp-content\/uploads\/2020\/03\/\u8d85\u8584\u78c1\u529b-e1626186192975-300x87.png 300w, https:\/\/richarms.com\/wp-content\/uploads\/2020\/03\/\u8d85\u8584\u78c1\u529b-e1626186192975-400x117.png 400w, https:\/\/richarms.com\/wp-content\/uploads\/2020\/03\/\u8d85\u8584\u78c1\u529b-e1626186192975-500x146.png 500w, https:\/\/richarms.com\/wp-content\/uploads\/2020\/03\/\u8d85\u8584\u78c1\u529b-e1626186192975-600x175.png 600w, https:\/\/richarms.com\/wp-content\/uploads\/2020\/03\/\u8d85\u8584\u78c1\u529b-e1626186192975-700x204.png 700w, https:\/\/richarms.com\/wp-content\/uploads\/2020\/03\/\u8d85\u8584\u78c1\u529b-e1626186192975-768x224.png 768w, https:\/\/richarms.com\/wp-content\/uploads\/2020\/03\/\u8d85\u8584\u78c1\u529b-e1626186192975-800x233.png 800w, https:\/\/richarms.com\/wp-content\/uploads\/2020\/03\/\u8d85\u8584\u78c1\u529b-e1626186192975.png 885w\" data-sizes=\"auto\" data-orig-sizes=\"(max-width: 449px) 100vw, 449px\" \/><\/p>\n<p><strong><b>Pack\uff1a<\/b><\/strong><br \/>\n1 Satz = 1 Frau + 1 Mann<br \/>\n8mm\/10mm: 400 S\u00e4tze\/Schachtel, 20 Schachteln\/Karton<\/p>\n<\/div>\n<p><strong><b>Anwendung\uff1a<br \/>\n<img decoding=\"async\" class=\"lazyload alignnone size-medium wp-image-7511\" src=\"https:\/\/richarms.com\/wp-content\/uploads\/2021\/10\/IMG_4041-300x300.jpg\" data-orig-src=\"https:\/\/richarms.com\/wp-content\/uploads\/2021\/10\/IMG_4041-300x300.jpg\" alt=\"\" width=\"300\" height=\"300\" srcset=\"data:image\/svg+xml,%3Csvg%20xmlns%3D%27http%3A%2F%2Fwww.w3.org%2F2000%2Fsvg%27%20width%3D%27300%27%20height%3D%27300%27%20viewBox%3D%270%200%20300%20300%27%3E%3Crect%20width%3D%27300%27%20height%3D%27300%27%20fill-opacity%3D%220%22%2F%3E%3C%2Fsvg%3E\" data-srcset=\"https:\/\/richarms.com\/wp-content\/uploads\/2021\/10\/IMG_4041-66x66.jpg 66w, https:\/\/richarms.com\/wp-content\/uploads\/2021\/10\/IMG_4041-100x100.jpg 100w, https:\/\/richarms.com\/wp-content\/uploads\/2021\/10\/IMG_4041-150x150.jpg 150w, https:\/\/richarms.com\/wp-content\/uploads\/2021\/10\/IMG_4041-200x200.jpg 200w, https:\/\/richarms.com\/wp-content\/uploads\/2021\/10\/IMG_4041-300x300.jpg 300w, https:\/\/richarms.com\/wp-content\/uploads\/2021\/10\/IMG_4041-400x400.jpg 400w, https:\/\/richarms.com\/wp-content\/uploads\/2021\/10\/IMG_4041-500x500.jpg 500w, https:\/\/richarms.com\/wp-content\/uploads\/2021\/10\/IMG_4041-600x600.jpg 600w, https:\/\/richarms.com\/wp-content\/uploads\/2021\/10\/IMG_4041-700x700.jpg 700w, https:\/\/richarms.com\/wp-content\/uploads\/2021\/10\/IMG_4041-768x768.jpg 768w, https:\/\/richarms.com\/wp-content\/uploads\/2021\/10\/IMG_4041-800x800.jpg 800w, https:\/\/richarms.com\/wp-content\/uploads\/2021\/10\/IMG_4041.jpg 1000w\" data-sizes=\"auto\" data-orig-sizes=\"(max-width: 300px) 100vw, 300px\" \/><\/b><\/strong><\/p>\n<p>R\u00fcsten Sie Ihre Ger\u00e4te mit unserem Premium <a href=\"https:\/\/richarms.com\/de\/produkt-kategorie\/medical-electrical-snap\/\"><strong>magnetische elektrische Steckverbinder<\/strong><\/a> f\u00fcr un\u00fcbertroffene Zuverl\u00e4ssigkeit und Effizienz.<\/p>\n<p><strong><b>\u00a0<\/b><\/strong><\/p>","protected":false},"excerpt":{"rendered":"<p>Typ:10mm 180 Grad elektrischer Magnetverschluss<br \/>\nMaterial: Messing, Eisen, Magnet<br \/>\nModell-Nummer: RC-E1801020<br \/>\nGr\u00f6\u00dfe: 10x2mm<br \/>\nFarbe: Nickel<br \/>\nVerpackung: Kiste und Karton<br \/>\nVersand: LCL \/ DHL \/ FedEx \/ TNT \/ Andere<\/p>","protected":false},"featured_media":7895,"template":"","meta":[],"product_brand":[],"product_cat":[110],"product_tag":[],"class_list":{"0":"post-7904","1":"product","2":"type-product","3":"status-publish","4":"has-post-thumbnail","6":"product_cat-medical-electrical-snap","8":"first","9":"instock","10":"shipping-taxable","11":"product-type-simple"},"aioseo_notices":[],"_links":{"self":[{"href":"https:\/\/richarms.com\/de\/wp-json\/wp\/v2\/product\/7904","targetHints":{"allow":["GET"]}}],"collection":[{"href":"https:\/\/richarms.com\/de\/wp-json\/wp\/v2\/product"}],"about":[{"href":"https:\/\/richarms.com\/de\/wp-json\/wp\/v2\/types\/product"}],"wp:featuredmedia":[{"embeddable":true,"href":"https:\/\/richarms.com\/de\/wp-json\/wp\/v2\/media\/7895"}],"wp:attachment":[{"href":"https:\/\/richarms.com\/de\/wp-json\/wp\/v2\/media?parent=7904"}],"wp:term":[{"taxonomy":"product_brand","embeddable":true,"href":"https:\/\/richarms.com\/de\/wp-json\/wp\/v2\/product_brand?post=7904"},{"taxonomy":"product_cat","embeddable":true,"href":"https:\/\/richarms.com\/de\/wp-json\/wp\/v2\/product_cat?post=7904"},{"taxonomy":"product_tag","embeddable":true,"href":"https:\/\/richarms.com\/de\/wp-json\/wp\/v2\/product_tag?post=7904"}],"curies":[{"name":"wp","href":"https:\/\/api.w.org\/{rel}","templated":true}]}}