{"id":8036,"date":"2024-10-23T09:31:03","date_gmt":"2024-10-23T01:31:03","guid":{"rendered":"https:\/\/richarms.com\/?post_type=product&#038;p=8036"},"modified":"2025-04-29T16:05:00","modified_gmt":"2025-04-29T08:05:00","slug":"magnetic-pin-backs","status":"publish","type":"product","link":"https:\/\/richarms.com\/de\/product\/magnetic-pin-backs","title":{"rendered":"Magnetische Stiftsockel"},"content":{"rendered":"<h1>Magnetic Pin Backs Gro\u00dfhandel - Wandeln Sie Ihre Lieblings-Pins zu K\u00fchlschrankmagneten!<\/h1>\n<p>Verwandeln Sie Ihre Emaillepins mit unserem <strong>Magnetische Stiftsockel<\/strong>Mit diesen Magneten k\u00f6nnen Sie Ihre geliebte Pinsammlung ganz einfach in stilvolle K\u00fchlschrankmagnete verwandeln. Mit starken Magneten und sicherem Halt sind diese magnetischen Pinnhalter die perfekte L\u00f6sung f\u00fcr die Pr\u00e4sentation von Pins, die oft ihre urspr\u00fcnglichen Pinnhalter verlieren. Sie sorgen daf\u00fcr, dass sie fest an ihrem Platz bleiben, w\u00e4hrend sie Ihrem Zuhause einen dekorativen Touch verleihen.<\/p>\n<p>Magnetische Pin-R\u00fcckseiten Abmessung:<br \/>\nGr\u00f6\u00dfe: T 11,05mm x H 8,6mm<br \/>\nGewicht: 3,2 g<\/p>\n<p><img decoding=\"async\" class=\"lazyload size-medium wp-image-8042\" src=\"https:\/\/richarms.com\/wp-content\/uploads\/2024\/10\/IMG_4812-300x217.jpg\" data-orig-src=\"https:\/\/richarms.com\/wp-content\/uploads\/2024\/10\/IMG_4812-300x217.jpg\" alt=\"Wholesale magnetic pin backs from a trusted China hardware factory, available in various colors. Perfect for securing enamel pins or converting them into magnets.\" width=\"300\" height=\"217\" srcset=\"data:image\/svg+xml,%3Csvg%20xmlns%3D%27http%3A%2F%2Fwww.w3.org%2F2000%2Fsvg%27%20width%3D%27300%27%20height%3D%27217%27%20viewBox%3D%270%200%20300%20217%27%3E%3Crect%20width%3D%27300%27%20height%3D%27217%27%20fill-opacity%3D%220%22%2F%3E%3C%2Fsvg%3E\" data-srcset=\"https:\/\/richarms.com\/wp-content\/uploads\/2024\/10\/IMG_4812-200x145.jpg 200w, https:\/\/richarms.com\/wp-content\/uploads\/2024\/10\/IMG_4812-300x217.jpg 300w, https:\/\/richarms.com\/wp-content\/uploads\/2024\/10\/IMG_4812-400x290.jpg 400w, https:\/\/richarms.com\/wp-content\/uploads\/2024\/10\/IMG_4812-500x362.jpg 500w, https:\/\/richarms.com\/wp-content\/uploads\/2024\/10\/IMG_4812-600x435.jpg 600w, https:\/\/richarms.com\/wp-content\/uploads\/2024\/10\/IMG_4812-700x507.jpg 700w, https:\/\/richarms.com\/wp-content\/uploads\/2024\/10\/IMG_4812-768x557.jpg 768w, https:\/\/richarms.com\/wp-content\/uploads\/2024\/10\/IMG_4812.jpg 799w\" data-sizes=\"auto\" data-orig-sizes=\"(max-width: 300px) 100vw, 300px\" \/><\/p>\n<p><img decoding=\"async\" class=\"lazyload size-medium wp-image-8047\" src=\"https:\/\/richarms.com\/wp-content\/uploads\/2024\/10\/IMG_4816-300x261.jpg\" data-orig-src=\"https:\/\/richarms.com\/wp-content\/uploads\/2024\/10\/IMG_4816-300x261.jpg\" alt=\"Wholesale magnetic pin backs from a trusted China hardware factory, available in various colors. Perfect for securing enamel pins or converting them into magnets.\" width=\"300\" height=\"261\" srcset=\"data:image\/svg+xml,%3Csvg%20xmlns%3D%27http%3A%2F%2Fwww.w3.org%2F2000%2Fsvg%27%20width%3D%27300%27%20height%3D%27261%27%20viewBox%3D%270%200%20300%20261%27%3E%3Crect%20width%3D%27300%27%20height%3D%27261%27%20fill-opacity%3D%220%22%2F%3E%3C%2Fsvg%3E\" data-srcset=\"https:\/\/richarms.com\/wp-content\/uploads\/2024\/10\/IMG_4816-200x174.jpg 200w, https:\/\/richarms.com\/wp-content\/uploads\/2024\/10\/IMG_4816-300x261.jpg 300w, https:\/\/richarms.com\/wp-content\/uploads\/2024\/10\/IMG_4816-400x349.jpg 400w, https:\/\/richarms.com\/wp-content\/uploads\/2024\/10\/IMG_4816-500x436.jpg 500w, https:\/\/richarms.com\/wp-content\/uploads\/2024\/10\/IMG_4816-600x523.jpg 600w, https:\/\/richarms.com\/wp-content\/uploads\/2024\/10\/IMG_4816-700x610.jpg 700w, https:\/\/richarms.com\/wp-content\/uploads\/2024\/10\/IMG_4816-768x669.jpg 768w, https:\/\/richarms.com\/wp-content\/uploads\/2024\/10\/IMG_4816.jpg 800w\" data-sizes=\"auto\" data-orig-sizes=\"(max-width: 300px) 100vw, 300px\" \/><\/p>\n<h4><strong>Wesentliche Merkmale:<\/strong><\/h4>\n<ul>\n<li><strong>Starke Magnete und sicherer Halt:<\/strong> Unser <strong>magnetische R\u00fcckseiten f\u00fcr Pins<\/strong> bieten eine zuverl\u00e4ssige L\u00f6sung f\u00fcr die Pr\u00e4sentation Ihrer Emaille-Pins auf Metalloberfl\u00e4chen, wie K\u00fchlschr\u00e4nken oder Pinnw\u00e4nden. Die robuste Magnetkraft sorgt daf\u00fcr, dass Ihre Pins sicher befestigt bleiben und nicht verrutschen oder herunterfallen k\u00f6nnen.<br \/>\n<img decoding=\"async\" class=\"lazyload size-medium wp-image-8046\" src=\"https:\/\/richarms.com\/wp-content\/uploads\/2024\/10\/IMG_4819-300x300.jpg\" data-orig-src=\"https:\/\/richarms.com\/wp-content\/uploads\/2024\/10\/IMG_4819-300x300.jpg\" alt=\"Our magnetic backs for pins offer a reliable solution for showcasing your enamel pins on metal surfaces, such as refrigerators or bulletin boards\" width=\"300\" height=\"300\" srcset=\"data:image\/svg+xml,%3Csvg%20xmlns%3D%27http%3A%2F%2Fwww.w3.org%2F2000%2Fsvg%27%20width%3D%27300%27%20height%3D%27300%27%20viewBox%3D%270%200%20300%20300%27%3E%3Crect%20width%3D%27300%27%20height%3D%27300%27%20fill-opacity%3D%220%22%2F%3E%3C%2Fsvg%3E\" data-srcset=\"https:\/\/richarms.com\/wp-content\/uploads\/2024\/10\/IMG_4819-66x66.jpg 66w, https:\/\/richarms.com\/wp-content\/uploads\/2024\/10\/IMG_4819-100x100.jpg 100w, https:\/\/richarms.com\/wp-content\/uploads\/2024\/10\/IMG_4819-150x150.jpg 150w, https:\/\/richarms.com\/wp-content\/uploads\/2024\/10\/IMG_4819-200x200.jpg 200w, https:\/\/richarms.com\/wp-content\/uploads\/2024\/10\/IMG_4819-300x300.jpg 300w, https:\/\/richarms.com\/wp-content\/uploads\/2024\/10\/IMG_4819-400x400.jpg 400w, https:\/\/richarms.com\/wp-content\/uploads\/2024\/10\/IMG_4819-500x500.jpg 500w, https:\/\/richarms.com\/wp-content\/uploads\/2024\/10\/IMG_4819-600x600.jpg 600w, https:\/\/richarms.com\/wp-content\/uploads\/2024\/10\/IMG_4819-700x700.jpg 700w, https:\/\/richarms.com\/wp-content\/uploads\/2024\/10\/IMG_4819-768x768.jpg 768w, https:\/\/richarms.com\/wp-content\/uploads\/2024\/10\/IMG_4819.jpg 800w\" data-sizes=\"auto\" data-orig-sizes=\"(max-width: 300px) 100vw, 300px\" \/><img decoding=\"async\" class=\"lazyload size-medium wp-image-8045\" src=\"https:\/\/richarms.com\/wp-content\/uploads\/2024\/10\/IMG_4813-300x254.jpg\" data-orig-src=\"https:\/\/richarms.com\/wp-content\/uploads\/2024\/10\/IMG_4813-300x254.jpg\" alt=\"Our magnetic backs for pins offer a reliable solution for showcasing your enamel pins on metal surfaces, such as refrigerators or bulletin boards\" width=\"300\" height=\"254\" srcset=\"data:image\/svg+xml,%3Csvg%20xmlns%3D%27http%3A%2F%2Fwww.w3.org%2F2000%2Fsvg%27%20width%3D%27300%27%20height%3D%27254%27%20viewBox%3D%270%200%20300%20254%27%3E%3Crect%20width%3D%27300%27%20height%3D%27254%27%20fill-opacity%3D%220%22%2F%3E%3C%2Fsvg%3E\" data-srcset=\"https:\/\/richarms.com\/wp-content\/uploads\/2024\/10\/IMG_4813-200x169.jpg 200w, https:\/\/richarms.com\/wp-content\/uploads\/2024\/10\/IMG_4813-300x254.jpg 300w, https:\/\/richarms.com\/wp-content\/uploads\/2024\/10\/IMG_4813-400x338.jpg 400w, https:\/\/richarms.com\/wp-content\/uploads\/2024\/10\/IMG_4813-500x423.jpg 500w, https:\/\/richarms.com\/wp-content\/uploads\/2024\/10\/IMG_4813-600x508.jpg 600w, https:\/\/richarms.com\/wp-content\/uploads\/2024\/10\/IMG_4813-700x592.jpg 700w, https:\/\/richarms.com\/wp-content\/uploads\/2024\/10\/IMG_4813-768x650.jpg 768w, https:\/\/richarms.com\/wp-content\/uploads\/2024\/10\/IMG_4813.jpg 799w\" data-sizes=\"auto\" data-orig-sizes=\"(max-width: 300px) 100vw, 300px\" \/><\/li>\n<li><strong>Einfach zu benutzen:<\/strong> Das Umr\u00fcsten Ihrer Pins ist ein Kinderspiel! Entfernen Sie einfach die urspr\u00fcngliche Pin-R\u00fcckseite und schieben Sie unsere <strong>Magnet-Stifttr\u00e4ger<\/strong> \u00fcber den Stift. Bringen Sie sie auf jeder magnetischen Oberfl\u00e4che an, um einen praktischen und stilvollen Blickfang zu schaffen.<br \/>\n<img decoding=\"async\" class=\"lazyload size-medium wp-image-8044\" src=\"https:\/\/richarms.com\/wp-content\/uploads\/2024\/10\/IMG_4814-300x236.jpg\" data-orig-src=\"https:\/\/richarms.com\/wp-content\/uploads\/2024\/10\/IMG_4814-300x236.jpg\" alt=\"Easy to Use: Converting your pins is a breeze! Simply remove the original pin back and slide our magnet pin backs over the pin\" width=\"300\" height=\"236\" srcset=\"data:image\/svg+xml,%3Csvg%20xmlns%3D%27http%3A%2F%2Fwww.w3.org%2F2000%2Fsvg%27%20width%3D%27300%27%20height%3D%27236%27%20viewBox%3D%270%200%20300%20236%27%3E%3Crect%20width%3D%27300%27%20height%3D%27236%27%20fill-opacity%3D%220%22%2F%3E%3C%2Fsvg%3E\" data-srcset=\"https:\/\/richarms.com\/wp-content\/uploads\/2024\/10\/IMG_4814-200x157.jpg 200w, https:\/\/richarms.com\/wp-content\/uploads\/2024\/10\/IMG_4814-300x236.jpg 300w, https:\/\/richarms.com\/wp-content\/uploads\/2024\/10\/IMG_4814-400x315.jpg 400w, https:\/\/richarms.com\/wp-content\/uploads\/2024\/10\/IMG_4814-500x394.jpg 500w, https:\/\/richarms.com\/wp-content\/uploads\/2024\/10\/IMG_4814-600x472.jpg 600w, https:\/\/richarms.com\/wp-content\/uploads\/2024\/10\/IMG_4814-700x551.jpg 700w, https:\/\/richarms.com\/wp-content\/uploads\/2024\/10\/IMG_4814-768x605.jpg 768w, https:\/\/richarms.com\/wp-content\/uploads\/2024\/10\/IMG_4814.jpg 799w\" data-sizes=\"auto\" data-orig-sizes=\"(max-width: 300px) 100vw, 300px\" \/><\/p>\n<p><div id=\"attachment_8043\" style=\"width: 310px\" class=\"wp-caption alignnone\"><img decoding=\"async\" aria-describedby=\"caption-attachment-8043\" class=\"lazyload size-medium wp-image-8043\" src=\"https:\/\/richarms.com\/wp-content\/uploads\/2024\/10\/IMG_4810-300x300.jpg\" data-orig-src=\"https:\/\/richarms.com\/wp-content\/uploads\/2024\/10\/IMG_4810-300x300.jpg\" alt=\"Easy to Use: Converting your pins is a breeze! Simply remove the original pin back and slide our magnet pin backs over the pin\" width=\"300\" height=\"300\" srcset=\"data:image\/svg+xml,%3Csvg%20xmlns%3D%27http%3A%2F%2Fwww.w3.org%2F2000%2Fsvg%27%20width%3D%27300%27%20height%3D%27300%27%20viewBox%3D%270%200%20300%20300%27%3E%3Crect%20width%3D%27300%27%20height%3D%27300%27%20fill-opacity%3D%220%22%2F%3E%3C%2Fsvg%3E\" data-srcset=\"https:\/\/richarms.com\/wp-content\/uploads\/2024\/10\/IMG_4810-66x66.jpg 66w, https:\/\/richarms.com\/wp-content\/uploads\/2024\/10\/IMG_4810-100x100.jpg 100w, https:\/\/richarms.com\/wp-content\/uploads\/2024\/10\/IMG_4810-150x150.jpg 150w, https:\/\/richarms.com\/wp-content\/uploads\/2024\/10\/IMG_4810-200x200.jpg 200w, https:\/\/richarms.com\/wp-content\/uploads\/2024\/10\/IMG_4810-300x300.jpg 300w, https:\/\/richarms.com\/wp-content\/uploads\/2024\/10\/IMG_4810-400x400.jpg 400w, https:\/\/richarms.com\/wp-content\/uploads\/2024\/10\/IMG_4810-500x500.jpg 500w, https:\/\/richarms.com\/wp-content\/uploads\/2024\/10\/IMG_4810-600x600.jpg 600w, https:\/\/richarms.com\/wp-content\/uploads\/2024\/10\/IMG_4810-700x700.jpg 700w, https:\/\/richarms.com\/wp-content\/uploads\/2024\/10\/IMG_4810-768x768.jpg 768w, https:\/\/richarms.com\/wp-content\/uploads\/2024\/10\/IMG_4810-800x800.jpg 800w, https:\/\/richarms.com\/wp-content\/uploads\/2024\/10\/IMG_4810-1024x1024.jpg 1024w, https:\/\/richarms.com\/wp-content\/uploads\/2024\/10\/IMG_4810-1200x1200.jpg 1200w, https:\/\/richarms.com\/wp-content\/uploads\/2024\/10\/IMG_4810-1536x1536.jpg 1536w, https:\/\/richarms.com\/wp-content\/uploads\/2024\/10\/IMG_4810.jpg 1920w\" data-sizes=\"auto\" data-orig-sizes=\"(max-width: 300px) 100vw, 300px\" \/><p id=\"caption-attachment-8043\" class=\"wp-caption-text\">Einfach zu benutzen: Die Umwandlung Ihrer Pins ist ein Kinderspiel! Entfernen Sie einfach die Original-Pinr\u00fcckseite und schieben Sie unsere Magnet-Pinr\u00fcckseiten \u00fcber den Pin<\/p><\/div><\/li>\n<li><strong>Tolle Geschenkidee:<\/strong> Diese <strong>magnetische Stifthalterung<\/strong> sind perfekt f\u00fcr Pin-Sammler, die ihre Lieblings-Pins nicht in Schubladen verstauen, sondern ausstellen m\u00f6chten. Ganz gleich, ob Sie besondere Pins von Disney oder aus lokalen Gesch\u00e4ften gesammelt haben, diese Konverter sind ein sehr empfehlenswertes Geschenk f\u00fcr jeden Liebhaber.<\/li>\n<li><strong>Langlebiges Material:<\/strong> Unser aus hochwertigem Metall gefertigtes <strong>Magnetische Stifte<\/strong> sind so konzipiert, dass sie dem t\u00e4glichen Gebrauch standhalten, ohne Ihre Pins zu besch\u00e4digen. Bei richtiger Anwendung bewahren sie den makellosen Zustand Ihrer gesch\u00e4tzten Emaille-Anstecknadeln, so dass Sie sie unbesorgt genie\u00dfen k\u00f6nnen.<\/li>\n<li><strong>Gro\u00dfz\u00fcgige Menge:<\/strong> Jedes Paket enth\u00e4lt 50 <strong>Magnet-Stifttr\u00e4ger<\/strong>Damit haben Sie ausreichend Vorrat f\u00fcr den Gro\u00dfteil Ihrer Emaille-Pin-Sammlung. Mit dieser gro\u00dfz\u00fcgigen Menge k\u00f6nnen Sie Ihre Anstecknadeln leicht austauschen, wenn Ihre Sammlung w\u00e4chst!<\/li>\n<\/ul>\n<p>F\u00fcr Muster besuchen Sie unser <a href=\"http:\/\/richarmshardware.com\">Internetshop<\/a> um direkt eine Bestellung aufzugeben. F\u00fcr Gro\u00dfbestellungen wenden Sie sich bitte an <a href=\"http:\/\/richarms.com\/de\/contact\/\">unser Verkaufsteam<\/a> f\u00fcr wettbewerbsf\u00e4hige Gro\u00dfhandelspreise.<\/p>\n<p>Erweitern Sie Ihre Pin-Sammlung mit unserer <strong>beste magnetische Stifthalter<\/strong> heute!<\/p>","protected":false},"excerpt":{"rendered":"<p><strong>Fabrik Gro\u00dfhandel magnetische Pin R\u00fccken<br \/>\n<\/strong><strong>Gr\u00f6\u00dfe<\/strong>: T 11,05mm x H 8,6mm<br \/>\n<strong>Gewicht<\/strong>: 3.2g<br \/>\nH\u00e4lt Emaille-Nadeln sicher fest, ohne den Stoff zu besch\u00e4digen<br \/>\nVerwandelt Pins in K\u00fchlschrankmagnete<br \/>\nLanglebiges Metallmaterial<br \/>\nErh\u00e4ltlich in verschiedenen Farben<br \/>\nGro\u00dfauftr\u00e4ge zu Gro\u00dfhandelspreisen willkommen<\/p>","protected":false},"featured_media":8037,"template":"","meta":[],"product_brand":[],"product_cat":[64],"product_tag":[],"class_list":{"0":"post-8036","1":"product","2":"type-product","3":"status-publish","4":"has-post-thumbnail","6":"product_cat-magnetic-name-tag","8":"first","9":"instock","10":"shipping-taxable","11":"product-type-simple"},"aioseo_notices":[],"_links":{"self":[{"href":"https:\/\/richarms.com\/de\/wp-json\/wp\/v2\/product\/8036","targetHints":{"allow":["GET"]}}],"collection":[{"href":"https:\/\/richarms.com\/de\/wp-json\/wp\/v2\/product"}],"about":[{"href":"https:\/\/richarms.com\/de\/wp-json\/wp\/v2\/types\/product"}],"wp:featuredmedia":[{"embeddable":true,"href":"https:\/\/richarms.com\/de\/wp-json\/wp\/v2\/media\/8037"}],"wp:attachment":[{"href":"https:\/\/richarms.com\/de\/wp-json\/wp\/v2\/media?parent=8036"}],"wp:term":[{"taxonomy":"product_brand","embeddable":true,"href":"https:\/\/richarms.com\/de\/wp-json\/wp\/v2\/product_brand?post=8036"},{"taxonomy":"product_cat","embeddable":true,"href":"https:\/\/richarms.com\/de\/wp-json\/wp\/v2\/product_cat?post=8036"},{"taxonomy":"product_tag","embeddable":true,"href":"https:\/\/richarms.com\/de\/wp-json\/wp\/v2\/product_tag?post=8036"}],"curies":[{"name":"wp","href":"https:\/\/api.w.org\/{rel}","templated":true}]}}