{"id":2403,"date":"2021-07-10T15:44:21","date_gmt":"2021-07-10T07:44:21","guid":{"rendered":"https:\/\/www.bangzhiyou.com\/?post_type=product&#038;p=2403"},"modified":"2025-03-28T15:42:52","modified_gmt":"2025-03-28T07:42:52","slug":"bzy-aqx04","status":"publish","type":"product","link":"https:\/\/richarms.com\/es\/product\/bzy-aqx04","title":{"rendered":"Cierre magn\u00e9tico cuadrado franc\u00e9s"},"content":{"rendered":"<h1>Cierre magn\u00e9tico cuadrado franc\u00e9s | Dise\u00f1o personalizado disponible<\/h1>\n<h2 class=\"\" data-start=\"437\" data-end=\"482\">Cierre magn\u00e9tico cuadrado franc\u00e9s<\/h2>\n<p class=\"\" data-start=\"483\" data-end=\"543\"><strong data-start=\"483\" data-end=\"543\">Un elegante cierre magn\u00e9tico para bolsos y accesorios modernos<\/strong><\/p>\n<p class=\"\" data-start=\"545\" data-end=\"965\">\u00bfBusca un herraje magn\u00e9tico que destaque por encima de lo habitual? Nuestro <strong data-start=\"614\" data-end=\"655\">Cierre magn\u00e9tico cuadrado franc\u00e9s<\/strong> ofrece un elegante exterior cuadrado biselado construido sobre el n\u00facleo duradero de nuestro cl\u00e1sico broche magn\u00e9tico. Dise\u00f1ado teniendo en cuenta la funcionalidad y la est\u00e9tica, este cierre a presi\u00f3n ofrece el <strong data-start=\"835\" data-end=\"886\">fuerza de tracci\u00f3n de nuestros broches magn\u00e9ticos redondos b\u00e1sicos<\/strong>al tiempo que ofrece un aspecto elevado y geom\u00e9trico que realza el dise\u00f1o de su producto.<\/p>\n<div id=\"attachment_7487\" style=\"width: 294px\" class=\"wp-caption alignnone\"><img decoding=\"async\" aria-describedby=\"caption-attachment-7487\" class=\"lazyload wp-image-7487\" src=\"https:\/\/richarms.com\/wp-content\/uploads\/2021\/07\/French-Square-Magnetic-Snaps.jpg\" data-orig-src=\"https:\/\/richarms.com\/wp-content\/uploads\/2021\/07\/French-Square-Magnetic-Snaps.jpg\" alt=\"French square magnetic snap fastener with beveled edge in nickel finish\" width=\"284\" height=\"277\" srcset=\"data:image\/svg+xml,%3Csvg%20xmlns%3D%27http%3A%2F%2Fwww.w3.org%2F2000%2Fsvg%27%20width%3D%27284%27%20height%3D%27277%27%20viewBox%3D%270%200%20284%20277%27%3E%3Crect%20width%3D%27284%27%20height%3D%27277%27%20fill-opacity%3D%220%22%2F%3E%3C%2Fsvg%3E\" data-srcset=\"https:\/\/richarms.com\/wp-content\/uploads\/2021\/07\/French-Square-Magnetic-Snaps-200x195.jpg 200w, https:\/\/richarms.com\/wp-content\/uploads\/2021\/07\/French-Square-Magnetic-Snaps-300x292.jpg 300w, https:\/\/richarms.com\/wp-content\/uploads\/2021\/07\/French-Square-Magnetic-Snaps-400x389.jpg 400w, https:\/\/richarms.com\/wp-content\/uploads\/2021\/07\/French-Square-Magnetic-Snaps-500x486.jpg 500w, https:\/\/richarms.com\/wp-content\/uploads\/2021\/07\/French-Square-Magnetic-Snaps-600x584.jpg 600w, https:\/\/richarms.com\/wp-content\/uploads\/2021\/07\/French-Square-Magnetic-Snaps-700x681.jpg 700w, https:\/\/richarms.com\/wp-content\/uploads\/2021\/07\/French-Square-Magnetic-Snaps.jpg 736w\" data-sizes=\"auto\" data-orig-sizes=\"(max-width: 284px) 100vw, 284px\" \/><p id=\"caption-attachment-7487\" class=\"wp-caption-text\">Un elegante broche magn\u00e9tico cuadrado franc\u00e9s de borde biselado en n\u00edquel cepillado, ideal para modernos accesorios y bolsos de piel.<\/p><\/div>\n<h3 class=\"\" data-start=\"972\" data-end=\"1000\"><strong data-start=\"978\" data-end=\"998\">Caracter\u00edsticas del producto<\/strong><\/h3>\n<ul>\n<li data-start=\"1052\" data-end=\"1101\"><strong>C\u00f3digo y tama\u00f1o:<\/strong><br \/>\n<table style=\"border-collapse: collapse; width: 491.43pt;\" border=\"0\" width=\"819\" cellspacing=\"0\" cellpadding=\"0\">\n<tbody>\n<tr style=\"height: 31.20pt;\">\n<td class=\"et2\" style=\"height: 31.20pt; width: 69.60pt;\" width=\"116\" height=\"52\">C\u00f3digo<\/td>\n<td class=\"et2\" style=\"width: 54.80pt;\" width=\"91\">Talla<\/td>\n<td class=\"et2\" style=\"width: 78.60pt;\" width=\"131\">Hembra snap TH<\/td>\n<td class=\"et2\" style=\"width: 78.60pt;\" width=\"131\">Im\u00e1n<br \/>\nDIA<\/td>\n<td class=\"et2\" style=\"width: 65.15pt;\" width=\"108\">Clavija<br \/>\nL<\/td>\n<td class=\"et2\" style=\"width: 144.85pt;\" width=\"241\">Fotograf\u00eda<\/td>\n<\/tr>\n<tr style=\"height: 78.00pt;\">\n<td class=\"et2\" style=\"height: 78.00pt; width: 69.60pt;\" width=\"116\" height=\"130\">RC-SQ1845<\/td>\n<td class=\"et2\" style=\"width: 54.80pt;\" width=\"91\">18 mm<\/td>\n<td class=\"et2\" style=\"width: 78.60pt;\" width=\"131\">4,5 mm<\/td>\n<td class=\"et2\" style=\"width: 78.60pt;\" width=\"131\">17 mm<\/td>\n<td class=\"et2\" style=\"width: 65.15pt;\" width=\"108\">9mm<\/td>\n<td class=\"et2\" style=\"width: 144.85pt;\" width=\"241\">\n<p><div id=\"attachment_7484\" style=\"width: 193px\" class=\"wp-caption alignnone\"><img decoding=\"async\" aria-describedby=\"caption-attachment-7484\" class=\"lazyload wp-image-7484\" src=\"https:\/\/richarms.com\/wp-content\/uploads\/2021\/07\/\u5927\u659c\u56db\u65b9-300x205.jpg\" data-orig-src=\"https:\/\/richarms.com\/wp-content\/uploads\/2021\/07\/\u5927\u659c\u56db\u65b9-300x205.jpg\" alt=\"Oversized beveled French square magnetic clasp with high gloss finish\" width=\"183\" height=\"125\" srcset=\"data:image\/svg+xml,%3Csvg%20xmlns%3D%27http%3A%2F%2Fwww.w3.org%2F2000%2Fsvg%27%20width%3D%27183%27%20height%3D%27125%27%20viewBox%3D%270%200%20183%20125%27%3E%3Crect%20width%3D%27183%27%20height%3D%27125%27%20fill-opacity%3D%220%22%2F%3E%3C%2Fsvg%3E\" data-srcset=\"https:\/\/richarms.com\/wp-content\/uploads\/2021\/07\/\u5927\u659c\u56db\u65b9-200x137.jpg 200w, https:\/\/richarms.com\/wp-content\/uploads\/2021\/07\/\u5927\u659c\u56db\u65b9-300x205.jpg 300w, https:\/\/richarms.com\/wp-content\/uploads\/2021\/07\/\u5927\u659c\u56db\u65b9-400x274.jpg 400w, https:\/\/richarms.com\/wp-content\/uploads\/2021\/07\/\u5927\u659c\u56db\u65b9.jpg 482w\" data-sizes=\"auto\" data-orig-sizes=\"(max-width: 183px) 100vw, 183px\" \/><p id=\"caption-attachment-7484\" class=\"wp-caption-text\">Un primer plano del gran cierre magn\u00e9tico cuadrado biselado, que ofrece un atractivo visual y una gran funcionalidad.<\/p><\/div><\/td>\n<\/tr>\n<\/tbody>\n<\/table>\n<\/li>\n<li data-start=\"1052\" data-end=\"1101\">Para la opci\u00f3n fina, compre aqu\u00ed:\u00a0 <a href=\"https:\/\/richarms.com\/es\/producto\/bzy-2018-m52\/\">Broches magn\u00e9ticos cuadrados<\/a><\/li>\n<li data-start=\"1052\" data-end=\"1101\">Peque\u00f1o pedido o pedido de muestra, <a href=\"https:\/\/www.richarmshardware.com\/products\/18x4mm-square-magnetic-snaps\">comprar aqu\u00ed<\/a><\/li>\n<\/ul>\n<p>&nbsp;<\/p>\n<ul>\n<li data-start=\"1104\" data-end=\"1156\"><strong data-start=\"1104\" data-end=\"1117\">Material:<\/strong>\n<p style=\"text-align: left;\">C\u00e1psula macho: Acero<br \/>\nC\u00e1psula hembra:  Acero, lat\u00f3n, acero inoxidable<\/p>\n<p><img decoding=\"async\" class=\"lazyload alignnone wp-image-7161\" src=\"https:\/\/richarms.com\/wp-content\/uploads\/2020\/03\/materials-e1626143269166.png\" data-orig-src=\"https:\/\/richarms.com\/wp-content\/uploads\/2020\/03\/materials-e1626143269166.png\" alt=\"\" width=\"446\" height=\"199\" srcset=\"data:image\/svg+xml,%3Csvg%20xmlns%3D%27http%3A%2F%2Fwww.w3.org%2F2000%2Fsvg%27%20width%3D%27446%27%20height%3D%27199%27%20viewBox%3D%270%200%20446%20199%27%3E%3Crect%20width%3D%27446%27%20height%3D%27199%27%20fill-opacity%3D%220%22%2F%3E%3C%2Fsvg%3E\" data-srcset=\"https:\/\/richarms.com\/wp-content\/uploads\/2020\/03\/materials-e1626143269166-200x89.png 200w, https:\/\/richarms.com\/wp-content\/uploads\/2020\/03\/materials-e1626143269166-300x134.png 300w, https:\/\/richarms.com\/wp-content\/uploads\/2020\/03\/materials-e1626143269166-400x178.png 400w, https:\/\/richarms.com\/wp-content\/uploads\/2020\/03\/materials-e1626143269166-500x223.png 500w, https:\/\/richarms.com\/wp-content\/uploads\/2020\/03\/materials-e1626143269166.png 511w\" data-sizes=\"auto\" data-orig-sizes=\"(max-width: 446px) 100vw, 446px\" \/><\/p>\n<p><strong><b>Opciones de resistencia :<br \/>\n<\/b><\/strong>Potencia del im\u00e1n est\u00e1ndar: Im\u00e1n permanente de ferrita<br \/>\nPotente im\u00e1n: Im\u00e1n permanente de ferrita y neodimio<\/p>\n<p><img decoding=\"async\" class=\"lazyload alignnone wp-image-7164\" src=\"https:\/\/richarms.com\/wp-content\/uploads\/2020\/03\/\u78c1\u529b\u5bf9\u6bd4\u56fe.png\" data-orig-src=\"https:\/\/richarms.com\/wp-content\/uploads\/2020\/03\/\u78c1\u529b\u5bf9\u6bd4\u56fe.png\" alt=\"\" width=\"454\" height=\"360\" srcset=\"data:image\/svg+xml,%3Csvg%20xmlns%3D%27http%3A%2F%2Fwww.w3.org%2F2000%2Fsvg%27%20width%3D%27454%27%20height%3D%27360%27%20viewBox%3D%270%200%20454%20360%27%3E%3Crect%20width%3D%27454%27%20height%3D%27360%27%20fill-opacity%3D%220%22%2F%3E%3C%2Fsvg%3E\" data-srcset=\"https:\/\/richarms.com\/wp-content\/uploads\/2020\/03\/\u78c1\u529b\u5bf9\u6bd4\u56fe-200x159.png 200w, https:\/\/richarms.com\/wp-content\/uploads\/2020\/03\/\u78c1\u529b\u5bf9\u6bd4\u56fe-300x238.png 300w, https:\/\/richarms.com\/wp-content\/uploads\/2020\/03\/\u78c1\u529b\u5bf9\u6bd4\u56fe-400x317.png 400w, https:\/\/richarms.com\/wp-content\/uploads\/2020\/03\/\u78c1\u529b\u5bf9\u6bd4\u56fe-500x397.png 500w, https:\/\/richarms.com\/wp-content\/uploads\/2020\/03\/\u78c1\u529b\u5bf9\u6bd4\u56fe-600x476.png 600w, https:\/\/richarms.com\/wp-content\/uploads\/2020\/03\/\u78c1\u529b\u5bf9\u6bd4\u56fe-700x555.png 700w, https:\/\/richarms.com\/wp-content\/uploads\/2020\/03\/\u78c1\u529b\u5bf9\u6bd4\u56fe-768x609.png 768w, https:\/\/richarms.com\/wp-content\/uploads\/2020\/03\/\u78c1\u529b\u5bf9\u6bd4\u56fe-800x635.png 800w, https:\/\/richarms.com\/wp-content\/uploads\/2020\/03\/\u78c1\u529b\u5bf9\u6bd4\u56fe-1024x813.png 1024w, https:\/\/richarms.com\/wp-content\/uploads\/2020\/03\/\u78c1\u529b\u5bf9\u6bd4\u56fe-1200x952.png 1200w, https:\/\/richarms.com\/wp-content\/uploads\/2020\/03\/\u78c1\u529b\u5bf9\u6bd4\u56fe-1536x1219.png 1536w, https:\/\/richarms.com\/wp-content\/uploads\/2020\/03\/\u78c1\u529b\u5bf9\u6bd4\u56fe.png 1661w\" data-sizes=\"auto\" data-orig-sizes=\"(max-width: 454px) 100vw, 454px\" \/><\/li>\n<li data-start=\"1159\" data-end=\"1236\"><strong data-start=\"1159\" data-end=\"1172\">Acabados:<\/strong> N\u00edquel, lat\u00f3n antiguo, oro, negro, oro rosa, arco iris y m\u00e1s<strong><b>Color normal <\/b><\/strong>\n<div id=\"attachment_5392\" style=\"width: 530px\" class=\"wp-caption alignnone\"><img decoding=\"async\" aria-describedby=\"caption-attachment-5392\" class=\"lazyload wp-image-5392\" src=\"https:\/\/richarms.com\/wp-content\/uploads\/2018\/07\/RICHARMS-COLOT-DIS.jpg\" data-orig-src=\"https:\/\/richarms.com\/wp-content\/uploads\/2018\/07\/RICHARMS-COLOT-DIS.jpg\" alt=\"Standard color palette for RICHARMS magnetic snaps, with customizable colors available beyond the listed options.\" width=\"520\" height=\"365\" srcset=\"data:image\/svg+xml,%3Csvg%20xmlns%3D%27http%3A%2F%2Fwww.w3.org%2F2000%2Fsvg%27%20width%3D%27520%27%20height%3D%27365%27%20viewBox%3D%270%200%20520%20365%27%3E%3Crect%20width%3D%27520%27%20height%3D%27365%27%20fill-opacity%3D%220%22%2F%3E%3C%2Fsvg%3E\" data-srcset=\"https:\/\/richarms.com\/wp-content\/uploads\/2018\/07\/RICHARMS-COLOT-DIS-200x140.jpg 200w, https:\/\/richarms.com\/wp-content\/uploads\/2018\/07\/RICHARMS-COLOT-DIS-300x211.jpg 300w, https:\/\/richarms.com\/wp-content\/uploads\/2018\/07\/RICHARMS-COLOT-DIS-400x281.jpg 400w, https:\/\/richarms.com\/wp-content\/uploads\/2018\/07\/RICHARMS-COLOT-DIS-500x351.jpg 500w, https:\/\/richarms.com\/wp-content\/uploads\/2018\/07\/RICHARMS-COLOT-DIS-600x421.jpg 600w, https:\/\/richarms.com\/wp-content\/uploads\/2018\/07\/RICHARMS-COLOT-DIS.jpg 651w\" data-sizes=\"auto\" data-orig-sizes=\"(max-width: 520px) 100vw, 520px\" \/><p id=\"caption-attachment-5392\" class=\"wp-caption-text\">Explore la paleta de colores est\u00e1ndar para los broches magn\u00e9ticos RICHARMS, con colores personalizados adicionales disponibles a petici\u00f3n para adaptarse a sus necesidades de dise\u00f1o.<\/p><\/div>\n<p><strong><b>\u00bfCu\u00e1l es la diferencia entre la calidad de colgado y la de enrollado?<\/b><\/strong><\/p>\n<p><div id=\"attachment_7165\" style=\"width: 223px\" class=\"wp-caption alignnone\"><img decoding=\"async\" aria-describedby=\"caption-attachment-7165\" class=\"lazyload wp-image-7165 size-medium\" src=\"https:\/\/richarms.com\/wp-content\/uploads\/2020\/03\/\u56fe\u72471-213x300.jpg\" data-orig-src=\"https:\/\/richarms.com\/wp-content\/uploads\/2020\/03\/\u56fe\u72471-213x300.jpg\" alt=\"Comparison of hanging electroplating and rolling electroplating colors for RICHARMS magnetic snaps, with additional customizable colors available.\" width=\"213\" height=\"300\" srcset=\"data:image\/svg+xml,%3Csvg%20xmlns%3D%27http%3A%2F%2Fwww.w3.org%2F2000%2Fsvg%27%20width%3D%27213%27%20height%3D%27300%27%20viewBox%3D%270%200%20213%20300%27%3E%3Crect%20width%3D%27213%27%20height%3D%27300%27%20fill-opacity%3D%220%22%2F%3E%3C%2Fsvg%3E\" data-srcset=\"https:\/\/richarms.com\/wp-content\/uploads\/2020\/03\/\u56fe\u72471-200x281.jpg 200w, https:\/\/richarms.com\/wp-content\/uploads\/2020\/03\/\u56fe\u72471-213x300.jpg 213w, https:\/\/richarms.com\/wp-content\/uploads\/2020\/03\/\u56fe\u72471.jpg 349w\" data-sizes=\"auto\" data-orig-sizes=\"(max-width: 213px) 100vw, 213px\" \/><p id=\"caption-attachment-7165\" class=\"wp-caption-text\">Comparaci\u00f3n de los acabados de galvanoplastia colgante y galvanoplastia rodante de los broches magn\u00e9ticos RICHARMS, que ofrecen diferentes efectos de color. Colores personalizados disponibles bajo pedido.<\/p><\/div><\/li>\n<li data-start=\"1239\" data-end=\"1327\"><strong data-start=\"1239\" data-end=\"1256\">Instalaci\u00f3n:<\/strong><br data-start=\"1256\" data-end=\"1259\" \/>Haz dos agujeros peque\u00f1os en la tela \u2192 inserta las p\u00faas \u2192 d\u00f3blalas para fijarlas.\n<ul>\n<li data-start=\"1332\" data-end=\"1372\"><em data-start=\"1332\" data-end=\"1342\">Consejo de bricolaje:<\/em> Utiliza tijeras o un descosedor<\/li>\n<li data-start=\"1332\" data-end=\"1372\"><em data-start=\"1377\" data-end=\"1391\">Consejo de f\u00e1brica:<\/em> Utilice nuestro <a target=\"_new\" rel=\"noopener\" data-start=\"1400\" data-end=\"1459\">herramientas de perforaci\u00f3n y puntas<\/a> para una producci\u00f3n r\u00e1pida<\/li>\n<\/ul>\n<\/li>\n<li data-start=\"1484\" data-end=\"1512\"><strong data-start=\"1484\" data-end=\"1510\">Opciones de personalizaci\u00f3n:<\/strong>\n<ul>\n<li data-start=\"1517\" data-end=\"1539\">Grabado de logotipo por l\u00e1serFijaci\u00f3n femenina: Liso, Patr\u00f3n, Logotipo\n<p><img decoding=\"async\" class=\"lazyload alignnone wp-image-7166\" src=\"data:image\/svg+xml,%3Csvg%20xmlns%3D%27http%3A%2F%2Fwww.w3.org%2F2000%2Fsvg%27%20width%3D%27288%27%20height%3D%27135%27%20viewBox%3D%270%200%20288%20135%27%3E%3Crect%20width%3D%27288%27%20height%3D%27135%27%20fill-opacity%3D%220%22%2F%3E%3C%2Fsvg%3E\" data-orig-src=\"https:\/\/richarms.com\/wp-content\/uploads\/2020\/03\/\u56fe\u72473.jpg\" alt=\"\" width=\"288\" height=\"135\" \/><\/p>\n<p>Broche macho: Liso, texto, logotipo<\/p>\n<p><img decoding=\"async\" class=\"lazyload alignnone wp-image-7180\" src=\"https:\/\/richarms.com\/wp-content\/uploads\/2020\/03\/\u56fe\u72474.jpg\" data-orig-src=\"https:\/\/richarms.com\/wp-content\/uploads\/2020\/03\/\u56fe\u72474.jpg\" alt=\"\" width=\"301\" height=\"121\" srcset=\"data:image\/svg+xml,%3Csvg%20xmlns%3D%27http%3A%2F%2Fwww.w3.org%2F2000%2Fsvg%27%20width%3D%27301%27%20height%3D%27121%27%20viewBox%3D%270%200%20301%20121%27%3E%3Crect%20width%3D%27301%27%20height%3D%27121%27%20fill-opacity%3D%220%22%2F%3E%3C%2Fsvg%3E\" data-srcset=\"https:\/\/richarms.com\/wp-content\/uploads\/2020\/03\/\u56fe\u72474-200x80.jpg 200w, https:\/\/richarms.com\/wp-content\/uploads\/2020\/03\/\u56fe\u72474-300x120.jpg 300w, https:\/\/richarms.com\/wp-content\/uploads\/2020\/03\/\u56fe\u72474-400x160.jpg 400w, https:\/\/richarms.com\/wp-content\/uploads\/2020\/03\/\u56fe\u72474-500x200.jpg 500w, https:\/\/richarms.com\/wp-content\/uploads\/2020\/03\/\u56fe\u72474-600x241.jpg 600w, https:\/\/richarms.com\/wp-content\/uploads\/2020\/03\/\u56fe\u72474.jpg 651w\" data-sizes=\"auto\" data-orig-sizes=\"(max-width: 301px) 100vw, 301px\" \/><\/li>\n<li data-start=\"1544\" data-end=\"1606\">Placa frontal personalizada (de cuero \/ resina \/ tela \/ con forma)<\/li>\n<li data-start=\"1611\" data-end=\"1662\">Embalaje (bolsa opp, caja de regalo o marca personalizada)<\/li>\n<li data-start=\"1667\" data-end=\"1695\">Fuerza del im\u00e1n ajustable<\/li>\n<\/ul>\n<\/li>\n<\/ul>\n<p><strong>Paquete<\/strong><strong>\uff1a<br \/>\n<\/strong>Todos ellos pueden suministrarse con patas, v\u00e1stagos o remaches.<br \/>\n1 juego = 1 macho, 1 hembra, 2 arandelas<br \/>\n18 mm: 100 juegos\/caja, 20 cajas\/cart\u00f3n<\/p>\n<p><strong><b>Aplicaci\u00f3n<\/b><\/strong><\/p>\n<div id=\"attachment_7160\" style=\"width: 498px\" class=\"wp-caption alignnone\"><img decoding=\"async\" aria-describedby=\"caption-attachment-7160\" class=\"lazyload wp-image-7160\" src=\"https:\/\/richarms.com\/wp-content\/uploads\/2020\/03\/application.png\" data-orig-src=\"https:\/\/richarms.com\/wp-content\/uploads\/2020\/03\/application.png\" alt=\"RICHARMS magnetic snaps used in various applications, including stationery, bags, and gift packaging, with other applications such as medical devices available upon request.\" width=\"488\" height=\"456\" srcset=\"data:image\/svg+xml,%3Csvg%20xmlns%3D%27http%3A%2F%2Fwww.w3.org%2F2000%2Fsvg%27%20width%3D%27488%27%20height%3D%27456%27%20viewBox%3D%270%200%20488%20456%27%3E%3Crect%20width%3D%27488%27%20height%3D%27456%27%20fill-opacity%3D%220%22%2F%3E%3C%2Fsvg%3E\" data-srcset=\"https:\/\/richarms.com\/wp-content\/uploads\/2020\/03\/application-200x187.png 200w, https:\/\/richarms.com\/wp-content\/uploads\/2020\/03\/application-300x280.png 300w, https:\/\/richarms.com\/wp-content\/uploads\/2020\/03\/application-400x374.png 400w, https:\/\/richarms.com\/wp-content\/uploads\/2020\/03\/application-500x467.png 500w, https:\/\/richarms.com\/wp-content\/uploads\/2020\/03\/application.png 598w\" data-sizes=\"auto\" data-orig-sizes=\"(max-width: 488px) 100vw, 488px\" \/><p id=\"caption-attachment-7160\" class=\"wp-caption-text\">Los broches magn\u00e9ticos RICHARMS se aplican en art\u00edculos de papeler\u00eda, bolsas y envases de regalo, con otras opciones de personalizaci\u00f3n disponibles para sectores como el de los dispositivos m\u00e9dicos.<\/p><\/div>","protected":false},"excerpt":{"rendered":"<p>Tipo: Cierre magn\u00e9tico cuadrado franc\u00e9s<br \/>\nMaterial: Cobre, acero, im\u00e1n<br \/>\nN\u00famero de modelo: RC-SQ1845<br \/>\nLogotipo personalizado disponible: L\u00e1ser, Cavado, Utillaje<br \/>\nTama\u00f1o: 18 mm<br \/>\nColor: Oro \/ N\u00edquel \/ Pistola \/ Oro rosa \/ Hormiga \/ Otro<br \/>\nEmbalaje: 100 juegos\/caja<br \/>\nEnv\u00edos: LCL \/ DHL \/ FedEx \/ TNT \/ Otros<\/p>","protected":false},"featured_media":6420,"template":"","meta":[],"product_brand":[],"product_cat":[15],"product_tag":[],"class_list":{"0":"post-2403","1":"product","2":"type-product","3":"status-publish","4":"has-post-thumbnail","6":"product_cat-magnetic-snaps","8":"first","9":"instock","10":"shipping-taxable","11":"product-type-simple"},"aioseo_notices":[],"_links":{"self":[{"href":"https:\/\/richarms.com\/es\/wp-json\/wp\/v2\/product\/2403","targetHints":{"allow":["GET"]}}],"collection":[{"href":"https:\/\/richarms.com\/es\/wp-json\/wp\/v2\/product"}],"about":[{"href":"https:\/\/richarms.com\/es\/wp-json\/wp\/v2\/types\/product"}],"wp:featuredmedia":[{"embeddable":true,"href":"https:\/\/richarms.com\/es\/wp-json\/wp\/v2\/media\/6420"}],"wp:attachment":[{"href":"https:\/\/richarms.com\/es\/wp-json\/wp\/v2\/media?parent=2403"}],"wp:term":[{"taxonomy":"product_brand","embeddable":true,"href":"https:\/\/richarms.com\/es\/wp-json\/wp\/v2\/product_brand?post=2403"},{"taxonomy":"product_cat","embeddable":true,"href":"https:\/\/richarms.com\/es\/wp-json\/wp\/v2\/product_cat?post=2403"},{"taxonomy":"product_tag","embeddable":true,"href":"https:\/\/richarms.com\/es\/wp-json\/wp\/v2\/product_tag?post=2403"}],"curies":[{"name":"wp","href":"https:\/\/api.w.org\/{rel}","templated":true}]}}