{"id":2434,"date":"2021-07-10T14:56:32","date_gmt":"2021-07-10T06:56:32","guid":{"rendered":"https:\/\/www.bangzhiyou.com\/?post_type=product&#038;p=2434"},"modified":"2025-04-01T16:56:14","modified_gmt":"2025-04-01T08:56:14","slug":"bzy-2018-m52","status":"publish","type":"product","link":"https:\/\/richarms.com\/es\/product\/bzy-2018-m52","title":{"rendered":"Cierre magn\u00e9tico cuadrado"},"content":{"rendered":"<h1 data-pm-slice=\"1 1 []\">Cierre magn\u00e9tico cuadrado ultrafino: soluci\u00f3n de cierre elegante y pr\u00e1ctica<\/h1>\n<h2>Dise\u00f1o distintivo con funcionalidad excepcional<\/h2>\n<p>El broche magn\u00e9tico cuadrado de Richarms ofrece elegancia y un rendimiento superior en un dise\u00f1o compacto y elegante. Igualando la fiabilidad y la fuerza magn\u00e9tica de nuestro popular <a href=\"https:\/\/richarms.com\/es\/producto\/bzy-2018-m49\/\">broches redondos extrafinos<\/a>Estos broches cuadrados a\u00f1aden un toque distintivo a sus productos de primera calidad. Fabricados meticulosamente, estos broches magn\u00e9ticos garantizan una apertura sin esfuerzo y un cierre seguro, mejorando notablemente la experiencia del usuario.<\/p>\n<h2>Aplicaciones vers\u00e1tiles de uso cotidiano<\/h2>\n<p>Nuestros broches magn\u00e9ticos cuadrados son perfectos para diversas aplicaciones, como:<\/p>\n<ul>\n<li>Bolsos y monederos<\/li>\n<li>Tapas de diario de cuero<\/li>\n<li>Cajas de embalaje premium<\/li>\n<li>Carteras y bolsos<\/li>\n<li>Proyectos de bricolaje personalizados<\/li>\n<\/ul>\n<p>Tanto si es un fabricante profesional como un aficionado al bricolaje, estos cierres a presi\u00f3n garantizan una soluci\u00f3n de fijaci\u00f3n elegante, segura y f\u00e1cil de usar.<\/p>\n<h2>Personalizaci\u00f3n integral para sus necesidades<\/h2>\n<p>En Richarms, ofrecemos amplias opciones de personalizaci\u00f3n adaptadas exactamente a sus necesidades:<\/p>\n<ul>\n<li><strong>C\u00f3digo y tama\u00f1o\uff1a<\/strong><\/li>\n<\/ul>\n<table style=\"height: 353px;\" width=\"858\">\n<tbody>\n<tr>\n<td width=\"129\">C\u00f3digo<\/td>\n<td width=\"76\">Talla<\/td>\n<td width=\"137\">Hembra snap TH<\/td>\n<td width=\"94\">Im\u00e1n<br \/>\nDIA<\/td>\n<td width=\"88\">Clavija<br \/>\nL<\/td>\n<td width=\"178\">Fotograf\u00eda<\/td>\n<td width=\"301\">Descripci\u00f3n<\/td>\n<\/tr>\n<tr>\n<td width=\"129\"><\/td>\n<td width=\"76\"><\/td>\n<td width=\"137\"><\/td>\n<td width=\"94\"><\/td>\n<td width=\"88\"><\/td>\n<td width=\"178\"><\/td>\n<td width=\"301\"><\/td>\n<\/tr>\n<tr>\n<td width=\"129\">RC-ES1420<\/td>\n<td width=\"76\">14 mm<\/td>\n<td width=\"137\">2 mm<\/td>\n<td width=\"94\">11 mm<\/td>\n<td width=\"88\">7,6 mm<\/td>\n<td width=\"178\"><img decoding=\"async\" class=\"lazyload wp-image-7273 aligncenter\" src=\"https:\/\/richarms.com\/wp-content\/uploads\/2021\/07\/\u56fe\u724719.png\" data-orig-src=\"https:\/\/richarms.com\/wp-content\/uploads\/2021\/07\/\u56fe\u724719.png\" alt=\"\" width=\"122\" height=\"88\" srcset=\"data:image\/svg+xml,%3Csvg%20xmlns%3D%27http%3A%2F%2Fwww.w3.org%2F2000%2Fsvg%27%20width%3D%27122%27%20height%3D%2788%27%20viewBox%3D%270%200%20122%2088%27%3E%3Crect%20width%3D%27122%27%20height%3D%2788%27%20fill-opacity%3D%220%22%2F%3E%3C%2Fsvg%3E\" data-srcset=\"https:\/\/richarms.com\/wp-content\/uploads\/2021\/07\/\u56fe\u724719-200x143.png 200w, https:\/\/richarms.com\/wp-content\/uploads\/2021\/07\/\u56fe\u724719-300x214.png 300w, https:\/\/richarms.com\/wp-content\/uploads\/2021\/07\/\u56fe\u724719-400x285.png 400w, https:\/\/richarms.com\/wp-content\/uploads\/2021\/07\/\u56fe\u724719-500x356.png 500w, https:\/\/richarms.com\/wp-content\/uploads\/2021\/07\/\u56fe\u724719.png 505w\" data-sizes=\"auto\" data-orig-sizes=\"(max-width: 122px) 100vw, 122px\" \/><\/td>\n<td width=\"301\">Cuerpo delgado. Resistencia est\u00e1ndar.<br \/>\nBroches elegantes y de alta costura para bolsos, maletas y estuches.<\/td>\n<\/tr>\n<tr>\n<td width=\"129\">RC-ES1820<\/td>\n<td width=\"76\">18 mm<\/td>\n<td width=\"137\">2 mm<\/td>\n<td width=\"94\">12 mm<\/td>\n<td width=\"88\">9mm<\/td>\n<td width=\"178\"><img decoding=\"async\" class=\"lazyload alignnone size-full wp-image-7272\" src=\"https:\/\/richarms.com\/wp-content\/uploads\/2021\/07\/\u56fe\u724718.png\" data-orig-src=\"https:\/\/richarms.com\/wp-content\/uploads\/2021\/07\/\u56fe\u724718.png\" alt=\"\" width=\"505\" height=\"360\" srcset=\"data:image\/svg+xml,%3Csvg%20xmlns%3D%27http%3A%2F%2Fwww.w3.org%2F2000%2Fsvg%27%20width%3D%27505%27%20height%3D%27360%27%20viewBox%3D%270%200%20505%20360%27%3E%3Crect%20width%3D%27505%27%20height%3D%27360%27%20fill-opacity%3D%220%22%2F%3E%3C%2Fsvg%3E\" data-srcset=\"https:\/\/richarms.com\/wp-content\/uploads\/2021\/07\/\u56fe\u724718-200x143.png 200w, https:\/\/richarms.com\/wp-content\/uploads\/2021\/07\/\u56fe\u724718-300x214.png 300w, https:\/\/richarms.com\/wp-content\/uploads\/2021\/07\/\u56fe\u724718-400x285.png 400w, https:\/\/richarms.com\/wp-content\/uploads\/2021\/07\/\u56fe\u724718-500x356.png 500w, https:\/\/richarms.com\/wp-content\/uploads\/2021\/07\/\u56fe\u724718.png 505w\" data-sizes=\"auto\" data-orig-sizes=\"(max-width: 505px) 100vw, 505px\" \/><\/td>\n<td width=\"301\">Cuerpo delgado con gran poder de sujeci\u00f3n.<br \/>\nPara bolsos, maletas, mochilas, automoci\u00f3n y aeroespacial.<\/td>\n<\/tr>\n<\/tbody>\n<\/table>\n<p>&nbsp;<\/p>\n<ul>\n<li>Material:<\/li>\n<\/ul>\n<p style=\"text-align: left;\">C\u00e1psula hembra:  Acero, Cobre, Acero inoxidable<strong><br \/>\n<\/strong>C\u00e1psula macho: Acero<strong><br \/>\n<\/strong><img decoding=\"async\" class=\"lazyload alignnone wp-image-7161\" src=\"https:\/\/richarms.com\/wp-content\/uploads\/2020\/03\/materials-e1626143269166.png\" data-orig-src=\"https:\/\/richarms.com\/wp-content\/uploads\/2020\/03\/materials-e1626143269166.png\" alt=\"\" width=\"446\" height=\"199\" srcset=\"data:image\/svg+xml,%3Csvg%20xmlns%3D%27http%3A%2F%2Fwww.w3.org%2F2000%2Fsvg%27%20width%3D%27446%27%20height%3D%27199%27%20viewBox%3D%270%200%20446%20199%27%3E%3Crect%20width%3D%27446%27%20height%3D%27199%27%20fill-opacity%3D%220%22%2F%3E%3C%2Fsvg%3E\" data-srcset=\"https:\/\/richarms.com\/wp-content\/uploads\/2020\/03\/materials-e1626143269166-200x89.png 200w, https:\/\/richarms.com\/wp-content\/uploads\/2020\/03\/materials-e1626143269166-300x134.png 300w, https:\/\/richarms.com\/wp-content\/uploads\/2020\/03\/materials-e1626143269166-400x178.png 400w, https:\/\/richarms.com\/wp-content\/uploads\/2020\/03\/materials-e1626143269166-500x223.png 500w, https:\/\/richarms.com\/wp-content\/uploads\/2020\/03\/materials-e1626143269166.png 511w\" data-sizes=\"auto\" data-orig-sizes=\"(max-width: 446px) 100vw, 446px\" \/><\/p>\n<p>&nbsp;<\/p>\n<ul>\n<li>Fuerza magn\u00e9tica: Elija entre varios niveles para satisfacer las necesidades espec\u00edficas de su proyecto.<\/li>\n<\/ul>\n<p>Im\u00e1n interior : Im\u00e1n permanente de neodimio.<strong><br \/>\n<\/strong>La potencia del im\u00e1n depende del tama\u00f1o y el grado del im\u00e1n<\/p>\n<p><img decoding=\"async\" class=\"lazyload alignnone wp-image-7163\" src=\"https:\/\/richarms.com\/wp-content\/uploads\/2020\/03\/\u8d85\u8584\u78c1\u529b-e1626186192975.png\" data-orig-src=\"https:\/\/richarms.com\/wp-content\/uploads\/2020\/03\/\u8d85\u8584\u78c1\u529b-e1626186192975.png\" alt=\"\" width=\"449\" height=\"131\" srcset=\"data:image\/svg+xml,%3Csvg%20xmlns%3D%27http%3A%2F%2Fwww.w3.org%2F2000%2Fsvg%27%20width%3D%27449%27%20height%3D%27131%27%20viewBox%3D%270%200%20449%20131%27%3E%3Crect%20width%3D%27449%27%20height%3D%27131%27%20fill-opacity%3D%220%22%2F%3E%3C%2Fsvg%3E\" data-srcset=\"https:\/\/richarms.com\/wp-content\/uploads\/2020\/03\/\u8d85\u8584\u78c1\u529b-e1626186192975-200x58.png 200w, https:\/\/richarms.com\/wp-content\/uploads\/2020\/03\/\u8d85\u8584\u78c1\u529b-e1626186192975-300x87.png 300w, https:\/\/richarms.com\/wp-content\/uploads\/2020\/03\/\u8d85\u8584\u78c1\u529b-e1626186192975-400x117.png 400w, https:\/\/richarms.com\/wp-content\/uploads\/2020\/03\/\u8d85\u8584\u78c1\u529b-e1626186192975-500x146.png 500w, https:\/\/richarms.com\/wp-content\/uploads\/2020\/03\/\u8d85\u8584\u78c1\u529b-e1626186192975-600x175.png 600w, https:\/\/richarms.com\/wp-content\/uploads\/2020\/03\/\u8d85\u8584\u78c1\u529b-e1626186192975-700x204.png 700w, https:\/\/richarms.com\/wp-content\/uploads\/2020\/03\/\u8d85\u8584\u78c1\u529b-e1626186192975-768x224.png 768w, https:\/\/richarms.com\/wp-content\/uploads\/2020\/03\/\u8d85\u8584\u78c1\u529b-e1626186192975-800x233.png 800w, https:\/\/richarms.com\/wp-content\/uploads\/2020\/03\/\u8d85\u8584\u78c1\u529b-e1626186192975.png 885w\" data-sizes=\"auto\" data-orig-sizes=\"(max-width: 449px) 100vw, 449px\" \/><\/p>\n<ul>\n<li>Colores y acabados: Una amplia gama de opciones de chapado como oro, plata, lat\u00f3n envejecido y colores personalizados para combinar con su marca.<\/li>\n<\/ul>\n<p><strong><b>F<\/b><\/strong><strong><b>inish<\/b><\/strong><strong><b>:<br \/>\n<\/b><\/strong>Bot\u00f3n femenino: Liso, Patr\u00f3n, Logotipo<strong><br \/>\n<\/strong><img decoding=\"async\" class=\"lazyload alignnone wp-image-7166\" src=\"data:image\/svg+xml,%3Csvg%20xmlns%3D%27http%3A%2F%2Fwww.w3.org%2F2000%2Fsvg%27%20width%3D%27288%27%20height%3D%27135%27%20viewBox%3D%270%200%20288%20135%27%3E%3Crect%20width%3D%27288%27%20height%3D%27135%27%20fill-opacity%3D%220%22%2F%3E%3C%2Fsvg%3E\" data-orig-src=\"https:\/\/richarms.com\/wp-content\/uploads\/2020\/03\/\u56fe\u72473.jpg\" alt=\"\" width=\"288\" height=\"135\" \/><strong><br \/>\n<\/strong>Broche macho: Liso, texto, logotipo<strong><br \/>\n<\/strong><img decoding=\"async\" class=\"lazyload alignnone wp-image-7180\" src=\"https:\/\/richarms.com\/wp-content\/uploads\/2020\/03\/\u56fe\u72474.jpg\" data-orig-src=\"https:\/\/richarms.com\/wp-content\/uploads\/2020\/03\/\u56fe\u72474.jpg\" alt=\"\" width=\"301\" height=\"121\" srcset=\"data:image\/svg+xml,%3Csvg%20xmlns%3D%27http%3A%2F%2Fwww.w3.org%2F2000%2Fsvg%27%20width%3D%27301%27%20height%3D%27121%27%20viewBox%3D%270%200%20301%20121%27%3E%3Crect%20width%3D%27301%27%20height%3D%27121%27%20fill-opacity%3D%220%22%2F%3E%3C%2Fsvg%3E\" data-srcset=\"https:\/\/richarms.com\/wp-content\/uploads\/2020\/03\/\u56fe\u72474-200x80.jpg 200w, https:\/\/richarms.com\/wp-content\/uploads\/2020\/03\/\u56fe\u72474-300x120.jpg 300w, https:\/\/richarms.com\/wp-content\/uploads\/2020\/03\/\u56fe\u72474-400x160.jpg 400w, https:\/\/richarms.com\/wp-content\/uploads\/2020\/03\/\u56fe\u72474-500x200.jpg 500w, https:\/\/richarms.com\/wp-content\/uploads\/2020\/03\/\u56fe\u72474-600x241.jpg 600w, https:\/\/richarms.com\/wp-content\/uploads\/2020\/03\/\u56fe\u72474.jpg 651w\" data-sizes=\"auto\" data-orig-sizes=\"(max-width: 301px) 100vw, 301px\" \/><\/p>\n<p><strong><b>Color normal <\/b><\/strong><\/p>\n<p><strong><img decoding=\"async\" class=\"lazyload alignnone size-full wp-image-5392\" src=\"https:\/\/richarms.com\/wp-content\/uploads\/2018\/07\/RICHARMS-COLOT-DIS.jpg\" data-orig-src=\"https:\/\/richarms.com\/wp-content\/uploads\/2018\/07\/RICHARMS-COLOT-DIS.jpg\" alt=\"\" width=\"651\" height=\"457\" srcset=\"data:image\/svg+xml,%3Csvg%20xmlns%3D%27http%3A%2F%2Fwww.w3.org%2F2000%2Fsvg%27%20width%3D%27651%27%20height%3D%27457%27%20viewBox%3D%270%200%20651%20457%27%3E%3Crect%20width%3D%27651%27%20height%3D%27457%27%20fill-opacity%3D%220%22%2F%3E%3C%2Fsvg%3E\" data-srcset=\"https:\/\/richarms.com\/wp-content\/uploads\/2018\/07\/RICHARMS-COLOT-DIS-200x140.jpg 200w, https:\/\/richarms.com\/wp-content\/uploads\/2018\/07\/RICHARMS-COLOT-DIS-300x211.jpg 300w, https:\/\/richarms.com\/wp-content\/uploads\/2018\/07\/RICHARMS-COLOT-DIS-400x281.jpg 400w, https:\/\/richarms.com\/wp-content\/uploads\/2018\/07\/RICHARMS-COLOT-DIS-500x351.jpg 500w, https:\/\/richarms.com\/wp-content\/uploads\/2018\/07\/RICHARMS-COLOT-DIS-600x421.jpg 600w, https:\/\/richarms.com\/wp-content\/uploads\/2018\/07\/RICHARMS-COLOT-DIS.jpg 651w\" data-sizes=\"auto\" data-orig-sizes=\"(max-width: 651px) 100vw, 651px\" \/><\/strong><\/p>\n<p><strong><b>\u00bfCu\u00e1l es la diferencia entre la calidad de colgado y la de enrollado?<\/b><\/strong><\/p>\n<p><img decoding=\"async\" class=\"lazyload alignnone wp-image-7165\" src=\"https:\/\/richarms.com\/wp-content\/uploads\/2020\/03\/\u56fe\u72471.jpg\" data-orig-src=\"https:\/\/richarms.com\/wp-content\/uploads\/2020\/03\/\u56fe\u72471.jpg\" alt=\"\" width=\"176\" height=\"248\" srcset=\"data:image\/svg+xml,%3Csvg%20xmlns%3D%27http%3A%2F%2Fwww.w3.org%2F2000%2Fsvg%27%20width%3D%27176%27%20height%3D%27248%27%20viewBox%3D%270%200%20176%20248%27%3E%3Crect%20width%3D%27176%27%20height%3D%27248%27%20fill-opacity%3D%220%22%2F%3E%3C%2Fsvg%3E\" data-srcset=\"https:\/\/richarms.com\/wp-content\/uploads\/2020\/03\/\u56fe\u72471-200x281.jpg 200w, https:\/\/richarms.com\/wp-content\/uploads\/2020\/03\/\u56fe\u72471-213x300.jpg 213w, https:\/\/richarms.com\/wp-content\/uploads\/2020\/03\/\u56fe\u72471.jpg 349w\" data-sizes=\"auto\" data-orig-sizes=\"(max-width: 176px) 100vw, 176px\" \/><\/p>\n<ul>\n<li>Soluciones de envasado: Opciones de envasado a medida para minoristas y compradores a granel.<\/li>\n<\/ul>\n<p>Todos ellos pueden suministrarse con patas, v\u00e1stagos o remaches.<br \/>\n1 juego = 1 macho, 1 hembra, 2 arandelas<br \/>\n12 mm: 200 juegos\/caja, 20 cajas\/cart\u00f3n<br \/>\n14 mm: 200 juegos\/caja, 20 cajas\/cart\u00f3n<br \/>\n18 mm: 100 juegos\/caja, 20 cajas\/cart\u00f3n<\/p>\n<p><img decoding=\"async\" class=\"lazyload alignnone size-full wp-image-7282\" src=\"https:\/\/richarms.com\/wp-content\/uploads\/2021\/07\/\u56db\u65b9\u6c34\u5370_\u526f\u672c.jpg\" data-orig-src=\"https:\/\/richarms.com\/wp-content\/uploads\/2021\/07\/\u56db\u65b9\u6c34\u5370_\u526f\u672c.jpg\" alt=\"\" width=\"300\" height=\"290\" srcset=\"data:image\/svg+xml,%3Csvg%20xmlns%3D%27http%3A%2F%2Fwww.w3.org%2F2000%2Fsvg%27%20width%3D%27300%27%20height%3D%27290%27%20viewBox%3D%270%200%20300%20290%27%3E%3Crect%20width%3D%27300%27%20height%3D%27290%27%20fill-opacity%3D%220%22%2F%3E%3C%2Fsvg%3E\" data-srcset=\"https:\/\/richarms.com\/wp-content\/uploads\/2021\/07\/\u56db\u65b9\u6c34\u5370_\u526f\u672c-200x193.jpg 200w, https:\/\/richarms.com\/wp-content\/uploads\/2021\/07\/\u56db\u65b9\u6c34\u5370_\u526f\u672c.jpg 300w\" data-sizes=\"auto\" data-orig-sizes=\"(max-width: 300px) 100vw, 300px\" \/><\/p>\n<p>Nuestro broche magn\u00e9tico cuadrado tambi\u00e9n se puede personalizar con su logotipo, lo que realza a\u00fan m\u00e1s la singularidad de su producto.<\/p>\n<h3>F\u00e1cil instalaci\u00f3n: apto para bricolaje y producci\u00f3n en serie<\/h3>\n<p>La instalaci\u00f3n de nuestro broche magn\u00e9tico cuadrado es muy sencilla:<\/p>\n<ul>\n<li>Marca y corta dos peque\u00f1as aberturas en tu tela o cuero.<\/li>\n<li>Introduzca las p\u00faas por las aberturas.<\/li>\n<li>Dobla las p\u00faas hacia fuera con firmeza para fijar los broches.<\/li>\n<\/ul>\n<p>Los usuarios de bricolaje pueden realizar esta tarea c\u00f3modamente con unas tijeras dom\u00e9sticas. Para los grandes fabricantes, Richarms ofrece herramientas especializadas de corte de agujeros y herramientas de fijaci\u00f3n a presi\u00f3n, lo que agiliza considerablemente el proceso de producci\u00f3n.<\/p>\n<p><img decoding=\"async\" class=\"lazyload alignnone wp-image-7160\" src=\"https:\/\/richarms.com\/wp-content\/uploads\/2020\/03\/application.png\" data-orig-src=\"https:\/\/richarms.com\/wp-content\/uploads\/2020\/03\/application.png\" alt=\"\" width=\"474\" height=\"443\" srcset=\"data:image\/svg+xml,%3Csvg%20xmlns%3D%27http%3A%2F%2Fwww.w3.org%2F2000%2Fsvg%27%20width%3D%27474%27%20height%3D%27443%27%20viewBox%3D%270%200%20474%20443%27%3E%3Crect%20width%3D%27474%27%20height%3D%27443%27%20fill-opacity%3D%220%22%2F%3E%3C%2Fsvg%3E\" data-srcset=\"https:\/\/richarms.com\/wp-content\/uploads\/2020\/03\/application-200x187.png 200w, https:\/\/richarms.com\/wp-content\/uploads\/2020\/03\/application-300x280.png 300w, https:\/\/richarms.com\/wp-content\/uploads\/2020\/03\/application-400x374.png 400w, https:\/\/richarms.com\/wp-content\/uploads\/2020\/03\/application-500x467.png 500w, https:\/\/richarms.com\/wp-content\/uploads\/2020\/03\/application.png 598w\" data-sizes=\"auto\" data-orig-sizes=\"(max-width: 474px) 100vw, 474px\" \/><\/p>\n<h3>\u00bfPor qu\u00e9 elegir Richarms?<\/h3>\n<p>Richarms ofrece precios al por mayor de f\u00e1brica competitivos, garantizando productos de alta calidad a precios atractivos. Como expertos del sector, garantizamos una experiencia de compra fluida, un env\u00edo r\u00e1pido y un servicio posventa excepcional.<\/p>\n<p>Explore nuestras opciones de stock ultrafino:<\/p>\n<ul>\n<li><a href=\"https:\/\/www.richarmshardware.com\/products\/18x2mm-square-magnetic-snaps\">Cierre magn\u00e9tico cuadrado 18x2mm<\/a><\/li>\n<li><a href=\"https:\/\/www.richarmshardware.com\/products\/14x2mm-square-magnetic-snaps\">Cierre magn\u00e9tico cuadrado 14x2mm<\/a><\/li>\n<\/ul>\n<p>P\u00f3ngase en contacto con nuestros expertos hoy para precios personalizados para pedidos al por mayor. Mejore sus productos con el broche magn\u00e9tico cuadrado de Richarms hoy mismo.<\/p>","protected":false},"excerpt":{"rendered":"<p>Tipo: Cierre magn\u00e9tico cuadrado extrafino<br \/>\nMaterial: Cobre, Acero, Acero inoxidable<br \/>\nN\u00famero de modelo: RC-ES1220\/1420\/1820<br \/>\nLogotipo personalizado disponible: L\u00e1ser, Cavado, Utillaje<br \/>\nTama\u00f1o: 12 mm, 14 mm, 18 mm<br \/>\nColor: Oro \/ N\u00edquel \/ Pistola \/ Oro rosa \/ Hormiga \/ Otro<br \/>\nEmbalaje: caja y cart\u00f3n<br \/>\nEnv\u00edos: LCL \/ DHL \/ FedEx \/ TNT \/ Otros<\/p>","protected":false},"featured_media":6446,"template":"","meta":[],"product_brand":[],"product_cat":[15],"product_tag":[],"class_list":{"0":"post-2434","1":"product","2":"type-product","3":"status-publish","4":"has-post-thumbnail","6":"product_cat-magnetic-snaps","8":"first","9":"instock","10":"shipping-taxable","11":"product-type-simple"},"aioseo_notices":[],"_links":{"self":[{"href":"https:\/\/richarms.com\/es\/wp-json\/wp\/v2\/product\/2434","targetHints":{"allow":["GET"]}}],"collection":[{"href":"https:\/\/richarms.com\/es\/wp-json\/wp\/v2\/product"}],"about":[{"href":"https:\/\/richarms.com\/es\/wp-json\/wp\/v2\/types\/product"}],"wp:featuredmedia":[{"embeddable":true,"href":"https:\/\/richarms.com\/es\/wp-json\/wp\/v2\/media\/6446"}],"wp:attachment":[{"href":"https:\/\/richarms.com\/es\/wp-json\/wp\/v2\/media?parent=2434"}],"wp:term":[{"taxonomy":"product_brand","embeddable":true,"href":"https:\/\/richarms.com\/es\/wp-json\/wp\/v2\/product_brand?post=2434"},{"taxonomy":"product_cat","embeddable":true,"href":"https:\/\/richarms.com\/es\/wp-json\/wp\/v2\/product_cat?post=2434"},{"taxonomy":"product_tag","embeddable":true,"href":"https:\/\/richarms.com\/es\/wp-json\/wp\/v2\/product_tag?post=2434"}],"curies":[{"name":"wp","href":"https:\/\/api.w.org\/{rel}","templated":true}]}}