{"id":2448,"date":"2021-07-11T08:01:33","date_gmt":"2021-07-11T00:01:33","guid":{"rendered":"https:\/\/www.bangzhiyou.com\/?post_type=product&#038;p=2448"},"modified":"2025-03-29T17:33:44","modified_gmt":"2025-03-29T09:33:44","slug":"bzy-2018-m45","status":"publish","type":"product","link":"https:\/\/richarms.com\/es\/product\/bzy-2018-m45","title":{"rendered":"Broches magn\u00e9ticos en forma de coraz\u00f3n"},"content":{"rendered":"<h1 data-pm-slice=\"1 1 []\">Broches magn\u00e9ticos personalizados en forma de coraz\u00f3n para bolsas, diarios y embalajes<\/h1>\n<p data-pm-slice=\"1 1 []\">Los broches magn\u00e9ticos en forma de coraz\u00f3n son cierres de dise\u00f1o exclusivo que aportan estilo y funcionalidad a diversos productos de piel y soluciones de envasado. Esta creativa adaptaci\u00f3n de los tradicionales broches magn\u00e9ticos redondos combina el atractivo est\u00e9tico con un rendimiento fiable. Ideales para empresas que buscan un herraje distintivo, estos broches magn\u00e9ticos en forma de coraz\u00f3n son perfectos para a\u00f1adir un elegante toque final a sus productos.<\/p>\n<div id=\"attachment_8251\" style=\"width: 692px\" class=\"wp-caption alignnone\"><img decoding=\"async\" aria-describedby=\"caption-attachment-8251\" class=\"lazyload wp-image-8251\" src=\"https:\/\/richarms.com\/wp-content\/uploads\/2021\/07\/42231743240207_.pic_.jpg\" data-orig-src=\"https:\/\/richarms.com\/wp-content\/uploads\/2021\/07\/42231743240207_.pic_.jpg\" alt=\"Gold and Black Heart Shape Magnetic Snaps Front and Side Views\" width=\"682\" height=\"461\" srcset=\"data:image\/svg+xml,%3Csvg%20xmlns%3D%27http%3A%2F%2Fwww.w3.org%2F2000%2Fsvg%27%20width%3D%27682%27%20height%3D%27461%27%20viewBox%3D%270%200%20682%20461%27%3E%3Crect%20width%3D%27682%27%20height%3D%27461%27%20fill-opacity%3D%220%22%2F%3E%3C%2Fsvg%3E\" data-srcset=\"https:\/\/richarms.com\/wp-content\/uploads\/2021\/07\/42231743240207_.pic_-200x135.jpg 200w, https:\/\/richarms.com\/wp-content\/uploads\/2021\/07\/42231743240207_.pic_-300x203.jpg 300w, https:\/\/richarms.com\/wp-content\/uploads\/2021\/07\/42231743240207_.pic_-400x271.jpg 400w, https:\/\/richarms.com\/wp-content\/uploads\/2021\/07\/42231743240207_.pic_-500x338.jpg 500w, https:\/\/richarms.com\/wp-content\/uploads\/2021\/07\/42231743240207_.pic_-600x406.jpg 600w, https:\/\/richarms.com\/wp-content\/uploads\/2021\/07\/42231743240207_.pic_-700x473.jpg 700w, https:\/\/richarms.com\/wp-content\/uploads\/2021\/07\/42231743240207_.pic_-768x519.jpg 768w, https:\/\/richarms.com\/wp-content\/uploads\/2021\/07\/42231743240207_.pic_.jpg 800w\" data-sizes=\"auto\" data-orig-sizes=\"(max-width: 682px) 100vw, 682px\" \/><p id=\"caption-attachment-8251\" class=\"wp-caption-text\">Broches magn\u00e9ticos en forma de coraz\u00f3n en acabados dorado y negro, con caras frontales y vista lateral con p\u00faas.<\/p><\/div>\n<h2>Diversas aplicaciones para los broches magn\u00e9ticos en forma de coraz\u00f3n Nuestros broches magn\u00e9ticos est\u00e1n especialmente dise\u00f1ados para:<\/h2>\n<ul>\n<li>Bolsos de piel<\/li>\n<li>Diarios de viaje y de negocios<\/li>\n<li>Cajas de regalo de alta calidad<\/li>\n<li>Accesorios de cuero a medida<\/li>\n<li>Carteras y peque\u00f1os art\u00edculos de cuero<\/li>\n<li>para <a href=\"https:\/\/www.pinterest.com\/richarmsaccessoriesgroups\">m\u00e1s inspiraci\u00f3n<\/a><\/li>\n<\/ul>\n<p>Dise\u00f1ados pensando tanto en la est\u00e9tica como en la facilidad de uso, estos broches mejoran la comodidad del usuario al proporcionar cierres f\u00e1ciles pero seguros.<\/p>\n<h2>Servicios integrales de personalizaci\u00f3n Richarms ofrece amplios <a href=\"https:\/\/richarms.com\/es\/category\/blog\/custom-hardware\/\">personalizaci\u00f3n<\/a> para satisfacer diversas necesidades B2B<\/h2>\n<table style=\"border-collapse: collapse; width: 821px; height: 370px;\" border=\"0\" width=\"96\" cellspacing=\"0\" cellpadding=\"0\">\n<tbody>\n<tr style=\"height: 16.80pt;\">\n<td style=\"height: 16.80pt; width: 48.00pt;\" width=\"48\" height=\"16\">\n<p><div id=\"attachment_8252\" style=\"width: 353px\" class=\"wp-caption alignnone\"><img decoding=\"async\" aria-describedby=\"caption-attachment-8252\" class=\"lazyload wp-image-8252\" src=\"https:\/\/richarms.com\/wp-content\/uploads\/2021\/07\/42241743240210_.pic_.jpg\" data-orig-src=\"https:\/\/richarms.com\/wp-content\/uploads\/2021\/07\/42241743240210_.pic_.jpg\" alt=\"Antique Brass and Silver Heart Shape Magnetic Snaps Various Angles\" width=\"343\" height=\"343\" srcset=\"data:image\/svg+xml,%3Csvg%20xmlns%3D%27http%3A%2F%2Fwww.w3.org%2F2000%2Fsvg%27%20width%3D%27343%27%20height%3D%27343%27%20viewBox%3D%270%200%20343%20343%27%3E%3Crect%20width%3D%27343%27%20height%3D%27343%27%20fill-opacity%3D%220%22%2F%3E%3C%2Fsvg%3E\" data-srcset=\"https:\/\/richarms.com\/wp-content\/uploads\/2021\/07\/42241743240210_.pic_-66x66.jpg 66w, https:\/\/richarms.com\/wp-content\/uploads\/2021\/07\/42241743240210_.pic_-100x100.jpg 100w, https:\/\/richarms.com\/wp-content\/uploads\/2021\/07\/42241743240210_.pic_-150x150.jpg 150w, https:\/\/richarms.com\/wp-content\/uploads\/2021\/07\/42241743240210_.pic_-200x200.jpg 200w, https:\/\/richarms.com\/wp-content\/uploads\/2021\/07\/42241743240210_.pic_-300x300.jpg 300w, https:\/\/richarms.com\/wp-content\/uploads\/2021\/07\/42241743240210_.pic_-400x400.jpg 400w, https:\/\/richarms.com\/wp-content\/uploads\/2021\/07\/42241743240210_.pic_-500x500.jpg 500w, https:\/\/richarms.com\/wp-content\/uploads\/2021\/07\/42241743240210_.pic_-600x600.jpg 600w, https:\/\/richarms.com\/wp-content\/uploads\/2021\/07\/42241743240210_.pic_-700x700.jpg 700w, https:\/\/richarms.com\/wp-content\/uploads\/2021\/07\/42241743240210_.pic_-768x768.jpg 768w, https:\/\/richarms.com\/wp-content\/uploads\/2021\/07\/42241743240210_.pic_.jpg 800w\" data-sizes=\"auto\" data-orig-sizes=\"(max-width: 343px) 100vw, 343px\" \/><p id=\"caption-attachment-8252\" class=\"wp-caption-text\">Surtido de broches magn\u00e9ticos con forma de coraz\u00f3n en lat\u00f3n antiguo y plata, con instalaci\u00f3n delantera, trasera y con p\u00faas.<\/p><\/div><\/td>\n<td style=\"width: 48.00pt;\" width=\"48\">\n<p><div id=\"attachment_8253\" style=\"width: 344px\" class=\"wp-caption alignnone\"><img decoding=\"async\" aria-describedby=\"caption-attachment-8253\" class=\"lazyload wp-image-8253\" src=\"https:\/\/richarms.com\/wp-content\/uploads\/2021\/07\/42251743240211_.pic_.jpg\" data-orig-src=\"https:\/\/richarms.com\/wp-content\/uploads\/2021\/07\/42251743240211_.pic_.jpg\" alt=\"Hand Holding Silver Heart Shape Magnetic Snaps\" width=\"334\" height=\"334\" srcset=\"data:image\/svg+xml,%3Csvg%20xmlns%3D%27http%3A%2F%2Fwww.w3.org%2F2000%2Fsvg%27%20width%3D%27334%27%20height%3D%27334%27%20viewBox%3D%270%200%20334%20334%27%3E%3Crect%20width%3D%27334%27%20height%3D%27334%27%20fill-opacity%3D%220%22%2F%3E%3C%2Fsvg%3E\" data-srcset=\"https:\/\/richarms.com\/wp-content\/uploads\/2021\/07\/42251743240211_.pic_-66x66.jpg 66w, https:\/\/richarms.com\/wp-content\/uploads\/2021\/07\/42251743240211_.pic_-100x100.jpg 100w, https:\/\/richarms.com\/wp-content\/uploads\/2021\/07\/42251743240211_.pic_-150x150.jpg 150w, https:\/\/richarms.com\/wp-content\/uploads\/2021\/07\/42251743240211_.pic_-200x200.jpg 200w, https:\/\/richarms.com\/wp-content\/uploads\/2021\/07\/42251743240211_.pic_-300x300.jpg 300w, https:\/\/richarms.com\/wp-content\/uploads\/2021\/07\/42251743240211_.pic_-400x400.jpg 400w, https:\/\/richarms.com\/wp-content\/uploads\/2021\/07\/42251743240211_.pic_-500x500.jpg 500w, https:\/\/richarms.com\/wp-content\/uploads\/2021\/07\/42251743240211_.pic_-600x600.jpg 600w, https:\/\/richarms.com\/wp-content\/uploads\/2021\/07\/42251743240211_.pic_-700x700.jpg 700w, https:\/\/richarms.com\/wp-content\/uploads\/2021\/07\/42251743240211_.pic_-768x768.jpg 768w, https:\/\/richarms.com\/wp-content\/uploads\/2021\/07\/42251743240211_.pic_.jpg 800w\" data-sizes=\"auto\" data-orig-sizes=\"(max-width: 334px) 100vw, 334px\" \/><p id=\"caption-attachment-8253\" class=\"wp-caption-text\">Una mano sujeta un par de peque\u00f1os broches magn\u00e9ticos con forma de coraz\u00f3n en acabado plateado, destacando su tama\u00f1o y su caracter\u00edstica de cierre magn\u00e9tico.<\/p><\/div><\/td>\n<\/tr>\n<\/tbody>\n<\/table>\n<ul>\n<li><strong>Material:<br \/>\n<\/strong>Cobre, hierro, NdFeB Im\u00e1n<\/li>\n<li><strong>Talla y c\u00f3digo:<br \/>\n<\/strong>14*2mm\/ 14*3.5mm\/ 18*2mm\/ 18*4.5mm\/ 22*2mm<\/li>\n<li><strong>Paquete<\/strong><strong>\uff1a<br \/>\n<\/strong>1 juego incluye 1 broche macho, 1 broche hembra y 2 arandelas. 2 broches pueden besar bloqueado, y cada lado trasero tiene dos puntas con arandela que va en el cuerpo trasero.<\/li>\n<li><strong>Opciones de color<\/strong>: Seleccione entre oro cl\u00e1sico, plata, lat\u00f3n antiguo, oro rosa o solicite un color personalizado que se ajuste a sus requisitos de marca.<img decoding=\"async\" class=\"lazyload alignnone size-full wp-image-5392\" src=\"https:\/\/richarms.com\/wp-content\/uploads\/2018\/07\/RICHARMS-COLOT-DIS.jpg\" data-orig-src=\"https:\/\/richarms.com\/wp-content\/uploads\/2018\/07\/RICHARMS-COLOT-DIS.jpg\" alt=\"\" width=\"651\" height=\"457\" srcset=\"data:image\/svg+xml,%3Csvg%20xmlns%3D%27http%3A%2F%2Fwww.w3.org%2F2000%2Fsvg%27%20width%3D%27651%27%20height%3D%27457%27%20viewBox%3D%270%200%20651%20457%27%3E%3Crect%20width%3D%27651%27%20height%3D%27457%27%20fill-opacity%3D%220%22%2F%3E%3C%2Fsvg%3E\" data-srcset=\"https:\/\/richarms.com\/wp-content\/uploads\/2018\/07\/RICHARMS-COLOT-DIS-200x140.jpg 200w, https:\/\/richarms.com\/wp-content\/uploads\/2018\/07\/RICHARMS-COLOT-DIS-300x211.jpg 300w, https:\/\/richarms.com\/wp-content\/uploads\/2018\/07\/RICHARMS-COLOT-DIS-400x281.jpg 400w, https:\/\/richarms.com\/wp-content\/uploads\/2018\/07\/RICHARMS-COLOT-DIS-500x351.jpg 500w, https:\/\/richarms.com\/wp-content\/uploads\/2018\/07\/RICHARMS-COLOT-DIS-600x421.jpg 600w, https:\/\/richarms.com\/wp-content\/uploads\/2018\/07\/RICHARMS-COLOT-DIS.jpg 651w\" data-sizes=\"auto\" data-orig-sizes=\"(max-width: 651px) 100vw, 651px\" \/><\/li>\n<li><strong>Personalizaci\u00f3n del logotipo<\/strong>: Mejore la identidad de la marca con logotipos grabados o en relieve en los broches.<\/li>\n<li><strong>Envases a medida<\/strong>: Las opciones de envasado van desde el suministro a granel para fabricantes hasta el envasado listo para la venta al por menor, perfecto para diversos canales de venta.<\/li>\n<\/ul>\n<h2>Proceso de instalaci\u00f3n sencillo La instalaci\u00f3n es sencilla e ideal para la eficiencia de la producci\u00f3n:<\/h2>\n<ul>\n<li>Basta con crear dos hendiduras en la superficie de tela o cuero.<\/li>\n<li>Inserte los mosquetones y pli\u00e9guelos hacia fuera de forma segura.<\/li>\n<li>Los clientes de bricolaje pueden utilizar tijeras dom\u00e9sticas para este paso.<\/li>\n<li>Los fabricantes disponen de herramientas especializadas de colocaci\u00f3n de puntas y matrices de corte para agilizar la producci\u00f3n.<\/li>\n<\/ul>\n<h2>\u00bfPor qu\u00e9 elegir Richarms?<\/h2>\n<ul>\n<li><strong>Precios al por mayor de f\u00e1brica<\/strong>: Benef\u00edciese de precios competitivos directos de f\u00e1brica.<\/li>\n<li><strong>MOQ bajo<\/strong>: Cantidades de pedido flexibles y adaptadas a las necesidades de la empresa.<\/li>\n<li><strong>Servicio profesional B2B<\/strong>: Comunicaci\u00f3n eficaz y plazos de entrega r\u00e1pidos para los pedidos personalizados.<\/li>\n<li><strong>Calidad fiable<\/strong>: Los estrictos controles de calidad garantizan un rendimiento y una durabilidad constantes.<\/li>\n<\/ul>\n<h3>\u00bfListo para mejorar sus productos?<\/h3>\n<p>P\u00f3ngase en contacto con nuestros expertos hoy mismo para obtener un presupuesto personalizado o realice su pedido c\u00f3modamente a trav\u00e9s de nuestra tienda Shopify en l\u00ednea. Aumente el atractivo y la funcionalidad de su producto con nuestros broches magn\u00e9ticos en forma de coraz\u00f3n.<\/p>\n<p>&nbsp;<\/p>\n<p>&nbsp;<\/p>","protected":false},"excerpt":{"rendered":"<p>Tipo: Cierre magn\u00e9tico en forma de coraz\u00f3n<br \/>\nMaterial: Cobre, hierro, im\u00e1n NdFeB<br \/>\nN\u00famero de modelo: RC-H<br \/>\nLogotipo: Sin, se puede disfrazar<br \/>\nTama\u00f1o: 14*2mm\/ 14*3.5mm\/ 18*2mm\/ 18*4.5mm\/ 22*2mm<br \/>\nColor: Oro \/ N\u00edquel \/ Pistola \/ Oro rosa \/ Hormiga \/ Otro<br \/>\nEmbalaje: 100-200 juegos\/caja<br \/>\nEnv\u00edos: LCL \/ DHL \/ FedEx \/ TNT \/ Otros<\/p>","protected":false},"featured_media":6449,"template":"","meta":[],"product_brand":[],"product_cat":[15],"product_tag":[],"class_list":{"0":"post-2448","1":"product","2":"type-product","3":"status-publish","4":"has-post-thumbnail","6":"product_cat-magnetic-snaps","8":"first","9":"instock","10":"shipping-taxable","11":"product-type-simple"},"aioseo_notices":[],"_links":{"self":[{"href":"https:\/\/richarms.com\/es\/wp-json\/wp\/v2\/product\/2448","targetHints":{"allow":["GET"]}}],"collection":[{"href":"https:\/\/richarms.com\/es\/wp-json\/wp\/v2\/product"}],"about":[{"href":"https:\/\/richarms.com\/es\/wp-json\/wp\/v2\/types\/product"}],"wp:featuredmedia":[{"embeddable":true,"href":"https:\/\/richarms.com\/es\/wp-json\/wp\/v2\/media\/6449"}],"wp:attachment":[{"href":"https:\/\/richarms.com\/es\/wp-json\/wp\/v2\/media?parent=2448"}],"wp:term":[{"taxonomy":"product_brand","embeddable":true,"href":"https:\/\/richarms.com\/es\/wp-json\/wp\/v2\/product_brand?post=2448"},{"taxonomy":"product_cat","embeddable":true,"href":"https:\/\/richarms.com\/es\/wp-json\/wp\/v2\/product_cat?post=2448"},{"taxonomy":"product_tag","embeddable":true,"href":"https:\/\/richarms.com\/es\/wp-json\/wp\/v2\/product_tag?post=2448"}],"curies":[{"name":"wp","href":"https:\/\/api.w.org\/{rel}","templated":true}]}}