{"id":2483,"date":"2021-07-12T16:14:21","date_gmt":"2021-07-12T08:14:21","guid":{"rendered":"https:\/\/www.bangzhiyou.com\/?post_type=product&#038;p=2483"},"modified":"2025-04-02T11:03:57","modified_gmt":"2025-04-02T03:03:57","slug":"bzy-2018-m49","status":"publish","type":"product","link":"https:\/\/richarms.com\/es\/product\/bzy-2018-m49","title":{"rendered":"Broches magn\u00e9ticos extrafinos"},"content":{"rendered":"<h2>10mm 12mm 14mm 18mm Cierres magn\u00e9ticos redondos extrafinos para bolsos, monederos y diarios<\/h2>\n<p>Este lat\u00f3n broches magn\u00e9ticos son extra delgada, as\u00ed como fuerte para que se sientan al ras con el material. El grosor es de 2 mm, el di\u00e1metro es de 10 mm 12 mm 14 mm 18 mm, 8 mm se puede personalizar, <a href=\"https:\/\/richarms.com\/es\/producto\/bzy-aqx01\/\">20 mm<\/a> en otra estructura.<br \/>\nSon la elecci\u00f3n perfecta para aplicaciones en las que la apariencia es importante y se prefiere una sujeci\u00f3n fuerte, como monederos de piel, bolsos tote, bolsos de mano, fundas de diario, mini masajes, mochilas, bolsas de la compra.<br \/>\nEl cuerpo del im\u00e1n se encaja en el grosor de la piel, dejando un fino reborde exterior que queda a ras de la superficie de la bolsa de piel.<\/p>\n<p>Pedir una tarifa por pedido al por mayor <a href=\"https:\/\/richarms.com\/es\/contact\/\">contacte con nosotros &gt;&gt;&gt;&gt;<\/a><br \/>\nPedidos peque\u00f1os <a href=\"https:\/\/www.richarmshardware.com\/\">tienda en l\u00ednea &gt;&gt;&gt;<\/a><\/p>\n<p><!--more--><\/p>\n<h4 style=\"text-align: left;\"><strong>Lista de tallas de broches magn\u00e9ticos extrafinos<\/strong><\/h4>\n<table style=\"height: 571px;\" width=\"757\">\n<tbody>\n<tr>\n<td width=\"79\">C\u00f3digo<\/td>\n<td width=\"70\">Talla<\/td>\n<td width=\"83\">Chasquido femenino<br \/>\nTH<\/td>\n<td width=\"57\">Clavija<br \/>\nL<\/td>\n<td width=\"69\">Im\u00e1n<br \/>\nTalla<\/td>\n<td width=\"113\">Fotograf\u00eda<\/td>\n<td width=\"243\">Descripci\u00f3n<\/td>\n<\/tr>\n<tr>\n<td width=\"79\">RC-E1020<\/td>\n<td width=\"70\">Broche magn\u00e9tico de 10 mm<\/td>\n<td width=\"83\">2 mm<\/td>\n<td width=\"57\">6,2 mm<\/td>\n<td width=\"69\">9,8 mm<\/td>\n<td width=\"113\">\n<p><div id=\"attachment_7188\" style=\"width: 91px\" class=\"wp-caption aligncenter\"><img decoding=\"async\" aria-describedby=\"caption-attachment-7188\" class=\"lazyload wp-image-7188\" title=\"Broches magn\u00e9ticos de 10 mm\" src=\"https:\/\/richarms.com\/wp-content\/uploads\/2020\/03\/10X2.png\" data-orig-src=\"https:\/\/richarms.com\/wp-content\/uploads\/2020\/03\/10X2.png\" alt=\"\" width=\"81\" height=\"76\" srcset=\"data:image\/svg+xml,%3Csvg%20xmlns%3D%27http%3A%2F%2Fwww.w3.org%2F2000%2Fsvg%27%20width%3D%2781%27%20height%3D%2776%27%20viewBox%3D%270%200%2081%2076%27%3E%3Crect%20width%3D%2781%27%20height%3D%2776%27%20fill-opacity%3D%220%22%2F%3E%3C%2Fsvg%3E\" data-srcset=\"https:\/\/richarms.com\/wp-content\/uploads\/2020\/03\/10X2-200x188.png 200w, https:\/\/richarms.com\/wp-content\/uploads\/2020\/03\/10X2-300x283.png 300w, https:\/\/richarms.com\/wp-content\/uploads\/2020\/03\/10X2.png 330w\" data-sizes=\"auto\" data-orig-sizes=\"(max-width: 81px) 100vw, 81px\" \/><p id=\"caption-attachment-7188\" class=\"wp-caption-text\">Broches magn\u00e9ticos extrafinos de 10 mm<\/p><\/div><\/td>\n<td width=\"243\">Un potente im\u00e1n en un tama\u00f1o muy reducido.<br \/>\nPara peque\u00f1os monederos de cuero, mini carteras, estuches de gafas, juguetes y conexi\u00f3n electr\u00f3nica para el peque\u00f1o dispositivo como el masajeador ocular.<\/td>\n<\/tr>\n<tr>\n<td width=\"79\">RC-E1220<\/td>\n<td width=\"70\">Broche magn\u00e9tico de 12 mm<\/td>\n<td width=\"83\">2 mm<\/td>\n<td width=\"57\">7,6 mm<\/td>\n<td width=\"69\">11,5 mm<\/td>\n<td width=\"113\">\n<p><div id=\"attachment_7214\" style=\"width: 106px\" class=\"wp-caption aligncenter\"><img decoding=\"async\" aria-describedby=\"caption-attachment-7214\" class=\"lazyload wp-image-7214\" title=\"Broches magn\u00e9ticos de 12 mm\" src=\"https:\/\/richarms.com\/wp-content\/uploads\/2018\/08\/12X2.png\" data-orig-src=\"https:\/\/richarms.com\/wp-content\/uploads\/2018\/08\/12X2.png\" alt=\"\" width=\"96\" height=\"94\" srcset=\"data:image\/svg+xml,%3Csvg%20xmlns%3D%27http%3A%2F%2Fwww.w3.org%2F2000%2Fsvg%27%20width%3D%2796%27%20height%3D%2794%27%20viewBox%3D%270%200%2096%2094%27%3E%3Crect%20width%3D%2796%27%20height%3D%2794%27%20fill-opacity%3D%220%22%2F%3E%3C%2Fsvg%3E\" data-srcset=\"https:\/\/richarms.com\/wp-content\/uploads\/2018\/08\/12X2-66x66.png 66w, https:\/\/richarms.com\/wp-content\/uploads\/2018\/08\/12X2-200x197.png 200w, https:\/\/richarms.com\/wp-content\/uploads\/2018\/08\/12X2-300x295.png 300w, https:\/\/richarms.com\/wp-content\/uploads\/2018\/08\/12X2.png 396w\" data-sizes=\"auto\" data-orig-sizes=\"(max-width: 96px) 100vw, 96px\" \/><p id=\"caption-attachment-7214\" class=\"wp-caption-text\">Broches magn\u00e9ticos extrafinos de 12 mm<\/p><\/div><\/td>\n<td width=\"243\">Ideal para bolsos peque\u00f1os, carteras de bolsillo delantero y embalajes.<br \/>\nCara enrasada y di\u00e1metro peque\u00f1o.<\/td>\n<\/tr>\n<tr>\n<td width=\"79\">RC-E1420<\/td>\n<td width=\"70\">Cierre magn\u00e9tico de 14 mm<\/td>\n<td width=\"83\">2 mm<\/td>\n<td width=\"57\">7,6 mm<\/td>\n<td width=\"69\">11 mm<\/td>\n<td width=\"113\">\n<p><div id=\"attachment_7215\" style=\"width: 115px\" class=\"wp-caption aligncenter\"><img decoding=\"async\" aria-describedby=\"caption-attachment-7215\" class=\"lazyload wp-image-7215\" title=\"Broches magn\u00e9ticos de 14 mm\" src=\"https:\/\/richarms.com\/wp-content\/uploads\/2018\/08\/14X2.png\" data-orig-src=\"https:\/\/richarms.com\/wp-content\/uploads\/2018\/08\/14X2.png\" alt=\"\" width=\"105\" height=\"102\" srcset=\"data:image\/svg+xml,%3Csvg%20xmlns%3D%27http%3A%2F%2Fwww.w3.org%2F2000%2Fsvg%27%20width%3D%27105%27%20height%3D%27102%27%20viewBox%3D%270%200%20105%20102%27%3E%3Crect%20width%3D%27105%27%20height%3D%27102%27%20fill-opacity%3D%220%22%2F%3E%3C%2Fsvg%3E\" data-srcset=\"https:\/\/richarms.com\/wp-content\/uploads\/2018\/08\/14X2-200x194.png 200w, https:\/\/richarms.com\/wp-content\/uploads\/2018\/08\/14X2-300x291.png 300w, https:\/\/richarms.com\/wp-content\/uploads\/2018\/08\/14X2-400x389.png 400w, https:\/\/richarms.com\/wp-content\/uploads\/2018\/08\/14X2-500x486.png 500w, https:\/\/richarms.com\/wp-content\/uploads\/2018\/08\/14X2.png 526w\" data-sizes=\"auto\" data-orig-sizes=\"(max-width: 105px) 100vw, 105px\" \/><p id=\"caption-attachment-7215\" class=\"wp-caption-text\">Broches magn\u00e9ticos extrafinos de 14 mm<\/p><\/div><\/td>\n<td width=\"243\">Cuerpo delgado. Resistencia est\u00e1ndar.<br \/>\nBroches elegantes y de alta costura para monederos, bolsos de mano, maletas, estuches y fundas de diario.<\/td>\n<\/tr>\n<tr>\n<td width=\"79\">RC-E1820<\/td>\n<td width=\"70\">Broche magn\u00e9tico de 18 mm<\/td>\n<td width=\"83\">2 mm<\/td>\n<td width=\"57\">9mm<\/td>\n<td width=\"69\">12 mm<\/td>\n<td width=\"113\">\n<p><div id=\"attachment_7192\" style=\"width: 131px\" class=\"wp-caption alignnone\"><img decoding=\"async\" aria-describedby=\"caption-attachment-7192\" class=\"lazyload wp-image-7192\" title=\"Broches magn\u00e9ticos de 18 mm\" src=\"https:\/\/richarms.com\/wp-content\/uploads\/2020\/03\/18X2.png\" data-orig-src=\"https:\/\/richarms.com\/wp-content\/uploads\/2020\/03\/18X2.png\" alt=\"\" width=\"121\" height=\"118\" srcset=\"data:image\/svg+xml,%3Csvg%20xmlns%3D%27http%3A%2F%2Fwww.w3.org%2F2000%2Fsvg%27%20width%3D%27121%27%20height%3D%27118%27%20viewBox%3D%270%200%20121%20118%27%3E%3Crect%20width%3D%27121%27%20height%3D%27118%27%20fill-opacity%3D%220%22%2F%3E%3C%2Fsvg%3E\" data-srcset=\"https:\/\/richarms.com\/wp-content\/uploads\/2020\/03\/18X2-200x194.png 200w, https:\/\/richarms.com\/wp-content\/uploads\/2020\/03\/18X2-300x291.png 300w, https:\/\/richarms.com\/wp-content\/uploads\/2020\/03\/18X2-400x388.png 400w, https:\/\/richarms.com\/wp-content\/uploads\/2020\/03\/18X2-500x485.png 500w, https:\/\/richarms.com\/wp-content\/uploads\/2020\/03\/18X2-600x582.png 600w, https:\/\/richarms.com\/wp-content\/uploads\/2020\/03\/18X2.png 627w\" data-sizes=\"auto\" data-orig-sizes=\"(max-width: 121px) 100vw, 121px\" \/><p id=\"caption-attachment-7192\" class=\"wp-caption-text\">Broches magn\u00e9ticos extrafinos de 18 mm<\/p><\/div><\/td>\n<td width=\"243\">Cuerpo delgado con gran poder de sujeci\u00f3n.<br \/>\nPara bolsos, tote, maletas, mochilas, envases, automoci\u00f3n y aeroespacial.<\/td>\n<\/tr>\n<\/tbody>\n<\/table>\n<p><!--more--><\/p>\n<h4><strong><b>Richarms ofrece diferentes potencias de im\u00e1n para todas las soluciones del mercado<\/b><\/strong><\/h4>\n<p>La potencia de un cierre magn\u00e9tico viene determinada por el tama\u00f1o y la fuerza del im\u00e1n utilizado en su construcci\u00f3n. Los imanes m\u00e1s grandes, con una mayor fuerza magn\u00e9tica, proporcionar\u00e1n un cierre m\u00e1s fuerte, mientras que los imanes m\u00e1s peque\u00f1os proporcionar\u00e1n un cierre m\u00e1s d\u00e9bil. Algunos cierres magn\u00e9ticos tambi\u00e9n son ajustables, lo que permite a los usuarios adaptar la potencia del cierre a sus preferencias.<\/p>\n<p>Richarms ofrecer\u00e1 nuestra soluci\u00f3n profesional para tote, mochila, bolso, cubierta de diario, caja de regalo, y muchos prop\u00f3sitos.<\/p>\n<div id=\"attachment_7346\" style=\"width: 428px\" class=\"wp-caption alignnone\"><img decoding=\"async\" aria-describedby=\"caption-attachment-7346\" class=\"lazyload wp-image-7346 size-full\" src=\"https:\/\/richarms.com\/wp-content\/uploads\/2021\/07\/\u5fae\u4fe1\u622a\u56fe_20210824111345.png\" data-orig-src=\"https:\/\/richarms.com\/wp-content\/uploads\/2021\/07\/\u5fae\u4fe1\u622a\u56fe_20210824111345.png\" alt=\"Richarms, the Chinese Wholesale Professional Magnetic Snaps Factory has different strength option for thin or thick magnetic snaps, standard solution is from 0.5kg - 5kg, customized strength solution available.The image is showing our standard Strength: 18mm Thick (1.5kg \/ 3kg) 14mm Thick (0.5kg \/ 1.5kg) \" width=\"418\" height=\"682\" srcset=\"data:image\/svg+xml,%3Csvg%20xmlns%3D%27http%3A%2F%2Fwww.w3.org%2F2000%2Fsvg%27%20width%3D%27418%27%20height%3D%27682%27%20viewBox%3D%270%200%20418%20682%27%3E%3Crect%20width%3D%27418%27%20height%3D%27682%27%20fill-opacity%3D%220%22%2F%3E%3C%2Fsvg%3E\" data-srcset=\"https:\/\/richarms.com\/wp-content\/uploads\/2021\/07\/\u5fae\u4fe1\u622a\u56fe_20210824111345-184x300.png 184w, https:\/\/richarms.com\/wp-content\/uploads\/2021\/07\/\u5fae\u4fe1\u622a\u56fe_20210824111345-200x326.png 200w, https:\/\/richarms.com\/wp-content\/uploads\/2021\/07\/\u5fae\u4fe1\u622a\u56fe_20210824111345-400x653.png 400w, https:\/\/richarms.com\/wp-content\/uploads\/2021\/07\/\u5fae\u4fe1\u622a\u56fe_20210824111345.png 418w\" data-sizes=\"auto\" data-orig-sizes=\"(max-width: 418px) 100vw, 418px\" \/><p id=\"caption-attachment-7346\" class=\"wp-caption-text\">Richarms, la f\u00e1brica china de broches magn\u00e9ticos profesionales al por mayor tiene diferentes opciones de fuerza para broches magn\u00e9ticos finos o gruesos, la soluci\u00f3n est\u00e1ndar es de 0.5kg - 5kg, soluci\u00f3n de fuerza personalizada disponible.<br \/>La imagen muestra nuestra Fuerza est\u00e1ndar:<br \/>18 mm de grosor (1,5 kg \/ 3 kg)<br \/>14 mm de grosor (0,5 kg \/ 1,5 kg)<\/p><\/div>\n<p><!--more--><\/p>\n<h4>\u00bfC\u00f3mo se producen los broches magn\u00e9ticos?<\/h4>\n<p>La parte hembra de un broche magn\u00e9tico suele contener el im\u00e1n, mientras que la parte macho contiene un material ferromagn\u00e9tico que es atra\u00eddo por el im\u00e1n, como el hierro o el acero, se magnetiza.<\/p>\n<p><img decoding=\"async\" class=\"lazyload wp-image-7163\" title=\"broches magn\u00e9ticos parte\" src=\"https:\/\/richarms.com\/wp-content\/uploads\/2020\/03\/\u8d85\u8584\u78c1\u529b-e1626186192975.png\" data-orig-src=\"https:\/\/richarms.com\/wp-content\/uploads\/2020\/03\/\u8d85\u8584\u78c1\u529b-e1626186192975.png\" alt=\"\" width=\"449\" height=\"131\" srcset=\"data:image\/svg+xml,%3Csvg%20xmlns%3D%27http%3A%2F%2Fwww.w3.org%2F2000%2Fsvg%27%20width%3D%27449%27%20height%3D%27131%27%20viewBox%3D%270%200%20449%20131%27%3E%3Crect%20width%3D%27449%27%20height%3D%27131%27%20fill-opacity%3D%220%22%2F%3E%3C%2Fsvg%3E\" data-srcset=\"https:\/\/richarms.com\/wp-content\/uploads\/2020\/03\/\u8d85\u8584\u78c1\u529b-e1626186192975-200x58.png 200w, https:\/\/richarms.com\/wp-content\/uploads\/2020\/03\/\u8d85\u8584\u78c1\u529b-e1626186192975-300x87.png 300w, https:\/\/richarms.com\/wp-content\/uploads\/2020\/03\/\u8d85\u8584\u78c1\u529b-e1626186192975-400x117.png 400w, https:\/\/richarms.com\/wp-content\/uploads\/2020\/03\/\u8d85\u8584\u78c1\u529b-e1626186192975-500x146.png 500w, https:\/\/richarms.com\/wp-content\/uploads\/2020\/03\/\u8d85\u8584\u78c1\u529b-e1626186192975-600x175.png 600w, https:\/\/richarms.com\/wp-content\/uploads\/2020\/03\/\u8d85\u8584\u78c1\u529b-e1626186192975-700x204.png 700w, https:\/\/richarms.com\/wp-content\/uploads\/2020\/03\/\u8d85\u8584\u78c1\u529b-e1626186192975-768x224.png 768w, https:\/\/richarms.com\/wp-content\/uploads\/2020\/03\/\u8d85\u8584\u78c1\u529b-e1626186192975-800x233.png 800w, https:\/\/richarms.com\/wp-content\/uploads\/2020\/03\/\u8d85\u8584\u78c1\u529b-e1626186192975.png 885w\" data-sizes=\"auto\" data-orig-sizes=\"(max-width: 449px) 100vw, 449px\" \/><\/p>\n<p><img decoding=\"async\" class=\"lazyload wp-image-7161\" title=\"material de los broches magn\u00e9ticos\" src=\"https:\/\/richarms.com\/wp-content\/uploads\/2020\/03\/materials-e1626143269166.png\" data-orig-src=\"https:\/\/richarms.com\/wp-content\/uploads\/2020\/03\/materials-e1626143269166.png\" alt=\"\" width=\"446\" height=\"199\" srcset=\"data:image\/svg+xml,%3Csvg%20xmlns%3D%27http%3A%2F%2Fwww.w3.org%2F2000%2Fsvg%27%20width%3D%27446%27%20height%3D%27199%27%20viewBox%3D%270%200%20446%20199%27%3E%3Crect%20width%3D%27446%27%20height%3D%27199%27%20fill-opacity%3D%220%22%2F%3E%3C%2Fsvg%3E\" data-srcset=\"https:\/\/richarms.com\/wp-content\/uploads\/2020\/03\/materials-e1626143269166-200x89.png 200w, https:\/\/richarms.com\/wp-content\/uploads\/2020\/03\/materials-e1626143269166-300x134.png 300w, https:\/\/richarms.com\/wp-content\/uploads\/2020\/03\/materials-e1626143269166-400x178.png 400w, https:\/\/richarms.com\/wp-content\/uploads\/2020\/03\/materials-e1626143269166-500x223.png 500w, https:\/\/richarms.com\/wp-content\/uploads\/2020\/03\/materials-e1626143269166.png 511w\" data-sizes=\"auto\" data-orig-sizes=\"(max-width: 446px) 100vw, 446px\" \/><\/p>\n<p><!--more--><\/p>\n<h4>\u00bfQu\u00e9 detalle nos gustar\u00eda confirmarle cuando necesite una soluci\u00f3n perfecta para su bolso y monedero, ropa o mini aparato el\u00e9ctrico?<\/h4>\n<p style=\"text-align: left;\"><strong>Paso 1: Elegir material<br \/>\n<\/strong>C\u00e1psula hembra:  Disponible en hierro, lat\u00f3n com\u00fan o lat\u00f3n ambiental<strong><br \/>\n<\/strong>C\u00e1psula masculina: Hierro<\/p>\n<p><strong><b>Paso 2: Elegir F<\/b><\/strong><strong><b>tipos de acabado<\/b><\/strong><strong><b><br \/>\n<\/b><\/strong>Bot\u00f3n femenino: Liso, Patr\u00f3n, Logotipo<\/p>\n<p><img decoding=\"async\" class=\"lazyload wp-image-7166\" title=\"broches magn\u00e9ticos acabado hembra\" src=\"data:image\/svg+xml,%3Csvg%20xmlns%3D%27http%3A%2F%2Fwww.w3.org%2F2000%2Fsvg%27%20width%3D%27288%27%20height%3D%27135%27%20viewBox%3D%270%200%20288%20135%27%3E%3Crect%20width%3D%27288%27%20height%3D%27135%27%20fill-opacity%3D%220%22%2F%3E%3C%2Fsvg%3E\" data-orig-src=\"https:\/\/richarms.com\/wp-content\/uploads\/2020\/03\/\u56fe\u72473.jpg\" alt=\"\" width=\"288\" height=\"135\" \/><\/p>\n<p>Broche macho: Liso, texto, logotipo<strong><br \/>\n<\/strong><\/p>\n<p><img decoding=\"async\" class=\"lazyload wp-image-7180\" title=\"broches magn\u00e9ticos acabado macho\" src=\"https:\/\/richarms.com\/wp-content\/uploads\/2020\/03\/\u56fe\u72474.jpg\" data-orig-src=\"https:\/\/richarms.com\/wp-content\/uploads\/2020\/03\/\u56fe\u72474.jpg\" alt=\"\" width=\"301\" height=\"121\" srcset=\"data:image\/svg+xml,%3Csvg%20xmlns%3D%27http%3A%2F%2Fwww.w3.org%2F2000%2Fsvg%27%20width%3D%27301%27%20height%3D%27121%27%20viewBox%3D%270%200%20301%20121%27%3E%3Crect%20width%3D%27301%27%20height%3D%27121%27%20fill-opacity%3D%220%22%2F%3E%3C%2Fsvg%3E\" data-srcset=\"https:\/\/richarms.com\/wp-content\/uploads\/2020\/03\/\u56fe\u72474-200x80.jpg 200w, https:\/\/richarms.com\/wp-content\/uploads\/2020\/03\/\u56fe\u72474-300x120.jpg 300w, https:\/\/richarms.com\/wp-content\/uploads\/2020\/03\/\u56fe\u72474-400x160.jpg 400w, https:\/\/richarms.com\/wp-content\/uploads\/2020\/03\/\u56fe\u72474-500x200.jpg 500w, https:\/\/richarms.com\/wp-content\/uploads\/2020\/03\/\u56fe\u72474-600x241.jpg 600w, https:\/\/richarms.com\/wp-content\/uploads\/2020\/03\/\u56fe\u72474.jpg 651w\" data-sizes=\"auto\" data-orig-sizes=\"(max-width: 301px) 100vw, 301px\" \/><\/p>\n<p><strong><b>Paso 3: Elija el color de los broches magn\u00e9ticos<\/b><\/strong><\/p>\n<div id=\"attachment_5392\" style=\"width: 661px\" class=\"wp-caption alignnone\"><img decoding=\"async\" aria-describedby=\"caption-attachment-5392\" class=\"lazyload wp-image-5392 size-full\" title=\"broches magn\u00e9ticos color\" src=\"https:\/\/richarms.com\/wp-content\/uploads\/2018\/07\/RICHARMS-COLOT-DIS.jpg\" data-orig-src=\"https:\/\/richarms.com\/wp-content\/uploads\/2018\/07\/RICHARMS-COLOT-DIS.jpg\" alt=\"\" width=\"651\" height=\"457\" srcset=\"data:image\/svg+xml,%3Csvg%20xmlns%3D%27http%3A%2F%2Fwww.w3.org%2F2000%2Fsvg%27%20width%3D%27651%27%20height%3D%27457%27%20viewBox%3D%270%200%20651%20457%27%3E%3Crect%20width%3D%27651%27%20height%3D%27457%27%20fill-opacity%3D%220%22%2F%3E%3C%2Fsvg%3E\" data-srcset=\"https:\/\/richarms.com\/wp-content\/uploads\/2018\/07\/RICHARMS-COLOT-DIS-200x140.jpg 200w, https:\/\/richarms.com\/wp-content\/uploads\/2018\/07\/RICHARMS-COLOT-DIS-300x211.jpg 300w, https:\/\/richarms.com\/wp-content\/uploads\/2018\/07\/RICHARMS-COLOT-DIS-400x281.jpg 400w, https:\/\/richarms.com\/wp-content\/uploads\/2018\/07\/RICHARMS-COLOT-DIS-500x351.jpg 500w, https:\/\/richarms.com\/wp-content\/uploads\/2018\/07\/RICHARMS-COLOT-DIS-600x421.jpg 600w, https:\/\/richarms.com\/wp-content\/uploads\/2018\/07\/RICHARMS-COLOT-DIS.jpg 651w\" data-sizes=\"auto\" data-orig-sizes=\"(max-width: 651px) 100vw, 651px\" \/><p id=\"caption-attachment-5392\" class=\"wp-caption-text\"><span style=\"font-size: 16px;\">Correo electr\u00f3nico para m\u00e1s opciones de color, como Negro Spray, Negro Epoxy, Arco Iris, N\u00edquel Perlado (N\u00edquel Mate), Oro Perlado, N\u00edquel Cepillado, Oro Cepillado, Plata Antigua, Negro Antiguo.etc.<\/span><\/p><\/div>\n<p><strong><b>\u00bfCu\u00e1l es la diferencia entre los broches magn\u00e9ticos colgantes y los broches magn\u00e9ticos enrollables?<\/b><\/strong><\/p>\n<p>La galvanoplastia se divide en galvanoplastia colgante, galvanoplastia de rodillo, galvanoplastia continua y galvanoplastia de cepillo, principalmente relacionadas con el tama\u00f1o y el lote de las piezas que se van a galvanoplastia.<\/p>\n<p>La galvanoplastia colgante y la galvanoplastia por rodillos son dos m\u00e9todos diferentes de galvanoplastia, un proceso en el que se deposita una fina capa de metal sobre la superficie de un material conductor. El metalizado colgante consiste en suspender el objeto que se va a metalizar en una soluci\u00f3n de los iones met\u00e1licos deseados mediante un alambre u otro mecanismo colgante. Esto permite que toda la superficie del objeto se recubra uniformemente con el metal. El revestimiento con rodillos, por otro lado, consiste en hacer pasar el objeto a revestir por una soluci\u00f3n de los iones met\u00e1licos deseados mediante un rodillo o una cinta transportadora. Este m\u00e9todo es m\u00e1s eficaz para el revestimiento de objetos grandes o complejos, pero puede dar lugar a una cobertura desigual o a zonas que faltan.<\/p>\n<p><img decoding=\"async\" class=\"lazyload wp-image-7165\" title=\"acabado con broches magn\u00e9ticos\" src=\"https:\/\/richarms.com\/wp-content\/uploads\/2020\/03\/\u56fe\u72471.jpg\" data-orig-src=\"https:\/\/richarms.com\/wp-content\/uploads\/2020\/03\/\u56fe\u72471.jpg\" alt=\"\" width=\"176\" height=\"248\" srcset=\"data:image\/svg+xml,%3Csvg%20xmlns%3D%27http%3A%2F%2Fwww.w3.org%2F2000%2Fsvg%27%20width%3D%27176%27%20height%3D%27248%27%20viewBox%3D%270%200%20176%20248%27%3E%3Crect%20width%3D%27176%27%20height%3D%27248%27%20fill-opacity%3D%220%22%2F%3E%3C%2Fsvg%3E\" data-srcset=\"https:\/\/richarms.com\/wp-content\/uploads\/2020\/03\/\u56fe\u72471-200x281.jpg 200w, https:\/\/richarms.com\/wp-content\/uploads\/2020\/03\/\u56fe\u72471-213x300.jpg 213w, https:\/\/richarms.com\/wp-content\/uploads\/2020\/03\/\u56fe\u72471.jpg 349w\" data-sizes=\"auto\" data-orig-sizes=\"(max-width: 176px) 100vw, 176px\" \/><\/p>\n<p><strong>Nuestros envases para distintos tipos de cierres de bolsos<br \/>\n<\/strong>Todos los tama\u00f1os de broches magn\u00e9ticos pueden suministrarse con patas, v\u00e1stagos o remaches.<strong><br \/>\n<\/strong>1 juego = 1 macho, 1 hembra, 2 arandelas<strong><br \/>\n<\/strong>Cierres magn\u00e9ticos de 10 mm: 400 juegos\/caja, 20 \u00f3 30 cajas\/cart\u00f3n<strong><br \/>\n<\/strong>Cierres magn\u00e9ticos de 12 mm: 200 juegos\/caja, 20 \u00f3 30 cajas\/cart\u00f3n<strong><br \/>\n<\/strong>Cierres magn\u00e9ticos de 14 mm: 200 juegos\/caja, 20 \u00f3 30 cajas\/cart\u00f3n<strong><br \/>\n<\/strong>Cierres magn\u00e9ticos de 18 mm: 100 juegos\/caja, 20 \u00f3 30 cajas\/cart\u00f3n<\/p>\n<p><img decoding=\"async\" class=\"lazyload wp-image-5393 size-full\" title=\"juego completo de broches magn\u00e9ticos\" src=\"https:\/\/richarms.com\/wp-content\/uploads\/2018\/07\/20150702163646_50174.jpg\" data-orig-src=\"https:\/\/richarms.com\/wp-content\/uploads\/2018\/07\/20150702163646_50174.jpg\" alt=\"\" width=\"300\" height=\"290\" srcset=\"data:image\/svg+xml,%3Csvg%20xmlns%3D%27http%3A%2F%2Fwww.w3.org%2F2000%2Fsvg%27%20width%3D%27300%27%20height%3D%27290%27%20viewBox%3D%270%200%20300%20290%27%3E%3Crect%20width%3D%27300%27%20height%3D%27290%27%20fill-opacity%3D%220%22%2F%3E%3C%2Fsvg%3E\" data-srcset=\"https:\/\/richarms.com\/wp-content\/uploads\/2018\/07\/20150702163646_50174-200x193.jpg 200w, https:\/\/richarms.com\/wp-content\/uploads\/2018\/07\/20150702163646_50174.jpg 300w\" data-sizes=\"auto\" data-orig-sizes=\"(max-width: 300px) 100vw, 300px\" \/><\/p>\n<p>&nbsp;<\/p>\n<h4><!--more-->\u00bfQu\u00e9 es Magnetic Snaps?<\/h4>\n<p>Los broches magn\u00e9ticos son peque\u00f1os imanes que se suelen utilizar en prendas de vestir y accesorios, como bolsos y carteras, para cerrarlos con seguridad. Cuando dos broches magn\u00e9ticos se colocan uno cerca del otro, los imanes se atraen y encajan, manteniendo el art\u00edculo cerrado. Son una alternativa c\u00f3moda y f\u00e1cil de usar a los cierres tradicionales, como botones o cremalleras.<\/p>\n<h4><strong>Estudio de caso<\/strong><\/h4>\n<p><img decoding=\"async\" class=\"lazyload wp-image-7160\" title=\"aplicaci\u00f3n de broches magn\u00e9ticos\" src=\"https:\/\/richarms.com\/wp-content\/uploads\/2020\/03\/application.png\" data-orig-src=\"https:\/\/richarms.com\/wp-content\/uploads\/2020\/03\/application.png\" alt=\"\" width=\"474\" height=\"443\" srcset=\"data:image\/svg+xml,%3Csvg%20xmlns%3D%27http%3A%2F%2Fwww.w3.org%2F2000%2Fsvg%27%20width%3D%27474%27%20height%3D%27443%27%20viewBox%3D%270%200%20474%20443%27%3E%3Crect%20width%3D%27474%27%20height%3D%27443%27%20fill-opacity%3D%220%22%2F%3E%3C%2Fsvg%3E\" data-srcset=\"https:\/\/richarms.com\/wp-content\/uploads\/2020\/03\/application-200x187.png 200w, https:\/\/richarms.com\/wp-content\/uploads\/2020\/03\/application-300x280.png 300w, https:\/\/richarms.com\/wp-content\/uploads\/2020\/03\/application-400x374.png 400w, https:\/\/richarms.com\/wp-content\/uploads\/2020\/03\/application-500x467.png 500w, https:\/\/richarms.com\/wp-content\/uploads\/2020\/03\/application.png 598w\" data-sizes=\"auto\" data-orig-sizes=\"(max-width: 474px) 100vw, 474px\" \/><\/p>","protected":false},"excerpt":{"rendered":"<div class=\"post-content woocommerce-product-details__short-description\">\n<p><strong>Broches magn\u00e9ticos redondos extrafinos<\/strong><\/p>\n<p>Tipo: Est\u00e1ndar\/B\u00e1sico\/Cl\u00e1sico\/Redondo\/Extrafino\/Fino Broches magn\u00e9ticos<br \/>\nMaterial: Lat\u00f3n, hierro, im\u00e1n<br \/>\nN\u00famero de modelo: RC-E1020\/1220\/1420\/1820<br \/>\nLogotipo personalizado disponible: L\u00e1ser, Cavado, Utillaje<br \/>\nTama\u00f1o: 10 mm, 12 mm, 14 mm, 18 mm<br \/>\nResistencia: de 0,5 kg a 3 kg, y resistencia personalizada disponible<br \/>\nColor: Oro \/ N\u00edquel \/ Pistola \/ Oro rosa \/ Hormiga \/ Otro<br \/>\nEmbalaje: caja y cart\u00f3n<br \/>\nEnv\u00edos: LCL\/ LDP\/DHL \/ FedEx \/ TNT \/ Otros<\/p>\n<\/div>","protected":false},"featured_media":6443,"template":"","meta":[],"product_brand":[],"product_cat":[15],"product_tag":[81,82,83,84,85,86,87],"class_list":{"0":"post-2483","1":"product","2":"type-product","3":"status-publish","4":"has-post-thumbnail","6":"product_cat-magnetic-snaps","7":"product_tag-extra-thin","8":"product_tag-slim","9":"product_tag-strong","10":"product_tag-18mm","11":"product_tag-14mm","12":"product_tag-12mm","13":"product_tag-10mm","15":"first","16":"instock","17":"shipping-taxable","18":"product-type-simple"},"aioseo_notices":[],"_links":{"self":[{"href":"https:\/\/richarms.com\/es\/wp-json\/wp\/v2\/product\/2483","targetHints":{"allow":["GET"]}}],"collection":[{"href":"https:\/\/richarms.com\/es\/wp-json\/wp\/v2\/product"}],"about":[{"href":"https:\/\/richarms.com\/es\/wp-json\/wp\/v2\/types\/product"}],"wp:featuredmedia":[{"embeddable":true,"href":"https:\/\/richarms.com\/es\/wp-json\/wp\/v2\/media\/6443"}],"wp:attachment":[{"href":"https:\/\/richarms.com\/es\/wp-json\/wp\/v2\/media?parent=2483"}],"wp:term":[{"taxonomy":"product_brand","embeddable":true,"href":"https:\/\/richarms.com\/es\/wp-json\/wp\/v2\/product_brand?post=2483"},{"taxonomy":"product_cat","embeddable":true,"href":"https:\/\/richarms.com\/es\/wp-json\/wp\/v2\/product_cat?post=2483"},{"taxonomy":"product_tag","embeddable":true,"href":"https:\/\/richarms.com\/es\/wp-json\/wp\/v2\/product_tag?post=2483"}],"curies":[{"name":"wp","href":"https:\/\/api.w.org\/{rel}","templated":true}]}}