{"id":5674,"date":"2021-07-08T22:10:12","date_gmt":"2021-07-08T14:10:12","guid":{"rendered":"https:\/\/richarms.com\/?post_type=product&#038;p=5674"},"modified":"2025-03-12T17:19:11","modified_gmt":"2025-03-12T09:19:11","slug":"leather-notebook-cover-metal-clasp-5","status":"publish","type":"product","link":"https:\/\/richarms.com\/es\/product\/leather-notebook-cover-metal-clasp-5","title":{"rendered":"Cierre magn\u00e9tico redondo - Cierre de primera calidad para cuadernos y bolsos"},"content":{"rendered":"<h1 data-start=\"331\" data-end=\"627\">Cierre magn\u00e9tico redondo - Cierre de primera calidad para cuadernos y bolsos<\/h1>\n<p data-start=\"331\" data-end=\"627\">Nuestro cierre magn\u00e9tico redondo est\u00e1 dise\u00f1ado para ofrecer una soluci\u00f3n de cierre segura y sin costuras para port\u00e1tiles, bolsos y otros accesorios de primera calidad. Con su dise\u00f1o suave y circular, este cierre magn\u00e9tico combina una funcionalidad fiable con una est\u00e9tica elegante que realza el atractivo general de cualquier producto.<\/p>\n<p data-start=\"629\" data-end=\"646\"><strong data-start=\"629\" data-end=\"646\">Caracter\u00edsticas principales:<\/strong><\/p>\n<ul>\n<li data-start=\"650\" data-end=\"848\"><strong data-start=\"650\" data-end=\"684\">Rendimiento magn\u00e9tico superior:<\/strong><br data-start=\"684\" data-end=\"687\" \/>Equipado con un robusto im\u00e1n de neodimio, nuestro cierre magn\u00e9tico redondo garantiza una sujeci\u00f3n fuerte y consistente, manteniendo sus objetos bien sujetos durante su uso diario.<\/li>\n<\/ul>\n<div id=\"attachment_8227\" style=\"width: 605px\" class=\"wp-caption alignnone\"><img decoding=\"async\" aria-describedby=\"caption-attachment-8227\" class=\"lazyload wp-image-8227 size-full\" src=\"https:\/\/richarms.com\/wp-content\/uploads\/2021\/07\/41951741768694_.pic_.jpg\" data-orig-src=\"https:\/\/richarms.com\/wp-content\/uploads\/2021\/07\/41951741768694_.pic_.jpg\" alt=\"Round magnetic clasp installed on a leather-covered notebook.\" width=\"595\" height=\"616\" srcset=\"data:image\/svg+xml,%3Csvg%20xmlns%3D%27http%3A%2F%2Fwww.w3.org%2F2000%2Fsvg%27%20width%3D%27595%27%20height%3D%27616%27%20viewBox%3D%270%200%20595%20616%27%3E%3Crect%20width%3D%27595%27%20height%3D%27616%27%20fill-opacity%3D%220%22%2F%3E%3C%2Fsvg%3E\" data-srcset=\"https:\/\/richarms.com\/wp-content\/uploads\/2021\/07\/41951741768694_.pic_-200x207.jpg 200w, https:\/\/richarms.com\/wp-content\/uploads\/2021\/07\/41951741768694_.pic_-290x300.jpg 290w, https:\/\/richarms.com\/wp-content\/uploads\/2021\/07\/41951741768694_.pic_-400x414.jpg 400w, https:\/\/richarms.com\/wp-content\/uploads\/2021\/07\/41951741768694_.pic_-500x518.jpg 500w, https:\/\/richarms.com\/wp-content\/uploads\/2021\/07\/41951741768694_.pic_.jpg 595w\" data-sizes=\"auto\" data-orig-sizes=\"(max-width: 595px) 100vw, 595px\" \/><p id=\"caption-attachment-8227\" class=\"wp-caption-text\">Nuestro cierre magn\u00e9tico se integra a la perfecci\u00f3n con el dise\u00f1o de un cuaderno forrado en piel.<\/p><\/div>\n<ul>\n<li data-start=\"852\" data-end=\"1212\"><strong data-start=\"852\" data-end=\"876\">Dise\u00f1o personalizable:<\/strong><br data-start=\"876\" data-end=\"879\" \/>Adapte el cierre a sus necesidades espec\u00edficas con una serie de opciones de personalizaci\u00f3n. Elija entre varios acabados, como superficies lisas, estampadas o con logotipo grabado, y seleccione entre m\u00faltiples opciones de chapado (Ni, Zn, oro, plata, cobre, epoxi, etc.). Nuestro equipo de dise\u00f1o puede crear un acabado que complemente a la perfecci\u00f3n el estilo de su producto.<\/li>\n<\/ul>\n<div id=\"attachment_8226\" style=\"width: 810px\" class=\"wp-caption alignnone\"><img decoding=\"async\" aria-describedby=\"caption-attachment-8226\" class=\"lazyload wp-image-8226 size-full\" src=\"https:\/\/richarms.com\/wp-content\/uploads\/2021\/07\/41941741768693_.pic_.jpg\" data-orig-src=\"https:\/\/richarms.com\/wp-content\/uploads\/2021\/07\/41941741768693_.pic_.jpg\" alt=\"Custom round magnetic clasp with hollow carved design on notebook.\" width=\"800\" height=\"800\" srcset=\"data:image\/svg+xml,%3Csvg%20xmlns%3D%27http%3A%2F%2Fwww.w3.org%2F2000%2Fsvg%27%20width%3D%27800%27%20height%3D%27800%27%20viewBox%3D%270%200%20800%20800%27%3E%3Crect%20width%3D%27800%27%20height%3D%27800%27%20fill-opacity%3D%220%22%2F%3E%3C%2Fsvg%3E\" data-srcset=\"https:\/\/richarms.com\/wp-content\/uploads\/2021\/07\/41941741768693_.pic_-66x66.jpg 66w, https:\/\/richarms.com\/wp-content\/uploads\/2021\/07\/41941741768693_.pic_-100x100.jpg 100w, https:\/\/richarms.com\/wp-content\/uploads\/2021\/07\/41941741768693_.pic_-150x150.jpg 150w, https:\/\/richarms.com\/wp-content\/uploads\/2021\/07\/41941741768693_.pic_-200x200.jpg 200w, https:\/\/richarms.com\/wp-content\/uploads\/2021\/07\/41941741768693_.pic_-300x300.jpg 300w, https:\/\/richarms.com\/wp-content\/uploads\/2021\/07\/41941741768693_.pic_-400x400.jpg 400w, https:\/\/richarms.com\/wp-content\/uploads\/2021\/07\/41941741768693_.pic_-500x500.jpg 500w, https:\/\/richarms.com\/wp-content\/uploads\/2021\/07\/41941741768693_.pic_-600x600.jpg 600w, https:\/\/richarms.com\/wp-content\/uploads\/2021\/07\/41941741768693_.pic_-700x700.jpg 700w, https:\/\/richarms.com\/wp-content\/uploads\/2021\/07\/41941741768693_.pic_-768x768.jpg 768w, https:\/\/richarms.com\/wp-content\/uploads\/2021\/07\/41941741768693_.pic_.jpg 800w\" data-sizes=\"auto\" data-orig-sizes=\"(max-width: 800px) 100vw, 800px\" \/><p id=\"caption-attachment-8226\" class=\"wp-caption-text\">Un exclusivo cierre magn\u00e9tico redondo personalizado con intrincados detalles tallados en hueco.<\/p><\/div>\n<ul>\n<li data-start=\"1216\" data-end=\"1498\"><strong data-start=\"1216\" data-end=\"1243\">Aplicaciones vers\u00e1tiles:<\/strong><br data-start=\"1243\" data-end=\"1246\" \/>Dise\u00f1ado tanto para tapas de port\u00e1tiles como para herrajes de bolsos, este cierre es ideal para regalos de empresa, art\u00edculos promocionales y accesorios de marca. Su sistema de cierre seguro no solo protege su contenido, sino que a\u00f1ade un toque de sofisticaci\u00f3n a su dise\u00f1o.<br \/>\nVariaciones de forma: <a href=\"https:\/\/richarms.com\/es\/producto\/leather-notebook-cover-metal-clasp-3\/\">avi\u00f3n<\/a>, <a href=\"https:\/\/richarms.com\/es\/producto\/leather-notebook-cover-metal-clasp-6\/\">rectangular<\/a>, <a href=\"https:\/\/richarms.com\/es\/producto\/leather-notebook-cover-metal-clasp-4\/\">cuadrado<\/a>, <a href=\"https:\/\/richarms.com\/es\/producto\/leather-notebook-cover-metal-clasp\/\">\u00e1rbol<\/a>, <a href=\"https:\/\/richarms.com\/es\/producto\/leather-notebook-cover-metal-clasp-2\/\">escudo<\/a>\/Formas de fundici\u00f3n a presi\u00f3n personalizadas<\/li>\n<li data-start=\"1502\" data-end=\"1802\"><strong data-start=\"1502\" data-end=\"1527\">Construcci\u00f3n duradera:<\/strong><br data-start=\"1527\" data-end=\"1530\" \/>Fabricado con metales de alta calidad, nuestro cierre magn\u00e9tico est\u00e1 hecho para soportar los rigores del uso diario. La integraci\u00f3n de materiales de primera calidad y artesan\u00eda avanzada garantiza durabilidad y rendimiento a largo plazo, por lo que es una opci\u00f3n fiable para los compradores al por mayor.<\/li>\n<li data-start=\"1806\" data-end=\"2166\"><strong data-start=\"1806\" data-end=\"1832\">Ventaja competitiva:<\/strong><br data-start=\"1832\" data-end=\"1835\" \/>Producido en una moderna f\u00e1brica china con est\u00e1ndares de calidad europeos, nuestro cierre magn\u00e9tico redondo ofrece un valor excepcional. Con precios competitivos, cantidades m\u00ednimas de pedido reducidas y un plazo de entrega r\u00e1pido (entrega de muestras en 7 d\u00edas y producci\u00f3n en serie en 20-25 d\u00edas), podr\u00e1 satisfacer las demandas de su mercado de forma r\u00e1pida y eficaz.<\/li>\n<\/ul>\n<p data-start=\"2168\" data-end=\"2208\"><strong data-start=\"2168\" data-end=\"2208\">\u00bfPor qu\u00e9 elegir nuestro cierre magn\u00e9tico redondo?<\/strong><\/p>\n<ul>\n<li data-start=\"2212\" data-end=\"2472\"><strong data-start=\"2212\" data-end=\"2241\">Excelencia mayorista B2B:<\/strong><br data-start=\"2241\" data-end=\"2244\" \/>Nos dirigimos espec\u00edficamente a compradores mayoristas B2B que buscan una soluci\u00f3n rentable y de alta calidad para sus necesidades de cierre de port\u00e1tiles y bolsas. Nuestro producto es una prueba de nuestro compromiso por combinar innovaci\u00f3n y practicidad.<\/li>\n<li data-start=\"2476\" data-end=\"2806\"><strong data-start=\"2476\" data-end=\"2505\">Personalizaci\u00f3n integral:<\/strong><br data-start=\"2505\" data-end=\"2508\" \/>Desde la fase inicial de dise\u00f1o -en la que ofrecemos bocetos de dise\u00f1o en 3D gratuitos- hasta la producci\u00f3n final, nuestro equipo de expertos colabora estrechamente con usted para garantizar que el producto cumpla exactamente sus especificaciones. Tanto si necesita un acabado a juego como un acento de contraste, tenemos la capacidad de hacer realidad su visi\u00f3n.<\/li>\n<li data-start=\"2810\" data-end=\"3106\"><strong data-start=\"2810\" data-end=\"2831\">Proveedor de confianza:<\/strong><br data-start=\"2831\" data-end=\"2834\" \/>Con a\u00f1os de experiencia en el sector de herrajes para bolsas, destacamos como socio fiable para empresas de todo el mundo. Nuestro proceso de producci\u00f3n se adhiere a estrictas medidas de control de calidad, garantizando que cada cierre magn\u00e9tico no solo cumpla, sino que supere los est\u00e1ndares de la industria.<\/li>\n<\/ul>\n<p data-start=\"3108\" data-end=\"3299\">Para obtener informaci\u00f3n m\u00e1s detallada o solicitar una muestra, p\u00f3ngase en contacto con nuestro equipo de ventas. Nos dedicamos a ofrecer soluciones innovadoras que le ayuden a crear productos destacados para su mercado.<\/p>\n<hr data-start=\"3301\" data-end=\"3304\" \/>\n<p data-start=\"3306\" data-end=\"3609\" data-is-last-node=\"\" data-is-only-node=\"\">Al elegir nuestro cierre magn\u00e9tico redondo, est\u00e1 invirtiendo en un producto que ofrece estilo y funcionalidad, dise\u00f1ado a la perfecci\u00f3n y suministrado con la eficacia y calidad que definen nuestra marca. P\u00f3ngase en contacto con nosotros hoy mismo para mejorar su l\u00ednea de productos con nuestras soluciones magn\u00e9ticas personalizables de vanguardia.<\/p>","protected":false},"excerpt":{"rendered":"<p>Cierre magn\u00e9tico redondo con tres pliegues de aleaci\u00f3n de zinc<br \/>\nMaterial: Aleaci\u00f3n de Zn, Hierro<br \/>\nDimensiones: A26mm x L65mm x H3mm<br \/>\nPeso: 11,2 g<\/p>","protected":false},"featured_media":5665,"template":"","meta":[],"product_brand":[],"product_cat":[73],"product_tag":[],"class_list":{"0":"post-5674","1":"product","2":"type-product","3":"status-publish","4":"has-post-thumbnail","6":"product_cat-leathernotebook-magnetic-closures","8":"first","9":"instock","10":"shipping-taxable","11":"product-type-simple"},"aioseo_notices":[],"_links":{"self":[{"href":"https:\/\/richarms.com\/es\/wp-json\/wp\/v2\/product\/5674","targetHints":{"allow":["GET"]}}],"collection":[{"href":"https:\/\/richarms.com\/es\/wp-json\/wp\/v2\/product"}],"about":[{"href":"https:\/\/richarms.com\/es\/wp-json\/wp\/v2\/types\/product"}],"wp:featuredmedia":[{"embeddable":true,"href":"https:\/\/richarms.com\/es\/wp-json\/wp\/v2\/media\/5665"}],"wp:attachment":[{"href":"https:\/\/richarms.com\/es\/wp-json\/wp\/v2\/media?parent=5674"}],"wp:term":[{"taxonomy":"product_brand","embeddable":true,"href":"https:\/\/richarms.com\/es\/wp-json\/wp\/v2\/product_brand?post=5674"},{"taxonomy":"product_cat","embeddable":true,"href":"https:\/\/richarms.com\/es\/wp-json\/wp\/v2\/product_cat?post=5674"},{"taxonomy":"product_tag","embeddable":true,"href":"https:\/\/richarms.com\/es\/wp-json\/wp\/v2\/product_tag?post=5674"}],"curies":[{"name":"wp","href":"https:\/\/api.w.org\/{rel}","templated":true}]}}