{"id":5692,"date":"2021-07-11T09:46:57","date_gmt":"2021-07-11T01:46:57","guid":{"rendered":"https:\/\/richarms.com\/?post_type=product&#038;p=5692"},"modified":"2025-03-11T22:57:05","modified_gmt":"2025-03-11T14:57:05","slug":"magnetic-grommet-snaps-2","status":"publish","type":"product","link":"https:\/\/richarms.com\/es\/product\/magnetic-grommet-snaps-2","title":{"rendered":"Ojales magn\u00e9ticos de lat\u00f3n en forma de flor"},"content":{"rendered":"<h1>Ojales magn\u00e9ticos de lat\u00f3n en forma de flor<\/h1>\n<p>Magnetic Grommet Snap es el \u00fanico pasacables magn\u00e9tico del mercado actual que combina un cierre a presi\u00f3n muy resistente con la est\u00e9tica de dise\u00f1o de un cierre de \"pasador y agujero\".<br \/>\nLa cara del ojal proporciona una superficie adecuada para un logotipo o gr\u00e1fico. A los dise\u00f1adores les gusta el aspecto del pasador central que rellena el orificio del ojal.<br \/>\nEl pasador central puede tener un acabado a juego con el ojal o un color que contraste.<br \/>\nDisponible en varios tama\u00f1os, puede utilizarse como cierre de una prenda exterior, un bolso, un malet\u00edn o un bolso de mano.<br \/>\n* Los ojales refuerzan los agujeros del material para que no se agriete ni se rompa.<\/p>\n<p><strong>C\u00f3digo y tama\u00f1o:<\/strong><\/p>\n<table width=\"578\">\n<tbody>\n<tr>\n<td width=\"133\">C\u00f3digo<\/td>\n<td width=\"89\">Broche macho<br \/>\nDIA<\/td>\n<td width=\"89\">Broche macho<br \/>\nTH<\/td>\n<td width=\"89\">Ojal<br \/>\nOD<\/td>\n<td width=\"89\">Ojal<br \/>\nTH<\/td>\n<td width=\"89\">Clavija<br \/>\nL<\/td>\n<\/tr>\n<tr>\n<td width=\"133\">RC-GM1020 F<\/td>\n<td width=\"89\">10 mm<\/td>\n<td width=\"89\">2 mm<\/td>\n<td width=\"89\">12 mm<\/td>\n<td width=\"89\">7 mm<\/td>\n<td width=\"89\">8 mm<\/td>\n<\/tr>\n<tr>\n<td width=\"133\">RC-GM1420 F<\/td>\n<td width=\"89\">14 mm<\/td>\n<td width=\"89\">2 mm<\/td>\n<td width=\"89\">17 mm<\/td>\n<td width=\"89\">8 mm<\/td>\n<td width=\"89\">8 mm<\/td>\n<\/tr>\n<tr>\n<td width=\"133\">RC-GM2020 F<\/td>\n<td width=\"89\">20 mm<\/td>\n<td width=\"89\">2 mm<\/td>\n<td width=\"89\">20 mm<\/td>\n<td width=\"89\">8 mm<\/td>\n<td width=\"89\">8 mm<\/td>\n<\/tr>\n<\/tbody>\n<\/table>\n<p style=\"text-align: left;\"><strong>Material:<br \/>\n<\/strong>Ojal: Disponible en hierro, lat\u00f3n com\u00fan o lat\u00f3n ambiental<strong><br \/>\n<\/strong>C\u00e1psula macho: Disponible en hierro, lat\u00f3n com\u00fan o lat\u00f3n ambiental<\/p>\n<p style=\"text-align: left;\"><img decoding=\"async\" class=\"lazyload alignnone wp-image-7161\" src=\"https:\/\/richarms.com\/wp-content\/uploads\/2020\/03\/materials-e1626143269166.png\" data-orig-src=\"https:\/\/richarms.com\/wp-content\/uploads\/2020\/03\/materials-e1626143269166.png\" alt=\"\" width=\"446\" height=\"199\" srcset=\"data:image\/svg+xml,%3Csvg%20xmlns%3D%27http%3A%2F%2Fwww.w3.org%2F2000%2Fsvg%27%20width%3D%27446%27%20height%3D%27199%27%20viewBox%3D%270%200%20446%20199%27%3E%3Crect%20width%3D%27446%27%20height%3D%27199%27%20fill-opacity%3D%220%22%2F%3E%3C%2Fsvg%3E\" data-srcset=\"https:\/\/richarms.com\/wp-content\/uploads\/2020\/03\/materials-e1626143269166-200x89.png 200w, https:\/\/richarms.com\/wp-content\/uploads\/2020\/03\/materials-e1626143269166-300x134.png 300w, https:\/\/richarms.com\/wp-content\/uploads\/2020\/03\/materials-e1626143269166-400x178.png 400w, https:\/\/richarms.com\/wp-content\/uploads\/2020\/03\/materials-e1626143269166-500x223.png 500w, https:\/\/richarms.com\/wp-content\/uploads\/2020\/03\/materials-e1626143269166.png 511w\" data-sizes=\"auto\" data-orig-sizes=\"(max-width: 446px) 100vw, 446px\" \/><strong><br \/>\n<\/strong>Im\u00e1n interior : Im\u00e1n permanente de neodimio.<strong><br \/>\n<\/strong>La potencia del im\u00e1n depende del tama\u00f1o y el grado del im\u00e1n<\/p>\n<p><strong>Paquete<\/strong><strong>\uff1a<br \/>\n<\/strong>Todos ellos pueden suministrarse con patas, v\u00e1stagos o remaches.<br \/>\n1 juego = 1 macho, 1 hembra, 2 arandelas<br \/>\n17 mm: 100 juegos\/caja, 20 cajas\/cart\u00f3n<\/p>\n<p><img decoding=\"async\" class=\"lazyload alignnone size-medium wp-image-7488\" src=\"https:\/\/richarms.com\/wp-content\/uploads\/2021\/07\/Grommet-magnetic-snap-300x290.jpg\" data-orig-src=\"https:\/\/richarms.com\/wp-content\/uploads\/2021\/07\/Grommet-magnetic-snap-300x290.jpg\" alt=\"\" width=\"300\" height=\"290\" srcset=\"data:image\/svg+xml,%3Csvg%20xmlns%3D%27http%3A%2F%2Fwww.w3.org%2F2000%2Fsvg%27%20width%3D%27300%27%20height%3D%27290%27%20viewBox%3D%270%200%20300%20290%27%3E%3Crect%20width%3D%27300%27%20height%3D%27290%27%20fill-opacity%3D%220%22%2F%3E%3C%2Fsvg%3E\" data-srcset=\"https:\/\/richarms.com\/wp-content\/uploads\/2021\/07\/Grommet-magnetic-snap-200x194.jpg 200w, https:\/\/richarms.com\/wp-content\/uploads\/2021\/07\/Grommet-magnetic-snap-300x290.jpg 300w, https:\/\/richarms.com\/wp-content\/uploads\/2021\/07\/Grommet-magnetic-snap-400x387.jpg 400w, https:\/\/richarms.com\/wp-content\/uploads\/2021\/07\/Grommet-magnetic-snap-500x484.jpg 500w, https:\/\/richarms.com\/wp-content\/uploads\/2021\/07\/Grommet-magnetic-snap-600x581.jpg 600w, https:\/\/richarms.com\/wp-content\/uploads\/2021\/07\/Grommet-magnetic-snap-700x678.jpg 700w, https:\/\/richarms.com\/wp-content\/uploads\/2021\/07\/Grommet-magnetic-snap.jpg 722w\" data-sizes=\"auto\" data-orig-sizes=\"(max-width: 300px) 100vw, 300px\" \/><\/p>\n<p><strong><b>Diferencia entre colgar y enrollar<\/b><\/strong><\/p>\n<p><img decoding=\"async\" class=\"lazyload alignnone wp-image-7165\" src=\"https:\/\/richarms.com\/wp-content\/uploads\/2020\/03\/\u56fe\u72471.jpg\" data-orig-src=\"https:\/\/richarms.com\/wp-content\/uploads\/2020\/03\/\u56fe\u72471.jpg\" alt=\"\" width=\"176\" height=\"248\" srcset=\"data:image\/svg+xml,%3Csvg%20xmlns%3D%27http%3A%2F%2Fwww.w3.org%2F2000%2Fsvg%27%20width%3D%27176%27%20height%3D%27248%27%20viewBox%3D%270%200%20176%20248%27%3E%3Crect%20width%3D%27176%27%20height%3D%27248%27%20fill-opacity%3D%220%22%2F%3E%3C%2Fsvg%3E\" data-srcset=\"https:\/\/richarms.com\/wp-content\/uploads\/2020\/03\/\u56fe\u72471-200x281.jpg 200w, https:\/\/richarms.com\/wp-content\/uploads\/2020\/03\/\u56fe\u72471-213x300.jpg 213w, https:\/\/richarms.com\/wp-content\/uploads\/2020\/03\/\u56fe\u72471.jpg 349w\" data-sizes=\"auto\" data-orig-sizes=\"(max-width: 176px) 100vw, 176px\" \/><\/p>\n<p><strong><b>Color normal <\/b><\/strong><\/p>\n<p><strong><img decoding=\"async\" class=\"lazyload alignnone size-full wp-image-5392\" src=\"https:\/\/richarms.com\/wp-content\/uploads\/2018\/07\/RICHARMS-COLOT-DIS.jpg\" data-orig-src=\"https:\/\/richarms.com\/wp-content\/uploads\/2018\/07\/RICHARMS-COLOT-DIS.jpg\" alt=\"\" width=\"651\" height=\"457\" srcset=\"data:image\/svg+xml,%3Csvg%20xmlns%3D%27http%3A%2F%2Fwww.w3.org%2F2000%2Fsvg%27%20width%3D%27651%27%20height%3D%27457%27%20viewBox%3D%270%200%20651%20457%27%3E%3Crect%20width%3D%27651%27%20height%3D%27457%27%20fill-opacity%3D%220%22%2F%3E%3C%2Fsvg%3E\" data-srcset=\"https:\/\/richarms.com\/wp-content\/uploads\/2018\/07\/RICHARMS-COLOT-DIS-200x140.jpg 200w, https:\/\/richarms.com\/wp-content\/uploads\/2018\/07\/RICHARMS-COLOT-DIS-300x211.jpg 300w, https:\/\/richarms.com\/wp-content\/uploads\/2018\/07\/RICHARMS-COLOT-DIS-400x281.jpg 400w, https:\/\/richarms.com\/wp-content\/uploads\/2018\/07\/RICHARMS-COLOT-DIS-500x351.jpg 500w, https:\/\/richarms.com\/wp-content\/uploads\/2018\/07\/RICHARMS-COLOT-DIS-600x421.jpg 600w, https:\/\/richarms.com\/wp-content\/uploads\/2018\/07\/RICHARMS-COLOT-DIS.jpg 651w\" data-sizes=\"auto\" data-orig-sizes=\"(max-width: 651px) 100vw, 651px\" \/><\/strong><\/p>\n<p><strong>Aplicaci\u00f3n<\/strong><\/p>\n<h3><img decoding=\"async\" class=\"lazyload alignnone size-full wp-image-7300\" src=\"https:\/\/richarms.com\/wp-content\/uploads\/2021\/07\/\u5fae\u4fe1\u56fe\u7247_20210715111550.png\" data-orig-src=\"https:\/\/richarms.com\/wp-content\/uploads\/2021\/07\/\u5fae\u4fe1\u56fe\u7247_20210715111550.png\" alt=\"\" width=\"445\" height=\"431\" srcset=\"data:image\/svg+xml,%3Csvg%20xmlns%3D%27http%3A%2F%2Fwww.w3.org%2F2000%2Fsvg%27%20width%3D%27445%27%20height%3D%27431%27%20viewBox%3D%270%200%20445%20431%27%3E%3Crect%20width%3D%27445%27%20height%3D%27431%27%20fill-opacity%3D%220%22%2F%3E%3C%2Fsvg%3E\" data-srcset=\"https:\/\/richarms.com\/wp-content\/uploads\/2021\/07\/\u5fae\u4fe1\u56fe\u7247_20210715111550-200x194.png 200w, https:\/\/richarms.com\/wp-content\/uploads\/2021\/07\/\u5fae\u4fe1\u56fe\u7247_20210715111550-300x291.png 300w, https:\/\/richarms.com\/wp-content\/uploads\/2021\/07\/\u5fae\u4fe1\u56fe\u7247_20210715111550-400x387.png 400w, https:\/\/richarms.com\/wp-content\/uploads\/2021\/07\/\u5fae\u4fe1\u56fe\u7247_20210715111550.png 445w\" data-sizes=\"auto\" data-orig-sizes=\"(max-width: 445px) 100vw, 445px\" \/><\/h3>","protected":false},"excerpt":{"rendered":"<p>Tipo:Aleaci\u00f3n de Zn Forma de la flor Ojal broches magn\u00e9ticos Fastener<br \/>\nMaterial: Lat\u00f3n, hierro, im\u00e1n<br \/>\nN\u00famero de modelo: RC-GM1020 F, RC-GM1420 F, RC-GM2020 F<br \/>\nLogotipo: personalizable<br \/>\nTama\u00f1o: 10 mm, 12 mm, 14 mm, 18 mm, 20 mm<br \/>\nColor: Oro \/ N\u00edquel \/ Pistola \/ Oro rosa \/ Hormiga \/ Otro<br \/>\nEmbalaje: caja y cart\u00f3n<br \/>\nEnv\u00edos: LCL \/ DHL \/ FedEx \/ TNT \/ Otros<\/p>","protected":false},"featured_media":5703,"template":"","meta":[],"product_brand":[],"product_cat":[15],"product_tag":[],"class_list":{"0":"post-5692","1":"product","2":"type-product","3":"status-publish","4":"has-post-thumbnail","6":"product_cat-magnetic-snaps","8":"first","9":"instock","10":"shipping-taxable","11":"product-type-simple"},"aioseo_notices":[],"_links":{"self":[{"href":"https:\/\/richarms.com\/es\/wp-json\/wp\/v2\/product\/5692","targetHints":{"allow":["GET"]}}],"collection":[{"href":"https:\/\/richarms.com\/es\/wp-json\/wp\/v2\/product"}],"about":[{"href":"https:\/\/richarms.com\/es\/wp-json\/wp\/v2\/types\/product"}],"wp:featuredmedia":[{"embeddable":true,"href":"https:\/\/richarms.com\/es\/wp-json\/wp\/v2\/media\/5703"}],"wp:attachment":[{"href":"https:\/\/richarms.com\/es\/wp-json\/wp\/v2\/media?parent=5692"}],"wp:term":[{"taxonomy":"product_brand","embeddable":true,"href":"https:\/\/richarms.com\/es\/wp-json\/wp\/v2\/product_brand?post=5692"},{"taxonomy":"product_cat","embeddable":true,"href":"https:\/\/richarms.com\/es\/wp-json\/wp\/v2\/product_cat?post=5692"},{"taxonomy":"product_tag","embeddable":true,"href":"https:\/\/richarms.com\/es\/wp-json\/wp\/v2\/product_tag?post=5692"}],"curies":[{"name":"wp","href":"https:\/\/api.w.org\/{rel}","templated":true}]}}