{"id":5888,"date":"2021-07-09T10:44:19","date_gmt":"2021-07-09T02:44:19","guid":{"rendered":"https:\/\/richarms.com\/?post_type=product&#038;p=5888"},"modified":"2025-02-23T22:54:22","modified_gmt":"2025-02-23T14:54:22","slug":"magnetic-name-tag","status":"publish","type":"product","link":"https:\/\/richarms.com\/es\/product\/magnetic-name-tag","title":{"rendered":"Identificador magn\u00e9tico"},"content":{"rendered":"<h1 data-start=\"2553\" data-end=\"2579\"><strong data-start=\"2558\" data-end=\"2579\">Identificador magn\u00e9tico<\/strong><\/h1>\n<p data-start=\"2581\" data-end=\"2793\">Nuestra <strong data-start=\"2585\" data-end=\"2606\">Identificador magn\u00e9tico<\/strong> est\u00e1 dise\u00f1ado para proporcionar una soluci\u00f3n segura y c\u00f3moda para los identificadores personales. Con <strong data-start=\"2684\" data-end=\"2705\">dos imanes redondos<\/strong> y un <strong data-start=\"2712\" data-end=\"2730\">hoja magn\u00e9tica<\/strong>Ofrece un fuerte agarre y mantiene la etiqueta identificativa en su sitio.<\/p>\n<ul data-start=\"2795\" data-end=\"3009\">\n<li data-start=\"2795\" data-end=\"2857\"><strong data-start=\"2797\" data-end=\"2807\">Forma:<\/strong> Rectangular para mostrar f\u00e1cilmente nombres o logotipos.<\/li>\n<li data-start=\"2858\" data-end=\"2938\"><strong data-start=\"2860\" data-end=\"2882\">Fuerza magn\u00e9tica:<\/strong> <strong data-start=\"2883\" data-end=\"2904\">Dos imanes redondos<\/strong> para una sujeci\u00f3n fuerte y fiable.<\/li>\n<li data-start=\"2939\" data-end=\"3009\"><strong data-start=\"2941\" data-end=\"2954\">Material:<\/strong> Metal e imanes para mayor durabilidad y sujeci\u00f3n segura.<\/li>\n<\/ul>\n<p data-start=\"3011\" data-end=\"3173\">Este <strong data-start=\"3016\" data-end=\"3037\">etiqueta magn\u00e9tica<\/strong> es ideal para <strong data-start=\"3051\" data-end=\"3067\">uso comercial<\/strong>, <strong data-start=\"3069\" data-end=\"3079\">eventos<\/strong>o incluso <strong data-start=\"3089\" data-end=\"3110\">uniformes para empleados<\/strong>El sistema de ajuste de la cintura garantiza un aspecto profesional f\u00e1cil de llevar y ajustar.<\/p>\n<p data-start=\"1529\" data-end=\"1649\">Para m\u00e1s opciones, consulte nuestro <a href=\"https:\/\/richarms.com\/es\/categoria-producto\/magnetic-name-tag\/\" target=\"_new\" rel=\"noopener\" data-start=\"1561\" data-end=\"1648\">Colecci\u00f3n de etiquetas magn\u00e9ticas<\/a>.<\/p>\n<p data-start=\"1529\" data-end=\"1649\">Para pedidos de muestras<a href=\"http:\/\/richarmshardware.com\/\"> comprar aqu\u00ed<\/a><\/p>\n<p data-start=\"1529\" data-end=\"1649\">Para aplicaciones innovadoras, consulte nuestra <a href=\"https:\/\/www.pinterest.com\/richarmsaccessoriesgroups\/\">canal de pinterest.<\/a><\/p>","protected":false},"excerpt":{"rendered":"<div class=\"post-content woocommerce-product-details__short-description\">\n<div class=\"sr-txt-title\">\n<p class=\"sr-txt-h2\">Tipo: Placa de identificaci\u00f3n magn\u00e9tica<br \/>\nMaterial: Im\u00e1n de NdFeB, pieza met\u00e1lica y cinta 3M<br \/>\nN\u00famero de modelo: RC-MNT<br \/>\nLogotipo: puede ir disfrazado<br \/>\nTama\u00f1o y forma personalizables<br \/>\nColor: Acero bruto (liso o cepillado), y otros colores disponibles<br \/>\nEmbalaje: caja y cart\u00f3n<br \/>\nEnv\u00edos: LCL \/ DHL \/ FedEx \/ TNT \/ Otros<\/p>\n<\/div>\n<\/div>","protected":false},"featured_media":5902,"template":"","meta":[],"product_brand":[],"product_cat":[64],"product_tag":[],"class_list":{"0":"post-5888","1":"product","2":"type-product","3":"status-publish","4":"has-post-thumbnail","6":"product_cat-magnetic-name-tag","8":"first","9":"instock","10":"shipping-taxable","11":"product-type-simple"},"aioseo_notices":[],"_links":{"self":[{"href":"https:\/\/richarms.com\/es\/wp-json\/wp\/v2\/product\/5888","targetHints":{"allow":["GET"]}}],"collection":[{"href":"https:\/\/richarms.com\/es\/wp-json\/wp\/v2\/product"}],"about":[{"href":"https:\/\/richarms.com\/es\/wp-json\/wp\/v2\/types\/product"}],"wp:featuredmedia":[{"embeddable":true,"href":"https:\/\/richarms.com\/es\/wp-json\/wp\/v2\/media\/5902"}],"wp:attachment":[{"href":"https:\/\/richarms.com\/es\/wp-json\/wp\/v2\/media?parent=5888"}],"wp:term":[{"taxonomy":"product_brand","embeddable":true,"href":"https:\/\/richarms.com\/es\/wp-json\/wp\/v2\/product_brand?post=5888"},{"taxonomy":"product_cat","embeddable":true,"href":"https:\/\/richarms.com\/es\/wp-json\/wp\/v2\/product_cat?post=5888"},{"taxonomy":"product_tag","embeddable":true,"href":"https:\/\/richarms.com\/es\/wp-json\/wp\/v2\/product_tag?post=5888"}],"curies":[{"name":"wp","href":"https:\/\/api.w.org\/{rel}","templated":true}]}}