{"id":5906,"date":"2021-07-09T10:45:56","date_gmt":"2021-07-09T02:45:56","guid":{"rendered":"https:\/\/richarms.com\/?post_type=product&#038;p=5906"},"modified":"2025-02-23T22:52:42","modified_gmt":"2025-02-23T14:52:42","slug":"magnetic-name-badge","status":"publish","type":"product","link":"https:\/\/richarms.com\/es\/product\/magnetic-name-badge","title":{"rendered":"Identificador magn\u00e9tico"},"content":{"rendered":"<h1 data-start=\"1686\" data-end=\"1968\">Identificador magn\u00e9tico<\/h1>\n<p data-start=\"1686\" data-end=\"1968\">Nuestra <strong data-start=\"1690\" data-end=\"1713\">Identificador magn\u00e9tico<\/strong> es una opci\u00f3n vers\u00e1til y de alta calidad para particulares y empresas. Con una placa rectangular de pl\u00e1stico con <strong data-start=\"1828\" data-end=\"1851\">tres imanes redondos<\/strong> unido a la parte trasera, este <strong data-start=\"1879\" data-end=\"1900\">etiqueta magn\u00e9tica<\/strong> garantiza una sujeci\u00f3n firme, evitando que la etiqueta se desplace durante su uso.<\/p>\n<ul data-start=\"1970\" data-end=\"2198\">\n<li data-start=\"1970\" data-end=\"2043\"><strong data-start=\"1972\" data-end=\"1987\">Dimensiones:<\/strong> Forma rectangular con amplio espacio para la personalizaci\u00f3n.<\/li>\n<li data-start=\"2044\" data-end=\"2139\"><strong data-start=\"2046\" data-end=\"2059\">Fuerza:<\/strong> Incluye <strong data-start=\"2069\" data-end=\"2092\">tres imanes redondos<\/strong> y un <strong data-start=\"2099\" data-end=\"2117\">hoja magn\u00e9tica<\/strong> para mayor seguridad.<\/li>\n<li data-start=\"2140\" data-end=\"2198\"><strong data-start=\"2142\" data-end=\"2155\">Material:<\/strong> Pl\u00e1stico resistente con <strong data-start=\"2177\" data-end=\"2197\">soporte magn\u00e9tico<\/strong>.<\/li>\n<\/ul>\n<p data-start=\"2200\" data-end=\"2427\">Perfecto para <strong data-start=\"2212\" data-end=\"2225\">empleados<\/strong>, <strong data-start=\"2227\" data-end=\"2242\">convenciones<\/strong>y <strong data-start=\"2248\" data-end=\"2267\">eventos empresariales<\/strong>Este <strong data-start=\"2274\" data-end=\"2297\">identificador magn\u00e9tico<\/strong> permite fijarlo f\u00e1cilmente a la ropa sin alfileres ni clips, lo que lo convierte en una opci\u00f3n m\u00e1s c\u00f3moda y profesional para las etiquetas identificativas.<\/p>\n<p data-start=\"1529\" data-end=\"1649\">Para m\u00e1s opciones, consulte nuestro <a href=\"https:\/\/richarms.com\/es\/categoria-producto\/magnetic-name-tag\/\" target=\"_new\" rel=\"noopener\" data-start=\"1561\" data-end=\"1648\">Colecci\u00f3n de etiquetas magn\u00e9ticas<\/a>.<\/p>\n<p data-start=\"1529\" data-end=\"1649\">Para pedidos de muestras<a href=\"http:\/\/richarmshardware.com\/\"> comprar aqu\u00ed<\/a><\/p>\n<p data-start=\"1529\" data-end=\"1649\">Para aplicaciones innovadoras, consulte nuestra <a href=\"https:\/\/www.pinterest.com\/richarmsaccessoriesgroups\/\">canal de pinterest.<\/a><\/p>\n<p data-start=\"784\" data-end=\"805\">","protected":false},"excerpt":{"rendered":"<div class=\"post-content woocommerce-product-details__short-description\">\n<div class=\"sr-txt-title\">\n<p class=\"sr-txt-h2\">Tipo: Placa de identificaci\u00f3n magn\u00e9tica<br \/>\nMaterial: Pl\u00e1stico, im\u00e1n de NdFeB, pieza met\u00e1lica y cinta 3M<br \/>\nN\u00famero de modelo: RC-MNT<br \/>\nLogotipo: puede ir disfrazado<br \/>\nTama\u00f1o y forma personalizables<br \/>\nColor: Acero bruto (liso o cepillado), y otros colores disponibles<br \/>\nEmbalaje: caja y cart\u00f3n<br \/>\nEnv\u00edos: LCL \/ DHL \/ FedEx \/ TNT \/ Otros<\/p>\n<\/div>\n<\/div>","protected":false},"featured_media":5893,"template":"","meta":[],"product_brand":[],"product_cat":[64],"product_tag":[],"class_list":{"0":"post-5906","1":"product","2":"type-product","3":"status-publish","4":"has-post-thumbnail","6":"product_cat-magnetic-name-tag","8":"first","9":"instock","10":"shipping-taxable","11":"product-type-simple"},"aioseo_notices":[],"_links":{"self":[{"href":"https:\/\/richarms.com\/es\/wp-json\/wp\/v2\/product\/5906","targetHints":{"allow":["GET"]}}],"collection":[{"href":"https:\/\/richarms.com\/es\/wp-json\/wp\/v2\/product"}],"about":[{"href":"https:\/\/richarms.com\/es\/wp-json\/wp\/v2\/types\/product"}],"wp:featuredmedia":[{"embeddable":true,"href":"https:\/\/richarms.com\/es\/wp-json\/wp\/v2\/media\/5893"}],"wp:attachment":[{"href":"https:\/\/richarms.com\/es\/wp-json\/wp\/v2\/media?parent=5906"}],"wp:term":[{"taxonomy":"product_brand","embeddable":true,"href":"https:\/\/richarms.com\/es\/wp-json\/wp\/v2\/product_brand?post=5906"},{"taxonomy":"product_cat","embeddable":true,"href":"https:\/\/richarms.com\/es\/wp-json\/wp\/v2\/product_cat?post=5906"},{"taxonomy":"product_tag","embeddable":true,"href":"https:\/\/richarms.com\/es\/wp-json\/wp\/v2\/product_tag?post=5906"}],"curies":[{"name":"wp","href":"https:\/\/api.w.org\/{rel}","templated":true}]}}