{"id":6036,"date":"2021-07-05T15:05:53","date_gmt":"2021-07-05T07:05:53","guid":{"rendered":"https:\/\/richarms.com\/?post_type=product&#038;p=6036"},"modified":"2025-02-06T15:04:52","modified_gmt":"2025-02-06T07:04:52","slug":"stainless-steel-money-clip","status":"publish","type":"product","link":"https:\/\/richarms.com\/es\/product\/stainless-steel-money-clip","title":{"rendered":"Pinza para billetes de acero inoxidable"},"content":{"rendered":"<h2>Clip met\u00e1lico de acero inoxidable con logotipo personalizado<\/h2>\n<table class=\"hight-light-first-column all magic-5\">\n<tbody>\n<tr>\n<td colspan=\"1\" rowspan=\"1\">\n<div class=\"magic-6\">\n<div class=\"magic-7\" data-spm-anchor-id=\"0.0.0.i3.146a4f052OphY4\">Nombre del producto<\/div>\n<\/div>\n<\/td>\n<td colspan=\"3\" rowspan=\"1\">\n<div class=\"magic-8\">\n<div class=\"magic-9\" data-spm-anchor-id=\"0.0.0.i47.146a4f05NgRyFa\">Clip met\u00e1lico de acero inoxidable con logotipo personalizado<\/div>\n<\/div>\n<\/td>\n<\/tr>\n<tr>\n<td colspan=\"1\" rowspan=\"1\">\n<div class=\"magic-13\">\n<div class=\"magic-7\">Material<\/div>\n<\/div>\n<\/td>\n<td colspan=\"3\" rowspan=\"1\">\n<div class=\"magic-14\">Acero inoxidable<\/div>\n<\/td>\n<\/tr>\n<tr>\n<td colspan=\"1\" rowspan=\"1\">\n<div class=\"magic-13\">\n<div class=\"magic-7\">Reportaje regional<\/div>\n<\/div>\n<\/td>\n<td colspan=\"3\" rowspan=\"1\">\n<div class=\"magic-14\">Global<\/div>\n<\/td>\n<\/tr>\n<tr>\n<td colspan=\"1\" rowspan=\"1\">\n<div class=\"magic-13\">\n<div class=\"magic-7\">Utilice<\/div>\n<\/div>\n<\/td>\n<td colspan=\"3\" rowspan=\"1\">\n<div class=\"magic-14\">Decoraci\u00f3n, Arte y Coleccionismo,Souvenir, conmemorativo, promoci\u00f3n, regalo de empresa, etc.<\/div>\n<\/td>\n<\/tr>\n<tr>\n<td colspan=\"1\" rowspan=\"1\">\n<div class=\"magic-6\">\n<div class=\"magic-7\" data-spm-anchor-id=\"0.0.0.i8.146a4f052OphY4\">Tama\u00f1o del art\u00edculo<\/div>\n<\/div>\n<\/td>\n<td colspan=\"3\" rowspan=\"1\">\n<div class=\"magic-8\">\n<div class=\"magic-9\" data-spm-anchor-id=\"0.0.0.i46.146a4f05NgRyFa\">45\u00d715, 50\u00d720, 50\u00d715, 55\u00d720, 70\u00d717, 70x20mm<\/div>\n<\/div>\n<\/td>\n<\/tr>\n<tr>\n<td colspan=\"1\" rowspan=\"1\">\n<div class=\"magic-6\">\n<div class=\"magic-7\" data-spm-anchor-id=\"0.0.0.i19.146a4f052OphY4\">Logotipo<\/div>\n<\/div>\n<\/td>\n<td colspan=\"3\" rowspan=\"1\">\n<div class=\"magic-8\">Logotipo personalizado<\/div>\n<\/td>\n<\/tr>\n<tr>\n<td colspan=\"1\" rowspan=\"1\">\n<div class=\"magic-13\">\n<div class=\"magic-7\">T\u00e9cnica<\/div>\n<\/div>\n<\/td>\n<td colspan=\"3\" rowspan=\"1\">\n<div class=\"magic-14\">impresi\u00f3n, gofrado, grabado<\/div>\n<\/td>\n<\/tr>\n<tr>\n<td colspan=\"1\" rowspan=\"1\">\n<div class=\"magic-6\">\n<div class=\"magic-7\" data-spm-anchor-id=\"0.0.0.i20.146a4f052OphY4\">Color<\/div>\n<\/div>\n<\/td>\n<td colspan=\"3\" rowspan=\"1\">\n<div class=\"magic-8\">Cepillo Plata, Cepillo Oro<\/div>\n<\/td>\n<\/tr>\n<\/tbody>\n<\/table>","protected":false},"excerpt":{"rendered":"<p>Pinza para billetes de acero inoxidable<br \/>\nMaterial: Acero inoxidable<br \/>\nTipo de producto: Pinza para billetes<br \/>\nT\u00e9cnica: Impresi\u00f3n,l\u00e1ser<br \/>\nUso: Regalo de empresa<br \/>\nProceso: Impresi\u00f3n, l\u00e1ser, grabado<br \/>\nDise\u00f1o: OEM&amp;ODM, ilustraciones gratuitas<\/p>","protected":false},"featured_media":6037,"template":"","meta":[],"product_brand":[],"product_cat":[74],"product_tag":[],"class_list":{"0":"post-6036","1":"product","2":"type-product","3":"status-publish","4":"has-post-thumbnail","6":"product_cat-dollar-holder","8":"first","9":"instock","10":"shipping-taxable","11":"product-type-simple"},"aioseo_notices":[],"_links":{"self":[{"href":"https:\/\/richarms.com\/es\/wp-json\/wp\/v2\/product\/6036","targetHints":{"allow":["GET"]}}],"collection":[{"href":"https:\/\/richarms.com\/es\/wp-json\/wp\/v2\/product"}],"about":[{"href":"https:\/\/richarms.com\/es\/wp-json\/wp\/v2\/types\/product"}],"wp:featuredmedia":[{"embeddable":true,"href":"https:\/\/richarms.com\/es\/wp-json\/wp\/v2\/media\/6037"}],"wp:attachment":[{"href":"https:\/\/richarms.com\/es\/wp-json\/wp\/v2\/media?parent=6036"}],"wp:term":[{"taxonomy":"product_brand","embeddable":true,"href":"https:\/\/richarms.com\/es\/wp-json\/wp\/v2\/product_brand?post=6036"},{"taxonomy":"product_cat","embeddable":true,"href":"https:\/\/richarms.com\/es\/wp-json\/wp\/v2\/product_cat?post=6036"},{"taxonomy":"product_tag","embeddable":true,"href":"https:\/\/richarms.com\/es\/wp-json\/wp\/v2\/product_tag?post=6036"}],"curies":[{"name":"wp","href":"https:\/\/api.w.org\/{rel}","templated":true}]}}