{"id":6233,"date":"2021-07-11T07:27:39","date_gmt":"2021-07-10T23:27:39","guid":{"rendered":"https:\/\/richarms.com\/?post_type=product&#038;p=6233"},"modified":"2025-03-28T13:22:48","modified_gmt":"2025-03-28T05:22:48","slug":"square-magnetic-lock","status":"publish","type":"product","link":"https:\/\/richarms.com\/es\/product\/square-magnetic-lock","title":{"rendered":"Cerradura magn\u00e9tica cuadrada"},"content":{"rendered":"<h1>Cierre magn\u00e9tico cuadrado - Soluci\u00f3n de cierre vers\u00e1til para bolsas y accesorios<\/h1>\n<h2 class=\"\" data-start=\"437\" data-end=\"495\">Cerradura magn\u00e9tica cuadrada de primera calidad para aplicaciones vers\u00e1tiles<\/h2>\n<p class=\"\" data-start=\"497\" data-end=\"881\">Nuestro cierre magn\u00e9tico cuadrado combina funcionalidad con una est\u00e9tica elegante, lo que lo convierte en la opci\u00f3n ideal para fabricantes y aficionados al bricolaje. Tanto si fabrica bolsos de alta gama, sofisticadas cubiertas de cuero para diarios, envases de lujo o accesorios de uso general, este cierre magn\u00e9tico ofrece una soluci\u00f3n de cierre fiable que mejora el atractivo visual y la usabilidad de su producto.<\/p>\n<h2 class=\"\" data-start=\"883\" data-end=\"930\">Especificaciones del producto y f\u00e1cil instalaci\u00f3n<\/h2>\n<p>Disponible en <strong data-start=\"945\" data-end=\"968\">Tama\u00f1os de 17 mm y 21 mm<\/strong>Nuestras cerraduras magn\u00e9ticas cuadradas ofrecen flexibilidad para satisfacer sus necesidades de dise\u00f1o. El proceso de instalaci\u00f3n es sencillo y c\u00f3modo, y se adapta tanto a usuarios aficionados como a grandes fabricantes:<\/p>\n<table style=\"height: 231px;\" width=\"928\">\n<tbody>\n<tr>\n<td style=\"font-weight: 400;\" width=\"51\">Mujer Snap<\/td>\n<td style=\"font-weight: 400;\" width=\"51\">Mujer Snap<\/td>\n<td style=\"font-weight: 400;\" width=\"51\">Mujer Snap<\/td>\n<td style=\"font-weight: 400;\" width=\"51\">Broche macho<\/td>\n<td style=\"font-weight: 400;\" width=\"51\">Broche macho<\/td>\n<td style=\"font-weight: 400;\" width=\"51\">Clavija<\/td>\n<td style=\"font-weight: 400;\" rowspan=\"2\" width=\"211\">foto<\/td>\n<td style=\"font-weight: 400;\" rowspan=\"2\" width=\"295\">Descripci\u00f3n<\/td>\n<\/tr>\n<tr>\n<td style=\"font-weight: 400;\" width=\"51\">TH<\/td>\n<td style=\"font-weight: 400;\" width=\"51\">Longitud<\/td>\n<td style=\"font-weight: 400;\" width=\"51\">Anchura<\/td>\n<td style=\"font-weight: 400;\" width=\"51\">Longitud<\/td>\n<td style=\"font-weight: 400;\" width=\"51\">Anchura<\/td>\n<td style=\"font-weight: 400;\" width=\"51\">Longitud<\/td>\n<\/tr>\n<tr>\n<td style=\"font-weight: 400;\" width=\"51\">3.4<\/td>\n<td style=\"font-weight: 400;\" width=\"51\">21.2<\/td>\n<td style=\"font-weight: 400;\" width=\"51\">17.1<\/td>\n<td style=\"font-weight: 400;\" width=\"51\">21.2<\/td>\n<td style=\"font-weight: 400;\" width=\"51\">14.5<\/td>\n<td style=\"font-weight: 400;\" width=\"51\">11.6<\/td>\n<td style=\"font-weight: 400;\" width=\"211\"><img decoding=\"async\" class=\"lazyload alignnone size-medium wp-image-7516\" src=\"https:\/\/richarms.com\/wp-content\/uploads\/2021\/07\/richarms-square-magnetic-lock2-1-300x174.png\" data-orig-src=\"https:\/\/richarms.com\/wp-content\/uploads\/2021\/07\/richarms-square-magnetic-lock2-1-300x174.png\" alt=\"\" width=\"300\" height=\"174\" srcset=\"data:image\/svg+xml,%3Csvg%20xmlns%3D%27http%3A%2F%2Fwww.w3.org%2F2000%2Fsvg%27%20width%3D%27300%27%20height%3D%27174%27%20viewBox%3D%270%200%20300%20174%27%3E%3Crect%20width%3D%27300%27%20height%3D%27174%27%20fill-opacity%3D%220%22%2F%3E%3C%2Fsvg%3E\" data-srcset=\"https:\/\/richarms.com\/wp-content\/uploads\/2021\/07\/richarms-square-magnetic-lock2-1-200x116.png 200w, https:\/\/richarms.com\/wp-content\/uploads\/2021\/07\/richarms-square-magnetic-lock2-1-300x174.png 300w, https:\/\/richarms.com\/wp-content\/uploads\/2021\/07\/richarms-square-magnetic-lock2-1-400x232.png 400w, https:\/\/richarms.com\/wp-content\/uploads\/2021\/07\/richarms-square-magnetic-lock2-1-500x289.png 500w, https:\/\/richarms.com\/wp-content\/uploads\/2021\/07\/richarms-square-magnetic-lock2-1-600x347.png 600w, https:\/\/richarms.com\/wp-content\/uploads\/2021\/07\/richarms-square-magnetic-lock2-1-700x405.png 700w, https:\/\/richarms.com\/wp-content\/uploads\/2021\/07\/richarms-square-magnetic-lock2-1-768x445.png 768w, https:\/\/richarms.com\/wp-content\/uploads\/2021\/07\/richarms-square-magnetic-lock2-1-800x463.png 800w, https:\/\/richarms.com\/wp-content\/uploads\/2021\/07\/richarms-square-magnetic-lock2-1-1024x593.png 1024w, https:\/\/richarms.com\/wp-content\/uploads\/2021\/07\/richarms-square-magnetic-lock2-1-1200x695.png 1200w, https:\/\/richarms.com\/wp-content\/uploads\/2021\/07\/richarms-square-magnetic-lock2-1-1536x889.png 1536w\" data-sizes=\"auto\" data-orig-sizes=\"(max-width: 300px) 100vw, 300px\" \/><\/td>\n<td style=\"font-weight: 400;\" width=\"295\">Cuerpo delgado con gran<\/p>\n<p>poder de retenci\u00f3n.<\/td>\n<\/tr>\n<tr>\n<td style=\"font-weight: 400;\" width=\"51\">3.4<\/td>\n<td style=\"font-weight: 400;\" width=\"51\">17.1<\/td>\n<td style=\"font-weight: 400;\" width=\"51\">13.1<\/td>\n<td style=\"font-weight: 400;\" width=\"51\">17.1<\/td>\n<td style=\"font-weight: 400;\" width=\"51\">10.3<\/td>\n<td style=\"font-weight: 400;\" width=\"51\">7.3<\/td>\n<td style=\"font-weight: 400;\" width=\"211\"><img decoding=\"async\" class=\"lazyload alignnone size-medium wp-image-7517\" src=\"https:\/\/richarms.com\/wp-content\/uploads\/2021\/07\/richarms-square-magnetic-lock2-2-300x174.jpg\" data-orig-src=\"https:\/\/richarms.com\/wp-content\/uploads\/2021\/07\/richarms-square-magnetic-lock2-2-300x174.jpg\" alt=\"\" width=\"300\" height=\"174\" srcset=\"data:image\/svg+xml,%3Csvg%20xmlns%3D%27http%3A%2F%2Fwww.w3.org%2F2000%2Fsvg%27%20width%3D%27300%27%20height%3D%27174%27%20viewBox%3D%270%200%20300%20174%27%3E%3Crect%20width%3D%27300%27%20height%3D%27174%27%20fill-opacity%3D%220%22%2F%3E%3C%2Fsvg%3E\" data-srcset=\"https:\/\/richarms.com\/wp-content\/uploads\/2021\/07\/richarms-square-magnetic-lock2-2-200x116.jpg 200w, https:\/\/richarms.com\/wp-content\/uploads\/2021\/07\/richarms-square-magnetic-lock2-2-300x174.jpg 300w, https:\/\/richarms.com\/wp-content\/uploads\/2021\/07\/richarms-square-magnetic-lock2-2-400x232.jpg 400w, https:\/\/richarms.com\/wp-content\/uploads\/2021\/07\/richarms-square-magnetic-lock2-2-500x289.jpg 500w, https:\/\/richarms.com\/wp-content\/uploads\/2021\/07\/richarms-square-magnetic-lock2-2-600x347.jpg 600w, https:\/\/richarms.com\/wp-content\/uploads\/2021\/07\/richarms-square-magnetic-lock2-2-700x405.jpg 700w, https:\/\/richarms.com\/wp-content\/uploads\/2021\/07\/richarms-square-magnetic-lock2-2-768x445.jpg 768w, https:\/\/richarms.com\/wp-content\/uploads\/2021\/07\/richarms-square-magnetic-lock2-2-800x463.jpg 800w, https:\/\/richarms.com\/wp-content\/uploads\/2021\/07\/richarms-square-magnetic-lock2-2-1024x593.jpg 1024w, https:\/\/richarms.com\/wp-content\/uploads\/2021\/07\/richarms-square-magnetic-lock2-2-1200x695.jpg 1200w, https:\/\/richarms.com\/wp-content\/uploads\/2021\/07\/richarms-square-magnetic-lock2-2-1536x889.jpg 1536w\" data-sizes=\"auto\" data-orig-sizes=\"(max-width: 300px) 100vw, 300px\" \/><\/td>\n<td style=\"font-weight: 400;\" width=\"295\">Para bolsos, maletas,<\/p>\n<p>mochilas, automoci\u00f3n<\/p>\n<p>y aeroespacial.<\/td>\n<\/tr>\n<\/tbody>\n<\/table>\n<h2 class=\"\" data-start=\"2323\" data-end=\"2357\"><\/h2>\n<ul>\n<li><strong data-start=\"1164\" data-end=\"1192\">Instalaci\u00f3n sencilla de bricolaje:<\/strong> Los usuarios pueden instalarlo sin esfuerzo marcando y creando dos peque\u00f1os agujeros para las p\u00faas en el material, insertando el cierre magn\u00e9tico y, a continuaci\u00f3n, doblando las p\u00faas hasta dejarlas planas. Los aficionados al bricolaje pueden completar el proceso r\u00e1pidamente con herramientas b\u00e1sicas como unas tijeras.<\/li>\n<li><strong data-start=\"1434\" data-end=\"1460\">Eficiencia industrial:<\/strong> Para los fabricantes, recomendamos herramientas especializadas de perforaci\u00f3n y colocaci\u00f3n de puntas, que permiten una aplicaci\u00f3n r\u00e1pida y uniforme en l\u00edneas de producci\u00f3n de gran volumen.<\/li>\n<\/ul>\n<h2 class=\"\" data-start=\"1620\" data-end=\"1652\">A la medida de sus necesidades<\/h2>\n<p class=\"\" data-start=\"1654\" data-end=\"1818\">Somos conscientes de la importancia de la personalizaci\u00f3n en el competitivo mercado actual. Por ello, ofrecemos amplias opciones de personalizaci\u00f3n para nuestra cerradura magn\u00e9tica cuadrada:<\/p>\n<ul>\n<li data-start=\"1822\" data-end=\"1975\"><strong data-start=\"1822\" data-end=\"1844\">Fuerza magn\u00e9tica:<\/strong> Adapte el tirador magn\u00e9tico a sus especificaciones, garantizando un equilibrio perfecto entre facilidad de uso y seguridad para su aplicaci\u00f3n.\n<ul>\n<li data-start=\"1822\" data-end=\"1975\"><strong>Qu\u00e9 fuerte nuestra oferta regular - <\/strong>21 mm \/ 1,1 kg\n<p><div id=\"attachment_7519\" style=\"width: 451px\" class=\"wp-caption alignnone\"><img decoding=\"async\" aria-describedby=\"caption-attachment-7519\" class=\"lazyload wp-image-7519\" src=\"https:\/\/richarms.com\/wp-content\/uploads\/2021\/07\/richarms-magnetic-lock-power-test-1024x1024.jpg\" data-orig-src=\"https:\/\/richarms.com\/wp-content\/uploads\/2021\/07\/richarms-magnetic-lock-power-test-1024x1024.jpg\" alt=\"Square magnetic lock strength test demonstrating 1.1kg vertical pull.\" width=\"441\" height=\"441\" srcset=\"data:image\/svg+xml,%3Csvg%20xmlns%3D%27http%3A%2F%2Fwww.w3.org%2F2000%2Fsvg%27%20width%3D%27441%27%20height%3D%27441%27%20viewBox%3D%270%200%20441%20441%27%3E%3Crect%20width%3D%27441%27%20height%3D%27441%27%20fill-opacity%3D%220%22%2F%3E%3C%2Fsvg%3E\" data-srcset=\"https:\/\/richarms.com\/wp-content\/uploads\/2021\/07\/richarms-magnetic-lock-power-test-66x66.jpg 66w, https:\/\/richarms.com\/wp-content\/uploads\/2021\/07\/richarms-magnetic-lock-power-test-100x100.jpg 100w, https:\/\/richarms.com\/wp-content\/uploads\/2021\/07\/richarms-magnetic-lock-power-test-150x150.jpg 150w, https:\/\/richarms.com\/wp-content\/uploads\/2021\/07\/richarms-magnetic-lock-power-test-200x200.jpg 200w, https:\/\/richarms.com\/wp-content\/uploads\/2021\/07\/richarms-magnetic-lock-power-test-300x300.jpg 300w, https:\/\/richarms.com\/wp-content\/uploads\/2021\/07\/richarms-magnetic-lock-power-test-400x400.jpg 400w, https:\/\/richarms.com\/wp-content\/uploads\/2021\/07\/richarms-magnetic-lock-power-test-500x500.jpg 500w, https:\/\/richarms.com\/wp-content\/uploads\/2021\/07\/richarms-magnetic-lock-power-test-600x600.jpg 600w, https:\/\/richarms.com\/wp-content\/uploads\/2021\/07\/richarms-magnetic-lock-power-test-700x700.jpg 700w, https:\/\/richarms.com\/wp-content\/uploads\/2021\/07\/richarms-magnetic-lock-power-test-768x768.jpg 768w, https:\/\/richarms.com\/wp-content\/uploads\/2021\/07\/richarms-magnetic-lock-power-test-800x800.jpg 800w, https:\/\/richarms.com\/wp-content\/uploads\/2021\/07\/richarms-magnetic-lock-power-test-1024x1024.jpg 1024w, https:\/\/richarms.com\/wp-content\/uploads\/2021\/07\/richarms-magnetic-lock-power-test-1200x1200.jpg 1200w, https:\/\/richarms.com\/wp-content\/uploads\/2021\/07\/richarms-magnetic-lock-power-test-1536x1536.jpg 1536w\" data-sizes=\"auto\" data-orig-sizes=\"(max-width: 441px) 100vw, 441px\" \/><p id=\"caption-attachment-7519\" class=\"wp-caption-text\">Cerradura magn\u00e9tica cuadrada Richarms probada con 1,1 kg de fuerza de tracci\u00f3n magn\u00e9tica vertical.<\/p><\/div><\/li>\n<\/ul>\n<\/li>\n<\/ul>\n<ul>\n<li data-start=\"1978\" data-end=\"2162\"><strong data-start=\"1978\" data-end=\"1996\">Variedad de colores:<\/strong> Elija entre una paleta variada que incluye oro, n\u00edquel, oro rosa, lat\u00f3n antiguo, bronce de ca\u00f1\u00f3n o solicite acabados de color personalizados para que encajen perfectamente con su l\u00ednea de productos.\n<ul>\n<li data-start=\"1978\" data-end=\"2162\">A continuaci\u00f3n se indican los colores habituales. Tambi\u00e9n hay disponibles acabados personalizados para satisfacer sus necesidades.\n<p><div id=\"attachment_5392\" style=\"width: 407px\" class=\"wp-caption alignnone\"><img decoding=\"async\" aria-describedby=\"caption-attachment-5392\" class=\"lazyload wp-image-5392\" src=\"https:\/\/richarms.com\/wp-content\/uploads\/2018\/07\/RICHARMS-COLOT-DIS.jpg\" data-orig-src=\"https:\/\/richarms.com\/wp-content\/uploads\/2018\/07\/RICHARMS-COLOT-DIS.jpg\" alt=\"Standard color palette for RICHARMS magnetic snaps, with customizable colors available beyond the listed options.\" width=\"397\" height=\"279\" srcset=\"data:image\/svg+xml,%3Csvg%20xmlns%3D%27http%3A%2F%2Fwww.w3.org%2F2000%2Fsvg%27%20width%3D%27397%27%20height%3D%27279%27%20viewBox%3D%270%200%20397%20279%27%3E%3Crect%20width%3D%27397%27%20height%3D%27279%27%20fill-opacity%3D%220%22%2F%3E%3C%2Fsvg%3E\" data-srcset=\"https:\/\/richarms.com\/wp-content\/uploads\/2018\/07\/RICHARMS-COLOT-DIS-200x140.jpg 200w, https:\/\/richarms.com\/wp-content\/uploads\/2018\/07\/RICHARMS-COLOT-DIS-300x211.jpg 300w, https:\/\/richarms.com\/wp-content\/uploads\/2018\/07\/RICHARMS-COLOT-DIS-400x281.jpg 400w, https:\/\/richarms.com\/wp-content\/uploads\/2018\/07\/RICHARMS-COLOT-DIS-500x351.jpg 500w, https:\/\/richarms.com\/wp-content\/uploads\/2018\/07\/RICHARMS-COLOT-DIS-600x421.jpg 600w, https:\/\/richarms.com\/wp-content\/uploads\/2018\/07\/RICHARMS-COLOT-DIS.jpg 651w\" data-sizes=\"auto\" data-orig-sizes=\"(max-width: 397px) 100vw, 397px\" \/><p id=\"caption-attachment-5392\" class=\"wp-caption-text\">Explore la paleta de colores est\u00e1ndar para los broches magn\u00e9ticos RICHARMS, con colores personalizados adicionales disponibles a petici\u00f3n para adaptarse a sus necesidades de dise\u00f1o.<\/p><\/div><\/li>\n<\/ul>\n<\/li>\n<\/ul>\n<ul>\n<li data-start=\"2165\" data-end=\"2321\"><strong data-start=\"2165\" data-end=\"2193\">Personalizaci\u00f3n del embalaje:<\/strong> Aumente el reconocimiento de su marca y mejore la experiencia del cliente con opciones de envasado a medida con su logotipo o dise\u00f1o exclusivo.\n<ul>\n<li>1 juego = 1 macho, 1 hembra, 2 arandelas<\/li>\n<li>21 mm, 100 juegos\/caja, 20 cajas\/ctn,<\/li>\n<li>17 mm: 200 unidades\/caja, 20 cajas\/ctn<\/li>\n<\/ul>\n<\/li>\n<li><strong>Material:<\/strong>\n<ul>\n<li>C\u00e1psula hembra:  Disponible en hierro, lat\u00f3n com\u00fan o lat\u00f3n ambiental<\/li>\n<li>C\u00e1psula masculina: Hierro<\/li>\n<li>Im\u00e1n interior: Im\u00e1n permanente de neodimio<\/li>\n<\/ul>\n<\/li>\n<\/ul>\n<h2 class=\"\" data-start=\"2323\" data-end=\"2357\">Ideal para m\u00faltiples aplicaciones<\/h2>\n<p class=\"\" data-start=\"2359\" data-end=\"2478\">Nuestra cerradura magn\u00e9tica cuadrada es muy adaptable y puede utilizarse eficazmente en una amplia gama de productos, como:<\/p>\n<div id=\"attachment_6456\" style=\"width: 377px\" class=\"wp-caption alignnone\"><img decoding=\"async\" aria-describedby=\"caption-attachment-6456\" class=\"lazyload wp-image-6456\" src=\"https:\/\/richarms.com\/wp-content\/uploads\/2018\/12\/magnetic-snaps-fasterner-button-on-richarms-2.jpg\" data-orig-src=\"https:\/\/richarms.com\/wp-content\/uploads\/2018\/12\/magnetic-snaps-fasterner-button-on-richarms-2.jpg\" alt=\"Square magnetic lock installed on a luxury leather handbag, demonstrating practical use\" width=\"367\" height=\"367\" srcset=\"data:image\/svg+xml,%3Csvg%20xmlns%3D%27http%3A%2F%2Fwww.w3.org%2F2000%2Fsvg%27%20width%3D%27367%27%20height%3D%27367%27%20viewBox%3D%270%200%20367%20367%27%3E%3Crect%20width%3D%27367%27%20height%3D%27367%27%20fill-opacity%3D%220%22%2F%3E%3C%2Fsvg%3E\" data-srcset=\"https:\/\/richarms.com\/wp-content\/uploads\/2018\/12\/magnetic-snaps-fasterner-button-on-richarms-2-66x66.jpg 66w, https:\/\/richarms.com\/wp-content\/uploads\/2018\/12\/magnetic-snaps-fasterner-button-on-richarms-2-100x100.jpg 100w, https:\/\/richarms.com\/wp-content\/uploads\/2018\/12\/magnetic-snaps-fasterner-button-on-richarms-2-150x150.jpg 150w, https:\/\/richarms.com\/wp-content\/uploads\/2018\/12\/magnetic-snaps-fasterner-button-on-richarms-2-200x200.jpg 200w, https:\/\/richarms.com\/wp-content\/uploads\/2018\/12\/magnetic-snaps-fasterner-button-on-richarms-2-300x300.jpg 300w, https:\/\/richarms.com\/wp-content\/uploads\/2018\/12\/magnetic-snaps-fasterner-button-on-richarms-2-400x400.jpg 400w, https:\/\/richarms.com\/wp-content\/uploads\/2018\/12\/magnetic-snaps-fasterner-button-on-richarms-2-500x500.jpg 500w, https:\/\/richarms.com\/wp-content\/uploads\/2018\/12\/magnetic-snaps-fasterner-button-on-richarms-2-600x600.jpg 600w, https:\/\/richarms.com\/wp-content\/uploads\/2018\/12\/magnetic-snaps-fasterner-button-on-richarms-2-700x700.jpg 700w, https:\/\/richarms.com\/wp-content\/uploads\/2018\/12\/magnetic-snaps-fasterner-button-on-richarms-2-768x768.jpg 768w, https:\/\/richarms.com\/wp-content\/uploads\/2018\/12\/magnetic-snaps-fasterner-button-on-richarms-2.jpg 800w\" data-sizes=\"auto\" data-orig-sizes=\"(max-width: 367px) 100vw, 367px\" \/><p id=\"caption-attachment-6456\" class=\"wp-caption-text\">Elegante cierre magn\u00e9tico cuadrado que mejora la funcionalidad y la est\u00e9tica de un bolso de lujo.<\/p><\/div>\n<ul>\n<li data-start=\"2482\" data-end=\"2575\"><strong data-start=\"2482\" data-end=\"2504\">Bolsos y carteras:<\/strong> Garantiza un acceso r\u00e1pido y fiable a la vez que ofrece un aspecto elegante.<\/li>\n<li data-start=\"2578\" data-end=\"2684\"><strong data-start=\"2578\" data-end=\"2605\">Cubiertas de diario de cuero:<\/strong> Proporciona un aspecto profesional y garantiza el cierre seguro de documentos o notas.<\/li>\n<li data-start=\"2687\" data-end=\"2798\"><strong data-start=\"2687\" data-end=\"2708\">Embalaje de lujo:<\/strong> Ideal para dise\u00f1os de envases de lujo en los que la presentaci\u00f3n y la facilidad de apertura son primordiales.<\/li>\n<li data-start=\"2801\" data-end=\"2920\"><strong data-start=\"2801\" data-end=\"2833\">Accesorios de uso general:<\/strong> Suficientemente flexible para adaptarse a diversas aplicaciones en las que se necesita una cerradura magn\u00e9tica fiable.<\/li>\n<li data-start=\"2801\" data-end=\"2920\"><a href=\"https:\/\/www.pinterest.com\/richarmsaccessoriesgroups\/elegant-magnetic-closures-for-luxury-bags\/\">M\u00e1s inspiraci\u00f3n<\/a>.<\/li>\n<\/ul>\n<h2 class=\"\" data-start=\"2922\" data-end=\"2945\">\u00bfPor qu\u00e9 elegir Richarms?<\/h2>\n<p class=\"\" data-start=\"2947\" data-end=\"3006\">Asociarse con Richarms le ofrece importantes ventajas:<\/p>\n<ul>\n<li data-start=\"3010\" data-end=\"3152\"><strong data-start=\"3010\" data-end=\"3037\">Precio directo de f\u00e1brica:<\/strong> Suministramos directamente desde nuestras instalaciones de fabricaci\u00f3n, lo que garantiza precios competitivos sin comprometer la calidad.<\/li>\n<li data-start=\"3155\" data-end=\"3272\"><strong data-start=\"3155\" data-end=\"3177\">Garant\u00eda de calidad:<\/strong> Nuestras cerraduras se someten a rigurosos controles de calidad para garantizar un rendimiento y una fiabilidad constantes.<\/li>\n<li data-start=\"3275\" data-end=\"3418\"><strong data-start=\"3275\" data-end=\"3307\">Atenci\u00f3n al cliente receptiva:<\/strong> Nuestro equipo est\u00e1 preparado para ayudarle en cada paso, desde la consulta inicial y el dise\u00f1o hasta la entrega final.<\/li>\n<li data-start=\"3275\" data-end=\"3418\">Seguir leyendo <a href=\"https:\/\/richarms.com\/es\/about\/\">sobre Richarms<\/a>.<\/li>\n<\/ul>\n<h2 class=\"\" data-start=\"3420\" data-end=\"3445\">Inicie su pedido hoy mismo<\/h2>\n<p class=\"\" data-start=\"3447\" data-end=\"3700\">Listo para mejorar sus productos con nuestros <strong data-start=\"3495\" data-end=\"3519\">cerradura magn\u00e9tica cuadrada<\/strong>? P\u00f3ngase en contacto con nuestros expertos hoy mismo para recibir un presupuesto personalizado y opciones de personalizaci\u00f3n detalladas. Para pedidos inmediatos, visite nuestra <a href=\"https:\/\/www.richarmshardware.com\/products\/square-magnetic-lock\">Tienda Shopify<\/a> y experimente transacciones fluidas.<\/p>","protected":false},"excerpt":{"rendered":"<p>Tipo: Cerradura magn\u00e9tica cuadrada<br \/>\nMaterial: Lat\u00f3n, hierro, im\u00e1n<br \/>\nColor: Oro \/ N\u00edquel \/ Pistola \/ Oro rosa \/ Hormiga \/ Otro<br \/>\nEmbalaje: caja y cart\u00f3n<br \/>\nEnv\u00edos: LCL \/ DHL \/ FedEx \/ TNT \/ Otros<\/p>","protected":false},"featured_media":6237,"template":"","meta":[],"product_brand":[],"product_cat":[15],"product_tag":[],"class_list":{"0":"post-6233","1":"product","2":"type-product","3":"status-publish","4":"has-post-thumbnail","6":"product_cat-magnetic-snaps","8":"first","9":"instock","10":"shipping-taxable","11":"product-type-simple"},"aioseo_notices":[],"_links":{"self":[{"href":"https:\/\/richarms.com\/es\/wp-json\/wp\/v2\/product\/6233","targetHints":{"allow":["GET"]}}],"collection":[{"href":"https:\/\/richarms.com\/es\/wp-json\/wp\/v2\/product"}],"about":[{"href":"https:\/\/richarms.com\/es\/wp-json\/wp\/v2\/types\/product"}],"wp:featuredmedia":[{"embeddable":true,"href":"https:\/\/richarms.com\/es\/wp-json\/wp\/v2\/media\/6237"}],"wp:attachment":[{"href":"https:\/\/richarms.com\/es\/wp-json\/wp\/v2\/media?parent=6233"}],"wp:term":[{"taxonomy":"product_brand","embeddable":true,"href":"https:\/\/richarms.com\/es\/wp-json\/wp\/v2\/product_brand?post=6233"},{"taxonomy":"product_cat","embeddable":true,"href":"https:\/\/richarms.com\/es\/wp-json\/wp\/v2\/product_cat?post=6233"},{"taxonomy":"product_tag","embeddable":true,"href":"https:\/\/richarms.com\/es\/wp-json\/wp\/v2\/product_tag?post=6233"}],"curies":[{"name":"wp","href":"https:\/\/api.w.org\/{rel}","templated":true}]}}