{"id":6261,"date":"2021-07-07T16:08:40","date_gmt":"2021-07-07T08:08:40","guid":{"rendered":"https:\/\/richarms.com\/?post_type=product&#038;p=6261"},"modified":"2024-10-05T12:41:39","modified_gmt":"2024-10-05T04:41:39","slug":"rectangular-magnetic-clasp","status":"publish","type":"product","link":"https:\/\/richarms.com\/es\/producto\/rectangular-magnetic-clasp","title":{"rendered":"Cierre magn\u00e9tico rectangular"},"content":{"rendered":"<h2>Cierre magn\u00e9tico rectangular - Cierre de joyas seguro y con estilo<\/h2>\n<p>Cierre magn\u00e9tico de acero inoxidable, \u00a1sin alergias!<br \/>\nDisponible a medida.<\/p>\n<p>Material: acero inoxidable ecol\u00f3gico<br \/>\nColor: acero bruto, oro, oro rosa, oro Champaign, y todos los colores disponibles<br \/>\nTalla: Pls ver las fotos de abajo<\/p>\n<div id=\"attachment_6266\" style=\"width: 810px\" class=\"wp-caption alignnone\"><img decoding=\"async\" aria-describedby=\"caption-attachment-6266\" class=\"lazyload wp-image-6266 size-full\" src=\"https:\/\/richarms.com\/wp-content\/uploads\/2019\/08\/richarms-magnetic-snaps-for-bracelet-clasp-5.jpg\" data-orig-src=\"https:\/\/richarms.com\/wp-content\/uploads\/2019\/08\/richarms-magnetic-snaps-for-bracelet-clasp-5.jpg\" alt=\"Rectangular Magnetic Clasp \u2013 Secure and Stylish Jewelry Closure\" width=\"800\" height=\"800\" srcset=\"data:image\/svg+xml,%3Csvg%20xmlns%3D%27http%3A%2F%2Fwww.w3.org%2F2000%2Fsvg%27%20width%3D%27800%27%20height%3D%27800%27%20viewBox%3D%270%200%20800%20800%27%3E%3Crect%20width%3D%27800%27%20height%3D%27800%27%20fill-opacity%3D%220%22%2F%3E%3C%2Fsvg%3E\" data-srcset=\"https:\/\/richarms.com\/wp-content\/uploads\/2019\/08\/richarms-magnetic-snaps-for-bracelet-clasp-5-66x66.jpg 66w, https:\/\/richarms.com\/wp-content\/uploads\/2019\/08\/richarms-magnetic-snaps-for-bracelet-clasp-5-100x100.jpg 100w, https:\/\/richarms.com\/wp-content\/uploads\/2019\/08\/richarms-magnetic-snaps-for-bracelet-clasp-5-150x150.jpg 150w, https:\/\/richarms.com\/wp-content\/uploads\/2019\/08\/richarms-magnetic-snaps-for-bracelet-clasp-5-200x200.jpg 200w, https:\/\/richarms.com\/wp-content\/uploads\/2019\/08\/richarms-magnetic-snaps-for-bracelet-clasp-5-300x300.jpg 300w, https:\/\/richarms.com\/wp-content\/uploads\/2019\/08\/richarms-magnetic-snaps-for-bracelet-clasp-5-400x400.jpg 400w, https:\/\/richarms.com\/wp-content\/uploads\/2019\/08\/richarms-magnetic-snaps-for-bracelet-clasp-5-500x500.jpg 500w, https:\/\/richarms.com\/wp-content\/uploads\/2019\/08\/richarms-magnetic-snaps-for-bracelet-clasp-5-600x600.jpg 600w, https:\/\/richarms.com\/wp-content\/uploads\/2019\/08\/richarms-magnetic-snaps-for-bracelet-clasp-5-700x700.jpg 700w, https:\/\/richarms.com\/wp-content\/uploads\/2019\/08\/richarms-magnetic-snaps-for-bracelet-clasp-5-768x768.jpg 768w, https:\/\/richarms.com\/wp-content\/uploads\/2019\/08\/richarms-magnetic-snaps-for-bracelet-clasp-5.jpg 800w\" data-sizes=\"auto\" data-orig-sizes=\"(max-width: 800px) 100vw, 800px\" \/><p id=\"caption-attachment-6266\" class=\"wp-caption-text\">Cierre magn\u00e9tico rectangular - Cierre de joyas seguro y con estilo<\/p><\/div>\n<p>Presentamos nuestro <strong>Cierre magn\u00e9tico rectangular<\/strong>Fabricado por expertos en acero inoxidable 304 resistente al deslustre. Este elegante cierre presenta una sutil curvatura que garantiza un ajuste perfecto para una amplia gama de dise\u00f1os de joyas. El <strong>fuerte sujeci\u00f3n magn\u00e9tica<\/strong> garantiza que sus pulseras permanezcan bien cerradas, por lo que es una opci\u00f3n ideal tanto para ropa informal como formal.<\/p>\n<p>Disponible en colores cl\u00e1sicos como <strong>oro<\/strong>, <strong>plata<\/strong>y <strong>negro<\/strong>, con opciones adicionales de colores personalizados, este cierre realza la elegancia de cualquier pieza. Nuestros materiales ecol\u00f3gicos y la galvanoplastia hipoalerg\u00e9nica garantizan que sea seguro para todo tipo de pieles, por lo que es un complemento perfecto para su colecci\u00f3n de joyas.<\/p>\n<p>Ofrecemos una amplia gama de servicios de personalizaci\u00f3n, como dise\u00f1o de moldes, logotipos grabados con l\u00e1ser, opciones de color y soluciones de embalaje a medida. Para pedidos de 50 juegos o m\u00e1s, puede realizar su pedido c\u00f3modamente a trav\u00e9s de nuestro <a href=\"https:\/\/www.richarmshardware.com\/products\/29x12x6mm-quality-bracelet-magnetic-closures\">Ferreter\u00eda Richarms <strong>tienda en l\u00ednea<\/strong><\/a>mientras que los pedidos m\u00e1s grandes o personalizados pueden ser <a href=\"https:\/\/richarms.com\/es\/contact\/\">con nuestro equipo de ventas<\/a>.<\/p>\n<p>Explore la versatilidad de nuestro <strong>Cierre magn\u00e9tico rectangular<\/strong> \u00a1y lleve sus creaciones de joyer\u00eda al siguiente nivel con este accesorio innovador y funcional!<\/p>\n<h3>Caracter\u00edsticas principales:<\/h3>\n<ul>\n<li><strong>Fuerte sujeci\u00f3n magn\u00e9tica<\/strong>: Proporciona un cierre seguro y fiable para todas las piezas de joyer\u00eda.<\/li>\n<li><strong>Dise\u00f1o elegante<\/strong>: La sutil curvatura ofrece un toque sofisticado, adecuado para <a href=\"https:\/\/www.pinterest.com\/richarmsaccessoriesgroups\/magnetic-clasps-for-jewelry-designs\/\">varios estilos<\/a>.<\/li>\n<li><strong>Opciones de color vers\u00e1tiles<\/strong>: Disponible en oro, plata, negro y colores personalizados para adaptarse a su est\u00e9tica.<\/li>\n<li><strong>Materiales ecol\u00f3gicos<\/strong>: Fabricado con materiales hipoalerg\u00e9nicos con un acabado resistente al deslustre para prevenir las alergias.<\/li>\n<li><strong>Personalizaci\u00f3n disponible<\/strong>: Opciones de dise\u00f1o de moldes, grabado por l\u00e1ser, elecci\u00f3n de colores y embalaje para satisfacer sus necesidades.<\/li>\n<li><strong>Perfecto para todas las joyas<\/strong>: Ideal para su uso en cierres magn\u00e9ticos para la fabricaci\u00f3n de joyas, incluyendo collares y pulseras.<\/li>\n<li><strong>F\u00e1cil de usar<\/strong>: F\u00e1cil de usar, tanto para joyeros profesionales como para aficionados al bricolaje<\/li>\n<\/ul>\n<p><strong>\u00bfPor qu\u00e9 los cierres magn\u00e9ticos de las pulseras Richarms?<br \/>\n<\/strong><\/p>\n<p>Precio directo de f\u00e1brica: omite el eslab\u00f3n intermedio, por lo que el precio es m\u00e1s favorable.<br \/>\nPor encargo: servicio personalizado, fabricamos seg\u00fan sus planos.<br \/>\nEstrictos sistemas de control de calidad: desde la selecci\u00f3n del material, la producci\u00f3n, hasta el embalaje, y no terminan antes de la entrega<\/p>\n<p><strong><img decoding=\"async\" class=\"lazyload alignnone size-full wp-image-6247\" src=\"https:\/\/richarms.com\/wp-content\/uploads\/2019\/08\/IMG_7549.jpg\" data-orig-src=\"https:\/\/richarms.com\/wp-content\/uploads\/2019\/08\/IMG_7549.jpg\" alt=\"\" width=\"750\" height=\"646\" srcset=\"data:image\/svg+xml,%3Csvg%20xmlns%3D%27http%3A%2F%2Fwww.w3.org%2F2000%2Fsvg%27%20width%3D%27750%27%20height%3D%27646%27%20viewBox%3D%270%200%20750%20646%27%3E%3Crect%20width%3D%27750%27%20height%3D%27646%27%20fill-opacity%3D%220%22%2F%3E%3C%2Fsvg%3E\" data-srcset=\"https:\/\/richarms.com\/wp-content\/uploads\/2019\/08\/IMG_7549-200x172.jpg 200w, https:\/\/richarms.com\/wp-content\/uploads\/2019\/08\/IMG_7549-300x258.jpg 300w, https:\/\/richarms.com\/wp-content\/uploads\/2019\/08\/IMG_7549-400x345.jpg 400w, https:\/\/richarms.com\/wp-content\/uploads\/2019\/08\/IMG_7549-500x431.jpg 500w, https:\/\/richarms.com\/wp-content\/uploads\/2019\/08\/IMG_7549-600x517.jpg 600w, https:\/\/richarms.com\/wp-content\/uploads\/2019\/08\/IMG_7549-700x603.jpg 700w, https:\/\/richarms.com\/wp-content\/uploads\/2019\/08\/IMG_7549.jpg 750w\" data-sizes=\"auto\" data-orig-sizes=\"(max-width: 750px) 100vw, 750px\" \/><br \/>\n<\/strong><\/p>\n<p><img decoding=\"async\" class=\"lazyload alignnone size-full wp-image-6250\" src=\"https:\/\/richarms.com\/wp-content\/uploads\/2019\/08\/richarms-magnetic-bracelet-production.jpg\" data-orig-src=\"https:\/\/richarms.com\/wp-content\/uploads\/2019\/08\/richarms-magnetic-bracelet-production.jpg\" alt=\"\" width=\"717\" height=\"1146\" srcset=\"data:image\/svg+xml,%3Csvg%20xmlns%3D%27http%3A%2F%2Fwww.w3.org%2F2000%2Fsvg%27%20width%3D%27717%27%20height%3D%271146%27%20viewBox%3D%270%200%20717%201146%27%3E%3Crect%20width%3D%27717%27%20height%3D%271146%27%20fill-opacity%3D%220%22%2F%3E%3C%2Fsvg%3E\" data-srcset=\"https:\/\/richarms.com\/wp-content\/uploads\/2019\/08\/richarms-magnetic-bracelet-production-188x300.jpg 188w, https:\/\/richarms.com\/wp-content\/uploads\/2019\/08\/richarms-magnetic-bracelet-production-200x320.jpg 200w, https:\/\/richarms.com\/wp-content\/uploads\/2019\/08\/richarms-magnetic-bracelet-production-400x639.jpg 400w, https:\/\/richarms.com\/wp-content\/uploads\/2019\/08\/richarms-magnetic-bracelet-production-500x799.jpg 500w, https:\/\/richarms.com\/wp-content\/uploads\/2019\/08\/richarms-magnetic-bracelet-production-600x959.jpg 600w, https:\/\/richarms.com\/wp-content\/uploads\/2019\/08\/richarms-magnetic-bracelet-production-641x1024.jpg 641w, https:\/\/richarms.com\/wp-content\/uploads\/2019\/08\/richarms-magnetic-bracelet-production-700x1119.jpg 700w, https:\/\/richarms.com\/wp-content\/uploads\/2019\/08\/richarms-magnetic-bracelet-production.jpg 717w\" data-sizes=\"auto\" data-orig-sizes=\"(max-width: 717px) 100vw, 717px\" \/><\/p>","protected":false},"excerpt":{"rendered":"<p>Cierres magn\u00e9ticos de calidad para pulseras<\/p>\n<p>Material: acero inoxidable ecol\u00f3gico<br \/>\nColor: acero bruto, oro, oro rosa, oro champain, y todos los colores disponibles<br \/>\nServicio personalizado disponible<\/p>","protected":false},"featured_media":6271,"template":"","meta":[],"product_brand":[],"product_cat":[72],"product_tag":[],"class_list":{"0":"post-6261","1":"product","2":"type-product","3":"status-publish","4":"has-post-thumbnail","6":"product_cat-bracelet-magnetic-clasp","8":"first","9":"instock","10":"shipping-taxable","11":"product-type-simple"},"aioseo_notices":[],"_links":{"self":[{"href":"https:\/\/richarms.com\/es\/wp-json\/wp\/v2\/product\/6261","targetHints":{"allow":["GET"]}}],"collection":[{"href":"https:\/\/richarms.com\/es\/wp-json\/wp\/v2\/product"}],"about":[{"href":"https:\/\/richarms.com\/es\/wp-json\/wp\/v2\/types\/product"}],"wp:featuredmedia":[{"embeddable":true,"href":"https:\/\/richarms.com\/es\/wp-json\/wp\/v2\/media\/6271"}],"wp:attachment":[{"href":"https:\/\/richarms.com\/es\/wp-json\/wp\/v2\/media?parent=6261"}],"wp:term":[{"taxonomy":"product_brand","embeddable":true,"href":"https:\/\/richarms.com\/es\/wp-json\/wp\/v2\/product_brand?post=6261"},{"taxonomy":"product_cat","embeddable":true,"href":"https:\/\/richarms.com\/es\/wp-json\/wp\/v2\/product_cat?post=6261"},{"taxonomy":"product_tag","embeddable":true,"href":"https:\/\/richarms.com\/es\/wp-json\/wp\/v2\/product_tag?post=6261"}],"curies":[{"name":"wp","href":"https:\/\/api.w.org\/{rel}","templated":true}]}}