{"id":6581,"date":"2021-07-02T16:09:12","date_gmt":"2021-07-02T08:09:12","guid":{"rendered":"https:\/\/richarms.com\/?post_type=product&#038;p=6581"},"modified":"2025-02-23T11:57:16","modified_gmt":"2025-02-23T03:57:16","slug":"spring-money-clip","status":"publish","type":"product","link":"https:\/\/richarms.com\/es\/product\/spring-money-clip","title":{"rendered":"Pinza para billetes con muelle"},"content":{"rendered":"<h1 class=\"ma-title\" title=\"Clip met\u00e1lico con resorte para billetes Accesorios para carteras Fabricado en China\">Pinza para billetes con muelle - Recambio de muelle para asa de bomba con muelle met\u00e1lico para accesorios de carteras<\/h1>\n<p data-start=\"103\" data-end=\"251\"><strong data-start=\"103\" data-end=\"120\">Nombre del producto:<\/strong><br data-start=\"120\" data-end=\"123\" \/><strong data-start=\"123\" data-end=\"144\">Pinza para billetes con muelle<\/strong> - Un accesorio vers\u00e1til y funcional dise\u00f1ado para mejorar la capacidad de almacenamiento y el rendimiento de su cartera.<\/p>\n<div id=\"attachment_6601\" style=\"width: 1034px\" class=\"wp-caption alignnone\"><img decoding=\"async\" aria-describedby=\"caption-attachment-6601\" class=\"lazyload wp-image-6601 size-large\" src=\"https:\/\/richarms.com\/wp-content\/uploads\/2019\/11\/bill-holder-cash-clips-richarms-9-1024x1024.jpg\" data-orig-src=\"https:\/\/richarms.com\/wp-content\/uploads\/2019\/11\/bill-holder-cash-clips-richarms-9-1024x1024.jpg\" alt=\"Spring Money Clip Bar applied in wallet fold, enhancing storage\" width=\"1024\" height=\"1024\" srcset=\"data:image\/svg+xml,%3Csvg%20xmlns%3D%27http%3A%2F%2Fwww.w3.org%2F2000%2Fsvg%27%20width%3D%271024%27%20height%3D%271024%27%20viewBox%3D%270%200%201024%201024%27%3E%3Crect%20width%3D%271024%27%20height%3D%271024%27%20fill-opacity%3D%220%22%2F%3E%3C%2Fsvg%3E\" data-srcset=\"https:\/\/richarms.com\/wp-content\/uploads\/2019\/11\/bill-holder-cash-clips-richarms-9-66x66.jpg 66w, https:\/\/richarms.com\/wp-content\/uploads\/2019\/11\/bill-holder-cash-clips-richarms-9-100x100.jpg 100w, https:\/\/richarms.com\/wp-content\/uploads\/2019\/11\/bill-holder-cash-clips-richarms-9-150x150.jpg 150w, https:\/\/richarms.com\/wp-content\/uploads\/2019\/11\/bill-holder-cash-clips-richarms-9-200x200.jpg 200w, https:\/\/richarms.com\/wp-content\/uploads\/2019\/11\/bill-holder-cash-clips-richarms-9-300x300.jpg 300w, https:\/\/richarms.com\/wp-content\/uploads\/2019\/11\/bill-holder-cash-clips-richarms-9-400x400.jpg 400w, https:\/\/richarms.com\/wp-content\/uploads\/2019\/11\/bill-holder-cash-clips-richarms-9-500x500.jpg 500w, https:\/\/richarms.com\/wp-content\/uploads\/2019\/11\/bill-holder-cash-clips-richarms-9-600x600.jpg 600w, https:\/\/richarms.com\/wp-content\/uploads\/2019\/11\/bill-holder-cash-clips-richarms-9-700x700.jpg 700w, https:\/\/richarms.com\/wp-content\/uploads\/2019\/11\/bill-holder-cash-clips-richarms-9-768x768.jpg 768w, https:\/\/richarms.com\/wp-content\/uploads\/2019\/11\/bill-holder-cash-clips-richarms-9-800x800.jpg 800w, https:\/\/richarms.com\/wp-content\/uploads\/2019\/11\/bill-holder-cash-clips-richarms-9-1024x1024.jpg 1024w, https:\/\/richarms.com\/wp-content\/uploads\/2019\/11\/bill-holder-cash-clips-richarms-9-1200x1200.jpg 1200w\" data-sizes=\"auto\" data-orig-sizes=\"(max-width: 1024px) 100vw, 1024px\" \/><p id=\"caption-attachment-6601\" class=\"wp-caption-text\">La pinza para billetes con muelle aplicada en el pliegue de la cartera a\u00f1ade capacidad de almacenamiento adicional y flexibilidad.<\/p><\/div>\n<div id=\"attachment_6594\" style=\"width: 1034px\" class=\"wp-caption alignnone\"><img decoding=\"async\" aria-describedby=\"caption-attachment-6594\" class=\"lazyload wp-image-6594 size-large\" src=\"https:\/\/richarms.com\/wp-content\/uploads\/2019\/11\/bill-holder-cash-clips-richarms-3-1024x1024.jpg\" data-orig-src=\"https:\/\/richarms.com\/wp-content\/uploads\/2019\/11\/bill-holder-cash-clips-richarms-3-1024x1024.jpg\" alt=\"Flexible Spring Money Clip Bar in wallet fold with adjustable opening\" width=\"1024\" height=\"1024\" srcset=\"data:image\/svg+xml,%3Csvg%20xmlns%3D%27http%3A%2F%2Fwww.w3.org%2F2000%2Fsvg%27%20width%3D%271024%27%20height%3D%271024%27%20viewBox%3D%270%200%201024%201024%27%3E%3Crect%20width%3D%271024%27%20height%3D%271024%27%20fill-opacity%3D%220%22%2F%3E%3C%2Fsvg%3E\" data-srcset=\"https:\/\/richarms.com\/wp-content\/uploads\/2019\/11\/bill-holder-cash-clips-richarms-3-66x66.jpg 66w, https:\/\/richarms.com\/wp-content\/uploads\/2019\/11\/bill-holder-cash-clips-richarms-3-100x100.jpg 100w, https:\/\/richarms.com\/wp-content\/uploads\/2019\/11\/bill-holder-cash-clips-richarms-3-150x150.jpg 150w, https:\/\/richarms.com\/wp-content\/uploads\/2019\/11\/bill-holder-cash-clips-richarms-3-200x200.jpg 200w, https:\/\/richarms.com\/wp-content\/uploads\/2019\/11\/bill-holder-cash-clips-richarms-3-300x300.jpg 300w, https:\/\/richarms.com\/wp-content\/uploads\/2019\/11\/bill-holder-cash-clips-richarms-3-400x400.jpg 400w, https:\/\/richarms.com\/wp-content\/uploads\/2019\/11\/bill-holder-cash-clips-richarms-3-500x500.jpg 500w, https:\/\/richarms.com\/wp-content\/uploads\/2019\/11\/bill-holder-cash-clips-richarms-3-600x600.jpg 600w, https:\/\/richarms.com\/wp-content\/uploads\/2019\/11\/bill-holder-cash-clips-richarms-3-700x700.jpg 700w, https:\/\/richarms.com\/wp-content\/uploads\/2019\/11\/bill-holder-cash-clips-richarms-3-768x768.jpg 768w, https:\/\/richarms.com\/wp-content\/uploads\/2019\/11\/bill-holder-cash-clips-richarms-3-800x800.jpg 800w, https:\/\/richarms.com\/wp-content\/uploads\/2019\/11\/bill-holder-cash-clips-richarms-3-1024x1024.jpg 1024w, https:\/\/richarms.com\/wp-content\/uploads\/2019\/11\/bill-holder-cash-clips-richarms-3-1200x1200.jpg 1200w\" data-sizes=\"auto\" data-orig-sizes=\"(max-width: 1024px) 100vw, 1024px\" \/><p id=\"caption-attachment-6594\" class=\"wp-caption-text\">Un primer plano de la pinza para billetes con muelle en el pliegue de la cartera, mostrando su apertura ajustable y flexible.<\/p><\/div>\n<p><a href=\"https:\/\/richarms.com\/es\/producto\/spring-loaded-money-clip\/\">Opci\u00f3n no primaveral ver aqu\u00ed<\/a><\/p>\n<p data-start=\"253\" data-end=\"405\"><strong data-start=\"253\" data-end=\"266\">Material:<\/strong><br data-start=\"266\" data-end=\"269\" \/>Fabricado en resistente <strong data-start=\"287\" data-end=\"295\">Hierro<\/strong>, <strong data-start=\"297\" data-end=\"306\">Lat\u00f3n<\/strong>y <strong data-start=\"312\" data-end=\"326\">Aleaci\u00f3n de zinc<\/strong>El <strong data-start=\"332\" data-end=\"353\">pinza para billetes con muelle<\/strong> est\u00e1 fabricado para un uso duradero y un acabado elegante.<\/p>\n<p data-start=\"407\" data-end=\"517\"><strong data-start=\"407\" data-end=\"416\">Tama\u00f1o:<\/strong><br data-start=\"416\" data-end=\"419\" \/>Disponible en varias longitudes:<br data-start=\"453\" data-end=\"456\" \/><strong data-start=\"456\" data-end=\"467\">Longitud:<\/strong> 65 mm, 70 mm, 75 mm, 80 mm, 85 mm, 90 mm, 100 mm, 105 mm.<\/p>\n<p data-start=\"519\" data-end=\"593\"><strong data-start=\"519\" data-end=\"534\">Peso neto:<\/strong><br data-start=\"534\" data-end=\"537\" \/><strong data-start=\"537\" data-end=\"547\">10-15g<\/strong>Ligero pero robusto para facilitar su transporte.<\/p>\n<p data-start=\"595\" data-end=\"741\"><strong data-start=\"595\" data-end=\"613\">Opciones de color:<\/strong><br data-start=\"613\" data-end=\"616\" \/>Elige entre <strong data-start=\"628\" data-end=\"636\">Oro<\/strong>, <strong data-start=\"638\" data-end=\"648\">Plata<\/strong>, <strong data-start=\"650\" data-end=\"662\">Gunmetal<\/strong>, <strong data-start=\"664\" data-end=\"681\">Lat\u00f3n antiguo<\/strong>y <strong data-start=\"687\" data-end=\"704\">Cepillo Antiguo<\/strong> acabados a juego con el estilo de su cartera.<\/p>\n<p data-start=\"743\" data-end=\"809\"><strong data-start=\"743\" data-end=\"753\">Forma:<\/strong><br data-start=\"753\" data-end=\"756\" \/>Cl\u00e1sico <strong data-start=\"764\" data-end=\"777\">rect\u00e1ngulo<\/strong> para un aspecto limpio y moderno.<\/p>\n<p data-start=\"811\" data-end=\"833\"><strong data-start=\"811\" data-end=\"831\">Opciones de embalaje:<\/strong><\/p>\n<ol data-start=\"834\" data-end=\"980\">\n<li data-start=\"834\" data-end=\"933\"><strong data-start=\"837\" data-end=\"855\">Envases a granel<\/strong> en bolsas de polietileno, bolsas opp o bolsas gunny, o seg\u00fan sus requisitos espec\u00edficos.<\/li>\n<li data-start=\"934\" data-end=\"980\"><strong data-start=\"937\" data-end=\"961\">Embalaje en cajas de cart\u00f3n<\/strong> para grandes pedidos.<\/li>\n<\/ol>\n<p data-start=\"982\" data-end=\"1030\"><strong data-start=\"982\" data-end=\"1015\">MOQ (cantidad m\u00ednima de pedido):<\/strong><br data-start=\"1015\" data-end=\"1018\" \/><strong data-start=\"1018\" data-end=\"1029\">500 unidades<\/strong>.<\/p>\n<p data-start=\"1032\" data-end=\"1055\"><strong data-start=\"1032\" data-end=\"1053\">Plazo de entrega de la muestra:<\/strong><\/p>\n<ol data-start=\"1056\" data-end=\"1167\">\n<li data-start=\"1056\" data-end=\"1108\"><strong data-start=\"1059\" data-end=\"1079\">Muestras existentes<\/strong> est\u00e1n disponibles en cualquier momento.<\/li>\n<li data-start=\"1109\" data-end=\"1167\"><strong data-start=\"1112\" data-end=\"1134\">Muestras personalizadas<\/strong> requieren aproximadamente 1-2 semanas.<\/li>\n<\/ol>\n<p data-start=\"1169\" data-end=\"1256\"><strong data-start=\"1169\" data-end=\"1194\">Tiempo de producci\u00f3n:<\/strong><br data-start=\"1194\" data-end=\"1197\" \/>T\u00edpico, <strong data-start=\"1208\" data-end=\"1221\">1-2 semanas<\/strong>en funci\u00f3n de la cantidad del pedido.<\/p>\n<p data-start=\"1258\" data-end=\"1357\"><strong data-start=\"1258\" data-end=\"1279\">M\u00e9todos de env\u00edo:<\/strong><br data-start=\"1279\" data-end=\"1282\" \/>Enviamos por <strong data-start=\"1293\" data-end=\"1300\">Mar<\/strong>, <strong data-start=\"1302\" data-end=\"1309\">Aire<\/strong>o <strong data-start=\"1314\" data-end=\"1325\">Express<\/strong> (FedEx, DHL, UPS o E-packet).<\/p>\n<p data-start=\"1359\" data-end=\"1423\"><strong data-start=\"1359\" data-end=\"1375\">Certificado:<\/strong><br data-start=\"1375\" data-end=\"1378\" \/>Certificado con <strong data-start=\"1393\" data-end=\"1400\">SGS<\/strong> para garantizar la calidad.<\/p>\n<p data-start=\"1425\" data-end=\"1498\"><strong data-start=\"1425\" data-end=\"1443\">Condiciones de pago:<\/strong><br data-start=\"1443\" data-end=\"1446\" \/>Aceptamos <strong data-start=\"1456\" data-end=\"1466\">PayPal<\/strong>, <strong data-start=\"1468\" data-end=\"1485\">Western Union<\/strong>o <strong data-start=\"1490\" data-end=\"1497\">T\/T<\/strong>.<\/p>\n<p data-start=\"1500\" data-end=\"1633\"><strong data-start=\"1500\" data-end=\"1512\">Observaciones:<\/strong><br data-start=\"1512\" data-end=\"1515\" \/><strong data-start=\"1515\" data-end=\"1522\">OEM<\/strong> servicios, lo que le permitir\u00e1 personalizar su <strong data-start=\"1577\" data-end=\"1598\">pinza para billetes con muelle<\/strong> para fines personales o de marca.<\/p>\n<div id=\"attachment_6589\" style=\"width: 310px\" class=\"wp-caption alignnone\"><img decoding=\"async\" aria-describedby=\"caption-attachment-6589\" class=\"lazyload wp-image-6589 size-medium\" src=\"https:\/\/richarms.com\/wp-content\/uploads\/2019\/11\/2019-11-26_155829-300x232.png\" data-orig-src=\"https:\/\/richarms.com\/wp-content\/uploads\/2019\/11\/2019-11-26_155829-300x232.png\" alt=\"Brass money clip bar used in wallet fold as wallet expansion accessory\" width=\"300\" height=\"232\" srcset=\"data:image\/svg+xml,%3Csvg%20xmlns%3D%27http%3A%2F%2Fwww.w3.org%2F2000%2Fsvg%27%20width%3D%27300%27%20height%3D%27232%27%20viewBox%3D%270%200%20300%20232%27%3E%3Crect%20width%3D%27300%27%20height%3D%27232%27%20fill-opacity%3D%220%22%2F%3E%3C%2Fsvg%3E\" data-srcset=\"https:\/\/richarms.com\/wp-content\/uploads\/2019\/11\/2019-11-26_155829-200x155.png 200w, https:\/\/richarms.com\/wp-content\/uploads\/2019\/11\/2019-11-26_155829-300x232.png 300w, https:\/\/richarms.com\/wp-content\/uploads\/2019\/11\/2019-11-26_155829-400x309.png 400w, https:\/\/richarms.com\/wp-content\/uploads\/2019\/11\/2019-11-26_155829-500x387.png 500w, https:\/\/richarms.com\/wp-content\/uploads\/2019\/11\/2019-11-26_155829.png 600w\" data-sizes=\"auto\" data-orig-sizes=\"(max-width: 300px) 100vw, 300px\" \/><p id=\"caption-attachment-6589\" class=\"wp-caption-text\">Barra de clip para billetes aplicada al pliegue de la cartera, que a\u00f1ade funcionalidad y opciones de expansi\u00f3n a su cartera.<\/p><\/div>\n<div id=\"attachment_6590\" style=\"width: 310px\" class=\"wp-caption alignnone\"><img decoding=\"async\" aria-describedby=\"caption-attachment-6590\" class=\"lazyload wp-image-6590 size-medium\" src=\"https:\/\/richarms.com\/wp-content\/uploads\/2019\/11\/2019-11-26_155755-300x170.png\" data-orig-src=\"https:\/\/richarms.com\/wp-content\/uploads\/2019\/11\/2019-11-26_155755-300x170.png\" alt=\"Brass money clip bar used in wallet fold, increasing wallet storage capacity\" width=\"300\" height=\"170\" srcset=\"data:image\/svg+xml,%3Csvg%20xmlns%3D%27http%3A%2F%2Fwww.w3.org%2F2000%2Fsvg%27%20width%3D%27300%27%20height%3D%27170%27%20viewBox%3D%270%200%20300%20170%27%3E%3Crect%20width%3D%27300%27%20height%3D%27170%27%20fill-opacity%3D%220%22%2F%3E%3C%2Fsvg%3E\" data-srcset=\"https:\/\/richarms.com\/wp-content\/uploads\/2019\/11\/2019-11-26_155755-200x113.png 200w, https:\/\/richarms.com\/wp-content\/uploads\/2019\/11\/2019-11-26_155755-300x170.png 300w, https:\/\/richarms.com\/wp-content\/uploads\/2019\/11\/2019-11-26_155755-400x226.png 400w, https:\/\/richarms.com\/wp-content\/uploads\/2019\/11\/2019-11-26_155755-500x283.png 500w, https:\/\/richarms.com\/wp-content\/uploads\/2019\/11\/2019-11-26_155755-600x339.png 600w, https:\/\/richarms.com\/wp-content\/uploads\/2019\/11\/2019-11-26_155755-700x396.png 700w, https:\/\/richarms.com\/wp-content\/uploads\/2019\/11\/2019-11-26_155755-768x434.png 768w, https:\/\/richarms.com\/wp-content\/uploads\/2019\/11\/2019-11-26_155755-800x453.png 800w, https:\/\/richarms.com\/wp-content\/uploads\/2019\/11\/2019-11-26_155755.png 838w\" data-sizes=\"auto\" data-orig-sizes=\"(max-width: 300px) 100vw, 300px\" \/><p id=\"caption-attachment-6590\" class=\"wp-caption-text\">Un primer plano de la barra de la pinza para billetes utilizada en el pliegue de la cartera, que proporciona espacio adicional para guardar sus objetos.<\/p><\/div>\n<h3 data-start=\"1640\" data-end=\"1677\"><strong data-start=\"1644\" data-end=\"1675\">PROTEJA SU EFECTIVO CON FACILIDAD:<\/strong><\/h3>\n<p data-start=\"1678\" data-end=\"2075\">En <strong data-start=\"1682\" data-end=\"1703\">pinza para billetes con muelle<\/strong> ofrece una forma c\u00f3moda y segura de mantener organizados su dinero y sus tarjetas. Su <strong data-start=\"1782\" data-end=\"1806\">dise\u00f1o con resorte<\/strong> garantiza que la barra del clip pueda abrirse en cualquier \u00e1ngulo y sujeta con seguridad sus objetos, proporcionando facilidad de uso y fiabilidad. A diferencia de las pinzas para billetes tradicionales, la <strong data-start=\"1966\" data-end=\"1988\">clip con muelle<\/strong> se adapta a varios grosores de billetes y tarjetas, ofreciendo una sujeci\u00f3n flexible y fuerte.<\/p>\n<h3 data-start=\"2077\" data-end=\"2126\"><strong data-start=\"2081\" data-end=\"2124\">IDEAL PARA PERSONALIZACIONES Y PROMOCIONES:<\/strong><\/h3>\n<p data-start=\"2127\" data-end=\"2359\">Personaliza tu <strong data-start=\"2144\" data-end=\"2165\">pinza para billetes con muelle<\/strong> con su <strong data-start=\"2176\" data-end=\"2184\">logotipo<\/strong> para promociones empresariales, regalos o branding. Ya sea para regalos de empresa o para uso personal, este elegante y pr\u00e1ctico accesorio es una excelente elecci\u00f3n para una amplia gama de usos. Tenemos tantos dise\u00f1os innovadores para usted referencia en <a href=\"https:\/\/www.pinterest.com\/richarmsaccessoriesgroups\/innovative-product-applications-for-magnetic-snaps\/\">pinterest<\/a> canal.<\/p>\n<p data-start=\"2361\" data-end=\"2537\">Visite <a href=\"https:\/\/richarmshardware.com\" target=\"_new\" rel=\"noopener\" data-start=\"2367\" data-end=\"2411\">Tienda en l\u00ednea Richarms<\/a> o <a href=\"https:\/\/richarms.com\/es\/contact\/\">Contacto<\/a> en <strong data-start=\"2429\" data-end=\"2450\"><a rel=\"noopener\" data-start=\"2431\" data-end=\"2448\">info@richarms.com<\/a><\/strong> a <a href=\"https:\/\/richarms.com\/es\/producto\/stainless-steel-money-clip-dollar-shape\/\">personaliza tu <strong data-start=\"2469\" data-end=\"2490\">pinza para billetes con muelle<\/strong><\/a> \u00a1y eleve la funcionalidad de su cartera hoy mismo!<\/p>\n<table border=\"1\">\n<tbody>\n<tr>\n<td><span data-spm-anchor-id=\"a2700.details.pronpeci14.i0.490e74f7Lx6RzL\">Nombre del producto:<\/span><\/td>\n<td>\u00a0Pinza para billetes con muelle<\/td>\n<\/tr>\n<tr>\n<td>Material:<\/td>\n<td>\u00a0Hierro, lat\u00f3n, aleaci\u00f3n de Zn<\/td>\n<\/tr>\n<tr>\n<td>Tama\u00f1o:<\/td>\n<td>\u00a0Longitud: 65\/70\/75\/80\/85\/90\/100\/105 mm<\/td>\n<\/tr>\n<tr>\n<td>Peso neto:<\/td>\n<td>\u00a010-15g<\/td>\n<\/tr>\n<tr>\n<td>Color:<\/td>\n<td>\u00a0Oro,Plata, Pistola, Lat\u00f3n Antiguo, Cepillo Antiguo<\/td>\n<\/tr>\n<tr>\n<td>Forma:<\/td>\n<td>\u00a0Rect\u00e1ngulo<\/td>\n<\/tr>\n<tr>\n<td>Embalaje:<\/td>\n<td>\u00a01) A granel en polybag o bolso del opp o bolso de yute o como su requisito<br \/>\n2) Cantidad adecuada embalada en caja de cart\u00f3n<\/td>\n<\/tr>\n<tr>\n<td>MOQ:<\/td>\n<td>\u00a0500 unidades<\/td>\n<\/tr>\n<tr>\n<td>Plazo de entrega de la muestra:<\/td>\n<td>\u00a01)Las muestras existentes est\u00e1n disponibles en cualquier momento<\/p>\n<p>2)Las muestras personalizadas necesitan entre 1 y 2 semanas<\/td>\n<\/tr>\n<tr>\n<td>Tiempo de producci\u00f3n:<\/td>\n<td>\u00a0por lo general necesitan 1-2 semanas, de acuerdo a su cantidad<\/td>\n<\/tr>\n<tr>\n<td>M\u00e9todo de env\u00edo:<\/td>\n<td>\u00a0Por mar, por aire, por expreso (FedEx, DHL, UPS o E-packet)<\/td>\n<\/tr>\n<tr>\n<td>Certificado:<\/td>\n<td>\u00a0SGS<\/td>\n<\/tr>\n<tr>\n<td>Plazo de pago:<\/td>\n<td>\u00a0PayPal o Western Union o T\/T<\/td>\n<\/tr>\n<tr>\n<td>Observaciones:<\/td>\n<td>\u00a0OEM bienvenido<\/td>\n<\/tr>\n<\/tbody>\n<\/table>","protected":false},"excerpt":{"rendered":"<p>Nombre del producto:  Pinza para billetes con muelle<br \/>\nMaterial:  Hierro, lat\u00f3n, aleaci\u00f3n de Zn<br \/>\nTalla:  Longitud: 65\/70\/75\/80\/85\/90\/100\/105 mm<br \/>\nPeso neto: 10-15 g<br \/>\nColor: Oro, Plata, Pistola, Lat\u00f3n Antiguo, Cepillo Antiguo<\/p>","protected":false},"featured_media":6595,"template":"","meta":[],"product_brand":[],"product_cat":[74],"product_tag":[],"class_list":{"0":"post-6581","1":"product","2":"type-product","3":"status-publish","4":"has-post-thumbnail","6":"product_cat-dollar-holder","8":"first","9":"instock","10":"shipping-taxable","11":"product-type-simple"},"aioseo_notices":[],"_links":{"self":[{"href":"https:\/\/richarms.com\/es\/wp-json\/wp\/v2\/product\/6581","targetHints":{"allow":["GET"]}}],"collection":[{"href":"https:\/\/richarms.com\/es\/wp-json\/wp\/v2\/product"}],"about":[{"href":"https:\/\/richarms.com\/es\/wp-json\/wp\/v2\/types\/product"}],"wp:featuredmedia":[{"embeddable":true,"href":"https:\/\/richarms.com\/es\/wp-json\/wp\/v2\/media\/6595"}],"wp:attachment":[{"href":"https:\/\/richarms.com\/es\/wp-json\/wp\/v2\/media?parent=6581"}],"wp:term":[{"taxonomy":"product_brand","embeddable":true,"href":"https:\/\/richarms.com\/es\/wp-json\/wp\/v2\/product_brand?post=6581"},{"taxonomy":"product_cat","embeddable":true,"href":"https:\/\/richarms.com\/es\/wp-json\/wp\/v2\/product_cat?post=6581"},{"taxonomy":"product_tag","embeddable":true,"href":"https:\/\/richarms.com\/es\/wp-json\/wp\/v2\/product_tag?post=6581"}],"curies":[{"name":"wp","href":"https:\/\/api.w.org\/{rel}","templated":true}]}}