{"id":6800,"date":"2021-07-05T15:13:41","date_gmt":"2021-07-05T07:13:41","guid":{"rendered":"https:\/\/richarms.com\/?post_type=product&#038;p=6800"},"modified":"2025-03-11T16:34:43","modified_gmt":"2025-03-11T08:34:43","slug":"carbon-fiber-wallet","status":"publish","type":"product","link":"https:\/\/richarms.com\/es\/product\/carbon-fiber-wallet","title":{"rendered":"Tarjetero de fibra de carbono con bloqueo RFID"},"content":{"rendered":"<h1>RFID bloqueo de fibra de carbono titular de la tarjeta de bolsillo frontal Mini Cartera para hombre de moda<\/h1>\n<p>Material: Fibra de carbono<br \/>\nTama\u00f1o:58x92mm<br \/>\nPeso: 25 g<br \/>\nM\u00e9todo de embalaje: 1 unidad por bolsa, 1 bolsa por caja<br \/>\nServicio personalizado: Logotipo del cliente, caja promocional y tarjetero personalizado disponibles.<br \/>\nColor: Negro, Plata, Azul, Rosa, Gris, Rojo, Oro<br \/>\nAplicaci\u00f3n: Art\u00edculo promocional, regalo promocional<\/p>\n<p><img decoding=\"async\" class=\"lazyload alignnone size-full wp-image-6813\" src=\"https:\/\/richarms.com\/wp-content\/uploads\/2019\/12\/richarms-carbon-fibre-card-holder177\u526f\u672c.jpg\" data-orig-src=\"https:\/\/richarms.com\/wp-content\/uploads\/2019\/12\/richarms-carbon-fibre-card-holder177\u526f\u672c.jpg\" alt=\"\" width=\"750\" height=\"622\" srcset=\"data:image\/svg+xml,%3Csvg%20xmlns%3D%27http%3A%2F%2Fwww.w3.org%2F2000%2Fsvg%27%20width%3D%27750%27%20height%3D%27622%27%20viewBox%3D%270%200%20750%20622%27%3E%3Crect%20width%3D%27750%27%20height%3D%27622%27%20fill-opacity%3D%220%22%2F%3E%3C%2Fsvg%3E\" data-srcset=\"https:\/\/richarms.com\/wp-content\/uploads\/2019\/12\/richarms-carbon-fibre-card-holder177\u526f\u672c-200x166.jpg 200w, https:\/\/richarms.com\/wp-content\/uploads\/2019\/12\/richarms-carbon-fibre-card-holder177\u526f\u672c-300x249.jpg 300w, https:\/\/richarms.com\/wp-content\/uploads\/2019\/12\/richarms-carbon-fibre-card-holder177\u526f\u672c-400x332.jpg 400w, https:\/\/richarms.com\/wp-content\/uploads\/2019\/12\/richarms-carbon-fibre-card-holder177\u526f\u672c-500x415.jpg 500w, https:\/\/richarms.com\/wp-content\/uploads\/2019\/12\/richarms-carbon-fibre-card-holder177\u526f\u672c-600x498.jpg 600w, https:\/\/richarms.com\/wp-content\/uploads\/2019\/12\/richarms-carbon-fibre-card-holder177\u526f\u672c-700x581.jpg 700w, https:\/\/richarms.com\/wp-content\/uploads\/2019\/12\/richarms-carbon-fibre-card-holder177\u526f\u672c.jpg 750w\" data-sizes=\"auto\" data-orig-sizes=\"(max-width: 750px) 100vw, 750px\" \/> <img decoding=\"async\" class=\"lazyload alignnone size-full wp-image-6801\" src=\"https:\/\/richarms.com\/wp-content\/uploads\/2019\/12\/richarms-carbon-fibre-card-holder051\u526f\u672c.jpg\" data-orig-src=\"https:\/\/richarms.com\/wp-content\/uploads\/2019\/12\/richarms-carbon-fibre-card-holder051\u526f\u672c.jpg\" alt=\"\" width=\"750\" height=\"789\" srcset=\"data:image\/svg+xml,%3Csvg%20xmlns%3D%27http%3A%2F%2Fwww.w3.org%2F2000%2Fsvg%27%20width%3D%27750%27%20height%3D%27789%27%20viewBox%3D%270%200%20750%20789%27%3E%3Crect%20width%3D%27750%27%20height%3D%27789%27%20fill-opacity%3D%220%22%2F%3E%3C%2Fsvg%3E\" data-srcset=\"https:\/\/richarms.com\/wp-content\/uploads\/2019\/12\/richarms-carbon-fibre-card-holder051\u526f\u672c-200x210.jpg 200w, https:\/\/richarms.com\/wp-content\/uploads\/2019\/12\/richarms-carbon-fibre-card-holder051\u526f\u672c-285x300.jpg 285w, https:\/\/richarms.com\/wp-content\/uploads\/2019\/12\/richarms-carbon-fibre-card-holder051\u526f\u672c-400x421.jpg 400w, https:\/\/richarms.com\/wp-content\/uploads\/2019\/12\/richarms-carbon-fibre-card-holder051\u526f\u672c-500x526.jpg 500w, https:\/\/richarms.com\/wp-content\/uploads\/2019\/12\/richarms-carbon-fibre-card-holder051\u526f\u672c-600x631.jpg 600w, https:\/\/richarms.com\/wp-content\/uploads\/2019\/12\/richarms-carbon-fibre-card-holder051\u526f\u672c-700x736.jpg 700w, https:\/\/richarms.com\/wp-content\/uploads\/2019\/12\/richarms-carbon-fibre-card-holder051\u526f\u672c.jpg 750w\" data-sizes=\"auto\" data-orig-sizes=\"(max-width: 750px) 100vw, 750px\" \/> <img decoding=\"async\" class=\"lazyload alignnone size-full wp-image-6805\" src=\"https:\/\/richarms.com\/wp-content\/uploads\/2019\/12\/richarms-carbon-fibre-card-holder091\u526f\u672c.jpg\" data-orig-src=\"https:\/\/richarms.com\/wp-content\/uploads\/2019\/12\/richarms-carbon-fibre-card-holder091\u526f\u672c.jpg\" alt=\"\" width=\"750\" height=\"695\" srcset=\"data:image\/svg+xml,%3Csvg%20xmlns%3D%27http%3A%2F%2Fwww.w3.org%2F2000%2Fsvg%27%20width%3D%27750%27%20height%3D%27695%27%20viewBox%3D%270%200%20750%20695%27%3E%3Crect%20width%3D%27750%27%20height%3D%27695%27%20fill-opacity%3D%220%22%2F%3E%3C%2Fsvg%3E\" data-srcset=\"https:\/\/richarms.com\/wp-content\/uploads\/2019\/12\/richarms-carbon-fibre-card-holder091\u526f\u672c-200x185.jpg 200w, https:\/\/richarms.com\/wp-content\/uploads\/2019\/12\/richarms-carbon-fibre-card-holder091\u526f\u672c-300x278.jpg 300w, https:\/\/richarms.com\/wp-content\/uploads\/2019\/12\/richarms-carbon-fibre-card-holder091\u526f\u672c-400x371.jpg 400w, https:\/\/richarms.com\/wp-content\/uploads\/2019\/12\/richarms-carbon-fibre-card-holder091\u526f\u672c-500x463.jpg 500w, https:\/\/richarms.com\/wp-content\/uploads\/2019\/12\/richarms-carbon-fibre-card-holder091\u526f\u672c-600x556.jpg 600w, https:\/\/richarms.com\/wp-content\/uploads\/2019\/12\/richarms-carbon-fibre-card-holder091\u526f\u672c-700x649.jpg 700w, https:\/\/richarms.com\/wp-content\/uploads\/2019\/12\/richarms-carbon-fibre-card-holder091\u526f\u672c.jpg 750w\" data-sizes=\"auto\" data-orig-sizes=\"(max-width: 750px) 100vw, 750px\" \/> <img decoding=\"async\" class=\"lazyload alignnone size-full wp-image-6807\" src=\"https:\/\/richarms.com\/wp-content\/uploads\/2019\/12\/richarms-carbon-fibre-card-holder122\u526f\u672c.jpg\" data-orig-src=\"https:\/\/richarms.com\/wp-content\/uploads\/2019\/12\/richarms-carbon-fibre-card-holder122\u526f\u672c.jpg\" alt=\"\" width=\"750\" height=\"758\" srcset=\"data:image\/svg+xml,%3Csvg%20xmlns%3D%27http%3A%2F%2Fwww.w3.org%2F2000%2Fsvg%27%20width%3D%27750%27%20height%3D%27758%27%20viewBox%3D%270%200%20750%20758%27%3E%3Crect%20width%3D%27750%27%20height%3D%27758%27%20fill-opacity%3D%220%22%2F%3E%3C%2Fsvg%3E\" data-srcset=\"https:\/\/richarms.com\/wp-content\/uploads\/2019\/12\/richarms-carbon-fibre-card-holder122\u526f\u672c-66x66.jpg 66w, https:\/\/richarms.com\/wp-content\/uploads\/2019\/12\/richarms-carbon-fibre-card-holder122\u526f\u672c-100x100.jpg 100w, https:\/\/richarms.com\/wp-content\/uploads\/2019\/12\/richarms-carbon-fibre-card-holder122\u526f\u672c-200x202.jpg 200w, https:\/\/richarms.com\/wp-content\/uploads\/2019\/12\/richarms-carbon-fibre-card-holder122\u526f\u672c-297x300.jpg 297w, https:\/\/richarms.com\/wp-content\/uploads\/2019\/12\/richarms-carbon-fibre-card-holder122\u526f\u672c-400x404.jpg 400w, https:\/\/richarms.com\/wp-content\/uploads\/2019\/12\/richarms-carbon-fibre-card-holder122\u526f\u672c-500x505.jpg 500w, https:\/\/richarms.com\/wp-content\/uploads\/2019\/12\/richarms-carbon-fibre-card-holder122\u526f\u672c-600x606.jpg 600w, https:\/\/richarms.com\/wp-content\/uploads\/2019\/12\/richarms-carbon-fibre-card-holder122\u526f\u672c-700x707.jpg 700w, https:\/\/richarms.com\/wp-content\/uploads\/2019\/12\/richarms-carbon-fibre-card-holder122\u526f\u672c.jpg 750w\" data-sizes=\"auto\" data-orig-sizes=\"(max-width: 750px) 100vw, 750px\" \/><\/p>\n<p>Billeteras delgadas y ultraligeras para hombres, m\u00e1s delgadas que las billeteras convencionales, s\u00f3lo pesan 1.5 OZ , pueden contener de 1 a 12 tarjetas sin estirarse. <img decoding=\"async\" class=\"lazyload alignnone size-full wp-image-6815\" src=\"https:\/\/richarms.com\/wp-content\/uploads\/2019\/12\/richarms-carbon-fibre-card-holder19151846\u526f\u672c.jpg\" data-orig-src=\"https:\/\/richarms.com\/wp-content\/uploads\/2019\/12\/richarms-carbon-fibre-card-holder19151846\u526f\u672c.jpg\" alt=\"\" width=\"750\" height=\"1012\" srcset=\"data:image\/svg+xml,%3Csvg%20xmlns%3D%27http%3A%2F%2Fwww.w3.org%2F2000%2Fsvg%27%20width%3D%27750%27%20height%3D%271012%27%20viewBox%3D%270%200%20750%201012%27%3E%3Crect%20width%3D%27750%27%20height%3D%271012%27%20fill-opacity%3D%220%22%2F%3E%3C%2Fsvg%3E\" data-srcset=\"https:\/\/richarms.com\/wp-content\/uploads\/2019\/12\/richarms-carbon-fibre-card-holder19151846\u526f\u672c-200x270.jpg 200w, https:\/\/richarms.com\/wp-content\/uploads\/2019\/12\/richarms-carbon-fibre-card-holder19151846\u526f\u672c-222x300.jpg 222w, https:\/\/richarms.com\/wp-content\/uploads\/2019\/12\/richarms-carbon-fibre-card-holder19151846\u526f\u672c-400x540.jpg 400w, https:\/\/richarms.com\/wp-content\/uploads\/2019\/12\/richarms-carbon-fibre-card-holder19151846\u526f\u672c-500x675.jpg 500w, https:\/\/richarms.com\/wp-content\/uploads\/2019\/12\/richarms-carbon-fibre-card-holder19151846\u526f\u672c-600x810.jpg 600w, https:\/\/richarms.com\/wp-content\/uploads\/2019\/12\/richarms-carbon-fibre-card-holder19151846\u526f\u672c-700x945.jpg 700w, https:\/\/richarms.com\/wp-content\/uploads\/2019\/12\/richarms-carbon-fibre-card-holder19151846\u526f\u672c.jpg 750w\" data-sizes=\"auto\" data-orig-sizes=\"(max-width: 750px) 100vw, 750px\" \/> <img decoding=\"async\" class=\"lazyload alignnone size-full wp-image-6810\" src=\"https:\/\/richarms.com\/wp-content\/uploads\/2019\/12\/richarms-carbon-fibre-card-holder152.jpg\" data-orig-src=\"https:\/\/richarms.com\/wp-content\/uploads\/2019\/12\/richarms-carbon-fibre-card-holder152.jpg\" alt=\"\" width=\"800\" height=\"800\" srcset=\"data:image\/svg+xml,%3Csvg%20xmlns%3D%27http%3A%2F%2Fwww.w3.org%2F2000%2Fsvg%27%20width%3D%27800%27%20height%3D%27800%27%20viewBox%3D%270%200%20800%20800%27%3E%3Crect%20width%3D%27800%27%20height%3D%27800%27%20fill-opacity%3D%220%22%2F%3E%3C%2Fsvg%3E\" data-srcset=\"https:\/\/richarms.com\/wp-content\/uploads\/2019\/12\/richarms-carbon-fibre-card-holder152-66x66.jpg 66w, https:\/\/richarms.com\/wp-content\/uploads\/2019\/12\/richarms-carbon-fibre-card-holder152-100x100.jpg 100w, https:\/\/richarms.com\/wp-content\/uploads\/2019\/12\/richarms-carbon-fibre-card-holder152-150x150.jpg 150w, https:\/\/richarms.com\/wp-content\/uploads\/2019\/12\/richarms-carbon-fibre-card-holder152-200x200.jpg 200w, https:\/\/richarms.com\/wp-content\/uploads\/2019\/12\/richarms-carbon-fibre-card-holder152-300x300.jpg 300w, https:\/\/richarms.com\/wp-content\/uploads\/2019\/12\/richarms-carbon-fibre-card-holder152-400x400.jpg 400w, https:\/\/richarms.com\/wp-content\/uploads\/2019\/12\/richarms-carbon-fibre-card-holder152-500x500.jpg 500w, https:\/\/richarms.com\/wp-content\/uploads\/2019\/12\/richarms-carbon-fibre-card-holder152-600x600.jpg 600w, https:\/\/richarms.com\/wp-content\/uploads\/2019\/12\/richarms-carbon-fibre-card-holder152-700x700.jpg 700w, https:\/\/richarms.com\/wp-content\/uploads\/2019\/12\/richarms-carbon-fibre-card-holder152-768x768.jpg 768w, https:\/\/richarms.com\/wp-content\/uploads\/2019\/12\/richarms-carbon-fibre-card-holder152.jpg 800w\" data-sizes=\"auto\" data-orig-sizes=\"(max-width: 800px) 100vw, 800px\" \/> <img decoding=\"async\" class=\"lazyload alignnone size-full wp-image-6811\" src=\"https:\/\/richarms.com\/wp-content\/uploads\/2019\/12\/richarms-carbon-fibre-card-holder162.jpg\" data-orig-src=\"https:\/\/richarms.com\/wp-content\/uploads\/2019\/12\/richarms-carbon-fibre-card-holder162.jpg\" alt=\"\" width=\"800\" height=\"800\" srcset=\"data:image\/svg+xml,%3Csvg%20xmlns%3D%27http%3A%2F%2Fwww.w3.org%2F2000%2Fsvg%27%20width%3D%27800%27%20height%3D%27800%27%20viewBox%3D%270%200%20800%20800%27%3E%3Crect%20width%3D%27800%27%20height%3D%27800%27%20fill-opacity%3D%220%22%2F%3E%3C%2Fsvg%3E\" data-srcset=\"https:\/\/richarms.com\/wp-content\/uploads\/2019\/12\/richarms-carbon-fibre-card-holder162-66x66.jpg 66w, https:\/\/richarms.com\/wp-content\/uploads\/2019\/12\/richarms-carbon-fibre-card-holder162-100x100.jpg 100w, https:\/\/richarms.com\/wp-content\/uploads\/2019\/12\/richarms-carbon-fibre-card-holder162-150x150.jpg 150w, https:\/\/richarms.com\/wp-content\/uploads\/2019\/12\/richarms-carbon-fibre-card-holder162-200x200.jpg 200w, https:\/\/richarms.com\/wp-content\/uploads\/2019\/12\/richarms-carbon-fibre-card-holder162-300x300.jpg 300w, https:\/\/richarms.com\/wp-content\/uploads\/2019\/12\/richarms-carbon-fibre-card-holder162-400x400.jpg 400w, https:\/\/richarms.com\/wp-content\/uploads\/2019\/12\/richarms-carbon-fibre-card-holder162-500x500.jpg 500w, https:\/\/richarms.com\/wp-content\/uploads\/2019\/12\/richarms-carbon-fibre-card-holder162-600x600.jpg 600w, https:\/\/richarms.com\/wp-content\/uploads\/2019\/12\/richarms-carbon-fibre-card-holder162-700x700.jpg 700w, https:\/\/richarms.com\/wp-content\/uploads\/2019\/12\/richarms-carbon-fibre-card-holder162-768x768.jpg 768w, https:\/\/richarms.com\/wp-content\/uploads\/2019\/12\/richarms-carbon-fibre-card-holder162.jpg 800w\" data-sizes=\"auto\" data-orig-sizes=\"(max-width: 800px) 100vw, 800px\" \/> <img decoding=\"async\" class=\"lazyload alignnone size-full wp-image-6802\" src=\"https:\/\/richarms.com\/wp-content\/uploads\/2019\/12\/richarms-carbon-fibre-card-holder061\u526f\u672c.jpg\" data-orig-src=\"https:\/\/richarms.com\/wp-content\/uploads\/2019\/12\/richarms-carbon-fibre-card-holder061\u526f\u672c.jpg\" alt=\"\" width=\"750\" height=\"1249\" srcset=\"data:image\/svg+xml,%3Csvg%20xmlns%3D%27http%3A%2F%2Fwww.w3.org%2F2000%2Fsvg%27%20width%3D%27750%27%20height%3D%271249%27%20viewBox%3D%270%200%20750%201249%27%3E%3Crect%20width%3D%27750%27%20height%3D%271249%27%20fill-opacity%3D%220%22%2F%3E%3C%2Fsvg%3E\" data-srcset=\"https:\/\/richarms.com\/wp-content\/uploads\/2019\/12\/richarms-carbon-fibre-card-holder061\u526f\u672c-180x300.jpg 180w, https:\/\/richarms.com\/wp-content\/uploads\/2019\/12\/richarms-carbon-fibre-card-holder061\u526f\u672c-200x333.jpg 200w, https:\/\/richarms.com\/wp-content\/uploads\/2019\/12\/richarms-carbon-fibre-card-holder061\u526f\u672c-400x666.jpg 400w, https:\/\/richarms.com\/wp-content\/uploads\/2019\/12\/richarms-carbon-fibre-card-holder061\u526f\u672c-500x833.jpg 500w, https:\/\/richarms.com\/wp-content\/uploads\/2019\/12\/richarms-carbon-fibre-card-holder061\u526f\u672c-600x999.jpg 600w, https:\/\/richarms.com\/wp-content\/uploads\/2019\/12\/richarms-carbon-fibre-card-holder061\u526f\u672c-615x1024.jpg 615w, https:\/\/richarms.com\/wp-content\/uploads\/2019\/12\/richarms-carbon-fibre-card-holder061\u526f\u672c-700x1166.jpg 700w, https:\/\/richarms.com\/wp-content\/uploads\/2019\/12\/richarms-carbon-fibre-card-holder061\u526f\u672c.jpg 750w\" data-sizes=\"auto\" data-orig-sizes=\"(max-width: 750px) 100vw, 750px\" \/> <img decoding=\"async\" class=\"lazyload alignnone size-full wp-image-6803\" src=\"https:\/\/richarms.com\/wp-content\/uploads\/2019\/12\/richarms-carbon-fibre-card-holder071.jpg\" data-orig-src=\"https:\/\/richarms.com\/wp-content\/uploads\/2019\/12\/richarms-carbon-fibre-card-holder071.jpg\" alt=\"\" width=\"750\" height=\"681\" srcset=\"data:image\/svg+xml,%3Csvg%20xmlns%3D%27http%3A%2F%2Fwww.w3.org%2F2000%2Fsvg%27%20width%3D%27750%27%20height%3D%27681%27%20viewBox%3D%270%200%20750%20681%27%3E%3Crect%20width%3D%27750%27%20height%3D%27681%27%20fill-opacity%3D%220%22%2F%3E%3C%2Fsvg%3E\" data-srcset=\"https:\/\/richarms.com\/wp-content\/uploads\/2019\/12\/richarms-carbon-fibre-card-holder071-200x182.jpg 200w, https:\/\/richarms.com\/wp-content\/uploads\/2019\/12\/richarms-carbon-fibre-card-holder071-300x272.jpg 300w, https:\/\/richarms.com\/wp-content\/uploads\/2019\/12\/richarms-carbon-fibre-card-holder071-400x363.jpg 400w, https:\/\/richarms.com\/wp-content\/uploads\/2019\/12\/richarms-carbon-fibre-card-holder071-500x454.jpg 500w, https:\/\/richarms.com\/wp-content\/uploads\/2019\/12\/richarms-carbon-fibre-card-holder071-600x545.jpg 600w, https:\/\/richarms.com\/wp-content\/uploads\/2019\/12\/richarms-carbon-fibre-card-holder071-700x636.jpg 700w, https:\/\/richarms.com\/wp-content\/uploads\/2019\/12\/richarms-carbon-fibre-card-holder071.jpg 750w\" data-sizes=\"auto\" data-orig-sizes=\"(max-width: 750px) 100vw, 750px\" \/><\/p>\n<p>&nbsp;<\/p>\n<p>&nbsp;<\/p>\n<p>Material de fibra de carbono es mucho mejor que la aleaci\u00f3n de aluminio. Es un cuerpo delgado y ligero, con clase, as\u00ed como la apariencia pr\u00e1ctica, RFID dise\u00f1o de protecci\u00f3n de bloqueo. Por lo tanto, podemos estar libres de las cuerdas monedero fuerte y tambi\u00e9n traje para cada persona.<\/p>\n<p><img decoding=\"async\" class=\"lazyload alignnone size-full wp-image-6438\" src=\"https:\/\/richarms.com\/wp-content\/uploads\/2019\/09\/IMG_8418.jpg\" data-orig-src=\"https:\/\/richarms.com\/wp-content\/uploads\/2019\/09\/IMG_8418.jpg\" alt=\"\" width=\"750\" height=\"730\" srcset=\"data:image\/svg+xml,%3Csvg%20xmlns%3D%27http%3A%2F%2Fwww.w3.org%2F2000%2Fsvg%27%20width%3D%27750%27%20height%3D%27730%27%20viewBox%3D%270%200%20750%20730%27%3E%3Crect%20width%3D%27750%27%20height%3D%27730%27%20fill-opacity%3D%220%22%2F%3E%3C%2Fsvg%3E\" data-srcset=\"https:\/\/richarms.com\/wp-content\/uploads\/2019\/09\/IMG_8418-200x195.jpg 200w, https:\/\/richarms.com\/wp-content\/uploads\/2019\/09\/IMG_8418-300x292.jpg 300w, https:\/\/richarms.com\/wp-content\/uploads\/2019\/09\/IMG_8418-400x389.jpg 400w, https:\/\/richarms.com\/wp-content\/uploads\/2019\/09\/IMG_8418-500x487.jpg 500w, https:\/\/richarms.com\/wp-content\/uploads\/2019\/09\/IMG_8418-600x584.jpg 600w, https:\/\/richarms.com\/wp-content\/uploads\/2019\/09\/IMG_8418-700x681.jpg 700w, https:\/\/richarms.com\/wp-content\/uploads\/2019\/09\/IMG_8418.jpg 750w\" data-sizes=\"auto\" data-orig-sizes=\"(max-width: 750px) 100vw, 750px\" \/><\/p>","protected":false},"excerpt":{"rendered":"<p><strong>Material:<\/strong> fibra de carbono<br \/>\n<strong>Uso:<\/strong> Regalo de promoci\u00f3n, tarjetero<br \/>\n<strong>Tama\u00f1o:<\/strong> 54x86x8mm<\/p>\n<h4><strong>La cartera met\u00e1lica va a sustituir a la cartera tradicional:<\/strong><\/h4>\n<div><strong>- Tama\u00f1o peque\u00f1o:<\/strong> f\u00e1cil de guardar en el bolsillo o en la popular minibolsa<\/div>\n<div><strong>- Duradera:<\/strong> El metal es fuerte y duro, lo suficientemente bueno contra el objeto afilado como la llave puesta en su bolso o bolsillo.<\/div>\n<div><strong>- Bloque RFID:<\/strong> tarjeta de cr\u00e9dito es el mismo mantener en la cartera de aleaci\u00f3n de al es RFID bloqueo<\/div>\n<div><strong>- POD disponible:<\/strong> usted puede poner su logotipo para la marca o el nombre del cliente en la cartera de regalo, s\u00f3lo f\u00e1cil por l\u00e1ser o serigraf\u00eda<\/div>\n<div><strong>- Innovador:<\/strong> puede pintar o rociar f\u00e1cilmente la parte met\u00e1lica<\/div>","protected":false},"featured_media":6806,"template":"","meta":[],"product_brand":[],"product_cat":[67],"product_tag":[],"class_list":{"0":"post-6800","1":"product","2":"type-product","3":"status-publish","4":"has-post-thumbnail","6":"product_cat-metal-wallet-card-holder","8":"first","9":"instock","10":"shipping-taxable","11":"product-type-simple"},"aioseo_notices":[],"_links":{"self":[{"href":"https:\/\/richarms.com\/es\/wp-json\/wp\/v2\/product\/6800","targetHints":{"allow":["GET"]}}],"collection":[{"href":"https:\/\/richarms.com\/es\/wp-json\/wp\/v2\/product"}],"about":[{"href":"https:\/\/richarms.com\/es\/wp-json\/wp\/v2\/types\/product"}],"wp:featuredmedia":[{"embeddable":true,"href":"https:\/\/richarms.com\/es\/wp-json\/wp\/v2\/media\/6806"}],"wp:attachment":[{"href":"https:\/\/richarms.com\/es\/wp-json\/wp\/v2\/media?parent=6800"}],"wp:term":[{"taxonomy":"product_brand","embeddable":true,"href":"https:\/\/richarms.com\/es\/wp-json\/wp\/v2\/product_brand?post=6800"},{"taxonomy":"product_cat","embeddable":true,"href":"https:\/\/richarms.com\/es\/wp-json\/wp\/v2\/product_cat?post=6800"},{"taxonomy":"product_tag","embeddable":true,"href":"https:\/\/richarms.com\/es\/wp-json\/wp\/v2\/product_tag?post=6800"}],"curies":[{"name":"wp","href":"https:\/\/api.w.org\/{rel}","templated":true}]}}