{"id":6817,"date":"2021-07-05T15:57:30","date_gmt":"2021-07-05T07:57:30","guid":{"rendered":"https:\/\/richarms.com\/?post_type=product&#038;p=6817"},"modified":"2025-02-28T11:48:14","modified_gmt":"2025-02-28T03:48:14","slug":"stain-steel-card-holder","status":"publish","type":"product","link":"https:\/\/richarms.com\/es\/product\/stain-steel-card-holder","title":{"rendered":"Tarjetero de acero inoxidable"},"content":{"rendered":"<h1>Mini Billetera Moderna de Acero Inoxidable | Bolsillo Delantero Tarjetero de Carbono<\/h1>\n<p data-start=\"432\" data-end=\"854\"><strong data-start=\"432\" data-end=\"445\">Material:<\/strong> Alta calidad <strong data-start=\"459\" data-end=\"478\">Acero inoxidable<\/strong><br data-start=\"478\" data-end=\"481\" \/><strong data-start=\"481\" data-end=\"490\">Tama\u00f1o:<\/strong> <strong data-start=\"491\" data-end=\"514\">105 mm x 60 mm x 10 mm<\/strong><br data-start=\"514\" data-end=\"517\" \/><strong data-start=\"517\" data-end=\"531\">Tama\u00f1o de la tarjeta:<\/strong> Se adapta a <strong data-start=\"537\" data-end=\"550\">85 x 54 mm<\/strong> y <strong data-start=\"555\" data-end=\"568\">90 x 55 mm<\/strong> tarjetas de visita<br data-start=\"583\" data-end=\"586\" \/><strong data-start=\"586\" data-end=\"599\">Capacidad:<\/strong> Capacidad para <strong data-start=\"612\" data-end=\"624\">13 tarjetas<\/strong><br data-start=\"624\" data-end=\"627\" \/><strong data-start=\"627\" data-end=\"639\">Apertura:<\/strong> <strong data-start=\"640\" data-end=\"662\">Dise\u00f1o con pulsador<\/strong> para facilitar el acceso<br data-start=\"678\" data-end=\"681\" \/><strong data-start=\"681\" data-end=\"692\">Peso:<\/strong> <strong data-start=\"693\" data-end=\"700\">67g<\/strong><br data-start=\"700\" data-end=\"703\" \/><strong data-start=\"703\" data-end=\"717\">Embalaje:<\/strong> Envasado individualmente en <strong data-start=\"741\" data-end=\"754\">caja de papel<\/strong><br data-start=\"754\" data-end=\"757\" \/><strong data-start=\"757\" data-end=\"775\">Personalizaci\u00f3n:<\/strong> <strong data-start=\"776\" data-end=\"793\">Logotipo del cliente<\/strong>, <strong data-start=\"795\" data-end=\"814\">caja promocional<\/strong>y <strong data-start=\"820\" data-end=\"842\">tarjetero personalizado<\/strong> disponible<\/p>\n<div id=\"attachment_8187\" style=\"width: 596px\" class=\"wp-caption alignnone\"><img decoding=\"async\" aria-describedby=\"caption-attachment-8187\" class=\"lazyload wp-image-8187 size-full\" src=\"https:\/\/richarms.com\/wp-content\/uploads\/2021\/07\/41101740713237_.pic_.png\" data-orig-src=\"https:\/\/richarms.com\/wp-content\/uploads\/2021\/07\/41101740713237_.pic_.png\" alt=\"Dimensions of Modern Stainless Steel Mini Wallet: 105mm x 60mm, designed for a sleek, compact fit in pockets\" width=\"586\" height=\"439\" srcset=\"data:image\/svg+xml,%3Csvg%20xmlns%3D%27http%3A%2F%2Fwww.w3.org%2F2000%2Fsvg%27%20width%3D%27586%27%20height%3D%27439%27%20viewBox%3D%270%200%20586%20439%27%3E%3Crect%20width%3D%27586%27%20height%3D%27439%27%20fill-opacity%3D%220%22%2F%3E%3C%2Fsvg%3E\" data-srcset=\"https:\/\/richarms.com\/wp-content\/uploads\/2021\/07\/41101740713237_.pic_-200x150.png 200w, https:\/\/richarms.com\/wp-content\/uploads\/2021\/07\/41101740713237_.pic_-300x225.png 300w, https:\/\/richarms.com\/wp-content\/uploads\/2021\/07\/41101740713237_.pic_-400x300.png 400w, https:\/\/richarms.com\/wp-content\/uploads\/2021\/07\/41101740713237_.pic_-500x375.png 500w, https:\/\/richarms.com\/wp-content\/uploads\/2021\/07\/41101740713237_.pic_.png 586w\" data-sizes=\"auto\" data-orig-sizes=\"(max-width: 586px) 100vw, 586px\" \/><p id=\"caption-attachment-8187\" class=\"wp-caption-text\">Especificaciones de tama\u00f1o de la Mini Billetera Moderna de Acero Inoxidable, que mide 105 mm x 60 mm y ofrece un dise\u00f1o compacto y elegante para facilitar su transporte.<\/p><\/div>\n<h3 data-start=\"861\" data-end=\"886\"><strong data-start=\"865\" data-end=\"886\">Caracter\u00edsticas del producto:<\/strong><\/h3>\n<ul>\n<li data-start=\"890\" data-end=\"1139\"><strong data-start=\"890\" data-end=\"920\">Dise\u00f1o c\u00f3modo y elegante:<\/strong> Este <strong data-start=\"926\" data-end=\"941\">mini cartera<\/strong> es perfecto para quienes prefieren <strong data-start=\"974\" data-end=\"996\">compacto y port\u00e1til<\/strong> almacenamiento. Su <strong data-start=\"1010\" data-end=\"1031\">tama\u00f1o del bolsillo delantero<\/strong> es perfecto para <strong data-start=\"1047\" data-end=\"1073\">profesionales de empresa<\/strong> que quieren hacer un <strong data-start=\"1093\" data-end=\"1106\">declaraci\u00f3n<\/strong> sin llevar una abultada cartera.<\/li>\n<li data-start=\"1143\" data-end=\"1325\"><strong data-start=\"1143\" data-end=\"1176\">Acero inoxidable de alta calidad:<\/strong> Hecho de <strong data-start=\"1187\" data-end=\"1214\">acero inoxidable de primera calidad<\/strong>Esta cartera es <strong data-start=\"1231\" data-end=\"1242\">duradero<\/strong>, <strong data-start=\"1244\" data-end=\"1260\">duradero<\/strong>y resistente al desgaste, proporcionando <strong data-start=\"1297\" data-end=\"1313\">tacto premium<\/strong> que dura.<\/li>\n<li data-start=\"1329\" data-end=\"1608\"><strong data-start=\"1329\" data-end=\"1349\">Protecci\u00f3n RFID:<\/strong> En <strong data-start=\"1360\" data-end=\"1388\">Tecnolog\u00eda de bloqueo RFID<\/strong>Esta cartera guarda su <strong data-start=\"1413\" data-end=\"1449\">seguridad de los datos personales y financieros<\/strong> del escaneado no autorizado. Perfecto para <strong data-start=\"1490\" data-end=\"1503\">itinerante<\/strong>y lugares concurridos, ofreciendo tranquilidad frente a <strong data-start=\"1579\" data-end=\"1607\">carterismo electr\u00f3nico<\/strong>.<\/li>\n<li data-start=\"1612\" data-end=\"1851\"><strong data-start=\"1612\" data-end=\"1645\">F\u00e1cil acceso y organizaci\u00f3n:<\/strong> Con su <strong data-start=\"1655\" data-end=\"1677\">dise\u00f1o con pulsador<\/strong>acceder a sus tarjetas de visita nunca ha sido tan f\u00e1cil. Basta con pulsar el bot\u00f3n para <strong data-start=\"1768\" data-end=\"1791\">deslice su tarjeta<\/strong>-perfecto para mostrar su profesionalidad en cualquier reuni\u00f3n.<\/li>\n<li data-start=\"1855\" data-end=\"2044\"><strong data-start=\"1855\" data-end=\"1880\">Opciones personalizables:<\/strong> Este <strong data-start=\"1886\" data-end=\"1917\">minicartera de acero inoxidable<\/strong> puede ser <strong data-start=\"1925\" data-end=\"1939\">personalizado<\/strong> con su <strong data-start=\"1950\" data-end=\"1958\">logotipo<\/strong> o <strong data-start=\"1962\" data-end=\"1976\">marca<\/strong>por lo que es ideal para <strong data-start=\"1997\" data-end=\"2017\">regalo promocional<\/strong> o <strong data-start=\"2021\" data-end=\"2043\">regalo de empresa<\/strong>.<\/li>\n<\/ul>\n<div id=\"attachment_8188\" style=\"width: 322px\" class=\"wp-caption alignnone\"><img decoding=\"async\" aria-describedby=\"caption-attachment-8188\" class=\"lazyload wp-image-8188\" src=\"https:\/\/richarms.com\/wp-content\/uploads\/2021\/07\/41111740713252_.pic_thumb.jpg\" data-orig-src=\"https:\/\/richarms.com\/wp-content\/uploads\/2021\/07\/41111740713252_.pic_thumb.jpg\" alt=\"Card being pushed out from the Modern Stainless Steel Mini Wallet, showcasing the easy-to-use push-button feature.\" width=\"312\" height=\"174\" srcset=\"data:image\/svg+xml,%3Csvg%20xmlns%3D%27http%3A%2F%2Fwww.w3.org%2F2000%2Fsvg%27%20width%3D%27312%27%20height%3D%27174%27%20viewBox%3D%270%200%20312%20174%27%3E%3Crect%20width%3D%27312%27%20height%3D%27174%27%20fill-opacity%3D%220%22%2F%3E%3C%2Fsvg%3E\" data-srcset=\"https:\/\/richarms.com\/wp-content\/uploads\/2021\/07\/41111740713252_.pic_thumb-200x112.jpg 200w, https:\/\/richarms.com\/wp-content\/uploads\/2021\/07\/41111740713252_.pic_thumb.jpg 240w\" data-sizes=\"auto\" data-orig-sizes=\"(max-width: 312px) 100vw, 312px\" \/><p id=\"caption-attachment-8188\" class=\"wp-caption-text\">C\u00f3moda funci\u00f3n de pulsador para acceder f\u00e1cilmente a sus tarjetas en la Mini Cartera Moderna de Acero Inoxidable, que ofrece un funcionamiento suave y una r\u00e1pida recuperaci\u00f3n.<\/p><\/div>\n<p>Otro dise\u00f1o de cartera met\u00e1lica <a href=\"https:\/\/richarms.com\/es\/categoria-producto\/metal-wallet-card-holder\/\">comprar aqu\u00ed<\/a>Peque\u00f1o pedido por favor <a href=\"https:\/\/www.richarmshardware.com\/collections\/metal-wallet-card-holder\">comprar aqu\u00ed<\/a><\/p>","protected":false},"excerpt":{"rendered":"<p>Art\u00edculo: Tarjetero de acero inoxidable<br \/>\nMaterial: Acero inoxidable<br \/>\nOEM&amp;ODM, logotipo del cliente, producto personalizado disponible<br \/>\nUso: Regalo de promoci\u00f3n, tarjetero<br \/>\nVentaja: 1. C\u00f3modo, m\u00f3vil como un libro de bolsillo. 2. Larga duraci\u00f3n, resistente 3.Dise\u00f1o moderno y tambi\u00e9n con clase<\/p>","protected":false},"featured_media":6819,"template":"","meta":[],"product_brand":[],"product_cat":[67],"product_tag":[],"class_list":{"0":"post-6817","1":"product","2":"type-product","3":"status-publish","4":"has-post-thumbnail","6":"product_cat-metal-wallet-card-holder","8":"first","9":"instock","10":"shipping-taxable","11":"product-type-simple"},"aioseo_notices":[],"_links":{"self":[{"href":"https:\/\/richarms.com\/es\/wp-json\/wp\/v2\/product\/6817","targetHints":{"allow":["GET"]}}],"collection":[{"href":"https:\/\/richarms.com\/es\/wp-json\/wp\/v2\/product"}],"about":[{"href":"https:\/\/richarms.com\/es\/wp-json\/wp\/v2\/types\/product"}],"wp:featuredmedia":[{"embeddable":true,"href":"https:\/\/richarms.com\/es\/wp-json\/wp\/v2\/media\/6819"}],"wp:attachment":[{"href":"https:\/\/richarms.com\/es\/wp-json\/wp\/v2\/media?parent=6817"}],"wp:term":[{"taxonomy":"product_brand","embeddable":true,"href":"https:\/\/richarms.com\/es\/wp-json\/wp\/v2\/product_brand?post=6817"},{"taxonomy":"product_cat","embeddable":true,"href":"https:\/\/richarms.com\/es\/wp-json\/wp\/v2\/product_cat?post=6817"},{"taxonomy":"product_tag","embeddable":true,"href":"https:\/\/richarms.com\/es\/wp-json\/wp\/v2\/product_tag?post=6817"}],"curies":[{"name":"wp","href":"https:\/\/api.w.org\/{rel}","templated":true}]}}