{"id":6897,"date":"2021-07-11T19:00:55","date_gmt":"2021-07-11T11:00:55","guid":{"rendered":"https:\/\/richarms.com\/?post_type=product&#038;p=6897"},"modified":"2025-03-14T16:37:27","modified_gmt":"2025-03-14T08:37:27","slug":"round-magnetic-snaps-rainbow-color","status":"publish","type":"product","link":"https:\/\/richarms.com\/es\/product\/round-magnetic-snaps-rainbow-color","title":{"rendered":"Broches magn\u00e9ticos redondos color arco iris"},"content":{"rendered":"<h1>Wholesales Round Magnetic Snaps Rainbow Color\u2013 14mm &amp; 18mm for Bags<\/h1>\n<p>This round magnetic snap rainbow color and single-magnet systems is our classical and basic profile of magnetic closure.<br \/>\nRicharms offer a wide range of color, strengths and sizes.<\/p>\n<p><strong> Code and size :<\/strong><\/p>\n<table style=\"height: 409px;\" width=\"805\">\n<tbody>\n<tr>\n<td width=\"79\">C\u00f3digo<\/td>\n<td width=\"48\">Talla<\/td>\n<td width=\"86\">Hembra snap TH<\/td>\n<td width=\"56\">Prong\u00a0 \u00a0 \u00a0 \u00a0L<\/td>\n<td width=\"56\">Magnet\u00a0 \u00a0 DIA<\/td>\n<td width=\"140\">Fotograf\u00eda<\/td>\n<td width=\"266\">Descripci\u00f3n<\/td>\n<\/tr>\n<tr>\n<td width=\"79\">RC-C1435<\/td>\n<td width=\"48\">14 mm<\/td>\n<td width=\"86\">3,5 mm<\/td>\n<td width=\"56\">7,6 mm<\/td>\n<td width=\"56\">13 mm<\/td>\n<td width=\"140\"><img decoding=\"async\" class=\"lazyload wp-image-7208 aligncenter\" src=\"https:\/\/richarms.com\/wp-content\/uploads\/2020\/03\/\u56fe\u72475-1.png\" data-orig-src=\"https:\/\/richarms.com\/wp-content\/uploads\/2020\/03\/\u56fe\u72475-1.png\" alt=\"\" width=\"129\" height=\"81\" srcset=\"data:image\/svg+xml,%3Csvg%20xmlns%3D%27http%3A%2F%2Fwww.w3.org%2F2000%2Fsvg%27%20width%3D%27129%27%20height%3D%2781%27%20viewBox%3D%270%200%20129%2081%27%3E%3Crect%20width%3D%27129%27%20height%3D%2781%27%20fill-opacity%3D%220%22%2F%3E%3C%2Fsvg%3E\" data-srcset=\"https:\/\/richarms.com\/wp-content\/uploads\/2020\/03\/\u56fe\u72475-1-200x126.png 200w, https:\/\/richarms.com\/wp-content\/uploads\/2020\/03\/\u56fe\u72475-1-300x190.png 300w, https:\/\/richarms.com\/wp-content\/uploads\/2020\/03\/\u56fe\u72475-1-320x202.png 320w, https:\/\/richarms.com\/wp-content\/uploads\/2020\/03\/\u56fe\u72475-1-400x253.png 400w, https:\/\/richarms.com\/wp-content\/uploads\/2020\/03\/\u56fe\u72475-1-500x316.png 500w, https:\/\/richarms.com\/wp-content\/uploads\/2020\/03\/\u56fe\u72475-1-600x379.png 600w, https:\/\/richarms.com\/wp-content\/uploads\/2020\/03\/\u56fe\u72475-1-700x442.png 700w, https:\/\/richarms.com\/wp-content\/uploads\/2020\/03\/\u56fe\u72475-1.png 731w\" data-sizes=\"auto\" data-orig-sizes=\"(max-width: 129px) 100vw, 129px\" \/><\/td>\n<td width=\"266\"><span style=\"color: #ff0000;\">Low-cost solution.<\/span><br \/>\nLower power, and will be used in little promotional items, like small notebook, card holder, small bags, mobile phone bag and the relevant collections.<\/td>\n<\/tr>\n<tr>\n<td width=\"79\">RC-C1840<\/td>\n<td width=\"48\">18 mm<\/td>\n<td width=\"86\">3.8mm<\/td>\n<td width=\"56\">9mm<\/td>\n<td width=\"56\">17 mm<\/td>\n<td width=\"140\"><img decoding=\"async\" class=\"lazyload alignnone size-full wp-image-7210\" src=\"https:\/\/richarms.com\/wp-content\/uploads\/2020\/03\/\u56fe\u72477.png\" data-orig-src=\"https:\/\/richarms.com\/wp-content\/uploads\/2020\/03\/\u56fe\u72477.png\" alt=\"\" width=\"901\" height=\"570\" srcset=\"data:image\/svg+xml,%3Csvg%20xmlns%3D%27http%3A%2F%2Fwww.w3.org%2F2000%2Fsvg%27%20width%3D%27901%27%20height%3D%27570%27%20viewBox%3D%270%200%20901%20570%27%3E%3Crect%20width%3D%27901%27%20height%3D%27570%27%20fill-opacity%3D%220%22%2F%3E%3C%2Fsvg%3E\" data-srcset=\"https:\/\/richarms.com\/wp-content\/uploads\/2020\/03\/\u56fe\u72477-200x127.png 200w, https:\/\/richarms.com\/wp-content\/uploads\/2020\/03\/\u56fe\u72477-300x190.png 300w, https:\/\/richarms.com\/wp-content\/uploads\/2020\/03\/\u56fe\u72477-320x202.png 320w, https:\/\/richarms.com\/wp-content\/uploads\/2020\/03\/\u56fe\u72477-400x253.png 400w, https:\/\/richarms.com\/wp-content\/uploads\/2020\/03\/\u56fe\u72477-500x316.png 500w, https:\/\/richarms.com\/wp-content\/uploads\/2020\/03\/\u56fe\u72477-600x380.png 600w, https:\/\/richarms.com\/wp-content\/uploads\/2020\/03\/\u56fe\u72477-700x443.png 700w, https:\/\/richarms.com\/wp-content\/uploads\/2020\/03\/\u56fe\u72477-768x486.png 768w, https:\/\/richarms.com\/wp-content\/uploads\/2020\/03\/\u56fe\u72477-800x506.png 800w, https:\/\/richarms.com\/wp-content\/uploads\/2020\/03\/\u56fe\u72477.png 901w\" data-sizes=\"auto\" data-orig-sizes=\"(max-width: 901px) 100vw, 901px\" \/><\/td>\n<td width=\"266\"><span style=\"color: #ff0000;\">Low-cost solution.<\/span><br \/>\nMedium strength, and most commonly used in the industry.<\/td>\n<\/tr>\n<tr>\n<td width=\"79\">RC-C1845<\/td>\n<td width=\"48\">18 mm<\/td>\n<td width=\"86\">4,5 mm<\/td>\n<td width=\"56\">9mm<\/td>\n<td width=\"56\">17 mm<\/td>\n<td width=\"140\"><img decoding=\"async\" class=\"lazyload size-full wp-image-7209 aligncenter\" src=\"https:\/\/richarms.com\/wp-content\/uploads\/2020\/03\/\u56fe\u72476.png\" data-orig-src=\"https:\/\/richarms.com\/wp-content\/uploads\/2020\/03\/\u56fe\u72476.png\" alt=\"\" width=\"901\" height=\"570\" srcset=\"data:image\/svg+xml,%3Csvg%20xmlns%3D%27http%3A%2F%2Fwww.w3.org%2F2000%2Fsvg%27%20width%3D%27901%27%20height%3D%27570%27%20viewBox%3D%270%200%20901%20570%27%3E%3Crect%20width%3D%27901%27%20height%3D%27570%27%20fill-opacity%3D%220%22%2F%3E%3C%2Fsvg%3E\" data-srcset=\"https:\/\/richarms.com\/wp-content\/uploads\/2020\/03\/\u56fe\u72476-200x127.png 200w, https:\/\/richarms.com\/wp-content\/uploads\/2020\/03\/\u56fe\u72476-300x190.png 300w, https:\/\/richarms.com\/wp-content\/uploads\/2020\/03\/\u56fe\u72476-320x202.png 320w, https:\/\/richarms.com\/wp-content\/uploads\/2020\/03\/\u56fe\u72476-400x253.png 400w, https:\/\/richarms.com\/wp-content\/uploads\/2020\/03\/\u56fe\u72476-500x316.png 500w, https:\/\/richarms.com\/wp-content\/uploads\/2020\/03\/\u56fe\u72476-600x380.png 600w, https:\/\/richarms.com\/wp-content\/uploads\/2020\/03\/\u56fe\u72476-700x443.png 700w, https:\/\/richarms.com\/wp-content\/uploads\/2020\/03\/\u56fe\u72476-768x486.png 768w, https:\/\/richarms.com\/wp-content\/uploads\/2020\/03\/\u56fe\u72476-800x506.png 800w, https:\/\/richarms.com\/wp-content\/uploads\/2020\/03\/\u56fe\u72476.png 901w\" data-sizes=\"auto\" data-orig-sizes=\"(max-width: 901px) 100vw, 901px\" \/><\/td>\n<td width=\"266\">Extra thick magnetic snaps is our most popular style.<br \/>\nLow-cost magnetic; standard strength; used in average applications, such as bag pack, leather bag, hand bag, tote bag, Briefcase and other leather work.<\/td>\n<\/tr>\n<\/tbody>\n<\/table>\n<p><strong><b>Remark: Strong Magnet Power Available<\/b><\/strong><\/p>\n<p>Thin profile 2mm thick <a href=\"https:\/\/richarms.com\/es\/producto\/bzy-2018-m49\/\">extra thin magnetic snaps<\/a> comprar aqu\u00ed<\/p>\n<p>Sample order <a href=\"https:\/\/www.richarmshardware.com\/products\/18x4-5mm-single-rivet-magnetic-snaps?variant=40967621083307\">comprar aqu\u00ed<\/a><\/p>\n<p style=\"text-align: left;\"><strong>Material:<br \/>\n<\/strong>C\u00e1psula macho: Acero<br \/>\nFemale Capsule:\u00a0 Steel, Brass or Stainless Steel<\/p>\n<p><img decoding=\"async\" class=\"lazyload alignnone wp-image-7161\" src=\"https:\/\/richarms.com\/wp-content\/uploads\/2020\/03\/materials-e1626143269166.png\" data-orig-src=\"https:\/\/richarms.com\/wp-content\/uploads\/2020\/03\/materials-e1626143269166.png\" alt=\"\" width=\"446\" height=\"199\" srcset=\"data:image\/svg+xml,%3Csvg%20xmlns%3D%27http%3A%2F%2Fwww.w3.org%2F2000%2Fsvg%27%20width%3D%27446%27%20height%3D%27199%27%20viewBox%3D%270%200%20446%20199%27%3E%3Crect%20width%3D%27446%27%20height%3D%27199%27%20fill-opacity%3D%220%22%2F%3E%3C%2Fsvg%3E\" data-srcset=\"https:\/\/richarms.com\/wp-content\/uploads\/2020\/03\/materials-e1626143269166-200x89.png 200w, https:\/\/richarms.com\/wp-content\/uploads\/2020\/03\/materials-e1626143269166-300x134.png 300w, https:\/\/richarms.com\/wp-content\/uploads\/2020\/03\/materials-e1626143269166-400x178.png 400w, https:\/\/richarms.com\/wp-content\/uploads\/2020\/03\/materials-e1626143269166-500x223.png 500w, https:\/\/richarms.com\/wp-content\/uploads\/2020\/03\/materials-e1626143269166.png 511w\" data-sizes=\"auto\" data-orig-sizes=\"(max-width: 446px) 100vw, 446px\" \/><\/p>\n<p><strong><b>Opciones de resistencia :<br \/>\n<\/b><\/strong>Potencia del im\u00e1n est\u00e1ndar: Im\u00e1n permanente de ferrita<br \/>\nStrong Magnet Power: Adding or Replace Strong Neodymium Permanent Magnet<\/p>\n<p><img decoding=\"async\" class=\"lazyload alignnone wp-image-7164\" src=\"https:\/\/richarms.com\/wp-content\/uploads\/2020\/03\/\u78c1\u529b\u5bf9\u6bd4\u56fe.png\" data-orig-src=\"https:\/\/richarms.com\/wp-content\/uploads\/2020\/03\/\u78c1\u529b\u5bf9\u6bd4\u56fe.png\" alt=\"\" width=\"454\" height=\"360\" srcset=\"data:image\/svg+xml,%3Csvg%20xmlns%3D%27http%3A%2F%2Fwww.w3.org%2F2000%2Fsvg%27%20width%3D%27454%27%20height%3D%27360%27%20viewBox%3D%270%200%20454%20360%27%3E%3Crect%20width%3D%27454%27%20height%3D%27360%27%20fill-opacity%3D%220%22%2F%3E%3C%2Fsvg%3E\" data-srcset=\"https:\/\/richarms.com\/wp-content\/uploads\/2020\/03\/\u78c1\u529b\u5bf9\u6bd4\u56fe-200x159.png 200w, https:\/\/richarms.com\/wp-content\/uploads\/2020\/03\/\u78c1\u529b\u5bf9\u6bd4\u56fe-300x238.png 300w, https:\/\/richarms.com\/wp-content\/uploads\/2020\/03\/\u78c1\u529b\u5bf9\u6bd4\u56fe-400x317.png 400w, https:\/\/richarms.com\/wp-content\/uploads\/2020\/03\/\u78c1\u529b\u5bf9\u6bd4\u56fe-500x397.png 500w, https:\/\/richarms.com\/wp-content\/uploads\/2020\/03\/\u78c1\u529b\u5bf9\u6bd4\u56fe-600x476.png 600w, https:\/\/richarms.com\/wp-content\/uploads\/2020\/03\/\u78c1\u529b\u5bf9\u6bd4\u56fe-700x555.png 700w, https:\/\/richarms.com\/wp-content\/uploads\/2020\/03\/\u78c1\u529b\u5bf9\u6bd4\u56fe-768x609.png 768w, https:\/\/richarms.com\/wp-content\/uploads\/2020\/03\/\u78c1\u529b\u5bf9\u6bd4\u56fe-800x635.png 800w, https:\/\/richarms.com\/wp-content\/uploads\/2020\/03\/\u78c1\u529b\u5bf9\u6bd4\u56fe-1024x813.png 1024w, https:\/\/richarms.com\/wp-content\/uploads\/2020\/03\/\u78c1\u529b\u5bf9\u6bd4\u56fe-1200x952.png 1200w, https:\/\/richarms.com\/wp-content\/uploads\/2020\/03\/\u78c1\u529b\u5bf9\u6bd4\u56fe-1536x1219.png 1536w, https:\/\/richarms.com\/wp-content\/uploads\/2020\/03\/\u78c1\u529b\u5bf9\u6bd4\u56fe.png 1661w\" data-sizes=\"auto\" data-orig-sizes=\"(max-width: 454px) 100vw, 454px\" \/><\/p>\n<p>How strong our magnetic snaps:<\/p>\n<p><img decoding=\"async\" class=\"lazyload alignnone size-full wp-image-7169\" src=\"https:\/\/richarms.com\/wp-content\/uploads\/2020\/03\/\u5fae\u4fe1\u622a\u56fe_20210712180015.png\" data-orig-src=\"https:\/\/richarms.com\/wp-content\/uploads\/2020\/03\/\u5fae\u4fe1\u622a\u56fe_20210712180015.png\" alt=\"\" width=\"488\" height=\"793\" srcset=\"data:image\/svg+xml,%3Csvg%20xmlns%3D%27http%3A%2F%2Fwww.w3.org%2F2000%2Fsvg%27%20width%3D%27488%27%20height%3D%27793%27%20viewBox%3D%270%200%20488%20793%27%3E%3Crect%20width%3D%27488%27%20height%3D%27793%27%20fill-opacity%3D%220%22%2F%3E%3C%2Fsvg%3E\" data-srcset=\"https:\/\/richarms.com\/wp-content\/uploads\/2020\/03\/\u5fae\u4fe1\u622a\u56fe_20210712180015-185x300.png 185w, https:\/\/richarms.com\/wp-content\/uploads\/2020\/03\/\u5fae\u4fe1\u622a\u56fe_20210712180015-200x325.png 200w, https:\/\/richarms.com\/wp-content\/uploads\/2020\/03\/\u5fae\u4fe1\u622a\u56fe_20210712180015-400x650.png 400w, https:\/\/richarms.com\/wp-content\/uploads\/2020\/03\/\u5fae\u4fe1\u622a\u56fe_20210712180015.png 488w\" data-sizes=\"auto\" data-orig-sizes=\"(max-width: 488px) 100vw, 488px\" \/><\/p>\n<p><strong><b>F<\/b><\/strong><strong><b>inish<\/b><\/strong><strong><b>:<br \/>\n<\/b><\/strong>Bot\u00f3n femenino: Liso, Patr\u00f3n, Logotipo<\/p>\n<p><img decoding=\"async\" class=\"lazyload alignnone wp-image-7166\" src=\"data:image\/svg+xml,%3Csvg%20xmlns%3D%27http%3A%2F%2Fwww.w3.org%2F2000%2Fsvg%27%20width%3D%27288%27%20height%3D%27135%27%20viewBox%3D%270%200%20288%20135%27%3E%3Crect%20width%3D%27288%27%20height%3D%27135%27%20fill-opacity%3D%220%22%2F%3E%3C%2Fsvg%3E\" data-orig-src=\"https:\/\/richarms.com\/wp-content\/uploads\/2020\/03\/\u56fe\u72473.jpg\" alt=\"\" width=\"288\" height=\"135\" \/><br \/>\nBroche macho: Liso, texto, logotipo<\/p>\n<p><img decoding=\"async\" class=\"lazyload alignnone wp-image-7180\" src=\"https:\/\/richarms.com\/wp-content\/uploads\/2020\/03\/\u56fe\u72474.jpg\" data-orig-src=\"https:\/\/richarms.com\/wp-content\/uploads\/2020\/03\/\u56fe\u72474.jpg\" alt=\"\" width=\"301\" height=\"121\" srcset=\"data:image\/svg+xml,%3Csvg%20xmlns%3D%27http%3A%2F%2Fwww.w3.org%2F2000%2Fsvg%27%20width%3D%27301%27%20height%3D%27121%27%20viewBox%3D%270%200%20301%20121%27%3E%3Crect%20width%3D%27301%27%20height%3D%27121%27%20fill-opacity%3D%220%22%2F%3E%3C%2Fsvg%3E\" data-srcset=\"https:\/\/richarms.com\/wp-content\/uploads\/2020\/03\/\u56fe\u72474-200x80.jpg 200w, https:\/\/richarms.com\/wp-content\/uploads\/2020\/03\/\u56fe\u72474-300x120.jpg 300w, https:\/\/richarms.com\/wp-content\/uploads\/2020\/03\/\u56fe\u72474-400x160.jpg 400w, https:\/\/richarms.com\/wp-content\/uploads\/2020\/03\/\u56fe\u72474-500x200.jpg 500w, https:\/\/richarms.com\/wp-content\/uploads\/2020\/03\/\u56fe\u72474-600x241.jpg 600w, https:\/\/richarms.com\/wp-content\/uploads\/2020\/03\/\u56fe\u72474.jpg 651w\" data-sizes=\"auto\" data-orig-sizes=\"(max-width: 301px) 100vw, 301px\" \/><\/p>\n<p><strong>Paquete<\/strong><strong>:<br \/>\n<\/strong>Todos ellos pueden suministrarse con patas, v\u00e1stagos o remaches.<br \/>\n1 juego = 1 macho, 1 hembra, 2 arandelas<br \/>\n14 mm: 200 juegos\/caja, 20 cajas\/cart\u00f3n<br \/>\n18 mm: 100 juegos\/caja, 20 cajas\/cart\u00f3n<\/p>\n<p><img decoding=\"async\" class=\"lazyload alignnone size-full wp-image-5393\" src=\"https:\/\/richarms.com\/wp-content\/uploads\/2018\/07\/20150702163646_50174.jpg\" data-orig-src=\"https:\/\/richarms.com\/wp-content\/uploads\/2018\/07\/20150702163646_50174.jpg\" alt=\"\" width=\"300\" height=\"290\" srcset=\"data:image\/svg+xml,%3Csvg%20xmlns%3D%27http%3A%2F%2Fwww.w3.org%2F2000%2Fsvg%27%20width%3D%27300%27%20height%3D%27290%27%20viewBox%3D%270%200%20300%20290%27%3E%3Crect%20width%3D%27300%27%20height%3D%27290%27%20fill-opacity%3D%220%22%2F%3E%3C%2Fsvg%3E\" data-srcset=\"https:\/\/richarms.com\/wp-content\/uploads\/2018\/07\/20150702163646_50174-200x193.jpg 200w, https:\/\/richarms.com\/wp-content\/uploads\/2018\/07\/20150702163646_50174.jpg 300w\" data-sizes=\"auto\" data-orig-sizes=\"(max-width: 300px) 100vw, 300px\" \/><b><\/b><b><\/b><\/p>\n<p><strong><b>Rainbow Color Solution<br \/>\n<\/b><\/strong><\/p>\n<ul>\n<li>Left = Rainbow Top + Rainbow base<\/li>\n<li>Right= Rainbow Top + Gold base<\/li>\n<\/ul>\n<table style=\"border-collapse: collapse; width: 810px; height: 196px;\" border=\"0\" width=\"96\" cellspacing=\"0\" cellpadding=\"0\">\n<tbody>\n<tr style=\"height: 16.80pt;\">\n<td style=\"height: 16.80pt; width: 48.00pt;\" width=\"48\" height=\"16\"><img decoding=\"async\" class=\"lazyload wp-image-6908 size-medium\" src=\"https:\/\/richarms.com\/wp-content\/uploads\/2020\/03\/IMG_1117\u526f\u672c-300x300.jpg\" data-orig-src=\"https:\/\/richarms.com\/wp-content\/uploads\/2020\/03\/IMG_1117\u526f\u672c-300x300.jpg\" alt=\"Round Magnetic Snap rainbow color Female Side Close-up\" width=\"300\" height=\"300\" srcset=\"data:image\/svg+xml,%3Csvg%20xmlns%3D%27http%3A%2F%2Fwww.w3.org%2F2000%2Fsvg%27%20width%3D%27300%27%20height%3D%27300%27%20viewBox%3D%270%200%20300%20300%27%3E%3Crect%20width%3D%27300%27%20height%3D%27300%27%20fill-opacity%3D%220%22%2F%3E%3C%2Fsvg%3E\" data-srcset=\"https:\/\/richarms.com\/wp-content\/uploads\/2020\/03\/IMG_1117\u526f\u672c-66x66.jpg 66w, https:\/\/richarms.com\/wp-content\/uploads\/2020\/03\/IMG_1117\u526f\u672c-100x100.jpg 100w, https:\/\/richarms.com\/wp-content\/uploads\/2020\/03\/IMG_1117\u526f\u672c-150x150.jpg 150w, https:\/\/richarms.com\/wp-content\/uploads\/2020\/03\/IMG_1117\u526f\u672c-200x200.jpg 200w, https:\/\/richarms.com\/wp-content\/uploads\/2020\/03\/IMG_1117\u526f\u672c-300x300.jpg 300w, https:\/\/richarms.com\/wp-content\/uploads\/2020\/03\/IMG_1117\u526f\u672c-400x400.jpg 400w, https:\/\/richarms.com\/wp-content\/uploads\/2020\/03\/IMG_1117\u526f\u672c-500x500.jpg 500w, https:\/\/richarms.com\/wp-content\/uploads\/2020\/03\/IMG_1117\u526f\u672c-600x600.jpg 600w, https:\/\/richarms.com\/wp-content\/uploads\/2020\/03\/IMG_1117\u526f\u672c-700x700.jpg 700w, https:\/\/richarms.com\/wp-content\/uploads\/2020\/03\/IMG_1117\u526f\u672c-768x768.jpg 768w, https:\/\/richarms.com\/wp-content\/uploads\/2020\/03\/IMG_1117\u526f\u672c-800x800.jpg 800w, https:\/\/richarms.com\/wp-content\/uploads\/2020\/03\/IMG_1117\u526f\u672c-1024x1024.jpg 1024w, https:\/\/richarms.com\/wp-content\/uploads\/2020\/03\/IMG_1117\u526f\u672c-1200x1200.jpg 1200w, https:\/\/richarms.com\/wp-content\/uploads\/2020\/03\/IMG_1117\u526f\u672c-1536x1536.jpg 1536w\" data-sizes=\"auto\" data-orig-sizes=\"(max-width: 300px) 100vw, 300px\" \/><\/p>\n<p>Round Magnetic Snap rainbow color<\/td>\n<td style=\"width: 48.00pt;\" width=\"48\"><img decoding=\"async\" class=\"lazyload wp-image-6909 size-medium\" src=\"https:\/\/richarms.com\/wp-content\/uploads\/2020\/03\/IMG_1118\u526f\u672c-300x300.jpg\" data-orig-src=\"https:\/\/richarms.com\/wp-content\/uploads\/2020\/03\/IMG_1118\u526f\u672c-300x300.jpg\" alt=\"Backside of Round Magnetic Snap rainbow color Female Component\" width=\"300\" height=\"300\" srcset=\"data:image\/svg+xml,%3Csvg%20xmlns%3D%27http%3A%2F%2Fwww.w3.org%2F2000%2Fsvg%27%20width%3D%27300%27%20height%3D%27300%27%20viewBox%3D%270%200%20300%20300%27%3E%3Crect%20width%3D%27300%27%20height%3D%27300%27%20fill-opacity%3D%220%22%2F%3E%3C%2Fsvg%3E\" data-srcset=\"https:\/\/richarms.com\/wp-content\/uploads\/2020\/03\/IMG_1118\u526f\u672c-66x66.jpg 66w, https:\/\/richarms.com\/wp-content\/uploads\/2020\/03\/IMG_1118\u526f\u672c-100x100.jpg 100w, https:\/\/richarms.com\/wp-content\/uploads\/2020\/03\/IMG_1118\u526f\u672c-150x150.jpg 150w, https:\/\/richarms.com\/wp-content\/uploads\/2020\/03\/IMG_1118\u526f\u672c-200x200.jpg 200w, https:\/\/richarms.com\/wp-content\/uploads\/2020\/03\/IMG_1118\u526f\u672c-300x300.jpg 300w, https:\/\/richarms.com\/wp-content\/uploads\/2020\/03\/IMG_1118\u526f\u672c-400x400.jpg 400w, https:\/\/richarms.com\/wp-content\/uploads\/2020\/03\/IMG_1118\u526f\u672c-500x500.jpg 500w, https:\/\/richarms.com\/wp-content\/uploads\/2020\/03\/IMG_1118\u526f\u672c-600x600.jpg 600w, https:\/\/richarms.com\/wp-content\/uploads\/2020\/03\/IMG_1118\u526f\u672c-700x700.jpg 700w, https:\/\/richarms.com\/wp-content\/uploads\/2020\/03\/IMG_1118\u526f\u672c-768x768.jpg 768w, https:\/\/richarms.com\/wp-content\/uploads\/2020\/03\/IMG_1118\u526f\u672c-800x800.jpg 800w, https:\/\/richarms.com\/wp-content\/uploads\/2020\/03\/IMG_1118\u526f\u672c-1024x1024.jpg 1024w, https:\/\/richarms.com\/wp-content\/uploads\/2020\/03\/IMG_1118\u526f\u672c-1200x1200.jpg 1200w, https:\/\/richarms.com\/wp-content\/uploads\/2020\/03\/IMG_1118\u526f\u672c-1536x1536.jpg 1536w\" data-sizes=\"auto\" data-orig-sizes=\"(max-width: 300px) 100vw, 300px\" \/><\/p>\n<p>Round Magnetic Snap rainbow color<\/td>\n<\/tr>\n<\/tbody>\n<\/table>\n<p>&nbsp;<\/p>\n<p><strong>Other Color Option<\/strong><\/p>\n<p><strong><img decoding=\"async\" class=\"lazyload alignnone size-full wp-image-5392\" src=\"https:\/\/richarms.com\/wp-content\/uploads\/2018\/07\/RICHARMS-COLOT-DIS.jpg\" data-orig-src=\"https:\/\/richarms.com\/wp-content\/uploads\/2018\/07\/RICHARMS-COLOT-DIS.jpg\" alt=\"\" width=\"651\" height=\"457\" srcset=\"data:image\/svg+xml,%3Csvg%20xmlns%3D%27http%3A%2F%2Fwww.w3.org%2F2000%2Fsvg%27%20width%3D%27651%27%20height%3D%27457%27%20viewBox%3D%270%200%20651%20457%27%3E%3Crect%20width%3D%27651%27%20height%3D%27457%27%20fill-opacity%3D%220%22%2F%3E%3C%2Fsvg%3E\" data-srcset=\"https:\/\/richarms.com\/wp-content\/uploads\/2018\/07\/RICHARMS-COLOT-DIS-200x140.jpg 200w, https:\/\/richarms.com\/wp-content\/uploads\/2018\/07\/RICHARMS-COLOT-DIS-300x211.jpg 300w, https:\/\/richarms.com\/wp-content\/uploads\/2018\/07\/RICHARMS-COLOT-DIS-400x281.jpg 400w, https:\/\/richarms.com\/wp-content\/uploads\/2018\/07\/RICHARMS-COLOT-DIS-500x351.jpg 500w, https:\/\/richarms.com\/wp-content\/uploads\/2018\/07\/RICHARMS-COLOT-DIS-600x421.jpg 600w, https:\/\/richarms.com\/wp-content\/uploads\/2018\/07\/RICHARMS-COLOT-DIS.jpg 651w\" data-sizes=\"auto\" data-orig-sizes=\"(max-width: 651px) 100vw, 651px\" \/><\/strong><\/p>\n<p>Email para m\u00e1s fotos de color, como Spray Negro, Arco Iris, Pearl Nkl, Pearl Gold, Brush Nkl, Brush Gold, .etc<\/p>\n<p><strong><b>\u00bfCu\u00e1l es la diferencia entre la calidad de colgado y la de enrollado?<\/b><\/strong><\/p>\n<p><img decoding=\"async\" class=\"lazyload alignnone wp-image-7165\" src=\"https:\/\/richarms.com\/wp-content\/uploads\/2020\/03\/\u56fe\u72471.jpg\" data-orig-src=\"https:\/\/richarms.com\/wp-content\/uploads\/2020\/03\/\u56fe\u72471.jpg\" alt=\"\" width=\"176\" height=\"248\" srcset=\"data:image\/svg+xml,%3Csvg%20xmlns%3D%27http%3A%2F%2Fwww.w3.org%2F2000%2Fsvg%27%20width%3D%27176%27%20height%3D%27248%27%20viewBox%3D%270%200%20176%20248%27%3E%3Crect%20width%3D%27176%27%20height%3D%27248%27%20fill-opacity%3D%220%22%2F%3E%3C%2Fsvg%3E\" data-srcset=\"https:\/\/richarms.com\/wp-content\/uploads\/2020\/03\/\u56fe\u72471-200x281.jpg 200w, https:\/\/richarms.com\/wp-content\/uploads\/2020\/03\/\u56fe\u72471-213x300.jpg 213w, https:\/\/richarms.com\/wp-content\/uploads\/2020\/03\/\u56fe\u72471.jpg 349w\" data-sizes=\"auto\" data-orig-sizes=\"(max-width: 176px) 100vw, 176px\" \/><\/p>\n<p><strong><b>Aplicaci\u00f3n<\/b><\/strong><\/p>\n<p><img decoding=\"async\" class=\"lazyload alignnone wp-image-7160\" src=\"https:\/\/richarms.com\/wp-content\/uploads\/2020\/03\/application.png\" data-orig-src=\"https:\/\/richarms.com\/wp-content\/uploads\/2020\/03\/application.png\" alt=\"\" width=\"474\" height=\"443\" srcset=\"data:image\/svg+xml,%3Csvg%20xmlns%3D%27http%3A%2F%2Fwww.w3.org%2F2000%2Fsvg%27%20width%3D%27474%27%20height%3D%27443%27%20viewBox%3D%270%200%20474%20443%27%3E%3Crect%20width%3D%27474%27%20height%3D%27443%27%20fill-opacity%3D%220%22%2F%3E%3C%2Fsvg%3E\" data-srcset=\"https:\/\/richarms.com\/wp-content\/uploads\/2020\/03\/application-200x187.png 200w, https:\/\/richarms.com\/wp-content\/uploads\/2020\/03\/application-300x280.png 300w, https:\/\/richarms.com\/wp-content\/uploads\/2020\/03\/application-400x374.png 400w, https:\/\/richarms.com\/wp-content\/uploads\/2020\/03\/application-500x467.png 500w, https:\/\/richarms.com\/wp-content\/uploads\/2020\/03\/application.png 598w\" data-sizes=\"auto\" data-orig-sizes=\"(max-width: 474px) 100vw, 474px\" \/><\/p>","protected":false},"excerpt":{"rendered":"<p>Type: Standard\/Basic\/Classical Magnetic snaps<strong><br \/>\n<\/strong>Material: Lat\u00f3n, hierro, im\u00e1n<strong><br \/>\n<\/strong>Model Number: RC-C1435\/1840\/1845<strong><br \/>\n<\/strong>Logotipo personalizado disponible: L\u00e1ser, Cavado, Utillaje<strong><br \/>\n<\/strong>Tama\u00f1o: 14 mm, 18 mm<strong><br \/>\n<\/strong>Color: Oro \/ N\u00edquel \/ Pistola \/ Oro rosa \/ Hormiga \/ Otro<strong><br \/>\n<\/strong>Embalaje: caja y cart\u00f3n<strong><br \/>\n<\/strong>Shipping: LCL\/ LDP\/ EXPRESS (DHL \/ FedEx \/ TNT \/ Other)<\/p>","protected":false},"featured_media":6906,"template":"","meta":[],"product_brand":[],"product_cat":[15],"product_tag":[84,85,95,96,97],"class_list":{"0":"post-6897","1":"product","2":"type-product","3":"status-publish","4":"has-post-thumbnail","6":"product_cat-magnetic-snaps","7":"product_tag-18mm","8":"product_tag-14mm","9":"product_tag-rainbow","10":"product_tag-magnetic-snaps","11":"product_tag-thick","13":"first","14":"instock","15":"shipping-taxable","16":"product-type-simple"},"aioseo_notices":[],"_links":{"self":[{"href":"https:\/\/richarms.com\/es\/wp-json\/wp\/v2\/product\/6897","targetHints":{"allow":["GET"]}}],"collection":[{"href":"https:\/\/richarms.com\/es\/wp-json\/wp\/v2\/product"}],"about":[{"href":"https:\/\/richarms.com\/es\/wp-json\/wp\/v2\/types\/product"}],"wp:featuredmedia":[{"embeddable":true,"href":"https:\/\/richarms.com\/es\/wp-json\/wp\/v2\/media\/6906"}],"wp:attachment":[{"href":"https:\/\/richarms.com\/es\/wp-json\/wp\/v2\/media?parent=6897"}],"wp:term":[{"taxonomy":"product_brand","embeddable":true,"href":"https:\/\/richarms.com\/es\/wp-json\/wp\/v2\/product_brand?post=6897"},{"taxonomy":"product_cat","embeddable":true,"href":"https:\/\/richarms.com\/es\/wp-json\/wp\/v2\/product_cat?post=6897"},{"taxonomy":"product_tag","embeddable":true,"href":"https:\/\/richarms.com\/es\/wp-json\/wp\/v2\/product_tag?post=6897"}],"curies":[{"name":"wp","href":"https:\/\/api.w.org\/{rel}","templated":true}]}}