{"id":6942,"date":"2021-07-10T09:58:19","date_gmt":"2021-07-10T01:58:19","guid":{"rendered":"https:\/\/richarms.com\/?post_type=product&#038;p=6942"},"modified":"2025-05-21T16:48:35","modified_gmt":"2025-05-21T08:48:35","slug":"magnetic-bag-lock-cat","status":"publish","type":"product","link":"https:\/\/richarms.com\/es\/product\/magnetic-bag-lock-cat","title":{"rendered":"Cierre magn\u00e9tico para bolso en forma de gato"},"content":{"rendered":"<h2 class=\"ma-title\" title=\"Nuevo estilo de aleaci\u00f3n de zinc en forma de coraz\u00f3n cerradura magn\u00e9tica para el bolso de metal cerradura del bolso al por mayor muestra gratis\" data-spm-anchor-id=\"a2700.wholesale.maonnacta.i1.7dac1ceewoqAeY\">New Style Zinc Alloy Cat Shape Magnetic Bag Lock For Handbag &amp; Purse<\/h2>\n<p class=\"ma-title\" title=\"Nuevo estilo de aleaci\u00f3n de zinc en forma de coraz\u00f3n cerradura magn\u00e9tica para el bolso de metal cerradura del bolso al por mayor muestra gratis\" data-spm-anchor-id=\"a2700.wholesale.maonnacta.i1.7dac1ceewoqAeY\">Color: oro claro, n\u00edquel, oro rosa, lat\u00f3n antiguo, cepillo antiguo y otros colores.<br \/>\nMaterial: aleaci\u00f3n de zinc<br \/>\nUso: confecci\u00f3n de bolsos, montaje con broches magn\u00e9ticos<br \/>\nUnit weight: 26.7 g<br \/>\nMOQ: 1000 piezas (mezcla de 3 colores) por env\u00edo<\/p>\n<p title=\"Nuevo estilo de aleaci\u00f3n de zinc en forma de coraz\u00f3n cerradura magn\u00e9tica para el bolso de metal cerradura del bolso al por mayor muestra gratis\" data-spm-anchor-id=\"a2700.wholesale.maonnacta.i1.7dac1ceewoqAeY\">Tama\u00f1o como abajo:<\/p>\n<p title=\"Nuevo estilo de aleaci\u00f3n de zinc en forma de coraz\u00f3n cerradura magn\u00e9tica para el bolso de metal cerradura del bolso al por mayor muestra gratis\" data-spm-anchor-id=\"a2700.wholesale.maonnacta.i1.7dac1ceewoqAeY\"><img decoding=\"async\" class=\"lazyload alignnone wp-image-6953 size-full\" src=\"https:\/\/richarms.com\/wp-content\/uploads\/2020\/09\/cat-5.jpg\" data-orig-src=\"https:\/\/richarms.com\/wp-content\/uploads\/2020\/09\/cat-5.jpg\" alt=\"\" width=\"800\" height=\"800\" srcset=\"data:image\/svg+xml,%3Csvg%20xmlns%3D%27http%3A%2F%2Fwww.w3.org%2F2000%2Fsvg%27%20width%3D%27800%27%20height%3D%27800%27%20viewBox%3D%270%200%20800%20800%27%3E%3Crect%20width%3D%27800%27%20height%3D%27800%27%20fill-opacity%3D%220%22%2F%3E%3C%2Fsvg%3E\" data-srcset=\"https:\/\/richarms.com\/wp-content\/uploads\/2020\/09\/cat-5-66x66.jpg 66w, https:\/\/richarms.com\/wp-content\/uploads\/2020\/09\/cat-5-100x100.jpg 100w, https:\/\/richarms.com\/wp-content\/uploads\/2020\/09\/cat-5-150x150.jpg 150w, https:\/\/richarms.com\/wp-content\/uploads\/2020\/09\/cat-5-200x200.jpg 200w, https:\/\/richarms.com\/wp-content\/uploads\/2020\/09\/cat-5-300x300.jpg 300w, https:\/\/richarms.com\/wp-content\/uploads\/2020\/09\/cat-5-400x400.jpg 400w, https:\/\/richarms.com\/wp-content\/uploads\/2020\/09\/cat-5-500x500.jpg 500w, https:\/\/richarms.com\/wp-content\/uploads\/2020\/09\/cat-5-600x600.jpg 600w, https:\/\/richarms.com\/wp-content\/uploads\/2020\/09\/cat-5-700x700.jpg 700w, https:\/\/richarms.com\/wp-content\/uploads\/2020\/09\/cat-5-768x768.jpg 768w, https:\/\/richarms.com\/wp-content\/uploads\/2020\/09\/cat-5.jpg 800w\" data-sizes=\"auto\" data-orig-sizes=\"(max-width: 800px) 100vw, 800px\" \/><\/p>\n<p>&nbsp;<\/p>\n<p>&nbsp;<\/p>","protected":false},"excerpt":{"rendered":"<p>Cat Shape Magnetic Lock for Bag, Purse &amp; Notebook<\/p>\n<p>Color: oro claro, n\u00edquel, oro rosa, lat\u00f3n antiguo, cepillo antiguo y otros colores.<br \/>\nMaterial: aleaci\u00f3n de zinc<br \/>\nUso: confecci\u00f3n de bolsos, montaje con broches magn\u00e9ticos<br \/>\nUnit weight: 26.7 g<br \/>\nMOQ: 1000 piezas (mezcla de 3 colores) por env\u00edo<\/p>","protected":false},"featured_media":6949,"template":"","meta":[],"product_brand":[],"product_cat":[77],"product_tag":[],"class_list":{"0":"post-6942","1":"product","2":"type-product","3":"status-publish","4":"has-post-thumbnail","6":"product_cat-zinc-alloy-magnetic-lock","8":"first","9":"instock","10":"shipping-taxable","11":"product-type-simple"},"aioseo_notices":[],"_links":{"self":[{"href":"https:\/\/richarms.com\/es\/wp-json\/wp\/v2\/product\/6942","targetHints":{"allow":["GET"]}}],"collection":[{"href":"https:\/\/richarms.com\/es\/wp-json\/wp\/v2\/product"}],"about":[{"href":"https:\/\/richarms.com\/es\/wp-json\/wp\/v2\/types\/product"}],"wp:featuredmedia":[{"embeddable":true,"href":"https:\/\/richarms.com\/es\/wp-json\/wp\/v2\/media\/6949"}],"wp:attachment":[{"href":"https:\/\/richarms.com\/es\/wp-json\/wp\/v2\/media?parent=6942"}],"wp:term":[{"taxonomy":"product_brand","embeddable":true,"href":"https:\/\/richarms.com\/es\/wp-json\/wp\/v2\/product_brand?post=6942"},{"taxonomy":"product_cat","embeddable":true,"href":"https:\/\/richarms.com\/es\/wp-json\/wp\/v2\/product_cat?post=6942"},{"taxonomy":"product_tag","embeddable":true,"href":"https:\/\/richarms.com\/es\/wp-json\/wp\/v2\/product_tag?post=6942"}],"curies":[{"name":"wp","href":"https:\/\/api.w.org\/{rel}","templated":true}]}}