{"id":6955,"date":"2021-07-10T10:27:35","date_gmt":"2021-07-10T02:27:35","guid":{"rendered":"https:\/\/richarms.com\/?post_type=product&#038;p=6955"},"modified":"2025-05-21T16:50:35","modified_gmt":"2025-05-21T08:50:35","slug":"magnetic-closure","status":"publish","type":"product","link":"https:\/\/richarms.com\/es\/product\/magnetic-closure","title":{"rendered":"Cierre magn\u00e9tico para bolsas y cajas"},"content":{"rendered":"<h1 class=\"ma-title\" title=\"Nuevo estilo de aleaci\u00f3n de zinc en forma de coraz\u00f3n cerradura magn\u00e9tica para el bolso de metal cerradura del bolso al por mayor muestra gratis\" data-spm-anchor-id=\"a2700.wholesale.maonnacta.i1.7dac1ceewoqAeY\">Magnetic Closure for Bags &amp; Boxes | Customizable Lock<\/h1>\n<p class=\"ma-title\" title=\"Nuevo estilo de aleaci\u00f3n de zinc en forma de coraz\u00f3n cerradura magn\u00e9tica para el bolso de metal cerradura del bolso al por mayor muestra gratis\" data-spm-anchor-id=\"a2700.wholesale.maonnacta.i1.7dac1ceewoqAeY\">Color: oro claro, n\u00edquel, oro rosa, lat\u00f3n antiguo, cepillo antiguo y otros colores.<br \/>\nMaterial: aleaci\u00f3n de zinc<br \/>\nUso: confecci\u00f3n de bolsos, montaje con broches magn\u00e9ticos<br \/>\nUnit weight: 19 g<br \/>\nMOQ: 1000 piezas (mezcla de 3 colores) por env\u00edo<\/p>\n<p title=\"Nuevo estilo de aleaci\u00f3n de zinc en forma de coraz\u00f3n cerradura magn\u00e9tica para el bolso de metal cerradura del bolso al por mayor muestra gratis\" data-spm-anchor-id=\"a2700.wholesale.maonnacta.i1.7dac1ceewoqAeY\">Tama\u00f1o como abajo:<\/p>\n<p><img decoding=\"async\" class=\"lazyload alignnone size-full wp-image-6960\" src=\"https:\/\/richarms.com\/wp-content\/uploads\/2020\/09\/plain-cat-4.jpg\" data-orig-src=\"https:\/\/richarms.com\/wp-content\/uploads\/2020\/09\/plain-cat-4.jpg\" alt=\"\" width=\"800\" height=\"800\" srcset=\"data:image\/svg+xml,%3Csvg%20xmlns%3D%27http%3A%2F%2Fwww.w3.org%2F2000%2Fsvg%27%20width%3D%27800%27%20height%3D%27800%27%20viewBox%3D%270%200%20800%20800%27%3E%3Crect%20width%3D%27800%27%20height%3D%27800%27%20fill-opacity%3D%220%22%2F%3E%3C%2Fsvg%3E\" data-srcset=\"https:\/\/richarms.com\/wp-content\/uploads\/2020\/09\/plain-cat-4-66x66.jpg 66w, https:\/\/richarms.com\/wp-content\/uploads\/2020\/09\/plain-cat-4-100x100.jpg 100w, https:\/\/richarms.com\/wp-content\/uploads\/2020\/09\/plain-cat-4-150x150.jpg 150w, https:\/\/richarms.com\/wp-content\/uploads\/2020\/09\/plain-cat-4-200x200.jpg 200w, https:\/\/richarms.com\/wp-content\/uploads\/2020\/09\/plain-cat-4-300x300.jpg 300w, https:\/\/richarms.com\/wp-content\/uploads\/2020\/09\/plain-cat-4-400x400.jpg 400w, https:\/\/richarms.com\/wp-content\/uploads\/2020\/09\/plain-cat-4-500x500.jpg 500w, https:\/\/richarms.com\/wp-content\/uploads\/2020\/09\/plain-cat-4-600x600.jpg 600w, https:\/\/richarms.com\/wp-content\/uploads\/2020\/09\/plain-cat-4-700x700.jpg 700w, https:\/\/richarms.com\/wp-content\/uploads\/2020\/09\/plain-cat-4-768x768.jpg 768w, https:\/\/richarms.com\/wp-content\/uploads\/2020\/09\/plain-cat-4.jpg 800w\" data-sizes=\"auto\" data-orig-sizes=\"(max-width: 800px) 100vw, 800px\" \/><\/p>\n<p>&nbsp;<\/p>","protected":false},"excerpt":{"rendered":"<p>Cat Shape Magnetic Lock for Bag, Purse &amp; Notebook<\/p>\n<p>Color: oro claro, n\u00edquel, oro rosa, lat\u00f3n antiguo, cepillo antiguo y otros colores.<br \/>\nMaterial: aleaci\u00f3n de zinc<br \/>\nUso: confecci\u00f3n de bolsos, montaje con broches magn\u00e9ticos<br \/>\nUnit weight: 19g<br \/>\nMOQ: 1000 piezas (mezcla de 3 colores) por env\u00edo<\/p>","protected":false},"featured_media":6958,"template":"","meta":[],"product_brand":[],"product_cat":[77],"product_tag":[],"class_list":{"0":"post-6955","1":"product","2":"type-product","3":"status-publish","4":"has-post-thumbnail","6":"product_cat-zinc-alloy-magnetic-lock","8":"first","9":"instock","10":"shipping-taxable","11":"product-type-simple"},"aioseo_notices":[],"_links":{"self":[{"href":"https:\/\/richarms.com\/es\/wp-json\/wp\/v2\/product\/6955","targetHints":{"allow":["GET"]}}],"collection":[{"href":"https:\/\/richarms.com\/es\/wp-json\/wp\/v2\/product"}],"about":[{"href":"https:\/\/richarms.com\/es\/wp-json\/wp\/v2\/types\/product"}],"wp:featuredmedia":[{"embeddable":true,"href":"https:\/\/richarms.com\/es\/wp-json\/wp\/v2\/media\/6958"}],"wp:attachment":[{"href":"https:\/\/richarms.com\/es\/wp-json\/wp\/v2\/media?parent=6955"}],"wp:term":[{"taxonomy":"product_brand","embeddable":true,"href":"https:\/\/richarms.com\/es\/wp-json\/wp\/v2\/product_brand?post=6955"},{"taxonomy":"product_cat","embeddable":true,"href":"https:\/\/richarms.com\/es\/wp-json\/wp\/v2\/product_cat?post=6955"},{"taxonomy":"product_tag","embeddable":true,"href":"https:\/\/richarms.com\/es\/wp-json\/wp\/v2\/product_tag?post=6955"}],"curies":[{"name":"wp","href":"https:\/\/api.w.org\/{rel}","templated":true}]}}