{"id":6977,"date":"2021-07-10T11:28:35","date_gmt":"2021-07-10T03:28:35","guid":{"rendered":"https:\/\/richarms.com\/?post_type=product&#038;p=6977"},"modified":"2025-03-13T15:57:10","modified_gmt":"2025-03-13T07:57:10","slug":"magnetic-closure-round","status":"publish","type":"product","link":"https:\/\/richarms.com\/es\/product\/magnetic-closure-round","title":{"rendered":"Cerradura magn\u00e9tica de disco redondo - Herrajes personalizados de aleaci\u00f3n de zinc"},"content":{"rendered":"<h1 data-start=\"298\" data-end=\"364\"><strong data-start=\"300\" data-end=\"364\">Cierre magn\u00e9tico de disco redondo: un elegante cierre para bolsos y mucho m\u00e1s<\/strong><\/h1>\n<p data-start=\"366\" data-end=\"876\">Cuando se trata de crear un bolso o accesorio que destaque, cada detalle es importante. En <strong data-start=\"447\" data-end=\"475\">Cerradura magn\u00e9tica de disco redondo<\/strong> ofrece un atractivo visual y una funcionalidad fiable, lo que lo convierte en una opci\u00f3n popular para las marcas que buscan elevar su l\u00ednea de productos. Fabricado con una duradera aleaci\u00f3n de zinc, este cierre tiene un dise\u00f1o limpio y circular que encaja perfectamente en la solapa de un bolso, funda de port\u00e1til o caja de regalo. Es f\u00e1cil de montar y emite un \"clic\" n\u00edtido cada vez que se cierra, una garant\u00eda de calidad que los clientes aprecian.<\/p>\n<hr data-start=\"878\" data-end=\"881\" \/>\n<h2 data-start=\"883\" data-end=\"933\"><strong data-start=\"886\" data-end=\"933\">\u00bfPor qu\u00e9 elegir una cerradura magn\u00e9tica de disco redondo?<\/strong><\/h2>\n<h3 data-start=\"935\" data-end=\"974\"><strong data-start=\"939\" data-end=\"974\">Atractivo pero funcional<\/strong><\/h3>\n<p data-start=\"976\" data-end=\"1327\">La forma de disco redondo capta la luz maravillosamente, creando un punto focal en su bolso o port\u00e1til. A diferencia de los cierres m\u00e1s voluminosos, este cierre magn\u00e9tico queda a ras del material, conservando una silueta elegante. El mecanismo es sencillo pero eficaz: un disco met\u00e1lico en el exterior y un componente interior imantado que mantiene todo firmemente en su sitio.<\/p>\n<div id=\"attachment_8233\" style=\"width: 1288px\" class=\"wp-caption alignnone\"><img decoding=\"async\" aria-describedby=\"caption-attachment-8233\" class=\"lazyload wp-image-8233 size-full\" src=\"https:\/\/richarms.com\/wp-content\/uploads\/2021\/07\/41881741852255_.pic_.jpg\" data-orig-src=\"https:\/\/richarms.com\/wp-content\/uploads\/2021\/07\/41881741852255_.pic_.jpg\" alt=\"Round disc magnetic lock on a vibrant handheld leather purse, showcasing convenience and style.\" width=\"1278\" height=\"1704\" srcset=\"data:image\/svg+xml,%3Csvg%20xmlns%3D%27http%3A%2F%2Fwww.w3.org%2F2000%2Fsvg%27%20width%3D%271278%27%20height%3D%271704%27%20viewBox%3D%270%200%201278%201704%27%3E%3Crect%20width%3D%271278%27%20height%3D%271704%27%20fill-opacity%3D%220%22%2F%3E%3C%2Fsvg%3E\" data-srcset=\"https:\/\/richarms.com\/wp-content\/uploads\/2021\/07\/41881741852255_.pic_-200x267.jpg 200w, https:\/\/richarms.com\/wp-content\/uploads\/2021\/07\/41881741852255_.pic_-225x300.jpg 225w, https:\/\/richarms.com\/wp-content\/uploads\/2021\/07\/41881741852255_.pic_-400x533.jpg 400w, https:\/\/richarms.com\/wp-content\/uploads\/2021\/07\/41881741852255_.pic_-500x667.jpg 500w, https:\/\/richarms.com\/wp-content\/uploads\/2021\/07\/41881741852255_.pic_-600x800.jpg 600w, https:\/\/richarms.com\/wp-content\/uploads\/2021\/07\/41881741852255_.pic_-700x933.jpg 700w, https:\/\/richarms.com\/wp-content\/uploads\/2021\/07\/41881741852255_.pic_-768x1024.jpg 768w, https:\/\/richarms.com\/wp-content\/uploads\/2021\/07\/41881741852255_.pic_-800x1067.jpg 800w, https:\/\/richarms.com\/wp-content\/uploads\/2021\/07\/41881741852255_.pic_-1152x1536.jpg 1152w, https:\/\/richarms.com\/wp-content\/uploads\/2021\/07\/41881741852255_.pic_-1200x1600.jpg 1200w, https:\/\/richarms.com\/wp-content\/uploads\/2021\/07\/41881741852255_.pic_.jpg 1278w\" data-sizes=\"auto\" data-orig-sizes=\"(max-width: 1278px) 100vw, 1278px\" \/><p id=\"caption-attachment-8233\" class=\"wp-caption-text\">Esta imagen muestra nuestro cierre magn\u00e9tico aplicado en un monedero de mano de piel, que ofrece un cierre seguro y c\u00f3modo con un acabado llamativo y vibrante.<\/p><\/div>\n<h3 data-start=\"1329\" data-end=\"1371\"><strong data-start=\"1333\" data-end=\"1371\">Construcci\u00f3n robusta de aleaci\u00f3n de zinc<\/strong><\/h3>\n<p data-start=\"1373\" data-end=\"1749\">Como esta cerradura se fabrica principalmente con <strong data-start=\"1414\" data-end=\"1428\">aleaci\u00f3n de zinc<\/strong>ofrece un buen equilibrio entre resistencia y peso. El metal resiste la corrosi\u00f3n, por lo que es adecuado para el uso diario en bolsos, carteras de viaje e incluso embalajes personalizados. Un soporte de hierro y un <strong data-start=\"1622\" data-end=\"1642\">im\u00e1n de neodimio<\/strong> a\u00f1aden seguridad adicional, garantizando que la cerradura pueda soportar aperturas y cierres regulares sin perder su agarre.<\/p>\n<h3 data-start=\"1751\" data-end=\"1786\"><strong data-start=\"1755\" data-end=\"1786\">Ideal para la venta al por mayor B2B<\/strong><\/h3>\n<p data-start=\"1788\" data-end=\"2159\">Nuestra cerradura magn\u00e9tica de disco redondo est\u00e1 dise\u00f1ada con <strong data-start=\"1834\" data-end=\"1858\">Venta al por mayor personalizada B2B<\/strong> en mente. Con una cantidad m\u00ednima de pedido (MOQ) de 1.000 unidades -mezclables en hasta tres colores-, este hardware es accesible tanto para marcas consolidadas como para marcas emergentes. El proceso de producci\u00f3n da prioridad a la consistencia, lo que le permite contar con los mismos resultados de primera categor\u00eda en pedidos grandes o repetidos.<\/p>\n<p data-start=\"1788\" data-end=\"2159\"><a href=\"https:\/\/richarms.com\/es\/producto\/magnetic-closure-half-moon\/\">Cerradura de luna llena <\/a>comprar aqu\u00ed<\/p>\n<hr data-start=\"2161\" data-end=\"2164\" \/>\n<h2 data-start=\"2166\" data-end=\"2202\"><strong data-start=\"2169\" data-end=\"2202\">Detalles t\u00e9cnicos y especificaciones<\/strong><\/h2>\n<p data-start=\"2204\" data-end=\"2259\">A continuaci\u00f3n se ofrece un breve resumen de las especificaciones de la cerradura:<\/p>\n<div class=\"overflow-x-auto contain-inline-size\">\n<table data-start=\"2261\" data-end=\"3387\">\n<thead data-start=\"2261\" data-end=\"2386\">\n<tr data-start=\"2261\" data-end=\"2386\">\n<th data-start=\"2261\" data-end=\"2291\"><strong data-start=\"2263\" data-end=\"2271\">Art\u00edculo<\/strong><\/th>\n<th data-start=\"2291\" data-end=\"2386\"><strong data-start=\"2293\" data-end=\"2304\">Detalles<\/strong><\/th>\n<\/tr>\n<\/thead>\n<tbody data-start=\"2512\" data-end=\"3387\">\n<tr data-start=\"2512\" data-end=\"2636\">\n<td><strong data-start=\"2514\" data-end=\"2526\">Material<\/strong><\/td>\n<td>Aleaci\u00f3n de zinc, hierro, im\u00e1n de neodimio<\/td>\n<\/tr>\n<tr data-start=\"2637\" data-end=\"2761\">\n<td><strong data-start=\"2639\" data-end=\"2648\">Forma<\/strong><\/td>\n<td>Disco redondo, que ofrece una gran superficie para la marca<\/td>\n<\/tr>\n<tr data-start=\"2762\" data-end=\"2887\">\n<td><strong data-start=\"2764\" data-end=\"2774\">Peso<\/strong><\/td>\n<td>Aproximadamente <strong data-start=\"2807\" data-end=\"2815\">15 g<\/strong>aunque puede variar en funci\u00f3n del tama\u00f1o final<\/td>\n<\/tr>\n<tr data-start=\"2888\" data-end=\"3012\">\n<td><strong data-start=\"2890\" data-end=\"2902\">Acabados<\/strong><\/td>\n<td><strong data-start=\"2919\" data-end=\"2968\">Oro claro, n\u00edquel, oro rosa, lat\u00f3n antiguo,<\/strong> y m\u00e1s<\/td>\n<\/tr>\n<tr data-start=\"3013\" data-end=\"3136\">\n<td><strong data-start=\"3015\" data-end=\"3022\">MOQ<\/strong><\/td>\n<td><strong data-start=\"3044\" data-end=\"3056\">1000 unidades<\/strong> (mezcla de 3 colores por env\u00edo)<\/td>\n<\/tr>\n<tr data-start=\"3137\" data-end=\"3261\">\n<td><strong data-start=\"3139\" data-end=\"3155\">Aplicaciones<\/strong><\/td>\n<td>Bolsos, monederos, fundas para port\u00e1tiles, cajas de regalo y otros accesorios<\/td>\n<\/tr>\n<tr data-start=\"3262\" data-end=\"3387\">\n<td><strong data-start=\"3264\" data-end=\"3281\">Personalizaci\u00f3n<\/strong><\/td>\n<td><strong data-start=\"3293\" data-end=\"3350\">Grabado de logotipos, ajustes de formas, tratamientos superficiales<\/strong> como el epoxi o la serigraf\u00eda<\/td>\n<\/tr>\n<\/tbody>\n<\/table>\n<\/div>\n<hr data-start=\"3389\" data-end=\"3392\" \/>\n<h2 data-start=\"3394\" data-end=\"3426\"><strong data-start=\"3397\" data-end=\"3426\">Opciones de personalizaci\u00f3n<\/strong><\/h2>\n<h3 data-start=\"3428\" data-end=\"3455\"><strong data-start=\"3432\" data-end=\"3455\">Dise\u00f1o flexible<\/strong><\/h3>\n<p data-start=\"3457\" data-end=\"3771\">Una caracter\u00edstica definitoria de nuestra cerradura de disco redondo es su adaptabilidad. Podemos ajustar el di\u00e1metro, el grosor y el perfil general a los requisitos de su proyecto. Tanto si necesita un candado m\u00e1s compacto para un embrague fino como un disco m\u00e1s grande para un bolso de viaje llamativo, nuestro equipo de producci\u00f3n est\u00e1 preparado para ello.<\/p>\n<h3 data-start=\"3773\" data-end=\"3810\"><strong data-start=\"3777\" data-end=\"3810\">Variaciones de color y acabado<\/strong><\/h3>\n<p data-start=\"3812\" data-end=\"4191\">Adem\u00e1s de acabados est\u00e1ndar como <strong data-start=\"3850\" data-end=\"3887\">oro claro, n\u00edquel y oro rosa<\/strong>ofrecemos miradas m\u00e1s especializadas como <strong data-start=\"3929\" data-end=\"3946\">lat\u00f3n antiguo<\/strong> o una textura cepillada. Para las marcas que desean un aspecto a\u00fan m\u00e1s distintivo, podemos aplicar epoxi, grabado l\u00e1ser o <strong data-start=\"4067\" data-end=\"4091\">serigraf\u00eda<\/strong> a la superficie. Estas mejoras facilitan la integraci\u00f3n de los herrajes en la identidad visual de una marca.<\/p>\n<h3 data-start=\"4193\" data-end=\"4222\"><strong data-start=\"4197\" data-end=\"4222\">Logotipo y marca<\/strong><\/h3>\n<p data-start=\"4224\" data-end=\"4518\">Reconocemos la importancia de una marca coherente en toda su l\u00ednea de productos. Nuestro equipo puede incorporar <strong data-start=\"4326\" data-end=\"4342\">logotipos personalizados<\/strong>-ya sea como elementos en relieve, empotrados o impresos- directamente sobre la superficie del cierre. Este enfoque garantiza que cada detalle, hasta el cierre, refleje la personalidad de su marca.<\/p>\n<hr data-start=\"4520\" data-end=\"4523\" \/>\n<h2 data-start=\"4525\" data-end=\"4593\"><strong data-start=\"4528\" data-end=\"4593\">Aumente el atractivo de su producto con un cierre magn\u00e9tico de disco redondo<\/strong><\/h2>\n<p data-start=\"4595\" data-end=\"4973\">Un cierre fiable puede influir en la percepci\u00f3n de calidad de un cliente, y un dise\u00f1o elegante puede elevar todo un accesorio. El sitio <strong data-start=\"4722\" data-end=\"4750\">Cerradura magn\u00e9tica de disco redondo<\/strong> combina estos dos elementos, ofreciendo un atractivo disco met\u00e1lico que encaja con seguridad en su lugar. Es una opci\u00f3n pr\u00e1ctica para bolsos, cuadernos y art\u00edculos de regalo de uso diario, al tiempo que refuerza la imagen de lujo de una marca.<\/p>\n<p data-start=\"4975\" data-end=\"5333\">Si busca un socio de confianza en hardware, estamos aqu\u00ed para ayudarle. Nuestro proceso de fabricaci\u00f3n optimizado, <strong data-start=\"5087\" data-end=\"5123\">Normas de calidad europeas<\/strong>y <strong data-start=\"5129\" data-end=\"5152\">precios competitivos<\/strong> de nuestras instalaciones en China le garantizan el m\u00e1ximo valor. Tambi\u00e9n ofrecemos plazos de entrega r\u00e1pidos para ajustarnos a calendarios ajustados, perfectos para lanzamientos de productos o promociones especiales.<\/p>\n<hr data-start=\"5335\" data-end=\"5338\" \/>\n<p data-start=\"5340\" data-end=\"5594\" data-is-last-node=\"\" data-is-only-node=\"\"><strong data-start=\"5340\" data-end=\"5395\">Listo para hablar de su pr\u00f3ximo encargo <a href=\"https:\/\/richarms.com\/es\/logo-hardware\/\">logo hardware<\/a> proyecto?<\/strong> P\u00f3ngase en contacto con nuestro equipo para obtener m\u00e1s informaci\u00f3n sobre precios, plazos de producci\u00f3n y cualquier petici\u00f3n especial que pueda tener. Estamos deseando ayudarle a crear una l\u00ednea de productos que destaque en un mercado saturado. Visite <a href=\"https:\/\/www.pinterest.com\/richarmsaccessoriesgroups\/\">pinterest<\/a> para inspirarse.<\/p>","protected":false},"excerpt":{"rendered":"<p>Cierre magn\u00e9tico redondo para bolso, monedero y port\u00e1til<\/p>\n<p>Color: oro claro, n\u00edquel, oro rosa, lat\u00f3n antiguo, cepillo antiguo y otros colores.<br \/>\nMaterial: aleaci\u00f3n de zinc<br \/>\nUso: confecci\u00f3n de bolsos, montaje con broches magn\u00e9ticos<br \/>\nPeso unitario: 45 g<br \/>\nMOQ: 1000 piezas (mezcla de 3 colores) por env\u00edo<\/p>","protected":false},"featured_media":6975,"template":"","meta":[],"product_brand":[],"product_cat":[77],"product_tag":[],"class_list":{"0":"post-6977","1":"product","2":"type-product","3":"status-publish","4":"has-post-thumbnail","6":"product_cat-zinc-alloy-magnetic-lock","8":"first","9":"instock","10":"shipping-taxable","11":"product-type-simple"},"aioseo_notices":[],"_links":{"self":[{"href":"https:\/\/richarms.com\/es\/wp-json\/wp\/v2\/product\/6977","targetHints":{"allow":["GET"]}}],"collection":[{"href":"https:\/\/richarms.com\/es\/wp-json\/wp\/v2\/product"}],"about":[{"href":"https:\/\/richarms.com\/es\/wp-json\/wp\/v2\/types\/product"}],"wp:featuredmedia":[{"embeddable":true,"href":"https:\/\/richarms.com\/es\/wp-json\/wp\/v2\/media\/6975"}],"wp:attachment":[{"href":"https:\/\/richarms.com\/es\/wp-json\/wp\/v2\/media?parent=6977"}],"wp:term":[{"taxonomy":"product_brand","embeddable":true,"href":"https:\/\/richarms.com\/es\/wp-json\/wp\/v2\/product_brand?post=6977"},{"taxonomy":"product_cat","embeddable":true,"href":"https:\/\/richarms.com\/es\/wp-json\/wp\/v2\/product_cat?post=6977"},{"taxonomy":"product_tag","embeddable":true,"href":"https:\/\/richarms.com\/es\/wp-json\/wp\/v2\/product_tag?post=6977"}],"curies":[{"name":"wp","href":"https:\/\/api.w.org\/{rel}","templated":true}]}}