{"id":7060,"date":"2021-06-12T14:48:41","date_gmt":"2021-06-12T06:48:41","guid":{"rendered":"https:\/\/richarms.com\/?post_type=product&#038;p=7060"},"modified":"2025-02-18T17:22:37","modified_gmt":"2025-02-18T09:22:37","slug":"machine-tooling-for-single-rivet","status":"publish","type":"product","link":"https:\/\/richarms.com\/es\/product\/machine-tooling-for-single-rivet","title":{"rendered":"M\u00e1quina herramienta para remache simple"},"content":{"rendered":"<h1>Machine Tooling For Single Rivet Magnetic Snaps<\/h1>\n<p><strong>Tallas y c\u00f3digos disponibles<\/strong><\/p>\n<table style=\"height: 369px;\" width=\"731\">\n<tbody>\n<tr>\n<td width=\"108\"><strong><b>C\u00f3digo<\/b><\/strong><\/td>\n<td width=\"74\"><strong><b>Talla<\/b><\/strong><\/td>\n<td width=\"106\"><strong><b>Chasquido femenino\u00a0 \u00a0 \u00a0 \u00a0 \u00a0 \u00a0<\/b><\/strong><strong><b>TH<\/b><\/strong><\/td>\n<td width=\"139\"><strong><b>Female OR Male\u00a0 \u00a0 \u00a0 \u00a0 \u00a0 \u00a0 \u00a0 <\/b><\/strong><strong><b>Cap <\/b><\/strong><strong><b>Talla<\/b><\/strong><\/td>\n<td width=\"133\"><strong><b>FOTO<\/b><\/strong><\/td>\n<\/tr>\n<tr>\n<td width=\"108\">RC-SR1420T<\/td>\n<td width=\"74\">14 mm<\/td>\n<td width=\"106\">2 mm<\/td>\n<td width=\"139\">12 mm<\/td>\n<td rowspan=\"5\" width=\"133\">Female with cap<\/p>\n<p><img decoding=\"async\" class=\"lazyload wp-image-7137 aligncenter\" style=\"font-family: inherit; font-size: inherit;\" src=\"https:\/\/richarms.com\/wp-content\/uploads\/2021\/07\/41.jpg\" data-orig-src=\"https:\/\/richarms.com\/wp-content\/uploads\/2021\/07\/41.jpg\" alt=\"\" width=\"125\" height=\"114\" srcset=\"data:image\/svg+xml,%3Csvg%20xmlns%3D%27http%3A%2F%2Fwww.w3.org%2F2000%2Fsvg%27%20width%3D%27125%27%20height%3D%27114%27%20viewBox%3D%270%200%20125%20114%27%3E%3Crect%20width%3D%27125%27%20height%3D%27114%27%20fill-opacity%3D%220%22%2F%3E%3C%2Fsvg%3E\" data-srcset=\"https:\/\/richarms.com\/wp-content\/uploads\/2021\/07\/41-200x183.jpg 200w, https:\/\/richarms.com\/wp-content\/uploads\/2021\/07\/41-300x275.jpg 300w, https:\/\/richarms.com\/wp-content\/uploads\/2021\/07\/41-400x367.jpg 400w, https:\/\/richarms.com\/wp-content\/uploads\/2021\/07\/41-500x458.jpg 500w, https:\/\/richarms.com\/wp-content\/uploads\/2021\/07\/41-600x550.jpg 600w, https:\/\/richarms.com\/wp-content\/uploads\/2021\/07\/41.jpg 626w\" data-sizes=\"auto\" data-orig-sizes=\"(max-width: 125px) 100vw, 125px\" \/><\/p>\n<p>Male with cap<\/p>\n<p><img decoding=\"async\" class=\"lazyload wp-image-7146 aligncenter\" src=\"https:\/\/richarms.com\/wp-content\/uploads\/2021\/07\/3.jpg\" data-orig-src=\"https:\/\/richarms.com\/wp-content\/uploads\/2021\/07\/3.jpg\" alt=\"\" width=\"125\" height=\"111\" srcset=\"data:image\/svg+xml,%3Csvg%20xmlns%3D%27http%3A%2F%2Fwww.w3.org%2F2000%2Fsvg%27%20width%3D%27125%27%20height%3D%27111%27%20viewBox%3D%270%200%20125%20111%27%3E%3Crect%20width%3D%27125%27%20height%3D%27111%27%20fill-opacity%3D%220%22%2F%3E%3C%2Fsvg%3E\" data-srcset=\"https:\/\/richarms.com\/wp-content\/uploads\/2021\/07\/3-200x178.jpg 200w, https:\/\/richarms.com\/wp-content\/uploads\/2021\/07\/3-300x267.jpg 300w, https:\/\/richarms.com\/wp-content\/uploads\/2021\/07\/3-400x356.jpg 400w, https:\/\/richarms.com\/wp-content\/uploads\/2021\/07\/3-500x446.jpg 500w, https:\/\/richarms.com\/wp-content\/uploads\/2021\/07\/3-600x535.jpg 600w, https:\/\/richarms.com\/wp-content\/uploads\/2021\/07\/3.jpg 643w\" data-sizes=\"auto\" data-orig-sizes=\"(max-width: 125px) 100vw, 125px\" \/><\/td>\n<\/tr>\n<tr>\n<td width=\"108\">RC-SR1435T<\/td>\n<td width=\"74\">14 mm<\/td>\n<td width=\"106\">3,5 mm<\/td>\n<td width=\"139\">12 mm<\/td>\n<\/tr>\n<tr>\n<td width=\"108\">RC-SR1820T<\/td>\n<td width=\"74\">18 mm<\/td>\n<td width=\"106\">2 mm<\/td>\n<td width=\"139\">12 mm<\/td>\n<\/tr>\n<tr>\n<td width=\"108\">RC-SR1840T<\/td>\n<td width=\"74\">18 mm<\/td>\n<td width=\"106\">4,0 mm<\/td>\n<td width=\"139\">12 mm<\/td>\n<\/tr>\n<tr>\n<td width=\"108\">RC-SR1845T<\/td>\n<td width=\"74\">18 mm<\/td>\n<td width=\"106\">4,5 mm<\/td>\n<td width=\"139\">12 mm<\/td>\n<\/tr>\n<\/tbody>\n<\/table>\n<p><strong><b>\u00a0<\/b><\/strong><\/p>\n<h4 data-start=\"842\" data-end=\"868\"><strong data-start=\"847\" data-end=\"868\">Opciones de tama\u00f1o de tapa:<\/strong><\/h4>\n<p data-start=\"869\" data-end=\"944\">Tama\u00f1os est\u00e1ndar: 8mm, 9mm, 12mm, 14mm<br data-start=\"905\" data-end=\"908\" \/>Tama\u00f1os personalizados disponibles previa solicitud.<\/p>\n<p data-start=\"869\" data-end=\"944\"><a href=\"https:\/\/richarms.com\/es\/producto\/machine-tooling-for-double-rivet\/\">Broches magn\u00e9ticos de remache simple Enlaces de M\u00e1quina-Herramienta<\/a><\/p>\n<p><strong><b>\u00a0<\/b><\/strong><\/p>\n<p><strong>Instalaci\u00f3n<\/strong><\/p>\n<div id=\"attachment_7125\" style=\"width: 607px\" class=\"wp-caption alignnone\"><img decoding=\"async\" aria-describedby=\"caption-attachment-7125\" class=\"lazyload wp-image-7125 size-full\" src=\"https:\/\/richarms.com\/wp-content\/uploads\/2021\/07\/\u5355\u53cc\u649e\u82f1\u6587\u6587.jpg\" data-orig-src=\"https:\/\/richarms.com\/wp-content\/uploads\/2021\/07\/\u5355\u53cc\u649e\u82f1\u6587\u6587.jpg\" alt=\"Machine Tooling for Single or Double Rivet Magnetic Snaps Installation Guide\" width=\"597\" height=\"1651\" srcset=\"data:image\/svg+xml,%3Csvg%20xmlns%3D%27http%3A%2F%2Fwww.w3.org%2F2000%2Fsvg%27%20width%3D%27597%27%20height%3D%271651%27%20viewBox%3D%270%200%20597%201651%27%3E%3Crect%20width%3D%27597%27%20height%3D%271651%27%20fill-opacity%3D%220%22%2F%3E%3C%2Fsvg%3E\" data-srcset=\"https:\/\/richarms.com\/wp-content\/uploads\/2021\/07\/\u5355\u53cc\u649e\u82f1\u6587\u6587-108x300.jpg 108w, https:\/\/richarms.com\/wp-content\/uploads\/2021\/07\/\u5355\u53cc\u649e\u82f1\u6587\u6587-200x553.jpg 200w, https:\/\/richarms.com\/wp-content\/uploads\/2021\/07\/\u5355\u53cc\u649e\u82f1\u6587\u6587-370x1024.jpg 370w, https:\/\/richarms.com\/wp-content\/uploads\/2021\/07\/\u5355\u53cc\u649e\u82f1\u6587\u6587-400x1106.jpg 400w, https:\/\/richarms.com\/wp-content\/uploads\/2021\/07\/\u5355\u53cc\u649e\u82f1\u6587\u6587-500x1383.jpg 500w, https:\/\/richarms.com\/wp-content\/uploads\/2021\/07\/\u5355\u53cc\u649e\u82f1\u6587\u6587-555x1536.jpg 555w, https:\/\/richarms.com\/wp-content\/uploads\/2021\/07\/\u5355\u53cc\u649e\u82f1\u6587\u6587.jpg 597w\" data-sizes=\"auto\" data-orig-sizes=\"(max-width: 597px) 100vw, 597px\" \/><p id=\"caption-attachment-7125\" class=\"wp-caption-text\">Siga estos pasos para instalar con precisi\u00f3n y facilidad las herramientas de m\u00e1quina para broches magn\u00e9ticos de uno o dos remaches.<\/p><\/div>\n<p>Para obtener instrucciones detalladas, consulte nuestro <a href=\"https:\/\/youtu.be\/P2R2KSB6QS0?feature=shared\" target=\"_new\" rel=\"noopener\" data-start=\"1051\" data-end=\"1092\">tutorial de v\u00eddeo<\/a>.<\/p>","protected":false},"excerpt":{"rendered":"<div class=\"sr-txt-title\">\n<p>Tama\u00f1o: 14 mm, 18 mm<\/p>\n<p>Material: Hierro<\/p>\n<p>Model Number: RC-SR1420MT\/1435MT\/1820MT\/1840MT\/1845MT<\/p>\n<p>Embalaje: caja y cart\u00f3n<\/p>\n<p>Env\u00edos: LCL \/ DHL \/ FedEx \/ TNT \/ Otros<\/p>\n<p>Categor\u00eda: Utillaje<\/p>\n<\/div>","protected":false},"featured_media":7155,"template":"","meta":[],"product_brand":[],"product_cat":[79],"product_tag":[],"class_list":{"0":"post-7060","1":"product","2":"type-product","3":"status-publish","4":"has-post-thumbnail","6":"product_cat-tooling","8":"first","9":"instock","10":"shipping-taxable","11":"product-type-simple"},"aioseo_notices":[],"_links":{"self":[{"href":"https:\/\/richarms.com\/es\/wp-json\/wp\/v2\/product\/7060","targetHints":{"allow":["GET"]}}],"collection":[{"href":"https:\/\/richarms.com\/es\/wp-json\/wp\/v2\/product"}],"about":[{"href":"https:\/\/richarms.com\/es\/wp-json\/wp\/v2\/types\/product"}],"wp:featuredmedia":[{"embeddable":true,"href":"https:\/\/richarms.com\/es\/wp-json\/wp\/v2\/media\/7155"}],"wp:attachment":[{"href":"https:\/\/richarms.com\/es\/wp-json\/wp\/v2\/media?parent=7060"}],"wp:term":[{"taxonomy":"product_brand","embeddable":true,"href":"https:\/\/richarms.com\/es\/wp-json\/wp\/v2\/product_brand?post=7060"},{"taxonomy":"product_cat","embeddable":true,"href":"https:\/\/richarms.com\/es\/wp-json\/wp\/v2\/product_cat?post=7060"},{"taxonomy":"product_tag","embeddable":true,"href":"https:\/\/richarms.com\/es\/wp-json\/wp\/v2\/product_tag?post=7060"}],"curies":[{"name":"wp","href":"https:\/\/api.w.org\/{rel}","templated":true}]}}