{"id":7099,"date":"2021-06-12T14:35:49","date_gmt":"2021-06-12T06:35:49","guid":{"rendered":"https:\/\/richarms.com\/?post_type=product&#038;p=7099"},"modified":"2025-02-18T17:37:11","modified_gmt":"2025-02-18T09:37:11","slug":"machine-tooling-for-double-rivet","status":"publish","type":"product","link":"https:\/\/richarms.com\/es\/product\/machine-tooling-for-double-rivet","title":{"rendered":"M\u00e1quina herramienta para remache doble"},"content":{"rendered":"<h1>M\u00e1quina herramienta para broches magn\u00e9ticos de doble remache<\/h1>\n<p><strong>Tallas y c\u00f3digos disponibles<\/strong><\/p>\n<table style=\"height: 293px;\" width=\"790\">\n<tbody>\n<tr>\n<td width=\"108\"><strong><b>C\u00f3digo<\/b><\/strong><\/td>\n<td width=\"74\"><strong><b>Talla<\/b><\/strong><\/td>\n<td width=\"106\"><strong><b>Chasquido femenino\u00a0 \u00a0 \u00a0 \u00a0 \u00a0 <\/b><\/strong><strong><b>TH<\/b><\/strong><\/td>\n<td width=\"139\"><strong><b>Femenino y Masculino\u00a0 \u00a0 \u00a0 \u00a0 \u00a0 \u00a0<\/b><\/strong><strong><b>CAP <\/b><\/strong><strong><b>Talla<\/b><\/strong><\/td>\n<td width=\"198\"><strong><b>FOTO<\/b><\/strong><\/td>\n<\/tr>\n<tr>\n<td width=\"108\">RC-DR1420MT<\/td>\n<td width=\"74\">14 mm<\/td>\n<td width=\"106\">2 mm<\/td>\n<td width=\"139\">12 mm<\/td>\n<td rowspan=\"5\" width=\"198\"><img decoding=\"async\" class=\"lazyload alignnone size-full wp-image-7149\" src=\"data:image\/svg+xml,%3Csvg%20xmlns%3D%27http%3A%2F%2Fwww.w3.org%2F2000%2Fsvg%27%20width%3D%27700%27%20height%3D%27290%27%20viewBox%3D%270%200%20700%20290%27%3E%3Crect%20width%3D%27700%27%20height%3D%27290%27%20fill-opacity%3D%220%22%2F%3E%3C%2Fsvg%3E\" data-orig-src=\"https:\/\/richarms.com\/wp-content\/uploads\/2021\/07\/6-e1626100971477.jpg\" alt=\"\" width=\"700\" height=\"290\" \/><\/td>\n<\/tr>\n<tr>\n<td width=\"108\">RC-DR1435MT<\/td>\n<td width=\"74\">14 mm<\/td>\n<td width=\"106\">3,5 mm<\/td>\n<td width=\"139\">12 mm<\/td>\n<\/tr>\n<tr>\n<td width=\"108\">RC-DR1820MT<\/td>\n<td width=\"74\">18 mm<\/td>\n<td width=\"106\">2 mm<\/td>\n<td width=\"139\">12 mm<\/td>\n<\/tr>\n<tr>\n<td width=\"108\">RC-DR1840MT<\/td>\n<td width=\"74\">18 mm<\/td>\n<td width=\"106\">4,0 mm<\/td>\n<td width=\"139\">12 mm<\/td>\n<\/tr>\n<tr>\n<td width=\"108\">RC-DR1845MT<\/td>\n<td width=\"74\">18 mm<\/td>\n<td width=\"106\">4,5 mm<\/td>\n<td width=\"139\">12 mm<\/td>\n<\/tr>\n<\/tbody>\n<\/table>\n<h4 data-start=\"842\" data-end=\"868\"><strong data-start=\"847\" data-end=\"868\">Opciones de tama\u00f1o de tapa:<\/strong><\/h4>\n<p data-start=\"869\" data-end=\"944\">Tama\u00f1os est\u00e1ndar: 8mm, 9mm, 12mm, 14mm<br data-start=\"905\" data-end=\"908\" \/>Tama\u00f1os personalizados disponibles previa solicitud.<\/p>\n<p data-start=\"869\" data-end=\"944\"><a href=\"https:\/\/richarms.com\/es\/producto\/machine-tooling-for-single-rivet\/\">Broches magn\u00e9ticos de remache simple Enlaces de M\u00e1quina-Herramienta<\/a><\/p>\n<p>&nbsp;<\/p>\n<p><strong>Instalaci\u00f3n<\/strong><\/p>\n<div id=\"attachment_7125\" style=\"width: 607px\" class=\"wp-caption alignnone\"><img decoding=\"async\" aria-describedby=\"caption-attachment-7125\" class=\"lazyload wp-image-7125 size-full\" src=\"https:\/\/richarms.com\/wp-content\/uploads\/2021\/07\/\u5355\u53cc\u649e\u82f1\u6587\u6587.jpg\" data-orig-src=\"https:\/\/richarms.com\/wp-content\/uploads\/2021\/07\/\u5355\u53cc\u649e\u82f1\u6587\u6587.jpg\" alt=\"Machine Tooling for Single or Double Rivet Magnetic Snaps Installation Guide\" width=\"597\" height=\"1651\" srcset=\"data:image\/svg+xml,%3Csvg%20xmlns%3D%27http%3A%2F%2Fwww.w3.org%2F2000%2Fsvg%27%20width%3D%27597%27%20height%3D%271651%27%20viewBox%3D%270%200%20597%201651%27%3E%3Crect%20width%3D%27597%27%20height%3D%271651%27%20fill-opacity%3D%220%22%2F%3E%3C%2Fsvg%3E\" data-srcset=\"https:\/\/richarms.com\/wp-content\/uploads\/2021\/07\/\u5355\u53cc\u649e\u82f1\u6587\u6587-108x300.jpg 108w, https:\/\/richarms.com\/wp-content\/uploads\/2021\/07\/\u5355\u53cc\u649e\u82f1\u6587\u6587-200x553.jpg 200w, https:\/\/richarms.com\/wp-content\/uploads\/2021\/07\/\u5355\u53cc\u649e\u82f1\u6587\u6587-370x1024.jpg 370w, https:\/\/richarms.com\/wp-content\/uploads\/2021\/07\/\u5355\u53cc\u649e\u82f1\u6587\u6587-400x1106.jpg 400w, https:\/\/richarms.com\/wp-content\/uploads\/2021\/07\/\u5355\u53cc\u649e\u82f1\u6587\u6587-500x1383.jpg 500w, https:\/\/richarms.com\/wp-content\/uploads\/2021\/07\/\u5355\u53cc\u649e\u82f1\u6587\u6587-555x1536.jpg 555w, https:\/\/richarms.com\/wp-content\/uploads\/2021\/07\/\u5355\u53cc\u649e\u82f1\u6587\u6587.jpg 597w\" data-sizes=\"auto\" data-orig-sizes=\"(max-width: 597px) 100vw, 597px\" \/><p id=\"caption-attachment-7125\" class=\"wp-caption-text\">Siga estos pasos para instalar con precisi\u00f3n y facilidad las herramientas de m\u00e1quina para broches magn\u00e9ticos de uno o dos remaches.<\/p><\/div>\n<p>Para obtener instrucciones detalladas, consulte nuestro <a href=\"https:\/\/youtu.be\/P2R2KSB6QS0?feature=shared\" target=\"_new\" rel=\"noopener\" data-start=\"1051\" data-end=\"1092\">tutorial de v\u00eddeo<\/a>.<\/p>","protected":false},"excerpt":{"rendered":"<div class=\"sr-txt-title\">\n<p>Tama\u00f1o: 14 mm, 18 mm<\/p>\n<p>Material: Hierro<\/p>\n<p>N\u00famero de modelo: RC-DR1420MT\/1435MT\/1820MT\/1840MT\/1845MT<\/p>\n<p>Embalaje: caja y cart\u00f3n<\/p>\n<p>Env\u00edos: LCL \/ DHL \/ FedEx \/ TNT \/ Otros<\/p>\n<p>Categor\u00eda: Utillaje<\/p>\n<\/div>","protected":false},"featured_media":7102,"template":"","meta":[],"product_brand":[],"product_cat":[79],"product_tag":[],"class_list":{"0":"post-7099","1":"product","2":"type-product","3":"status-publish","4":"has-post-thumbnail","6":"product_cat-tooling","8":"first","9":"instock","10":"shipping-taxable","11":"product-type-simple"},"aioseo_notices":[],"_links":{"self":[{"href":"https:\/\/richarms.com\/es\/wp-json\/wp\/v2\/product\/7099","targetHints":{"allow":["GET"]}}],"collection":[{"href":"https:\/\/richarms.com\/es\/wp-json\/wp\/v2\/product"}],"about":[{"href":"https:\/\/richarms.com\/es\/wp-json\/wp\/v2\/types\/product"}],"wp:featuredmedia":[{"embeddable":true,"href":"https:\/\/richarms.com\/es\/wp-json\/wp\/v2\/media\/7102"}],"wp:attachment":[{"href":"https:\/\/richarms.com\/es\/wp-json\/wp\/v2\/media?parent=7099"}],"wp:term":[{"taxonomy":"product_brand","embeddable":true,"href":"https:\/\/richarms.com\/es\/wp-json\/wp\/v2\/product_brand?post=7099"},{"taxonomy":"product_cat","embeddable":true,"href":"https:\/\/richarms.com\/es\/wp-json\/wp\/v2\/product_cat?post=7099"},{"taxonomy":"product_tag","embeddable":true,"href":"https:\/\/richarms.com\/es\/wp-json\/wp\/v2\/product_tag?post=7099"}],"curies":[{"name":"wp","href":"https:\/\/api.w.org\/{rel}","templated":true}]}}