{"id":7509,"date":"2021-07-11T18:54:22","date_gmt":"2021-07-11T10:54:22","guid":{"rendered":"https:\/\/richarms.com\/?post_type=product&#038;p=7509"},"modified":"2024-10-07T14:11:00","modified_gmt":"2024-10-07T06:11:00","slug":"electrical-snap-connectors","status":"publish","type":"product","link":"https:\/\/richarms.com\/es\/producto\/electrical-snap-connectors","title":{"rendered":"Conectores el\u00e9ctricos a presi\u00f3n"},"content":{"rendered":"<h3>8mm\\10mm Conectores El\u00e9ctricos a Presi\u00f3n con V\u00e1stago para Instrumentos de Fisioterapia y Aparatos de Masaje<\/h3>\n<div style=\"width: 355px\" class=\"wp-caption aligncenter\"><img class=\"lazyload\" decoding=\"async\" src=\"data:image\/svg+xml,%3Csvg%20xmlns%3D%27http%3A%2F%2Fwww.w3.org%2F2000%2Fsvg%27%20width%3D%27345%27%20height%3D%27193%27%20viewBox%3D%270%200%20345%20193%27%3E%3Crect%20width%3D%27345%27%20height%3D%27193%27%20fill-opacity%3D%220%22%2F%3E%3C%2Fsvg%3E\" data-orig-src=\"https:\/\/cdn.shopify.com\/s\/files\/1\/0600\/9123\/6523\/files\/De_480x480.png?v=1708399731\" alt=\"8mm\\10mm Electrical Snap Connectors with Stem for Physiotherapy Instrument and Massage Device\" width=\"345\" height=\"193\" \/><p class=\"wp-caption-text\">Richarms Venta al por mayor 8mm\\10mm Conectores El\u00e9ctricos a Presi\u00f3n con V\u00e1stago para Instrumentos de Fisioterapia y Dispositivos de Masaje, entrega global, \u00a1pida presupuesto o muestra ahora!<\/p><\/div>\n<p><strong><b>Conector a presi\u00f3n el\u00e9ctrico macho Tama\u00f1o:<\/b><\/strong><\/p>\n<table style=\"border-collapse: collapse; width: 629px; height: 118px;\" border=\"0\" width=\"1233\" cellspacing=\"0\" cellpadding=\"0\">\n<tbody>\n<tr style=\"height: 17.00pt;\">\n<td class=\"et4\" style=\"height: 17.00pt; width: 91.50pt;\" width=\"183\" height=\"34\"><\/td>\n<td class=\"et5\" style=\"width: 87.5pt; text-align: center;\" width=\"175\">8 mm<br \/>\nMujer<\/td>\n<td class=\"et5\" style=\"width: 87.5pt; text-align: center;\" width=\"175\">8 mm<br \/>\nHombre<\/td>\n<td class=\"et5\" style=\"width: 87.5pt; text-align: center;\" width=\"175\">8 mm<br \/>\nLavadora<\/td>\n<td class=\"et5\" style=\"width: 87.5pt; text-align: center;\" width=\"175\">10 mm<br \/>\nMujer<\/td>\n<td class=\"et5\" style=\"width: 87.5pt; text-align: center;\" width=\"175\">10 mm<br \/>\nHombre<\/td>\n<td class=\"et5\" style=\"width: 87.5pt; text-align: center;\" width=\"175\">10 mm<br \/>\nLavadora<\/td>\n<\/tr>\n<tr style=\"height: 17.00pt;\">\n<td class=\"et6\" style=\"height: 17.00pt; width: 91.50pt;\" width=\"183\" height=\"34\">Di\u00e1metro (DIA)<\/td>\n<td class=\"et7\" style=\"width: 87.5pt; text-align: center;\" width=\"175\">8,5 mm<\/td>\n<td class=\"et7\" style=\"width: 87.5pt; text-align: center;\" width=\"175\">8 mm<\/td>\n<td class=\"et7\" style=\"width: 87.5pt; text-align: center;\" width=\"175\">8 mm<\/td>\n<td class=\"et7\" style=\"width: 87.5pt; text-align: center;\" width=\"175\">10,5 mm<\/td>\n<td class=\"et7\" style=\"width: 87.5pt; text-align: center;\" width=\"175\">10 mm<\/td>\n<td class=\"et7\" style=\"width: 87.5pt; text-align: center;\" width=\"175\">10 mm<\/td>\n<\/tr>\n<tr style=\"height: 17.00pt;\">\n<td class=\"et6\" style=\"height: 17.00pt; width: 91.50pt;\" width=\"183\" height=\"34\">Espesor(T)<\/td>\n<td class=\"et7\" style=\"width: 87.5pt; text-align: center;\" width=\"175\">2 mm<\/td>\n<td class=\"et7\" style=\"width: 87.5pt; text-align: center;\" width=\"175\">0,6 mm<\/td>\n<td class=\"et7\" style=\"width: 87.5pt; text-align: center;\" width=\"175\">0,6 mm<\/td>\n<td class=\"et7\" style=\"width: 87.5pt; text-align: center;\" width=\"175\">2 mm<\/td>\n<td class=\"et7\" style=\"width: 87.5pt; text-align: center;\" width=\"175\">0,6 mm<\/td>\n<td class=\"et7\" style=\"width: 87.5pt; text-align: center;\" width=\"175\">0,6 mm<\/td>\n<\/tr>\n<tr style=\"height: 17.00pt;\">\n<td class=\"et6\" style=\"height: 17.00pt; width: 91.50pt;\" width=\"183\" height=\"34\">Altura del tallo (H)<\/td>\n<td class=\"et7\" style=\"width: 87.5pt; text-align: center;\" width=\"175\">2 mm<\/td>\n<td class=\"et7\" style=\"width: 87.5pt; text-align: center;\" width=\"175\">2 mm<\/td>\n<td class=\"et7\" style=\"width: 87.5pt; text-align: center;\" width=\"175\">&#8211;<\/td>\n<td class=\"et7\" style=\"width: 87.5pt; text-align: center;\" width=\"175\">2 mm<\/td>\n<td class=\"et7\" style=\"width: 87.5pt; text-align: center;\" width=\"175\">2 mm<\/td>\n<td class=\"et7\" style=\"width: 87.5pt; text-align: center;\" width=\"175\">&#8211;<\/td>\n<\/tr>\n<\/tbody>\n<\/table>\n<p>Este <strong>conector el\u00e9ctrico macho a presi\u00f3n<\/strong> est\u00e1 dise\u00f1ado para su uso con <strong>conectores hembra a presi\u00f3n<\/strong>proporciona una soluci\u00f3n de conexi\u00f3n fiable para diversas aplicaciones el\u00e9ctricas. Con un v\u00e1stago en la parte posterior, se puede emparejar con una arandela o un manguito para una fijaci\u00f3n segura y ajustable, por lo que es ideal para instalaciones de paneles o telas.<\/p>\n<ul>\n<li><strong>Dise\u00f1o a presi\u00f3n macho<\/strong>: Compatible con <strong>conectores hembra a presi\u00f3n<\/strong>creando una conexi\u00f3n segura y eficaz.<\/li>\n<li><strong>Compatibilidad del v\u00e1stago con la arandela<\/strong>: El v\u00e1stago trasero permite una f\u00e1cil instalaci\u00f3n con una arandela o mu\u00f1\u00f3n para una mayor estabilidad en diversas configuraciones.<\/li>\n<li><strong>Duradero y vers\u00e1til<\/strong>: Adecuado para aplicaciones el\u00e9ctricas en las que se necesita una fijaci\u00f3n r\u00e1pida no magn\u00e9tica.<\/li>\n<li><strong>Stock regular disponible<\/strong>: Los pedidos de muestras pueden realizarse directamente a trav\u00e9s de <a href=\"https:\/\/www.richarmshardware.com\/collections\/medical-electircal-magnetic-snap\">nuestra tienda en l\u00ednea<\/a>y para grandes pedidos al por mayor, <a href=\"http:\/\/richarms.com\/es\/contact\/\">contacte con nuestro equipo de ventas<\/a> para precios especiales.<\/li>\n<\/ul>\n<p><strong>Caracter\u00edsticas principales<\/strong>:<\/p>\n<ul>\n<li>Conector macho a presi\u00f3n con v\u00e1stago para arandela o manguito<\/li>\n<li>Compatible con <strong>conectores el\u00e9ctricos a presi\u00f3n<\/strong> sistemas<\/li>\n<li>Ideal para instalaciones de paneles ajustables o telas<\/li>\n<li>Disponibilidad regular de existencias y muestras<\/li>\n<\/ul>\n<p>Actualice sus sistemas de conexi\u00f3n el\u00e9ctrica con nuestros fiables <strong>conectores macho a presi\u00f3n<\/strong>dise\u00f1ado para una integraci\u00f3n perfecta con <strong>conectores el\u00e9ctricos r\u00e1pidos<\/strong> configuraciones.<\/p>\n<p><strong>Material:<\/strong><\/p>\n<p>C\u00e1psula hembra:  Disponible en hierro, lat\u00f3n com\u00fan o lat\u00f3n ambiental<br \/>\nC\u00e1psula masculina: Hierro<\/p>\n<p><img decoding=\"async\" class=\"lazyload alignnone wp-image-7161\" src=\"https:\/\/richarms.com\/wp-content\/uploads\/2020\/03\/materials-e1626143269166.png\" data-orig-src=\"https:\/\/richarms.com\/wp-content\/uploads\/2020\/03\/materials-e1626143269166.png\" alt=\"\" width=\"446\" height=\"199\" srcset=\"data:image\/svg+xml,%3Csvg%20xmlns%3D%27http%3A%2F%2Fwww.w3.org%2F2000%2Fsvg%27%20width%3D%27446%27%20height%3D%27199%27%20viewBox%3D%270%200%20446%20199%27%3E%3Crect%20width%3D%27446%27%20height%3D%27199%27%20fill-opacity%3D%220%22%2F%3E%3C%2Fsvg%3E\" data-srcset=\"https:\/\/richarms.com\/wp-content\/uploads\/2020\/03\/materials-e1626143269166-200x89.png 200w, https:\/\/richarms.com\/wp-content\/uploads\/2020\/03\/materials-e1626143269166-300x134.png 300w, https:\/\/richarms.com\/wp-content\/uploads\/2020\/03\/materials-e1626143269166-400x178.png 400w, https:\/\/richarms.com\/wp-content\/uploads\/2020\/03\/materials-e1626143269166-500x223.png 500w, https:\/\/richarms.com\/wp-content\/uploads\/2020\/03\/materials-e1626143269166.png 511w\" data-sizes=\"auto\" data-orig-sizes=\"(max-width: 446px) 100vw, 446px\" \/><\/p>\n<p>Im\u00e1n permanente de neodimio. La potencia del im\u00e1n depende del tama\u00f1o del im\u00e1n y del grado del im\u00e1n.<\/p>\n<p><img decoding=\"async\" class=\"wp-image-7163 lazyautosizes lazyloaded\" title=\"broches magn\u00e9ticos parte\" src=\"https:\/\/richarms.com\/wp-content\/uploads\/2020\/03\/%E8%B6%85%E8%96%84%E7%A3%81%E5%8A%9B-e1626186192975.png\" sizes=\"449px\" srcset=\"https:\/\/richarms.com\/wp-content\/uploads\/2020\/03\/\u8d85\u8584\u78c1\u529b-e1626186192975-200x58.png 200w, https:\/\/richarms.com\/wp-content\/uploads\/2020\/03\/\u8d85\u8584\u78c1\u529b-e1626186192975-300x87.png 300w, https:\/\/richarms.com\/wp-content\/uploads\/2020\/03\/\u8d85\u8584\u78c1\u529b-e1626186192975-400x117.png 400w, https:\/\/richarms.com\/wp-content\/uploads\/2020\/03\/\u8d85\u8584\u78c1\u529b-e1626186192975-500x146.png 500w, https:\/\/richarms.com\/wp-content\/uploads\/2020\/03\/\u8d85\u8584\u78c1\u529b-e1626186192975-600x175.png 600w, https:\/\/richarms.com\/wp-content\/uploads\/2020\/03\/\u8d85\u8584\u78c1\u529b-e1626186192975-700x204.png 700w, https:\/\/richarms.com\/wp-content\/uploads\/2020\/03\/\u8d85\u8584\u78c1\u529b-e1626186192975-768x224.png 768w, https:\/\/richarms.com\/wp-content\/uploads\/2020\/03\/\u8d85\u8584\u78c1\u529b-e1626186192975-800x233.png 800w, https:\/\/richarms.com\/wp-content\/uploads\/2020\/03\/\u8d85\u8584\u78c1\u529b-e1626186192975.png 885w\" alt=\"\" width=\"449\" height=\"131\" data-orig-src=\"https:\/\/richarms.com\/wp-content\/uploads\/2020\/03\/\u8d85\u8584\u78c1\u529b-e1626186192975.png\" data-srcset=\"https:\/\/richarms.com\/wp-content\/uploads\/2020\/03\/\u8d85\u8584\u78c1\u529b-e1626186192975-200x58.png 200w, https:\/\/richarms.com\/wp-content\/uploads\/2020\/03\/\u8d85\u8584\u78c1\u529b-e1626186192975-300x87.png 300w, https:\/\/richarms.com\/wp-content\/uploads\/2020\/03\/\u8d85\u8584\u78c1\u529b-e1626186192975-400x117.png 400w, https:\/\/richarms.com\/wp-content\/uploads\/2020\/03\/\u8d85\u8584\u78c1\u529b-e1626186192975-500x146.png 500w, https:\/\/richarms.com\/wp-content\/uploads\/2020\/03\/\u8d85\u8584\u78c1\u529b-e1626186192975-600x175.png 600w, https:\/\/richarms.com\/wp-content\/uploads\/2020\/03\/\u8d85\u8584\u78c1\u529b-e1626186192975-700x204.png 700w, https:\/\/richarms.com\/wp-content\/uploads\/2020\/03\/\u8d85\u8584\u78c1\u529b-e1626186192975-768x224.png 768w, https:\/\/richarms.com\/wp-content\/uploads\/2020\/03\/\u8d85\u8584\u78c1\u529b-e1626186192975-800x233.png 800w, https:\/\/richarms.com\/wp-content\/uploads\/2020\/03\/\u8d85\u8584\u78c1\u529b-e1626186192975.png 885w\" data-sizes=\"auto\" data-orig-sizes=\"(max-width: 449px) 100vw, 449px\" \/><\/p>\n<p>&nbsp;<\/p>\n<p><strong><b>Paquete\uff1a<\/b><\/strong><br \/>\n1 juego = 1 macho, 1 hembra, 2 arandelas<br \/>\n8mm\/10mm: 400 juegos\/caja, 20 cajas\/cart\u00f3n<\/p>\n<p>&nbsp;<\/p>\n<div style=\"width: 490px\" class=\"wp-caption alignnone\"><img class=\"lazyload\" decoding=\"async\" src=\"data:image\/svg+xml,%3Csvg%20xmlns%3D%27http%3A%2F%2Fwww.w3.org%2F2000%2Fsvg%27%20width%3D%27480%27%20height%3D%27419%27%20viewBox%3D%270%200%20480%20419%27%3E%3Crect%20width%3D%27480%27%20height%3D%27419%27%20fill-opacity%3D%220%22%2F%3E%3C%2Fsvg%3E\" data-orig-src=\"https:\/\/cdn.shopify.com\/s\/files\/1\/0600\/9123\/6523\/files\/RICHARMSConductiveelectromagnetic_480x480.png?v=1680926174\" alt=\"Electrical Snap Connectors with Stem for Massage Device\" width=\"480\" height=\"419\" \/><p class=\"wp-caption-text\">Conectores el\u00e9ctricos a presi\u00f3n con v\u00e1stago para aparato de masaje<\/p><\/div>\n<p><strong><b>Aplicaci\u00f3n\uff1a<br \/>\n<\/b><\/strong><\/p>\n<p>Para m\u00e1s ideas, siga nuestro <a href=\"https:\/\/www.pinterest.com\/richarmsaccessoriesgroups\/innovative-electric-magnetic-snaps-for-all-purpose\/\">pinterest<\/a>.<\/p>","protected":false},"excerpt":{"rendered":"<p>Tipo: 8mm 10mm Componentes Electr\u00f3nicos V\u00e1stago Conductor para Instrumentos de Fisioterapia y Aparatos de Masaje<br \/>\nMaterial: Lat\u00f3n, hierro, magne<br \/>\nN\u00famero de modelo: RC-Ele0820\/1020<br \/>\nTama\u00f1o: 8 mm, 10 mm<br \/>\nColor: N\u00edquel<br \/>\nEmbalaje: caja y cart\u00f3n<br \/>\nEnv\u00edos: LCL \/ DHL \/ FedEx \/ TNT \/ Otros<\/p>","protected":false},"featured_media":7513,"template":"","meta":[],"product_brand":[],"product_cat":[110],"product_tag":[],"class_list":{"0":"post-7509","1":"product","2":"type-product","3":"status-publish","4":"has-post-thumbnail","6":"product_cat-medical-electrical-snap","8":"first","9":"instock","10":"shipping-taxable","11":"product-type-simple"},"aioseo_notices":[],"_links":{"self":[{"href":"https:\/\/richarms.com\/es\/wp-json\/wp\/v2\/product\/7509","targetHints":{"allow":["GET"]}}],"collection":[{"href":"https:\/\/richarms.com\/es\/wp-json\/wp\/v2\/product"}],"about":[{"href":"https:\/\/richarms.com\/es\/wp-json\/wp\/v2\/types\/product"}],"wp:featuredmedia":[{"embeddable":true,"href":"https:\/\/richarms.com\/es\/wp-json\/wp\/v2\/media\/7513"}],"wp:attachment":[{"href":"https:\/\/richarms.com\/es\/wp-json\/wp\/v2\/media?parent=7509"}],"wp:term":[{"taxonomy":"product_brand","embeddable":true,"href":"https:\/\/richarms.com\/es\/wp-json\/wp\/v2\/product_brand?post=7509"},{"taxonomy":"product_cat","embeddable":true,"href":"https:\/\/richarms.com\/es\/wp-json\/wp\/v2\/product_cat?post=7509"},{"taxonomy":"product_tag","embeddable":true,"href":"https:\/\/richarms.com\/es\/wp-json\/wp\/v2\/product_tag?post=7509"}],"curies":[{"name":"wp","href":"https:\/\/api.w.org\/{rel}","templated":true}]}}