{"id":7680,"date":"2022-08-25T12:00:24","date_gmt":"2022-08-25T04:00:24","guid":{"rendered":"https:\/\/richarms.com\/?post_type=product&#038;p=7680"},"modified":"2025-03-11T16:37:28","modified_gmt":"2025-03-11T08:37:28","slug":"zinc-alloy-lock","status":"publish","type":"product","link":"https:\/\/richarms.com\/es\/product\/zinc-alloy-lock","title":{"rendered":"Cerradura de aleaci\u00f3n de zinc"},"content":{"rendered":"<h2 class=\"ma-title\" title=\"Nuevo estilo de aleaci\u00f3n de zinc en forma de coraz\u00f3n cerradura magn\u00e9tica para el bolso de metal cerradura del bolso al por mayor muestra gratis\" data-spm-anchor-id=\"a2700.wholesale.maonnacta.i1.7dac1ceewoqAeY\">Zinc Alloy Magnetic Lock For Handbag &amp; Purse<\/h2>\n<p class=\"ma-title\" title=\"Nuevo estilo de aleaci\u00f3n de zinc en forma de coraz\u00f3n cerradura magn\u00e9tica para el bolso de metal cerradura del bolso al por mayor muestra gratis\" data-spm-anchor-id=\"a2700.wholesale.maonnacta.i1.7dac1ceewoqAeY\">Color : light gold, nickel, antique brass, antique brush and other color.<br \/>\nMaterial: aleaci\u00f3n de zinc<br \/>\nUso: confecci\u00f3n de bolsos, montaje con broches magn\u00e9ticos<br \/>\nUnit weight:11.7g<br \/>\nMOQ: 1000 pcs per shipment<\/p>\n<p title=\"Nuevo estilo de aleaci\u00f3n de zinc en forma de coraz\u00f3n cerradura magn\u00e9tica para el bolso de metal cerradura del bolso al por mayor muestra gratis\" data-spm-anchor-id=\"a2700.wholesale.maonnacta.i1.7dac1ceewoqAeY\"><img decoding=\"async\" class=\"lazyload alignnone size-medium wp-image-7685\" src=\"https:\/\/richarms.com\/wp-content\/uploads\/2022\/08\/\u5fae\u4fe1\u622a\u56fe_20220825143641-300x260.png\" data-orig-src=\"https:\/\/richarms.com\/wp-content\/uploads\/2022\/08\/\u5fae\u4fe1\u622a\u56fe_20220825143641-300x260.png\" alt=\"\" width=\"300\" height=\"260\" srcset=\"data:image\/svg+xml,%3Csvg%20xmlns%3D%27http%3A%2F%2Fwww.w3.org%2F2000%2Fsvg%27%20width%3D%27300%27%20height%3D%27260%27%20viewBox%3D%270%200%20300%20260%27%3E%3Crect%20width%3D%27300%27%20height%3D%27260%27%20fill-opacity%3D%220%22%2F%3E%3C%2Fsvg%3E\" data-srcset=\"https:\/\/richarms.com\/wp-content\/uploads\/2022\/08\/\u5fae\u4fe1\u622a\u56fe_20220825143641-200x173.png 200w, https:\/\/richarms.com\/wp-content\/uploads\/2022\/08\/\u5fae\u4fe1\u622a\u56fe_20220825143641-300x260.png 300w, https:\/\/richarms.com\/wp-content\/uploads\/2022\/08\/\u5fae\u4fe1\u622a\u56fe_20220825143641-400x346.png 400w, https:\/\/richarms.com\/wp-content\/uploads\/2022\/08\/\u5fae\u4fe1\u622a\u56fe_20220825143641-500x433.png 500w, https:\/\/richarms.com\/wp-content\/uploads\/2022\/08\/\u5fae\u4fe1\u622a\u56fe_20220825143641.png 589w\" data-sizes=\"auto\" data-orig-sizes=\"(max-width: 300px) 100vw, 300px\" \/><\/p>","protected":false},"excerpt":{"rendered":"<p>Magnetic Lock for Bag, Purse &amp; Notebook<\/p>\n<p>Color: oro claro, n\u00edquel, oro rosa, lat\u00f3n antiguo, cepillo antiguo y otros colores.<br \/>\nMaterial: aleaci\u00f3n de zinc<br \/>\nUso: confecci\u00f3n de bolsos, montaje con broches magn\u00e9ticos<br \/>\nUnit weight: 11.7g<br \/>\nMOQ: 1000 pcs per shipment<\/p>","protected":false},"featured_media":7681,"template":"","meta":[],"product_brand":[],"product_cat":[77],"product_tag":[],"class_list":{"0":"post-7680","1":"product","2":"type-product","3":"status-publish","4":"has-post-thumbnail","6":"product_cat-zinc-alloy-magnetic-lock","8":"first","9":"instock","10":"shipping-taxable","11":"product-type-simple"},"aioseo_notices":[],"_links":{"self":[{"href":"https:\/\/richarms.com\/es\/wp-json\/wp\/v2\/product\/7680","targetHints":{"allow":["GET"]}}],"collection":[{"href":"https:\/\/richarms.com\/es\/wp-json\/wp\/v2\/product"}],"about":[{"href":"https:\/\/richarms.com\/es\/wp-json\/wp\/v2\/types\/product"}],"wp:featuredmedia":[{"embeddable":true,"href":"https:\/\/richarms.com\/es\/wp-json\/wp\/v2\/media\/7681"}],"wp:attachment":[{"href":"https:\/\/richarms.com\/es\/wp-json\/wp\/v2\/media?parent=7680"}],"wp:term":[{"taxonomy":"product_brand","embeddable":true,"href":"https:\/\/richarms.com\/es\/wp-json\/wp\/v2\/product_brand?post=7680"},{"taxonomy":"product_cat","embeddable":true,"href":"https:\/\/richarms.com\/es\/wp-json\/wp\/v2\/product_cat?post=7680"},{"taxonomy":"product_tag","embeddable":true,"href":"https:\/\/richarms.com\/es\/wp-json\/wp\/v2\/product_tag?post=7680"}],"curies":[{"name":"wp","href":"https:\/\/api.w.org\/{rel}","templated":true}]}}