{"id":7874,"date":"2024-02-23T17:42:04","date_gmt":"2024-02-23T09:42:04","guid":{"rendered":"https:\/\/richarms.com\/?post_type=product&#038;p=7874"},"modified":"2024-10-07T12:41:57","modified_gmt":"2024-10-07T04:41:57","slug":"magnetic-snap-buttons","status":"publish","type":"product","link":"https:\/\/richarms.com\/es\/producto\/magnetic-snap-buttons","title":{"rendered":"Botones magn\u00e9ticos"},"content":{"rendered":"<h3>Botones magn\u00e9ticos con punta en forma de L<\/h3>\n<p>Presentamos nuestro <strong>Bot\u00f3n de presi\u00f3n magn\u00e9tico en forma de L<\/strong>dise\u00f1ado espec\u00edficamente para una fijaci\u00f3n fiable en situaciones de instalaci\u00f3n en \u00e1ngulo recto. Este exclusivo <strong>bot\u00f3n magn\u00e9tico<\/strong> presenta una forma de punta fija que garantiza conexiones seguras en espacios reducidos.<\/p>\n<p><strong>Tama\u00f1o:<\/strong><\/p>\n<table style=\"border-collapse: collapse; width: 702px; height: 177px;\" border=\"0\" width=\"1099\" cellspacing=\"0\" cellpadding=\"0\">\n<tbody>\n<tr style=\"height: 41.00pt;\">\n<td class=\"et4\" style=\"height: 41.00pt; width: 119.50pt;\" width=\"239\" height=\"82\"><\/td>\n<td class=\"et5\" style=\"width: 146.5pt; text-align: center;\" width=\"293\">90<span class=\"font3\">\u00b0<\/span><span class=\"font2\">Mujer<br \/>\n(Fondo c\u00f3ncavo)<\/span><\/td>\n<td class=\"et5\" style=\"width: 146.5pt; text-align: center;\" width=\"293\">90<span class=\"font3\">\u00b0<\/span><span class=\"font2\">Mujer<br \/>\n(Fondo plano)<\/span><\/td>\n<td class=\"et5\" style=\"width: 137pt; text-align: center;\" width=\"274\">FOTO<\/td>\n<\/tr>\n<tr style=\"height: 41.00pt;\">\n<td class=\"et6\" style=\"height: 41.00pt; width: 119.50pt;\" width=\"239\" height=\"82\">Di\u00e1metro (DIA)<\/td>\n<td class=\"et5\" style=\"width: 146.5pt; text-align: center;\" width=\"293\">8,5 mm<\/td>\n<td class=\"et5\" style=\"width: 146.5pt; text-align: center;\" width=\"293\">8,5 mm<\/td>\n<td class=\"et5\" style=\"width: 137.00pt;\" rowspan=\"3\" width=\"274\">\n<p><div style=\"width: 200px\" class=\"wp-caption alignnone\"><img class=\"lazyload\" decoding=\"async\" src=\"data:image\/svg+xml,%3Csvg%20xmlns%3D%27http%3A%2F%2Fwww.w3.org%2F2000%2Fsvg%27%20width%3D%27190%27%20height%3D%27151%27%20viewBox%3D%270%200%20190%20151%27%3E%3Crect%20width%3D%27190%27%20height%3D%27151%27%20fill-opacity%3D%220%22%2F%3E%3C%2Fsvg%3E\" data-orig-src=\"https:\/\/cdn.shopify.com\/s\/files\/1\/0600\/9123\/6523\/files\/90_480x480.png?v=1708676039\" alt=\"Richarms Magnetic Snap Buttons withL-Shaped Prong\" width=\"190\" height=\"151\" \/><p class=\"wp-caption-text\">Richarms al por mayor botones magn\u00e9ticos con punta en forma de L a buen precio y calidad<\/p><\/div><\/td>\n<\/tr>\n<tr style=\"height: 41.00pt;\">\n<td class=\"et6\" style=\"height: 41.00pt; width: 119.50pt;\" width=\"239\" height=\"82\">Espesor(T)<\/td>\n<td class=\"et5\" style=\"width: 146.5pt; text-align: center;\" width=\"293\">2,5 mm<\/td>\n<td class=\"et5\" style=\"width: 146.5pt; text-align: center;\" width=\"293\">2 mm<\/td>\n<\/tr>\n<tr style=\"height: 41.00pt;\">\n<td class=\"et4\" style=\"height: 41.00pt;\" height=\"82\">Altura (H)<\/td>\n<td class=\"et5\" style=\"width: 146.5pt; text-align: center;\" width=\"293\">6,5 mm<\/td>\n<td class=\"et5\" style=\"width: 146.5pt; text-align: center;\" width=\"293\">6,5 mm<\/td>\n<\/tr>\n<\/tbody>\n<\/table>\n<div>\n<ul>\n<li><strong>Dise\u00f1o de punta fija<\/strong>: La espiga en forma de 7 ofrece una instalaci\u00f3n estable, ideal para entornos en los que una alineaci\u00f3n precisa es crucial. Otros dise\u00f1os <a href=\"https:\/\/richarms.com\/es\/categoria-producto\/medical-electrical-snap\/\">aqu\u00ed<\/a>.<\/li>\n<li><strong>Instalaci\u00f3n eficiente<\/strong>: Perfecto para una fijaci\u00f3n sencilla, este <strong>bot\u00f3n magn\u00e9tico a presi\u00f3n<\/strong> simplifica el proceso de montaje, haci\u00e9ndolo m\u00e1s f\u00e1cil de usar.<\/li>\n<li><strong>Rendimiento fiable<\/strong>: Dise\u00f1ados para durar, nuestros <strong>botones magn\u00e9ticos<\/strong> proporcionan soluciones de fijaci\u00f3n coherentes en las que puede confiar.<\/li>\n<li><strong>Disponibilidad regular<\/strong>: Este producto est\u00e1 siempre en stock. Los pedidos de muestras pueden realizarse f\u00e1cilmente a trav\u00e9s de <a href=\"https:\/\/www.richarmshardware.com\/collections\/medical-electircal-magnetic-snap\">nuestra tienda en l\u00ednea<\/a>mientras que los precios al por mayor para pedidos est\u00e1ndar est\u00e1n disponibles en <a href=\"http:\/\/richarms.com\/es\/contact\/\">contactar con nuestro equipo de ventas<\/a>.<\/li>\n<\/ul>\n<p><strong>Caracter\u00edsticas principales<\/strong>:<\/p>\n<ul>\n<li>Punta en forma de L para una instalaci\u00f3n estable en \u00e1ngulo recto<\/li>\n<li>Integraci\u00f3n optimizada con diversos materiales<\/li>\n<li>Rendimiento fiable y duradero<\/li>\n<\/ul>\n<p><strong>Material:<\/strong><\/p>\n<p>C\u00e1psula hembra:  Disponible en hierro, lat\u00f3n com\u00fan o lat\u00f3n ambiental<br \/>\nC\u00e1psula masculina: Hierro<\/p>\n<p><img decoding=\"async\" class=\"alignnone wp-image-7161 lazyautosizes ls-is-cached lazyloaded\" src=\"https:\/\/richarms.com\/wp-content\/uploads\/2020\/03\/materials-e1626143269166.png\" sizes=\"446px\" srcset=\"https:\/\/richarms.com\/wp-content\/uploads\/2020\/03\/materials-e1626143269166-200x89.png 200w, https:\/\/richarms.com\/wp-content\/uploads\/2020\/03\/materials-e1626143269166-300x134.png 300w, https:\/\/richarms.com\/wp-content\/uploads\/2020\/03\/materials-e1626143269166-400x178.png 400w, https:\/\/richarms.com\/wp-content\/uploads\/2020\/03\/materials-e1626143269166-500x223.png 500w, https:\/\/richarms.com\/wp-content\/uploads\/2020\/03\/materials-e1626143269166.png 511w\" alt=\"\" width=\"446\" height=\"199\" data-orig-src=\"https:\/\/richarms.com\/wp-content\/uploads\/2020\/03\/materials-e1626143269166.png\" data-srcset=\"https:\/\/richarms.com\/wp-content\/uploads\/2020\/03\/materials-e1626143269166-200x89.png 200w, https:\/\/richarms.com\/wp-content\/uploads\/2020\/03\/materials-e1626143269166-300x134.png 300w, https:\/\/richarms.com\/wp-content\/uploads\/2020\/03\/materials-e1626143269166-400x178.png 400w, https:\/\/richarms.com\/wp-content\/uploads\/2020\/03\/materials-e1626143269166-500x223.png 500w, https:\/\/richarms.com\/wp-content\/uploads\/2020\/03\/materials-e1626143269166.png 511w\" data-sizes=\"auto\" data-orig-sizes=\"(max-width: 446px) 100vw, 446px\" \/><\/p>\n<p>Im\u00e1n permanente de neodimio. La potencia del im\u00e1n depende del tama\u00f1o del im\u00e1n y del grado del im\u00e1n.<\/p>\n<p><img decoding=\"async\" class=\"wp-image-7163 lazyautosizes lazyloaded\" title=\"broches magn\u00e9ticos parte\" src=\"https:\/\/richarms.com\/wp-content\/uploads\/2020\/03\/%E8%B6%85%E8%96%84%E7%A3%81%E5%8A%9B-e1626186192975.png\" sizes=\"449px\" srcset=\"https:\/\/richarms.com\/wp-content\/uploads\/2020\/03\/\u8d85\u8584\u78c1\u529b-e1626186192975-200x58.png 200w, https:\/\/richarms.com\/wp-content\/uploads\/2020\/03\/\u8d85\u8584\u78c1\u529b-e1626186192975-300x87.png 300w, https:\/\/richarms.com\/wp-content\/uploads\/2020\/03\/\u8d85\u8584\u78c1\u529b-e1626186192975-400x117.png 400w, https:\/\/richarms.com\/wp-content\/uploads\/2020\/03\/\u8d85\u8584\u78c1\u529b-e1626186192975-500x146.png 500w, https:\/\/richarms.com\/wp-content\/uploads\/2020\/03\/\u8d85\u8584\u78c1\u529b-e1626186192975-600x175.png 600w, https:\/\/richarms.com\/wp-content\/uploads\/2020\/03\/\u8d85\u8584\u78c1\u529b-e1626186192975-700x204.png 700w, https:\/\/richarms.com\/wp-content\/uploads\/2020\/03\/\u8d85\u8584\u78c1\u529b-e1626186192975-768x224.png 768w, https:\/\/richarms.com\/wp-content\/uploads\/2020\/03\/\u8d85\u8584\u78c1\u529b-e1626186192975-800x233.png 800w, https:\/\/richarms.com\/wp-content\/uploads\/2020\/03\/\u8d85\u8584\u78c1\u529b-e1626186192975.png 885w\" alt=\"\" width=\"449\" height=\"131\" data-orig-src=\"https:\/\/richarms.com\/wp-content\/uploads\/2020\/03\/\u8d85\u8584\u78c1\u529b-e1626186192975.png\" data-srcset=\"https:\/\/richarms.com\/wp-content\/uploads\/2020\/03\/\u8d85\u8584\u78c1\u529b-e1626186192975-200x58.png 200w, https:\/\/richarms.com\/wp-content\/uploads\/2020\/03\/\u8d85\u8584\u78c1\u529b-e1626186192975-300x87.png 300w, https:\/\/richarms.com\/wp-content\/uploads\/2020\/03\/\u8d85\u8584\u78c1\u529b-e1626186192975-400x117.png 400w, https:\/\/richarms.com\/wp-content\/uploads\/2020\/03\/\u8d85\u8584\u78c1\u529b-e1626186192975-500x146.png 500w, https:\/\/richarms.com\/wp-content\/uploads\/2020\/03\/\u8d85\u8584\u78c1\u529b-e1626186192975-600x175.png 600w, https:\/\/richarms.com\/wp-content\/uploads\/2020\/03\/\u8d85\u8584\u78c1\u529b-e1626186192975-700x204.png 700w, https:\/\/richarms.com\/wp-content\/uploads\/2020\/03\/\u8d85\u8584\u78c1\u529b-e1626186192975-768x224.png 768w, https:\/\/richarms.com\/wp-content\/uploads\/2020\/03\/\u8d85\u8584\u78c1\u529b-e1626186192975-800x233.png 800w, https:\/\/richarms.com\/wp-content\/uploads\/2020\/03\/\u8d85\u8584\u78c1\u529b-e1626186192975.png 885w\" data-sizes=\"auto\" data-orig-sizes=\"(max-width: 449px) 100vw, 449px\" \/><\/p>\n<p><strong><b>Paquete\uff1a<\/b><\/strong><br \/>\n1 juego = 1 Hembra<br \/>\n8mm\/10mm: 400 juegos\/caja, 20 cajas\/cart\u00f3n<\/p>\n<\/div>\n<p><strong><b>Aplicaci\u00f3n\uff1a<br \/>\n<img decoding=\"async\" class=\"lazyload alignnone size-medium wp-image-7511\" src=\"https:\/\/richarms.com\/wp-content\/uploads\/2021\/10\/IMG_4041-300x300.jpg\" data-orig-src=\"https:\/\/richarms.com\/wp-content\/uploads\/2021\/10\/IMG_4041-300x300.jpg\" alt=\"\" width=\"300\" height=\"300\" srcset=\"data:image\/svg+xml,%3Csvg%20xmlns%3D%27http%3A%2F%2Fwww.w3.org%2F2000%2Fsvg%27%20width%3D%27300%27%20height%3D%27300%27%20viewBox%3D%270%200%20300%20300%27%3E%3Crect%20width%3D%27300%27%20height%3D%27300%27%20fill-opacity%3D%220%22%2F%3E%3C%2Fsvg%3E\" data-srcset=\"https:\/\/richarms.com\/wp-content\/uploads\/2021\/10\/IMG_4041-66x66.jpg 66w, https:\/\/richarms.com\/wp-content\/uploads\/2021\/10\/IMG_4041-100x100.jpg 100w, https:\/\/richarms.com\/wp-content\/uploads\/2021\/10\/IMG_4041-150x150.jpg 150w, https:\/\/richarms.com\/wp-content\/uploads\/2021\/10\/IMG_4041-200x200.jpg 200w, https:\/\/richarms.com\/wp-content\/uploads\/2021\/10\/IMG_4041-300x300.jpg 300w, https:\/\/richarms.com\/wp-content\/uploads\/2021\/10\/IMG_4041-400x400.jpg 400w, https:\/\/richarms.com\/wp-content\/uploads\/2021\/10\/IMG_4041-500x500.jpg 500w, https:\/\/richarms.com\/wp-content\/uploads\/2021\/10\/IMG_4041-600x600.jpg 600w, https:\/\/richarms.com\/wp-content\/uploads\/2021\/10\/IMG_4041-700x700.jpg 700w, https:\/\/richarms.com\/wp-content\/uploads\/2021\/10\/IMG_4041-768x768.jpg 768w, https:\/\/richarms.com\/wp-content\/uploads\/2021\/10\/IMG_4041-800x800.jpg 800w, https:\/\/richarms.com\/wp-content\/uploads\/2021\/10\/IMG_4041.jpg 1000w\" data-sizes=\"auto\" data-orig-sizes=\"(max-width: 300px) 100vw, 300px\" \/><\/b><\/strong>Actualice sus soluciones de cierre con nuestros botones magn\u00e9ticos a presi\u00f3n: la elecci\u00f3n perfecta para conexiones eficaces y seguras, <a href=\"http:\/\/richarms.com\/es\/contact\/\">pregunte a<\/a>\u00a0\u00a1muestra o coste hoy mismo!<strong><b><br \/>\n<\/b><\/strong><\/p>\n<p>Quiz\u00e1 le sirva de inspiraci\u00f3n nuestro<a href=\"https:\/\/www.pinterest.com\/richarmsaccessoriesgroups\/innovative-electric-magnetic-snaps-for-all-purpose\/\"> pinterest<\/a>.<\/p>","protected":false},"excerpt":{"rendered":"<p>Tipo: Botones magn\u00e9ticos con punta en forma de L de 8 mm<br \/>\nMaterial: Lat\u00f3n, hierro, im\u00e1n<br \/>\nN\u00famero de modelo: RC-E900820<br \/>\nTama\u00f1o: 8x2 mm<br \/>\nColor: N\u00edquel<br \/>\nEmbalaje: caja y cart\u00f3n<br \/>\nEnv\u00edos: LCL \/ DHL \/ FedEx \/ TNT \/ Otros<\/p>","protected":false},"featured_media":7876,"template":"","meta":[],"product_brand":[],"product_cat":[110],"product_tag":[],"class_list":{"0":"post-7874","1":"product","2":"type-product","3":"status-publish","4":"has-post-thumbnail","6":"product_cat-medical-electrical-snap","8":"first","9":"instock","10":"shipping-taxable","11":"product-type-simple"},"aioseo_notices":[],"_links":{"self":[{"href":"https:\/\/richarms.com\/es\/wp-json\/wp\/v2\/product\/7874","targetHints":{"allow":["GET"]}}],"collection":[{"href":"https:\/\/richarms.com\/es\/wp-json\/wp\/v2\/product"}],"about":[{"href":"https:\/\/richarms.com\/es\/wp-json\/wp\/v2\/types\/product"}],"wp:featuredmedia":[{"embeddable":true,"href":"https:\/\/richarms.com\/es\/wp-json\/wp\/v2\/media\/7876"}],"wp:attachment":[{"href":"https:\/\/richarms.com\/es\/wp-json\/wp\/v2\/media?parent=7874"}],"wp:term":[{"taxonomy":"product_brand","embeddable":true,"href":"https:\/\/richarms.com\/es\/wp-json\/wp\/v2\/product_brand?post=7874"},{"taxonomy":"product_cat","embeddable":true,"href":"https:\/\/richarms.com\/es\/wp-json\/wp\/v2\/product_cat?post=7874"},{"taxonomy":"product_tag","embeddable":true,"href":"https:\/\/richarms.com\/es\/wp-json\/wp\/v2\/product_tag?post=7874"}],"curies":[{"name":"wp","href":"https:\/\/api.w.org\/{rel}","templated":true}]}}