{"id":7892,"date":"2024-02-27T15:59:05","date_gmt":"2024-02-27T07:59:05","guid":{"rendered":"https:\/\/richarms.com\/?post_type=product&#038;p=7892"},"modified":"2024-10-07T12:24:02","modified_gmt":"2024-10-07T04:24:02","slug":"magnetic-snap-button","status":"publish","type":"product","link":"https:\/\/richarms.com\/es\/producto\/magnetic-snap-button","title":{"rendered":"Bot\u00f3n magn\u00e9tico"},"content":{"rendered":"<h2>Bot\u00f3n magn\u00e9tico con pinza ajustable<\/h2>\n<p>Bot\u00f3n magn\u00e9tico de presi\u00f3n Dimensiones<\/p>\n<div style=\"width: 387px\" class=\"wp-caption aligncenter\"><img class=\"lazyload\" decoding=\"async\" src=\"data:image\/svg+xml,%3Csvg%20xmlns%3D%27http%3A%2F%2Fwww.w3.org%2F2000%2Fsvg%27%20width%3D%27377%27%20height%3D%27227%27%20viewBox%3D%270%200%20377%20227%27%3E%3Crect%20width%3D%27377%27%20height%3D%27227%27%20fill-opacity%3D%220%22%2F%3E%3C%2Fsvg%3E\" data-orig-src=\"https:\/\/cdn.shopify.com\/s\/files\/1\/0600\/9123\/6523\/files\/9d03223752bd12913f6d1542b1453f3a_480x480.png?v=1709023551\" alt=\"Richarms Magnetic Snap Button with Adjustable Prong Wholesale \" width=\"377\" height=\"227\" \/><p class=\"wp-caption-text\">Bot\u00f3n de presi\u00f3n magn\u00e9tico de Richarms con el Prong ajustable al por mayor en diverso color, tama\u00f1o y poste trasero.<\/p><\/div>\n<p>&nbsp;<\/p>\n<p>&nbsp;<\/p>\n<table style=\"border-collapse: collapse; width: 752px; height: 218px;\" border=\"0\" width=\"1471\" cellspacing=\"0\" cellpadding=\"0\">\n<tbody>\n<tr style=\"height: 41.00pt;\">\n<td class=\"et4\" style=\"height: 41.00pt; width: 125.50pt;\" width=\"251\" height=\"82\"><\/td>\n<td class=\"et5\" style=\"width: 74pt; text-align: center;\" width=\"148\">8 mm<br \/>\nMujer<\/td>\n<td class=\"et5\" style=\"width: 74pt; text-align: center;\" width=\"148\">8 mm<br \/>\nHombre<\/td>\n<td class=\"et5\" style=\"width: 74pt; text-align: center;\" width=\"148\">10 mm<br \/>\nMujer<\/td>\n<td class=\"et5\" style=\"width: 97.5pt; text-align: center;\" width=\"195\">10 mm Macho<br \/>\n(Regular)<\/td>\n<td class=\"et5\" style=\"width: 97.5pt; text-align: center;\" width=\"195\">10 mm Macho<br \/>\n(Corto)<\/td>\n<td class=\"et5\" style=\"width: 97.5pt; text-align: center;\" width=\"195\">10 mm Macho<br \/>\n(Longitud)<\/td>\n<td class=\"et5\" style=\"width: 95.5pt; text-align: center;\" width=\"191\">Arandela 8mm\/10mm<\/td>\n<\/tr>\n<tr style=\"height: 41.00pt;\">\n<td class=\"et4\" style=\"height: 41.00pt;\" height=\"82\">Di\u00e1metro (DIA)<\/td>\n<td class=\"et5\" style=\"width: 74pt; text-align: center;\" width=\"148\">8,5 mm<\/td>\n<td class=\"et5\" style=\"width: 74pt; text-align: center;\" width=\"148\">8 mm<\/td>\n<td class=\"et5\" style=\"width: 74pt; text-align: center;\" width=\"148\">10,5 mm<\/td>\n<td class=\"et5\" style=\"width: 97.5pt; text-align: center;\" width=\"195\">10 mm<\/td>\n<td class=\"et5\" style=\"width: 97.5pt; text-align: center;\" width=\"195\">10 mm<\/td>\n<td class=\"et5\" style=\"width: 97.5pt; text-align: center;\" width=\"195\">10 mm<\/td>\n<td class=\"et5\" style=\"width: 95.5pt; text-align: center;\" width=\"191\">10,5 mm<\/td>\n<\/tr>\n<tr style=\"height: 41.00pt;\">\n<td class=\"et4\" style=\"height: 41.00pt;\" height=\"82\">Espesor(T)<\/td>\n<td class=\"et5\" style=\"width: 74pt; text-align: center;\" width=\"148\">2 mm<\/td>\n<td class=\"et5\" style=\"width: 74pt; text-align: center;\" width=\"148\">2 mm<\/td>\n<td class=\"et5\" style=\"width: 74pt; text-align: center;\" width=\"148\">2 mm<\/td>\n<td class=\"et5\" style=\"width: 97.5pt; text-align: center;\" width=\"195\">0,6 mm<\/td>\n<td class=\"et5\" style=\"width: 97.5pt; text-align: center;\" width=\"195\">0,6 mm<\/td>\n<td class=\"et5\" style=\"width: 97.5pt; text-align: center;\" width=\"195\">0,6 mm<\/td>\n<td class=\"et5\" style=\"width: 95.5pt; text-align: center;\" width=\"191\">0,2 mm<\/td>\n<\/tr>\n<tr style=\"height: 41.00pt;\">\n<td class=\"et4\" style=\"height: 41.00pt;\" height=\"82\">Altura de la p\u00faa (H)<\/td>\n<td class=\"et5\" style=\"width: 74pt; text-align: center;\" width=\"148\">6 mm<\/td>\n<td class=\"et5\" style=\"width: 74pt; text-align: center;\" width=\"148\">6 mm<\/td>\n<td class=\"et5\" style=\"width: 74pt; text-align: center;\" width=\"148\">6 mm<\/td>\n<td class=\"et5\" style=\"width: 97.5pt; text-align: center;\" width=\"195\">6 mm<\/td>\n<td class=\"et5\" style=\"width: 97.5pt; text-align: center;\" width=\"195\">4 mm<\/td>\n<td class=\"et5\" style=\"width: 97.5pt; text-align: center;\" width=\"195\">10 mm<\/td>\n<td class=\"et5\" style=\"width: 95.5pt; text-align: center;\" width=\"191\">&#8211;<\/td>\n<\/tr>\n<\/tbody>\n<\/table>\n<p>Presentamos nuestro <strong>bot\u00f3n magn\u00e9tico ajustable<\/strong>dise\u00f1ado para una fijaci\u00f3n vers\u00e1til y fiable en diversas aplicaciones. Este innovador <strong>bot\u00f3n magn\u00e9tico<\/strong> dispone de puntas ajustables que permiten personalizar el \u00e1ngulo para una instalaci\u00f3n \u00f3ptima en paneles o telas.<\/p>\n<ul>\n<li><strong>Dise\u00f1o vers\u00e1til<\/strong>: Las p\u00faas se pueden ajustar para adaptarse a diferentes superficies, lo que garantiza una conexi\u00f3n segura y a medida en todo momento.<\/li>\n<li><strong>F\u00e1cil de instalar<\/strong>: Espec\u00edficamente dise\u00f1ado para una r\u00e1pida fijaci\u00f3n a diversos materiales, este <strong>bot\u00f3n magn\u00e9tico a presi\u00f3n<\/strong> hace que la instalaci\u00f3n sea sencilla y eficaz.<\/li>\n<li><strong>Sustituci\u00f3n c\u00f3moda<\/strong>: El dise\u00f1o permite un f\u00e1cil desmontaje, lo que simplifica la sustituci\u00f3n del <strong>botones magn\u00e9ticos<\/strong> seg\u00fan sea necesario.<\/li>\n<li><strong>Disponibilidad regular<\/strong>: Este producto est\u00e1 siempre en stock. Los pedidos de muestras pueden realizarse a trav\u00e9s de nuestro <a href=\"https:\/\/www.richarmshardware.com\/collections\/medical-electircal-magnetic-snap\">tienda en l\u00ednea<\/a>mientras que los precios al por mayor para pedidos est\u00e1ndar pueden obtenerse dirigi\u00e9ndose a <a href=\"http:\/\/richarms.com\/es\/contact\/\">nuestro equipo de ventas<\/a>.<\/li>\n<\/ul>\n<p><strong>Caracter\u00edsticas principales<\/strong>:<\/p>\n<ul>\n<li>Puntas ajustables para un ajuste personalizado<\/li>\n<li>Integraci\u00f3n perfecta con m\u00faltiples superficies<\/li>\n<li>Sustituci\u00f3n y mantenimiento sin esfuerzo<\/li>\n<\/ul>\n<p>Mejore sus proyectos con nuestro <strong>botones magn\u00e9ticos a presi\u00f3n<\/strong> para una <a href=\"https:\/\/www.pinterest.com\/richarmsaccessoriesgroups\/innovative-electric-magnetic-snaps-for-all-purpose\/\">cierres elegantes<\/a> que se adaptan a sus necesidades.<\/p>\n<p><strong>Material:<\/strong><\/p>\n<p>C\u00e1psula hembra: Disponible en hierro, lat\u00f3n com\u00fan o lat\u00f3n ambiental<br \/>\nC\u00e1psula masculina: Hierro<\/p>\n<p><img decoding=\"async\" class=\"alignnone wp-image-7161 lazyautosizes ls-is-cached lazyloaded\" src=\"https:\/\/richarms.com\/wp-content\/uploads\/2020\/03\/materials-e1626143269166.png\" sizes=\"446px\" srcset=\"https:\/\/richarms.com\/wp-content\/uploads\/2020\/03\/materials-e1626143269166-200x89.png 200w, https:\/\/richarms.com\/wp-content\/uploads\/2020\/03\/materials-e1626143269166-300x134.png 300w, https:\/\/richarms.com\/wp-content\/uploads\/2020\/03\/materials-e1626143269166-400x178.png 400w, https:\/\/richarms.com\/wp-content\/uploads\/2020\/03\/materials-e1626143269166-500x223.png 500w, https:\/\/richarms.com\/wp-content\/uploads\/2020\/03\/materials-e1626143269166.png 511w\" alt=\"\" width=\"446\" height=\"199\" data-orig-src=\"https:\/\/richarms.com\/wp-content\/uploads\/2020\/03\/materials-e1626143269166.png\" data-srcset=\"https:\/\/richarms.com\/wp-content\/uploads\/2020\/03\/materials-e1626143269166-200x89.png 200w, https:\/\/richarms.com\/wp-content\/uploads\/2020\/03\/materials-e1626143269166-300x134.png 300w, https:\/\/richarms.com\/wp-content\/uploads\/2020\/03\/materials-e1626143269166-400x178.png 400w, https:\/\/richarms.com\/wp-content\/uploads\/2020\/03\/materials-e1626143269166-500x223.png 500w, https:\/\/richarms.com\/wp-content\/uploads\/2020\/03\/materials-e1626143269166.png 511w\" data-sizes=\"auto\" data-orig-sizes=\"(max-width: 446px) 100vw, 446px\" \/><\/p>\n<p>Im\u00e1n permanente de neodimio. La potencia del im\u00e1n depende del tama\u00f1o del im\u00e1n y del grado del im\u00e1n.<\/p>\n<p><img decoding=\"async\" class=\"wp-image-7163 lazyautosizes lazyloaded\" title=\"broches magn\u00e9ticos parte\" src=\"https:\/\/richarms.com\/wp-content\/uploads\/2020\/03\/%E8%B6%85%E8%96%84%E7%A3%81%E5%8A%9B-e1626186192975.png\" sizes=\"449px\" srcset=\"https:\/\/richarms.com\/wp-content\/uploads\/2020\/03\/\u8d85\u8584\u78c1\u529b-e1626186192975-200x58.png 200w, https:\/\/richarms.com\/wp-content\/uploads\/2020\/03\/\u8d85\u8584\u78c1\u529b-e1626186192975-300x87.png 300w, https:\/\/richarms.com\/wp-content\/uploads\/2020\/03\/\u8d85\u8584\u78c1\u529b-e1626186192975-400x117.png 400w, https:\/\/richarms.com\/wp-content\/uploads\/2020\/03\/\u8d85\u8584\u78c1\u529b-e1626186192975-500x146.png 500w, https:\/\/richarms.com\/wp-content\/uploads\/2020\/03\/\u8d85\u8584\u78c1\u529b-e1626186192975-600x175.png 600w, https:\/\/richarms.com\/wp-content\/uploads\/2020\/03\/\u8d85\u8584\u78c1\u529b-e1626186192975-700x204.png 700w, https:\/\/richarms.com\/wp-content\/uploads\/2020\/03\/\u8d85\u8584\u78c1\u529b-e1626186192975-768x224.png 768w, https:\/\/richarms.com\/wp-content\/uploads\/2020\/03\/\u8d85\u8584\u78c1\u529b-e1626186192975-800x233.png 800w, https:\/\/richarms.com\/wp-content\/uploads\/2020\/03\/\u8d85\u8584\u78c1\u529b-e1626186192975.png 885w\" alt=\"\" width=\"449\" height=\"131\" data-orig-src=\"https:\/\/richarms.com\/wp-content\/uploads\/2020\/03\/\u8d85\u8584\u78c1\u529b-e1626186192975.png\" data-srcset=\"https:\/\/richarms.com\/wp-content\/uploads\/2020\/03\/\u8d85\u8584\u78c1\u529b-e1626186192975-200x58.png 200w, https:\/\/richarms.com\/wp-content\/uploads\/2020\/03\/\u8d85\u8584\u78c1\u529b-e1626186192975-300x87.png 300w, https:\/\/richarms.com\/wp-content\/uploads\/2020\/03\/\u8d85\u8584\u78c1\u529b-e1626186192975-400x117.png 400w, https:\/\/richarms.com\/wp-content\/uploads\/2020\/03\/\u8d85\u8584\u78c1\u529b-e1626186192975-500x146.png 500w, https:\/\/richarms.com\/wp-content\/uploads\/2020\/03\/\u8d85\u8584\u78c1\u529b-e1626186192975-600x175.png 600w, https:\/\/richarms.com\/wp-content\/uploads\/2020\/03\/\u8d85\u8584\u78c1\u529b-e1626186192975-700x204.png 700w, https:\/\/richarms.com\/wp-content\/uploads\/2020\/03\/\u8d85\u8584\u78c1\u529b-e1626186192975-768x224.png 768w, https:\/\/richarms.com\/wp-content\/uploads\/2020\/03\/\u8d85\u8584\u78c1\u529b-e1626186192975-800x233.png 800w, https:\/\/richarms.com\/wp-content\/uploads\/2020\/03\/\u8d85\u8584\u78c1\u529b-e1626186192975.png 885w\" data-sizes=\"auto\" data-orig-sizes=\"(max-width: 449px) 100vw, 449px\" \/><\/p>\n<p><strong><b>Paquete\uff1a<\/b><\/strong><br \/>\n1 juego = 1 macho, 1 hembra, 2 arandelas<br \/>\n8mm\/10mm: 400 juegos\/caja, 20 cajas\/cart\u00f3n<\/p>\n<p><strong><b>Aplicaci\u00f3n\uff1a<br \/>\n<img decoding=\"async\" class=\"lazyload alignnone size-medium wp-image-7511\" src=\"https:\/\/richarms.com\/wp-content\/uploads\/2021\/10\/IMG_4041-300x300.jpg\" data-orig-src=\"https:\/\/richarms.com\/wp-content\/uploads\/2021\/10\/IMG_4041-300x300.jpg\" alt=\"\" width=\"300\" height=\"300\" srcset=\"data:image\/svg+xml,%3Csvg%20xmlns%3D%27http%3A%2F%2Fwww.w3.org%2F2000%2Fsvg%27%20width%3D%27300%27%20height%3D%27300%27%20viewBox%3D%270%200%20300%20300%27%3E%3Crect%20width%3D%27300%27%20height%3D%27300%27%20fill-opacity%3D%220%22%2F%3E%3C%2Fsvg%3E\" data-srcset=\"https:\/\/richarms.com\/wp-content\/uploads\/2021\/10\/IMG_4041-66x66.jpg 66w, https:\/\/richarms.com\/wp-content\/uploads\/2021\/10\/IMG_4041-100x100.jpg 100w, https:\/\/richarms.com\/wp-content\/uploads\/2021\/10\/IMG_4041-150x150.jpg 150w, https:\/\/richarms.com\/wp-content\/uploads\/2021\/10\/IMG_4041-200x200.jpg 200w, https:\/\/richarms.com\/wp-content\/uploads\/2021\/10\/IMG_4041-300x300.jpg 300w, https:\/\/richarms.com\/wp-content\/uploads\/2021\/10\/IMG_4041-400x400.jpg 400w, https:\/\/richarms.com\/wp-content\/uploads\/2021\/10\/IMG_4041-500x500.jpg 500w, https:\/\/richarms.com\/wp-content\/uploads\/2021\/10\/IMG_4041-600x600.jpg 600w, https:\/\/richarms.com\/wp-content\/uploads\/2021\/10\/IMG_4041-700x700.jpg 700w, https:\/\/richarms.com\/wp-content\/uploads\/2021\/10\/IMG_4041-768x768.jpg 768w, https:\/\/richarms.com\/wp-content\/uploads\/2021\/10\/IMG_4041-800x800.jpg 800w, https:\/\/richarms.com\/wp-content\/uploads\/2021\/10\/IMG_4041.jpg 1000w\" data-sizes=\"auto\" data-orig-sizes=\"(max-width: 300px) 100vw, 300px\" \/><br \/>\n<\/b><\/strong><\/p>","protected":false},"excerpt":{"rendered":"<p>Tipo:Bot\u00f3n magn\u00e9tico<br \/>\nMaterial: Lat\u00f3n, hierro, im\u00e1n<br \/>\nN\u00famero de modelo: RC-EP0820\/1020\/1020S\/1020L<br \/>\nTama\u00f1o: 8x2mm, 10x2mm<br \/>\nColor: N\u00edquel<br \/>\nEmbalaje: caja y cart\u00f3n<br \/>\nEnv\u00edos: LCL \/ DHL \/ FedEx \/ TNT \/ Otros<\/p>","protected":false},"featured_media":7897,"template":"","meta":[],"product_brand":[],"product_cat":[110],"product_tag":[],"class_list":{"0":"post-7892","1":"product","2":"type-product","3":"status-publish","4":"has-post-thumbnail","6":"product_cat-medical-electrical-snap","8":"first","9":"instock","10":"shipping-taxable","11":"product-type-simple"},"aioseo_notices":[],"_links":{"self":[{"href":"https:\/\/richarms.com\/es\/wp-json\/wp\/v2\/product\/7892","targetHints":{"allow":["GET"]}}],"collection":[{"href":"https:\/\/richarms.com\/es\/wp-json\/wp\/v2\/product"}],"about":[{"href":"https:\/\/richarms.com\/es\/wp-json\/wp\/v2\/types\/product"}],"wp:featuredmedia":[{"embeddable":true,"href":"https:\/\/richarms.com\/es\/wp-json\/wp\/v2\/media\/7897"}],"wp:attachment":[{"href":"https:\/\/richarms.com\/es\/wp-json\/wp\/v2\/media?parent=7892"}],"wp:term":[{"taxonomy":"product_brand","embeddable":true,"href":"https:\/\/richarms.com\/es\/wp-json\/wp\/v2\/product_brand?post=7892"},{"taxonomy":"product_cat","embeddable":true,"href":"https:\/\/richarms.com\/es\/wp-json\/wp\/v2\/product_cat?post=7892"},{"taxonomy":"product_tag","embeddable":true,"href":"https:\/\/richarms.com\/es\/wp-json\/wp\/v2\/product_tag?post=7892"}],"curies":[{"name":"wp","href":"https:\/\/api.w.org\/{rel}","templated":true}]}}