{"id":8036,"date":"2024-10-23T09:31:03","date_gmt":"2024-10-23T01:31:03","guid":{"rendered":"https:\/\/richarms.com\/?post_type=product&#038;p=8036"},"modified":"2025-04-29T16:05:00","modified_gmt":"2025-04-29T08:05:00","slug":"magnetic-pin-backs","status":"publish","type":"product","link":"https:\/\/richarms.com\/es\/product\/magnetic-pin-backs","title":{"rendered":"Pasadores magn\u00e9ticos"},"content":{"rendered":"<h1>Alfileres magn\u00e9ticos al por mayor - \u00a1Convierta sus alfileres favoritos en imanes de nevera!<\/h1>\n<p>Transforme sus pins de esmalte con nuestro <strong>Pasadores magn\u00e9ticos<\/strong>Estos soportes magn\u00e9ticos est\u00e1n dise\u00f1ados para convertir f\u00e1cilmente su querida colecci\u00f3n de alfileres en elegantes imanes de nevera. Con imanes fuertes y una sujeci\u00f3n segura, estos soportes magn\u00e9ticos para alfileres son la soluci\u00f3n perfecta para exponer alfileres que a menudo pierden su soporte original, garantizando que permanezcan firmemente en su sitio y a\u00f1adiendo un toque decorativo a tu hogar.<\/p>\n<p>Pasadores magn\u00e9ticos Dimensi\u00f3n:<br \/>\nTama\u00f1o: D 11.05mm x H 8.6mm<br \/>\nPeso: 3,2 g<\/p>\n<p><img decoding=\"async\" class=\"lazyload size-medium wp-image-8042\" src=\"https:\/\/richarms.com\/wp-content\/uploads\/2024\/10\/IMG_4812-300x217.jpg\" data-orig-src=\"https:\/\/richarms.com\/wp-content\/uploads\/2024\/10\/IMG_4812-300x217.jpg\" alt=\"Wholesale magnetic pin backs from a trusted China hardware factory, available in various colors. Perfect for securing enamel pins or converting them into magnets.\" width=\"300\" height=\"217\" srcset=\"data:image\/svg+xml,%3Csvg%20xmlns%3D%27http%3A%2F%2Fwww.w3.org%2F2000%2Fsvg%27%20width%3D%27300%27%20height%3D%27217%27%20viewBox%3D%270%200%20300%20217%27%3E%3Crect%20width%3D%27300%27%20height%3D%27217%27%20fill-opacity%3D%220%22%2F%3E%3C%2Fsvg%3E\" data-srcset=\"https:\/\/richarms.com\/wp-content\/uploads\/2024\/10\/IMG_4812-200x145.jpg 200w, https:\/\/richarms.com\/wp-content\/uploads\/2024\/10\/IMG_4812-300x217.jpg 300w, https:\/\/richarms.com\/wp-content\/uploads\/2024\/10\/IMG_4812-400x290.jpg 400w, https:\/\/richarms.com\/wp-content\/uploads\/2024\/10\/IMG_4812-500x362.jpg 500w, https:\/\/richarms.com\/wp-content\/uploads\/2024\/10\/IMG_4812-600x435.jpg 600w, https:\/\/richarms.com\/wp-content\/uploads\/2024\/10\/IMG_4812-700x507.jpg 700w, https:\/\/richarms.com\/wp-content\/uploads\/2024\/10\/IMG_4812-768x557.jpg 768w, https:\/\/richarms.com\/wp-content\/uploads\/2024\/10\/IMG_4812.jpg 799w\" data-sizes=\"auto\" data-orig-sizes=\"(max-width: 300px) 100vw, 300px\" \/><\/p>\n<p><img decoding=\"async\" class=\"lazyload size-medium wp-image-8047\" src=\"https:\/\/richarms.com\/wp-content\/uploads\/2024\/10\/IMG_4816-300x261.jpg\" data-orig-src=\"https:\/\/richarms.com\/wp-content\/uploads\/2024\/10\/IMG_4816-300x261.jpg\" alt=\"Wholesale magnetic pin backs from a trusted China hardware factory, available in various colors. Perfect for securing enamel pins or converting them into magnets.\" width=\"300\" height=\"261\" srcset=\"data:image\/svg+xml,%3Csvg%20xmlns%3D%27http%3A%2F%2Fwww.w3.org%2F2000%2Fsvg%27%20width%3D%27300%27%20height%3D%27261%27%20viewBox%3D%270%200%20300%20261%27%3E%3Crect%20width%3D%27300%27%20height%3D%27261%27%20fill-opacity%3D%220%22%2F%3E%3C%2Fsvg%3E\" data-srcset=\"https:\/\/richarms.com\/wp-content\/uploads\/2024\/10\/IMG_4816-200x174.jpg 200w, https:\/\/richarms.com\/wp-content\/uploads\/2024\/10\/IMG_4816-300x261.jpg 300w, https:\/\/richarms.com\/wp-content\/uploads\/2024\/10\/IMG_4816-400x349.jpg 400w, https:\/\/richarms.com\/wp-content\/uploads\/2024\/10\/IMG_4816-500x436.jpg 500w, https:\/\/richarms.com\/wp-content\/uploads\/2024\/10\/IMG_4816-600x523.jpg 600w, https:\/\/richarms.com\/wp-content\/uploads\/2024\/10\/IMG_4816-700x610.jpg 700w, https:\/\/richarms.com\/wp-content\/uploads\/2024\/10\/IMG_4816-768x669.jpg 768w, https:\/\/richarms.com\/wp-content\/uploads\/2024\/10\/IMG_4816.jpg 800w\" data-sizes=\"auto\" data-orig-sizes=\"(max-width: 300px) 100vw, 300px\" \/><\/p>\n<h4><strong>Caracter\u00edsticas principales:<\/strong><\/h4>\n<ul>\n<li><strong>Imanes fuertes y sujeci\u00f3n segura:<\/strong> Nuestra <strong>reversos magn\u00e9ticos para alfileres<\/strong> ofrecen una soluci\u00f3n fiable para exhibir sus alfileres esmaltados en superficies met\u00e1licas, como frigor\u00edficos o tablones de anuncios. La robusta fuerza magn\u00e9tica garantiza que las chinchetas queden bien sujetas, evitando que resbalen o se caigan.<br \/>\n<img decoding=\"async\" class=\"lazyload size-medium wp-image-8046\" src=\"https:\/\/richarms.com\/wp-content\/uploads\/2024\/10\/IMG_4819-300x300.jpg\" data-orig-src=\"https:\/\/richarms.com\/wp-content\/uploads\/2024\/10\/IMG_4819-300x300.jpg\" alt=\"Our magnetic backs for pins offer a reliable solution for showcasing your enamel pins on metal surfaces, such as refrigerators or bulletin boards\" width=\"300\" height=\"300\" srcset=\"data:image\/svg+xml,%3Csvg%20xmlns%3D%27http%3A%2F%2Fwww.w3.org%2F2000%2Fsvg%27%20width%3D%27300%27%20height%3D%27300%27%20viewBox%3D%270%200%20300%20300%27%3E%3Crect%20width%3D%27300%27%20height%3D%27300%27%20fill-opacity%3D%220%22%2F%3E%3C%2Fsvg%3E\" data-srcset=\"https:\/\/richarms.com\/wp-content\/uploads\/2024\/10\/IMG_4819-66x66.jpg 66w, https:\/\/richarms.com\/wp-content\/uploads\/2024\/10\/IMG_4819-100x100.jpg 100w, https:\/\/richarms.com\/wp-content\/uploads\/2024\/10\/IMG_4819-150x150.jpg 150w, https:\/\/richarms.com\/wp-content\/uploads\/2024\/10\/IMG_4819-200x200.jpg 200w, https:\/\/richarms.com\/wp-content\/uploads\/2024\/10\/IMG_4819-300x300.jpg 300w, https:\/\/richarms.com\/wp-content\/uploads\/2024\/10\/IMG_4819-400x400.jpg 400w, https:\/\/richarms.com\/wp-content\/uploads\/2024\/10\/IMG_4819-500x500.jpg 500w, https:\/\/richarms.com\/wp-content\/uploads\/2024\/10\/IMG_4819-600x600.jpg 600w, https:\/\/richarms.com\/wp-content\/uploads\/2024\/10\/IMG_4819-700x700.jpg 700w, https:\/\/richarms.com\/wp-content\/uploads\/2024\/10\/IMG_4819-768x768.jpg 768w, https:\/\/richarms.com\/wp-content\/uploads\/2024\/10\/IMG_4819.jpg 800w\" data-sizes=\"auto\" data-orig-sizes=\"(max-width: 300px) 100vw, 300px\" \/><img decoding=\"async\" class=\"lazyload size-medium wp-image-8045\" src=\"https:\/\/richarms.com\/wp-content\/uploads\/2024\/10\/IMG_4813-300x254.jpg\" data-orig-src=\"https:\/\/richarms.com\/wp-content\/uploads\/2024\/10\/IMG_4813-300x254.jpg\" alt=\"Our magnetic backs for pins offer a reliable solution for showcasing your enamel pins on metal surfaces, such as refrigerators or bulletin boards\" width=\"300\" height=\"254\" srcset=\"data:image\/svg+xml,%3Csvg%20xmlns%3D%27http%3A%2F%2Fwww.w3.org%2F2000%2Fsvg%27%20width%3D%27300%27%20height%3D%27254%27%20viewBox%3D%270%200%20300%20254%27%3E%3Crect%20width%3D%27300%27%20height%3D%27254%27%20fill-opacity%3D%220%22%2F%3E%3C%2Fsvg%3E\" data-srcset=\"https:\/\/richarms.com\/wp-content\/uploads\/2024\/10\/IMG_4813-200x169.jpg 200w, https:\/\/richarms.com\/wp-content\/uploads\/2024\/10\/IMG_4813-300x254.jpg 300w, https:\/\/richarms.com\/wp-content\/uploads\/2024\/10\/IMG_4813-400x338.jpg 400w, https:\/\/richarms.com\/wp-content\/uploads\/2024\/10\/IMG_4813-500x423.jpg 500w, https:\/\/richarms.com\/wp-content\/uploads\/2024\/10\/IMG_4813-600x508.jpg 600w, https:\/\/richarms.com\/wp-content\/uploads\/2024\/10\/IMG_4813-700x592.jpg 700w, https:\/\/richarms.com\/wp-content\/uploads\/2024\/10\/IMG_4813-768x650.jpg 768w, https:\/\/richarms.com\/wp-content\/uploads\/2024\/10\/IMG_4813.jpg 799w\" data-sizes=\"auto\" data-orig-sizes=\"(max-width: 300px) 100vw, 300px\" \/><\/li>\n<li><strong>F\u00e1cil de usar:<\/strong> Convertir sus pasadores es muy f\u00e1cil. Basta con retirar el pasador original y deslizar nuestro <strong>pasadores magn\u00e9ticos<\/strong> sobre el pin. Col\u00f3quelos en cualquier superficie magn\u00e9tica para conseguir una presentaci\u00f3n llamativa que sea a la vez pr\u00e1ctica y elegante.<br \/>\n<img decoding=\"async\" class=\"lazyload size-medium wp-image-8044\" src=\"https:\/\/richarms.com\/wp-content\/uploads\/2024\/10\/IMG_4814-300x236.jpg\" data-orig-src=\"https:\/\/richarms.com\/wp-content\/uploads\/2024\/10\/IMG_4814-300x236.jpg\" alt=\"Easy to Use: Converting your pins is a breeze! Simply remove the original pin back and slide our magnet pin backs over the pin\" width=\"300\" height=\"236\" srcset=\"data:image\/svg+xml,%3Csvg%20xmlns%3D%27http%3A%2F%2Fwww.w3.org%2F2000%2Fsvg%27%20width%3D%27300%27%20height%3D%27236%27%20viewBox%3D%270%200%20300%20236%27%3E%3Crect%20width%3D%27300%27%20height%3D%27236%27%20fill-opacity%3D%220%22%2F%3E%3C%2Fsvg%3E\" data-srcset=\"https:\/\/richarms.com\/wp-content\/uploads\/2024\/10\/IMG_4814-200x157.jpg 200w, https:\/\/richarms.com\/wp-content\/uploads\/2024\/10\/IMG_4814-300x236.jpg 300w, https:\/\/richarms.com\/wp-content\/uploads\/2024\/10\/IMG_4814-400x315.jpg 400w, https:\/\/richarms.com\/wp-content\/uploads\/2024\/10\/IMG_4814-500x394.jpg 500w, https:\/\/richarms.com\/wp-content\/uploads\/2024\/10\/IMG_4814-600x472.jpg 600w, https:\/\/richarms.com\/wp-content\/uploads\/2024\/10\/IMG_4814-700x551.jpg 700w, https:\/\/richarms.com\/wp-content\/uploads\/2024\/10\/IMG_4814-768x605.jpg 768w, https:\/\/richarms.com\/wp-content\/uploads\/2024\/10\/IMG_4814.jpg 799w\" data-sizes=\"auto\" data-orig-sizes=\"(max-width: 300px) 100vw, 300px\" \/><\/p>\n<p><div id=\"attachment_8043\" style=\"width: 310px\" class=\"wp-caption alignnone\"><img decoding=\"async\" aria-describedby=\"caption-attachment-8043\" class=\"lazyload size-medium wp-image-8043\" src=\"https:\/\/richarms.com\/wp-content\/uploads\/2024\/10\/IMG_4810-300x300.jpg\" data-orig-src=\"https:\/\/richarms.com\/wp-content\/uploads\/2024\/10\/IMG_4810-300x300.jpg\" alt=\"Easy to Use: Converting your pins is a breeze! Simply remove the original pin back and slide our magnet pin backs over the pin\" width=\"300\" height=\"300\" srcset=\"data:image\/svg+xml,%3Csvg%20xmlns%3D%27http%3A%2F%2Fwww.w3.org%2F2000%2Fsvg%27%20width%3D%27300%27%20height%3D%27300%27%20viewBox%3D%270%200%20300%20300%27%3E%3Crect%20width%3D%27300%27%20height%3D%27300%27%20fill-opacity%3D%220%22%2F%3E%3C%2Fsvg%3E\" data-srcset=\"https:\/\/richarms.com\/wp-content\/uploads\/2024\/10\/IMG_4810-66x66.jpg 66w, https:\/\/richarms.com\/wp-content\/uploads\/2024\/10\/IMG_4810-100x100.jpg 100w, https:\/\/richarms.com\/wp-content\/uploads\/2024\/10\/IMG_4810-150x150.jpg 150w, https:\/\/richarms.com\/wp-content\/uploads\/2024\/10\/IMG_4810-200x200.jpg 200w, https:\/\/richarms.com\/wp-content\/uploads\/2024\/10\/IMG_4810-300x300.jpg 300w, https:\/\/richarms.com\/wp-content\/uploads\/2024\/10\/IMG_4810-400x400.jpg 400w, https:\/\/richarms.com\/wp-content\/uploads\/2024\/10\/IMG_4810-500x500.jpg 500w, https:\/\/richarms.com\/wp-content\/uploads\/2024\/10\/IMG_4810-600x600.jpg 600w, https:\/\/richarms.com\/wp-content\/uploads\/2024\/10\/IMG_4810-700x700.jpg 700w, https:\/\/richarms.com\/wp-content\/uploads\/2024\/10\/IMG_4810-768x768.jpg 768w, https:\/\/richarms.com\/wp-content\/uploads\/2024\/10\/IMG_4810-800x800.jpg 800w, https:\/\/richarms.com\/wp-content\/uploads\/2024\/10\/IMG_4810-1024x1024.jpg 1024w, https:\/\/richarms.com\/wp-content\/uploads\/2024\/10\/IMG_4810-1200x1200.jpg 1200w, https:\/\/richarms.com\/wp-content\/uploads\/2024\/10\/IMG_4810-1536x1536.jpg 1536w, https:\/\/richarms.com\/wp-content\/uploads\/2024\/10\/IMG_4810.jpg 1920w\" data-sizes=\"auto\" data-orig-sizes=\"(max-width: 300px) 100vw, 300px\" \/><p id=\"caption-attachment-8043\" class=\"wp-caption-text\">F\u00e1cil de usar: Convertir sus alfileres es muy f\u00e1cil. Basta con retirar la parte trasera original del alfiler y deslizar nuestra parte trasera magn\u00e9tica sobre el alfiler.<\/p><\/div><\/li>\n<li><strong>Una gran idea para regalar:<\/strong> Estos <strong>soporte magn\u00e9tico<\/strong> son perfectos para los coleccionistas de pins que quieren mantener sus pins favoritos fuera de los cajones y a la vista. Tanto si has coleccionado pins especiales de Disney como de tiendas locales, estos convertidores son un regalo muy recomendable para cualquier entusiasta.<\/li>\n<li><strong>Material duradero:<\/strong> Fabricado en metal de alta calidad, nuestro <strong>pasadores magn\u00e9ticos<\/strong> est\u00e1n dise\u00f1ados para soportar el uso diario sin da\u00f1ar sus pins. Si se utilizan correctamente, mantendr\u00e1n el estado impecable de sus preciados pins de esmalte, permiti\u00e9ndole disfrutar de ellos sin preocupaciones.<\/li>\n<li><strong>Cantidad generosa:<\/strong> Cada paquete incluye 50 <strong>pasadores magn\u00e9ticos<\/strong>con lo que tendr\u00e1s suficiente para la mayor parte de tu colecci\u00f3n de pins de esmalte. Con esta generosa cantidad, \u00a1podr\u00e1s cambiar f\u00e1cilmente tus alfileres a medida que crezca tu colecci\u00f3n!<\/li>\n<\/ul>\n<p>Para obtener muestras, visite nuestra <a href=\"http:\/\/richarmshardware.com\">tienda en l\u00ednea<\/a> para hacer un pedido directamente. Para pedidos al por mayor, no dude en ponerse en contacto con <a href=\"http:\/\/richarms.com\/es\/contact\/\">nuestro equipo de ventas<\/a> para obtener precios al por mayor competitivos.<\/p>\n<p>Eleve su colecci\u00f3n de pins con nuestro <strong>los mejores pasadores magn\u00e9ticos<\/strong> \u00a1hoy!<\/p>","protected":false},"excerpt":{"rendered":"<p><strong>F\u00e1brica al por mayor de pasadores magn\u00e9ticos<br \/>\n<\/strong><strong>Talla<\/strong>: D 11.05mm x H 8.6mm<br \/>\n<strong>Peso<\/strong>: 3.2g<br \/>\nSujeta firmemente los alfileres de esmalte sin da\u00f1ar el tejido<br \/>\nConvierte los alfileres en imanes de nevera<br \/>\nMaterial met\u00e1lico resistente<br \/>\nDisponible en varios colores<br \/>\nSe aceptan pedidos al por mayor<\/p>","protected":false},"featured_media":8037,"template":"","meta":[],"product_brand":[],"product_cat":[64],"product_tag":[],"class_list":{"0":"post-8036","1":"product","2":"type-product","3":"status-publish","4":"has-post-thumbnail","6":"product_cat-magnetic-name-tag","8":"first","9":"instock","10":"shipping-taxable","11":"product-type-simple"},"aioseo_notices":[],"_links":{"self":[{"href":"https:\/\/richarms.com\/es\/wp-json\/wp\/v2\/product\/8036","targetHints":{"allow":["GET"]}}],"collection":[{"href":"https:\/\/richarms.com\/es\/wp-json\/wp\/v2\/product"}],"about":[{"href":"https:\/\/richarms.com\/es\/wp-json\/wp\/v2\/types\/product"}],"wp:featuredmedia":[{"embeddable":true,"href":"https:\/\/richarms.com\/es\/wp-json\/wp\/v2\/media\/8037"}],"wp:attachment":[{"href":"https:\/\/richarms.com\/es\/wp-json\/wp\/v2\/media?parent=8036"}],"wp:term":[{"taxonomy":"product_brand","embeddable":true,"href":"https:\/\/richarms.com\/es\/wp-json\/wp\/v2\/product_brand?post=8036"},{"taxonomy":"product_cat","embeddable":true,"href":"https:\/\/richarms.com\/es\/wp-json\/wp\/v2\/product_cat?post=8036"},{"taxonomy":"product_tag","embeddable":true,"href":"https:\/\/richarms.com\/es\/wp-json\/wp\/v2\/product_tag?post=8036"}],"curies":[{"name":"wp","href":"https:\/\/api.w.org\/{rel}","templated":true}]}}