{"id":2419,"date":"2021-07-11T13:06:07","date_gmt":"2021-07-11T05:06:07","guid":{"rendered":"https:\/\/www.bangzhiyou.com\/?post_type=product&#038;p=2419"},"modified":"2025-02-15T10:25:31","modified_gmt":"2025-02-15T02:25:31","slug":"bzy-aqx02","status":"publish","type":"product","link":"https:\/\/richarms.com\/fr\/product\/bzy-aqx02","title":{"rendered":"Fermeture magn\u00e9tique sur l'ensemble de la couverture"},"content":{"rendered":"<h1><strong>14mm 18mm Round Thick Full Cover \/ Lip Magnetic Snaps, Fastener, Closures<\/strong><\/h1>\n<p>Thick Full lip Magnetic Snaps can prevent sliding in all directions, for additional security. This is commonly used on briefcases.<\/p>\n<p><strong>Size and code:<\/strong><\/p>\n<table style=\"border-collapse: collapse; width: 761px; height: 413px;\" border=\"0\" width=\"996\" cellspacing=\"0\" cellpadding=\"0\">\n<tbody>\n<tr style=\"height: 31.20pt;\">\n<td class=\"et3\" style=\"height: 31.20pt; width: 87.45pt;\" width=\"145\" height=\"52\">Code<\/td>\n<td class=\"et3\" style=\"width: 54.80pt;\" width=\"91\">Taille<\/td>\n<td class=\"et3\" style=\"width: 78.60pt;\" width=\"131\">Snap femelle TH<\/td>\n<td class=\"et4\" style=\"width: 60.00pt;\" width=\"100\">Aimant<br \/>\nDIA<\/td>\n<td class=\"et4\" style=\"width: 54.80pt;\" width=\"91\">Pression<br \/>\nL<\/td>\n<td class=\"et4\" style=\"width: 97.70pt;\" width=\"162\">Photo<\/td>\n<td class=\"et3\" style=\"width: 164.55pt;\" width=\"274\">Description<\/td>\n<\/tr>\n<tr style=\"height: 124.80pt;\">\n<td class=\"et3\" style=\"height: 124.80pt; width: 87.45pt;\" width=\"145\" height=\"208\">RC-FC1435<\/td>\n<td class=\"et4\" style=\"width: 54.80pt;\" width=\"91\">14 mm<\/td>\n<td class=\"et3\" style=\"width: 78.60pt;\" width=\"131\">3,5 mm<\/td>\n<td class=\"et3\" style=\"width: 60.00pt;\" width=\"100\">14 mm<\/td>\n<td class=\"et3\" style=\"width: 54.80pt;\" width=\"91\">7,6 mm<\/td>\n<td><img decoding=\"async\" class=\"lazyload wp-image-7299 aligncenter\" src=\"https:\/\/richarms.com\/wp-content\/uploads\/2021\/07\/143.5.jpg\" data-orig-src=\"https:\/\/richarms.com\/wp-content\/uploads\/2021\/07\/143.5.jpg\" alt=\"\" width=\"108\" height=\"86\" srcset=\"data:image\/svg+xml,%3Csvg%20xmlns%3D%27http%3A%2F%2Fwww.w3.org%2F2000%2Fsvg%27%20width%3D%27108%27%20height%3D%2786%27%20viewBox%3D%270%200%20108%2086%27%3E%3Crect%20width%3D%27108%27%20height%3D%2786%27%20fill-opacity%3D%220%22%2F%3E%3C%2Fsvg%3E\" data-srcset=\"https:\/\/richarms.com\/wp-content\/uploads\/2021\/07\/143.5-177x142.jpg 177w, https:\/\/richarms.com\/wp-content\/uploads\/2021\/07\/143.5-200x159.jpg 200w, https:\/\/richarms.com\/wp-content\/uploads\/2021\/07\/143.5-300x238.jpg 300w, https:\/\/richarms.com\/wp-content\/uploads\/2021\/07\/143.5-400x317.jpg 400w, https:\/\/richarms.com\/wp-content\/uploads\/2021\/07\/143.5.jpg 458w\" data-sizes=\"auto\" data-orig-sizes=\"(max-width: 108px) 100vw, 108px\" \/><\/td>\n<td class=\"et3\" style=\"width: 164.55pt;\" width=\"274\">Solution peu co\u00fbteuse.<br \/>\nMoins puissant, il sera utilis\u00e9 pour de petits objets promotionnels, comme un petit carnet, un porte-carte, un petit sac, un sac de t\u00e9l\u00e9phone portable et les collections correspondantes.<\/td>\n<\/tr>\n<tr style=\"height: 62.40pt;\">\n<td class=\"et3\" style=\"height: 62.40pt; width: 87.45pt;\" width=\"145\" height=\"104\">RC-FC1840<\/td>\n<td class=\"et4\" style=\"width: 54.80pt;\" width=\"91\">18mm<\/td>\n<td class=\"et3\" style=\"width: 78.60pt;\" width=\"131\">4mm<\/td>\n<td class=\"et3\" style=\"width: 60.00pt;\" width=\"100\">18mm<\/td>\n<td class=\"et3\" style=\"width: 54.80pt;\" width=\"91\">9 mm<\/td>\n<td><img decoding=\"async\" class=\"lazyload size-full wp-image-7296 aligncenter\" src=\"https:\/\/richarms.com\/wp-content\/uploads\/2021\/07\/\u56fe\u724724.png\" data-orig-src=\"https:\/\/richarms.com\/wp-content\/uploads\/2021\/07\/\u56fe\u724724.png\" alt=\"\" width=\"436\" height=\"345\" srcset=\"data:image\/svg+xml,%3Csvg%20xmlns%3D%27http%3A%2F%2Fwww.w3.org%2F2000%2Fsvg%27%20width%3D%27436%27%20height%3D%27345%27%20viewBox%3D%270%200%20436%20345%27%3E%3Crect%20width%3D%27436%27%20height%3D%27345%27%20fill-opacity%3D%220%22%2F%3E%3C%2Fsvg%3E\" data-srcset=\"https:\/\/richarms.com\/wp-content\/uploads\/2021\/07\/\u56fe\u724724-200x158.png 200w, https:\/\/richarms.com\/wp-content\/uploads\/2021\/07\/\u56fe\u724724-300x237.png 300w, https:\/\/richarms.com\/wp-content\/uploads\/2021\/07\/\u56fe\u724724-400x317.png 400w, https:\/\/richarms.com\/wp-content\/uploads\/2021\/07\/\u56fe\u724724.png 436w\" data-sizes=\"auto\" data-orig-sizes=\"(max-width: 436px) 100vw, 436px\" \/><\/td>\n<td class=\"et3\" style=\"width: 164.55pt;\" width=\"274\">Solution peu co\u00fbteuse.<br \/>\nDe r\u00e9sistance moyenne, il est le plus couramment utilis\u00e9 dans l'industrie.<\/td>\n<\/tr>\n<tr style=\"height: 109.20pt;\">\n<td class=\"et3\" style=\"height: 109.20pt; width: 87.45pt;\" width=\"145\" height=\"182\">RC-FC1845<\/td>\n<td class=\"et4\" style=\"width: 54.80pt;\" width=\"91\">18mm<\/td>\n<td class=\"et3\" style=\"width: 78.60pt;\" width=\"131\">4,5 mm<\/td>\n<td class=\"et3\" style=\"width: 60.00pt;\" width=\"100\">18mm<\/td>\n<td class=\"et3\" style=\"width: 54.80pt;\" width=\"91\">9 mm<\/td>\n<td><img decoding=\"async\" class=\"lazyload size-full wp-image-7294 aligncenter\" src=\"https:\/\/richarms.com\/wp-content\/uploads\/2021\/07\/\u56fe\u724722.png\" data-orig-src=\"https:\/\/richarms.com\/wp-content\/uploads\/2021\/07\/\u56fe\u724722.png\" alt=\"\" width=\"462\" height=\"344\" srcset=\"data:image\/svg+xml,%3Csvg%20xmlns%3D%27http%3A%2F%2Fwww.w3.org%2F2000%2Fsvg%27%20width%3D%27462%27%20height%3D%27344%27%20viewBox%3D%270%200%20462%20344%27%3E%3Crect%20width%3D%27462%27%20height%3D%27344%27%20fill-opacity%3D%220%22%2F%3E%3C%2Fsvg%3E\" data-srcset=\"https:\/\/richarms.com\/wp-content\/uploads\/2021\/07\/\u56fe\u724722-200x149.png 200w, https:\/\/richarms.com\/wp-content\/uploads\/2021\/07\/\u56fe\u724722-300x223.png 300w, https:\/\/richarms.com\/wp-content\/uploads\/2021\/07\/\u56fe\u724722-400x298.png 400w, https:\/\/richarms.com\/wp-content\/uploads\/2021\/07\/\u56fe\u724722.png 462w\" data-sizes=\"auto\" data-orig-sizes=\"(max-width: 462px) 100vw, 462px\" \/><\/td>\n<td class=\"et3\" style=\"width: 164.55pt;\" width=\"274\">Les boutons-pression magn\u00e9tiques extra-\u00e9pais sont notre mod\u00e8le le plus populaire.<br \/>\nLow-cost magnetic; standard strength; used in average applications, eg. briefcase, backpack, tote Bag.<\/td>\n<\/tr>\n<\/tbody>\n<\/table>\n<p><strong><b>Remarque : Forte puissance d'aimantation Disponible<\/b><\/strong><\/p>\n<p style=\"text-align: left;\"><strong>Mat\u00e9riau :<br \/>\n<\/strong>G\u00e9lule m\u00e2le : Fer<br \/>\nCapsule femelle :  Fer, laiton commun ou laiton \u00e9cologique disponibles<\/p>\n<p><img decoding=\"async\" class=\"lazyload alignnone wp-image-7161\" src=\"https:\/\/richarms.com\/wp-content\/uploads\/2020\/03\/materials-e1626143269166.png\" data-orig-src=\"https:\/\/richarms.com\/wp-content\/uploads\/2020\/03\/materials-e1626143269166.png\" alt=\"\" width=\"446\" height=\"199\" srcset=\"data:image\/svg+xml,%3Csvg%20xmlns%3D%27http%3A%2F%2Fwww.w3.org%2F2000%2Fsvg%27%20width%3D%27446%27%20height%3D%27199%27%20viewBox%3D%270%200%20446%20199%27%3E%3Crect%20width%3D%27446%27%20height%3D%27199%27%20fill-opacity%3D%220%22%2F%3E%3C%2Fsvg%3E\" data-srcset=\"https:\/\/richarms.com\/wp-content\/uploads\/2020\/03\/materials-e1626143269166-200x89.png 200w, https:\/\/richarms.com\/wp-content\/uploads\/2020\/03\/materials-e1626143269166-300x134.png 300w, https:\/\/richarms.com\/wp-content\/uploads\/2020\/03\/materials-e1626143269166-400x178.png 400w, https:\/\/richarms.com\/wp-content\/uploads\/2020\/03\/materials-e1626143269166-500x223.png 500w, https:\/\/richarms.com\/wp-content\/uploads\/2020\/03\/materials-e1626143269166.png 511w\" data-sizes=\"auto\" data-orig-sizes=\"(max-width: 446px) 100vw, 446px\" \/><\/p>\n<p>Aimant int\u00e9rieur :<strong><b><br \/>\n<\/b><\/strong>Puissance standard de l'aimant : Aimant permanent en ferrite<br \/>\nPuissance magn\u00e9tique \u00e9lev\u00e9e : Aimant permanent en ferrite et en n\u00e9odyme<\/p>\n<p><img decoding=\"async\" class=\"lazyload alignnone wp-image-7164\" src=\"https:\/\/richarms.com\/wp-content\/uploads\/2020\/03\/\u78c1\u529b\u5bf9\u6bd4\u56fe.png\" data-orig-src=\"https:\/\/richarms.com\/wp-content\/uploads\/2020\/03\/\u78c1\u529b\u5bf9\u6bd4\u56fe.png\" alt=\"\" width=\"454\" height=\"360\" srcset=\"data:image\/svg+xml,%3Csvg%20xmlns%3D%27http%3A%2F%2Fwww.w3.org%2F2000%2Fsvg%27%20width%3D%27454%27%20height%3D%27360%27%20viewBox%3D%270%200%20454%20360%27%3E%3Crect%20width%3D%27454%27%20height%3D%27360%27%20fill-opacity%3D%220%22%2F%3E%3C%2Fsvg%3E\" data-srcset=\"https:\/\/richarms.com\/wp-content\/uploads\/2020\/03\/\u78c1\u529b\u5bf9\u6bd4\u56fe-200x159.png 200w, https:\/\/richarms.com\/wp-content\/uploads\/2020\/03\/\u78c1\u529b\u5bf9\u6bd4\u56fe-300x238.png 300w, https:\/\/richarms.com\/wp-content\/uploads\/2020\/03\/\u78c1\u529b\u5bf9\u6bd4\u56fe-400x317.png 400w, https:\/\/richarms.com\/wp-content\/uploads\/2020\/03\/\u78c1\u529b\u5bf9\u6bd4\u56fe-500x397.png 500w, https:\/\/richarms.com\/wp-content\/uploads\/2020\/03\/\u78c1\u529b\u5bf9\u6bd4\u56fe-600x476.png 600w, https:\/\/richarms.com\/wp-content\/uploads\/2020\/03\/\u78c1\u529b\u5bf9\u6bd4\u56fe-700x555.png 700w, https:\/\/richarms.com\/wp-content\/uploads\/2020\/03\/\u78c1\u529b\u5bf9\u6bd4\u56fe-768x609.png 768w, https:\/\/richarms.com\/wp-content\/uploads\/2020\/03\/\u78c1\u529b\u5bf9\u6bd4\u56fe-800x635.png 800w, https:\/\/richarms.com\/wp-content\/uploads\/2020\/03\/\u78c1\u529b\u5bf9\u6bd4\u56fe-1024x813.png 1024w, https:\/\/richarms.com\/wp-content\/uploads\/2020\/03\/\u78c1\u529b\u5bf9\u6bd4\u56fe-1200x952.png 1200w, https:\/\/richarms.com\/wp-content\/uploads\/2020\/03\/\u78c1\u529b\u5bf9\u6bd4\u56fe-1536x1219.png 1536w, https:\/\/richarms.com\/wp-content\/uploads\/2020\/03\/\u78c1\u529b\u5bf9\u6bd4\u56fe.png 1661w\" data-sizes=\"auto\" data-orig-sizes=\"(max-width: 454px) 100vw, 454px\" \/><\/p>\n<p><img decoding=\"async\" class=\"lazyload alignnone size-full wp-image-7169\" src=\"https:\/\/richarms.com\/wp-content\/uploads\/2020\/03\/\u5fae\u4fe1\u622a\u56fe_20210712180015.png\" data-orig-src=\"https:\/\/richarms.com\/wp-content\/uploads\/2020\/03\/\u5fae\u4fe1\u622a\u56fe_20210712180015.png\" alt=\"\" width=\"488\" height=\"793\" srcset=\"data:image\/svg+xml,%3Csvg%20xmlns%3D%27http%3A%2F%2Fwww.w3.org%2F2000%2Fsvg%27%20width%3D%27488%27%20height%3D%27793%27%20viewBox%3D%270%200%20488%20793%27%3E%3Crect%20width%3D%27488%27%20height%3D%27793%27%20fill-opacity%3D%220%22%2F%3E%3C%2Fsvg%3E\" data-srcset=\"https:\/\/richarms.com\/wp-content\/uploads\/2020\/03\/\u5fae\u4fe1\u622a\u56fe_20210712180015-185x300.png 185w, https:\/\/richarms.com\/wp-content\/uploads\/2020\/03\/\u5fae\u4fe1\u622a\u56fe_20210712180015-200x325.png 200w, https:\/\/richarms.com\/wp-content\/uploads\/2020\/03\/\u5fae\u4fe1\u622a\u56fe_20210712180015-400x650.png 400w, https:\/\/richarms.com\/wp-content\/uploads\/2020\/03\/\u5fae\u4fe1\u622a\u56fe_20210712180015.png 488w\" data-sizes=\"auto\" data-orig-sizes=\"(max-width: 488px) 100vw, 488px\" \/><\/p>\n<p><strong><b>F<\/b><\/strong><strong><b>inish<\/b><\/strong><strong><b>\uff1a<br \/>\n<\/b><\/strong>Snap femelle : uni, motif, logo<\/p>\n<p><img decoding=\"async\" class=\"lazyload alignnone wp-image-7166\" src=\"data:image\/svg+xml,%3Csvg%20xmlns%3D%27http%3A%2F%2Fwww.w3.org%2F2000%2Fsvg%27%20width%3D%27288%27%20height%3D%27135%27%20viewBox%3D%270%200%20288%20135%27%3E%3Crect%20width%3D%27288%27%20height%3D%27135%27%20fill-opacity%3D%220%22%2F%3E%3C%2Fsvg%3E\" data-orig-src=\"https:\/\/richarms.com\/wp-content\/uploads\/2020\/03\/\u56fe\u72473.jpg\" alt=\"\" width=\"288\" height=\"135\" \/><\/p>\n<p>Coup de poing masculin : uni, texte, logo<\/p>\n<p><img decoding=\"async\" class=\"lazyload alignnone wp-image-7180\" src=\"https:\/\/richarms.com\/wp-content\/uploads\/2020\/03\/\u56fe\u72474.jpg\" data-orig-src=\"https:\/\/richarms.com\/wp-content\/uploads\/2020\/03\/\u56fe\u72474.jpg\" alt=\"\" width=\"301\" height=\"121\" srcset=\"data:image\/svg+xml,%3Csvg%20xmlns%3D%27http%3A%2F%2Fwww.w3.org%2F2000%2Fsvg%27%20width%3D%27301%27%20height%3D%27121%27%20viewBox%3D%270%200%20301%20121%27%3E%3Crect%20width%3D%27301%27%20height%3D%27121%27%20fill-opacity%3D%220%22%2F%3E%3C%2Fsvg%3E\" data-srcset=\"https:\/\/richarms.com\/wp-content\/uploads\/2020\/03\/\u56fe\u72474-200x80.jpg 200w, https:\/\/richarms.com\/wp-content\/uploads\/2020\/03\/\u56fe\u72474-300x120.jpg 300w, https:\/\/richarms.com\/wp-content\/uploads\/2020\/03\/\u56fe\u72474-400x160.jpg 400w, https:\/\/richarms.com\/wp-content\/uploads\/2020\/03\/\u56fe\u72474-500x200.jpg 500w, https:\/\/richarms.com\/wp-content\/uploads\/2020\/03\/\u56fe\u72474-600x241.jpg 600w, https:\/\/richarms.com\/wp-content\/uploads\/2020\/03\/\u56fe\u72474.jpg 651w\" data-sizes=\"auto\" data-orig-sizes=\"(max-width: 301px) 100vw, 301px\" \/><\/p>\n<p><strong>Emballage<\/strong><strong>\uff1a<br \/>\n<\/strong><\/p>\n<p>Tous ces produits peuvent \u00eatre fournis avec des pieds, des tiges ou des rivets.<br \/>\n1 jeu = 1 m\u00e2le, 1 femelle, 2 rondelles<br \/>\n14mm : 200 jeux\/bo\u00eete, 20 bo\u00eetes\/carton<br \/>\n18mm : 100 jeux\/bo\u00eete, 20 bo\u00eetes\/carton<\/p>\n<p><img decoding=\"async\" class=\"lazyload alignnone size-full wp-image-5484\" src=\"https:\/\/richarms.com\/wp-content\/uploads\/2018\/07\/Cover-magnetic-snaps.jpg\" data-orig-src=\"https:\/\/richarms.com\/wp-content\/uploads\/2018\/07\/Cover-magnetic-snaps.jpg\" alt=\"\" width=\"290\" height=\"270\" srcset=\"data:image\/svg+xml,%3Csvg%20xmlns%3D%27http%3A%2F%2Fwww.w3.org%2F2000%2Fsvg%27%20width%3D%27290%27%20height%3D%27270%27%20viewBox%3D%270%200%20290%20270%27%3E%3Crect%20width%3D%27290%27%20height%3D%27270%27%20fill-opacity%3D%220%22%2F%3E%3C%2Fsvg%3E\" data-srcset=\"https:\/\/richarms.com\/wp-content\/uploads\/2018\/07\/Cover-magnetic-snaps-200x186.jpg 200w, https:\/\/richarms.com\/wp-content\/uploads\/2018\/07\/Cover-magnetic-snaps.jpg 290w\" data-sizes=\"auto\" data-orig-sizes=\"(max-width: 290px) 100vw, 290px\" \/><\/p>\n<p><strong><b>Diff\u00e9rence entre suspendre et rouler<\/b><\/strong><\/p>\n<p><img decoding=\"async\" class=\"lazyload alignnone wp-image-7165\" src=\"https:\/\/richarms.com\/wp-content\/uploads\/2020\/03\/\u56fe\u72471.jpg\" data-orig-src=\"https:\/\/richarms.com\/wp-content\/uploads\/2020\/03\/\u56fe\u72471.jpg\" alt=\"\" width=\"176\" height=\"248\" srcset=\"data:image\/svg+xml,%3Csvg%20xmlns%3D%27http%3A%2F%2Fwww.w3.org%2F2000%2Fsvg%27%20width%3D%27176%27%20height%3D%27248%27%20viewBox%3D%270%200%20176%20248%27%3E%3Crect%20width%3D%27176%27%20height%3D%27248%27%20fill-opacity%3D%220%22%2F%3E%3C%2Fsvg%3E\" data-srcset=\"https:\/\/richarms.com\/wp-content\/uploads\/2020\/03\/\u56fe\u72471-200x281.jpg 200w, https:\/\/richarms.com\/wp-content\/uploads\/2020\/03\/\u56fe\u72471-213x300.jpg 213w, https:\/\/richarms.com\/wp-content\/uploads\/2020\/03\/\u56fe\u72471.jpg 349w\" data-sizes=\"auto\" data-orig-sizes=\"(max-width: 176px) 100vw, 176px\" \/><\/p>\n<p><strong><b>R\u00e9gulier Couleur r\u00e9pertori\u00e9e<br \/>\n<\/b><\/strong><strong><img decoding=\"async\" class=\"lazyload alignnone size-full wp-image-5392\" src=\"https:\/\/richarms.com\/wp-content\/uploads\/2018\/07\/RICHARMS-COLOT-DIS.jpg\" data-orig-src=\"https:\/\/richarms.com\/wp-content\/uploads\/2018\/07\/RICHARMS-COLOT-DIS.jpg\" alt=\"\" width=\"651\" height=\"457\" srcset=\"data:image\/svg+xml,%3Csvg%20xmlns%3D%27http%3A%2F%2Fwww.w3.org%2F2000%2Fsvg%27%20width%3D%27651%27%20height%3D%27457%27%20viewBox%3D%270%200%20651%20457%27%3E%3Crect%20width%3D%27651%27%20height%3D%27457%27%20fill-opacity%3D%220%22%2F%3E%3C%2Fsvg%3E\" data-srcset=\"https:\/\/richarms.com\/wp-content\/uploads\/2018\/07\/RICHARMS-COLOT-DIS-200x140.jpg 200w, https:\/\/richarms.com\/wp-content\/uploads\/2018\/07\/RICHARMS-COLOT-DIS-300x211.jpg 300w, https:\/\/richarms.com\/wp-content\/uploads\/2018\/07\/RICHARMS-COLOT-DIS-400x281.jpg 400w, https:\/\/richarms.com\/wp-content\/uploads\/2018\/07\/RICHARMS-COLOT-DIS-500x351.jpg 500w, https:\/\/richarms.com\/wp-content\/uploads\/2018\/07\/RICHARMS-COLOT-DIS-600x421.jpg 600w, https:\/\/richarms.com\/wp-content\/uploads\/2018\/07\/RICHARMS-COLOT-DIS.jpg 651w\" data-sizes=\"auto\" data-orig-sizes=\"(max-width: 651px) 100vw, 651px\" \/><\/strong><\/p>\n<p><strong><b>Application<\/b><\/strong><\/p>\n<p>Ces boutons-pression magn\u00e9tiques sont parfaits pour la papeterie, les sacs et les emballages cadeaux. Des options personnalisables sont disponibles pour les industries sp\u00e9cialis\u00e9es telles que les dispositifs m\u00e9dicaux.<\/p>\n<ul>\n<li>Les boutons-pression magn\u00e9tiques de Richarms sont con\u00e7us pour des fermetures de haute qualit\u00e9 avec des options personnalisables pour r\u00e9pondre \u00e0 vos besoins exacts, fournissant une solution fiable pour les accessoires de mode, les sacs et plus encore.<\/li>\n<\/ul>\n<p><strong><b><br \/>\n<\/b><\/strong><a href=\"https:\/\/www.pinterest.com\/richarmsaccessoriesgroups\/innovative-uses-of-magnetic-snaps-in-home-decor\/\"><img decoding=\"async\" class=\"lazyload alignnone wp-image-7160\" src=\"https:\/\/richarms.com\/wp-content\/uploads\/2020\/03\/application.png\" data-orig-src=\"https:\/\/richarms.com\/wp-content\/uploads\/2020\/03\/application.png\" alt=\"\" width=\"474\" height=\"443\" srcset=\"data:image\/svg+xml,%3Csvg%20xmlns%3D%27http%3A%2F%2Fwww.w3.org%2F2000%2Fsvg%27%20width%3D%27474%27%20height%3D%27443%27%20viewBox%3D%270%200%20474%20443%27%3E%3Crect%20width%3D%27474%27%20height%3D%27443%27%20fill-opacity%3D%220%22%2F%3E%3C%2Fsvg%3E\" data-srcset=\"https:\/\/richarms.com\/wp-content\/uploads\/2020\/03\/application-200x187.png 200w, https:\/\/richarms.com\/wp-content\/uploads\/2020\/03\/application-300x280.png 300w, https:\/\/richarms.com\/wp-content\/uploads\/2020\/03\/application-400x374.png 400w, https:\/\/richarms.com\/wp-content\/uploads\/2020\/03\/application-500x467.png 500w, https:\/\/richarms.com\/wp-content\/uploads\/2020\/03\/application.png 598w\" data-sizes=\"auto\" data-orig-sizes=\"(max-width: 474px) 100vw, 474px\" \/><\/a><\/p>\n<h3 data-start=\"3739\" data-end=\"3775\"><strong data-start=\"3743\" data-end=\"3775\"><a href=\"https:\/\/richarms.com\/fr\/6566.html\/\">Personnalisation de l'encliquetage magn\u00e9tique<\/a>:<\/strong><\/h3>\n<p data-start=\"3777\" data-end=\"4070\">Au <strong data-start=\"3780\" data-end=\"3792\">Riches armes<\/strong>Nous offrons <strong data-start=\"3803\" data-end=\"3827\">des solutions personnalis\u00e9es<\/strong> pour r\u00e9pondre \u00e0 vos besoins sp\u00e9cifiques, qu'il s'agisse de <strong data-start=\"3874\" data-end=\"3889\">taille de l'aimant<\/strong>, <strong data-start=\"3891\" data-end=\"3911\">choix des mat\u00e9riaux<\/strong>ou <strong data-start=\"3916\" data-end=\"3936\">variations de couleur<\/strong>. Notre <strong data-start=\"3942\" data-end=\"3971\">couverture compl\u00e8te avec boutons-pression magn\u00e9tiques<\/strong> sont soigneusement con\u00e7ues pour offrir <strong data-start=\"4003\" data-end=\"4022\">\u00e0 la fois la durabilit\u00e9<\/strong> et <strong data-start=\"4027\" data-end=\"4036\">style<\/strong> pour une large gamme d'applications.<\/p>\n<p>&nbsp;<\/p>","protected":false},"excerpt":{"rendered":"<p>Type : Standard\/Basique\/Classique Boutons-pression magn\u00e9tiques<br \/>\nMat\u00e9riau : Laiton, fer, aimant<br \/>\nModel Number: RC-C1435\/1835\/1845<br \/>\nLogo personnalis\u00e9 disponible : Laser, Gravure, Outillage<br \/>\nTaille : 14 mm, 18 mm<br \/>\nCouleur : Or \/ Nickel \/ Gun \/ Rose Gold \/Brush Ant \/ Autre<br \/>\nEmballage : bo\u00eete et carton<br \/>\nExp\u00e9dition : LCL\/ DHL \/ FedEx \/ TNT \/ Autre<\/p>","protected":false},"featured_media":6452,"template":"","meta":[],"product_brand":[],"product_cat":[15],"product_tag":[],"class_list":{"0":"post-2419","1":"product","2":"type-product","3":"status-publish","4":"has-post-thumbnail","6":"product_cat-magnetic-snaps","8":"first","9":"instock","10":"shipping-taxable","11":"product-type-simple"},"aioseo_notices":[],"_links":{"self":[{"href":"https:\/\/richarms.com\/fr\/wp-json\/wp\/v2\/product\/2419","targetHints":{"allow":["GET"]}}],"collection":[{"href":"https:\/\/richarms.com\/fr\/wp-json\/wp\/v2\/product"}],"about":[{"href":"https:\/\/richarms.com\/fr\/wp-json\/wp\/v2\/types\/product"}],"wp:featuredmedia":[{"embeddable":true,"href":"https:\/\/richarms.com\/fr\/wp-json\/wp\/v2\/media\/6452"}],"wp:attachment":[{"href":"https:\/\/richarms.com\/fr\/wp-json\/wp\/v2\/media?parent=2419"}],"wp:term":[{"taxonomy":"product_brand","embeddable":true,"href":"https:\/\/richarms.com\/fr\/wp-json\/wp\/v2\/product_brand?post=2419"},{"taxonomy":"product_cat","embeddable":true,"href":"https:\/\/richarms.com\/fr\/wp-json\/wp\/v2\/product_cat?post=2419"},{"taxonomy":"product_tag","embeddable":true,"href":"https:\/\/richarms.com\/fr\/wp-json\/wp\/v2\/product_tag?post=2419"}],"curies":[{"name":"wp","href":"https:\/\/api.w.org\/{rel}","templated":true}]}}