{"id":2434,"date":"2021-07-10T14:56:32","date_gmt":"2021-07-10T06:56:32","guid":{"rendered":"https:\/\/www.bangzhiyou.com\/?post_type=product&#038;p=2434"},"modified":"2025-04-01T16:56:14","modified_gmt":"2025-04-01T08:56:14","slug":"bzy-2018-m52","status":"publish","type":"product","link":"https:\/\/richarms.com\/fr\/product\/bzy-2018-m52","title":{"rendered":"Mousqueton magn\u00e9tique carr\u00e9"},"content":{"rendered":"<h1 data-pm-slice=\"1 1 []\">Mousqueton magn\u00e9tique carr\u00e9 ultra-mince - Solution de fermeture \u00e9l\u00e9gante et pratique<\/h1>\n<h2>Un design distinctif pour une fonctionnalit\u00e9 exceptionnelle<\/h2>\n<p>Les boutons-pression magn\u00e9tiques carr\u00e9s de Richarms sont \u00e9l\u00e9gants et offrent des performances sup\u00e9rieures dans un design compact et \u00e9l\u00e9gant. La fiabilit\u00e9 et la force magn\u00e9tique de nos populaires boutons-pression <a href=\"https:\/\/richarms.com\/fr\/produit\/bzy-2018-m49\/\">boutons-pression ronds extra-fins<\/a>Ces boutons-pression carr\u00e9s ajoutent une touche distinctive \u00e0 vos produits haut de gamme. Fabriqu\u00e9s avec soin, ces boutons-pression magn\u00e9tiques garantissent une ouverture sans effort et une fermeture s\u00e9curis\u00e9e, am\u00e9liorant ainsi consid\u00e9rablement l'exp\u00e9rience de l'utilisateur.<\/p>\n<h2>Des applications polyvalentes pour un usage quotidien<\/h2>\n<p>Nos boutons magn\u00e9tiques carr\u00e9s sont parfaits pour diverses applications, telles que :<\/p>\n<ul>\n<li>Sacs \u00e0 main et porte-monnaie<\/li>\n<li>Couvertures de journal en cuir<\/li>\n<li>Bo\u00eetes d'emballage de qualit\u00e9 sup\u00e9rieure<\/li>\n<li>Portefeuilles et pochettes<\/li>\n<li>Projets de bricolage personnalis\u00e9s<\/li>\n<\/ul>\n<p>Que vous soyez un fabricant professionnel ou un bricoleur, ces boutons-pression vous garantissent une solution de fixation \u00e9l\u00e9gante, s\u00fbre et conviviale.<\/p>\n<h2>Une personnalisation compl\u00e8te pour r\u00e9pondre \u00e0 vos besoins<\/h2>\n<p>Chez Richarms, nous proposons des options de personnalisation \u00e9tendues, adapt\u00e9es pr\u00e9cis\u00e9ment \u00e0 vos besoins :<\/p>\n<ul>\n<li><strong>Code et taille\uff1a<\/strong><\/li>\n<\/ul>\n<table style=\"height: 353px;\" width=\"858\">\n<tbody>\n<tr>\n<td width=\"129\">Code<\/td>\n<td width=\"76\">Taille<\/td>\n<td width=\"137\">Snap femelle TH<\/td>\n<td width=\"94\">Aimant<br \/>\nDIA<\/td>\n<td width=\"88\">Pression<br \/>\nL<\/td>\n<td width=\"178\">Photo<\/td>\n<td width=\"301\">Description<\/td>\n<\/tr>\n<tr>\n<td width=\"129\"><\/td>\n<td width=\"76\"><\/td>\n<td width=\"137\"><\/td>\n<td width=\"94\"><\/td>\n<td width=\"88\"><\/td>\n<td width=\"178\"><\/td>\n<td width=\"301\"><\/td>\n<\/tr>\n<tr>\n<td width=\"129\">RC-ES1420<\/td>\n<td width=\"76\">14 mm<\/td>\n<td width=\"137\">2mm<\/td>\n<td width=\"94\">11 mm<\/td>\n<td width=\"88\">7,6 mm<\/td>\n<td width=\"178\"><img decoding=\"async\" class=\"lazyload wp-image-7273 aligncenter\" src=\"https:\/\/richarms.com\/wp-content\/uploads\/2021\/07\/\u56fe\u724719.png\" data-orig-src=\"https:\/\/richarms.com\/wp-content\/uploads\/2021\/07\/\u56fe\u724719.png\" alt=\"\" width=\"122\" height=\"88\" srcset=\"data:image\/svg+xml,%3Csvg%20xmlns%3D%27http%3A%2F%2Fwww.w3.org%2F2000%2Fsvg%27%20width%3D%27122%27%20height%3D%2788%27%20viewBox%3D%270%200%20122%2088%27%3E%3Crect%20width%3D%27122%27%20height%3D%2788%27%20fill-opacity%3D%220%22%2F%3E%3C%2Fsvg%3E\" data-srcset=\"https:\/\/richarms.com\/wp-content\/uploads\/2021\/07\/\u56fe\u724719-200x143.png 200w, https:\/\/richarms.com\/wp-content\/uploads\/2021\/07\/\u56fe\u724719-300x214.png 300w, https:\/\/richarms.com\/wp-content\/uploads\/2021\/07\/\u56fe\u724719-400x285.png 400w, https:\/\/richarms.com\/wp-content\/uploads\/2021\/07\/\u56fe\u724719-500x356.png 500w, https:\/\/richarms.com\/wp-content\/uploads\/2021\/07\/\u56fe\u724719.png 505w\" data-sizes=\"auto\" data-orig-sizes=\"(max-width: 122px) 100vw, 122px\" \/><\/td>\n<td width=\"301\">Corps mince. R\u00e9sistance standard.<br \/>\nDes boutons-pression \u00e9l\u00e9gants et tr\u00e8s tendance pour les sacs \u00e0 main, les bagages et les \u00e9tuis.<\/td>\n<\/tr>\n<tr>\n<td width=\"129\">RC-ES1820<\/td>\n<td width=\"76\">18mm<\/td>\n<td width=\"137\">2mm<\/td>\n<td width=\"94\">12 mm<\/td>\n<td width=\"88\">9 mm<\/td>\n<td width=\"178\"><img decoding=\"async\" class=\"lazyload alignnone size-full wp-image-7272\" src=\"https:\/\/richarms.com\/wp-content\/uploads\/2021\/07\/\u56fe\u724718.png\" data-orig-src=\"https:\/\/richarms.com\/wp-content\/uploads\/2021\/07\/\u56fe\u724718.png\" alt=\"\" width=\"505\" height=\"360\" srcset=\"data:image\/svg+xml,%3Csvg%20xmlns%3D%27http%3A%2F%2Fwww.w3.org%2F2000%2Fsvg%27%20width%3D%27505%27%20height%3D%27360%27%20viewBox%3D%270%200%20505%20360%27%3E%3Crect%20width%3D%27505%27%20height%3D%27360%27%20fill-opacity%3D%220%22%2F%3E%3C%2Fsvg%3E\" data-srcset=\"https:\/\/richarms.com\/wp-content\/uploads\/2021\/07\/\u56fe\u724718-200x143.png 200w, https:\/\/richarms.com\/wp-content\/uploads\/2021\/07\/\u56fe\u724718-300x214.png 300w, https:\/\/richarms.com\/wp-content\/uploads\/2021\/07\/\u56fe\u724718-400x285.png 400w, https:\/\/richarms.com\/wp-content\/uploads\/2021\/07\/\u56fe\u724718-500x356.png 500w, https:\/\/richarms.com\/wp-content\/uploads\/2021\/07\/\u56fe\u724718.png 505w\" data-sizes=\"auto\" data-orig-sizes=\"(max-width: 505px) 100vw, 505px\" \/><\/td>\n<td width=\"301\">Corps fin avec un grand pouvoir de r\u00e9tention.<br \/>\nPour les sacs \u00e0 main, les bagages, les sacs \u00e0 dos, l'automobile et l'a\u00e9rospatiale.<\/td>\n<\/tr>\n<\/tbody>\n<\/table>\n<p>&nbsp;<\/p>\n<ul>\n<li>Mat\u00e9riau :<\/li>\n<\/ul>\n<p style=\"text-align: left;\">Capsule femelle :  Acier, cuivre, acier inoxydable<strong><br \/>\n<\/strong>Capsule m\u00e2le : Acier<strong><br \/>\n<\/strong><img decoding=\"async\" class=\"lazyload alignnone wp-image-7161\" src=\"https:\/\/richarms.com\/wp-content\/uploads\/2020\/03\/materials-e1626143269166.png\" data-orig-src=\"https:\/\/richarms.com\/wp-content\/uploads\/2020\/03\/materials-e1626143269166.png\" alt=\"\" width=\"446\" height=\"199\" srcset=\"data:image\/svg+xml,%3Csvg%20xmlns%3D%27http%3A%2F%2Fwww.w3.org%2F2000%2Fsvg%27%20width%3D%27446%27%20height%3D%27199%27%20viewBox%3D%270%200%20446%20199%27%3E%3Crect%20width%3D%27446%27%20height%3D%27199%27%20fill-opacity%3D%220%22%2F%3E%3C%2Fsvg%3E\" data-srcset=\"https:\/\/richarms.com\/wp-content\/uploads\/2020\/03\/materials-e1626143269166-200x89.png 200w, https:\/\/richarms.com\/wp-content\/uploads\/2020\/03\/materials-e1626143269166-300x134.png 300w, https:\/\/richarms.com\/wp-content\/uploads\/2020\/03\/materials-e1626143269166-400x178.png 400w, https:\/\/richarms.com\/wp-content\/uploads\/2020\/03\/materials-e1626143269166-500x223.png 500w, https:\/\/richarms.com\/wp-content\/uploads\/2020\/03\/materials-e1626143269166.png 511w\" data-sizes=\"auto\" data-orig-sizes=\"(max-width: 446px) 100vw, 446px\" \/><\/p>\n<p>&nbsp;<\/p>\n<ul>\n<li>Force magn\u00e9tique : Choisissez parmi diff\u00e9rents niveaux pour r\u00e9pondre aux besoins sp\u00e9cifiques de votre projet.<\/li>\n<\/ul>\n<p>Aimant int\u00e9rieur : Aimant permanent en n\u00e9odyme.<strong><br \/>\n<\/strong>La puissance de l'aimant d\u00e9pend de la taille et de la qualit\u00e9 de l'aimant.<\/p>\n<p><img decoding=\"async\" class=\"lazyload alignnone wp-image-7163\" src=\"https:\/\/richarms.com\/wp-content\/uploads\/2020\/03\/\u8d85\u8584\u78c1\u529b-e1626186192975.png\" data-orig-src=\"https:\/\/richarms.com\/wp-content\/uploads\/2020\/03\/\u8d85\u8584\u78c1\u529b-e1626186192975.png\" alt=\"\" width=\"449\" height=\"131\" srcset=\"data:image\/svg+xml,%3Csvg%20xmlns%3D%27http%3A%2F%2Fwww.w3.org%2F2000%2Fsvg%27%20width%3D%27449%27%20height%3D%27131%27%20viewBox%3D%270%200%20449%20131%27%3E%3Crect%20width%3D%27449%27%20height%3D%27131%27%20fill-opacity%3D%220%22%2F%3E%3C%2Fsvg%3E\" data-srcset=\"https:\/\/richarms.com\/wp-content\/uploads\/2020\/03\/\u8d85\u8584\u78c1\u529b-e1626186192975-200x58.png 200w, https:\/\/richarms.com\/wp-content\/uploads\/2020\/03\/\u8d85\u8584\u78c1\u529b-e1626186192975-300x87.png 300w, https:\/\/richarms.com\/wp-content\/uploads\/2020\/03\/\u8d85\u8584\u78c1\u529b-e1626186192975-400x117.png 400w, https:\/\/richarms.com\/wp-content\/uploads\/2020\/03\/\u8d85\u8584\u78c1\u529b-e1626186192975-500x146.png 500w, https:\/\/richarms.com\/wp-content\/uploads\/2020\/03\/\u8d85\u8584\u78c1\u529b-e1626186192975-600x175.png 600w, https:\/\/richarms.com\/wp-content\/uploads\/2020\/03\/\u8d85\u8584\u78c1\u529b-e1626186192975-700x204.png 700w, https:\/\/richarms.com\/wp-content\/uploads\/2020\/03\/\u8d85\u8584\u78c1\u529b-e1626186192975-768x224.png 768w, https:\/\/richarms.com\/wp-content\/uploads\/2020\/03\/\u8d85\u8584\u78c1\u529b-e1626186192975-800x233.png 800w, https:\/\/richarms.com\/wp-content\/uploads\/2020\/03\/\u8d85\u8584\u78c1\u529b-e1626186192975.png 885w\" data-sizes=\"auto\" data-orig-sizes=\"(max-width: 449px) 100vw, 449px\" \/><\/p>\n<ul>\n<li>Couleurs et finitions : Une large gamme d'options de placage comme l'or, l'argent, le laiton antique, et des couleurs personnalis\u00e9es pour correspondre \u00e0 votre marque.<\/li>\n<\/ul>\n<p><strong><b>F<\/b><\/strong><strong><b>inish<\/b><\/strong><strong><b>:<br \/>\n<\/b><\/strong>Snap femelle : uni, motif, logo<strong><br \/>\n<\/strong><img decoding=\"async\" class=\"lazyload alignnone wp-image-7166\" src=\"data:image\/svg+xml,%3Csvg%20xmlns%3D%27http%3A%2F%2Fwww.w3.org%2F2000%2Fsvg%27%20width%3D%27288%27%20height%3D%27135%27%20viewBox%3D%270%200%20288%20135%27%3E%3Crect%20width%3D%27288%27%20height%3D%27135%27%20fill-opacity%3D%220%22%2F%3E%3C%2Fsvg%3E\" data-orig-src=\"https:\/\/richarms.com\/wp-content\/uploads\/2020\/03\/\u56fe\u72473.jpg\" alt=\"\" width=\"288\" height=\"135\" \/><strong><br \/>\n<\/strong>Coup de poing masculin : uni, texte, logo<strong><br \/>\n<\/strong><img decoding=\"async\" class=\"lazyload alignnone wp-image-7180\" src=\"https:\/\/richarms.com\/wp-content\/uploads\/2020\/03\/\u56fe\u72474.jpg\" data-orig-src=\"https:\/\/richarms.com\/wp-content\/uploads\/2020\/03\/\u56fe\u72474.jpg\" alt=\"\" width=\"301\" height=\"121\" srcset=\"data:image\/svg+xml,%3Csvg%20xmlns%3D%27http%3A%2F%2Fwww.w3.org%2F2000%2Fsvg%27%20width%3D%27301%27%20height%3D%27121%27%20viewBox%3D%270%200%20301%20121%27%3E%3Crect%20width%3D%27301%27%20height%3D%27121%27%20fill-opacity%3D%220%22%2F%3E%3C%2Fsvg%3E\" data-srcset=\"https:\/\/richarms.com\/wp-content\/uploads\/2020\/03\/\u56fe\u72474-200x80.jpg 200w, https:\/\/richarms.com\/wp-content\/uploads\/2020\/03\/\u56fe\u72474-300x120.jpg 300w, https:\/\/richarms.com\/wp-content\/uploads\/2020\/03\/\u56fe\u72474-400x160.jpg 400w, https:\/\/richarms.com\/wp-content\/uploads\/2020\/03\/\u56fe\u72474-500x200.jpg 500w, https:\/\/richarms.com\/wp-content\/uploads\/2020\/03\/\u56fe\u72474-600x241.jpg 600w, https:\/\/richarms.com\/wp-content\/uploads\/2020\/03\/\u56fe\u72474.jpg 651w\" data-sizes=\"auto\" data-orig-sizes=\"(max-width: 301px) 100vw, 301px\" \/><\/p>\n<p><strong><b>R\u00e9gulier Couleur r\u00e9pertori\u00e9e <\/b><\/strong><\/p>\n<p><strong><img decoding=\"async\" class=\"lazyload alignnone size-full wp-image-5392\" src=\"https:\/\/richarms.com\/wp-content\/uploads\/2018\/07\/RICHARMS-COLOT-DIS.jpg\" data-orig-src=\"https:\/\/richarms.com\/wp-content\/uploads\/2018\/07\/RICHARMS-COLOT-DIS.jpg\" alt=\"\" width=\"651\" height=\"457\" srcset=\"data:image\/svg+xml,%3Csvg%20xmlns%3D%27http%3A%2F%2Fwww.w3.org%2F2000%2Fsvg%27%20width%3D%27651%27%20height%3D%27457%27%20viewBox%3D%270%200%20651%20457%27%3E%3Crect%20width%3D%27651%27%20height%3D%27457%27%20fill-opacity%3D%220%22%2F%3E%3C%2Fsvg%3E\" data-srcset=\"https:\/\/richarms.com\/wp-content\/uploads\/2018\/07\/RICHARMS-COLOT-DIS-200x140.jpg 200w, https:\/\/richarms.com\/wp-content\/uploads\/2018\/07\/RICHARMS-COLOT-DIS-300x211.jpg 300w, https:\/\/richarms.com\/wp-content\/uploads\/2018\/07\/RICHARMS-COLOT-DIS-400x281.jpg 400w, https:\/\/richarms.com\/wp-content\/uploads\/2018\/07\/RICHARMS-COLOT-DIS-500x351.jpg 500w, https:\/\/richarms.com\/wp-content\/uploads\/2018\/07\/RICHARMS-COLOT-DIS-600x421.jpg 600w, https:\/\/richarms.com\/wp-content\/uploads\/2018\/07\/RICHARMS-COLOT-DIS.jpg 651w\" data-sizes=\"auto\" data-orig-sizes=\"(max-width: 651px) 100vw, 651px\" \/><\/strong><\/p>\n<p><strong><b>Quelle est la diff\u00e9rence entre la qualit\u00e9 de suspension et la qualit\u00e9 de roulement ?<\/b><\/strong><\/p>\n<p><img decoding=\"async\" class=\"lazyload alignnone wp-image-7165\" src=\"https:\/\/richarms.com\/wp-content\/uploads\/2020\/03\/\u56fe\u72471.jpg\" data-orig-src=\"https:\/\/richarms.com\/wp-content\/uploads\/2020\/03\/\u56fe\u72471.jpg\" alt=\"\" width=\"176\" height=\"248\" srcset=\"data:image\/svg+xml,%3Csvg%20xmlns%3D%27http%3A%2F%2Fwww.w3.org%2F2000%2Fsvg%27%20width%3D%27176%27%20height%3D%27248%27%20viewBox%3D%270%200%20176%20248%27%3E%3Crect%20width%3D%27176%27%20height%3D%27248%27%20fill-opacity%3D%220%22%2F%3E%3C%2Fsvg%3E\" data-srcset=\"https:\/\/richarms.com\/wp-content\/uploads\/2020\/03\/\u56fe\u72471-200x281.jpg 200w, https:\/\/richarms.com\/wp-content\/uploads\/2020\/03\/\u56fe\u72471-213x300.jpg 213w, https:\/\/richarms.com\/wp-content\/uploads\/2020\/03\/\u56fe\u72471.jpg 349w\" data-sizes=\"auto\" data-orig-sizes=\"(max-width: 176px) 100vw, 176px\" \/><\/p>\n<ul>\n<li>Solutions d'emballage : Options d'emballage sur mesure pour les d\u00e9taillants et les acheteurs en gros.<\/li>\n<\/ul>\n<p>Tous ces produits peuvent \u00eatre fournis avec des pieds, des tiges ou des rivets.<br \/>\n1 jeu = 1 m\u00e2le, 1 femelle, 2 rondelles<br \/>\n12mm : 200 jeux\/bo\u00eete, 20 bo\u00eetes\/carton<br \/>\n14mm : 200 jeux\/bo\u00eete, 20 bo\u00eetes\/carton<br \/>\n18mm : 100 jeux\/bo\u00eete, 20 bo\u00eetes\/carton<\/p>\n<p><img decoding=\"async\" class=\"lazyload alignnone size-full wp-image-7282\" src=\"https:\/\/richarms.com\/wp-content\/uploads\/2021\/07\/\u56db\u65b9\u6c34\u5370_\u526f\u672c.jpg\" data-orig-src=\"https:\/\/richarms.com\/wp-content\/uploads\/2021\/07\/\u56db\u65b9\u6c34\u5370_\u526f\u672c.jpg\" alt=\"\" width=\"300\" height=\"290\" srcset=\"data:image\/svg+xml,%3Csvg%20xmlns%3D%27http%3A%2F%2Fwww.w3.org%2F2000%2Fsvg%27%20width%3D%27300%27%20height%3D%27290%27%20viewBox%3D%270%200%20300%20290%27%3E%3Crect%20width%3D%27300%27%20height%3D%27290%27%20fill-opacity%3D%220%22%2F%3E%3C%2Fsvg%3E\" data-srcset=\"https:\/\/richarms.com\/wp-content\/uploads\/2021\/07\/\u56db\u65b9\u6c34\u5370_\u526f\u672c-200x193.jpg 200w, https:\/\/richarms.com\/wp-content\/uploads\/2021\/07\/\u56db\u65b9\u6c34\u5370_\u526f\u672c.jpg 300w\" data-sizes=\"auto\" data-orig-sizes=\"(max-width: 300px) 100vw, 300px\" \/><\/p>\n<p>Nos boutons magn\u00e9tiques carr\u00e9s peuvent \u00e9galement \u00eatre marqu\u00e9s de votre logo personnalis\u00e9, ce qui renforce le caract\u00e8re unique de votre produit.<\/p>\n<h3>Installation facile - Convient au bricolage et \u00e0 la production de masse<\/h3>\n<p>L'installation de notre bouton magn\u00e9tique carr\u00e9 est simple :<\/p>\n<ul>\n<li>Marquez et d\u00e9coupez deux petites fentes dans votre tissu ou votre cuir.<\/li>\n<li>Ins\u00e9rer les broches dans les ouvertures.<\/li>\n<li>Pliez les languettes vers l'ext\u00e9rieur pour fixer les boutons-pression.<\/li>\n<\/ul>\n<p>Les bricoleurs peuvent facilement effectuer cette t\u00e2che avec des ciseaux domestiques. Pour les fabricants \u00e0 grande \u00e9chelle, Richarms fournit des outils de d\u00e9coupe de trous et des outils de fixation par encliquetage sp\u00e9cialis\u00e9s, ce qui permet de rationaliser consid\u00e9rablement le processus de production.<\/p>\n<p><img decoding=\"async\" class=\"lazyload alignnone wp-image-7160\" src=\"https:\/\/richarms.com\/wp-content\/uploads\/2020\/03\/application.png\" data-orig-src=\"https:\/\/richarms.com\/wp-content\/uploads\/2020\/03\/application.png\" alt=\"\" width=\"474\" height=\"443\" srcset=\"data:image\/svg+xml,%3Csvg%20xmlns%3D%27http%3A%2F%2Fwww.w3.org%2F2000%2Fsvg%27%20width%3D%27474%27%20height%3D%27443%27%20viewBox%3D%270%200%20474%20443%27%3E%3Crect%20width%3D%27474%27%20height%3D%27443%27%20fill-opacity%3D%220%22%2F%3E%3C%2Fsvg%3E\" data-srcset=\"https:\/\/richarms.com\/wp-content\/uploads\/2020\/03\/application-200x187.png 200w, https:\/\/richarms.com\/wp-content\/uploads\/2020\/03\/application-300x280.png 300w, https:\/\/richarms.com\/wp-content\/uploads\/2020\/03\/application-400x374.png 400w, https:\/\/richarms.com\/wp-content\/uploads\/2020\/03\/application-500x467.png 500w, https:\/\/richarms.com\/wp-content\/uploads\/2020\/03\/application.png 598w\" data-sizes=\"auto\" data-orig-sizes=\"(max-width: 474px) 100vw, 474px\" \/><\/p>\n<h3>Pourquoi choisir Richarms ?<\/h3>\n<p>Richarms propose des tarifs de gros comp\u00e9titifs, garantissant des produits de haute qualit\u00e9 \u00e0 des prix attractifs. En tant qu'experts du secteur, nous garantissons une exp\u00e9rience d'achat fluide, une exp\u00e9dition rapide et un service apr\u00e8s-vente exceptionnel.<\/p>\n<p>D\u00e9couvrez nos options de stock ultra-minces :<\/p>\n<ul>\n<li><a href=\"https:\/\/www.richarmshardware.com\/products\/18x2mm-square-magnetic-snaps\">Magnetic Snap carr\u00e9 18x2mm<\/a><\/li>\n<li><a href=\"https:\/\/www.richarmshardware.com\/products\/14x2mm-square-magnetic-snaps\">Snap magn\u00e9tique carr\u00e9 14x2mm<\/a><\/li>\n<\/ul>\n<p>Contactez nos experts d\u00e8s aujourd'hui pour obtenir des prix personnalis\u00e9s pour les commandes en vrac. Am\u00e9liorez vos produits avec le bouton magn\u00e9tique carr\u00e9 de Richarms d\u00e8s aujourd'hui !<\/p>","protected":false},"excerpt":{"rendered":"<p>Type : Fermetures magn\u00e9tiques carr\u00e9es extra-fines<br \/>\nMat\u00e9riau : Cuivre, acier, acier inoxydable<br \/>\nNum\u00e9ro de mod\u00e8le : RC-ES1220\/1420\/1820<br \/>\nLogo personnalis\u00e9 disponible : Laser, Gravure, Outillage<br \/>\nTaille : 12mm, 14mm, 18mm<br \/>\nCouleur : Or \/ Nickel \/ Gun \/ Rose Gold \/Brush Ant \/ Autre<br \/>\nEmballage : bo\u00eete et carton<br \/>\nExp\u00e9dition : LCL\/ DHL \/ FedEx \/ TNT \/ Autre<\/p>","protected":false},"featured_media":6446,"template":"","meta":[],"product_brand":[],"product_cat":[15],"product_tag":[],"class_list":{"0":"post-2434","1":"product","2":"type-product","3":"status-publish","4":"has-post-thumbnail","6":"product_cat-magnetic-snaps","8":"first","9":"instock","10":"shipping-taxable","11":"product-type-simple"},"aioseo_notices":[],"_links":{"self":[{"href":"https:\/\/richarms.com\/fr\/wp-json\/wp\/v2\/product\/2434","targetHints":{"allow":["GET"]}}],"collection":[{"href":"https:\/\/richarms.com\/fr\/wp-json\/wp\/v2\/product"}],"about":[{"href":"https:\/\/richarms.com\/fr\/wp-json\/wp\/v2\/types\/product"}],"wp:featuredmedia":[{"embeddable":true,"href":"https:\/\/richarms.com\/fr\/wp-json\/wp\/v2\/media\/6446"}],"wp:attachment":[{"href":"https:\/\/richarms.com\/fr\/wp-json\/wp\/v2\/media?parent=2434"}],"wp:term":[{"taxonomy":"product_brand","embeddable":true,"href":"https:\/\/richarms.com\/fr\/wp-json\/wp\/v2\/product_brand?post=2434"},{"taxonomy":"product_cat","embeddable":true,"href":"https:\/\/richarms.com\/fr\/wp-json\/wp\/v2\/product_cat?post=2434"},{"taxonomy":"product_tag","embeddable":true,"href":"https:\/\/richarms.com\/fr\/wp-json\/wp\/v2\/product_tag?post=2434"}],"curies":[{"name":"wp","href":"https:\/\/api.w.org\/{rel}","templated":true}]}}