{"id":2483,"date":"2021-07-12T16:14:21","date_gmt":"2021-07-12T08:14:21","guid":{"rendered":"https:\/\/www.bangzhiyou.com\/?post_type=product&#038;p=2483"},"modified":"2025-04-02T11:03:57","modified_gmt":"2025-04-02T03:03:57","slug":"bzy-2018-m49","status":"publish","type":"product","link":"https:\/\/richarms.com\/fr\/product\/bzy-2018-m49","title":{"rendered":"Boutons-pression magn\u00e9tiques extra-fins"},"content":{"rendered":"<h2>10mm 12mm 14mm 18mm Fermetures magn\u00e9tiques rondes extra-fines pour sacs, porte-monnaie et journaux<\/h2>\n<p>Ces boutons-pression magn\u00e9tiques en laiton sont tr\u00e8s fins et tr\u00e8s r\u00e9sistants, de sorte qu'ils s'int\u00e8grent parfaitement dans le mat\u00e9riau. L'\u00e9paisseur est de 2 mm, le diam\u00e8tre est de 10 mm 12 mm 14 mm 18 mm, 8 mm peut \u00eatre personnalis\u00e9, <a href=\"https:\/\/richarms.com\/fr\/produit\/bzy-aqx01\/\">20 mm<\/a> dans une autre structure.<br \/>\nIls constituent le choix id\u00e9al pour les applications o\u00f9 l'aspect est important et o\u00f9 une bonne tenue est pr\u00e9f\u00e9rable, comme les sacs \u00e0 main en cuir, les fourre-tout, les sacs \u00e0 main, les couvertures de journaux, les mini-massages, les sacs \u00e0 dos et les sacs \u00e0 provisions.<br \/>\nLe corps de l'aimant est encastr\u00e9 dans l'\u00e9paisseur du cuir, laissant un mince rebord ext\u00e9rieur qui affleure la surface du sac en cuir.<\/p>\n<p>Demande de tarif pour les commandes group\u00e9es <a href=\"https:\/\/richarms.com\/fr\/contact\/\">contactez-nous &gt;&gt;&gt;&gt;<\/a><br \/>\nPour les petites commandes, veuillez vous adresser \u00e0 notre <a href=\"https:\/\/www.richarmshardware.com\/\">boutique en ligne &gt;&gt;&gt;<\/a><\/p>\n<p><!--more--><\/p>\n<h4 style=\"text-align: left;\"><strong>Liste des tailles de boutons-pression magn\u00e9tiques extra-fins<\/strong><\/h4>\n<table style=\"height: 571px;\" width=\"757\">\n<tbody>\n<tr>\n<td width=\"79\">Code<\/td>\n<td width=\"70\">Taille<\/td>\n<td width=\"83\">Coup de poing f\u00e9minin<br \/>\nTH<\/td>\n<td width=\"57\">Pression<br \/>\nL<\/td>\n<td width=\"69\">Aimant<br \/>\nTaille<\/td>\n<td width=\"113\">Photo<\/td>\n<td width=\"243\">Description<\/td>\n<\/tr>\n<tr>\n<td width=\"79\">RC-E1020<\/td>\n<td width=\"70\">Bouton-pression magn\u00e9tique de 10 mm<\/td>\n<td width=\"83\">2mm<\/td>\n<td width=\"57\">6,2 mm<\/td>\n<td width=\"69\">9,8 mm<\/td>\n<td width=\"113\">\n<p><div id=\"attachment_7188\" style=\"width: 91px\" class=\"wp-caption aligncenter\"><img decoding=\"async\" aria-describedby=\"caption-attachment-7188\" class=\"lazyload wp-image-7188\" title=\"Boutons-pression magn\u00e9tiques de 10 mm\" src=\"https:\/\/richarms.com\/wp-content\/uploads\/2020\/03\/10X2.png\" data-orig-src=\"https:\/\/richarms.com\/wp-content\/uploads\/2020\/03\/10X2.png\" alt=\"\" width=\"81\" height=\"76\" srcset=\"data:image\/svg+xml,%3Csvg%20xmlns%3D%27http%3A%2F%2Fwww.w3.org%2F2000%2Fsvg%27%20width%3D%2781%27%20height%3D%2776%27%20viewBox%3D%270%200%2081%2076%27%3E%3Crect%20width%3D%2781%27%20height%3D%2776%27%20fill-opacity%3D%220%22%2F%3E%3C%2Fsvg%3E\" data-srcset=\"https:\/\/richarms.com\/wp-content\/uploads\/2020\/03\/10X2-200x188.png 200w, https:\/\/richarms.com\/wp-content\/uploads\/2020\/03\/10X2-300x283.png 300w, https:\/\/richarms.com\/wp-content\/uploads\/2020\/03\/10X2.png 330w\" data-sizes=\"auto\" data-orig-sizes=\"(max-width: 81px) 100vw, 81px\" \/><p id=\"caption-attachment-7188\" class=\"wp-caption-text\">Boutons-pression magn\u00e9tiques extra-fins de 10 mm<\/p><\/div><\/td>\n<td width=\"243\">Un aimant puissant dans un tr\u00e8s petit format.<br \/>\nPour les petits sacs \u00e0 main en cuir, les mini-portefeuilles, les \u00e9tuis \u00e0 lunettes, les jouets et les connexions \u00e9lectroniques pour les petits appareils tels que les masseurs oculaires.<\/td>\n<\/tr>\n<tr>\n<td width=\"79\">RC-E1220<\/td>\n<td width=\"70\">Fermeture magn\u00e9tique de 12 mm<\/td>\n<td width=\"83\">2mm<\/td>\n<td width=\"57\">7,6 mm<\/td>\n<td width=\"69\">11,5 mm<\/td>\n<td width=\"113\">\n<p><div id=\"attachment_7214\" style=\"width: 106px\" class=\"wp-caption aligncenter\"><img decoding=\"async\" aria-describedby=\"caption-attachment-7214\" class=\"lazyload wp-image-7214\" title=\"Boutons-pression magn\u00e9tiques de 12 mm\" src=\"https:\/\/richarms.com\/wp-content\/uploads\/2018\/08\/12X2.png\" data-orig-src=\"https:\/\/richarms.com\/wp-content\/uploads\/2018\/08\/12X2.png\" alt=\"\" width=\"96\" height=\"94\" srcset=\"data:image\/svg+xml,%3Csvg%20xmlns%3D%27http%3A%2F%2Fwww.w3.org%2F2000%2Fsvg%27%20width%3D%2796%27%20height%3D%2794%27%20viewBox%3D%270%200%2096%2094%27%3E%3Crect%20width%3D%2796%27%20height%3D%2794%27%20fill-opacity%3D%220%22%2F%3E%3C%2Fsvg%3E\" data-srcset=\"https:\/\/richarms.com\/wp-content\/uploads\/2018\/08\/12X2-66x66.png 66w, https:\/\/richarms.com\/wp-content\/uploads\/2018\/08\/12X2-200x197.png 200w, https:\/\/richarms.com\/wp-content\/uploads\/2018\/08\/12X2-300x295.png 300w, https:\/\/richarms.com\/wp-content\/uploads\/2018\/08\/12X2.png 396w\" data-sizes=\"auto\" data-orig-sizes=\"(max-width: 96px) 100vw, 96px\" \/><p id=\"caption-attachment-7214\" class=\"wp-caption-text\">Boutons-pression magn\u00e9tiques extra-fins de 12 mm<\/p><\/div><\/td>\n<td width=\"243\">Id\u00e9al pour les petits sacs \u00e0 main, les portefeuilles de poche et les emballages.<br \/>\nFace affleurante et petit diam\u00e8tre.<\/td>\n<\/tr>\n<tr>\n<td width=\"79\">RC-E1420<\/td>\n<td width=\"70\">Bouton-pression magn\u00e9tique de 14 mm<\/td>\n<td width=\"83\">2mm<\/td>\n<td width=\"57\">7,6 mm<\/td>\n<td width=\"69\">11 mm<\/td>\n<td width=\"113\">\n<p><div id=\"attachment_7215\" style=\"width: 115px\" class=\"wp-caption aligncenter\"><img decoding=\"async\" aria-describedby=\"caption-attachment-7215\" class=\"lazyload wp-image-7215\" title=\"Boutons-pression magn\u00e9tiques de 14 mm\" src=\"https:\/\/richarms.com\/wp-content\/uploads\/2018\/08\/14X2.png\" data-orig-src=\"https:\/\/richarms.com\/wp-content\/uploads\/2018\/08\/14X2.png\" alt=\"\" width=\"105\" height=\"102\" srcset=\"data:image\/svg+xml,%3Csvg%20xmlns%3D%27http%3A%2F%2Fwww.w3.org%2F2000%2Fsvg%27%20width%3D%27105%27%20height%3D%27102%27%20viewBox%3D%270%200%20105%20102%27%3E%3Crect%20width%3D%27105%27%20height%3D%27102%27%20fill-opacity%3D%220%22%2F%3E%3C%2Fsvg%3E\" data-srcset=\"https:\/\/richarms.com\/wp-content\/uploads\/2018\/08\/14X2-200x194.png 200w, https:\/\/richarms.com\/wp-content\/uploads\/2018\/08\/14X2-300x291.png 300w, https:\/\/richarms.com\/wp-content\/uploads\/2018\/08\/14X2-400x389.png 400w, https:\/\/richarms.com\/wp-content\/uploads\/2018\/08\/14X2-500x486.png 500w, https:\/\/richarms.com\/wp-content\/uploads\/2018\/08\/14X2.png 526w\" data-sizes=\"auto\" data-orig-sizes=\"(max-width: 105px) 100vw, 105px\" \/><p id=\"caption-attachment-7215\" class=\"wp-caption-text\">Boutons-pression magn\u00e9tiques extra-fins de 14 mm<\/p><\/div><\/td>\n<td width=\"243\">Corps mince. R\u00e9sistance standard.<br \/>\nDes boutons-pression \u00e9l\u00e9gants et tr\u00e8s tendance pour les sacs \u00e0 main, les bagages, les \u00e9tuis et les couvertures de journaux.<\/td>\n<\/tr>\n<tr>\n<td width=\"79\">RC-E1820<\/td>\n<td width=\"70\">Bouton-pression magn\u00e9tique de 18 mm<\/td>\n<td width=\"83\">2mm<\/td>\n<td width=\"57\">9 mm<\/td>\n<td width=\"69\">12 mm<\/td>\n<td width=\"113\">\n<p><div id=\"attachment_7192\" style=\"width: 131px\" class=\"wp-caption alignnone\"><img decoding=\"async\" aria-describedby=\"caption-attachment-7192\" class=\"lazyload wp-image-7192\" title=\"Boutons-pression magn\u00e9tiques de 18 mm\" src=\"https:\/\/richarms.com\/wp-content\/uploads\/2020\/03\/18X2.png\" data-orig-src=\"https:\/\/richarms.com\/wp-content\/uploads\/2020\/03\/18X2.png\" alt=\"\" width=\"121\" height=\"118\" srcset=\"data:image\/svg+xml,%3Csvg%20xmlns%3D%27http%3A%2F%2Fwww.w3.org%2F2000%2Fsvg%27%20width%3D%27121%27%20height%3D%27118%27%20viewBox%3D%270%200%20121%20118%27%3E%3Crect%20width%3D%27121%27%20height%3D%27118%27%20fill-opacity%3D%220%22%2F%3E%3C%2Fsvg%3E\" data-srcset=\"https:\/\/richarms.com\/wp-content\/uploads\/2020\/03\/18X2-200x194.png 200w, https:\/\/richarms.com\/wp-content\/uploads\/2020\/03\/18X2-300x291.png 300w, https:\/\/richarms.com\/wp-content\/uploads\/2020\/03\/18X2-400x388.png 400w, https:\/\/richarms.com\/wp-content\/uploads\/2020\/03\/18X2-500x485.png 500w, https:\/\/richarms.com\/wp-content\/uploads\/2020\/03\/18X2-600x582.png 600w, https:\/\/richarms.com\/wp-content\/uploads\/2020\/03\/18X2.png 627w\" data-sizes=\"auto\" data-orig-sizes=\"(max-width: 121px) 100vw, 121px\" \/><p id=\"caption-attachment-7192\" class=\"wp-caption-text\">Boutons-pression magn\u00e9tiques extra-fins de 18 mm<\/p><\/div><\/td>\n<td width=\"243\">Corps fin avec un grand pouvoir de r\u00e9tention.<br \/>\nPour les sacs \u00e0 main, les fourre-tout, les bagages, les sacs \u00e0 dos, l'emballage, l'automobile et l'a\u00e9rospatiale.<\/td>\n<\/tr>\n<\/tbody>\n<\/table>\n<p><!--more--><\/p>\n<h4><strong><b>Richarms propose diff\u00e9rentes puissances d'aimant pour toutes les solutions de march\u00e9.<\/b><\/strong><\/h4>\n<p>La puissance d'une fermeture magn\u00e9tique est d\u00e9termin\u00e9e par la taille et la force de l'aimant utilis\u00e9 dans sa construction. Des aimants plus grands et plus puissants assurent une fermeture plus forte, tandis que des aimants plus petits assurent une fermeture plus faible. Certains boutons-pression magn\u00e9tiques sont \u00e9galement r\u00e9glables, ce qui permet aux utilisateurs d'adapter la puissance de la fermeture \u00e0 leurs pr\u00e9f\u00e9rences.<\/p>\n<p>Richarms propose une solution professionnelle pour les sacs \u00e0 main, les sacs \u00e0 dos, les couvertures de journaux, les coffrets cadeaux et bien d'autres choses encore.<\/p>\n<div id=\"attachment_7346\" style=\"width: 428px\" class=\"wp-caption alignnone\"><img decoding=\"async\" aria-describedby=\"caption-attachment-7346\" class=\"lazyload wp-image-7346 size-full\" src=\"https:\/\/richarms.com\/wp-content\/uploads\/2021\/07\/\u5fae\u4fe1\u622a\u56fe_20210824111345.png\" data-orig-src=\"https:\/\/richarms.com\/wp-content\/uploads\/2021\/07\/\u5fae\u4fe1\u622a\u56fe_20210824111345.png\" alt=\"Richarms, the Chinese Wholesale Professional Magnetic Snaps Factory has different strength option for thin or thick magnetic snaps, standard solution is from 0.5kg - 5kg, customized strength solution available.The image is showing our standard Strength: 18mm Thick (1.5kg \/ 3kg) 14mm Thick (0.5kg \/ 1.5kg) \" width=\"418\" height=\"682\" srcset=\"data:image\/svg+xml,%3Csvg%20xmlns%3D%27http%3A%2F%2Fwww.w3.org%2F2000%2Fsvg%27%20width%3D%27418%27%20height%3D%27682%27%20viewBox%3D%270%200%20418%20682%27%3E%3Crect%20width%3D%27418%27%20height%3D%27682%27%20fill-opacity%3D%220%22%2F%3E%3C%2Fsvg%3E\" data-srcset=\"https:\/\/richarms.com\/wp-content\/uploads\/2021\/07\/\u5fae\u4fe1\u622a\u56fe_20210824111345-184x300.png 184w, https:\/\/richarms.com\/wp-content\/uploads\/2021\/07\/\u5fae\u4fe1\u622a\u56fe_20210824111345-200x326.png 200w, https:\/\/richarms.com\/wp-content\/uploads\/2021\/07\/\u5fae\u4fe1\u622a\u56fe_20210824111345-400x653.png 400w, https:\/\/richarms.com\/wp-content\/uploads\/2021\/07\/\u5fae\u4fe1\u622a\u56fe_20210824111345.png 418w\" data-sizes=\"auto\" data-orig-sizes=\"(max-width: 418px) 100vw, 418px\" \/><p id=\"caption-attachment-7346\" class=\"wp-caption-text\">Richarms, l'entreprise chinoise de fabrication en gros de boutons magn\u00e9tiques professionnels, propose diff\u00e9rentes options de r\u00e9sistance pour les boutons magn\u00e9tiques minces ou \u00e9pais. La solution standard est de 0,5 kg \u00e0 5 kg, et des solutions de r\u00e9sistance personnalis\u00e9es sont disponibles.<br \/>L'image montre notre force standard :<br \/>18mm d'\u00e9paisseur (1.5kg \/ 3kg)<br \/>14mm d'\u00e9paisseur (0.5kg \/ 1.5kg)<\/p><\/div>\n<p><!--more--><\/p>\n<h4>Comment les boutons-pression magn\u00e9tiques sont-ils produits ?<\/h4>\n<p>La partie femelle d'un bouton magn\u00e9tique contient g\u00e9n\u00e9ralement l'aimant, tandis que la partie m\u00e2le contient un mat\u00e9riau ferromagn\u00e9tique attir\u00e9 par l'aimant, tel que le fer ou l'acier, qui est magn\u00e9tis\u00e9.<\/p>\n<p><img decoding=\"async\" class=\"lazyload wp-image-7163\" title=\"partie magn\u00e9tique des boutons-pression\" src=\"https:\/\/richarms.com\/wp-content\/uploads\/2020\/03\/\u8d85\u8584\u78c1\u529b-e1626186192975.png\" data-orig-src=\"https:\/\/richarms.com\/wp-content\/uploads\/2020\/03\/\u8d85\u8584\u78c1\u529b-e1626186192975.png\" alt=\"\" width=\"449\" height=\"131\" srcset=\"data:image\/svg+xml,%3Csvg%20xmlns%3D%27http%3A%2F%2Fwww.w3.org%2F2000%2Fsvg%27%20width%3D%27449%27%20height%3D%27131%27%20viewBox%3D%270%200%20449%20131%27%3E%3Crect%20width%3D%27449%27%20height%3D%27131%27%20fill-opacity%3D%220%22%2F%3E%3C%2Fsvg%3E\" data-srcset=\"https:\/\/richarms.com\/wp-content\/uploads\/2020\/03\/\u8d85\u8584\u78c1\u529b-e1626186192975-200x58.png 200w, https:\/\/richarms.com\/wp-content\/uploads\/2020\/03\/\u8d85\u8584\u78c1\u529b-e1626186192975-300x87.png 300w, https:\/\/richarms.com\/wp-content\/uploads\/2020\/03\/\u8d85\u8584\u78c1\u529b-e1626186192975-400x117.png 400w, https:\/\/richarms.com\/wp-content\/uploads\/2020\/03\/\u8d85\u8584\u78c1\u529b-e1626186192975-500x146.png 500w, https:\/\/richarms.com\/wp-content\/uploads\/2020\/03\/\u8d85\u8584\u78c1\u529b-e1626186192975-600x175.png 600w, https:\/\/richarms.com\/wp-content\/uploads\/2020\/03\/\u8d85\u8584\u78c1\u529b-e1626186192975-700x204.png 700w, https:\/\/richarms.com\/wp-content\/uploads\/2020\/03\/\u8d85\u8584\u78c1\u529b-e1626186192975-768x224.png 768w, https:\/\/richarms.com\/wp-content\/uploads\/2020\/03\/\u8d85\u8584\u78c1\u529b-e1626186192975-800x233.png 800w, https:\/\/richarms.com\/wp-content\/uploads\/2020\/03\/\u8d85\u8584\u78c1\u529b-e1626186192975.png 885w\" data-sizes=\"auto\" data-orig-sizes=\"(max-width: 449px) 100vw, 449px\" \/><\/p>\n<p><img decoding=\"async\" class=\"lazyload wp-image-7161\" title=\"mat\u00e9riau des boutons-pression magn\u00e9tiques\" src=\"https:\/\/richarms.com\/wp-content\/uploads\/2020\/03\/materials-e1626143269166.png\" data-orig-src=\"https:\/\/richarms.com\/wp-content\/uploads\/2020\/03\/materials-e1626143269166.png\" alt=\"\" width=\"446\" height=\"199\" srcset=\"data:image\/svg+xml,%3Csvg%20xmlns%3D%27http%3A%2F%2Fwww.w3.org%2F2000%2Fsvg%27%20width%3D%27446%27%20height%3D%27199%27%20viewBox%3D%270%200%20446%20199%27%3E%3Crect%20width%3D%27446%27%20height%3D%27199%27%20fill-opacity%3D%220%22%2F%3E%3C%2Fsvg%3E\" data-srcset=\"https:\/\/richarms.com\/wp-content\/uploads\/2020\/03\/materials-e1626143269166-200x89.png 200w, https:\/\/richarms.com\/wp-content\/uploads\/2020\/03\/materials-e1626143269166-300x134.png 300w, https:\/\/richarms.com\/wp-content\/uploads\/2020\/03\/materials-e1626143269166-400x178.png 400w, https:\/\/richarms.com\/wp-content\/uploads\/2020\/03\/materials-e1626143269166-500x223.png 500w, https:\/\/richarms.com\/wp-content\/uploads\/2020\/03\/materials-e1626143269166.png 511w\" data-sizes=\"auto\" data-orig-sizes=\"(max-width: 446px) 100vw, 446px\" \/><\/p>\n<p><!--more--><\/p>\n<h4>Quel est le d\u00e9tail que nous aimerions confirmer avec vous lorsque vous avez besoin d'une solution parfaite pour votre sac \u00e0 main, vos v\u00eatements ou votre mini-appareil \u00e9lectrique ?<\/h4>\n<p style=\"text-align: left;\"><strong>\u00c9tape 1 : Choix du mat\u00e9riau<br \/>\n<\/strong>Capsule femelle :  Fer, laiton commun ou laiton \u00e9cologique disponibles<strong><br \/>\n<\/strong>G\u00e9lule m\u00e2le : Fer<\/p>\n<p><strong><b>\u00c9tape 2 : Choisir F<\/b><\/strong><strong><b>types de vernis<\/b><\/strong><strong><b><br \/>\n<\/b><\/strong>Snap femelle : uni, motif, logo<\/p>\n<p><img decoding=\"async\" class=\"lazyload wp-image-7166\" title=\"boutons-pression magn\u00e9tiques finition femelle\" src=\"data:image\/svg+xml,%3Csvg%20xmlns%3D%27http%3A%2F%2Fwww.w3.org%2F2000%2Fsvg%27%20width%3D%27288%27%20height%3D%27135%27%20viewBox%3D%270%200%20288%20135%27%3E%3Crect%20width%3D%27288%27%20height%3D%27135%27%20fill-opacity%3D%220%22%2F%3E%3C%2Fsvg%3E\" data-orig-src=\"https:\/\/richarms.com\/wp-content\/uploads\/2020\/03\/\u56fe\u72473.jpg\" alt=\"\" width=\"288\" height=\"135\" \/><\/p>\n<p>Coup de poing masculin : uni, texte, logo<strong><br \/>\n<\/strong><\/p>\n<p><img decoding=\"async\" class=\"lazyload wp-image-7180\" title=\"boutons-pression magn\u00e9tiques finition m\u00e2le\" src=\"https:\/\/richarms.com\/wp-content\/uploads\/2020\/03\/\u56fe\u72474.jpg\" data-orig-src=\"https:\/\/richarms.com\/wp-content\/uploads\/2020\/03\/\u56fe\u72474.jpg\" alt=\"\" width=\"301\" height=\"121\" srcset=\"data:image\/svg+xml,%3Csvg%20xmlns%3D%27http%3A%2F%2Fwww.w3.org%2F2000%2Fsvg%27%20width%3D%27301%27%20height%3D%27121%27%20viewBox%3D%270%200%20301%20121%27%3E%3Crect%20width%3D%27301%27%20height%3D%27121%27%20fill-opacity%3D%220%22%2F%3E%3C%2Fsvg%3E\" data-srcset=\"https:\/\/richarms.com\/wp-content\/uploads\/2020\/03\/\u56fe\u72474-200x80.jpg 200w, https:\/\/richarms.com\/wp-content\/uploads\/2020\/03\/\u56fe\u72474-300x120.jpg 300w, https:\/\/richarms.com\/wp-content\/uploads\/2020\/03\/\u56fe\u72474-400x160.jpg 400w, https:\/\/richarms.com\/wp-content\/uploads\/2020\/03\/\u56fe\u72474-500x200.jpg 500w, https:\/\/richarms.com\/wp-content\/uploads\/2020\/03\/\u56fe\u72474-600x241.jpg 600w, https:\/\/richarms.com\/wp-content\/uploads\/2020\/03\/\u56fe\u72474.jpg 651w\" data-sizes=\"auto\" data-orig-sizes=\"(max-width: 301px) 100vw, 301px\" \/><\/p>\n<p><strong><b>\u00c9tape 3 : Choisir la couleur des boutons-pression magn\u00e9tiques<\/b><\/strong><\/p>\n<div id=\"attachment_5392\" style=\"width: 661px\" class=\"wp-caption alignnone\"><img decoding=\"async\" aria-describedby=\"caption-attachment-5392\" class=\"lazyload wp-image-5392 size-full\" title=\"boutons-pression magn\u00e9tiques couleur\" src=\"https:\/\/richarms.com\/wp-content\/uploads\/2018\/07\/RICHARMS-COLOT-DIS.jpg\" data-orig-src=\"https:\/\/richarms.com\/wp-content\/uploads\/2018\/07\/RICHARMS-COLOT-DIS.jpg\" alt=\"\" width=\"651\" height=\"457\" srcset=\"data:image\/svg+xml,%3Csvg%20xmlns%3D%27http%3A%2F%2Fwww.w3.org%2F2000%2Fsvg%27%20width%3D%27651%27%20height%3D%27457%27%20viewBox%3D%270%200%20651%20457%27%3E%3Crect%20width%3D%27651%27%20height%3D%27457%27%20fill-opacity%3D%220%22%2F%3E%3C%2Fsvg%3E\" data-srcset=\"https:\/\/richarms.com\/wp-content\/uploads\/2018\/07\/RICHARMS-COLOT-DIS-200x140.jpg 200w, https:\/\/richarms.com\/wp-content\/uploads\/2018\/07\/RICHARMS-COLOT-DIS-300x211.jpg 300w, https:\/\/richarms.com\/wp-content\/uploads\/2018\/07\/RICHARMS-COLOT-DIS-400x281.jpg 400w, https:\/\/richarms.com\/wp-content\/uploads\/2018\/07\/RICHARMS-COLOT-DIS-500x351.jpg 500w, https:\/\/richarms.com\/wp-content\/uploads\/2018\/07\/RICHARMS-COLOT-DIS-600x421.jpg 600w, https:\/\/richarms.com\/wp-content\/uploads\/2018\/07\/RICHARMS-COLOT-DIS.jpg 651w\" data-sizes=\"auto\" data-orig-sizes=\"(max-width: 651px) 100vw, 651px\" \/><p id=\"caption-attachment-5392\" class=\"wp-caption-text\"><span style=\"font-size: 16px;\">Envoyez un courriel pour d'autres options de couleurs, comme le noir pulv\u00e9ris\u00e9, le noir \u00e9poxy, l'arc-en-ciel, le nickel nacr\u00e9 (nickel mat), l'or nacr\u00e9, le nickel bross\u00e9, l'or bross\u00e9, l'argent antique, le noir antique, etc.<\/span><\/p><\/div>\n<p><strong><b>Quelle est la diff\u00e9rence entre les boutons-pression magn\u00e9tiques suspendus et les boutons-pression magn\u00e9tiques roulants ?<\/b><\/strong><\/p>\n<p>L'\u00e9lectrod\u00e9position se divise en trois cat\u00e9gories : l'\u00e9lectrod\u00e9position suspendue, l'\u00e9lectrod\u00e9position par rouleaux, l'\u00e9lectrod\u00e9position continue et l'\u00e9lectrod\u00e9position par brosses, principalement en fonction de la taille et du lot de pi\u00e8ces \u00e0 \u00e9lectrod\u00e9poser.<\/p>\n<p>Le placage suspendu et le placage au rouleau sont deux m\u00e9thodes diff\u00e9rentes de galvanoplastie, un processus dans lequel une fine couche de m\u00e9tal est d\u00e9pos\u00e9e sur la surface d'un mat\u00e9riau conducteur. Le d\u00e9p\u00f4t suspendu consiste \u00e0 suspendre l'objet \u00e0 d\u00e9poser dans une solution contenant les ions m\u00e9talliques souhait\u00e9s, \u00e0 l'aide d'un fil ou d'un autre m\u00e9canisme de suspension. Cela permet de recouvrir uniform\u00e9ment toute la surface de l'objet avec le m\u00e9tal. La m\u00e9tallisation au rouleau, en revanche, consiste \u00e0 faire passer l'objet \u00e0 m\u00e9talliser dans une solution d'ions m\u00e9talliques \u00e0 l'aide d'un rouleau ou d'une bande transporteuse. Cette m\u00e9thode est plus efficace pour rev\u00eatir des objets complexes ou de grande taille, mais elle peut entra\u00eener une couverture in\u00e9gale ou des zones manquantes.<\/p>\n<p><img decoding=\"async\" class=\"lazyload wp-image-7165\" title=\"finition par boutons-pression magn\u00e9tiques\" src=\"https:\/\/richarms.com\/wp-content\/uploads\/2020\/03\/\u56fe\u72471.jpg\" data-orig-src=\"https:\/\/richarms.com\/wp-content\/uploads\/2020\/03\/\u56fe\u72471.jpg\" alt=\"\" width=\"176\" height=\"248\" srcset=\"data:image\/svg+xml,%3Csvg%20xmlns%3D%27http%3A%2F%2Fwww.w3.org%2F2000%2Fsvg%27%20width%3D%27176%27%20height%3D%27248%27%20viewBox%3D%270%200%20176%20248%27%3E%3Crect%20width%3D%27176%27%20height%3D%27248%27%20fill-opacity%3D%220%22%2F%3E%3C%2Fsvg%3E\" data-srcset=\"https:\/\/richarms.com\/wp-content\/uploads\/2020\/03\/\u56fe\u72471-200x281.jpg 200w, https:\/\/richarms.com\/wp-content\/uploads\/2020\/03\/\u56fe\u72471-213x300.jpg 213w, https:\/\/richarms.com\/wp-content\/uploads\/2020\/03\/\u56fe\u72471.jpg 349w\" data-sizes=\"auto\" data-orig-sizes=\"(max-width: 176px) 100vw, 176px\" \/><\/p>\n<p><strong>Nos emballages pour diff\u00e9rents types de fermetures de sacs \u00e0 main<br \/>\n<\/strong>Toutes les tailles de boutons magn\u00e9tiques peuvent \u00eatre fournies avec des pattes, des tiges ou des rivets.<strong><br \/>\n<\/strong>1 jeu = 1 m\u00e2le, 1 femelle, 2 rondelles<strong><br \/>\n<\/strong>Fermetures magn\u00e9tiques de 10 mm : 400 jeux\/bo\u00eete, 20 ou 30 bo\u00eetes\/carton<strong><br \/>\n<\/strong>Fermetures magn\u00e9tiques de 12 mm : 200 jeux\/bo\u00eete, 20 ou 30 bo\u00eetes\/carton<strong><br \/>\n<\/strong>Fermetures magn\u00e9tiques de 14 mm : 200 jeux\/bo\u00eete, 20 ou 30 bo\u00eetes\/carton<strong><br \/>\n<\/strong>Fermetures magn\u00e9tiques de 18 mm : 100 jeux\/bo\u00eete, 20 ou 30 bo\u00eetes\/carton<\/p>\n<p><img decoding=\"async\" class=\"lazyload wp-image-5393 size-full\" title=\"Ensemble de boutons-pression magn\u00e9tiques\" src=\"https:\/\/richarms.com\/wp-content\/uploads\/2018\/07\/20150702163646_50174.jpg\" data-orig-src=\"https:\/\/richarms.com\/wp-content\/uploads\/2018\/07\/20150702163646_50174.jpg\" alt=\"\" width=\"300\" height=\"290\" srcset=\"data:image\/svg+xml,%3Csvg%20xmlns%3D%27http%3A%2F%2Fwww.w3.org%2F2000%2Fsvg%27%20width%3D%27300%27%20height%3D%27290%27%20viewBox%3D%270%200%20300%20290%27%3E%3Crect%20width%3D%27300%27%20height%3D%27290%27%20fill-opacity%3D%220%22%2F%3E%3C%2Fsvg%3E\" data-srcset=\"https:\/\/richarms.com\/wp-content\/uploads\/2018\/07\/20150702163646_50174-200x193.jpg 200w, https:\/\/richarms.com\/wp-content\/uploads\/2018\/07\/20150702163646_50174.jpg 300w\" data-sizes=\"auto\" data-orig-sizes=\"(max-width: 300px) 100vw, 300px\" \/><\/p>\n<p>&nbsp;<\/p>\n<h4><!--more-->Qu'est-ce qu'une agrafeuse magn\u00e9tique ?<\/h4>\n<p>Les boutons-pression magn\u00e9tiques sont de petits aimants souvent utilis\u00e9s dans les v\u00eatements et les accessoires, tels que les sacs \u00e0 main et les sacs, pour fermer l'article en toute s\u00e9curit\u00e9. Lorsque deux boutons-pression magn\u00e9tiques sont plac\u00e9s l'un pr\u00e8s de l'autre, les aimants s'attirent et s'embo\u00eetent, maintenant l'article ferm\u00e9. Ils constituent une alternative pratique et facile \u00e0 utiliser aux fermetures traditionnelles, telles que les boutons ou les fermetures \u00e0 glissi\u00e8re.<\/p>\n<h4><strong>\u00c9tude de cas<\/strong><\/h4>\n<p><img decoding=\"async\" class=\"lazyload wp-image-7160\" title=\"application des boutons-pression magn\u00e9tiques\" src=\"https:\/\/richarms.com\/wp-content\/uploads\/2020\/03\/application.png\" data-orig-src=\"https:\/\/richarms.com\/wp-content\/uploads\/2020\/03\/application.png\" alt=\"\" width=\"474\" height=\"443\" srcset=\"data:image\/svg+xml,%3Csvg%20xmlns%3D%27http%3A%2F%2Fwww.w3.org%2F2000%2Fsvg%27%20width%3D%27474%27%20height%3D%27443%27%20viewBox%3D%270%200%20474%20443%27%3E%3Crect%20width%3D%27474%27%20height%3D%27443%27%20fill-opacity%3D%220%22%2F%3E%3C%2Fsvg%3E\" data-srcset=\"https:\/\/richarms.com\/wp-content\/uploads\/2020\/03\/application-200x187.png 200w, https:\/\/richarms.com\/wp-content\/uploads\/2020\/03\/application-300x280.png 300w, https:\/\/richarms.com\/wp-content\/uploads\/2020\/03\/application-400x374.png 400w, https:\/\/richarms.com\/wp-content\/uploads\/2020\/03\/application-500x467.png 500w, https:\/\/richarms.com\/wp-content\/uploads\/2020\/03\/application.png 598w\" data-sizes=\"auto\" data-orig-sizes=\"(max-width: 474px) 100vw, 474px\" \/><\/p>","protected":false},"excerpt":{"rendered":"<div class=\"post-content woocommerce-product-details__short-description\">\n<p><strong>Boutons-pression magn\u00e9tiques ronds extra-fins<\/strong><\/p>\n<p>Type : Standard\/Basique\/Classique\/Rond\/Extra fin\/Etroit Boutons-pression magn\u00e9tiques<br \/>\nMat\u00e9riau : Laiton, fer, aimant<br \/>\nNum\u00e9ro de mod\u00e8le : RC-E1020\/1220\/1420\/1820<br \/>\nLogo personnalis\u00e9 disponible : Laser, Gravure, Outillage<br \/>\nTaille : 10mm, 12mm, 14mm, 18mm<br \/>\nR\u00e9sistance : de 0,5 kg \u00e0 3 kg, et r\u00e9sistance personnalis\u00e9e disponible<br \/>\nCouleur : Or \/ Nickel \/ Gun \/ Rose Gold \/Brush Ant \/ Autre<br \/>\nEmballage : bo\u00eete et carton<br \/>\nExp\u00e9dition : LCL\/ LDP\/DHL \/ FedEx \/ TNT \/ Autre<\/p>\n<\/div>","protected":false},"featured_media":6443,"template":"","meta":[],"product_brand":[],"product_cat":[15],"product_tag":[81,82,83,84,85,86,87],"class_list":{"0":"post-2483","1":"product","2":"type-product","3":"status-publish","4":"has-post-thumbnail","6":"product_cat-magnetic-snaps","7":"product_tag-extra-thin","8":"product_tag-slim","9":"product_tag-strong","10":"product_tag-18mm","11":"product_tag-14mm","12":"product_tag-12mm","13":"product_tag-10mm","15":"first","16":"instock","17":"shipping-taxable","18":"product-type-simple"},"aioseo_notices":[],"_links":{"self":[{"href":"https:\/\/richarms.com\/fr\/wp-json\/wp\/v2\/product\/2483","targetHints":{"allow":["GET"]}}],"collection":[{"href":"https:\/\/richarms.com\/fr\/wp-json\/wp\/v2\/product"}],"about":[{"href":"https:\/\/richarms.com\/fr\/wp-json\/wp\/v2\/types\/product"}],"wp:featuredmedia":[{"embeddable":true,"href":"https:\/\/richarms.com\/fr\/wp-json\/wp\/v2\/media\/6443"}],"wp:attachment":[{"href":"https:\/\/richarms.com\/fr\/wp-json\/wp\/v2\/media?parent=2483"}],"wp:term":[{"taxonomy":"product_brand","embeddable":true,"href":"https:\/\/richarms.com\/fr\/wp-json\/wp\/v2\/product_brand?post=2483"},{"taxonomy":"product_cat","embeddable":true,"href":"https:\/\/richarms.com\/fr\/wp-json\/wp\/v2\/product_cat?post=2483"},{"taxonomy":"product_tag","embeddable":true,"href":"https:\/\/richarms.com\/fr\/wp-json\/wp\/v2\/product_tag?post=2483"}],"curies":[{"name":"wp","href":"https:\/\/api.w.org\/{rel}","templated":true}]}}