{"id":5517,"date":"2021-07-09T16:25:25","date_gmt":"2021-07-09T08:25:25","guid":{"rendered":"https:\/\/richarms.com\/?post_type=product&#038;p=5517"},"modified":"2025-03-10T17:23:05","modified_gmt":"2025-03-10T09:23:05","slug":"cylinder-magnet-wholesale","status":"publish","type":"product","link":"https:\/\/richarms.com\/fr\/product\/cylinder-magnet-wholesale","title":{"rendered":"Aimant pour cylindre"},"content":{"rendered":"<h1 data-start=\"0\" data-end=\"80\">Grossiste Aimant cylindrique fort encapsul\u00e9 - NdFeB + ABS<\/h1>\n<p><strong>Aimant de cylindre<\/strong>\u00a0peuvent \u00eatre envelopp\u00e9s dans une gaine thermor\u00e9tractable, ce qui leur conf\u00e8re une protection suppl\u00e9mentaire. Cette gaine thermor\u00e9tractable rend les aimants <strong>imperm\u00e9able<\/strong>, <strong>r\u00e9sistant aux chocs<\/strong>et <strong>r\u00e9sistant \u00e0 l'oxydation<\/strong>Les produits de la gamme sont ainsi prot\u00e9g\u00e9s contre l'usure, ce qui leur permet de rester dans un \u00e9tat optimal, m\u00eame dans des environnements hostiles. Cette couche de protection suppl\u00e9mentaire augmente leur <strong>la durabilit\u00e9<\/strong> et <strong>fiabilit\u00e9<\/strong> pour une utilisation \u00e0 long terme dans une large gamme d'applications.<\/p>\n<div id=\"attachment_5513\" style=\"width: 310px\" class=\"wp-caption alignnone\"><img decoding=\"async\" aria-describedby=\"caption-attachment-5513\" class=\"lazyload size-medium wp-image-5513\" src=\"https:\/\/richarms.com\/wp-content\/uploads\/2018\/12\/neodymium-magnet-11-300x300.jpg\" data-orig-src=\"https:\/\/richarms.com\/wp-content\/uploads\/2018\/12\/neodymium-magnet-11-300x300.jpg\" alt=\"Raw strong cylinder magnet with NdFeB core, uncoated and ready for customization.\" width=\"300\" height=\"300\" srcset=\"data:image\/svg+xml,%3Csvg%20xmlns%3D%27http%3A%2F%2Fwww.w3.org%2F2000%2Fsvg%27%20width%3D%27300%27%20height%3D%27300%27%20viewBox%3D%270%200%20300%20300%27%3E%3Crect%20width%3D%27300%27%20height%3D%27300%27%20fill-opacity%3D%220%22%2F%3E%3C%2Fsvg%3E\" data-srcset=\"https:\/\/richarms.com\/wp-content\/uploads\/2018\/12\/neodymium-magnet-11-66x66.jpg 66w, https:\/\/richarms.com\/wp-content\/uploads\/2018\/12\/neodymium-magnet-11-100x100.jpg 100w, https:\/\/richarms.com\/wp-content\/uploads\/2018\/12\/neodymium-magnet-11-150x150.jpg 150w, https:\/\/richarms.com\/wp-content\/uploads\/2018\/12\/neodymium-magnet-11-200x200.jpg 200w, https:\/\/richarms.com\/wp-content\/uploads\/2018\/12\/neodymium-magnet-11-300x300.jpg 300w, https:\/\/richarms.com\/wp-content\/uploads\/2018\/12\/neodymium-magnet-11-400x400.jpg 400w, https:\/\/richarms.com\/wp-content\/uploads\/2018\/12\/neodymium-magnet-11-500x500.jpg 500w, https:\/\/richarms.com\/wp-content\/uploads\/2018\/12\/neodymium-magnet-11-600x600.jpg 600w, https:\/\/richarms.com\/wp-content\/uploads\/2018\/12\/neodymium-magnet-11-700x700.jpg 700w, https:\/\/richarms.com\/wp-content\/uploads\/2018\/12\/neodymium-magnet-11-768x768.jpg 768w, https:\/\/richarms.com\/wp-content\/uploads\/2018\/12\/neodymium-magnet-11-800x800.jpg 800w, https:\/\/richarms.com\/wp-content\/uploads\/2018\/12\/neodymium-magnet-11.jpg 1000w\" data-sizes=\"auto\" data-orig-sizes=\"(max-width: 300px) 100vw, 300px\" \/><p id=\"caption-attachment-5513\" class=\"wp-caption-text\">Aimant cylindrique brut non rev\u00eatu pr\u00e9sentant son noyau NdFeB robuste pour des applications personnalis\u00e9es.<\/p><\/div>\n<table style=\"height: 599px;\" width=\"828\">\n<tbody>\n<tr style=\"font-style: inherit; font-weight: inherit;\">\n<td style=\"font-style: inherit;\" width=\"183\">Type<\/td>\n<td style=\"font-style: inherit;\" width=\"504\">Permanent<\/td>\n<\/tr>\n<tr style=\"font-style: inherit; font-weight: inherit;\">\n<td style=\"font-style: inherit;\" width=\"183\" data-spm-anchor-id=\"a2700.details.pronpeci14.i0.41a61526Xi5f7X\">Composite<\/td>\n<td style=\"font-style: inherit;\" width=\"504\">Aimant NdFeB<\/td>\n<\/tr>\n<tr style=\"font-style: inherit; font-weight: inherit;\">\n<td style=\"font-style: inherit;\" rowspan=\"2\" width=\"183\">Forme<\/td>\n<td style=\"font-style: inherit;\" width=\"504\">Disque, cylindre, <a href=\"https:\/\/richarms.com\/fr\/produit\/strong-block-magnets-in-bulk\/\">Bloc<\/a>, <a href=\"https:\/\/richarms.com\/fr\/produit\/strongest-ring-magnet-neodymium-magnets\/\">Anneau<\/a>, <a href=\"https:\/\/richarms.com\/fr\/produit\/segment-magnet\/\">Segment<\/a>\uff0c<a href=\"https:\/\/richarms.com\/fr\/produit\/bar-magnets\/\">bar<\/a>\u00e0 t\u00eate frais\u00e9e, trap\u00e9zo\u00efdale<\/td>\n<\/tr>\n<tr>\n<td width=\"504\">Formes irr\u00e9guli\u00e8res et formes plus personnalis\u00e9es<\/td>\n<\/tr>\n<tr style=\"font-style: inherit; font-weight: inherit;\">\n<td style=\"font-style: inherit;\" width=\"183\">Application<\/td>\n<td style=\"font-style: inherit;\" width=\"504\">Aimant industriel<\/td>\n<\/tr>\n<tr style=\"font-style: inherit; font-weight: inherit;\">\n<td style=\"font-style: inherit;\" width=\"183\">Aimanter la direction<\/td>\n<td style=\"font-style: inherit;\" width=\"504\">Sur mesure<\/td>\n<\/tr>\n<tr style=\"font-style: inherit; font-weight: inherit;\">\n<td style=\"font-style: inherit;\" width=\"183\">Taille<\/td>\n<td style=\"font-style: inherit;\" width=\"504\">Sur mesure<\/td>\n<\/tr>\n<tr style=\"font-style: inherit; font-weight: inherit;\">\n<td style=\"font-style: inherit;\" width=\"183\">Rev\u00eatement<\/td>\n<td style=\"font-style: inherit;\" width=\"504\">Ni, Zn, or, argent, cuivre, \u00e9poxy, etc.<\/td>\n<\/tr>\n<tr style=\"font-style: inherit; font-weight: inherit;\">\n<td style=\"font-style: inherit;\" width=\"183\">Tol\u00e9rance<\/td>\n<td style=\"font-style: inherit;\" width=\"504\">+\/-0,03 \u00e0 +\/-0,15<\/td>\n<\/tr>\n<tr style=\"font-style: inherit; font-weight: inherit;\">\n<td style=\"font-style: inherit;\" width=\"183\">Temp\u00e9rature de travail<\/td>\n<td style=\"font-style: inherit;\" width=\"504\">La temp\u00e9rature maximale de fonctionnement est de 230 degr\u00e9s centigrades.<\/td>\n<\/tr>\n<tr style=\"font-style: inherit; font-weight: inherit;\">\n<td style=\"font-style: inherit;\" width=\"183\">Livraison<\/td>\n<td style=\"font-style: inherit;\" width=\"504\">Par voie maritime, a\u00e9rienne ou express<\/td>\n<\/tr>\n<tr style=\"font-style: inherit; font-weight: inherit;\">\n<td style=\"font-style: inherit;\" width=\"183\">Temp\u00e9rature maximale de fonctionnement<\/td>\n<td style=\"font-style: inherit;\" width=\"504\">Grade<\/td>\n<\/tr>\n<tr>\n<td width=\"183\">80\u00b0C<\/td>\n<td width=\"504\">N33-N52<\/td>\n<\/tr>\n<tr>\n<td width=\"183\">100\u00b0C<\/td>\n<td width=\"504\">N35M-N45M<\/td>\n<\/tr>\n<tr>\n<td width=\"183\">120\u00b0C<\/td>\n<td width=\"504\">N33H-N50H<\/td>\n<\/tr>\n<tr>\n<td width=\"183\">150\u00b0C<\/td>\n<td width=\"504\">N33SH-N45SH<\/td>\n<\/tr>\n<tr>\n<td width=\"183\">180\u00b0C<\/td>\n<td width=\"504\">N30UH-N42UH<\/td>\n<\/tr>\n<tr>\n<td width=\"183\">\u00a0200\u00b0C<\/td>\n<td width=\"504\">N30EH-N38EH<\/td>\n<\/tr>\n<tr>\n<td width=\"183\">230\u00b0C<\/td>\n<td width=\"504\">N28AH-N33AH<\/td>\n<\/tr>\n<\/tbody>\n<\/table>\n<p><strong>Emballage :<\/strong><\/p>\n<div id=\"attachment_5501\" style=\"width: 760px\" class=\"wp-caption alignnone\"><img decoding=\"async\" aria-describedby=\"caption-attachment-5501\" class=\"lazyload wp-image-5501 size-full\" src=\"https:\/\/richarms.com\/wp-content\/uploads\/2018\/12\/permanent-magnets-box-packing.jpg\" data-orig-src=\"https:\/\/richarms.com\/wp-content\/uploads\/2018\/12\/permanent-magnets-box-packing.jpg\" alt=\"Segment NdFeB Magnet carefully packaged in a small white box for safe handling and delivery.\" width=\"750\" height=\"500\" srcset=\"data:image\/svg+xml,%3Csvg%20xmlns%3D%27http%3A%2F%2Fwww.w3.org%2F2000%2Fsvg%27%20width%3D%27750%27%20height%3D%27500%27%20viewBox%3D%270%200%20750%20500%27%3E%3Crect%20width%3D%27750%27%20height%3D%27500%27%20fill-opacity%3D%220%22%2F%3E%3C%2Fsvg%3E\" data-srcset=\"https:\/\/richarms.com\/wp-content\/uploads\/2018\/12\/permanent-magnets-box-packing-200x133.jpg 200w, https:\/\/richarms.com\/wp-content\/uploads\/2018\/12\/permanent-magnets-box-packing-300x200.jpg 300w, https:\/\/richarms.com\/wp-content\/uploads\/2018\/12\/permanent-magnets-box-packing-400x267.jpg 400w, https:\/\/richarms.com\/wp-content\/uploads\/2018\/12\/permanent-magnets-box-packing-500x333.jpg 500w, https:\/\/richarms.com\/wp-content\/uploads\/2018\/12\/permanent-magnets-box-packing-600x400.jpg 600w, https:\/\/richarms.com\/wp-content\/uploads\/2018\/12\/permanent-magnets-box-packing-700x467.jpg 700w, https:\/\/richarms.com\/wp-content\/uploads\/2018\/12\/permanent-magnets-box-packing.jpg 750w\" data-sizes=\"auto\" data-orig-sizes=\"(max-width: 750px) 100vw, 750px\" \/><p id=\"caption-attachment-5501\" class=\"wp-caption-text\">Les aimants NdFeB sont emball\u00e9s en toute s\u00e9curit\u00e9 dans de petites bo\u00eetes blanches, ce qui garantit un transport s\u00fbr et une manipulation ais\u00e9e.<\/p><\/div>\n<p>&nbsp;<\/p>\n<div id=\"attachment_5515\" style=\"width: 764px\" class=\"wp-caption alignnone\"><img decoding=\"async\" aria-describedby=\"caption-attachment-5515\" class=\"lazyload wp-image-5515 size-full\" src=\"https:\/\/richarms.com\/wp-content\/uploads\/2018\/12\/packaging.png\" data-orig-src=\"https:\/\/richarms.com\/wp-content\/uploads\/2018\/12\/packaging.png\" alt=\"De-magnetization packaging process for NdFeB magnets, showing a multi-layered protection including iron boxes, foam boxes, and paper boxes.\" width=\"754\" height=\"497\" srcset=\"data:image\/svg+xml,%3Csvg%20xmlns%3D%27http%3A%2F%2Fwww.w3.org%2F2000%2Fsvg%27%20width%3D%27754%27%20height%3D%27497%27%20viewBox%3D%270%200%20754%20497%27%3E%3Crect%20width%3D%27754%27%20height%3D%27497%27%20fill-opacity%3D%220%22%2F%3E%3C%2Fsvg%3E\" data-srcset=\"https:\/\/richarms.com\/wp-content\/uploads\/2018\/12\/packaging-200x132.png 200w, https:\/\/richarms.com\/wp-content\/uploads\/2018\/12\/packaging-300x198.png 300w, https:\/\/richarms.com\/wp-content\/uploads\/2018\/12\/packaging-400x264.png 400w, https:\/\/richarms.com\/wp-content\/uploads\/2018\/12\/packaging-500x330.png 500w, https:\/\/richarms.com\/wp-content\/uploads\/2018\/12\/packaging-600x395.png 600w, https:\/\/richarms.com\/wp-content\/uploads\/2018\/12\/packaging-700x461.png 700w, https:\/\/richarms.com\/wp-content\/uploads\/2018\/12\/packaging.png 754w\" data-sizes=\"auto\" data-orig-sizes=\"(max-width: 754px) 100vw, 754px\" \/><p id=\"caption-attachment-5515\" class=\"wp-caption-text\">Les aimants NdFeB font l'objet d'un processus d'emballage de d\u00e9magn\u00e9tisation minutieux, comprenant des couches de bo\u00eetes en fer, de mousse et de bo\u00eetes en papier afin de garantir un transport s\u00e9curis\u00e9.<\/p><\/div>\n<div id=\"attachment_5499\" style=\"width: 710px\" class=\"wp-caption alignnone\"><img decoding=\"async\" aria-describedby=\"caption-attachment-5499\" class=\"lazyload wp-image-5499 size-full\" src=\"https:\/\/richarms.com\/wp-content\/uploads\/2018\/12\/drawing.jpg\" data-orig-src=\"https:\/\/richarms.com\/wp-content\/uploads\/2018\/12\/drawing.jpg\" alt=\"Illustration of two magnetization directions for NdFeB magnets: Thickness Magnetized and Radially Magnetized.\" width=\"700\" height=\"907\" srcset=\"data:image\/svg+xml,%3Csvg%20xmlns%3D%27http%3A%2F%2Fwww.w3.org%2F2000%2Fsvg%27%20width%3D%27700%27%20height%3D%27907%27%20viewBox%3D%270%200%20700%20907%27%3E%3Crect%20width%3D%27700%27%20height%3D%27907%27%20fill-opacity%3D%220%22%2F%3E%3C%2Fsvg%3E\" data-srcset=\"https:\/\/richarms.com\/wp-content\/uploads\/2018\/12\/drawing-200x259.jpg 200w, https:\/\/richarms.com\/wp-content\/uploads\/2018\/12\/drawing-232x300.jpg 232w, https:\/\/richarms.com\/wp-content\/uploads\/2018\/12\/drawing-400x518.jpg 400w, https:\/\/richarms.com\/wp-content\/uploads\/2018\/12\/drawing-500x648.jpg 500w, https:\/\/richarms.com\/wp-content\/uploads\/2018\/12\/drawing-600x777.jpg 600w, https:\/\/richarms.com\/wp-content\/uploads\/2018\/12\/drawing.jpg 700w\" data-sizes=\"auto\" data-orig-sizes=\"(max-width: 700px) 100vw, 700px\" \/><p id=\"caption-attachment-5499\" class=\"wp-caption-text\">Comprendre les deux directions de magn\u00e9tisation des aimants NdFeB : magn\u00e9tisation par l'\u00e9paisseur et magn\u00e9tisation radiale.<\/p><\/div>\n<p data-start=\"820\" data-end=\"835\"><strong data-start=\"820\" data-end=\"833\">Caract\u00e9ristiques principales :<\/strong><\/p>\n<ul data-start=\"836\" data-end=\"1316\">\n<li data-start=\"836\" data-end=\"942\"><strong data-start=\"838\" data-end=\"853\">Imperm\u00e9able \u00e0 l'eau :<\/strong> Le rev\u00eatement ABS offre une r\u00e9sistance \u00e0 l'eau fiable pour les environnements ext\u00e9rieurs et difficiles.<\/li>\n<li data-start=\"943\" data-end=\"1050\"><strong data-start=\"945\" data-end=\"976\">R\u00e9sistant aux chocs et \u00e0 la rouille :<\/strong> L'encapsulation durable prot\u00e8ge l'aimant contre les chocs et la corrosion.<\/li>\n<li data-start=\"1051\" data-end=\"1203\"><strong data-start=\"1053\" data-end=\"1071\">Utilisation polyvalente :<\/strong> Convient comme aimant brut ou comme solution encapsul\u00e9e pour les applications d'aimants cach\u00e9s dans les sacs et autres produits personnalis\u00e9s.<\/li>\n<li data-start=\"1204\" data-end=\"1316\"><strong data-start=\"1206\" data-end=\"1223\">Respectueux de l'environnement :<\/strong> Fabriqu\u00e9 avec un mat\u00e9riau ABS respectueux de l'environnement, il s'agit d'un produit durable et robuste.<\/li>\n<\/ul>\n<p data-start=\"1318\" data-end=\"1799\"><strong data-start=\"1318\" data-end=\"1331\">Vue d'ensemble :<\/strong><br data-start=\"1331\" data-end=\"1334\" \/>Notre cylindre magn\u00e9tique encapsul\u00e9 offre une force magn\u00e9tique exceptionnelle dans un design compact. Fabriqu\u00e9 \u00e0 partir de NdFeB de premi\u00e8re qualit\u00e9 et encapsul\u00e9 dans un ABS \u00e9cologique, cet aimant est con\u00e7u pour r\u00e9sister \u00e0 l'eau, aux chocs et \u00e0 la corrosion. Sa finition \u00e9l\u00e9gante - disponible en noir ou en blanc standard, avec des options de couleurs personnalis\u00e9es - le rend parfait pour une large gamme d'applications, y compris les syst\u00e8mes d'aimants cach\u00e9s, la quincaillerie de sac et diverses utilisations industrielles.<\/p>\n<p data-start=\"1801\" data-end=\"1826\"><strong data-start=\"1801\" data-end=\"1824\">Applications id\u00e9ales :<\/strong><\/p>\n<ul data-start=\"1827\" data-end=\"2025\">\n<li data-start=\"1827\" data-end=\"1880\">Applications d'aimants cach\u00e9s dans la quincaillerie de sacs personnalis\u00e9s<\/li>\n<li data-start=\"1881\" data-end=\"1953\">Produits industriels et de consommation n\u00e9cessitant des solutions magn\u00e9tiques robustes<\/li>\n<li data-start=\"1954\" data-end=\"2025\">Accessoires et composants pour lesquels un aimant \u00e9l\u00e9gant et durable est essentiel<\/li>\n<\/ul>\n<p data-start=\"2027\" data-end=\"2270\">Pr\u00eat \u00e0 int\u00e9grer cet aimant haute performance dans la conception de vos produits ? Contactez nous \u00e0 <a rel=\"noopener\" data-start=\"2138\" data-end=\"2183\">info@richarms.com<\/a> ou visiter <a href=\"https:\/\/richarmshardware.com\" target=\"_new\" rel=\"noopener\" data-start=\"2193\" data-end=\"2229\">Boutique en ligne Richarms<\/a> pour passer votre commande ou demander un \u00e9chantillon.<\/p>","protected":false},"excerpt":{"rendered":"<p>Type : Aimants permanents<br \/>\nComposite : Aimant en n\u00e9odyme<br \/>\nForme : sur commande<br \/>\nApplication : Aimant industriel<br \/>\nRev\u00eatements : Ni, Zn, or, argent, cuivre, \u00e9poxy, etc.<br \/>\nTol\u00e9rance : +\/-0,03 \u00e0 +\/-0,15<br \/>\nFormes : Arc\/Disque\/Barre\/Bloc...<br \/>\nGrade: N3N35M-N52M,N35H-N50H,N33SH-N45SH<br \/>\nTailles : sur mesure<br \/>\nsens de l'aimantation : Personnalis\u00e9<br \/>\nlivraison : par voie maritime, a\u00e9rienne ou express<br \/>\nTemp\u00e9rature : La temp\u00e9rature maximale de fonctionnement est de 230 d<\/p>","protected":false},"featured_media":5513,"template":"","meta":[],"product_brand":[],"product_cat":[53],"product_tag":[],"class_list":{"0":"post-5517","1":"product","2":"type-product","3":"status-publish","4":"has-post-thumbnail","6":"product_cat-magnets","8":"first","9":"instock","10":"shipping-taxable","11":"product-type-simple"},"aioseo_notices":[],"_links":{"self":[{"href":"https:\/\/richarms.com\/fr\/wp-json\/wp\/v2\/product\/5517","targetHints":{"allow":["GET"]}}],"collection":[{"href":"https:\/\/richarms.com\/fr\/wp-json\/wp\/v2\/product"}],"about":[{"href":"https:\/\/richarms.com\/fr\/wp-json\/wp\/v2\/types\/product"}],"wp:featuredmedia":[{"embeddable":true,"href":"https:\/\/richarms.com\/fr\/wp-json\/wp\/v2\/media\/5513"}],"wp:attachment":[{"href":"https:\/\/richarms.com\/fr\/wp-json\/wp\/v2\/media?parent=5517"}],"wp:term":[{"taxonomy":"product_brand","embeddable":true,"href":"https:\/\/richarms.com\/fr\/wp-json\/wp\/v2\/product_brand?post=5517"},{"taxonomy":"product_cat","embeddable":true,"href":"https:\/\/richarms.com\/fr\/wp-json\/wp\/v2\/product_cat?post=5517"},{"taxonomy":"product_tag","embeddable":true,"href":"https:\/\/richarms.com\/fr\/wp-json\/wp\/v2\/product_tag?post=5517"}],"curies":[{"name":"wp","href":"https:\/\/api.w.org\/{rel}","templated":true}]}}