{"id":5519,"date":"2021-07-09T16:29:13","date_gmt":"2021-07-09T08:29:13","guid":{"rendered":"https:\/\/richarms.com\/?post_type=product&#038;p=5519"},"modified":"2025-03-11T16:53:57","modified_gmt":"2025-03-11T08:53:57","slug":"strongest-ring-magnet-neodymium-magnets","status":"publish","type":"product","link":"https:\/\/richarms.com\/fr\/product\/strongest-ring-magnet-neodymium-magnets","title":{"rendered":"Aimants annulaires NdFeB sur mesure"},"content":{"rendered":"<h1>Custom NdFeB Ring Magnets \u2013 High-Grade Permanent Solutions<\/h1>\n<table width=\"687\">\n<tbody>\n<tr style=\"font-style: inherit; font-weight: inherit;\">\n<td style=\"font-style: inherit;\" width=\"183\">Type<\/td>\n<td style=\"font-style: inherit;\" width=\"504\">Permanent<\/td>\n<\/tr>\n<tr style=\"font-style: inherit; font-weight: inherit;\">\n<td style=\"font-style: inherit;\" width=\"183\" data-spm-anchor-id=\"a2700.details.pronpeci14.i0.41a61526Xi5f7X\">Composite<\/td>\n<td style=\"font-style: inherit;\" width=\"504\">Aimant NdFeB<\/td>\n<\/tr>\n<tr style=\"font-style: inherit; font-weight: inherit;\">\n<td style=\"font-style: inherit;\" rowspan=\"2\" width=\"183\">Forme<\/td>\n<td style=\"font-style: inherit;\" width=\"504\">Disque, cylindre, bloc, anneau, fraisage, segment, trap\u00e8ze,<\/td>\n<\/tr>\n<tr>\n<td width=\"504\">Formes irr\u00e9guli\u00e8res et formes plus personnalis\u00e9es<\/td>\n<\/tr>\n<tr style=\"font-style: inherit; font-weight: inherit;\">\n<td style=\"font-style: inherit;\" width=\"183\">Application<\/td>\n<td style=\"font-style: inherit;\" width=\"504\">Aimant industriel<\/td>\n<\/tr>\n<tr style=\"font-style: inherit; font-weight: inherit;\">\n<td style=\"font-style: inherit;\" width=\"183\">Aimanter la direction<\/td>\n<td style=\"font-style: inherit;\" width=\"504\">Sur mesure<\/td>\n<\/tr>\n<tr style=\"font-style: inherit; font-weight: inherit;\">\n<td style=\"font-style: inherit;\" width=\"183\">Taille<\/td>\n<td style=\"font-style: inherit;\" width=\"504\">Sur mesure<\/td>\n<\/tr>\n<tr style=\"font-style: inherit; font-weight: inherit;\">\n<td style=\"font-style: inherit;\" width=\"183\">Rev\u00eatement<\/td>\n<td style=\"font-style: inherit;\" width=\"504\">Ni, Zn, or, argent, cuivre, \u00e9poxy, etc.<\/td>\n<\/tr>\n<tr style=\"font-style: inherit; font-weight: inherit;\">\n<td style=\"font-style: inherit;\" width=\"183\">Tol\u00e9rance<\/td>\n<td style=\"font-style: inherit;\" width=\"504\">+\/-0,03 \u00e0 +\/-0,15<\/td>\n<\/tr>\n<tr style=\"font-style: inherit; font-weight: inherit;\">\n<td style=\"font-style: inherit;\" width=\"183\">Temp\u00e9rature de travail<\/td>\n<td style=\"font-style: inherit;\" width=\"504\">La temp\u00e9rature maximale de fonctionnement est de 230 degr\u00e9s centigrades.<\/td>\n<\/tr>\n<tr style=\"font-style: inherit; font-weight: inherit;\">\n<td style=\"font-style: inherit;\" width=\"183\">Livraison<\/td>\n<td style=\"font-style: inherit;\" width=\"504\">Par voie maritime, a\u00e9rienne ou express<\/td>\n<\/tr>\n<tr style=\"font-style: inherit; font-weight: inherit;\">\n<td style=\"font-style: inherit;\" width=\"183\">Max<\/td>\n<td style=\"font-style: inherit;\" width=\"504\">Grade<\/td>\n<\/tr>\n<tr>\n<td width=\"183\">Travailler<\/td>\n<td width=\"504\">N33-N52 80\u00b0C<\/td>\n<\/tr>\n<tr>\n<td width=\"183\">Temp\u00e9rat ure<\/td>\n<td width=\"504\">N35M-N45M 100\u00b0C<\/td>\n<\/tr>\n<tr>\n<td width=\"183\"><\/td>\n<td width=\"504\">N33H-N50H 120\u00b0C<\/td>\n<\/tr>\n<tr>\n<td width=\"183\"><\/td>\n<td width=\"504\">N33SH-N45SH 150\u00b0C<\/td>\n<\/tr>\n<tr>\n<td width=\"183\"><\/td>\n<td width=\"504\">N30UH-N42UH 180\u00b0C<\/td>\n<\/tr>\n<tr>\n<td width=\"183\"><\/td>\n<td width=\"504\">N30EH-N38EH 200\u00b0C<\/td>\n<\/tr>\n<tr>\n<td width=\"183\"><\/td>\n<td width=\"504\">N28AH-N33AH 230\u00b0C<\/td>\n<\/tr>\n<\/tbody>\n<\/table>\n<p><strong>Emballage :<\/strong><br \/>\n<img decoding=\"async\" class=\"lazyload alignnone size-full wp-image-5501\" src=\"https:\/\/richarms.com\/wp-content\/uploads\/2018\/12\/permanent-magnets-box-packing.jpg\" data-orig-src=\"https:\/\/richarms.com\/wp-content\/uploads\/2018\/12\/permanent-magnets-box-packing.jpg\" alt=\"\" width=\"750\" height=\"500\" srcset=\"data:image\/svg+xml,%3Csvg%20xmlns%3D%27http%3A%2F%2Fwww.w3.org%2F2000%2Fsvg%27%20width%3D%27750%27%20height%3D%27500%27%20viewBox%3D%270%200%20750%20500%27%3E%3Crect%20width%3D%27750%27%20height%3D%27500%27%20fill-opacity%3D%220%22%2F%3E%3C%2Fsvg%3E\" data-srcset=\"https:\/\/richarms.com\/wp-content\/uploads\/2018\/12\/permanent-magnets-box-packing-200x133.jpg 200w, https:\/\/richarms.com\/wp-content\/uploads\/2018\/12\/permanent-magnets-box-packing-300x200.jpg 300w, https:\/\/richarms.com\/wp-content\/uploads\/2018\/12\/permanent-magnets-box-packing-400x267.jpg 400w, https:\/\/richarms.com\/wp-content\/uploads\/2018\/12\/permanent-magnets-box-packing-500x333.jpg 500w, https:\/\/richarms.com\/wp-content\/uploads\/2018\/12\/permanent-magnets-box-packing-600x400.jpg 600w, https:\/\/richarms.com\/wp-content\/uploads\/2018\/12\/permanent-magnets-box-packing-700x467.jpg 700w, https:\/\/richarms.com\/wp-content\/uploads\/2018\/12\/permanent-magnets-box-packing.jpg 750w\" data-sizes=\"auto\" data-orig-sizes=\"(max-width: 750px) 100vw, 750px\" \/><\/p>\n<p><img decoding=\"async\" class=\"lazyload alignnone size-full wp-image-5515\" src=\"https:\/\/richarms.com\/wp-content\/uploads\/2018\/12\/packaging.png\" data-orig-src=\"https:\/\/richarms.com\/wp-content\/uploads\/2018\/12\/packaging.png\" alt=\"\" width=\"754\" height=\"497\" srcset=\"data:image\/svg+xml,%3Csvg%20xmlns%3D%27http%3A%2F%2Fwww.w3.org%2F2000%2Fsvg%27%20width%3D%27754%27%20height%3D%27497%27%20viewBox%3D%270%200%20754%20497%27%3E%3Crect%20width%3D%27754%27%20height%3D%27497%27%20fill-opacity%3D%220%22%2F%3E%3C%2Fsvg%3E\" data-srcset=\"https:\/\/richarms.com\/wp-content\/uploads\/2018\/12\/packaging-200x132.png 200w, https:\/\/richarms.com\/wp-content\/uploads\/2018\/12\/packaging-300x198.png 300w, https:\/\/richarms.com\/wp-content\/uploads\/2018\/12\/packaging-400x264.png 400w, https:\/\/richarms.com\/wp-content\/uploads\/2018\/12\/packaging-500x330.png 500w, https:\/\/richarms.com\/wp-content\/uploads\/2018\/12\/packaging-600x395.png 600w, https:\/\/richarms.com\/wp-content\/uploads\/2018\/12\/packaging-700x461.png 700w, https:\/\/richarms.com\/wp-content\/uploads\/2018\/12\/packaging.png 754w\" data-sizes=\"auto\" data-orig-sizes=\"(max-width: 754px) 100vw, 754px\" \/><\/p>\n<p><strong>Magnetization Direction:<br \/>\n<\/strong>Thickness Magnetized<br \/>\nRadially Magnetized<\/p>\n<p><strong><br \/>\n<img decoding=\"async\" class=\"lazyload alignnone size-full wp-image-5499\" src=\"https:\/\/richarms.com\/wp-content\/uploads\/2018\/12\/drawing.jpg\" data-orig-src=\"https:\/\/richarms.com\/wp-content\/uploads\/2018\/12\/drawing.jpg\" alt=\"\" width=\"700\" height=\"907\" srcset=\"data:image\/svg+xml,%3Csvg%20xmlns%3D%27http%3A%2F%2Fwww.w3.org%2F2000%2Fsvg%27%20width%3D%27700%27%20height%3D%27907%27%20viewBox%3D%270%200%20700%20907%27%3E%3Crect%20width%3D%27700%27%20height%3D%27907%27%20fill-opacity%3D%220%22%2F%3E%3C%2Fsvg%3E\" data-srcset=\"https:\/\/richarms.com\/wp-content\/uploads\/2018\/12\/drawing-200x259.jpg 200w, https:\/\/richarms.com\/wp-content\/uploads\/2018\/12\/drawing-232x300.jpg 232w, https:\/\/richarms.com\/wp-content\/uploads\/2018\/12\/drawing-400x518.jpg 400w, https:\/\/richarms.com\/wp-content\/uploads\/2018\/12\/drawing-500x648.jpg 500w, https:\/\/richarms.com\/wp-content\/uploads\/2018\/12\/drawing-600x777.jpg 600w, https:\/\/richarms.com\/wp-content\/uploads\/2018\/12\/drawing.jpg 700w\" data-sizes=\"auto\" data-orig-sizes=\"(max-width: 700px) 100vw, 700px\" \/><br \/>\n<\/strong><\/p>\n<p><strong>How to make stronger power button?<\/strong><br \/>\n&#8211; Magnets in same size, material better, power stronger<br \/>\n&#8211; Magnet in same material, size bigger, power stronger<\/p>\n<p><strong>Which silver color is better? Zinc or Nickel Plating?<\/strong><br \/>\n&#8211; Zinc will be at lower cost<br \/>\n&#8211; Nickel will be shiny, and easy to pull out<strong><br \/>\n<\/strong><\/p>\n<p><strong>What&#8217;t packaging will Richarms offer?<\/strong><br \/>\n&#8211; for big size magnet, we might suggest to add divider so that customer will easy to pull out each one<br \/>\n&#8211; Standard Packaging is plastic bag + box + carton<br \/>\n&#8211; Degaussing Packaging is plastic bag+box+form box+carton, for some voyage ask no magnetic power tested on the outer box<\/p>\n<p>Want quick quote or free sample,<a href=\"https:\/\/richarms.com\/fr\/contact\/\"> pls consult our sales teams\u00a0<\/a><\/p>","protected":false},"excerpt":{"rendered":"<p>Type : Aimants permanents<br \/>\nComposite : Aimant en n\u00e9odyme<br \/>\nForme : sur commande<br \/>\nApplication : Aimant industriel<br \/>\nRev\u00eatements : Ni, Zn, or, argent, cuivre, \u00e9poxy, etc.<br \/>\nTol\u00e9rance : +\/-0,03 \u00e0 +\/-0,15<br \/>\nFormes : Arc\/Disque\/Barre\/Bloc...<br \/>\nGrade: N3N35M-N52M,N35H-N50H,N33SH-N45SH<br \/>\nTailles : sur mesure<br \/>\nsens de l'aimantation : Personnalis\u00e9<br \/>\nlivraison : par voie maritime, a\u00e9rienne ou express<br \/>\nTemp\u00e9rature : La temp\u00e9rature maximale de fonctionnement est de 230 d<\/p>","protected":false},"featured_media":5525,"template":"","meta":[],"product_brand":[],"product_cat":[53],"product_tag":[],"class_list":{"0":"post-5519","1":"product","2":"type-product","3":"status-publish","4":"has-post-thumbnail","6":"product_cat-magnets","8":"first","9":"instock","10":"shipping-taxable","11":"product-type-simple"},"aioseo_notices":[],"_links":{"self":[{"href":"https:\/\/richarms.com\/fr\/wp-json\/wp\/v2\/product\/5519","targetHints":{"allow":["GET"]}}],"collection":[{"href":"https:\/\/richarms.com\/fr\/wp-json\/wp\/v2\/product"}],"about":[{"href":"https:\/\/richarms.com\/fr\/wp-json\/wp\/v2\/types\/product"}],"wp:featuredmedia":[{"embeddable":true,"href":"https:\/\/richarms.com\/fr\/wp-json\/wp\/v2\/media\/5525"}],"wp:attachment":[{"href":"https:\/\/richarms.com\/fr\/wp-json\/wp\/v2\/media?parent=5519"}],"wp:term":[{"taxonomy":"product_brand","embeddable":true,"href":"https:\/\/richarms.com\/fr\/wp-json\/wp\/v2\/product_brand?post=5519"},{"taxonomy":"product_cat","embeddable":true,"href":"https:\/\/richarms.com\/fr\/wp-json\/wp\/v2\/product_cat?post=5519"},{"taxonomy":"product_tag","embeddable":true,"href":"https:\/\/richarms.com\/fr\/wp-json\/wp\/v2\/product_tag?post=5519"}],"curies":[{"name":"wp","href":"https:\/\/api.w.org\/{rel}","templated":true}]}}