{"id":5675,"date":"2021-07-08T22:11:17","date_gmt":"2021-07-08T14:11:17","guid":{"rendered":"https:\/\/richarms.com\/?post_type=product&#038;p=5675"},"modified":"2025-03-12T17:20:02","modified_gmt":"2025-03-12T09:20:02","slug":"leather-notebook-cover-metal-clasp-6","status":"publish","type":"product","link":"https:\/\/richarms.com\/fr\/product\/leather-notebook-cover-metal-clasp-6","title":{"rendered":"Fermoir magn\u00e9tique en 3 parties"},"content":{"rendered":"<h1>Fermeture magn\u00e9tique en 3 parties pour carnets - Tailles et motifs personnalis\u00e9s Wholesale<\/h1>\n<p><strong>Syst\u00e8me de fermeture magn\u00e9tique en trois parties pour les carnets de notes<\/strong><br \/>\n<em>Ancrage structurel pour les journaux en cuir de marque et les cadeaux d'entreprise<\/em><\/p>\n<p><strong>Principales sp\u00e9cifications techniques<\/strong><br \/>\n<strong>Deux tailles standard<\/strong><br \/>\n\u2460 Compact : Id\u00e9al pour les ordinateurs portables A5-A6<\/p>\n<div id=\"attachment_8229\" style=\"width: 649px\" class=\"wp-caption alignnone\"><img decoding=\"async\" aria-describedby=\"caption-attachment-8229\" class=\"lazyload wp-image-8229 size-full\" src=\"https:\/\/richarms.com\/wp-content\/uploads\/2021\/07\/41981741769820_.pic_.jpg\" data-orig-src=\"https:\/\/richarms.com\/wp-content\/uploads\/2021\/07\/41981741769820_.pic_.jpg\" alt=\"rectangular magnetic clasp product image with custom logo engraving.\" width=\"639\" height=\"345\" srcset=\"data:image\/svg+xml,%3Csvg%20xmlns%3D%27http%3A%2F%2Fwww.w3.org%2F2000%2Fsvg%27%20width%3D%27639%27%20height%3D%27345%27%20viewBox%3D%270%200%20639%20345%27%3E%3Crect%20width%3D%27639%27%20height%3D%27345%27%20fill-opacity%3D%220%22%2F%3E%3C%2Fsvg%3E\" data-srcset=\"https:\/\/richarms.com\/wp-content\/uploads\/2021\/07\/41981741769820_.pic_-200x108.jpg 200w, https:\/\/richarms.com\/wp-content\/uploads\/2021\/07\/41981741769820_.pic_-300x162.jpg 300w, https:\/\/richarms.com\/wp-content\/uploads\/2021\/07\/41981741769820_.pic_-400x216.jpg 400w, https:\/\/richarms.com\/wp-content\/uploads\/2021\/07\/41981741769820_.pic_-500x270.jpg 500w, https:\/\/richarms.com\/wp-content\/uploads\/2021\/07\/41981741769820_.pic_-600x324.jpg 600w, https:\/\/richarms.com\/wp-content\/uploads\/2021\/07\/41981741769820_.pic_.jpg 639w\" data-sizes=\"auto\" data-orig-sizes=\"(max-width: 639px) 100vw, 639px\" \/><p id=\"caption-attachment-8229\" class=\"wp-caption-text\">Fermoir magn\u00e9tique rectangulaire personnalis\u00e9 avec gravure du logo pour la promotion de la marque.<\/p><\/div>\n<p>\u2461 Large : Convient aux folios A4 et aux journaux \u00e9pais<\/p>\n<div id=\"attachment_8228\" style=\"width: 810px\" class=\"wp-caption alignnone\"><img decoding=\"async\" aria-describedby=\"caption-attachment-8228\" class=\"lazyload wp-image-8228 size-full\" src=\"https:\/\/richarms.com\/wp-content\/uploads\/2021\/07\/41971741769809_.pic_.jpg\" data-orig-src=\"https:\/\/richarms.com\/wp-content\/uploads\/2021\/07\/41971741769809_.pic_.jpg\" alt=\"Close-up view of rectangular magnetic clasp showing its three-part design.\" width=\"800\" height=\"800\" srcset=\"data:image\/svg+xml,%3Csvg%20xmlns%3D%27http%3A%2F%2Fwww.w3.org%2F2000%2Fsvg%27%20width%3D%27800%27%20height%3D%27800%27%20viewBox%3D%270%200%20800%20800%27%3E%3Crect%20width%3D%27800%27%20height%3D%27800%27%20fill-opacity%3D%220%22%2F%3E%3C%2Fsvg%3E\" data-srcset=\"https:\/\/richarms.com\/wp-content\/uploads\/2021\/07\/41971741769809_.pic_-66x66.jpg 66w, https:\/\/richarms.com\/wp-content\/uploads\/2021\/07\/41971741769809_.pic_-100x100.jpg 100w, https:\/\/richarms.com\/wp-content\/uploads\/2021\/07\/41971741769809_.pic_-150x150.jpg 150w, https:\/\/richarms.com\/wp-content\/uploads\/2021\/07\/41971741769809_.pic_-200x200.jpg 200w, https:\/\/richarms.com\/wp-content\/uploads\/2021\/07\/41971741769809_.pic_-300x300.jpg 300w, https:\/\/richarms.com\/wp-content\/uploads\/2021\/07\/41971741769809_.pic_-400x400.jpg 400w, https:\/\/richarms.com\/wp-content\/uploads\/2021\/07\/41971741769809_.pic_-500x500.jpg 500w, https:\/\/richarms.com\/wp-content\/uploads\/2021\/07\/41971741769809_.pic_-600x600.jpg 600w, https:\/\/richarms.com\/wp-content\/uploads\/2021\/07\/41971741769809_.pic_-700x700.jpg 700w, https:\/\/richarms.com\/wp-content\/uploads\/2021\/07\/41971741769809_.pic_-768x768.jpg 768w, https:\/\/richarms.com\/wp-content\/uploads\/2021\/07\/41971741769809_.pic_.jpg 800w\" data-sizes=\"auto\" data-orig-sizes=\"(max-width: 800px) 100vw, 800px\" \/><p id=\"caption-attachment-8228\" class=\"wp-caption-text\">Gros plan sur la base fixe du fermoir, le milieu r\u00e9glable et la partie sup\u00e9rieure magn\u00e9tique.<\/p><\/div>\n<p><strong>Ventilation des composants<\/strong><\/p>\n<ul>\n<li>Plaque de base : Moulage en alliage de zinc avec 2 trous de rivets pr\u00e9-perc\u00e9s<\/li>\n<li>Bloc d'\u00e9cartement : Noyau en fer avec plage de r\u00e9glage de la hauteur de 5 \u00e0 25 mm<\/li>\n<li>Plaque frontale : Fermeture magn\u00e9tique (grade N35-52) avec 3 couches de personnalisation :\n<ol>\n<li>\u00a0Substrat : Alliage laiton\/Zn<\/li>\n<li>Texture : Motifs diamant\u00e9s\/logos\/motifs g\u00e9om\u00e9triques<\/li>\n<li>Finition : Placage \u00e9lectrolytique (nkl\/ gun metal, cuivre\/ or) ou gainage en cuir v\u00e9ritable<\/li>\n<li data-start=\"1216\" data-end=\"1498\">Variations de forme : <a href=\"https:\/\/richarms.com\/fr\/produit\/leather-notebook-cover-metal-clasp-3\/\">avion<\/a>, <a href=\"https:\/\/richarms.com\/fr\/produit\/leather-notebook-cover-metal-clasp-4\/\">carr\u00e9<\/a>, <a href=\"https:\/\/richarms.com\/fr\/produit\/leather-notebook-cover-metal-clasp\/\">arbre<\/a>, <a href=\"https:\/\/richarms.com\/fr\/produit\/leather-notebook-cover-metal-clasp-2\/\">bouclier<\/a>\/Formes de moulage sous pression personnalis\u00e9es<\/li>\n<\/ol>\n<\/li>\n<\/ul>\n<p><strong>Galerie de motifs personnalis\u00e9s<\/strong><\/p>\n<p>\u25b2 Cas 1 : Embossage du logo de l'entreprise (largeur de trait min. 2 mm)<br \/>\n\u25b2 Cas 2 : Rainures diagonales (0,8 mm de profondeur, \u00b10,2 mm)<br \/>\n\u25b2 Cas 3 : Surface gain\u00e9e de cuir (Assortie au cuir PU du client)<\/p>\n<p><strong>Avantage de la production<\/strong><br \/>\nSyst\u00e8me d'outillage partag\u00e9 : Modifier les cavit\u00e9s de moules existants pour les mod\u00e8les - Economisez $1,200+ sur NRE<br \/>\n\u2713 Double contr\u00f4le de la qualit\u00e9 :<\/p>\n<ul>\n<li>\u00c9tape 1 : Essai de force magn\u00e9tique (plage de 12 \u00e0 15 N)<\/li>\n<li>\u00c9tape 2 : Essai au brouillard salin pendant 48 heures (norme ASTM B117)<\/li>\n<\/ul>\n<p><strong>Param\u00e8tres de commande<\/strong><br \/>\nMOQ : 500 pi\u00e8ces par mod\u00e8le<br \/>\nD\u00e9lai de livraison : 12 jours ouvrables (\u00e9chantillonnage 3D)<\/p>","protected":false},"excerpt":{"rendered":"<p>Fermoir magn\u00e9tique en alliage de zinc \u00e0 trois plis et \u00e0 rectangle<br \/>\nMat\u00e9riau : Alliage de zinc, fer<br \/>\nTaille : L 15mm x L 65mm x H 3mm<br \/>\nPoids : 11g<\/p>","protected":false},"featured_media":5667,"template":"","meta":[],"product_brand":[],"product_cat":[73],"product_tag":[],"class_list":{"0":"post-5675","1":"product","2":"type-product","3":"status-publish","4":"has-post-thumbnail","6":"product_cat-leathernotebook-magnetic-closures","8":"first","9":"instock","10":"shipping-taxable","11":"product-type-simple"},"aioseo_notices":[],"_links":{"self":[{"href":"https:\/\/richarms.com\/fr\/wp-json\/wp\/v2\/product\/5675","targetHints":{"allow":["GET"]}}],"collection":[{"href":"https:\/\/richarms.com\/fr\/wp-json\/wp\/v2\/product"}],"about":[{"href":"https:\/\/richarms.com\/fr\/wp-json\/wp\/v2\/types\/product"}],"wp:featuredmedia":[{"embeddable":true,"href":"https:\/\/richarms.com\/fr\/wp-json\/wp\/v2\/media\/5667"}],"wp:attachment":[{"href":"https:\/\/richarms.com\/fr\/wp-json\/wp\/v2\/media?parent=5675"}],"wp:term":[{"taxonomy":"product_brand","embeddable":true,"href":"https:\/\/richarms.com\/fr\/wp-json\/wp\/v2\/product_brand?post=5675"},{"taxonomy":"product_cat","embeddable":true,"href":"https:\/\/richarms.com\/fr\/wp-json\/wp\/v2\/product_cat?post=5675"},{"taxonomy":"product_tag","embeddable":true,"href":"https:\/\/richarms.com\/fr\/wp-json\/wp\/v2\/product_tag?post=5675"}],"curies":[{"name":"wp","href":"https:\/\/api.w.org\/{rel}","templated":true}]}}