{"id":5678,"date":"2021-07-11T10:55:48","date_gmt":"2021-07-11T02:55:48","guid":{"rendered":"https:\/\/richarms.com\/?post_type=product&#038;p=5678"},"modified":"2025-02-15T10:28:38","modified_gmt":"2025-02-15T02:28:38","slug":"full-lip-magnetic-snaps","status":"publish","type":"product","link":"https:\/\/richarms.com\/fr\/product\/full-lip-magnetic-snaps","title":{"rendered":"Fermeture magn\u00e9tique sur toute la l\u00e8vre"},"content":{"rendered":"<h1 data-start=\"177\" data-end=\"262\"><strong data-start=\"181\" data-end=\"262\">14mm &amp; 18mm Ronde Extra Fine Pleine L\u00e8vre Fermeture Magn\u00e9tique | Attaches et Fermetures<\/strong><\/h1>\n<p data-start=\"264\" data-end=\"571\"><strong data-start=\"264\" data-end=\"302\">Boutons-pression magn\u00e9tiques extra-fins \u00e0 l\u00e8vre enti\u00e8re<\/strong> sont con\u00e7ues pour emp\u00eacher tout glissement involontaire, offrant ainsi une plus grande s\u00e9curit\u00e9. <strong data-start=\"359\" data-end=\"377\">s\u00e9curit\u00e9 suppl\u00e9mentaire<\/strong>. Ceux-ci <strong data-start=\"385\" data-end=\"411\">des fixations de haute qualit\u00e9<\/strong> sont couramment utilis\u00e9s dans les <strong data-start=\"433\" data-end=\"447\">porte-documents<\/strong>, <strong data-start=\"449\" data-end=\"461\">sacs \u00e0 main<\/strong>, <strong data-start=\"463\" data-end=\"474\">bagages<\/strong>et <strong data-start=\"480\" data-end=\"493\">a\u00e9rospatiale<\/strong> et offrent des fermetures fiables et durables pour un grand nombre d'industries.<\/p>\n<p><strong>Code et taille :<\/strong><\/p>\n<table style=\"border-collapse: collapse; width: 597.63pt;\" border=\"0\" width=\"996\" cellspacing=\"0\" cellpadding=\"0\">\n<tbody>\n<tr style=\"height: 31.20pt;\">\n<td class=\"et2\" style=\"height: 31.20pt; width: 87.45pt;\" width=\"145\" height=\"52\">Code<\/td>\n<td class=\"et2\" style=\"width: 54.80pt;\" width=\"91\">Taille<\/td>\n<td class=\"et2\" style=\"width: 78.60pt;\" width=\"131\">Snap femelle TH<\/td>\n<td class=\"et3\" style=\"width: 60.00pt;\" width=\"100\">Aimant<br \/>\nDIA<\/td>\n<td class=\"et3\" style=\"width: 54.80pt;\" width=\"91\">Pression<br \/>\nL<\/td>\n<td class=\"et3\" style=\"width: 97.70pt;\" width=\"162\">Photo<\/td>\n<td class=\"et2\" style=\"width: 164.55pt;\" width=\"274\">Description<\/td>\n<\/tr>\n<tr style=\"height: 78.00pt;\">\n<td class=\"et2\" style=\"height: 78.00pt; width: 87.45pt;\" width=\"145\" height=\"130\">RC-FC1420<\/td>\n<td class=\"et2\" style=\"width: 54.80pt;\" width=\"91\">14 mm<\/td>\n<td class=\"et2\" style=\"width: 78.60pt;\" width=\"131\">2mm<\/td>\n<td class=\"et2\" style=\"width: 60.00pt;\" width=\"100\">14 mm<\/td>\n<td class=\"et2\" style=\"width: 54.80pt;\" width=\"91\">7,6 mm<\/td>\n<td class=\"et2\" style=\"width: 97.70pt;\" width=\"162\"><img decoding=\"async\" class=\"lazyload wp-image-7298 aligncenter\" src=\"https:\/\/richarms.com\/wp-content\/uploads\/2021\/07\/14x2d.jpg\" data-orig-src=\"https:\/\/richarms.com\/wp-content\/uploads\/2021\/07\/14x2d.jpg\" alt=\"\" width=\"112\" height=\"83\" srcset=\"data:image\/svg+xml,%3Csvg%20xmlns%3D%27http%3A%2F%2Fwww.w3.org%2F2000%2Fsvg%27%20width%3D%27112%27%20height%3D%2783%27%20viewBox%3D%270%200%20112%2083%27%3E%3Crect%20width%3D%27112%27%20height%3D%2783%27%20fill-opacity%3D%220%22%2F%3E%3C%2Fsvg%3E\" data-srcset=\"https:\/\/richarms.com\/wp-content\/uploads\/2021\/07\/14x2d-200x147.jpg 200w, https:\/\/richarms.com\/wp-content\/uploads\/2021\/07\/14x2d-300x221.jpg 300w, https:\/\/richarms.com\/wp-content\/uploads\/2021\/07\/14x2d-400x294.jpg 400w, https:\/\/richarms.com\/wp-content\/uploads\/2021\/07\/14x2d.jpg 469w\" data-sizes=\"auto\" data-orig-sizes=\"(max-width: 112px) 100vw, 112px\" \/><\/td>\n<td class=\"et2\" style=\"width: 164.55pt;\" width=\"274\"><strong data-start=\"829\" data-end=\"848\">Corps ultra-mince<\/strong> avec <strong data-start=\"854\" data-end=\"875\">r\u00e9sistance standard<\/strong>. Id\u00e9al pour <strong data-start=\"887\" data-end=\"910\">\u00e9l\u00e9gant, haute couture<\/strong> des conceptions telles que <strong data-start=\"924\" data-end=\"936\">sacs \u00e0 main<\/strong>, <strong data-start=\"938\" data-end=\"949\">bagages<\/strong>et <strong data-start=\"955\" data-end=\"964\">cas<\/strong>.<\/td>\n<\/tr>\n<tr style=\"height: 78.00pt;\">\n<td class=\"et2\" style=\"height: 78.00pt; width: 87.45pt;\" width=\"145\" height=\"130\">RC-FC1820<\/td>\n<td class=\"et2\" style=\"width: 54.80pt;\" width=\"91\">18mm<\/td>\n<td class=\"et2\" style=\"width: 78.60pt;\" width=\"131\">2mm<\/td>\n<td class=\"et2\" style=\"width: 60.00pt;\" width=\"100\">18mm<\/td>\n<td class=\"et2\" style=\"width: 54.80pt;\" width=\"91\">9 mm<\/td>\n<td class=\"et2\" style=\"width: 97.70pt;\" width=\"162\"><img decoding=\"async\" class=\"lazyload alignnone size-full wp-image-7297\" src=\"https:\/\/richarms.com\/wp-content\/uploads\/2021\/07\/18x2d.jpg\" data-orig-src=\"https:\/\/richarms.com\/wp-content\/uploads\/2021\/07\/18x2d.jpg\" alt=\"\" width=\"469\" height=\"345\" srcset=\"data:image\/svg+xml,%3Csvg%20xmlns%3D%27http%3A%2F%2Fwww.w3.org%2F2000%2Fsvg%27%20width%3D%27469%27%20height%3D%27345%27%20viewBox%3D%270%200%20469%20345%27%3E%3Crect%20width%3D%27469%27%20height%3D%27345%27%20fill-opacity%3D%220%22%2F%3E%3C%2Fsvg%3E\" data-srcset=\"https:\/\/richarms.com\/wp-content\/uploads\/2021\/07\/18x2d-200x147.jpg 200w, https:\/\/richarms.com\/wp-content\/uploads\/2021\/07\/18x2d-300x221.jpg 300w, https:\/\/richarms.com\/wp-content\/uploads\/2021\/07\/18x2d-400x294.jpg 400w, https:\/\/richarms.com\/wp-content\/uploads\/2021\/07\/18x2d.jpg 469w\" data-sizes=\"auto\" data-orig-sizes=\"(max-width: 469px) 100vw, 469px\" \/><\/td>\n<td class=\"et2\" style=\"width: 164.55pt;\" width=\"274\"><strong data-start=\"1145\" data-end=\"1164\">Corps extra fin<\/strong> avec <strong data-start=\"1170\" data-end=\"1193\">grande capacit\u00e9 de r\u00e9tention<\/strong>parfait pour les <strong data-start=\"1207\" data-end=\"1219\">sacs \u00e0 main<\/strong>, <strong data-start=\"1221\" data-end=\"1232\">bagages<\/strong>, <strong data-start=\"1234\" data-end=\"1247\">sacs \u00e0 dos<\/strong>et <strong data-start=\"1253\" data-end=\"1281\">l'automobile et l'a\u00e9rospatiale<\/strong> des applications.<\/td>\n<\/tr>\n<\/tbody>\n<\/table>\n<p><strong><b>Remarque : Forte puissance d'aimantation Disponible<\/b><\/strong><\/p>\n<p style=\"text-align: left;\"><strong>Mat\u00e9riau :<br \/>\n<\/strong>G\u00e9lule m\u00e2le : Fer<br \/>\nCapsule femelle :  Fer, laiton commun ou laiton \u00e9cologique disponibles<\/p>\n<p><img decoding=\"async\" class=\"lazyload alignnone wp-image-7161\" src=\"https:\/\/richarms.com\/wp-content\/uploads\/2020\/03\/materials-e1626143269166.png\" data-orig-src=\"https:\/\/richarms.com\/wp-content\/uploads\/2020\/03\/materials-e1626143269166.png\" alt=\"\" width=\"446\" height=\"199\" srcset=\"data:image\/svg+xml,%3Csvg%20xmlns%3D%27http%3A%2F%2Fwww.w3.org%2F2000%2Fsvg%27%20width%3D%27446%27%20height%3D%27199%27%20viewBox%3D%270%200%20446%20199%27%3E%3Crect%20width%3D%27446%27%20height%3D%27199%27%20fill-opacity%3D%220%22%2F%3E%3C%2Fsvg%3E\" data-srcset=\"https:\/\/richarms.com\/wp-content\/uploads\/2020\/03\/materials-e1626143269166-200x89.png 200w, https:\/\/richarms.com\/wp-content\/uploads\/2020\/03\/materials-e1626143269166-300x134.png 300w, https:\/\/richarms.com\/wp-content\/uploads\/2020\/03\/materials-e1626143269166-400x178.png 400w, https:\/\/richarms.com\/wp-content\/uploads\/2020\/03\/materials-e1626143269166-500x223.png 500w, https:\/\/richarms.com\/wp-content\/uploads\/2020\/03\/materials-e1626143269166.png 511w\" data-sizes=\"auto\" data-orig-sizes=\"(max-width: 446px) 100vw, 446px\" \/><\/p>\n<p>Aimant int\u00e9rieur :<strong><b><br \/>\n<\/b><\/strong>Puissance standard de l'aimant : Aimant permanent en ferrite<br \/>\nPuissance magn\u00e9tique \u00e9lev\u00e9e : Aimant permanent en ferrite et en n\u00e9odyme<\/p>\n<p><img decoding=\"async\" class=\"lazyload alignnone wp-image-7164\" src=\"https:\/\/richarms.com\/wp-content\/uploads\/2020\/03\/\u78c1\u529b\u5bf9\u6bd4\u56fe.png\" data-orig-src=\"https:\/\/richarms.com\/wp-content\/uploads\/2020\/03\/\u78c1\u529b\u5bf9\u6bd4\u56fe.png\" alt=\"\" width=\"454\" height=\"360\" srcset=\"data:image\/svg+xml,%3Csvg%20xmlns%3D%27http%3A%2F%2Fwww.w3.org%2F2000%2Fsvg%27%20width%3D%27454%27%20height%3D%27360%27%20viewBox%3D%270%200%20454%20360%27%3E%3Crect%20width%3D%27454%27%20height%3D%27360%27%20fill-opacity%3D%220%22%2F%3E%3C%2Fsvg%3E\" data-srcset=\"https:\/\/richarms.com\/wp-content\/uploads\/2020\/03\/\u78c1\u529b\u5bf9\u6bd4\u56fe-200x159.png 200w, https:\/\/richarms.com\/wp-content\/uploads\/2020\/03\/\u78c1\u529b\u5bf9\u6bd4\u56fe-300x238.png 300w, https:\/\/richarms.com\/wp-content\/uploads\/2020\/03\/\u78c1\u529b\u5bf9\u6bd4\u56fe-400x317.png 400w, https:\/\/richarms.com\/wp-content\/uploads\/2020\/03\/\u78c1\u529b\u5bf9\u6bd4\u56fe-500x397.png 500w, https:\/\/richarms.com\/wp-content\/uploads\/2020\/03\/\u78c1\u529b\u5bf9\u6bd4\u56fe-600x476.png 600w, https:\/\/richarms.com\/wp-content\/uploads\/2020\/03\/\u78c1\u529b\u5bf9\u6bd4\u56fe-700x555.png 700w, https:\/\/richarms.com\/wp-content\/uploads\/2020\/03\/\u78c1\u529b\u5bf9\u6bd4\u56fe-768x609.png 768w, https:\/\/richarms.com\/wp-content\/uploads\/2020\/03\/\u78c1\u529b\u5bf9\u6bd4\u56fe-800x635.png 800w, https:\/\/richarms.com\/wp-content\/uploads\/2020\/03\/\u78c1\u529b\u5bf9\u6bd4\u56fe-1024x813.png 1024w, https:\/\/richarms.com\/wp-content\/uploads\/2020\/03\/\u78c1\u529b\u5bf9\u6bd4\u56fe-1200x952.png 1200w, https:\/\/richarms.com\/wp-content\/uploads\/2020\/03\/\u78c1\u529b\u5bf9\u6bd4\u56fe-1536x1219.png 1536w, https:\/\/richarms.com\/wp-content\/uploads\/2020\/03\/\u78c1\u529b\u5bf9\u6bd4\u56fe.png 1661w\" data-sizes=\"auto\" data-orig-sizes=\"(max-width: 454px) 100vw, 454px\" \/><\/p>\n<p><img decoding=\"async\" class=\"lazyload alignnone size-full wp-image-7169\" src=\"https:\/\/richarms.com\/wp-content\/uploads\/2020\/03\/\u5fae\u4fe1\u622a\u56fe_20210712180015.png\" data-orig-src=\"https:\/\/richarms.com\/wp-content\/uploads\/2020\/03\/\u5fae\u4fe1\u622a\u56fe_20210712180015.png\" alt=\"\" width=\"488\" height=\"793\" srcset=\"data:image\/svg+xml,%3Csvg%20xmlns%3D%27http%3A%2F%2Fwww.w3.org%2F2000%2Fsvg%27%20width%3D%27488%27%20height%3D%27793%27%20viewBox%3D%270%200%20488%20793%27%3E%3Crect%20width%3D%27488%27%20height%3D%27793%27%20fill-opacity%3D%220%22%2F%3E%3C%2Fsvg%3E\" data-srcset=\"https:\/\/richarms.com\/wp-content\/uploads\/2020\/03\/\u5fae\u4fe1\u622a\u56fe_20210712180015-185x300.png 185w, https:\/\/richarms.com\/wp-content\/uploads\/2020\/03\/\u5fae\u4fe1\u622a\u56fe_20210712180015-200x325.png 200w, https:\/\/richarms.com\/wp-content\/uploads\/2020\/03\/\u5fae\u4fe1\u622a\u56fe_20210712180015-400x650.png 400w, https:\/\/richarms.com\/wp-content\/uploads\/2020\/03\/\u5fae\u4fe1\u622a\u56fe_20210712180015.png 488w\" data-sizes=\"auto\" data-orig-sizes=\"(max-width: 488px) 100vw, 488px\" \/><\/p>\n<p><strong><b>F<\/b><\/strong><strong><b>inish<\/b><\/strong><strong><b>\uff1a<br \/>\n<\/b><\/strong>Snap femelle : uni, motif, logo<\/p>\n<p><img decoding=\"async\" class=\"lazyload alignnone wp-image-7166\" src=\"data:image\/svg+xml,%3Csvg%20xmlns%3D%27http%3A%2F%2Fwww.w3.org%2F2000%2Fsvg%27%20width%3D%27288%27%20height%3D%27135%27%20viewBox%3D%270%200%20288%20135%27%3E%3Crect%20width%3D%27288%27%20height%3D%27135%27%20fill-opacity%3D%220%22%2F%3E%3C%2Fsvg%3E\" data-orig-src=\"https:\/\/richarms.com\/wp-content\/uploads\/2020\/03\/\u56fe\u72473.jpg\" alt=\"\" width=\"288\" height=\"135\" \/><\/p>\n<p>Coup de poing masculin : uni, texte, logo<\/p>\n<p><img decoding=\"async\" class=\"lazyload alignnone wp-image-7180\" src=\"https:\/\/richarms.com\/wp-content\/uploads\/2020\/03\/\u56fe\u72474.jpg\" data-orig-src=\"https:\/\/richarms.com\/wp-content\/uploads\/2020\/03\/\u56fe\u72474.jpg\" alt=\"\" width=\"301\" height=\"121\" srcset=\"data:image\/svg+xml,%3Csvg%20xmlns%3D%27http%3A%2F%2Fwww.w3.org%2F2000%2Fsvg%27%20width%3D%27301%27%20height%3D%27121%27%20viewBox%3D%270%200%20301%20121%27%3E%3Crect%20width%3D%27301%27%20height%3D%27121%27%20fill-opacity%3D%220%22%2F%3E%3C%2Fsvg%3E\" data-srcset=\"https:\/\/richarms.com\/wp-content\/uploads\/2020\/03\/\u56fe\u72474-200x80.jpg 200w, https:\/\/richarms.com\/wp-content\/uploads\/2020\/03\/\u56fe\u72474-300x120.jpg 300w, https:\/\/richarms.com\/wp-content\/uploads\/2020\/03\/\u56fe\u72474-400x160.jpg 400w, https:\/\/richarms.com\/wp-content\/uploads\/2020\/03\/\u56fe\u72474-500x200.jpg 500w, https:\/\/richarms.com\/wp-content\/uploads\/2020\/03\/\u56fe\u72474-600x241.jpg 600w, https:\/\/richarms.com\/wp-content\/uploads\/2020\/03\/\u56fe\u72474.jpg 651w\" data-sizes=\"auto\" data-orig-sizes=\"(max-width: 301px) 100vw, 301px\" \/><\/p>\n<p><strong>Emballage<\/strong><strong>\uff1a<br \/>\n<\/strong><\/p>\n<p>Tous ces produits peuvent \u00eatre fournis avec des pieds, des tiges ou des rivets.<br \/>\n1 jeu = 1 m\u00e2le, 1 femelle, 2 rondelles<br \/>\n14mm : 200 jeux\/bo\u00eete, 20 bo\u00eetes\/carton<br \/>\n18mm : 100 jeux\/bo\u00eete, 20 bo\u00eetes\/carton<\/p>\n<p><img decoding=\"async\" class=\"lazyload alignnone size-full wp-image-5484\" src=\"https:\/\/richarms.com\/wp-content\/uploads\/2018\/07\/Cover-magnetic-snaps.jpg\" data-orig-src=\"https:\/\/richarms.com\/wp-content\/uploads\/2018\/07\/Cover-magnetic-snaps.jpg\" alt=\"\" width=\"290\" height=\"270\" srcset=\"data:image\/svg+xml,%3Csvg%20xmlns%3D%27http%3A%2F%2Fwww.w3.org%2F2000%2Fsvg%27%20width%3D%27290%27%20height%3D%27270%27%20viewBox%3D%270%200%20290%20270%27%3E%3Crect%20width%3D%27290%27%20height%3D%27270%27%20fill-opacity%3D%220%22%2F%3E%3C%2Fsvg%3E\" data-srcset=\"https:\/\/richarms.com\/wp-content\/uploads\/2018\/07\/Cover-magnetic-snaps-200x186.jpg 200w, https:\/\/richarms.com\/wp-content\/uploads\/2018\/07\/Cover-magnetic-snaps.jpg 290w\" data-sizes=\"auto\" data-orig-sizes=\"(max-width: 290px) 100vw, 290px\" \/><\/p>\n<p><strong><b>Diff\u00e9rence entre suspendre et rouler<\/b><\/strong><\/p>\n<p><img decoding=\"async\" class=\"lazyload alignnone wp-image-7165\" src=\"https:\/\/richarms.com\/wp-content\/uploads\/2020\/03\/\u56fe\u72471.jpg\" data-orig-src=\"https:\/\/richarms.com\/wp-content\/uploads\/2020\/03\/\u56fe\u72471.jpg\" alt=\"\" width=\"176\" height=\"248\" srcset=\"data:image\/svg+xml,%3Csvg%20xmlns%3D%27http%3A%2F%2Fwww.w3.org%2F2000%2Fsvg%27%20width%3D%27176%27%20height%3D%27248%27%20viewBox%3D%270%200%20176%20248%27%3E%3Crect%20width%3D%27176%27%20height%3D%27248%27%20fill-opacity%3D%220%22%2F%3E%3C%2Fsvg%3E\" data-srcset=\"https:\/\/richarms.com\/wp-content\/uploads\/2020\/03\/\u56fe\u72471-200x281.jpg 200w, https:\/\/richarms.com\/wp-content\/uploads\/2020\/03\/\u56fe\u72471-213x300.jpg 213w, https:\/\/richarms.com\/wp-content\/uploads\/2020\/03\/\u56fe\u72471.jpg 349w\" data-sizes=\"auto\" data-orig-sizes=\"(max-width: 176px) 100vw, 176px\" \/><\/p>\n<p><strong><b>R\u00e9gulier Couleur r\u00e9pertori\u00e9e<br \/>\n<\/b><\/strong><strong><img decoding=\"async\" class=\"lazyload alignnone size-full wp-image-5392\" src=\"https:\/\/richarms.com\/wp-content\/uploads\/2018\/07\/RICHARMS-COLOT-DIS.jpg\" data-orig-src=\"https:\/\/richarms.com\/wp-content\/uploads\/2018\/07\/RICHARMS-COLOT-DIS.jpg\" alt=\"\" width=\"651\" height=\"457\" srcset=\"data:image\/svg+xml,%3Csvg%20xmlns%3D%27http%3A%2F%2Fwww.w3.org%2F2000%2Fsvg%27%20width%3D%27651%27%20height%3D%27457%27%20viewBox%3D%270%200%20651%20457%27%3E%3Crect%20width%3D%27651%27%20height%3D%27457%27%20fill-opacity%3D%220%22%2F%3E%3C%2Fsvg%3E\" data-srcset=\"https:\/\/richarms.com\/wp-content\/uploads\/2018\/07\/RICHARMS-COLOT-DIS-200x140.jpg 200w, https:\/\/richarms.com\/wp-content\/uploads\/2018\/07\/RICHARMS-COLOT-DIS-300x211.jpg 300w, https:\/\/richarms.com\/wp-content\/uploads\/2018\/07\/RICHARMS-COLOT-DIS-400x281.jpg 400w, https:\/\/richarms.com\/wp-content\/uploads\/2018\/07\/RICHARMS-COLOT-DIS-500x351.jpg 500w, https:\/\/richarms.com\/wp-content\/uploads\/2018\/07\/RICHARMS-COLOT-DIS-600x421.jpg 600w, https:\/\/richarms.com\/wp-content\/uploads\/2018\/07\/RICHARMS-COLOT-DIS.jpg 651w\" data-sizes=\"auto\" data-orig-sizes=\"(max-width: 651px) 100vw, 651px\" \/><\/strong><\/p>\n<p><strong><b>Application<\/b><\/strong><\/p>\n<p>Ces boutons-pression magn\u00e9tiques sont parfaits pour la papeterie, les sacs et les emballages cadeaux. Des options personnalisables sont disponibles pour les industries sp\u00e9cialis\u00e9es telles que les dispositifs m\u00e9dicaux.<\/p>\n<ul>\n<li>Les boutons-pression magn\u00e9tiques de Richarms sont con\u00e7us pour des fermetures de haute qualit\u00e9 avec des options personnalisables pour r\u00e9pondre \u00e0 vos besoins exacts, fournissant une solution fiable pour les accessoires de mode, les sacs et plus encore.<\/li>\n<\/ul>\n<div id=\"attachment_7301\" style=\"width: 310px\" class=\"wp-caption alignnone\"><img decoding=\"async\" aria-describedby=\"caption-attachment-7301\" class=\"lazyload wp-image-7301 size-medium\" src=\"https:\/\/richarms.com\/wp-content\/uploads\/2021\/07\/\u5fae\u4fe1\u56fe\u7247_202107151115501-300x210.jpg\" data-orig-src=\"https:\/\/richarms.com\/wp-content\/uploads\/2021\/07\/\u5fae\u4fe1\u56fe\u7247_202107151115501-300x210.jpg\" alt=\"Full Lip Magnetic Snaps used in women's flap handbags, offering secure and stylish closure for fashion accessories.\" width=\"300\" height=\"210\" srcset=\"data:image\/svg+xml,%3Csvg%20xmlns%3D%27http%3A%2F%2Fwww.w3.org%2F2000%2Fsvg%27%20width%3D%27300%27%20height%3D%27210%27%20viewBox%3D%270%200%20300%20210%27%3E%3Crect%20width%3D%27300%27%20height%3D%27210%27%20fill-opacity%3D%220%22%2F%3E%3C%2Fsvg%3E\" data-srcset=\"https:\/\/richarms.com\/wp-content\/uploads\/2021\/07\/\u5fae\u4fe1\u56fe\u7247_202107151115501-200x140.jpg 200w, https:\/\/richarms.com\/wp-content\/uploads\/2021\/07\/\u5fae\u4fe1\u56fe\u7247_202107151115501-300x210.jpg 300w, https:\/\/richarms.com\/wp-content\/uploads\/2021\/07\/\u5fae\u4fe1\u56fe\u7247_202107151115501-400x280.jpg 400w, https:\/\/richarms.com\/wp-content\/uploads\/2021\/07\/\u5fae\u4fe1\u56fe\u7247_202107151115501.jpg 500w\" data-sizes=\"auto\" data-orig-sizes=\"(max-width: 300px) 100vw, 300px\" \/><p id=\"caption-attachment-7301\" class=\"wp-caption-text\">Les boutons-pression magn\u00e9tiques \u00e0 l\u00e8vre pleine de haute qualit\u00e9 sont utilis\u00e9s dans les sacs \u00e0 main \u00e0 rabat pour femmes, offrant une fermeture s\u00fbre et \u00e9l\u00e9gante pour les mod\u00e8les \u00e0 la pointe de la mode.<\/p><\/div>\n<p><strong><b><br \/>\n<\/b><\/strong><a href=\"https:\/\/www.pinterest.com\/richarmsaccessoriesgroups\/innovative-uses-of-magnetic-snaps-in-home-decor\/\"><img decoding=\"async\" class=\"lazyload alignnone wp-image-7160\" src=\"https:\/\/richarms.com\/wp-content\/uploads\/2020\/03\/application.png\" data-orig-src=\"https:\/\/richarms.com\/wp-content\/uploads\/2020\/03\/application.png\" alt=\"\" width=\"474\" height=\"443\" srcset=\"data:image\/svg+xml,%3Csvg%20xmlns%3D%27http%3A%2F%2Fwww.w3.org%2F2000%2Fsvg%27%20width%3D%27474%27%20height%3D%27443%27%20viewBox%3D%270%200%20474%20443%27%3E%3Crect%20width%3D%27474%27%20height%3D%27443%27%20fill-opacity%3D%220%22%2F%3E%3C%2Fsvg%3E\" data-srcset=\"https:\/\/richarms.com\/wp-content\/uploads\/2020\/03\/application-200x187.png 200w, https:\/\/richarms.com\/wp-content\/uploads\/2020\/03\/application-300x280.png 300w, https:\/\/richarms.com\/wp-content\/uploads\/2020\/03\/application-400x374.png 400w, https:\/\/richarms.com\/wp-content\/uploads\/2020\/03\/application-500x467.png 500w, https:\/\/richarms.com\/wp-content\/uploads\/2020\/03\/application.png 598w\" data-sizes=\"auto\" data-orig-sizes=\"(max-width: 474px) 100vw, 474px\" \/><\/a><\/p>\n<h3 data-start=\"3739\" data-end=\"3775\"><strong data-start=\"3743\" data-end=\"3775\"><a href=\"https:\/\/richarms.com\/fr\/6566.html\/\">Personnalisation de l'encliquetage magn\u00e9tique<\/a>:<\/strong><\/h3>\n<p data-start=\"3777\" data-end=\"4070\">Au <strong data-start=\"3780\" data-end=\"3792\">Riches armes<\/strong>Nous offrons <strong data-start=\"3803\" data-end=\"3827\">des solutions personnalis\u00e9es<\/strong> pour r\u00e9pondre \u00e0 vos besoins sp\u00e9cifiques, qu'il s'agisse de <strong data-start=\"3874\" data-end=\"3889\">taille de l'aimant<\/strong>, <strong data-start=\"3891\" data-end=\"3911\">choix des mat\u00e9riaux<\/strong>ou <strong data-start=\"3916\" data-end=\"3936\">variations de couleur<\/strong>. Notre <strong data-start=\"3942\" data-end=\"3971\">couverture compl\u00e8te avec boutons-pression magn\u00e9tiques<\/strong> sont soigneusement con\u00e7ues pour offrir <strong data-start=\"4003\" data-end=\"4022\">\u00e0 la fois la durabilit\u00e9<\/strong> et <strong data-start=\"4027\" data-end=\"4036\">style<\/strong> pour une large gamme d'applications.<\/p>\n<p><strong><b>\u00a0<\/b><\/strong><\/p>\n<p><strong>\u00a0<\/strong><\/p>\n<p>&nbsp;<\/p>","protected":false},"excerpt":{"rendered":"<p>Type : Boutons-pression magn\u00e9tiques sur toute la longueur de la l\u00e8vre<br \/>\nMat\u00e9riau : Laiton, fer, aimant<br \/>\nNum\u00e9ro de mod\u00e8le : RC-C1420\/1820<br \/>\nLogo personnalis\u00e9 disponible : Laser, Gravure, Outillage<br \/>\nTaille : 14 mm, 18 mm<br \/>\nCouleur : Or \/ Nickel \/ Gun \/ Rose Gold \/Brush Ant \/ Autre<br \/>\nEmballage : bo\u00eete et carton<br \/>\nExp\u00e9dition : LCL\/ DHL \/ FedEx \/ TNT \/ Autre<\/p>","protected":false},"featured_media":6451,"template":"","meta":[],"product_brand":[],"product_cat":[15],"product_tag":[],"class_list":{"0":"post-5678","1":"product","2":"type-product","3":"status-publish","4":"has-post-thumbnail","6":"product_cat-magnetic-snaps","8":"first","9":"instock","10":"shipping-taxable","11":"product-type-simple"},"aioseo_notices":[],"_links":{"self":[{"href":"https:\/\/richarms.com\/fr\/wp-json\/wp\/v2\/product\/5678","targetHints":{"allow":["GET"]}}],"collection":[{"href":"https:\/\/richarms.com\/fr\/wp-json\/wp\/v2\/product"}],"about":[{"href":"https:\/\/richarms.com\/fr\/wp-json\/wp\/v2\/types\/product"}],"wp:featuredmedia":[{"embeddable":true,"href":"https:\/\/richarms.com\/fr\/wp-json\/wp\/v2\/media\/6451"}],"wp:attachment":[{"href":"https:\/\/richarms.com\/fr\/wp-json\/wp\/v2\/media?parent=5678"}],"wp:term":[{"taxonomy":"product_brand","embeddable":true,"href":"https:\/\/richarms.com\/fr\/wp-json\/wp\/v2\/product_brand?post=5678"},{"taxonomy":"product_cat","embeddable":true,"href":"https:\/\/richarms.com\/fr\/wp-json\/wp\/v2\/product_cat?post=5678"},{"taxonomy":"product_tag","embeddable":true,"href":"https:\/\/richarms.com\/fr\/wp-json\/wp\/v2\/product_tag?post=5678"}],"curies":[{"name":"wp","href":"https:\/\/api.w.org\/{rel}","templated":true}]}}