{"id":5679,"date":"2021-07-11T13:07:52","date_gmt":"2021-07-11T05:07:52","guid":{"rendered":"https:\/\/richarms.com\/?post_type=product&#038;p=5679"},"modified":"2025-02-14T19:02:56","modified_gmt":"2025-02-14T11:02:56","slug":"half-lip-magnetic-snaps","status":"publish","type":"product","link":"https:\/\/richarms.com\/fr\/product\/half-lip-magnetic-snaps","title":{"rendered":"Boutons-pression magn\u00e9tiques \u00e0 demi-l\u00e8vre"},"content":{"rendered":"<h1><strong>14mm 18mm Round Extra Thin Half Cover \/ Half Lip Magnetic Snaps, Fastener, Closures<\/strong><\/h1>\n<p><strong data-start=\"238\" data-end=\"284\">Extra Thin Half Cover (Lip) Magnetic Snaps<\/strong> are designed to provide <strong data-start=\"309\" data-end=\"328\">secure closures<\/strong> while offering a sleek, <strong data-start=\"353\" data-end=\"369\">thin profile<\/strong>. These snaps prevent unintentional opening and are ideal for use in items like <strong data-start=\"449\" data-end=\"461\">sacs \u00e0 main<\/strong>, <strong data-start=\"463\" data-end=\"480\">computer bags<\/strong>, <strong data-start=\"482\" data-end=\"507\">soft-sided briefcases<\/strong>, <strong data-start=\"509\" data-end=\"528\">binocular cases<\/strong>, <strong data-start=\"530\" data-end=\"546\">camera cases<\/strong>, <strong data-start=\"548\" data-end=\"561\">sacs \u00e0 dos<\/strong>et <strong data-start=\"567\" data-end=\"578\">bagages<\/strong>. With a <strong data-start=\"587\" data-end=\"602\">low profile<\/strong>, these snaps combine functionality and style.<\/p>\n<h2><strong>Extra Thin Half Cover Magnetic Snaps Code and Size:<\/strong><\/h2>\n<table style=\"height: 309px;\" width=\"812\">\n<tbody>\n<tr>\n<td width=\"145\">Code<\/td>\n<td width=\"91\">Taille<\/td>\n<td width=\"131\">Snap femelle TH<\/td>\n<td width=\"100\">Female cover<\/td>\n<td width=\"91\">Aimant<br \/>\nDIA<\/td>\n<td width=\"90\">Pression<br \/>\nL<\/td>\n<td width=\"162\">Photo<\/td>\n<td width=\"348\">Description<\/td>\n<\/tr>\n<tr>\n<td width=\"145\">RC-HC1420<\/td>\n<td width=\"91\">14 mm<\/td>\n<td width=\"131\">2mm<\/td>\n<td width=\"100\">\u00a01\/4<\/td>\n<td width=\"91\">11 mm<\/td>\n<td width=\"90\">7,6 mm<\/td>\n<td width=\"162\"><img decoding=\"async\" class=\"lazyload wp-image-7287 aligncenter\" src=\"https:\/\/richarms.com\/wp-content\/uploads\/2021\/07\/14\u76d6.png\" data-orig-src=\"https:\/\/richarms.com\/wp-content\/uploads\/2021\/07\/14\u76d6.png\" alt=\"\" width=\"81\" height=\"73\" srcset=\"data:image\/svg+xml,%3Csvg%20xmlns%3D%27http%3A%2F%2Fwww.w3.org%2F2000%2Fsvg%27%20width%3D%2781%27%20height%3D%2773%27%20viewBox%3D%270%200%2081%2073%27%3E%3Crect%20width%3D%2781%27%20height%3D%2773%27%20fill-opacity%3D%220%22%2F%3E%3C%2Fsvg%3E\" data-srcset=\"https:\/\/richarms.com\/wp-content\/uploads\/2021\/07\/14\u76d6-200x180.png 200w, https:\/\/richarms.com\/wp-content\/uploads\/2021\/07\/14\u76d6-300x270.png 300w, https:\/\/richarms.com\/wp-content\/uploads\/2021\/07\/14\u76d6-400x360.png 400w, https:\/\/richarms.com\/wp-content\/uploads\/2021\/07\/14\u76d6.png 486w\" data-sizes=\"auto\" data-orig-sizes=\"(max-width: 81px) 100vw, 81px\" \/><\/td>\n<td width=\"348\">Corps mince. R\u00e9sistance standard.<br \/>\nDes boutons-pression \u00e9l\u00e9gants et tr\u00e8s tendance pour les sacs \u00e0 main, les bagages et les \u00e9tuis.<\/td>\n<\/tr>\n<tr>\n<td width=\"145\">RC-HC1820<\/td>\n<td width=\"91\">18mm<\/td>\n<td width=\"131\">2mm<\/td>\n<td width=\"100\">\u00a01\/4<\/td>\n<td width=\"91\">12 mm<\/td>\n<td width=\"90\">9 mm<\/td>\n<td width=\"162\"><img decoding=\"async\" class=\"lazyload size-full wp-image-7289 aligncenter\" src=\"https:\/\/richarms.com\/wp-content\/uploads\/2021\/07\/1841\u76d6.png\" data-orig-src=\"https:\/\/richarms.com\/wp-content\/uploads\/2021\/07\/1841\u76d6.png\" alt=\"\" width=\"486\" height=\"437\" srcset=\"data:image\/svg+xml,%3Csvg%20xmlns%3D%27http%3A%2F%2Fwww.w3.org%2F2000%2Fsvg%27%20width%3D%27486%27%20height%3D%27437%27%20viewBox%3D%270%200%20486%20437%27%3E%3Crect%20width%3D%27486%27%20height%3D%27437%27%20fill-opacity%3D%220%22%2F%3E%3C%2Fsvg%3E\" data-srcset=\"https:\/\/richarms.com\/wp-content\/uploads\/2021\/07\/1841\u76d6-200x180.png 200w, https:\/\/richarms.com\/wp-content\/uploads\/2021\/07\/1841\u76d6-300x270.png 300w, https:\/\/richarms.com\/wp-content\/uploads\/2021\/07\/1841\u76d6-400x360.png 400w, https:\/\/richarms.com\/wp-content\/uploads\/2021\/07\/1841\u76d6.png 486w\" data-sizes=\"auto\" data-orig-sizes=\"(max-width: 486px) 100vw, 486px\" \/><\/td>\n<td width=\"348\">Corps fin avec un grand pouvoir de r\u00e9tention.<br \/>\nPour les sacs \u00e0 main, les bagages, les sacs \u00e0 dos, l'automobile et l'a\u00e9rospatiale.<\/td>\n<\/tr>\n<\/tbody>\n<\/table>\n<p><strong>Female Cover Option: <\/strong><a href=\"https:\/\/richarms.com\/fr\/produit\/3-4-half-lip-magnetic-snaps\/\">3\/4 lip<\/a> or 1\/4 lip<\/p>\n<h3><strong><img decoding=\"async\" class=\"lazyload alignnone wp-image-7303\" src=\"https:\/\/richarms.com\/wp-content\/uploads\/2021\/07\/ss23.jpg\" data-orig-src=\"https:\/\/richarms.com\/wp-content\/uploads\/2021\/07\/ss23.jpg\" alt=\"\" width=\"361\" height=\"178\" srcset=\"data:image\/svg+xml,%3Csvg%20xmlns%3D%27http%3A%2F%2Fwww.w3.org%2F2000%2Fsvg%27%20width%3D%27361%27%20height%3D%27178%27%20viewBox%3D%270%200%20361%20178%27%3E%3Crect%20width%3D%27361%27%20height%3D%27178%27%20fill-opacity%3D%220%22%2F%3E%3C%2Fsvg%3E\" data-srcset=\"https:\/\/richarms.com\/wp-content\/uploads\/2021\/07\/ss23-200x99.jpg 200w, https:\/\/richarms.com\/wp-content\/uploads\/2021\/07\/ss23-300x148.jpg 300w, https:\/\/richarms.com\/wp-content\/uploads\/2021\/07\/ss23-400x197.jpg 400w, https:\/\/richarms.com\/wp-content\/uploads\/2021\/07\/ss23-500x246.jpg 500w, https:\/\/richarms.com\/wp-content\/uploads\/2021\/07\/ss23-600x296.jpg 600w, https:\/\/richarms.com\/wp-content\/uploads\/2021\/07\/ss23-700x345.jpg 700w, https:\/\/richarms.com\/wp-content\/uploads\/2021\/07\/ss23-768x379.jpg 768w, https:\/\/richarms.com\/wp-content\/uploads\/2021\/07\/ss23-800x394.jpg 800w, https:\/\/richarms.com\/wp-content\/uploads\/2021\/07\/ss23-1024x505.jpg 1024w, https:\/\/richarms.com\/wp-content\/uploads\/2021\/07\/ss23.jpg 1049w\" data-sizes=\"auto\" data-orig-sizes=\"(max-width: 361px) 100vw, 361px\" \/><\/strong><\/h3>\n<h2 data-start=\"1789\" data-end=\"1843\"><strong data-start=\"1793\" data-end=\"1843\">Extra Thin Half Cover Magnetic Snaps Material:<\/strong><\/h2>\n<ul data-start=\"1845\" data-end=\"1953\">\n<li data-start=\"1845\" data-end=\"1871\"><strong data-start=\"1847\" data-end=\"1864\">Male Capsule:<\/strong> Iron<\/li>\n<li data-start=\"1872\" data-end=\"1953\"><strong data-start=\"1874\" data-end=\"1893\">Female Capsule:<\/strong> Iron, <strong data-start=\"1900\" data-end=\"1916\">Common Brass<\/strong> ou <strong data-start=\"1920\" data-end=\"1943\">Environmental Brass<\/strong> available<\/li>\n<\/ul>\n<p data-start=\"1955\" data-end=\"2176\"><strong data-start=\"1955\" data-end=\"1967\">Riches armes<\/strong>&#8216; strict material selection ensures <strong data-start=\"2003\" data-end=\"2013\">smooth<\/strong>, <strong data-start=\"2015\" data-end=\"2038\">reflective surfaces<\/strong> pour <strong data-start=\"2043\" data-end=\"2061\">boutons-pression magn\u00e9tiques<\/strong>, with <strong data-start=\"2068\" data-end=\"2087\">female capsules<\/strong> made from <strong data-start=\"2098\" data-end=\"2106\">iron<\/strong>, <strong data-start=\"2108\" data-end=\"2127\">acier inoxydable<\/strong>ou <strong data-start=\"2132\" data-end=\"2141\">laiton<\/strong>et <strong data-start=\"2147\" data-end=\"2161\">male parts<\/strong> from <strong data-start=\"2167\" data-end=\"2175\">iron<\/strong>.<img decoding=\"async\" class=\"lazyload alignnone wp-image-7161\" src=\"https:\/\/richarms.com\/wp-content\/uploads\/2020\/03\/materials-e1626143269166.png\" data-orig-src=\"https:\/\/richarms.com\/wp-content\/uploads\/2020\/03\/materials-e1626143269166.png\" alt=\"\" width=\"446\" height=\"199\" srcset=\"data:image\/svg+xml,%3Csvg%20xmlns%3D%27http%3A%2F%2Fwww.w3.org%2F2000%2Fsvg%27%20width%3D%27446%27%20height%3D%27199%27%20viewBox%3D%270%200%20446%20199%27%3E%3Crect%20width%3D%27446%27%20height%3D%27199%27%20fill-opacity%3D%220%22%2F%3E%3C%2Fsvg%3E\" data-srcset=\"https:\/\/richarms.com\/wp-content\/uploads\/2020\/03\/materials-e1626143269166-200x89.png 200w, https:\/\/richarms.com\/wp-content\/uploads\/2020\/03\/materials-e1626143269166-300x134.png 300w, https:\/\/richarms.com\/wp-content\/uploads\/2020\/03\/materials-e1626143269166-400x178.png 400w, https:\/\/richarms.com\/wp-content\/uploads\/2020\/03\/materials-e1626143269166-500x223.png 500w, https:\/\/richarms.com\/wp-content\/uploads\/2020\/03\/materials-e1626143269166.png 511w\" data-sizes=\"auto\" data-orig-sizes=\"(max-width: 446px) 100vw, 446px\" \/><\/p>\n<h2 data-start=\"2183\" data-end=\"2204\">Female Composition<\/h2>\n<h3 data-start=\"2183\" data-end=\"2204\"><strong data-start=\"2187\" data-end=\"2204\"><img decoding=\"async\" class=\"lazyload alignnone wp-image-7163\" src=\"https:\/\/richarms.com\/wp-content\/uploads\/2020\/03\/\u8d85\u8584\u78c1\u529b-e1626186192975.png\" data-orig-src=\"https:\/\/richarms.com\/wp-content\/uploads\/2020\/03\/\u8d85\u8584\u78c1\u529b-e1626186192975.png\" alt=\"\" width=\"449\" height=\"131\" srcset=\"data:image\/svg+xml,%3Csvg%20xmlns%3D%27http%3A%2F%2Fwww.w3.org%2F2000%2Fsvg%27%20width%3D%27449%27%20height%3D%27131%27%20viewBox%3D%270%200%20449%20131%27%3E%3Crect%20width%3D%27449%27%20height%3D%27131%27%20fill-opacity%3D%220%22%2F%3E%3C%2Fsvg%3E\" data-srcset=\"https:\/\/richarms.com\/wp-content\/uploads\/2020\/03\/\u8d85\u8584\u78c1\u529b-e1626186192975-200x58.png 200w, https:\/\/richarms.com\/wp-content\/uploads\/2020\/03\/\u8d85\u8584\u78c1\u529b-e1626186192975-300x87.png 300w, https:\/\/richarms.com\/wp-content\/uploads\/2020\/03\/\u8d85\u8584\u78c1\u529b-e1626186192975-400x117.png 400w, https:\/\/richarms.com\/wp-content\/uploads\/2020\/03\/\u8d85\u8584\u78c1\u529b-e1626186192975-500x146.png 500w, https:\/\/richarms.com\/wp-content\/uploads\/2020\/03\/\u8d85\u8584\u78c1\u529b-e1626186192975-600x175.png 600w, https:\/\/richarms.com\/wp-content\/uploads\/2020\/03\/\u8d85\u8584\u78c1\u529b-e1626186192975-700x204.png 700w, https:\/\/richarms.com\/wp-content\/uploads\/2020\/03\/\u8d85\u8584\u78c1\u529b-e1626186192975-768x224.png 768w, https:\/\/richarms.com\/wp-content\/uploads\/2020\/03\/\u8d85\u8584\u78c1\u529b-e1626186192975-800x233.png 800w, https:\/\/richarms.com\/wp-content\/uploads\/2020\/03\/\u8d85\u8584\u78c1\u529b-e1626186192975.png 885w\" data-sizes=\"auto\" data-orig-sizes=\"(max-width: 449px) 100vw, 449px\" \/><\/strong><\/h3>\n<h3 data-start=\"2183\" data-end=\"2204\"><strong data-start=\"2187\" data-end=\"2204\">Aimant int\u00e9rieur :<\/strong><\/h3>\n<ul data-start=\"2205\" data-end=\"2326\">\n<li data-start=\"2205\" data-end=\"2260\"><strong data-start=\"2207\" data-end=\"2233\">Standard Magnet Power:<\/strong> Ferrite permanent magnet<\/li>\n<li data-start=\"2261\" data-end=\"2326\"><strong data-start=\"2263\" data-end=\"2287\">Strong Magnet Power:<\/strong> Ferrite and Neodymium permanent magnet<\/li>\n<\/ul>\n<p data-start=\"2328\" data-end=\"2380\"><strong data-start=\"2328\" data-end=\"2377\">Comparison of Inner Magnets in Magnetic Snaps<\/strong>:<\/p>\n<ul data-start=\"2381\" data-end=\"2520\">\n<li data-start=\"2381\" data-end=\"2451\"><strong data-start=\"2383\" data-end=\"2403\">18&#215;4.5mm magnets<\/strong> provide a <strong data-start=\"2414\" data-end=\"2428\">pull force<\/strong> de <strong data-start=\"2432\" data-end=\"2448\">1.5KG to 3KG<\/strong>, and can be customized to be stronger<\/li>\n<li data-start=\"2452\" data-end=\"2520\"><strong data-start=\"2454\" data-end=\"2474\">14&#215;3.5mm magnets<\/strong> offer a <strong data-start=\"2483\" data-end=\"2497\">pull force<\/strong> de <strong data-start=\"2501\" data-end=\"2519\">0.5KG to 1.5KG, <\/strong>and can be customized to be strongerMagnet Power depend on magnet size and the magnet grade<\/li>\n<\/ul>\n<p><img decoding=\"async\" class=\"lazyload alignnone wp-image-7168\" src=\"https:\/\/richarms.com\/wp-content\/uploads\/2020\/03\/\u5fae\u4fe1\u622a\u56fe_20210712175853.png\" data-orig-src=\"https:\/\/richarms.com\/wp-content\/uploads\/2020\/03\/\u5fae\u4fe1\u622a\u56fe_20210712175853.png\" alt=\"\" width=\"503\" height=\"745\" srcset=\"data:image\/svg+xml,%3Csvg%20xmlns%3D%27http%3A%2F%2Fwww.w3.org%2F2000%2Fsvg%27%20width%3D%27503%27%20height%3D%27745%27%20viewBox%3D%270%200%20503%20745%27%3E%3Crect%20width%3D%27503%27%20height%3D%27745%27%20fill-opacity%3D%220%22%2F%3E%3C%2Fsvg%3E\" data-srcset=\"https:\/\/richarms.com\/wp-content\/uploads\/2020\/03\/\u5fae\u4fe1\u622a\u56fe_20210712175853-200x296.png 200w, https:\/\/richarms.com\/wp-content\/uploads\/2020\/03\/\u5fae\u4fe1\u622a\u56fe_20210712175853-203x300.png 203w, https:\/\/richarms.com\/wp-content\/uploads\/2020\/03\/\u5fae\u4fe1\u622a\u56fe_20210712175853-400x592.png 400w, https:\/\/richarms.com\/wp-content\/uploads\/2020\/03\/\u5fae\u4fe1\u622a\u56fe_20210712175853-500x740.png 500w, https:\/\/richarms.com\/wp-content\/uploads\/2020\/03\/\u5fae\u4fe1\u622a\u56fe_20210712175853.png 531w\" data-sizes=\"auto\" data-orig-sizes=\"(max-width: 503px) 100vw, 503px\" \/><\/p>\n<h2 data-start=\"2527\" data-end=\"2579\"><strong data-start=\"2531\" data-end=\"2579\">Extra Thin Half Cover Magnetic Snaps Finish:<\/strong><\/h2>\n<h3><strong data-start=\"2583\" data-end=\"2601\">Finition de l'outillage<\/strong><\/h3>\n<p><strong><b><br \/>\n<\/b><\/strong>Snap femelle : uni, motif, logo<strong><br \/>\n<\/strong><img decoding=\"async\" class=\"lazyload alignnone wp-image-7166\" src=\"data:image\/svg+xml,%3Csvg%20xmlns%3D%27http%3A%2F%2Fwww.w3.org%2F2000%2Fsvg%27%20width%3D%27288%27%20height%3D%27135%27%20viewBox%3D%270%200%20288%20135%27%3E%3Crect%20width%3D%27288%27%20height%3D%27135%27%20fill-opacity%3D%220%22%2F%3E%3C%2Fsvg%3E\" data-orig-src=\"https:\/\/richarms.com\/wp-content\/uploads\/2020\/03\/\u56fe\u72473.jpg\" alt=\"\" width=\"288\" height=\"135\" \/><strong><br \/>\n<\/strong>Coup de poing masculin : uni, texte, logo<strong><br \/>\n<\/strong><img decoding=\"async\" class=\"lazyload alignnone wp-image-7180\" src=\"https:\/\/richarms.com\/wp-content\/uploads\/2020\/03\/\u56fe\u72474.jpg\" data-orig-src=\"https:\/\/richarms.com\/wp-content\/uploads\/2020\/03\/\u56fe\u72474.jpg\" alt=\"\" width=\"301\" height=\"121\" srcset=\"data:image\/svg+xml,%3Csvg%20xmlns%3D%27http%3A%2F%2Fwww.w3.org%2F2000%2Fsvg%27%20width%3D%27301%27%20height%3D%27121%27%20viewBox%3D%270%200%20301%20121%27%3E%3Crect%20width%3D%27301%27%20height%3D%27121%27%20fill-opacity%3D%220%22%2F%3E%3C%2Fsvg%3E\" data-srcset=\"https:\/\/richarms.com\/wp-content\/uploads\/2020\/03\/\u56fe\u72474-200x80.jpg 200w, https:\/\/richarms.com\/wp-content\/uploads\/2020\/03\/\u56fe\u72474-300x120.jpg 300w, https:\/\/richarms.com\/wp-content\/uploads\/2020\/03\/\u56fe\u72474-400x160.jpg 400w, https:\/\/richarms.com\/wp-content\/uploads\/2020\/03\/\u56fe\u72474-500x200.jpg 500w, https:\/\/richarms.com\/wp-content\/uploads\/2020\/03\/\u56fe\u72474-600x241.jpg 600w, https:\/\/richarms.com\/wp-content\/uploads\/2020\/03\/\u56fe\u72474.jpg 651w\" data-sizes=\"auto\" data-orig-sizes=\"(max-width: 301px) 100vw, 301px\" \/><\/p>\n<p><strong>Emballage<\/strong><strong>\uff1a<br \/>\n<\/strong>Tous ces produits peuvent \u00eatre fournis avec des pieds, des tiges ou des rivets.<br \/>\n1 jeu = 1 m\u00e2le, 1 femelle, 2 rondelles<br \/>\n14mm : 200 jeux\/bo\u00eete, 20 bo\u00eetes\/carton<br \/>\n18mm : 100 jeux\/bo\u00eete, 20 bo\u00eetes\/carton<\/p>\n<h3><img decoding=\"async\" class=\"lazyload alignnone size-full wp-image-5484\" src=\"https:\/\/richarms.com\/wp-content\/uploads\/2018\/07\/Cover-magnetic-snaps.jpg\" data-orig-src=\"https:\/\/richarms.com\/wp-content\/uploads\/2018\/07\/Cover-magnetic-snaps.jpg\" alt=\"\" width=\"290\" height=\"270\" srcset=\"data:image\/svg+xml,%3Csvg%20xmlns%3D%27http%3A%2F%2Fwww.w3.org%2F2000%2Fsvg%27%20width%3D%27290%27%20height%3D%27270%27%20viewBox%3D%270%200%20290%20270%27%3E%3Crect%20width%3D%27290%27%20height%3D%27270%27%20fill-opacity%3D%220%22%2F%3E%3C%2Fsvg%3E\" data-srcset=\"https:\/\/richarms.com\/wp-content\/uploads\/2018\/07\/Cover-magnetic-snaps-200x186.jpg 200w, https:\/\/richarms.com\/wp-content\/uploads\/2018\/07\/Cover-magnetic-snaps.jpg 290w\" data-sizes=\"auto\" data-orig-sizes=\"(max-width: 290px) 100vw, 290px\" \/><\/h3>\n<h3><strong data-start=\"2694\" data-end=\"2718\">R\u00e9gulier Couleur r\u00e9pertori\u00e9e<\/strong><\/h3>\n<p data-start=\"2720\" data-end=\"2884\">Explore the <strong data-start=\"2732\" data-end=\"2758\">standard color palette<\/strong> pour <strong data-start=\"2763\" data-end=\"2790\">RICHARMS magnetic snaps<\/strong>, with <strong data-start=\"2797\" data-end=\"2835\">additional custom colors available<\/strong> upon request to meet your specific design needs.<\/p>\n<p><strong><b><br \/>\n<\/b><\/strong><strong><img decoding=\"async\" class=\"lazyload alignnone size-full wp-image-5392\" src=\"https:\/\/richarms.com\/wp-content\/uploads\/2018\/07\/RICHARMS-COLOT-DIS.jpg\" data-orig-src=\"https:\/\/richarms.com\/wp-content\/uploads\/2018\/07\/RICHARMS-COLOT-DIS.jpg\" alt=\"\" width=\"651\" height=\"457\" srcset=\"data:image\/svg+xml,%3Csvg%20xmlns%3D%27http%3A%2F%2Fwww.w3.org%2F2000%2Fsvg%27%20width%3D%27651%27%20height%3D%27457%27%20viewBox%3D%270%200%20651%20457%27%3E%3Crect%20width%3D%27651%27%20height%3D%27457%27%20fill-opacity%3D%220%22%2F%3E%3C%2Fsvg%3E\" data-srcset=\"https:\/\/richarms.com\/wp-content\/uploads\/2018\/07\/RICHARMS-COLOT-DIS-200x140.jpg 200w, https:\/\/richarms.com\/wp-content\/uploads\/2018\/07\/RICHARMS-COLOT-DIS-300x211.jpg 300w, https:\/\/richarms.com\/wp-content\/uploads\/2018\/07\/RICHARMS-COLOT-DIS-400x281.jpg 400w, https:\/\/richarms.com\/wp-content\/uploads\/2018\/07\/RICHARMS-COLOT-DIS-500x351.jpg 500w, https:\/\/richarms.com\/wp-content\/uploads\/2018\/07\/RICHARMS-COLOT-DIS-600x421.jpg 600w, https:\/\/richarms.com\/wp-content\/uploads\/2018\/07\/RICHARMS-COLOT-DIS.jpg 651w\" data-sizes=\"auto\" data-orig-sizes=\"(max-width: 651px) 100vw, 651px\" \/><\/strong><\/p>\n<p><strong><b>Diff\u00e9rence entre suspendre et rouler<\/b><\/strong><\/p>\n<p><img decoding=\"async\" class=\"lazyload alignnone wp-image-7165\" src=\"https:\/\/richarms.com\/wp-content\/uploads\/2020\/03\/\u56fe\u72471.jpg\" data-orig-src=\"https:\/\/richarms.com\/wp-content\/uploads\/2020\/03\/\u56fe\u72471.jpg\" alt=\"\" width=\"176\" height=\"248\" srcset=\"data:image\/svg+xml,%3Csvg%20xmlns%3D%27http%3A%2F%2Fwww.w3.org%2F2000%2Fsvg%27%20width%3D%27176%27%20height%3D%27248%27%20viewBox%3D%270%200%20176%20248%27%3E%3Crect%20width%3D%27176%27%20height%3D%27248%27%20fill-opacity%3D%220%22%2F%3E%3C%2Fsvg%3E\" data-srcset=\"https:\/\/richarms.com\/wp-content\/uploads\/2020\/03\/\u56fe\u72471-200x281.jpg 200w, https:\/\/richarms.com\/wp-content\/uploads\/2020\/03\/\u56fe\u72471-213x300.jpg 213w, https:\/\/richarms.com\/wp-content\/uploads\/2020\/03\/\u56fe\u72471.jpg 349w\" data-sizes=\"auto\" data-orig-sizes=\"(max-width: 176px) 100vw, 176px\" \/><\/p>\n<h3 data-start=\"3149\" data-end=\"3169\"><strong data-start=\"3153\" data-end=\"3169\">Application:<\/strong><\/h3>\n<p data-start=\"3171\" data-end=\"3360\">Ces <strong data-start=\"3177\" data-end=\"3195\">boutons-pression magn\u00e9tiques<\/strong> are perfect for use in <strong data-start=\"3219\" data-end=\"3233\">papeterie<\/strong>, <strong data-start=\"3235\" data-end=\"3243\">bags<\/strong>et <strong data-start=\"3249\" data-end=\"3267\">gift packaging<\/strong>, with customizable options available for specialized industries such as <strong data-start=\"3340\" data-end=\"3359\">medical devices<\/strong>.<\/p>\n<p data-start=\"3362\" data-end=\"3568\"><strong data-start=\"3362\" data-end=\"3390\">Richarms\u2019 magnetic snaps<\/strong> are designed for <strong data-start=\"3408\" data-end=\"3433\">high-quality closures<\/strong> avec <strong data-start=\"3439\" data-end=\"3463\">customizable options<\/strong> to meet your exact needs, providing a reliable solution for <strong data-start=\"3524\" data-end=\"3547\">accessoires de mode<\/strong>, <strong data-start=\"3549\" data-end=\"3557\">bags<\/strong>et bien d'autres choses encore.<\/p>\n<p><strong><b><br \/>\n<\/b><\/strong><img decoding=\"async\" class=\"lazyload alignnone wp-image-7160\" src=\"https:\/\/richarms.com\/wp-content\/uploads\/2020\/03\/application.png\" data-orig-src=\"https:\/\/richarms.com\/wp-content\/uploads\/2020\/03\/application.png\" alt=\"\" width=\"474\" height=\"443\" srcset=\"data:image\/svg+xml,%3Csvg%20xmlns%3D%27http%3A%2F%2Fwww.w3.org%2F2000%2Fsvg%27%20width%3D%27474%27%20height%3D%27443%27%20viewBox%3D%270%200%20474%20443%27%3E%3Crect%20width%3D%27474%27%20height%3D%27443%27%20fill-opacity%3D%220%22%2F%3E%3C%2Fsvg%3E\" data-srcset=\"https:\/\/richarms.com\/wp-content\/uploads\/2020\/03\/application-200x187.png 200w, https:\/\/richarms.com\/wp-content\/uploads\/2020\/03\/application-300x280.png 300w, https:\/\/richarms.com\/wp-content\/uploads\/2020\/03\/application-400x374.png 400w, https:\/\/richarms.com\/wp-content\/uploads\/2020\/03\/application-500x467.png 500w, https:\/\/richarms.com\/wp-content\/uploads\/2020\/03\/application.png 598w\" data-sizes=\"auto\" data-orig-sizes=\"(max-width: 474px) 100vw, 474px\" \/><\/p>\n<p>&nbsp;<\/p>\n<h3><a href=\"https:\/\/richarms.com\/fr\/logo-hardware\/\">Personnalisation de l'encliquetage magn\u00e9tique<\/a><\/h3>\n<p data-start=\"3613\" data-end=\"3906\">Au <strong data-start=\"3616\" data-end=\"3628\">Riches armes<\/strong>Nous offrons <strong data-start=\"3639\" data-end=\"3663\">des solutions personnalis\u00e9es<\/strong> pour r\u00e9pondre \u00e0 vos besoins sp\u00e9cifiques, qu'il s'agisse de <strong data-start=\"3710\" data-end=\"3725\">taille de l'aimant<\/strong>, <strong data-start=\"3727\" data-end=\"3747\">choix des mat\u00e9riaux<\/strong>ou <strong data-start=\"3752\" data-end=\"3772\">variations de couleur<\/strong>. Notre <strong data-start=\"3778\" data-end=\"3807\">extra-thin magnetic snaps<\/strong> sont soigneusement con\u00e7ues pour offrir <strong data-start=\"3839\" data-end=\"3858\">\u00e0 la fois la durabilit\u00e9<\/strong> et <strong data-start=\"3863\" data-end=\"3872\">style<\/strong> pour une large gamme d'applications.<\/p>","protected":false},"excerpt":{"rendered":"<p>Type:\u00a0Extra Thin Full Cover Magnetic Snaps<br \/>\nMat\u00e9riau : Laiton, fer, aimant<br \/>\nModel Number: RC-HC1420\/1820<br \/>\nLogo personnalis\u00e9 disponible : Laser, Gravure, Outillage<br \/>\nTaille : 14 mm, 18 mm<br \/>\nCouleur : Or \/ Nickel \/ Gun \/ Rose Gold \/Brush Ant \/ Autre<br \/>\nEmballage : bo\u00eete et carton<br \/>\nExp\u00e9dition : LCL\/ DHL \/ FedEx \/ TNT \/ Autre<\/p>","protected":false},"featured_media":7315,"template":"","meta":[],"product_brand":[],"product_cat":[15],"product_tag":[],"class_list":{"0":"post-5679","1":"product","2":"type-product","3":"status-publish","4":"has-post-thumbnail","6":"product_cat-magnetic-snaps","8":"first","9":"instock","10":"shipping-taxable","11":"product-type-simple"},"aioseo_notices":[],"_links":{"self":[{"href":"https:\/\/richarms.com\/fr\/wp-json\/wp\/v2\/product\/5679","targetHints":{"allow":["GET"]}}],"collection":[{"href":"https:\/\/richarms.com\/fr\/wp-json\/wp\/v2\/product"}],"about":[{"href":"https:\/\/richarms.com\/fr\/wp-json\/wp\/v2\/types\/product"}],"wp:featuredmedia":[{"embeddable":true,"href":"https:\/\/richarms.com\/fr\/wp-json\/wp\/v2\/media\/7315"}],"wp:attachment":[{"href":"https:\/\/richarms.com\/fr\/wp-json\/wp\/v2\/media?parent=5679"}],"wp:term":[{"taxonomy":"product_brand","embeddable":true,"href":"https:\/\/richarms.com\/fr\/wp-json\/wp\/v2\/product_brand?post=5679"},{"taxonomy":"product_cat","embeddable":true,"href":"https:\/\/richarms.com\/fr\/wp-json\/wp\/v2\/product_cat?post=5679"},{"taxonomy":"product_tag","embeddable":true,"href":"https:\/\/richarms.com\/fr\/wp-json\/wp\/v2\/product_tag?post=5679"}],"curies":[{"name":"wp","href":"https:\/\/api.w.org\/{rel}","templated":true}]}}