{"id":5680,"date":"2021-07-11T13:08:41","date_gmt":"2021-07-11T05:08:41","guid":{"rendered":"https:\/\/richarms.com\/?post_type=product&#038;p=5680"},"modified":"2025-02-14T16:23:16","modified_gmt":"2025-02-14T08:23:16","slug":"half-cover-magnetic-snaps","status":"publish","type":"product","link":"https:\/\/richarms.com\/fr\/product\/half-cover-magnetic-snaps","title":{"rendered":"Boutons-pression magn\u00e9tiques \u00e0 demi-l\u00e8vre"},"content":{"rendered":"<h1>14mm &amp; 18mm Round Half Lip Magnetic Snaps | Fasteners &amp; Closures<\/h1>\n<p>Les boutons-pression magn\u00e9tiques pour demi-couverture (l\u00e8vre partielle) sont con\u00e7us pour emp\u00eacher une ouverture involontaire lorsqu'ils sont tir\u00e9s dans une direction, offrant ainsi une s\u00e9curit\u00e9 accrue. Elles sont id\u00e9ales pour les rabats de divers articles tels que les sacs \u00e0 main, les sacs d'ordinateur, les porte-documents souples, les \u00e9tuis \u00e0 jumelles, les \u00e9tuis \u00e0 appareil photo, les sacs \u00e0 dos et les bagages.<\/p>\n<h2><strong>Boutons-pression magn\u00e9tiques en demi-couverture Code et taille :<\/strong><\/h2>\n<table style=\"border-collapse: collapse; width: 771px; height: 554px;\" border=\"0\" width=\"1137\" cellspacing=\"0\" cellpadding=\"0\">\n<tbody>\n<tr style=\"height: 31.20pt;\">\n<td class=\"et3\" style=\"height: 31.20pt; width: 98.55pt;\" width=\"164\" height=\"52\">Code<\/td>\n<td class=\"et3\" style=\"width: 54.80pt;\" width=\"91\">Taille<\/td>\n<td class=\"et3\" style=\"width: 78.60pt;\" width=\"131\">Snap femelle TH<\/td>\n<td class=\"et4\" style=\"width: 78.60pt;\" width=\"131\">Aimant<br \/>\nDIA<\/td>\n<td class=\"et3\" style=\"width: 54.80pt;\" width=\"91\">Pression L<\/td>\n<td class=\"et4\" style=\"width: 144.85pt;\" width=\"241\">Photo<\/td>\n<td class=\"et3\" style=\"width: 172.25pt;\" width=\"287\">Description<\/td>\n<\/tr>\n<tr style=\"height: 109.20pt;\">\n<td class=\"et3\" style=\"height: 109.20pt; width: 98.55pt;\" width=\"164\" height=\"182\">RC-HC1435<\/td>\n<td class=\"et3\" style=\"width: 54.80pt;\" width=\"91\">14 mm<\/td>\n<td class=\"et3\" style=\"width: 78.60pt;\" width=\"131\">3,5 mm<\/td>\n<td class=\"et4\" style=\"width: 78.60pt;\" width=\"131\">13<\/td>\n<td class=\"et3\" style=\"width: 54.80pt;\" width=\"91\">7,6 mm<\/td>\n<td class=\"et4\" style=\"width: 144.85pt;\" width=\"241\"><img decoding=\"async\" class=\"lazyload wp-image-7285\" src=\"https:\/\/richarms.com\/wp-content\/uploads\/2021\/07\/\u56fe\u724717-300x220.jpg\" data-orig-src=\"https:\/\/richarms.com\/wp-content\/uploads\/2021\/07\/\u56fe\u724717-300x220.jpg\" alt=\"Close-up of Half Cover Magnetic Snaps by Richarms, silver color, 14mm diameter, featuring a 3.8mm thick female part and male top with 1\/4 lip for secure closure.\" width=\"96\" height=\"70\" srcset=\"data:image\/svg+xml,%3Csvg%20xmlns%3D%27http%3A%2F%2Fwww.w3.org%2F2000%2Fsvg%27%20width%3D%2796%27%20height%3D%2770%27%20viewBox%3D%270%200%2096%2070%27%3E%3Crect%20width%3D%2796%27%20height%3D%2770%27%20fill-opacity%3D%220%22%2F%3E%3C%2Fsvg%3E\" data-srcset=\"https:\/\/richarms.com\/wp-content\/uploads\/2021\/07\/\u56fe\u724717-200x147.jpg 200w, https:\/\/richarms.com\/wp-content\/uploads\/2021\/07\/\u56fe\u724717-300x220.jpg 300w, https:\/\/richarms.com\/wp-content\/uploads\/2021\/07\/\u56fe\u724717-400x294.jpg 400w, https:\/\/richarms.com\/wp-content\/uploads\/2021\/07\/\u56fe\u724717.jpg 497w\" data-sizes=\"auto\" data-orig-sizes=\"(max-width: 96px) 100vw, 96px\" \/><\/td>\n<td class=\"et3\" style=\"width: 172.25pt;\" width=\"287\">Solution \u00e9conomique, id\u00e9ale pour les petits articles promotionnels tels que les carnets de notes, les porte-cartes, les petits sacs et les pochettes de t\u00e9l\u00e9phone portable. Cette taille offre une r\u00e9sistance \u00e0 la traction plus faible et est g\u00e9n\u00e9ralement utilis\u00e9e pour des applications l\u00e9g\u00e8res.<\/td>\n<\/tr>\n<tr style=\"height: 62.40pt;\">\n<td class=\"et3\" style=\"height: 62.40pt; width: 98.55pt;\" width=\"164\" height=\"104\">RC-HC1840<\/td>\n<td class=\"et3\" style=\"width: 54.80pt;\" width=\"91\">18mm<\/td>\n<td class=\"et3\" style=\"width: 78.60pt;\" width=\"131\">4mm<\/td>\n<td class=\"et4\" style=\"width: 78.60pt;\" width=\"131\">17<\/td>\n<td class=\"et3\" style=\"width: 54.80pt;\" width=\"91\">9 mm<\/td>\n<td class=\"et4\" style=\"width: 144.85pt;\" width=\"241\"><img decoding=\"async\" class=\"lazyload wp-image-7284\" title=\"Boutons-pression magn\u00e9tiques de 18 mm - Argent, \u00e9paisseur femelle de 4 mm, en gros de Richarms\" src=\"https:\/\/richarms.com\/wp-content\/uploads\/2021\/07\/\u56fe\u724714-300x220.jpg\" data-orig-src=\"https:\/\/richarms.com\/wp-content\/uploads\/2021\/07\/\u56fe\u724714-300x220.jpg\" alt=\"Close-up of 18mm Half Cover Magnetic Snaps by Richarms, silver color, featuring a 4mm thick female part and male top with 1\/4 lip, ideal for secure closures.\" width=\"114\" height=\"83\" srcset=\"data:image\/svg+xml,%3Csvg%20xmlns%3D%27http%3A%2F%2Fwww.w3.org%2F2000%2Fsvg%27%20width%3D%27114%27%20height%3D%2783%27%20viewBox%3D%270%200%20114%2083%27%3E%3Crect%20width%3D%27114%27%20height%3D%2783%27%20fill-opacity%3D%220%22%2F%3E%3C%2Fsvg%3E\" data-srcset=\"https:\/\/richarms.com\/wp-content\/uploads\/2021\/07\/\u56fe\u724714-200x147.jpg 200w, https:\/\/richarms.com\/wp-content\/uploads\/2021\/07\/\u56fe\u724714-300x220.jpg 300w, https:\/\/richarms.com\/wp-content\/uploads\/2021\/07\/\u56fe\u724714-400x294.jpg 400w, https:\/\/richarms.com\/wp-content\/uploads\/2021\/07\/\u56fe\u724714.jpg 497w\" data-sizes=\"auto\" data-orig-sizes=\"(max-width: 114px) 100vw, 114px\" \/><\/td>\n<td class=\"et3\" style=\"width: 172.25pt;\" width=\"287\">Solution de force moyenne la plus couramment utilis\u00e9e dans l'industrie. Cette taille convient aux fermetures standard telles que celles que l'on trouve dans les sacs \u00e0 main, les sacs \u00e0 dos et les bagages.<\/td>\n<\/tr>\n<tr style=\"height: 93.60pt;\">\n<td class=\"et3\" style=\"height: 93.60pt; width: 98.55pt;\" width=\"164\" height=\"156\">RC-HC1845<\/td>\n<td class=\"et3\" style=\"width: 54.80pt;\" width=\"91\">18mm<\/td>\n<td class=\"et3\" style=\"width: 78.60pt;\" width=\"131\">4,5 mm<\/td>\n<td class=\"et4\" style=\"width: 78.60pt;\" width=\"131\">17<\/td>\n<td class=\"et3\" style=\"width: 54.80pt;\" width=\"91\">9 mm<\/td>\n<td class=\"et4\" style=\"width: 144.85pt;\" width=\"241\"><img decoding=\"async\" class=\"lazyload wp-image-7283\" src=\"https:\/\/richarms.com\/wp-content\/uploads\/2021\/07\/\u56fe\u724711-300x213.jpg\" data-orig-src=\"https:\/\/richarms.com\/wp-content\/uploads\/2021\/07\/\u56fe\u724711-300x213.jpg\" alt=\"Close-up of 18mm Half Cover Magnetic Snaps by Richarms, silver color, with a 4.5mm thick female part and male top with 1\/4 lip, offering a strong magnetic closure.\" width=\"128\" height=\"91\" srcset=\"data:image\/svg+xml,%3Csvg%20xmlns%3D%27http%3A%2F%2Fwww.w3.org%2F2000%2Fsvg%27%20width%3D%27128%27%20height%3D%2791%27%20viewBox%3D%270%200%20128%2091%27%3E%3Crect%20width%3D%27128%27%20height%3D%2791%27%20fill-opacity%3D%220%22%2F%3E%3C%2Fsvg%3E\" data-srcset=\"https:\/\/richarms.com\/wp-content\/uploads\/2021\/07\/\u56fe\u724711-200x142.jpg 200w, https:\/\/richarms.com\/wp-content\/uploads\/2021\/07\/\u56fe\u724711-300x214.jpg 300w, https:\/\/richarms.com\/wp-content\/uploads\/2021\/07\/\u56fe\u724711-400x284.jpg 400w, https:\/\/richarms.com\/wp-content\/uploads\/2021\/07\/\u56fe\u724711-500x355.jpg 500w, https:\/\/richarms.com\/wp-content\/uploads\/2021\/07\/\u56fe\u724711.jpg 514w\" data-sizes=\"auto\" data-orig-sizes=\"(max-width: 128px) 100vw, 128px\" \/><\/td>\n<td class=\"et3\" style=\"width: 172.25pt;\" width=\"287\">Ce bouton magn\u00e9tique extra \u00e9pais est le mod\u00e8le le plus populaire de Richarms. Il offre une r\u00e9sistance standard et est utilis\u00e9 dans des applications moyennes telles que les porte-documents, les sacs \u00e0 dos et les sacs fourre-tout. Il s'agit d'une option peu co\u00fbteuse pour un usage quotidien.<\/td>\n<\/tr>\n<\/tbody>\n<\/table>\n<h2 style=\"text-align: left;\"><strong>Boutons-pression magn\u00e9tiques de la demi-couverture Mat\u00e9riau :<\/strong><\/h2>\n<p style=\"text-align: left;\">G\u00e9lule m\u00e2le : Fer<br \/>\nCapsule femelle :  Fer, laiton commun ou laiton \u00e9cologique disponibles<\/p>\n<div id=\"attachment_7161\" style=\"width: 521px\" class=\"wp-caption alignnone\"><img decoding=\"async\" aria-describedby=\"caption-attachment-7161\" class=\"lazyload wp-image-7161 size-full\" src=\"https:\/\/richarms.com\/wp-content\/uploads\/2020\/03\/materials-e1626143269166.png\" data-orig-src=\"https:\/\/richarms.com\/wp-content\/uploads\/2020\/03\/materials-e1626143269166.png\" alt=\"High-quality magnetic snaps material used by Richarms, showcasing smooth, reflective surfaces made from iron, stainless steel, or brass for female capsule, and iron for the male part.\" width=\"511\" height=\"228\" srcset=\"data:image\/svg+xml,%3Csvg%20xmlns%3D%27http%3A%2F%2Fwww.w3.org%2F2000%2Fsvg%27%20width%3D%27511%27%20height%3D%27228%27%20viewBox%3D%270%200%20511%20228%27%3E%3Crect%20width%3D%27511%27%20height%3D%27228%27%20fill-opacity%3D%220%22%2F%3E%3C%2Fsvg%3E\" data-srcset=\"https:\/\/richarms.com\/wp-content\/uploads\/2020\/03\/materials-e1626143269166-200x89.png 200w, https:\/\/richarms.com\/wp-content\/uploads\/2020\/03\/materials-e1626143269166-300x134.png 300w, https:\/\/richarms.com\/wp-content\/uploads\/2020\/03\/materials-e1626143269166-400x178.png 400w, https:\/\/richarms.com\/wp-content\/uploads\/2020\/03\/materials-e1626143269166-500x223.png 500w, https:\/\/richarms.com\/wp-content\/uploads\/2020\/03\/materials-e1626143269166.png 511w\" data-sizes=\"auto\" data-orig-sizes=\"(max-width: 511px) 100vw, 511px\" \/><p id=\"caption-attachment-7161\" class=\"wp-caption-text\">La s\u00e9lection rigoureuse des mat\u00e9riaux de Richarms garantit des surfaces lisses et r\u00e9fl\u00e9chissantes pour les boutons-pression magn\u00e9tiques. Les capsules femelles sont fabriqu\u00e9es en fer, en acier inoxydable ou en laiton, et les parties m\u00e2les en fer.<\/p><\/div>\n<p>Aimant int\u00e9rieur :<strong><b><br \/>\n<\/b><\/strong>Puissance standard de l'aimant : Aimant permanent en ferrite<br \/>\nPuissance magn\u00e9tique \u00e9lev\u00e9e : Aimant permanent en ferrite et en n\u00e9odyme<\/p>\n<p><img decoding=\"async\" class=\"lazyload wp-image-7164\" src=\"https:\/\/richarms.com\/wp-content\/uploads\/2020\/03\/\u78c1\u529b\u5bf9\u6bd4\u56fe-1024x813.png\" data-orig-src=\"https:\/\/richarms.com\/wp-content\/uploads\/2020\/03\/\u78c1\u529b\u5bf9\u6bd4\u56fe-1024x813.png\" alt=\"Components of the female part of magnetic snaps: brass, iron, or stainless steel capsule, inner magnet, and iron base, all assembled for strong and secure closure.\" width=\"507\" height=\"402\" srcset=\"data:image\/svg+xml,%3Csvg%20xmlns%3D%27http%3A%2F%2Fwww.w3.org%2F2000%2Fsvg%27%20width%3D%27507%27%20height%3D%27402%27%20viewBox%3D%270%200%20507%20402%27%3E%3Crect%20width%3D%27507%27%20height%3D%27402%27%20fill-opacity%3D%220%22%2F%3E%3C%2Fsvg%3E\" data-srcset=\"https:\/\/richarms.com\/wp-content\/uploads\/2020\/03\/\u78c1\u529b\u5bf9\u6bd4\u56fe-200x159.png 200w, https:\/\/richarms.com\/wp-content\/uploads\/2020\/03\/\u78c1\u529b\u5bf9\u6bd4\u56fe-300x238.png 300w, https:\/\/richarms.com\/wp-content\/uploads\/2020\/03\/\u78c1\u529b\u5bf9\u6bd4\u56fe-400x317.png 400w, https:\/\/richarms.com\/wp-content\/uploads\/2020\/03\/\u78c1\u529b\u5bf9\u6bd4\u56fe-500x397.png 500w, https:\/\/richarms.com\/wp-content\/uploads\/2020\/03\/\u78c1\u529b\u5bf9\u6bd4\u56fe-600x476.png 600w, https:\/\/richarms.com\/wp-content\/uploads\/2020\/03\/\u78c1\u529b\u5bf9\u6bd4\u56fe-700x555.png 700w, https:\/\/richarms.com\/wp-content\/uploads\/2020\/03\/\u78c1\u529b\u5bf9\u6bd4\u56fe-768x609.png 768w, https:\/\/richarms.com\/wp-content\/uploads\/2020\/03\/\u78c1\u529b\u5bf9\u6bd4\u56fe-800x635.png 800w, https:\/\/richarms.com\/wp-content\/uploads\/2020\/03\/\u78c1\u529b\u5bf9\u6bd4\u56fe-1024x813.png 1024w, https:\/\/richarms.com\/wp-content\/uploads\/2020\/03\/\u78c1\u529b\u5bf9\u6bd4\u56fe-1200x952.png 1200w, https:\/\/richarms.com\/wp-content\/uploads\/2020\/03\/\u78c1\u529b\u5bf9\u6bd4\u56fe-1536x1219.png 1536w, https:\/\/richarms.com\/wp-content\/uploads\/2020\/03\/\u78c1\u529b\u5bf9\u6bd4\u56fe.png 1661w\" data-sizes=\"auto\" data-orig-sizes=\"(max-width: 507px) 100vw, 507px\" \/><\/p>\n<div id=\"attachment_7169\" style=\"width: 350px\" class=\"wp-caption alignnone\"><img decoding=\"async\" aria-describedby=\"caption-attachment-7169\" class=\"lazyload wp-image-7169\" src=\"https:\/\/richarms.com\/wp-content\/uploads\/2020\/03\/\u5fae\u4fe1\u622a\u56fe_20210712180015.png\" data-orig-src=\"https:\/\/richarms.com\/wp-content\/uploads\/2020\/03\/\u5fae\u4fe1\u622a\u56fe_20210712180015.png\" alt=\"Different materials for inner magnets in magnetic snaps, showcasing how size and material affect the pull force, with examples of 18x4.5mm and 14x3.5mm magnets.\" width=\"340\" height=\"553\" srcset=\"data:image\/svg+xml,%3Csvg%20xmlns%3D%27http%3A%2F%2Fwww.w3.org%2F2000%2Fsvg%27%20width%3D%27340%27%20height%3D%27553%27%20viewBox%3D%270%200%20340%20553%27%3E%3Crect%20width%3D%27340%27%20height%3D%27553%27%20fill-opacity%3D%220%22%2F%3E%3C%2Fsvg%3E\" data-srcset=\"https:\/\/richarms.com\/wp-content\/uploads\/2020\/03\/\u5fae\u4fe1\u622a\u56fe_20210712180015-185x300.png 185w, https:\/\/richarms.com\/wp-content\/uploads\/2020\/03\/\u5fae\u4fe1\u622a\u56fe_20210712180015-200x325.png 200w, https:\/\/richarms.com\/wp-content\/uploads\/2020\/03\/\u5fae\u4fe1\u622a\u56fe_20210712180015-400x650.png 400w, https:\/\/richarms.com\/wp-content\/uploads\/2020\/03\/\u5fae\u4fe1\u622a\u56fe_20210712180015.png 488w\" data-sizes=\"auto\" data-orig-sizes=\"(max-width: 340px) 100vw, 340px\" \/><p id=\"caption-attachment-7169\" class=\"wp-caption-text\">Comparaison des aimants internes des boutons-pression magn\u00e9tiques, les aimants de 18\u00d74,5 mm offrant une force de traction de 1,5 kg \u00e0 3 kg, et les aimants de 14\u00d73,5 mm offrant une force de traction de 0,5 kg \u00e0 1,5 kg.<\/p><\/div>\n<h2 style=\"text-align: left;\"><strong>Boutons-pression magn\u00e9tiques de la demi-couverture <\/strong><strong><b>F<\/b><\/strong><strong><b>inish<\/b><\/strong><strong><b>\uff1a<\/b><\/strong><\/h2>\n<h3 style=\"text-align: left;\">Finition de l'outillage<\/h3>\n<ul>\n<li style=\"text-align: left;\">Snap femelle : uni, motif, logo<\/li>\n<\/ul>\n<p><img decoding=\"async\" class=\"lazyload wp-image-7166\" title=\"Boutons-pression femelles personnalisables : Finitions unies, \u00e0 motifs et \u00e0 logos disponibles&quot;\" src=\"data:image\/svg+xml,%3Csvg%20xmlns%3D%27http%3A%2F%2Fwww.w3.org%2F2000%2Fsvg%27%20width%3D%27288%27%20height%3D%27135%27%20viewBox%3D%270%200%20288%20135%27%3E%3Crect%20width%3D%27288%27%20height%3D%27135%27%20fill-opacity%3D%220%22%2F%3E%3C%2Fsvg%3E\" data-orig-src=\"https:\/\/richarms.com\/wp-content\/uploads\/2020\/03\/\u56fe\u72473.jpg\" alt=\"Different finishes for Female Snaps: Plain, Pattern, and Logo finishes, with three available options for customizing magnetic snaps.\" width=\"288\" height=\"135\" \/><\/p>\n<ul>\n<li>Coup de poing masculin : uni, texte, logo<\/li>\n<\/ul>\n<p><img decoding=\"async\" class=\"lazyload alignnone wp-image-7180\" src=\"https:\/\/richarms.com\/wp-content\/uploads\/2020\/03\/\u56fe\u72474.jpg\" data-orig-src=\"https:\/\/richarms.com\/wp-content\/uploads\/2020\/03\/\u56fe\u72474.jpg\" alt=\"Different finishes for Male Snaps: Plain, Wording, and Logo options, providing versatile customization for magnetic snaps.\" width=\"297\" height=\"119\" srcset=\"data:image\/svg+xml,%3Csvg%20xmlns%3D%27http%3A%2F%2Fwww.w3.org%2F2000%2Fsvg%27%20width%3D%27297%27%20height%3D%27119%27%20viewBox%3D%270%200%20297%20119%27%3E%3Crect%20width%3D%27297%27%20height%3D%27119%27%20fill-opacity%3D%220%22%2F%3E%3C%2Fsvg%3E\" data-srcset=\"https:\/\/richarms.com\/wp-content\/uploads\/2020\/03\/\u56fe\u72474-200x80.jpg 200w, https:\/\/richarms.com\/wp-content\/uploads\/2020\/03\/\u56fe\u72474-300x120.jpg 300w, https:\/\/richarms.com\/wp-content\/uploads\/2020\/03\/\u56fe\u72474-400x160.jpg 400w, https:\/\/richarms.com\/wp-content\/uploads\/2020\/03\/\u56fe\u72474-500x200.jpg 500w, https:\/\/richarms.com\/wp-content\/uploads\/2020\/03\/\u56fe\u72474-600x241.jpg 600w, https:\/\/richarms.com\/wp-content\/uploads\/2020\/03\/\u56fe\u72474.jpg 651w\" data-sizes=\"auto\" data-orig-sizes=\"(max-width: 297px) 100vw, 297px\" \/><\/p>\n<p><strong><b>R\u00e9gulier Couleur r\u00e9pertori\u00e9e<\/b><\/strong><\/p>\n<div id=\"attachment_5392\" style=\"width: 661px\" class=\"wp-caption alignnone\"><img decoding=\"async\" aria-describedby=\"caption-attachment-5392\" class=\"lazyload wp-image-5392 size-full\" src=\"https:\/\/richarms.com\/wp-content\/uploads\/2018\/07\/RICHARMS-COLOT-DIS.jpg\" data-orig-src=\"https:\/\/richarms.com\/wp-content\/uploads\/2018\/07\/RICHARMS-COLOT-DIS.jpg\" alt=\"Standard color palette for RICHARMS magnetic snaps, with customizable colors available beyond the listed options.\" width=\"651\" height=\"457\" srcset=\"data:image\/svg+xml,%3Csvg%20xmlns%3D%27http%3A%2F%2Fwww.w3.org%2F2000%2Fsvg%27%20width%3D%27651%27%20height%3D%27457%27%20viewBox%3D%270%200%20651%20457%27%3E%3Crect%20width%3D%27651%27%20height%3D%27457%27%20fill-opacity%3D%220%22%2F%3E%3C%2Fsvg%3E\" data-srcset=\"https:\/\/richarms.com\/wp-content\/uploads\/2018\/07\/RICHARMS-COLOT-DIS-200x140.jpg 200w, https:\/\/richarms.com\/wp-content\/uploads\/2018\/07\/RICHARMS-COLOT-DIS-300x211.jpg 300w, https:\/\/richarms.com\/wp-content\/uploads\/2018\/07\/RICHARMS-COLOT-DIS-400x281.jpg 400w, https:\/\/richarms.com\/wp-content\/uploads\/2018\/07\/RICHARMS-COLOT-DIS-500x351.jpg 500w, https:\/\/richarms.com\/wp-content\/uploads\/2018\/07\/RICHARMS-COLOT-DIS-600x421.jpg 600w, https:\/\/richarms.com\/wp-content\/uploads\/2018\/07\/RICHARMS-COLOT-DIS.jpg 651w\" data-sizes=\"auto\" data-orig-sizes=\"(max-width: 651px) 100vw, 651px\" \/><p id=\"caption-attachment-5392\" class=\"wp-caption-text\">D\u00e9couvrez la palette de couleurs standard des boutons-pression magn\u00e9tiques RICHARMS. D'autres couleurs personnalis\u00e9es sont disponibles sur demande pour r\u00e9pondre \u00e0 vos besoins en mati\u00e8re de design.<\/p><\/div>\n<h4><strong><b>Diff\u00e9rence entre suspendre et rouler<\/b><\/strong><\/h4>\n<p><img decoding=\"async\" class=\"lazyload wp-image-7165 size-medium\" src=\"https:\/\/richarms.com\/wp-content\/uploads\/2020\/03\/\u56fe\u72471-213x300.jpg\" data-orig-src=\"https:\/\/richarms.com\/wp-content\/uploads\/2020\/03\/\u56fe\u72471-213x300.jpg\" alt=\"Comparison of hanging electroplating and rolling electroplating colors for RICHARMS magnetic snaps, with additional customizable colors available.\" width=\"213\" height=\"300\" srcset=\"data:image\/svg+xml,%3Csvg%20xmlns%3D%27http%3A%2F%2Fwww.w3.org%2F2000%2Fsvg%27%20width%3D%27213%27%20height%3D%27300%27%20viewBox%3D%270%200%20213%20300%27%3E%3Crect%20width%3D%27213%27%20height%3D%27300%27%20fill-opacity%3D%220%22%2F%3E%3C%2Fsvg%3E\" data-srcset=\"https:\/\/richarms.com\/wp-content\/uploads\/2020\/03\/\u56fe\u72471-200x281.jpg 200w, https:\/\/richarms.com\/wp-content\/uploads\/2020\/03\/\u56fe\u72471-213x300.jpg 213w, https:\/\/richarms.com\/wp-content\/uploads\/2020\/03\/\u56fe\u72471.jpg 349w\" data-sizes=\"auto\" data-orig-sizes=\"(max-width: 213px) 100vw, 213px\" \/><\/p>\n<h2><strong>Emballage<\/strong><strong>\uff1a<br \/>\n<\/strong><\/h2>\n<p>Tous ces produits peuvent \u00eatre fournis avec des pieds, des tiges ou des rivets.<br \/>\n1 jeu = 1 m\u00e2le, 1 femelle, 2 rondelles<br \/>\n14mm : 200 jeux\/bo\u00eete, 20 bo\u00eetes\/carton<br \/>\n18mm : 100 jeux\/bo\u00eete, 20 bo\u00eetes\/carton<\/p>\n<div id=\"attachment_5484\" style=\"width: 300px\" class=\"wp-caption alignnone\"><img decoding=\"async\" aria-describedby=\"caption-attachment-5484\" class=\"lazyload wp-image-5484 size-full\" src=\"https:\/\/richarms.com\/wp-content\/uploads\/2018\/07\/Cover-magnetic-snaps.jpg\" data-orig-src=\"https:\/\/richarms.com\/wp-content\/uploads\/2018\/07\/Cover-magnetic-snaps.jpg\" alt=\"RICHARMS full lip magnetic snaps, showcasing their durable design with a secure and stylish closure for bags and accessories.\" width=\"290\" height=\"270\" srcset=\"data:image\/svg+xml,%3Csvg%20xmlns%3D%27http%3A%2F%2Fwww.w3.org%2F2000%2Fsvg%27%20width%3D%27290%27%20height%3D%27270%27%20viewBox%3D%270%200%20290%20270%27%3E%3Crect%20width%3D%27290%27%20height%3D%27270%27%20fill-opacity%3D%220%22%2F%3E%3C%2Fsvg%3E\" data-srcset=\"https:\/\/richarms.com\/wp-content\/uploads\/2018\/07\/Cover-magnetic-snaps-200x186.jpg 200w, https:\/\/richarms.com\/wp-content\/uploads\/2018\/07\/Cover-magnetic-snaps.jpg 290w\" data-sizes=\"auto\" data-orig-sizes=\"(max-width: 290px) 100vw, 290px\" \/><p id=\"caption-attachment-5484\" class=\"wp-caption-text\">Boutons-pression magn\u00e9tiques \u00e0 l\u00e8vre pleine de haute qualit\u00e9 de RICHARMS, con\u00e7us pour des fermetures s\u00fbres avec une finition \u00e9l\u00e9gante, parfaits pour les sacs et les accessoires.<\/p><\/div>\n<h2><strong><b>Application<\/b><\/strong><\/h2>\n<p><img decoding=\"async\" class=\"lazyload wp-image-7160\" src=\"https:\/\/richarms.com\/wp-content\/uploads\/2020\/03\/application.png\" data-orig-src=\"https:\/\/richarms.com\/wp-content\/uploads\/2020\/03\/application.png\" alt=\"RICHARMS magnetic snaps used in various applications, including stationery, bags, and gift packaging, with other applications such as medical devices available upon request.\" width=\"367\" height=\"343\" srcset=\"data:image\/svg+xml,%3Csvg%20xmlns%3D%27http%3A%2F%2Fwww.w3.org%2F2000%2Fsvg%27%20width%3D%27367%27%20height%3D%27343%27%20viewBox%3D%270%200%20367%20343%27%3E%3Crect%20width%3D%27367%27%20height%3D%27343%27%20fill-opacity%3D%220%22%2F%3E%3C%2Fsvg%3E\" data-srcset=\"https:\/\/richarms.com\/wp-content\/uploads\/2020\/03\/application-200x187.png 200w, https:\/\/richarms.com\/wp-content\/uploads\/2020\/03\/application-300x280.png 300w, https:\/\/richarms.com\/wp-content\/uploads\/2020\/03\/application-400x374.png 400w, https:\/\/richarms.com\/wp-content\/uploads\/2020\/03\/application-500x467.png 500w, https:\/\/richarms.com\/wp-content\/uploads\/2020\/03\/application.png 598w\" data-sizes=\"auto\" data-orig-sizes=\"(max-width: 367px) 100vw, 367px\" \/><\/p>\n<p>Ces boutons-pression magn\u00e9tiques sont parfaits pour la papeterie, les sacs et les emballages cadeaux. Des options personnalisables sont disponibles pour les industries sp\u00e9cialis\u00e9es telles que les dispositifs m\u00e9dicaux.<\/p>\n<ul>\n<li>Les boutons-pression magn\u00e9tiques de Richarms sont con\u00e7us pour des fermetures de haute qualit\u00e9 avec des options personnalisables pour r\u00e9pondre \u00e0 vos besoins exacts, fournissant une solution fiable pour les accessoires de mode, les sacs et plus encore.<\/li>\n<\/ul>\n<p><strong><b>\u00a0<\/b><\/strong><\/p>\n<h2>Personnalisation de l'encliquetage magn\u00e9tique<\/h2>\n<p>Chez Richarms, nous proposons des solutions personnalis\u00e9es pour r\u00e9pondre \u00e0 vos besoins sp\u00e9cifiques, qu'il s'agisse de la taille de l'aimant, du choix des mat\u00e9riaux ou des variations de couleur. Nos boutons-pression magn\u00e9tiques sont soigneusement con\u00e7us pour offrir \u00e0 la fois durabilit\u00e9 et style pour une large gamme d'applications.<\/p>\n<p><strong>\u00a0<\/strong><\/p>\n<p>&nbsp;<\/p>","protected":false},"excerpt":{"rendered":"<p>Type : Couvercle complet rond \/ L\u00e8vre Fermetures magn\u00e9tiques, Attaches, Fermetures<br \/>\nMat\u00e9riau : Laiton, fer, aimant<br \/>\nNum\u00e9ro de mod\u00e8le : RC-HC1435\/1835\/1845<br \/>\nLogo personnalis\u00e9 disponible : Laser, Gravure, Outillage<br \/>\nTaille : 14 mm, 18 mm<br \/>\nCouleur : Or \/ Nickel \/ Gun \/ Rose Gold \/Brush Ant \/ Autre<br \/>\nEmballage : bo\u00eete et carton<br \/>\nExp\u00e9dition : LCL\/ DHL \/ FedEx \/ TNT \/ Autre<\/p>","protected":false},"featured_media":6447,"template":"","meta":[],"product_brand":[],"product_cat":[15],"product_tag":[],"class_list":{"0":"post-5680","1":"product","2":"type-product","3":"status-publish","4":"has-post-thumbnail","6":"product_cat-magnetic-snaps","8":"first","9":"instock","10":"shipping-taxable","11":"product-type-simple"},"aioseo_notices":[],"_links":{"self":[{"href":"https:\/\/richarms.com\/fr\/wp-json\/wp\/v2\/product\/5680","targetHints":{"allow":["GET"]}}],"collection":[{"href":"https:\/\/richarms.com\/fr\/wp-json\/wp\/v2\/product"}],"about":[{"href":"https:\/\/richarms.com\/fr\/wp-json\/wp\/v2\/types\/product"}],"wp:featuredmedia":[{"embeddable":true,"href":"https:\/\/richarms.com\/fr\/wp-json\/wp\/v2\/media\/6447"}],"wp:attachment":[{"href":"https:\/\/richarms.com\/fr\/wp-json\/wp\/v2\/media?parent=5680"}],"wp:term":[{"taxonomy":"product_brand","embeddable":true,"href":"https:\/\/richarms.com\/fr\/wp-json\/wp\/v2\/product_brand?post=5680"},{"taxonomy":"product_cat","embeddable":true,"href":"https:\/\/richarms.com\/fr\/wp-json\/wp\/v2\/product_cat?post=5680"},{"taxonomy":"product_tag","embeddable":true,"href":"https:\/\/richarms.com\/fr\/wp-json\/wp\/v2\/product_tag?post=5680"}],"curies":[{"name":"wp","href":"https:\/\/api.w.org\/{rel}","templated":true}]}}