{"id":5888,"date":"2021-07-09T10:44:19","date_gmt":"2021-07-09T02:44:19","guid":{"rendered":"https:\/\/richarms.com\/?post_type=product&#038;p=5888"},"modified":"2025-02-23T22:54:22","modified_gmt":"2025-02-23T14:54:22","slug":"magnetic-name-tag","status":"publish","type":"product","link":"https:\/\/richarms.com\/fr\/product\/magnetic-name-tag","title":{"rendered":"Badge magn\u00e9tique"},"content":{"rendered":"<h1 data-start=\"2553\" data-end=\"2579\"><strong data-start=\"2558\" data-end=\"2579\">Badge magn\u00e9tique<\/strong><\/h1>\n<p data-start=\"2581\" data-end=\"2793\">Notre <strong data-start=\"2585\" data-end=\"2606\">Badge magn\u00e9tique<\/strong> est con\u00e7u pour offrir une solution de badge s\u00e9curis\u00e9e et confortable. Il comprend <strong data-start=\"2684\" data-end=\"2705\">deux aimants ronds<\/strong> et un <strong data-start=\"2712\" data-end=\"2730\">feuille magn\u00e9tique<\/strong>Il offre une prise solide tout en maintenant votre badge en place.<\/p>\n<ul data-start=\"2795\" data-end=\"3009\">\n<li data-start=\"2795\" data-end=\"2857\"><strong data-start=\"2797\" data-end=\"2807\">Forme :<\/strong> Rectangulaire pour faciliter l'affichage de noms ou de logos.<\/li>\n<li data-start=\"2858\" data-end=\"2938\"><strong data-start=\"2860\" data-end=\"2882\">Force magn\u00e9tique :<\/strong> <strong data-start=\"2883\" data-end=\"2904\">Deux aimants ronds<\/strong> pour un maintien solide et fiable.<\/li>\n<li data-start=\"2939\" data-end=\"3009\"><strong data-start=\"2941\" data-end=\"2954\">Mat\u00e9riau :<\/strong> M\u00e9tal et aimants pour une durabilit\u00e9 et une fixation s\u00fbre.<\/li>\n<\/ul>\n<p data-start=\"3011\" data-end=\"3173\">Le pr\u00e9sent <strong data-start=\"3016\" data-end=\"3037\">badge magn\u00e9tique<\/strong> est id\u00e9al pour <strong data-start=\"3051\" data-end=\"3067\">utilisation professionnelle<\/strong>, <strong data-start=\"3069\" data-end=\"3079\">\u00e9v\u00e9nements<\/strong>ou m\u00eame <strong data-start=\"3089\" data-end=\"3110\">uniformes des employ\u00e9s<\/strong>Le syst\u00e8me d'attache de la ceinture est en acier inoxydable, ce qui lui conf\u00e8re un aspect professionnel facile \u00e0 porter et \u00e0 ajuster.<\/p>\n<p data-start=\"1529\" data-end=\"1649\">Pour plus d'options, consultez notre <a href=\"https:\/\/richarms.com\/fr\/categorie-produit\/magnetic-name-tag\/\" target=\"_new\" rel=\"noopener\" data-start=\"1561\" data-end=\"1648\">Collection de badges magn\u00e9tiques<\/a>.<\/p>\n<p data-start=\"1529\" data-end=\"1649\">Pour les commandes d'\u00e9chantillons, veuillez<a href=\"http:\/\/richarmshardware.com\/\"> acheter ici<\/a><\/p>\n<p data-start=\"1529\" data-end=\"1649\">Pour des applications innovantes, veuillez consulter notre <a href=\"https:\/\/www.pinterest.com\/richarmsaccessoriesgroups\/\">canal pinterest.<\/a><\/p>","protected":false},"excerpt":{"rendered":"<div class=\"post-content woocommerce-product-details__short-description\">\n<div class=\"sr-txt-title\">\n<p class=\"sr-txt-h2\">Type : Porte-nom magn\u00e9tique Badge<br \/>\nMat\u00e9riau : Aimant NdFeB, pi\u00e8ce m\u00e9tallique et ruban adh\u00e9sif 3M<br \/>\nNum\u00e9ro de mod\u00e8le : RC-MNT<br \/>\nLogo : peut \u00eatre costum\u00e9<br \/>\nLa taille et la forme peuvent \u00eatre personnalis\u00e9es<br \/>\nCouleur : acier brut (lisse ou bross\u00e9), et autres couleurs disponibles<br \/>\nEmballage : bo\u00eete et carton<br \/>\nExp\u00e9dition : LCL\/ DHL \/ FedEx \/ TNT \/ Autre<\/p>\n<\/div>\n<\/div>","protected":false},"featured_media":5902,"template":"","meta":[],"product_brand":[],"product_cat":[64],"product_tag":[],"class_list":{"0":"post-5888","1":"product","2":"type-product","3":"status-publish","4":"has-post-thumbnail","6":"product_cat-magnetic-name-tag","8":"first","9":"instock","10":"shipping-taxable","11":"product-type-simple"},"aioseo_notices":[],"_links":{"self":[{"href":"https:\/\/richarms.com\/fr\/wp-json\/wp\/v2\/product\/5888","targetHints":{"allow":["GET"]}}],"collection":[{"href":"https:\/\/richarms.com\/fr\/wp-json\/wp\/v2\/product"}],"about":[{"href":"https:\/\/richarms.com\/fr\/wp-json\/wp\/v2\/types\/product"}],"wp:featuredmedia":[{"embeddable":true,"href":"https:\/\/richarms.com\/fr\/wp-json\/wp\/v2\/media\/5902"}],"wp:attachment":[{"href":"https:\/\/richarms.com\/fr\/wp-json\/wp\/v2\/media?parent=5888"}],"wp:term":[{"taxonomy":"product_brand","embeddable":true,"href":"https:\/\/richarms.com\/fr\/wp-json\/wp\/v2\/product_brand?post=5888"},{"taxonomy":"product_cat","embeddable":true,"href":"https:\/\/richarms.com\/fr\/wp-json\/wp\/v2\/product_cat?post=5888"},{"taxonomy":"product_tag","embeddable":true,"href":"https:\/\/richarms.com\/fr\/wp-json\/wp\/v2\/product_tag?post=5888"}],"curies":[{"name":"wp","href":"https:\/\/api.w.org\/{rel}","templated":true}]}}